{"id":3805,"date":"2022-06-29T07:58:32","date_gmt":"2022-06-29T07:58:32","guid":{"rendered":"https:\/\/tuffigorapidex.com\/volaille-de-chair\/"},"modified":"2025-09-18T09:29:09","modified_gmt":"2025-09-18T09:29:09","slug":"broiler-poultry","status":"publish","type":"page","link":"https:\/\/tuffigorapidex.com\/en\/solutions-per-livestock-species\/poultry\/broiler-poultry\/","title":{"rendered":"Broiler poultry"},"content":{"rendered":"<p>[vc_row][vc_column width=&#8221;1\/6&#8243;][vc_column_text][\/vc_column_text][\/vc_column][vc_column width=&#8221;2\/3&#8243;][vc_column_text]<\/p><h2 style=\"text-align: center;\">\u00ab Managing the first hour, the first day, the first week,<br \/>one of the keys to success \u00a0\u00bb<\/h2><p>&nbsp;<\/p><p style=\"text-align: center;\">Broiler poultry requires constant fine-tuning in order to obtain the best possible performance both technically and economically, while at the same time respecting the speed at which chicks develop into adults.<br \/>Ensuring that poultry are in the best possible thermal comfort at all times requires good environmental management to provide them with the same temperature and air quality, whatever the conditions outside.<\/p><p>[\/vc_column_text][\/vc_column][vc_column width=&#8221;1\/6&#8243;][\/vc_column][\/vc_row][vc_row equal_height=&#8221;yes&#8221; content_placement=&#8221;top&#8221;][vc_column width=&#8221;1\/4&#8243;][\/vc_column][vc_column width=&#8221;1\/2&#8243;][\/vc_column][vc_column width=&#8221;1\/4&#8243;][\/vc_column][\/vc_row][vc_row equal_height=&#8221;yes&#8221; content_placement=&#8221;top&#8221;][vc_column width=&#8221;1\/3&#8243;]<div class=\"menu-gamme entry gestion\" onclick=\"window.location='https:\/\/tuffigorapidex.com\/en\/solutions-per-livestock-species\/poultry\/broiler-poultry\/livestock-management\/'\">\n<i class=\"icon icon-gestion\"><\/i>\n<h3 class=\"entry-title\">\n  Livestock management<\/h3>\n<div class=\"entry-description\">\n  <div class=\"page\" title=\"Page 10\">\n<div class=\"section\">\n<div class=\"layoutArea\">\n<div class=\"column\">\n<div class=\"page\" title=\"Page 11\">\n<div class=\"section\">\n<div class=\"layoutArea\">\n<div class=\"column\">\n<p style=\"text-align: center;\"><span>Building management and optimising farm performance<\/span><\/p>\n<\/div>\n<\/div>\n<\/div>\n<\/div>\n<\/div>\n<\/div>\n<\/div>\n<\/div>\n<\/div>\n<\/div>\n[\/vc_column][vc_column width=&#8221;1\/3&#8243;]<div class=\"menu-gamme entry ambiance\" onclick=\"window.location='https:\/\/tuffigorapidex.com\/en\/solutions-per-livestock-species\/poultry\/broiler-poultry\/welfare-atmosphere\/'\">\n<i class=\"icon icon-ambiance\"><\/i>\n<h3 class=\"entry-title\">\n  Welfare & atmosphere<\/h3>\n<div class=\"entry-description\">\n  <div class=\"page\" title=\"Page 13\">\n<div class=\"section\">\n<div class=\"layoutArea\">\n<div class=\"column\">\n<p style=\"text-align: center;\"><span>Improve building atmosphere and animal welfare throughout the production cycle<\/span><\/p>\n<\/div>\n<\/div>\n<\/div>\n<\/div>\n<\/div>\n<\/div>\n[\/vc_column][vc_column width=&#8221;1\/3&#8243;]<div class=\"menu-gamme entry ventillation\" onclick=\"window.location='https:\/\/tuffigorapidex.com\/en\/solutions-per-livestock-species\/poultry\/broiler-poultry\/ventilation\/'\">\n<i class=\"icon icon-ventillation\"><\/i>\n<h3 class=\"entry-title\">\n  Ventilation<\/h3>\n<div class=\"entry-description\">\n  <div class=\"page\" title=\"Page 10\">\n<div class=\"section\">\n<div class=\"layoutArea\">\n<div class=\"column\">\n<div class=\"page\" title=\"Page 11\">\n<div class=\"section\">\n<div class=\"layoutArea\">\n<div class=\"column\">\n<p style=\"text-align: center;\"><span>Controlling the environment in buildings to optimise animal growth and output in relation to their rearing method<\/span><\/p>\n<\/div>\n<\/div>\n<\/div>\n<\/div>\n<\/div>\n<\/div>\n<\/div>\n<\/div>\n<\/div>\n<\/div>\n[\/vc_column][\/vc_row][vc_row][vc_column width=&#8221;1\/3&#8243;]<div class=\"menu-gamme entry alimentation\" onclick=\"window.location='https:\/\/tuffigorapidex.com\/en\/solutions-per-livestock-species\/poultry\/broiler-poultry\/feedproducts\/'\">\n<i class=\"icon icon-alimentation\"><\/i>\n<h3 class=\"entry-title\">\n  Feed<\/h3>\n<div class=\"entry-description\">\n  <div class=\"page\" title=\"Page 13\">\n<div class=\"section\">\n<div class=\"layoutArea\">\n<div class=\"column\">\n<p style=\"text-align: center;\"><span data-sheets-root=\"1\">Managing animal feed and optimising production costs<\/span><\/p>\n<\/div>\n<\/div>\n<\/div>\n<\/div>\n<\/div>\n<\/div>\n[\/vc_column][vc_column width=&#8221;1\/3&#8243;]<div class=\"menu-gamme entry services\" onclick=\"window.location='https:\/\/tuffigorapidex.com\/en\/solutions-per-livestock-species\/poultry\/broiler-poultry\/on-line-services\/'\">\n<i class=\"icon icon-services\"><\/i>\n<h3 class=\"entry-title\">\n  On-line service<\/h3>\n<div class=\"entry-description\">\n  <div class=\"page\" title=\"Page 13\">\n<div class=\"section\">\n<div class=\"layoutArea\">\n<div class=\"column\">\n<p style=\"text-align: center;\"><span data-sheets-root=\"1\">Enriching the Tuffigo Rapidex product user experience with data-driven services<\/span><\/p>\n<\/div>\n<\/div>\n<\/div>\n<\/div>\n<\/div>\n<\/div>\n[\/vc_column][vc_column width=&#8221;1\/3&#8243;]<div class=\"menu-gamme entry autres\" onclick=\"window.location='https:\/\/tuffigorapidex.com\/en\/solutions-per-livestock-species\/poultry\/broiler-poultry\/other-services\/'\">\n<i class=\"icon icon-autres\"><\/i>\n<h3 class=\"entry-title\">\n  Other services<\/h3>\n<div class=\"entry-description\">\n  <div class=\"page\" title=\"Page 10\">\n<div class=\"section\">\n<div class=\"layoutArea\">\n<div class=\"column\">\n<div class=\"page\" title=\"Page 11\">\n<div class=\"section\">\n<div class=\"layoutArea\">\n<div class=\"column\">\n<p style=\"text-align: center;\">Services offering installation, commissioning, training in use and any other services ensuring the proper functioning of equipment.<\/p>\n<\/div>\n<\/div>\n<\/div>\n<\/div>\n<\/div>\n<\/div>\n<\/div>\n<\/div>\n<\/div>\n<\/div>\n[\/vc_column][\/vc_row][vc_row][vc_column][vc_single_image image=&#8221;2639&#8243; img_size=&#8221;large&#8221; alignment=&#8221;center&#8221;][\/vc_column][\/vc_row][vc_row][vc_column]<\/p><div class=\"gallery-footer  container\">\n<div class=\"swiper-container pageGallery\">\n<div class=\"swiper-wrapper grid\"><div class=\"swiper-slide grid-item \">\n\n\n  <div class=\"item\">\n\n\n    <div class=\"item-content\">\n      <div class=\"item-img\"\n           data-sub-html=\"\n<h3 class=\\'LGtitle\\'>TuffigoRapidex_Volaille_Chair_1<\/h3>\n<p class=\\'LGtext\\'><\/p>\"\n           data-thumb=\"https:\/\/tuffigorapidex.com\/app\/uploads\/2023\/05\/TuffigoRapidex_Volaille_Chair_1-320x320.jpg\"\n           data-src=\"https:\/\/tuffigorapidex.com\/app\/uploads\/2023\/05\/TuffigoRapidex_Volaille_Chair_1-640x480.jpg\"\n           data-responsive=\"\n          https:\/\/tuffigorapidex.com\/app\/uploads\/2023\/05\/TuffigoRapidex_Volaille_Chair_1-320x320.jpg 320,\n          https:\/\/tuffigorapidex.com\/app\/uploads\/2023\/05\/TuffigoRapidex_Volaille_Chair_1-480x480.jpg 480,\n          https:\/\/tuffigorapidex.com\/app\/uploads\/2023\/05\/TuffigoRapidex_Volaille_Chair_1-768x768.jpg 768,\n          https:\/\/tuffigorapidex.com\/app\/uploads\/2023\/05\/TuffigoRapidex_Volaille_Chair_1.jpg 960,'\n          https:\/\/tuffigorapidex.com\/app\/uploads\/2023\/05\/TuffigoRapidex_Volaille_Chair_1.jpg 1200w,'\n          https:\/\/tuffigorapidex.com\/app\/uploads\/2023\/05\/TuffigoRapidex_Volaille_Chair_1.jpg 1900w\"\n           data-srcset=\"\n          https:\/\/tuffigorapidex.com\/app\/uploads\/2023\/05\/TuffigoRapidex_Volaille_Chair_1-320x320.jpg 320w,\n          https:\/\/tuffigorapidex.com\/app\/uploads\/2023\/05\/TuffigoRapidex_Volaille_Chair_1-480x480.jpg 480w,\n          https:\/\/tuffigorapidex.com\/app\/uploads\/2023\/05\/TuffigoRapidex_Volaille_Chair_1-768x768.jpg 768w,\n          https:\/\/tuffigorapidex.com\/app\/uploads\/2023\/05\/TuffigoRapidex_Volaille_Chair_1.jpg 960w,\n          https:\/\/tuffigorapidex.com\/app\/uploads\/2023\/05\/TuffigoRapidex_Volaille_Chair_1.jpg 1200w,\n          https:\/\/tuffigorapidex.com\/app\/uploads\/2023\/05\/TuffigoRapidex_Volaille_Chair_1.jpg 1900w\"\n           data-sizes=\"auto\">\n        <div class=\"is_loading\" data-responsive-background-image><img width=\"1\" height=\"1\" class=\"img\" alt=\"\"   title=\"TuffigoRapidex_Volaille_Chair_1\" src=\"https:\/\/tuffigorapidex.com\/app\/uploads\/2023\/05\/TuffigoRapidex_Volaille_Chair_1-320x320.jpg\" srcset=\"https:\/\/tuffigorapidex.com\/app\/uploads\/2023\/05\/TuffigoRapidex_Volaille_Chair_1-320x320.jpg 480w,https:\/\/tuffigorapidex.com\/app\/uploads\/2023\/05\/TuffigoRapidex_Volaille_Chair_1-480x480.jpg 768w,https:\/\/tuffigorapidex.com\/app\/uploads\/2023\/05\/TuffigoRapidex_Volaille_Chair_1-768x768.jpg 924w,https:\/\/tuffigorapidex.com\/app\/uploads\/2023\/05\/TuffigoRapidex_Volaille_Chair_1.jpg 1920w\" size=\"100vw\"\/><\/div>\n      <\/div>\n      \n          <\/div>\n  <\/div>\n<\/div>\n\n\n<div class=\"swiper-slide grid-item \">\n\n\n  <div class=\"item\">\n\n\n    <div class=\"item-content\">\n      <div class=\"item-img\"\n           data-sub-html=\"\n<h3 class=\\'LGtitle\\'>TuffigoRapidex_Volaille_Chair_2<\/h3>\n<p class=\\'LGtext\\'><\/p>\"\n           data-thumb=\"https:\/\/tuffigorapidex.com\/app\/uploads\/2023\/05\/TuffigoRapidex_Volaille_Chair_2-320x320.jpg\"\n           data-src=\"https:\/\/tuffigorapidex.com\/app\/uploads\/2023\/05\/TuffigoRapidex_Volaille_Chair_2-640x480.jpg\"\n           data-responsive=\"\n          https:\/\/tuffigorapidex.com\/app\/uploads\/2023\/05\/TuffigoRapidex_Volaille_Chair_2-320x320.jpg 320,\n          https:\/\/tuffigorapidex.com\/app\/uploads\/2023\/05\/TuffigoRapidex_Volaille_Chair_2-480x480.jpg 480,\n          https:\/\/tuffigorapidex.com\/app\/uploads\/2023\/05\/TuffigoRapidex_Volaille_Chair_2-768x768.jpg 768,\n          https:\/\/tuffigorapidex.com\/app\/uploads\/2023\/05\/TuffigoRapidex_Volaille_Chair_2.jpg 960,'\n          https:\/\/tuffigorapidex.com\/app\/uploads\/2023\/05\/TuffigoRapidex_Volaille_Chair_2.jpg 1200w,'\n          https:\/\/tuffigorapidex.com\/app\/uploads\/2023\/05\/TuffigoRapidex_Volaille_Chair_2.jpg 1900w\"\n           data-srcset=\"\n          https:\/\/tuffigorapidex.com\/app\/uploads\/2023\/05\/TuffigoRapidex_Volaille_Chair_2-320x320.jpg 320w,\n          https:\/\/tuffigorapidex.com\/app\/uploads\/2023\/05\/TuffigoRapidex_Volaille_Chair_2-480x480.jpg 480w,\n          https:\/\/tuffigorapidex.com\/app\/uploads\/2023\/05\/TuffigoRapidex_Volaille_Chair_2-768x768.jpg 768w,\n          https:\/\/tuffigorapidex.com\/app\/uploads\/2023\/05\/TuffigoRapidex_Volaille_Chair_2.jpg 960w,\n          https:\/\/tuffigorapidex.com\/app\/uploads\/2023\/05\/TuffigoRapidex_Volaille_Chair_2.jpg 1200w,\n          https:\/\/tuffigorapidex.com\/app\/uploads\/2023\/05\/TuffigoRapidex_Volaille_Chair_2.jpg 1900w\"\n           data-sizes=\"auto\">\n        <div class=\"is_loading\" data-responsive-background-image><img width=\"1\" height=\"1\" class=\"img\" alt=\"\"   title=\"TuffigoRapidex_Volaille_Chair_2\" src=\"https:\/\/tuffigorapidex.com\/app\/uploads\/2023\/05\/TuffigoRapidex_Volaille_Chair_2-320x320.jpg\" srcset=\"https:\/\/tuffigorapidex.com\/app\/uploads\/2023\/05\/TuffigoRapidex_Volaille_Chair_2-320x320.jpg 480w,https:\/\/tuffigorapidex.com\/app\/uploads\/2023\/05\/TuffigoRapidex_Volaille_Chair_2-480x480.jpg 768w,https:\/\/tuffigorapidex.com\/app\/uploads\/2023\/05\/TuffigoRapidex_Volaille_Chair_2-768x768.jpg 924w,https:\/\/tuffigorapidex.com\/app\/uploads\/2023\/05\/TuffigoRapidex_Volaille_Chair_2.jpg 1920w\" size=\"100vw\"\/><\/div>\n      <\/div>\n      \n          <\/div>\n  <\/div>\n<\/div>\n\n\n<div class=\"swiper-slide grid-item \">\n\n\n  <div class=\"item\">\n\n\n    <div class=\"item-content\">\n      <div class=\"item-img\"\n           data-sub-html=\"\n<h3 class=\\'LGtitle\\'>TuffigoRapidex_Volaille_Chair_3<\/h3>\n<p class=\\'LGtext\\'><\/p>\"\n           data-thumb=\"https:\/\/tuffigorapidex.com\/app\/uploads\/2023\/05\/TuffigoRapidex_Volaille_Chair_3-320x320.jpg\"\n           data-src=\"https:\/\/tuffigorapidex.com\/app\/uploads\/2023\/05\/TuffigoRapidex_Volaille_Chair_3-640x480.jpg\"\n           data-responsive=\"\n          https:\/\/tuffigorapidex.com\/app\/uploads\/2023\/05\/TuffigoRapidex_Volaille_Chair_3-320x320.jpg 320,\n          https:\/\/tuffigorapidex.com\/app\/uploads\/2023\/05\/TuffigoRapidex_Volaille_Chair_3-480x480.jpg 480,\n          https:\/\/tuffigorapidex.com\/app\/uploads\/2023\/05\/TuffigoRapidex_Volaille_Chair_3-768x768.jpg 768,\n          https:\/\/tuffigorapidex.com\/app\/uploads\/2023\/05\/TuffigoRapidex_Volaille_Chair_3.jpg 960,'\n          https:\/\/tuffigorapidex.com\/app\/uploads\/2023\/05\/TuffigoRapidex_Volaille_Chair_3.jpg 1200w,'\n          https:\/\/tuffigorapidex.com\/app\/uploads\/2023\/05\/TuffigoRapidex_Volaille_Chair_3.jpg 1900w\"\n           data-srcset=\"\n          https:\/\/tuffigorapidex.com\/app\/uploads\/2023\/05\/TuffigoRapidex_Volaille_Chair_3-320x320.jpg 320w,\n          https:\/\/tuffigorapidex.com\/app\/uploads\/2023\/05\/TuffigoRapidex_Volaille_Chair_3-480x480.jpg 480w,\n          https:\/\/tuffigorapidex.com\/app\/uploads\/2023\/05\/TuffigoRapidex_Volaille_Chair_3-768x768.jpg 768w,\n          https:\/\/tuffigorapidex.com\/app\/uploads\/2023\/05\/TuffigoRapidex_Volaille_Chair_3.jpg 960w,\n          https:\/\/tuffigorapidex.com\/app\/uploads\/2023\/05\/TuffigoRapidex_Volaille_Chair_3.jpg 1200w,\n          https:\/\/tuffigorapidex.com\/app\/uploads\/2023\/05\/TuffigoRapidex_Volaille_Chair_3.jpg 1900w\"\n           data-sizes=\"auto\">\n        <div class=\"is_loading\" data-responsive-background-image><img width=\"1\" height=\"1\" class=\"img\" alt=\"\"   title=\"TuffigoRapidex_Volaille_Chair_3\" src=\"https:\/\/tuffigorapidex.com\/app\/uploads\/2023\/05\/TuffigoRapidex_Volaille_Chair_3-320x320.jpg\" srcset=\"https:\/\/tuffigorapidex.com\/app\/uploads\/2023\/05\/TuffigoRapidex_Volaille_Chair_3-320x320.jpg 480w,https:\/\/tuffigorapidex.com\/app\/uploads\/2023\/05\/TuffigoRapidex_Volaille_Chair_3-480x480.jpg 768w,https:\/\/tuffigorapidex.com\/app\/uploads\/2023\/05\/TuffigoRapidex_Volaille_Chair_3-768x768.jpg 924w,https:\/\/tuffigorapidex.com\/app\/uploads\/2023\/05\/TuffigoRapidex_Volaille_Chair_3.jpg 1920w\" size=\"100vw\"\/><\/div>\n      <\/div>\n      \n          <\/div>\n  <\/div>\n<\/div>\n\n\n\n<\/div>\n<\/div>\n<div class=\"swiper-button-prev\"><i class=\"icon-circle-carret-left\"><\/i><\/div>\n<div class=\"swiper-button-next\"><i class=\"icon-circle-carret-right\"><\/i><\/div><\/div><p>[\/vc_column][\/vc_row]<\/p>","protected":false},"excerpt":{"rendered":"<p>[vc_row][vc_column width=&#8221;1\/6&#8243;][vc_column_text][\/vc_column_text][\/vc_column][vc_column <span class=\"more\">...<\/span>","protected":false},"author":6,"featured_media":0,"parent":4261,"menu_order":37,"comment_status":"closed","ping_status":"closed","template":"views\/template-sous-univers.blade.php","meta":{"inline_featured_image":false},"acf":[],"yoast_head":"<!-- This site is optimized with the Yoast SEO plugin v21.3 - https:\/\/yoast.com\/wordpress\/plugins\/seo\/ -->\n<title>Broiler poultry | Tuffigo Rapidex<\/title>\n<meta name=\"robots\" content=\"index, follow, max-snippet:-1, max-image-preview:large, max-video-preview:-1\" \/>\n<link rel=\"canonical\" href=\"https:\/\/tuffigorapidex.com\/en\/solutions-per-livestock-species\/poultry\/broiler-poultry\/\" \/>\n<meta property=\"og:locale\" content=\"en_US\" \/>\n<meta property=\"og:type\" content=\"article\" \/>\n<meta property=\"og:title\" content=\"Broiler poultry | Tuffigo Rapidex\" \/>\n<meta property=\"og:description\" content=\"[vc_row][vc_column width=&#8221;1\/6&#8243;][vc_column_text][\/vc_column_text][\/vc_column][vc_column width=&#8221;2\/3&#8243;][vc_column_text]\u00ab Managing the first hour, the first day, the first week,one of the keys to success \u00a0\u00bb&nbsp;Broiler poultry\" \/>\n<meta property=\"og:url\" content=\"https:\/\/tuffigorapidex.com\/en\/solutions-per-livestock-species\/poultry\/broiler-poultry\/\" \/>\n<meta property=\"og:site_name\" content=\"Tuffigo Rapidex\" \/>\n<meta property=\"article:publisher\" content=\"https:\/\/www.facebook.com\/tuffigorapidexsas\/\" \/>\n<meta property=\"article:modified_time\" content=\"2025-09-18T09:29:09+00:00\" \/>\n<meta property=\"og:image\" content=\"https:\/\/tuffigorapidex.com\/app\/uploads\/2023\/05\/TuffigoRapidex_Volaille_Chair_1-640x480.jpg\" \/>\n<meta name=\"twitter:card\" content=\"summary_large_image\" \/>\n<meta name=\"twitter:label1\" content=\"Est. reading time\" \/>\n\t<meta name=\"twitter:data1\" content=\"1 minute\" \/>\n<script type=\"application\/ld+json\" class=\"yoast-schema-graph\">{\"@context\":\"https:\/\/schema.org\",\"@graph\":[{\"@type\":\"WebPage\",\"@id\":\"https:\/\/tuffigorapidex.com\/en\/solutions-per-livestock-species\/poultry\/broiler-poultry\/\",\"url\":\"https:\/\/tuffigorapidex.com\/en\/solutions-per-livestock-species\/poultry\/broiler-poultry\/\",\"name\":\"Broiler poultry | Tuffigo Rapidex\",\"isPartOf\":{\"@id\":\"https:\/\/tuffigorapidex.com\/en\/#website\"},\"datePublished\":\"2022-06-29T07:58:32+00:00\",\"dateModified\":\"2025-09-18T09:29:09+00:00\",\"breadcrumb\":{\"@id\":\"https:\/\/tuffigorapidex.com\/en\/solutions-per-livestock-species\/poultry\/broiler-poultry\/#breadcrumb\"},\"inLanguage\":\"en-US\",\"potentialAction\":[{\"@type\":\"ReadAction\",\"target\":[\"https:\/\/tuffigorapidex.com\/en\/solutions-per-livestock-species\/poultry\/broiler-poultry\/\"]}]},{\"@type\":\"BreadcrumbList\",\"@id\":\"https:\/\/tuffigorapidex.com\/en\/solutions-per-livestock-species\/poultry\/broiler-poultry\/#breadcrumb\",\"itemListElement\":[{\"@type\":\"ListItem\",\"position\":1,\"name\":\"Accueil\",\"item\":\"https:\/\/tuffigorapidex.com\/en\/\"},{\"@type\":\"ListItem\",\"position\":2,\"name\":\"Solutions per livestock species\",\"item\":\"https:\/\/tuffigorapidex.com\/en\/solutions-per-livestock-species\/\"},{\"@type\":\"ListItem\",\"position\":3,\"name\":\"Poultry\",\"item\":\"https:\/\/tuffigorapidex.com\/en\/solutions-per-livestock-species\/poultry\/\"},{\"@type\":\"ListItem\",\"position\":4,\"name\":\"Broiler poultry\"}]},{\"@type\":\"WebSite\",\"@id\":\"https:\/\/tuffigorapidex.com\/en\/#website\",\"url\":\"https:\/\/tuffigorapidex.com\/en\/\",\"name\":\"TUFFIGO RAPIDEX\",\"description\":\"Leader fran\u00e7ais des \u00e9quipements d&#039;\u00e9levage hors sol\",\"publisher\":{\"@id\":\"https:\/\/tuffigorapidex.com\/en\/#organization\"},\"potentialAction\":[{\"@type\":\"SearchAction\",\"target\":{\"@type\":\"EntryPoint\",\"urlTemplate\":\"https:\/\/tuffigorapidex.com\/en\/?s={search_term_string}\"},\"query-input\":\"required name=search_term_string\"}],\"inLanguage\":\"en-US\"},{\"@type\":\"Organization\",\"@id\":\"https:\/\/tuffigorapidex.com\/en\/#organization\",\"name\":\"Tuffigo Rapidex\",\"url\":\"https:\/\/tuffigorapidex.com\/en\/\",\"logo\":{\"@type\":\"ImageObject\",\"inLanguage\":\"en-US\",\"@id\":\"https:\/\/tuffigorapidex.com\/en\/#\/schema\/logo\/image\/\",\"url\":\"https:\/\/tuffigorapidex.com\/app\/uploads\/2023\/12\/TUFFIGO-logo.png\",\"contentUrl\":\"https:\/\/tuffigorapidex.com\/app\/uploads\/2023\/12\/TUFFIGO-logo.png\",\"width\":188,\"height\":184,\"caption\":\"Tuffigo Rapidex\"},\"image\":{\"@id\":\"https:\/\/tuffigorapidex.com\/en\/#\/schema\/logo\/image\/\"},\"sameAs\":[\"https:\/\/www.facebook.com\/tuffigorapidexsas\/\"]}]}<\/script>\n<!-- \/ Yoast SEO plugin. -->","yoast_head_json":{"title":"Broiler poultry | Tuffigo Rapidex","robots":{"index":"index","follow":"follow","max-snippet":"max-snippet:-1","max-image-preview":"max-image-preview:large","max-video-preview":"max-video-preview:-1"},"canonical":"https:\/\/tuffigorapidex.com\/en\/solutions-per-livestock-species\/poultry\/broiler-poultry\/","og_locale":"en_US","og_type":"article","og_title":"Broiler poultry | Tuffigo Rapidex","og_description":"[vc_row][vc_column width=&#8221;1\/6&#8243;][vc_column_text][\/vc_column_text][\/vc_column][vc_column width=&#8221;2\/3&#8243;][vc_column_text]\u00ab Managing the first hour, the first day, the first week,one of the keys to success \u00a0\u00bb&nbsp;Broiler poultry","og_url":"https:\/\/tuffigorapidex.com\/en\/solutions-per-livestock-species\/poultry\/broiler-poultry\/","og_site_name":"Tuffigo Rapidex","article_publisher":"https:\/\/www.facebook.com\/tuffigorapidexsas\/","article_modified_time":"2025-09-18T09:29:09+00:00","og_image":[{"url":"https:\/\/tuffigorapidex.com\/app\/uploads\/2023\/05\/TuffigoRapidex_Volaille_Chair_1-640x480.jpg"}],"twitter_card":"summary_large_image","twitter_misc":{"Est. reading time":"1 minute"},"schema":{"@context":"https:\/\/schema.org","@graph":[{"@type":"WebPage","@id":"https:\/\/tuffigorapidex.com\/en\/solutions-per-livestock-species\/poultry\/broiler-poultry\/","url":"https:\/\/tuffigorapidex.com\/en\/solutions-per-livestock-species\/poultry\/broiler-poultry\/","name":"Broiler poultry | Tuffigo Rapidex","isPartOf":{"@id":"https:\/\/tuffigorapidex.com\/en\/#website"},"datePublished":"2022-06-29T07:58:32+00:00","dateModified":"2025-09-18T09:29:09+00:00","breadcrumb":{"@id":"https:\/\/tuffigorapidex.com\/en\/solutions-per-livestock-species\/poultry\/broiler-poultry\/#breadcrumb"},"inLanguage":"en-US","potentialAction":[{"@type":"ReadAction","target":["https:\/\/tuffigorapidex.com\/en\/solutions-per-livestock-species\/poultry\/broiler-poultry\/"]}]},{"@type":"BreadcrumbList","@id":"https:\/\/tuffigorapidex.com\/en\/solutions-per-livestock-species\/poultry\/broiler-poultry\/#breadcrumb","itemListElement":[{"@type":"ListItem","position":1,"name":"Accueil","item":"https:\/\/tuffigorapidex.com\/en\/"},{"@type":"ListItem","position":2,"name":"Solutions per livestock species","item":"https:\/\/tuffigorapidex.com\/en\/solutions-per-livestock-species\/"},{"@type":"ListItem","position":3,"name":"Poultry","item":"https:\/\/tuffigorapidex.com\/en\/solutions-per-livestock-species\/poultry\/"},{"@type":"ListItem","position":4,"name":"Broiler poultry"}]},{"@type":"WebSite","@id":"https:\/\/tuffigorapidex.com\/en\/#website","url":"https:\/\/tuffigorapidex.com\/en\/","name":"TUFFIGO RAPIDEX","description":"Leader fran\u00e7ais des \u00e9quipements d&#039;\u00e9levage hors sol","publisher":{"@id":"https:\/\/tuffigorapidex.com\/en\/#organization"},"potentialAction":[{"@type":"SearchAction","target":{"@type":"EntryPoint","urlTemplate":"https:\/\/tuffigorapidex.com\/en\/?s={search_term_string}"},"query-input":"required name=search_term_string"}],"inLanguage":"en-US"},{"@type":"Organization","@id":"https:\/\/tuffigorapidex.com\/en\/#organization","name":"Tuffigo Rapidex","url":"https:\/\/tuffigorapidex.com\/en\/","logo":{"@type":"ImageObject","inLanguage":"en-US","@id":"https:\/\/tuffigorapidex.com\/en\/#\/schema\/logo\/image\/","url":"https:\/\/tuffigorapidex.com\/app\/uploads\/2023\/12\/TUFFIGO-logo.png","contentUrl":"https:\/\/tuffigorapidex.com\/app\/uploads\/2023\/12\/TUFFIGO-logo.png","width":188,"height":184,"caption":"Tuffigo Rapidex"},"image":{"@id":"https:\/\/tuffigorapidex.com\/en\/#\/schema\/logo\/image\/"},"sameAs":["https:\/\/www.facebook.com\/tuffigorapidexsas\/"]}]}},"_links":{"self":[{"href":"https:\/\/tuffigorapidex.com\/en\/wp-json\/wp\/v2\/pages\/3805"}],"collection":[{"href":"https:\/\/tuffigorapidex.com\/en\/wp-json\/wp\/v2\/pages"}],"about":[{"href":"https:\/\/tuffigorapidex.com\/en\/wp-json\/wp\/v2\/types\/page"}],"author":[{"embeddable":true,"href":"https:\/\/tuffigorapidex.com\/en\/wp-json\/wp\/v2\/users\/6"}],"replies":[{"embeddable":true,"href":"https:\/\/tuffigorapidex.com\/en\/wp-json\/wp\/v2\/comments?post=3805"}],"version-history":[{"count":7,"href":"https:\/\/tuffigorapidex.com\/en\/wp-json\/wp\/v2\/pages\/3805\/revisions"}],"predecessor-version":[{"id":7509,"href":"https:\/\/tuffigorapidex.com\/en\/wp-json\/wp\/v2\/pages\/3805\/revisions\/7509"}],"up":[{"embeddable":true,"href":"https:\/\/tuffigorapidex.com\/en\/wp-json\/wp\/v2\/pages\/4261"}],"wp:attachment":[{"href":"https:\/\/tuffigorapidex.com\/en\/wp-json\/wp\/v2\/media?parent=3805"}],"curies":[{"name":"wp","href":"https:\/\/api.w.org\/{rel}","templated":true}]}}