{"id":4226,"date":"2023-05-23T15:05:08","date_gmt":"2023-05-23T15:05:08","guid":{"rendered":"https:\/\/tuffigorapidex.com\/notre-savoir-faire\/"},"modified":"2025-09-09T09:47:58","modified_gmt":"2025-09-09T09:47:58","slug":"our-know-how","status":"publish","type":"page","link":"https:\/\/tuffigorapidex.com\/en\/our-know-how\/","title":{"rendered":"Our\u00a0know-how"},"content":{"rendered":"<p>[vc_row][vc_column width=&#8221;1\/2&#8243;][vc_custom_heading text=&#8221;##Development## centre&#8221;][vc_column_text]<\/p><p>The Innovation Centre envisions the livestock farming of the future, in conjunction with livestock farmers. Attentive to market needs, our team of engineers and technicians is constantly on the lookout for innovative solutions to meet new requirements: animal welfare, competitiveness, respect for the environment, traceability, mobility, etc.<\/p><p>Our innovations are field-tested with our partner breeders.<\/p><p>[\/vc_column_text][vc_btn title=&#8221;Learn more&#8221; shape=&#8221;round&#8221; link=&#8221;url:https%3A%2F%2Ftuffigorapidex.com%2Ffr%2Fcentre-de-developpement%2F|title:Centre%20de%20d%C3%A9veloppement&#8221;][\/vc_column][vc_column width=&#8221;1\/2&#8243;][vc_single_image image=&#8221;2997&#8243; img_size=&#8221;400&#215;300&#8243;][\/vc_column][\/vc_row][vc_row][vc_column width=&#8221;1\/2&#8243;][vc_single_image image=&#8221;2977&#8243; img_size=&#8221;400&#215;300&#8243;][\/vc_column][vc_column width=&#8221;1\/2&#8243;][vc_custom_heading text=&#8221;##Production## site&#8221;][vc_column_text]<\/p><p>Once we receive your order, our production and logistics teams respond quickly and efficiently, without compromising quality. They are all committed to the continuous improvement of our products and processes.<\/p><p>[\/vc_column_text][vc_btn title=&#8221;Learn more&#8221; shape=&#8221;round&#8221; link=&#8221;url:https%3A%2F%2Ftuffigorapidex.com%2Ffr%2Fsite-de-production%2F|title:Site%20de%20production&#8221;][\/vc_column][\/vc_row][vc_row][vc_column width=&#8221;1\/2&#8243;][vc_custom_heading text=&#8221;##Service## centre&#8221;][vc_column_text]<\/p><p>Our teams provide support (by telephone, locally and internationally), as well as consulting and product training for our installer network.<\/p><p>We also offer a wide range of services, including building commissioning, technical assistance, site supervision and product repair, both in France and abroad.<\/p><p>[\/vc_column_text][vc_btn title=&#8221;Learn more&#8221; shape=&#8221;round&#8221; link=&#8221;url:https%3A%2F%2Ftuffigorapidex.com%2Ffr%2Fcentre-de-services%2F|title:Centre%20de%20services&#8221;][\/vc_column][vc_column width=&#8221;1\/2&#8243;][vc_single_image image=&#8221;3068&#8243; img_size=&#8221;400&#215;300&#8243;][\/vc_column][\/vc_row]<\/p>","protected":false},"excerpt":{"rendered":"<p>[vc_row][vc_column width=&#8221;1\/2&#8243;][vc_custom_heading text=&#8221;##Development## centre&#8221;][vc_column_text]The <span class=\"more\">...<\/span>","protected":false},"author":6,"featured_media":0,"parent":0,"menu_order":120,"comment_status":"closed","ping_status":"closed","template":"","meta":{"inline_featured_image":false},"acf":[],"yoast_head":"<!-- This site is optimized with the Yoast SEO plugin v21.3 - https:\/\/yoast.com\/wordpress\/plugins\/seo\/ -->\n<title>Our\u00a0know-how | Tuffigo Rapidex<\/title>\n<meta name=\"robots\" content=\"index, follow, max-snippet:-1, max-image-preview:large, max-video-preview:-1\" \/>\n<link rel=\"canonical\" href=\"https:\/\/tuffigorapidex.com\/en\/our-know-how\/\" \/>\n<meta property=\"og:locale\" content=\"en_US\" \/>\n<meta property=\"og:type\" content=\"article\" \/>\n<meta property=\"og:title\" content=\"Our\u00a0know-how | Tuffigo Rapidex\" \/>\n<meta property=\"og:description\" content=\"[vc_row][vc_column width=&#8221;1\/2&#8243;][vc_custom_heading text=&#8221;##Development## centre&#8221;][vc_column_text]The Innovation Centre envisions the livestock farming of the future, in conjunction with livestock farmers. Attentive to\" \/>\n<meta property=\"og:url\" content=\"https:\/\/tuffigorapidex.com\/en\/our-know-how\/\" \/>\n<meta property=\"og:site_name\" content=\"Tuffigo Rapidex\" \/>\n<meta property=\"article:publisher\" content=\"https:\/\/www.facebook.com\/tuffigorapidexsas\/\" \/>\n<meta property=\"article:modified_time\" content=\"2025-09-09T09:47:58+00:00\" \/>\n<meta property=\"og:image\" content=\"https:\/\/tuffigorapidex.com\/app\/uploads\/2023\/12\/TUFFIGO-logo.png\" \/>\n\t<meta property=\"og:image:width\" content=\"188\" \/>\n\t<meta property=\"og:image:height\" content=\"184\" \/>\n\t<meta property=\"og:image:type\" content=\"image\/png\" \/>\n<meta name=\"twitter:card\" content=\"summary_large_image\" \/>\n<meta name=\"twitter:label1\" content=\"Est. reading time\" \/>\n\t<meta name=\"twitter:data1\" content=\"1 minute\" \/>\n<script type=\"application\/ld+json\" class=\"yoast-schema-graph\">{\"@context\":\"https:\/\/schema.org\",\"@graph\":[{\"@type\":\"WebPage\",\"@id\":\"https:\/\/tuffigorapidex.com\/en\/our-know-how\/\",\"url\":\"https:\/\/tuffigorapidex.com\/en\/our-know-how\/\",\"name\":\"Our\u00a0know-how | Tuffigo Rapidex\",\"isPartOf\":{\"@id\":\"https:\/\/tuffigorapidex.com\/en\/#website\"},\"datePublished\":\"2023-05-23T15:05:08+00:00\",\"dateModified\":\"2025-09-09T09:47:58+00:00\",\"breadcrumb\":{\"@id\":\"https:\/\/tuffigorapidex.com\/en\/our-know-how\/#breadcrumb\"},\"inLanguage\":\"en-US\",\"potentialAction\":[{\"@type\":\"ReadAction\",\"target\":[\"https:\/\/tuffigorapidex.com\/en\/our-know-how\/\"]}]},{\"@type\":\"BreadcrumbList\",\"@id\":\"https:\/\/tuffigorapidex.com\/en\/our-know-how\/#breadcrumb\",\"itemListElement\":[{\"@type\":\"ListItem\",\"position\":1,\"name\":\"Accueil\",\"item\":\"https:\/\/tuffigorapidex.com\/en\/\"},{\"@type\":\"ListItem\",\"position\":2,\"name\":\"Our\u00a0know-how\"}]},{\"@type\":\"WebSite\",\"@id\":\"https:\/\/tuffigorapidex.com\/en\/#website\",\"url\":\"https:\/\/tuffigorapidex.com\/en\/\",\"name\":\"TUFFIGO RAPIDEX\",\"description\":\"Leader fran\u00e7ais des \u00e9quipements d&#039;\u00e9levage hors sol\",\"publisher\":{\"@id\":\"https:\/\/tuffigorapidex.com\/en\/#organization\"},\"potentialAction\":[{\"@type\":\"SearchAction\",\"target\":{\"@type\":\"EntryPoint\",\"urlTemplate\":\"https:\/\/tuffigorapidex.com\/en\/?s={search_term_string}\"},\"query-input\":\"required name=search_term_string\"}],\"inLanguage\":\"en-US\"},{\"@type\":\"Organization\",\"@id\":\"https:\/\/tuffigorapidex.com\/en\/#organization\",\"name\":\"Tuffigo Rapidex\",\"url\":\"https:\/\/tuffigorapidex.com\/en\/\",\"logo\":{\"@type\":\"ImageObject\",\"inLanguage\":\"en-US\",\"@id\":\"https:\/\/tuffigorapidex.com\/en\/#\/schema\/logo\/image\/\",\"url\":\"https:\/\/tuffigorapidex.com\/app\/uploads\/2023\/12\/TUFFIGO-logo.png\",\"contentUrl\":\"https:\/\/tuffigorapidex.com\/app\/uploads\/2023\/12\/TUFFIGO-logo.png\",\"width\":188,\"height\":184,\"caption\":\"Tuffigo Rapidex\"},\"image\":{\"@id\":\"https:\/\/tuffigorapidex.com\/en\/#\/schema\/logo\/image\/\"},\"sameAs\":[\"https:\/\/www.facebook.com\/tuffigorapidexsas\/\"]}]}<\/script>\n<!-- \/ Yoast SEO plugin. -->","yoast_head_json":{"title":"Our\u00a0know-how | Tuffigo Rapidex","robots":{"index":"index","follow":"follow","max-snippet":"max-snippet:-1","max-image-preview":"max-image-preview:large","max-video-preview":"max-video-preview:-1"},"canonical":"https:\/\/tuffigorapidex.com\/en\/our-know-how\/","og_locale":"en_US","og_type":"article","og_title":"Our\u00a0know-how | Tuffigo Rapidex","og_description":"[vc_row][vc_column width=&#8221;1\/2&#8243;][vc_custom_heading text=&#8221;##Development## centre&#8221;][vc_column_text]The Innovation Centre envisions the livestock farming of the future, in conjunction with livestock farmers. Attentive to","og_url":"https:\/\/tuffigorapidex.com\/en\/our-know-how\/","og_site_name":"Tuffigo Rapidex","article_publisher":"https:\/\/www.facebook.com\/tuffigorapidexsas\/","article_modified_time":"2025-09-09T09:47:58+00:00","og_image":[{"width":188,"height":184,"url":"https:\/\/tuffigorapidex.com\/app\/uploads\/2023\/12\/TUFFIGO-logo.png","type":"image\/png"}],"twitter_card":"summary_large_image","twitter_misc":{"Est. reading time":"1 minute"},"schema":{"@context":"https:\/\/schema.org","@graph":[{"@type":"WebPage","@id":"https:\/\/tuffigorapidex.com\/en\/our-know-how\/","url":"https:\/\/tuffigorapidex.com\/en\/our-know-how\/","name":"Our\u00a0know-how | Tuffigo Rapidex","isPartOf":{"@id":"https:\/\/tuffigorapidex.com\/en\/#website"},"datePublished":"2023-05-23T15:05:08+00:00","dateModified":"2025-09-09T09:47:58+00:00","breadcrumb":{"@id":"https:\/\/tuffigorapidex.com\/en\/our-know-how\/#breadcrumb"},"inLanguage":"en-US","potentialAction":[{"@type":"ReadAction","target":["https:\/\/tuffigorapidex.com\/en\/our-know-how\/"]}]},{"@type":"BreadcrumbList","@id":"https:\/\/tuffigorapidex.com\/en\/our-know-how\/#breadcrumb","itemListElement":[{"@type":"ListItem","position":1,"name":"Accueil","item":"https:\/\/tuffigorapidex.com\/en\/"},{"@type":"ListItem","position":2,"name":"Our\u00a0know-how"}]},{"@type":"WebSite","@id":"https:\/\/tuffigorapidex.com\/en\/#website","url":"https:\/\/tuffigorapidex.com\/en\/","name":"TUFFIGO RAPIDEX","description":"Leader fran\u00e7ais des \u00e9quipements d&#039;\u00e9levage hors sol","publisher":{"@id":"https:\/\/tuffigorapidex.com\/en\/#organization"},"potentialAction":[{"@type":"SearchAction","target":{"@type":"EntryPoint","urlTemplate":"https:\/\/tuffigorapidex.com\/en\/?s={search_term_string}"},"query-input":"required name=search_term_string"}],"inLanguage":"en-US"},{"@type":"Organization","@id":"https:\/\/tuffigorapidex.com\/en\/#organization","name":"Tuffigo Rapidex","url":"https:\/\/tuffigorapidex.com\/en\/","logo":{"@type":"ImageObject","inLanguage":"en-US","@id":"https:\/\/tuffigorapidex.com\/en\/#\/schema\/logo\/image\/","url":"https:\/\/tuffigorapidex.com\/app\/uploads\/2023\/12\/TUFFIGO-logo.png","contentUrl":"https:\/\/tuffigorapidex.com\/app\/uploads\/2023\/12\/TUFFIGO-logo.png","width":188,"height":184,"caption":"Tuffigo Rapidex"},"image":{"@id":"https:\/\/tuffigorapidex.com\/en\/#\/schema\/logo\/image\/"},"sameAs":["https:\/\/www.facebook.com\/tuffigorapidexsas\/"]}]}},"_links":{"self":[{"href":"https:\/\/tuffigorapidex.com\/en\/wp-json\/wp\/v2\/pages\/4226"}],"collection":[{"href":"https:\/\/tuffigorapidex.com\/en\/wp-json\/wp\/v2\/pages"}],"about":[{"href":"https:\/\/tuffigorapidex.com\/en\/wp-json\/wp\/v2\/types\/page"}],"author":[{"embeddable":true,"href":"https:\/\/tuffigorapidex.com\/en\/wp-json\/wp\/v2\/users\/6"}],"replies":[{"embeddable":true,"href":"https:\/\/tuffigorapidex.com\/en\/wp-json\/wp\/v2\/comments?post=4226"}],"version-history":[{"count":5,"href":"https:\/\/tuffigorapidex.com\/en\/wp-json\/wp\/v2\/pages\/4226\/revisions"}],"predecessor-version":[{"id":7189,"href":"https:\/\/tuffigorapidex.com\/en\/wp-json\/wp\/v2\/pages\/4226\/revisions\/7189"}],"wp:attachment":[{"href":"https:\/\/tuffigorapidex.com\/en\/wp-json\/wp\/v2\/media?parent=4226"}],"curies":[{"name":"wp","href":"https:\/\/api.w.org\/{rel}","templated":true}]}}