{"id":4255,"date":"2022-07-12T06:27:59","date_gmt":"2022-07-12T06:27:59","guid":{"rendered":"https:\/\/tuffigorapidex.com\/carrieres\/notre-environnement\/"},"modified":"2024-09-27T14:13:15","modified_gmt":"2024-09-27T14:13:15","slug":"our-environment","status":"publish","type":"page","link":"https:\/\/tuffigorapidex.com\/en\/our-environment\/","title":{"rendered":"Our Environment"},"content":{"rendered":"<p>[vc_row][vc_column width=&#8221;1\/3&#8243;][vc_column_text]<\/p><p>The Group, with its diverse range of activities and professions, offers opportunities and prospects for career development (subsidiaries &lt;-&gt;head office), whether to take part in projects on a national or international scale. Easily accessible, our friendly premises make for a truly comfortable working environment. Our 38-hour working week, exclusively during the day, facilitates work-life balance. The company offers a number of benefits, such as a company savings plan, a particularly favourable provident scheme, the opportunity to be supported by Action logement, CSE benefits, etc.<\/p><p>[\/vc_column_text][\/vc_column][vc_column width=&#8221;1\/3&#8243;][vc_single_image image=&#8221;2349&#8243; img_size=&#8221;medium&#8221; alignment=&#8221;center&#8221;][\/vc_column][vc_column width=&#8221;1\/3&#8243;][vc_single_image image=&#8221;2345&#8243; img_size=&#8221;medium&#8221; alignment=&#8221;center&#8221;][\/vc_column][\/vc_row]<\/p>","protected":false},"excerpt":{"rendered":"<p>[vc_row][vc_column width=&#8221;1\/3&#8243;][vc_column_text]The Group, with its diverse range of activities <span class=\"more\">...<\/span>","protected":false},"author":6,"featured_media":0,"parent":0,"menu_order":620,"comment_status":"closed","ping_status":"closed","template":"","meta":{"inline_featured_image":false},"acf":[],"yoast_head":"<!-- This site is optimized with the Yoast SEO plugin v21.3 - https:\/\/yoast.com\/wordpress\/plugins\/seo\/ -->\n<title>Our Environment | Tuffigo Rapidex<\/title>\n<meta name=\"robots\" content=\"index, follow, max-snippet:-1, max-image-preview:large, max-video-preview:-1\" \/>\n<link rel=\"canonical\" href=\"https:\/\/tuffigorapidex.com\/en\/our-environment\/\" \/>\n<meta property=\"og:locale\" content=\"en_US\" \/>\n<meta property=\"og:type\" content=\"article\" \/>\n<meta property=\"og:title\" content=\"Our Environment | Tuffigo Rapidex\" \/>\n<meta property=\"og:description\" content=\"[vc_row][vc_column width=&#8221;1\/3&#8243;][vc_column_text]The Group, with its diverse range of activities and professions, offers opportunities and prospects for career development (subsidiaries &lt;-&gt;head\" \/>\n<meta property=\"og:url\" content=\"https:\/\/tuffigorapidex.com\/en\/our-environment\/\" \/>\n<meta property=\"og:site_name\" content=\"Tuffigo Rapidex\" \/>\n<meta property=\"article:publisher\" content=\"https:\/\/www.facebook.com\/tuffigorapidexsas\/\" \/>\n<meta property=\"article:modified_time\" content=\"2024-09-27T14:13:15+00:00\" \/>\n<meta property=\"og:image\" content=\"https:\/\/tuffigorapidex.com\/app\/uploads\/2023\/12\/TUFFIGO-logo.png\" \/>\n\t<meta property=\"og:image:width\" content=\"188\" \/>\n\t<meta property=\"og:image:height\" content=\"184\" \/>\n\t<meta property=\"og:image:type\" content=\"image\/png\" \/>\n<meta name=\"twitter:card\" content=\"summary_large_image\" \/>\n<meta name=\"twitter:label1\" content=\"Est. reading time\" \/>\n\t<meta name=\"twitter:data1\" content=\"1 minute\" \/>\n<script type=\"application\/ld+json\" class=\"yoast-schema-graph\">{\"@context\":\"https:\/\/schema.org\",\"@graph\":[{\"@type\":\"WebPage\",\"@id\":\"https:\/\/tuffigorapidex.com\/en\/our-environment\/\",\"url\":\"https:\/\/tuffigorapidex.com\/en\/our-environment\/\",\"name\":\"Our Environment | Tuffigo Rapidex\",\"isPartOf\":{\"@id\":\"https:\/\/tuffigorapidex.com\/en\/#website\"},\"datePublished\":\"2022-07-12T06:27:59+00:00\",\"dateModified\":\"2024-09-27T14:13:15+00:00\",\"breadcrumb\":{\"@id\":\"https:\/\/tuffigorapidex.com\/en\/our-environment\/#breadcrumb\"},\"inLanguage\":\"en-US\",\"potentialAction\":[{\"@type\":\"ReadAction\",\"target\":[\"https:\/\/tuffigorapidex.com\/en\/our-environment\/\"]}]},{\"@type\":\"BreadcrumbList\",\"@id\":\"https:\/\/tuffigorapidex.com\/en\/our-environment\/#breadcrumb\",\"itemListElement\":[{\"@type\":\"ListItem\",\"position\":1,\"name\":\"Accueil\",\"item\":\"https:\/\/tuffigorapidex.com\/en\/\"},{\"@type\":\"ListItem\",\"position\":2,\"name\":\"Careers\",\"item\":\"https:\/\/tuffigorapidex.com\/en\/carrieres\/\"},{\"@type\":\"ListItem\",\"position\":3,\"name\":\"Our Environment\"}]},{\"@type\":\"WebSite\",\"@id\":\"https:\/\/tuffigorapidex.com\/en\/#website\",\"url\":\"https:\/\/tuffigorapidex.com\/en\/\",\"name\":\"TUFFIGO RAPIDEX\",\"description\":\"Leader fran\u00e7ais des \u00e9quipements d&#039;\u00e9levage hors sol\",\"publisher\":{\"@id\":\"https:\/\/tuffigorapidex.com\/en\/#organization\"},\"potentialAction\":[{\"@type\":\"SearchAction\",\"target\":{\"@type\":\"EntryPoint\",\"urlTemplate\":\"https:\/\/tuffigorapidex.com\/en\/?s={search_term_string}\"},\"query-input\":\"required name=search_term_string\"}],\"inLanguage\":\"en-US\"},{\"@type\":\"Organization\",\"@id\":\"https:\/\/tuffigorapidex.com\/en\/#organization\",\"name\":\"Tuffigo Rapidex\",\"url\":\"https:\/\/tuffigorapidex.com\/en\/\",\"logo\":{\"@type\":\"ImageObject\",\"inLanguage\":\"en-US\",\"@id\":\"https:\/\/tuffigorapidex.com\/en\/#\/schema\/logo\/image\/\",\"url\":\"https:\/\/tuffigorapidex.com\/app\/uploads\/2023\/12\/TUFFIGO-logo.png\",\"contentUrl\":\"https:\/\/tuffigorapidex.com\/app\/uploads\/2023\/12\/TUFFIGO-logo.png\",\"width\":188,\"height\":184,\"caption\":\"Tuffigo Rapidex\"},\"image\":{\"@id\":\"https:\/\/tuffigorapidex.com\/en\/#\/schema\/logo\/image\/\"},\"sameAs\":[\"https:\/\/www.facebook.com\/tuffigorapidexsas\/\"]}]}<\/script>\n<!-- \/ Yoast SEO plugin. -->","yoast_head_json":{"title":"Our Environment | Tuffigo Rapidex","robots":{"index":"index","follow":"follow","max-snippet":"max-snippet:-1","max-image-preview":"max-image-preview:large","max-video-preview":"max-video-preview:-1"},"canonical":"https:\/\/tuffigorapidex.com\/en\/our-environment\/","og_locale":"en_US","og_type":"article","og_title":"Our Environment | Tuffigo Rapidex","og_description":"[vc_row][vc_column width=&#8221;1\/3&#8243;][vc_column_text]The Group, with its diverse range of activities and professions, offers opportunities and prospects for career development (subsidiaries &lt;-&gt;head","og_url":"https:\/\/tuffigorapidex.com\/en\/our-environment\/","og_site_name":"Tuffigo Rapidex","article_publisher":"https:\/\/www.facebook.com\/tuffigorapidexsas\/","article_modified_time":"2024-09-27T14:13:15+00:00","og_image":[{"width":188,"height":184,"url":"https:\/\/tuffigorapidex.com\/app\/uploads\/2023\/12\/TUFFIGO-logo.png","type":"image\/png"}],"twitter_card":"summary_large_image","twitter_misc":{"Est. reading time":"1 minute"},"schema":{"@context":"https:\/\/schema.org","@graph":[{"@type":"WebPage","@id":"https:\/\/tuffigorapidex.com\/en\/our-environment\/","url":"https:\/\/tuffigorapidex.com\/en\/our-environment\/","name":"Our Environment | Tuffigo Rapidex","isPartOf":{"@id":"https:\/\/tuffigorapidex.com\/en\/#website"},"datePublished":"2022-07-12T06:27:59+00:00","dateModified":"2024-09-27T14:13:15+00:00","breadcrumb":{"@id":"https:\/\/tuffigorapidex.com\/en\/our-environment\/#breadcrumb"},"inLanguage":"en-US","potentialAction":[{"@type":"ReadAction","target":["https:\/\/tuffigorapidex.com\/en\/our-environment\/"]}]},{"@type":"BreadcrumbList","@id":"https:\/\/tuffigorapidex.com\/en\/our-environment\/#breadcrumb","itemListElement":[{"@type":"ListItem","position":1,"name":"Accueil","item":"https:\/\/tuffigorapidex.com\/en\/"},{"@type":"ListItem","position":2,"name":"Careers","item":"https:\/\/tuffigorapidex.com\/en\/carrieres\/"},{"@type":"ListItem","position":3,"name":"Our Environment"}]},{"@type":"WebSite","@id":"https:\/\/tuffigorapidex.com\/en\/#website","url":"https:\/\/tuffigorapidex.com\/en\/","name":"TUFFIGO RAPIDEX","description":"Leader fran\u00e7ais des \u00e9quipements d&#039;\u00e9levage hors sol","publisher":{"@id":"https:\/\/tuffigorapidex.com\/en\/#organization"},"potentialAction":[{"@type":"SearchAction","target":{"@type":"EntryPoint","urlTemplate":"https:\/\/tuffigorapidex.com\/en\/?s={search_term_string}"},"query-input":"required name=search_term_string"}],"inLanguage":"en-US"},{"@type":"Organization","@id":"https:\/\/tuffigorapidex.com\/en\/#organization","name":"Tuffigo Rapidex","url":"https:\/\/tuffigorapidex.com\/en\/","logo":{"@type":"ImageObject","inLanguage":"en-US","@id":"https:\/\/tuffigorapidex.com\/en\/#\/schema\/logo\/image\/","url":"https:\/\/tuffigorapidex.com\/app\/uploads\/2023\/12\/TUFFIGO-logo.png","contentUrl":"https:\/\/tuffigorapidex.com\/app\/uploads\/2023\/12\/TUFFIGO-logo.png","width":188,"height":184,"caption":"Tuffigo Rapidex"},"image":{"@id":"https:\/\/tuffigorapidex.com\/en\/#\/schema\/logo\/image\/"},"sameAs":["https:\/\/www.facebook.com\/tuffigorapidexsas\/"]}]}},"_links":{"self":[{"href":"https:\/\/tuffigorapidex.com\/en\/wp-json\/wp\/v2\/pages\/4255"}],"collection":[{"href":"https:\/\/tuffigorapidex.com\/en\/wp-json\/wp\/v2\/pages"}],"about":[{"href":"https:\/\/tuffigorapidex.com\/en\/wp-json\/wp\/v2\/types\/page"}],"author":[{"embeddable":true,"href":"https:\/\/tuffigorapidex.com\/en\/wp-json\/wp\/v2\/users\/6"}],"replies":[{"embeddable":true,"href":"https:\/\/tuffigorapidex.com\/en\/wp-json\/wp\/v2\/comments?post=4255"}],"version-history":[{"count":1,"href":"https:\/\/tuffigorapidex.com\/en\/wp-json\/wp\/v2\/pages\/4255\/revisions"}],"predecessor-version":[{"id":4258,"href":"https:\/\/tuffigorapidex.com\/en\/wp-json\/wp\/v2\/pages\/4255\/revisions\/4258"}],"wp:attachment":[{"href":"https:\/\/tuffigorapidex.com\/en\/wp-json\/wp\/v2\/media?parent=4255"}],"curies":[{"name":"wp","href":"https:\/\/api.w.org\/{rel}","templated":true}]}}