{"id":6535,"date":"2021-02-15T13:47:49","date_gmt":"2021-02-15T13:47:49","guid":{"rendered":"https:\/\/tuffigorapidex.com\/accueil\/"},"modified":"2025-11-25T11:04:05","modified_gmt":"2025-11-25T11:04:05","slug":"accueil","status":"publish","type":"page","link":"https:\/\/tuffigorapidex.com\/en\/","title":{"rendered":"Home"},"content":{"rendered":"<p>[vc_row][vc_column][vc_custom_heading text=&#8221;Ventilation or ##feeding##<br \/>##high-performance## solutions for every species&#8221; font_container=&#8221;tag:h2|text_align:center&#8221;][vc_column_text el_class=&#8221;soustitre&#8221;]<\/p><p style=\"text-align: center;\">Tuffigo Rapidex, designer of innovative and intuitive solutions to free up farmers time and energy.<br \/>In the fields of ventilation and feeding, as well as connectivity and data collection, Tuffigo Rapidex&#8217;s teams develop and design innovative automated products designed with and for livestock farmers to facilitate their day-to-day management of livestock.<\/p><p>[\/vc_column_text][\/vc_column][\/vc_row][vc_row][vc_column][vc_row_inner gap=&#8221;35&#8243; el_class=&#8221;especes&#8221;][vc_column_inner width=&#8221;1\/4&#8243;][vc_raw_html]JTNDYSUyMGNsYXNzJTNEJTIyZXNwZWNlcy1saW5rJTIwdm9sYWlsbGUlMjIlMjBocmVmJTNEJTIyaHR0cHMlM0ElMkYlMkZ0dWZmaWdvcmFwaWRleC5jb20lMkZlbiUyRnNvbHV0aW9ucy1wZXItbGl2ZXN0b2NrLXNwZWNpZXMlMkZwb3VsdHJ5JTJGJTIyJTIwYXJpYS1sYWJlbCUzRCUyMlZvbGFpbGxlJTIyJTNFJTBBJTNDc3BhbiUyMGNsYXNzJTNEJTIyaW1hZ2UlMjIlM0UlM0NpbWclMjB3aWR0aCUzRCUyMjQ4MCUyMiUyMGhlaWdodCUzRCUyMjQ4MCUyMiUyMHNyYyUzRCUyMmh0dHBzJTNBJTJGJTJGdHVmZmlnb3JhcGlkZXguY29tJTJGYXBwJTJGdXBsb2FkcyUyRjIwMjIlMkYwNiUyRnZvbGFpbGxlLmpwZyUyMiUyMGNsYXNzJTNEJTIyYXR0YWNobWVudC1zbWFsbGRldmljZSUyMHNpemUtc21hbGxkZXZpY2UlMjIlMjBhbHQlM0QlMjIlMjIlMjBkZWNvZGluZyUzRCUyMmFzeW5jJTIyJTIwbG9hZGluZyUzRCUyMmxhenklMjIlMjBzcmNzZXQlM0QlMjJodHRwcyUzQSUyRiUyRnR1ZmZpZ29yYXBpZGV4LmNvbSUyRmFwcCUyRnVwbG9hZHMlMkYyMDIyJTJGMDYlMkZ2b2xhaWxsZS5qcGclMjA0ODB3JTJDJTIwaHR0cHMlM0ElMkYlMkZ0dWZmaWdvcmFwaWRleC5jb20lMkZhcHAlMkZ1cGxvYWRzJTJGMjAyMiUyRjA2JTJGdm9sYWlsbGUtMTUweDE1MC5qcGclMjAxNTB3JTJDJTIwaHR0cHMlM0ElMkYlMkZ0dWZmaWdvcmFwaWRleC5jb20lMkZhcHAlMkZ1cGxvYWRzJTJGMjAyMiUyRjA2JTJGdm9sYWlsbGUtMzAweDMwMC5qcGclMjAzMDB3JTJDJTIwaHR0cHMlM0ElMkYlMkZ0dWZmaWdvcmFwaWRleC5jb20lMkZhcHAlMkZ1cGxvYWRzJTJGMjAyMiUyRjA2JTJGdm9sYWlsbGUtMzIweDMyMC5qcGclMjAzMjB3JTJDJTIwaHR0cHMlM0ElMkYlMkZ0dWZmaWdvcmFwaWRleC5jb20lMkZhcHAlMkZ1cGxvYWRzJTJGMjAyMiUyRjA2JTJGdm9sYWlsbGUtNzV4NzUuanBnJTIwNzV3JTIyJTIwc2l6ZXMlM0QlMjIlMjhtYXgtd2lkdGglM0ElMjA0ODBweCUyOSUyMDEwMHZ3JTJDJTIwNDgwcHglMjIlM0UlM0MlMkZzcGFuJTNFJTBBJTNDaDMlMjBjbGFzcyUzRCUyMnRpdGxlJTIyJTNFUG91bHRyeSUzQyUyRmgzJTNFJTBBJTNDJTJGYSUzRQ==[\/vc_raw_html][\/vc_column_inner][vc_column_inner width=&#8221;1\/4&#8243;][vc_raw_html]JTNDYSUyMGNsYXNzJTNEJTIyZXNwZWNlcy1saW5rJTIwcG9yYyUyMiUyMGhyZWYlM0QlMjJodHRwcyUzQSUyRiUyRnR1ZmZpZ29yYXBpZGV4LmNvbSUyRmVuJTJGc29sdXRpb25zLXBlci1saXZlc3RvY2stc3BlY2llcyUyRnN3aW5lJTJGJTIyJTIwYXJpYS1sYWJlbCUzRCUyMlBvcmMlMjIlM0UlMEElM0NzcGFuJTIwY2xhc3MlM0QlMjJpbWFnZSUyMiUzRSUzQ2ltZyUyMHdpZHRoJTNEJTIyNDgwJTIyJTIwaGVpZ2h0JTNEJTIyNDgwJTIyJTIwc3JjJTNEJTIyaHR0cHMlM0ElMkYlMkZ0dWZmaWdvcmFwaWRleC5jb20lMkZhcHAlMkZ1cGxvYWRzJTJGMjAyMiUyRjA2JTJGcG9yYy5qcGclMjIlMjBjbGFzcyUzRCUyMmF0dGFjaG1lbnQtc21hbGxkZXZpY2UlMjBzaXplLXNtYWxsZGV2aWNlJTIyJTIwYWx0JTNEJTIyJTIyJTIwZGVjb2RpbmclM0QlMjJhc3luYyUyMiUyMGxvYWRpbmclM0QlMjJsYXp5JTIyJTIwc3Jjc2V0JTNEJTIyaHR0cHMlM0ElMkYlMkZ0dWZmaWdvcmFwaWRleC5jb20lMkZhcHAlMkZ1cGxvYWRzJTJGMjAyMiUyRjA2JTJGcG9yYy5qcGclMjA0ODB3JTJDJTIwaHR0cHMlM0ElMkYlMkZ0dWZmaWdvcmFwaWRleC5jb20lMkZhcHAlMkZ1cGxvYWRzJTJGMjAyMiUyRjA2JTJGcG9yYy0xNTB4MTUwLmpwZyUyMDE1MHclMkMlMjBodHRwcyUzQSUyRiUyRnR1ZmZpZ29yYXBpZGV4LmNvbSUyRmFwcCUyRnVwbG9hZHMlMkYyMDIyJTJGMDYlMkZwb3JjLTMwMHgzMDAuanBnJTIwMzAwdyUyQyUyMGh0dHBzJTNBJTJGJTJGdHVmZmlnb3JhcGlkZXguY29tJTJGYXBwJTJGdXBsb2FkcyUyRjIwMjIlMkYwNiUyRnBvcmMtMzIweDMyMC5qcGclMjAzMjB3JTJDJTIwaHR0cHMlM0ElMkYlMkZ0dWZmaWdvcmFwaWRleC5jb20lMkZhcHAlMkZ1cGxvYWRzJTJGMjAyMiUyRjA2JTJGcG9yYy03NXg3NS5qcGclMjA3NXclMjIlMjBzaXplcyUzRCUyMiUyOG1heC13aWR0aCUzQSUyMDQ4MHB4JTI5JTIwMTAwdnclMkMlMjA0ODBweCUyMiUzRSUzQyUyRnNwYW4lM0UlMEElM0NoMyUyMGNsYXNzJTNEJTIydGl0bGUlMjIlM0VTd2luZSUzQyUyRmgzJTNFJTBBJTNDJTJGYSUzRQ==[\/vc_raw_html][\/vc_column_inner][vc_column_inner width=&#8221;1\/4&#8243;][vc_raw_html]JTNDYSUyMGNsYXNzJTNEJTIyZXNwZWNlcy1saW5rJTIwYm92aW4lMjIlMjBocmVmJTNEJTIyaHR0cHMlM0ElMkYlMkZ0dWZmaWdvcmFwaWRleC5jb20lMkZlbiUyRnNvbHV0aW9ucy1wZXItbGl2ZXN0b2NrLXNwZWNpZXMlMkZydW1pbmFudHMlMkYlMjIlMjBhcmlhLWxhYmVsJTNEJTIyUnVtaW5hbnQlMjIlM0UlMEElM0NzcGFuJTIwY2xhc3MlM0QlMjJpbWFnZSUyMiUzRSUzQ2ltZyUyMHdpZHRoJTNEJTIyNDgwJTIyJTIwaGVpZ2h0JTNEJTIyNDgwJTIyJTIwc3JjJTNEJTIyaHR0cHMlM0ElMkYlMkZ0dWZmaWdvcmFwaWRleC5jb20lMkZhcHAlMkZ1cGxvYWRzJTJGMjAyMiUyRjA2JTJGcnVtaW5hbnQuanBnJTIyJTIwY2xhc3MlM0QlMjJhdHRhY2htZW50LXNtYWxsZGV2aWNlJTIwc2l6ZS1zbWFsbGRldmljZSUyMiUyMGFsdCUzRCUyMiUyMiUyMGRlY29kaW5nJTNEJTIyYXN5bmMlMjIlMjBsb2FkaW5nJTNEJTIybGF6eSUyMiUyMHNyY3NldCUzRCUyMmh0dHBzJTNBJTJGJTJGdHVmZmlnb3JhcGlkZXguY29tJTJGYXBwJTJGdXBsb2FkcyUyRjIwMjIlMkYwNiUyRnJ1bWluYW50LmpwZyUyMDQ4MHclMkMlMjBodHRwcyUzQSUyRiUyRnR1ZmZpZ29yYXBpZGV4LmNvbSUyRmFwcCUyRnVwbG9hZHMlMkYyMDIyJTJGMDYlMkZydW1pbmFudC0xNTB4MTUwLmpwZyUyMDE1MHclMkMlMjBodHRwcyUzQSUyRiUyRnR1ZmZpZ29yYXBpZGV4LmNvbSUyRmFwcCUyRnVwbG9hZHMlMkYyMDIyJTJGMDYlMkZydW1pbmFudC0zMDB4MzAwLmpwZyUyMDMwMHclMkMlMjBodHRwcyUzQSUyRiUyRnR1ZmZpZ29yYXBpZGV4LmNvbSUyRmFwcCUyRnVwbG9hZHMlMkYyMDIyJTJGMDYlMkZydW1pbmFudC0zMjB4MzIwLmpwZyUyMDMyMHclMkMlMjBodHRwcyUzQSUyRiUyRnR1ZmZpZ29yYXBpZGV4LmNvbSUyRmFwcCUyRnVwbG9hZHMlMkYyMDIyJTJGMDYlMkZydW1pbmFudC03NXg3NS5qcGclMjA3NXclMjIlMjBzaXplcyUzRCUyMiUyOG1heC13aWR0aCUzQSUyMDQ4MHB4JTI5JTIwMTAwdnclMkMlMjA0ODBweCUyMiUzRSUzQyUyRnNwYW4lM0UlMEElM0NoMyUyMGNsYXNzJTNEJTIydGl0bGUlMjIlM0VSdW1pbmFudHMlM0MlMkZoMyUzRSUwQSUzQyUyRmElM0U=[\/vc_raw_html][\/vc_column_inner][vc_column_inner width=&#8221;1\/4&#8243;][vc_raw_html]JTNDYSUyMGNsYXNzJTNEJTIyZXNwZWNlcy1saW5rJTIwYXV0cmUlMjIlMjBocmVmJTNEJTIyaHR0cHMlM0ElMkYlMkZ0dWZmaWdvcmFwaWRleC5jb20lMkZlbiUyRnNvbHV0aW9ucy1wZXItbGl2ZXN0b2NrLXNwZWNpZXMlMkZvdGhlci1zcGVjaWVzJTJGJTIyJTIwYXJpYS1sYWJlbCUzRCUyMkF1dHJlcyUyMEVzcCVDMyVBOGNlcyUyMiUzRSUwQSUzQ3NwYW4lMjBjbGFzcyUzRCUyMmltYWdlJTIyJTNFJTNDaW1nJTIwd2lkdGglM0QlMjI0ODAlMjIlMjBoZWlnaHQlM0QlMjI0ODAlMjIlMjBzcmMlM0QlMjJodHRwcyUzQSUyRiUyRnR1ZmZpZ29yYXBpZGV4LmNvbSUyRmFwcCUyRnVwbG9hZHMlMkYyMDIyJTJGMDYlMkZhdXRyZS5qcGclMjIlMjBjbGFzcyUzRCUyMmF0dGFjaG1lbnQtc21hbGxkZXZpY2UlMjBzaXplLXNtYWxsZGV2aWNlJTIyJTIwYWx0JTNEJTIyJTIyJTIwZGVjb2RpbmclM0QlMjJhc3luYyUyMiUyMGxvYWRpbmclM0QlMjJsYXp5JTIyJTIwc3Jjc2V0JTNEJTIyaHR0cHMlM0ElMkYlMkZ0dWZmaWdvcmFwaWRleC5jb20lMkZhcHAlMkZ1cGxvYWRzJTJGMjAyMiUyRjA2JTJGYXV0cmUuanBnJTIwNDgwdyUyQyUyMGh0dHBzJTNBJTJGJTJGdHVmZmlnb3JhcGlkZXguY29tJTJGYXBwJTJGdXBsb2FkcyUyRjIwMjIlMkYwNiUyRmF1dHJlLTE1MHgxNTAuanBnJTIwMTUwdyUyQyUyMGh0dHBzJTNBJTJGJTJGdHVmZmlnb3JhcGlkZXguY29tJTJGYXBwJTJGdXBsb2FkcyUyRjIwMjIlMkYwNiUyRmF1dHJlLTMwMHgzMDAuanBnJTIwMzAwdyUyQyUyMGh0dHBzJTNBJTJGJTJGdHVmZmlnb3JhcGlkZXguY29tJTJGYXBwJTJGdXBsb2FkcyUyRjIwMjIlMkYwNiUyRmF1dHJlLTMyMHgzMjAuanBnJTIwMzIwdyUyQyUyMGh0dHBzJTNBJTJGJTJGdHVmZmlnb3JhcGlkZXguY29tJTJGYXBwJTJGdXBsb2FkcyUyRjIwMjIlMkYwNiUyRmF1dHJlLTc1eDc1LmpwZyUyMDc1dyUyMiUyMHNpemVzJTNEJTIyJTI4bWF4LXdpZHRoJTNBJTIwNDgwcHglMjklMjAxMDB2dyUyQyUyMDQ4MHB4JTIyJTNFJTNDJTJGc3BhbiUzRSUwQSUzQ2gzJTIwY2xhc3MlM0QlMjJ0aXRsZSUyMiUzRU90aGVyJTIwU3BlY2llcyUzQyUyRmgzJTNFJTBBJTNDJTJGYSUzRQ==[\/vc_raw_html][\/vc_column_inner][\/vc_row_inner][\/vc_column][\/vc_row][vc_row equal_height=&#8221;yes&#8221; content_placement=&#8221;middle&#8221; css_animation=&#8221;fadeIn&#8221; el_class=&#8221;homeblock left&#8221;][vc_column][vc_row_inner equal_height=&#8221;yes&#8221; content_placement=&#8221;middle&#8221;][vc_column_inner el_class=&#8221;col-img&#8221; width=&#8221;1\/2&#8243;][vc_video link=&#8221;https:\/\/youtu.be\/Pa-ri2W7_wA&#8221;][\/vc_column_inner][vc_column_inner el_class=&#8221;col-text first&#8221; width=&#8221;1\/2&#8243;][vc_custom_heading text=&#8221;Tuffigo Rapidex designs ##solutions## for today\u2019s and tomorrow\u2019s ##livestock farms##&#8221;][vc_column_text]<\/p><p>Your breeding project is designed and managed by our in-house expertise, one of our strengths.<br \/>Our teams work day in, day out to design, test, develop, improve and modify the products and computer programs covering our whole range. The design phase is initiated by R&amp;D, based on a set of specifications in line with an idea from the field, a new standard or a specific customer requirement.<\/p><p>[\/vc_column_text][vc_btn title=&#8221;Learn more&#8221; link=&#8221;url:https%3A%2F%2Ftuffigorapidex.com%2Fen%2Fsolutions-per-livestock-species%2F|title:Proc%C3%A9d%C3%A9s%20de%20fabrication&#8221;][\/vc_column_inner][\/vc_row_inner][\/vc_column][\/vc_row][vc_row equal_height=&#8221;yes&#8221; content_placement=&#8221;middle&#8221; css_animation=&#8221;fadeIn&#8221; el_class=&#8221;homeblock right&#8221;][vc_column][vc_row_inner equal_height=&#8221;yes&#8221; content_placement=&#8221;middle&#8221;][vc_column_inner el_class=&#8221;col-text second&#8221; width=&#8221;1\/2&#8243;][vc_custom_heading text=&#8221;Make the most of all ##Tuffigo services##&#8221;][vc_column_text]<\/p><p><span data-sheets-root=\"1\">Tuffigo Rapidex is a family owned company that designs and manufactures its own equipment. It is therefore our priority to support each and every one of our customers and work with them to develop our values: trust, attentiveness, responsiveness, proximity and anticipation of their needs. For this reason, we are committed to work alongside the client to guarantee the solution that perfectly matches its objectives.<\/span><\/p><p>[\/vc_column_text][vc_btn title=&#8221;Learn more&#8221; link=&#8221;url:https%3A%2F%2Ftuffigorapidex.com%2Fen%2Fservice-centre%2F|title:service&#8221;][\/vc_column_inner][vc_column_inner el_class=&#8221;col-img&#8221; width=&#8221;1\/2&#8243;][vc_single_image image=&#8221;2288&#8243; img_size=&#8221;full&#8221;][\/vc_column_inner][\/vc_row_inner][\/vc_column][\/vc_row][vc_row equal_height=&#8221;yes&#8221; content_placement=&#8221;middle&#8221; css_animation=&#8221;fadeIn&#8221; el_class=&#8221;homeblock left&#8221; el_id=&#8221;ROW3&#8243;][vc_column][vc_row_inner equal_height=&#8221;yes&#8221; content_placement=&#8221;middle&#8221;][vc_column_inner el_class=&#8221;col-img&#8221; width=&#8221;1\/2&#8243;][vc_single_image image=&#8221;616&#8243; img_size=&#8221;full&#8221;][\/vc_column_inner][vc_column_inner el_class=&#8221;col-text last&#8221; width=&#8221;1\/2&#8243;][vc_custom_heading text=&#8221;Une gamme compl\u00e8te de ##silos##&#8221;][vc_column_text]I am text block. Click edit button to change this text. Lorem ipsum dolor sit amet, consectetur adipiscing elit. Ut elit tellus, luctus nec ullamcorper mattis, pulvinar dapibus leo.[\/vc_column_text][vc_btn link=&#8221;url:https%3A%2F%2Ftuffigorapidex.com%2Ffr%2Fles-silos%2F|title:Proc%C3%A9d%C3%A9s%20de%20fabrication&#8221;][\/vc_column_inner][\/vc_row_inner][\/vc_column][\/vc_row][vc_row el_class=&#8221;no-margin&#8221; css=&#8221;.vc_custom_1656329770625{background-color: #faf6eb !important;}&#8221;][vc_column css=&#8221;.vc_custom_1624455629590{margin-top: 0px !important;margin-bottom: 0px !important;border-top-width: 0px !important;border-bottom-width: 0px !important;padding-top: 0px !important;padding-bottom: 0px !important;}&#8221;][vc_row_inner equal_height=&#8221;yes&#8221; content_placement=&#8221;middle&#8221;][vc_column_inner width=&#8221;1\/2&#8243; css=&#8221;.vc_custom_1656342544333{background-position: center !important;background-repeat: no-repeat !important;background-size: cover !important;}&#8221;][vc_single_image image=&#8221;599&#8243; img_size=&#8221;full&#8221; alignment=&#8221;center&#8221; el_class=&#8221;img-world&#8221;][\/vc_column_inner][vc_column_inner width=&#8221;1\/2&#8243; css=&#8221;.vc_custom_1656411212070{background-position: center !important;background-repeat: no-repeat !important;background-size: cover !important;}&#8221;][vc_empty_space][vc_custom_heading text=&#8221;Adaptable to all ##weather conditions##&#8221;][vc_column_text]<\/p><p>Tuffigo Rapidex envisions, designs, manufactures and manages feeding and ventilation solutions for all types of livestock farming, in France and around the world. They are suitable for all climatic conditions, whatever the country and its requirements. Today, we are represented in many countries and are distributed by more than 50 installers<\/p><p>[\/vc_column_text][vc_empty_space][\/vc_column_inner][\/vc_row_inner][\/vc_column][\/vc_row][vc_row content_placement=&#8221;middle&#8221; el_class=&#8221;pastille&#8221; el_id=&#8221;ACTU&#8221;][vc_column css_animation=&#8221;fadeInUp&#8221; el_class=&#8221;actu-home&#8221;][vc_custom_heading text=&#8221;Actualit\u00e9 produits ##&amp; projets##&#8221; font_container=&#8221;tag:h2|text_align:center&#8221;][vc_btn title=&#8221;Toutes les actualit\u00e9s&#8221; align=&#8221;center&#8221; link=&#8221;url:https%3A%2F%2Ftuffigorapidex.com%2Ffr%2Factualites%2F|title:Actualit%C3%A9s&#8221; css=&#8221;.vc_custom_1687328513863{margin-top: 30px !important;margin-bottom: 30px !important;}&#8221;][\/vc_column][\/vc_row]<\/p>","protected":false},"excerpt":{"rendered":"<p>[vc_row][vc_column][vc_custom_heading text=&#8221;Ventilation or ##feeding####high-performance## solutions <span class=\"more\">...<\/span>","protected":false},"author":6,"featured_media":0,"parent":0,"menu_order":1,"comment_status":"closed","ping_status":"closed","template":"","meta":{"inline_featured_image":false},"acf":[],"yoast_head":"<!-- This site is optimized with the Yoast SEO plugin v21.3 - https:\/\/yoast.com\/wordpress\/plugins\/seo\/ -->\n<title>TUFFIGO RAPIDEX : Leader des \u00e9quipements d&#039;\u00e9levage hors sol<\/title>\n<meta name=\"robots\" content=\"index, follow, max-snippet:-1, max-image-preview:large, max-video-preview:-1\" \/>\n<link rel=\"canonical\" href=\"https:\/\/tuffigorapidex.com\/en\/\" \/>\n<meta property=\"og:locale\" content=\"en_US\" \/>\n<meta property=\"og:type\" content=\"article\" \/>\n<meta property=\"og:title\" content=\"TUFFIGO RAPIDEX : Leader des \u00e9quipements d&#039;\u00e9levage hors sol\" \/>\n<meta property=\"og:description\" content=\"[vc_row][vc_column][vc_custom_heading text=&#8221;Ventilation or ##feeding####high-performance## solutions for every species&#8221; font_container=&#8221;tag:h2|text_align:center&#8221;][vc_column_text el_class=&#8221;soustitre&#8221;]Tuffigo Rapidex, designer of innovative and intuitive solutions to free up\" \/>\n<meta property=\"og:url\" content=\"https:\/\/tuffigorapidex.com\/en\/\" \/>\n<meta property=\"og:site_name\" content=\"Tuffigo Rapidex\" \/>\n<meta property=\"article:publisher\" content=\"https:\/\/www.facebook.com\/tuffigorapidexsas\/\" \/>\n<meta property=\"article:modified_time\" content=\"2025-11-25T11:04:05+00:00\" \/>\n<meta property=\"og:image\" content=\"https:\/\/tuffigorapidex.com\/app\/uploads\/2023\/12\/TUFFIGO-logo.png\" \/>\n\t<meta property=\"og:image:width\" content=\"188\" \/>\n\t<meta property=\"og:image:height\" content=\"184\" \/>\n\t<meta property=\"og:image:type\" content=\"image\/png\" \/>\n<meta name=\"twitter:card\" content=\"summary_large_image\" \/>\n<meta name=\"twitter:label1\" content=\"Est. reading time\" \/>\n\t<meta name=\"twitter:data1\" content=\"3 minutes\" \/>\n<script type=\"application\/ld+json\" class=\"yoast-schema-graph\">{\"@context\":\"https:\/\/schema.org\",\"@graph\":[{\"@type\":\"WebPage\",\"@id\":\"https:\/\/tuffigorapidex.com\/en\/\",\"url\":\"https:\/\/tuffigorapidex.com\/en\/\",\"name\":\"TUFFIGO RAPIDEX : Leader des \u00e9quipements d'\u00e9levage hors sol\",\"isPartOf\":{\"@id\":\"https:\/\/tuffigorapidex.com\/en\/#website\"},\"datePublished\":\"2021-02-15T13:47:49+00:00\",\"dateModified\":\"2025-11-25T11:04:05+00:00\",\"breadcrumb\":{\"@id\":\"https:\/\/tuffigorapidex.com\/en\/#breadcrumb\"},\"inLanguage\":\"en-US\",\"potentialAction\":[{\"@type\":\"ReadAction\",\"target\":[\"https:\/\/tuffigorapidex.com\/en\/\"]}]},{\"@type\":\"BreadcrumbList\",\"@id\":\"https:\/\/tuffigorapidex.com\/en\/#breadcrumb\",\"itemListElement\":[{\"@type\":\"ListItem\",\"position\":1,\"name\":\"Accueil\",\"item\":\"https:\/\/tuffigorapidex.com\/en\/\"},{\"@type\":\"ListItem\",\"position\":2,\"name\":\"Home\"}]},{\"@type\":\"WebSite\",\"@id\":\"https:\/\/tuffigorapidex.com\/en\/#website\",\"url\":\"https:\/\/tuffigorapidex.com\/en\/\",\"name\":\"TUFFIGO RAPIDEX\",\"description\":\"Leader fran\u00e7ais des \u00e9quipements d&#039;\u00e9levage hors sol\",\"publisher\":{\"@id\":\"https:\/\/tuffigorapidex.com\/en\/#organization\"},\"potentialAction\":[{\"@type\":\"SearchAction\",\"target\":{\"@type\":\"EntryPoint\",\"urlTemplate\":\"https:\/\/tuffigorapidex.com\/en\/?s={search_term_string}\"},\"query-input\":\"required name=search_term_string\"}],\"inLanguage\":\"en-US\"},{\"@type\":\"Organization\",\"@id\":\"https:\/\/tuffigorapidex.com\/en\/#organization\",\"name\":\"Tuffigo Rapidex\",\"url\":\"https:\/\/tuffigorapidex.com\/en\/\",\"logo\":{\"@type\":\"ImageObject\",\"inLanguage\":\"en-US\",\"@id\":\"https:\/\/tuffigorapidex.com\/en\/#\/schema\/logo\/image\/\",\"url\":\"https:\/\/tuffigorapidex.com\/app\/uploads\/2023\/12\/TUFFIGO-logo.png\",\"contentUrl\":\"https:\/\/tuffigorapidex.com\/app\/uploads\/2023\/12\/TUFFIGO-logo.png\",\"width\":188,\"height\":184,\"caption\":\"Tuffigo Rapidex\"},\"image\":{\"@id\":\"https:\/\/tuffigorapidex.com\/en\/#\/schema\/logo\/image\/\"},\"sameAs\":[\"https:\/\/www.facebook.com\/tuffigorapidexsas\/\"]}]}<\/script>\n<!-- \/ Yoast SEO plugin. -->","yoast_head_json":{"title":"TUFFIGO RAPIDEX : Leader des \u00e9quipements d'\u00e9levage hors sol","robots":{"index":"index","follow":"follow","max-snippet":"max-snippet:-1","max-image-preview":"max-image-preview:large","max-video-preview":"max-video-preview:-1"},"canonical":"https:\/\/tuffigorapidex.com\/en\/","og_locale":"en_US","og_type":"article","og_title":"TUFFIGO RAPIDEX : Leader des \u00e9quipements d'\u00e9levage hors sol","og_description":"[vc_row][vc_column][vc_custom_heading text=&#8221;Ventilation or ##feeding####high-performance## solutions for every species&#8221; font_container=&#8221;tag:h2|text_align:center&#8221;][vc_column_text el_class=&#8221;soustitre&#8221;]Tuffigo Rapidex, designer of innovative and intuitive solutions to free up","og_url":"https:\/\/tuffigorapidex.com\/en\/","og_site_name":"Tuffigo Rapidex","article_publisher":"https:\/\/www.facebook.com\/tuffigorapidexsas\/","article_modified_time":"2025-11-25T11:04:05+00:00","og_image":[{"width":188,"height":184,"url":"https:\/\/tuffigorapidex.com\/app\/uploads\/2023\/12\/TUFFIGO-logo.png","type":"image\/png"}],"twitter_card":"summary_large_image","twitter_misc":{"Est. reading time":"3 minutes"},"schema":{"@context":"https:\/\/schema.org","@graph":[{"@type":"WebPage","@id":"https:\/\/tuffigorapidex.com\/en\/","url":"https:\/\/tuffigorapidex.com\/en\/","name":"TUFFIGO RAPIDEX : Leader des \u00e9quipements d'\u00e9levage hors sol","isPartOf":{"@id":"https:\/\/tuffigorapidex.com\/en\/#website"},"datePublished":"2021-02-15T13:47:49+00:00","dateModified":"2025-11-25T11:04:05+00:00","breadcrumb":{"@id":"https:\/\/tuffigorapidex.com\/en\/#breadcrumb"},"inLanguage":"en-US","potentialAction":[{"@type":"ReadAction","target":["https:\/\/tuffigorapidex.com\/en\/"]}]},{"@type":"BreadcrumbList","@id":"https:\/\/tuffigorapidex.com\/en\/#breadcrumb","itemListElement":[{"@type":"ListItem","position":1,"name":"Accueil","item":"https:\/\/tuffigorapidex.com\/en\/"},{"@type":"ListItem","position":2,"name":"Home"}]},{"@type":"WebSite","@id":"https:\/\/tuffigorapidex.com\/en\/#website","url":"https:\/\/tuffigorapidex.com\/en\/","name":"TUFFIGO RAPIDEX","description":"Leader fran\u00e7ais des \u00e9quipements d&#039;\u00e9levage hors sol","publisher":{"@id":"https:\/\/tuffigorapidex.com\/en\/#organization"},"potentialAction":[{"@type":"SearchAction","target":{"@type":"EntryPoint","urlTemplate":"https:\/\/tuffigorapidex.com\/en\/?s={search_term_string}"},"query-input":"required name=search_term_string"}],"inLanguage":"en-US"},{"@type":"Organization","@id":"https:\/\/tuffigorapidex.com\/en\/#organization","name":"Tuffigo Rapidex","url":"https:\/\/tuffigorapidex.com\/en\/","logo":{"@type":"ImageObject","inLanguage":"en-US","@id":"https:\/\/tuffigorapidex.com\/en\/#\/schema\/logo\/image\/","url":"https:\/\/tuffigorapidex.com\/app\/uploads\/2023\/12\/TUFFIGO-logo.png","contentUrl":"https:\/\/tuffigorapidex.com\/app\/uploads\/2023\/12\/TUFFIGO-logo.png","width":188,"height":184,"caption":"Tuffigo Rapidex"},"image":{"@id":"https:\/\/tuffigorapidex.com\/en\/#\/schema\/logo\/image\/"},"sameAs":["https:\/\/www.facebook.com\/tuffigorapidexsas\/"]}]}},"_links":{"self":[{"href":"https:\/\/tuffigorapidex.com\/en\/wp-json\/wp\/v2\/pages\/6535"}],"collection":[{"href":"https:\/\/tuffigorapidex.com\/en\/wp-json\/wp\/v2\/pages"}],"about":[{"href":"https:\/\/tuffigorapidex.com\/en\/wp-json\/wp\/v2\/types\/page"}],"author":[{"embeddable":true,"href":"https:\/\/tuffigorapidex.com\/en\/wp-json\/wp\/v2\/users\/6"}],"replies":[{"embeddable":true,"href":"https:\/\/tuffigorapidex.com\/en\/wp-json\/wp\/v2\/comments?post=6535"}],"version-history":[{"count":16,"href":"https:\/\/tuffigorapidex.com\/en\/wp-json\/wp\/v2\/pages\/6535\/revisions"}],"predecessor-version":[{"id":8494,"href":"https:\/\/tuffigorapidex.com\/en\/wp-json\/wp\/v2\/pages\/6535\/revisions\/8494"}],"wp:attachment":[{"href":"https:\/\/tuffigorapidex.com\/en\/wp-json\/wp\/v2\/media?parent=6535"}],"curies":[{"name":"wp","href":"https:\/\/api.w.org\/{rel}","templated":true}]}}