{"id":7207,"date":"2021-04-07T07:16:58","date_gmt":"2021-04-07T07:16:58","guid":{"rendered":"https:\/\/tuffigorapidex.com\/solutions-per-livestock-species\/porc\/"},"modified":"2025-09-18T14:15:02","modified_gmt":"2025-09-18T14:15:02","slug":"swine","status":"publish","type":"page","link":"https:\/\/tuffigorapidex.com\/en\/solutions-per-livestock-species\/swine\/","title":{"rendered":"Swine"},"content":{"rendered":"<p>[vc_row][vc_column][vc_custom_heading text=&#8221;A ##complete range## for pig farming&#8221; font_container=&#8221;tag:h2|text_align:center&#8221;][vc_column_text]Swine farming is based on particular attention being paid to each physiological stage of the animal. Our range of feeding and ventilation systems will enable you to manage and regulate your buildings in real time, thanks to daily monitoring and readings.[\/vc_column_text][\/vc_column][\/vc_row][vc_row][vc_column][vc_custom_heading text=&#8221;A ##Feed system tailored## to your requirements and your environment&#8221; font_container=&#8221;tag:h2|text_align:center&#8221;][\/vc_column][\/vc_row][vc_row][vc_column width=&#8221;1\/4&#8243;]<div class=\"ult-new-ib ult-ib-effect-style2  ult-ib-resp  \" data-min-width=\"768\" data-max-width=\"900\" style=\"\" data-opacity=\"0.7\" data-hover-opacity=\"0.4\" ><img class=\"ult-new-ib-img\" style=\"opacity:0.7;\" alt=\"null\" src=\"https:\/\/tuffigorapidex.com\/app\/uploads\/2022\/12\/TuffigoRapidex_Concept_Alimentation_Soupe_Tandem.jpg\"   \/><div id=\"interactive-banner-wrap-1989\" class=\"ult-new-ib-desc\" style=\"\"><h3 class=\"ult-new-ib-title ult-responsive\"  data-ultimate-target='#interactive-banner-wrap-1989 .ult-new-ib-title'  data-responsive-json-new='{\"font-size\":\"\",\"line-height\":\"\"}'  style=\"font-weight:normal;\">Liquid feed: TANDEM liquid feed<\/h3><\/div><a class=\"ult-new-ib-link\" href=\"https:\/\/tuffigorapidex.com\/en\/concepts\/feeding-system-design-liquid-feed-tandem-liquid-feed\/\" title=\"soupe tandem\"  ><\/a><\/div>[\/vc_column][vc_column width=&#8221;1\/4&#8243;]<div class=\"ult-new-ib ult-ib-effect-style2  ult-ib-resp  \" data-min-width=\"768\" data-max-width=\"900\" style=\"\" data-opacity=\"0.7\" data-hover-opacity=\"0.4\" ><img class=\"ult-new-ib-img\" style=\"opacity:0.7;\" alt=\"null\" src=\"https:\/\/tuffigorapidex.com\/app\/uploads\/2022\/12\/TuffigoRapidex_Concept_Alimentation_Liquide_Separation_Menu.jpg\"   \/><div id=\"interactive-banner-wrap-1406\" class=\"ult-new-ib-desc\" style=\"\"><h3 class=\"ult-new-ib-title ult-responsive\"  data-ultimate-target='#interactive-banner-wrap-1406 .ult-new-ib-title'  data-responsive-json-new='{\"font-size\":\"\",\"line-height\":\"\"}'  style=\"font-weight:normal;\">Liquid feed: RESIDUE-FREE MENU DIVISION<\/h3><\/div><a class=\"ult-new-ib-link\" href=\"https:\/\/tuffigorapidex.com\/en\/concepts\/concept-alimentation-liquide-separation-de-menu-sans-residu\/\" title=\"s\u00e9paration de menu sans r\u00e9sidu\"  ><\/a><\/div>[\/vc_column][vc_column width=&#8221;1\/4&#8243;]<div class=\"ult-new-ib ult-ib-effect-style2  ult-ib-resp  \" data-min-width=\"768\" data-max-width=\"900\" style=\"\" data-opacity=\"0.7\" data-hover-opacity=\"0.4\" ><img class=\"ult-new-ib-img\" style=\"opacity:0.7;\" alt=\"null\" src=\"https:\/\/tuffigorapidex.com\/app\/uploads\/2022\/12\/TuffigoRapidex_Concept_Alimentation_Liquide_Circuit_Plein.jpg\"   \/><div id=\"interactive-banner-wrap-5889\" class=\"ult-new-ib-desc\" style=\"\"><h3 class=\"ult-new-ib-title ult-responsive\"  data-ultimate-target='#interactive-banner-wrap-5889 .ult-new-ib-title'  data-responsive-json-new='{\"font-size\":\"\",\"line-height\":\"\"}'  style=\"font-weight:normal;\">Liquid feed: FULL CIRCUIT<\/h3><\/div><a class=\"ult-new-ib-link\" href=\"https:\/\/tuffigorapidex.com\/en\/concepts\/liquid-feed-full-circuit\/\" title=\"circuit plein\"  ><\/a><\/div>[\/vc_column][vc_column width=&#8221;1\/4&#8243;]<div class=\"ult-new-ib ult-ib-effect-style2  ult-ib-resp  \" data-min-width=\"768\" data-max-width=\"900\" style=\"\" data-opacity=\"0.7\" data-hover-opacity=\"0.4\" ><img class=\"ult-new-ib-img\" style=\"opacity:0.7;\" alt=\"null\" src=\"https:\/\/tuffigorapidex.com\/app\/uploads\/2022\/12\/TuffigoRapidex_Concept_Alimentation_Liquide_Presoupe.jpg\"   \/><div id=\"interactive-banner-wrap-4412\" class=\"ult-new-ib-desc\" style=\"\"><h3 class=\"ult-new-ib-title ult-responsive\"  data-ultimate-target='#interactive-banner-wrap-4412 .ult-new-ib-title'  data-responsive-json-new='{\"font-size\":\"\",\"line-height\":\"\"}'  style=\"font-weight:normal;\">Liquid feed: \u201cPRE-SOUP\u201d<\/h3><\/div><a class=\"ult-new-ib-link\" href=\"https:\/\/tuffigorapidex.com\/en\/concepts\/concept-alimentation-liquide-presoupe\/\" title=\"Pr\u00e9soupe\"  ><\/a><\/div>[\/vc_column][\/vc_row][vc_row][vc_column width=&#8221;1\/4&#8243;]<div class=\"ult-new-ib ult-ib-effect-style2  ult-ib-resp  \" data-min-width=\"768\" data-max-width=\"900\" style=\"\" data-opacity=\"0.7\" data-hover-opacity=\"0.4\" ><img class=\"ult-new-ib-img\" style=\"opacity:0.7;\" alt=\"null\" src=\"https:\/\/tuffigorapidex.com\/app\/uploads\/2022\/12\/TuffigoRapidex_Concept_Alimentation_Porc_Croissance.jpg\"   \/><div id=\"interactive-banner-wrap-4890\" class=\"ult-new-ib-desc\" style=\"\"><h3 class=\"ult-new-ib-title ult-responsive\"  data-ultimate-target='#interactive-banner-wrap-4890 .ult-new-ib-title'  data-responsive-json-new='{\"font-size\":\"\",\"line-height\":\"\"}'  style=\"font-weight:normal;\">Nutrition for fattening pigs<\/h3><\/div><a class=\"ult-new-ib-link\" href=\"https:\/\/tuffigorapidex.com\/en\/concepts\/nutrition-for-fattening-pigs-fattening-pigs\/\" title=\"Alimentation des Porcs en croissance\"  ><\/a><\/div>[\/vc_column][vc_column width=&#8221;1\/4&#8243;]<div class=\"ult-new-ib ult-ib-effect-style2  ult-ib-resp  \" data-min-width=\"768\" data-max-width=\"900\" style=\"\" data-opacity=\"0.7\" data-hover-opacity=\"0.4\" ><img class=\"ult-new-ib-img\" style=\"opacity:0.7;\" alt=\"null\" src=\"https:\/\/tuffigorapidex.com\/app\/uploads\/2022\/12\/TuffigoRapidex_Concept_Alimentation_Maternite.jpg\"   \/><div id=\"interactive-banner-wrap-6168\" class=\"ult-new-ib-desc\" style=\"\"><h3 class=\"ult-new-ib-title ult-responsive\"  data-ultimate-target='#interactive-banner-wrap-6168 .ult-new-ib-title'  data-responsive-json-new='{\"font-size\":\"\",\"line-height\":\"\"}'  style=\"font-weight:normal;\">Feeding sows during the farrowing period<\/h3><\/div><a class=\"ult-new-ib-link\" href=\"https:\/\/tuffigorapidex.com\/en\/concepts\/feeding-sows-during-the-farrowing-period\/\" title=\"Alimentation des truies en maternit\u00e9\"  ><\/a><\/div>[\/vc_column][vc_column width=&#8221;1\/4&#8243;]<div class=\"ult-new-ib ult-ib-effect-style2  ult-ib-resp  \" data-min-width=\"768\" data-max-width=\"900\" style=\"\" data-opacity=\"0.7\" data-hover-opacity=\"0.4\" ><img class=\"ult-new-ib-img\" style=\"opacity:0.7;\" alt=\"null\" src=\"https:\/\/tuffigorapidex.com\/app\/uploads\/2022\/12\/TuffigoRapidex_Concept_Alimentation_Gestante.jpg\"   \/><div id=\"interactive-banner-wrap-6137\" class=\"ult-new-ib-desc\" style=\"\"><h3 class=\"ult-new-ib-title ult-responsive\"  data-ultimate-target='#interactive-banner-wrap-6137 .ult-new-ib-title'  data-responsive-json-new='{\"font-size\":\"\",\"line-height\":\"\"}'  style=\"font-weight:normal;\">Feeding pregnant sows<\/h3><\/div><a class=\"ult-new-ib-link\" href=\"https:\/\/tuffigorapidex.com\/en\/concepts\/feeding-pregnant-sows\/\" title=\"Alimentation des truies gestantes\"  ><\/a><\/div>[\/vc_column][vc_column width=&#8221;1\/4&#8243;][\/vc_column][\/vc_row][vc_row][vc_column][vc_empty_space height=&#8221;10px&#8221;][\/vc_column][\/vc_row][vc_row parallax=&#8221;content-moving&#8221; parallax_image=&#8221;1568&#8243; el_class=&#8221;categorie-univers&#8221;][vc_column][vc_custom_heading text=&#8221;A SOLUTION FOR ALL TYPES OF LIVESTOCK FARMING&#8221; font_container=&#8221;tag:h3|text_align:center|color:%23ffffff&#8221;][vc_btn title=&#8221;Our range of products&#8221; align=&#8221;center&#8221; link=&#8221;url:https%3A%2F%2Ftuffigorapidex.com%2Fen%2Fsolutions-per-livestock-species%2Fswine%2Four-swine-product-ranges%2F|title:Nos%20gamme%20de%20produits%20porc&#8221; el_class=&#8221;porc&#8221;][\/vc_column][\/vc_row][vc_row][vc_column][vc_empty_space height=&#8221;30px&#8221;][vc_custom_heading text=&#8221;A ##Ventilation## system tailored to your requirements<br \/>\r\nand your environment&#8221; font_container=&#8221;tag:h2|text_align:center&#8221;][\/vc_column][\/vc_row][vc_row][vc_column width=&#8221;1\/5&#8243;]<div class=\"ult-new-ib ult-ib-effect-style2  ult-ib-resp  \" data-min-width=\"768\" data-max-width=\"900\" style=\"\" data-opacity=\"0.7\" data-hover-opacity=\"0.4\" ><img class=\"ult-new-ib-img\" style=\"opacity:0.7;\" alt=\"null\" src=\"https:\/\/tuffigorapidex.com\/app\/uploads\/2022\/12\/TuffigoRapidex_Concept_Ventilation_Statique.jpg\"   \/><div id=\"interactive-banner-wrap-2748\" class=\"ult-new-ib-desc\" style=\"\"><h3 class=\"ult-new-ib-title ult-responsive\"  data-ultimate-target='#interactive-banner-wrap-2748 .ult-new-ib-title'  data-responsive-json-new='{\"font-size\":\"\",\"line-height\":\"\"}'  style=\"font-weight:normal;\">STATIC (LOW ENERGY CONSUMPTION)<\/h3><\/div><a class=\"ult-new-ib-link\" href=\"https:\/\/tuffigorapidex.com\/en\/concepts\/static-ventilation-concept-low-energy-consumption\/\" title=\"Concept Ventilation Statique (Faible consommation \u00e9nergie)\"  ><\/a><\/div>[\/vc_column][vc_column width=&#8221;1\/5&#8243;]<div class=\"ult-new-ib ult-ib-effect-style2  ult-ib-resp  \" data-min-width=\"768\" data-max-width=\"900\" style=\"\" data-opacity=\"0.7\" data-hover-opacity=\"0.4\" ><img class=\"ult-new-ib-img\" style=\"opacity:0.7;\" alt=\"null\" src=\"https:\/\/tuffigorapidex.com\/app\/uploads\/2022\/12\/TuffigoRapidex_Concept_Ventilation_GaineCentralisee.jpg\"   \/><div id=\"interactive-banner-wrap-9578\" class=\"ult-new-ib-desc\" style=\"\"><h3 class=\"ult-new-ib-title ult-responsive\"  data-ultimate-target='#interactive-banner-wrap-9578 .ult-new-ib-title'  data-responsive-json-new='{\"font-size\":\"\",\"line-height\":\"\"}'  style=\"font-weight:normal;\">Centralised Duct with Air Wash<\/h3><\/div><a class=\"ult-new-ib-link\" href=\"https:\/\/tuffigorapidex.com\/en\/concepts\/ventilation-design-centralised-duct-with-air-wash\/\" title=\"Concept Ventilation Gaine Centralis\u00e9e avec Lavage d\u2019air\"  ><\/a><\/div>[\/vc_column][vc_column width=&#8221;1\/5&#8243;]<div class=\"ult-new-ib ult-ib-effect-style2  ult-ib-resp  \" data-min-width=\"768\" data-max-width=\"900\" style=\"\" data-opacity=\"0.7\" data-hover-opacity=\"0.4\" ><img class=\"ult-new-ib-img\" style=\"opacity:0.7;\" alt=\"null\" src=\"https:\/\/tuffigorapidex.com\/app\/uploads\/2022\/12\/TuffigoRapidex_Concept_Ventilation_Trappe_KanDiff.jpg\"   \/><div id=\"interactive-banner-wrap-2540\" class=\"ult-new-ib-desc\" style=\"\"><h3 class=\"ult-new-ib-title ult-responsive\"  data-ultimate-target='#interactive-banner-wrap-2540 .ult-new-ib-title'  data-responsive-json-new='{\"font-size\":\"\",\"line-height\":\"\"}'  style=\"font-weight:normal;\">KAN\u2019DIFF HATCH<\/h3><\/div><a class=\"ult-new-ib-link\" href=\"https:\/\/tuffigorapidex.com\/en\/concepts\/ventilation-design-kandiff-hatch\/\" title=\"Concept Ventilation Trappe KanDiff\"  ><\/a><\/div>[\/vc_column][vc_column width=&#8221;1\/5&#8243;]<div class=\"ult-new-ib ult-ib-effect-style2  ult-ib-resp  \" data-min-width=\"768\" data-max-width=\"900\" style=\"\" data-opacity=\"0.7\" data-hover-opacity=\"0.4\" ><img class=\"ult-new-ib-img\" style=\"opacity:0.7;\" alt=\"null\" src=\"https:\/\/tuffigorapidex.com\/app\/uploads\/2022\/12\/TuffigoRapidex_Concept_Ventilation_Trappe_KanAir.jpg\"   \/><div id=\"interactive-banner-wrap-9359\" class=\"ult-new-ib-desc\" style=\"\"><h3 class=\"ult-new-ib-title ult-responsive\"  data-ultimate-target='#interactive-banner-wrap-9359 .ult-new-ib-title'  data-responsive-json-new='{\"font-size\":\"\",\"line-height\":\"\"}'  style=\"font-weight:normal;\">KAN\u2019AIR HATCH<\/h3><\/div><a class=\"ult-new-ib-link\" href=\"https:\/\/tuffigorapidex.com\/en\/concepts\/ventilation-design-kanair-hatch\/\" title=\"Concept Ventilation Trappe KanAir\"  ><\/a><\/div>[\/vc_column][vc_column width=&#8221;1\/5&#8243;]<div class=\"ult-new-ib ult-ib-effect-style2  ult-ib-resp  \" data-min-width=\"768\" data-max-width=\"900\" style=\"\" data-opacity=\"0.7\" data-hover-opacity=\"0.4\" ><img class=\"ult-new-ib-img\" style=\"opacity:0.7;\" alt=\"null\" src=\"https:\/\/tuffigorapidex.com\/app\/uploads\/2022\/12\/TuffigoRapidex_Concept_Ventilation_PlafondDiff.jpg\"   \/><div id=\"interactive-banner-wrap-4680\" class=\"ult-new-ib-desc\" style=\"\"><h3 class=\"ult-new-ib-title ult-responsive\"  data-ultimate-target='#interactive-banner-wrap-4680 .ult-new-ib-title'  data-responsive-json-new='{\"font-size\":\"\",\"line-height\":\"\"}'  style=\"font-weight:normal;\">CEILING DIFFUSER<\/h3><\/div><a class=\"ult-new-ib-link\" href=\"https:\/\/tuffigorapidex.com\/en\/concepts\/concept-ventilation-ceiling-diffuser\/\" title=\"Concept Ventilation Plafond diffuseur\"  ><\/a><\/div>[\/vc_column][\/vc_row][vc_row][vc_column][vc_empty_space height=&#8221;30px&#8221;][\/vc_column][\/vc_row]<\/p>\r\n","protected":false},"excerpt":{"rendered":"<p>[vc_row][vc_column][vc_custom_heading text=&#8221;A ##complete range## for pig farming&#8221; font_container=&#8221;tag:h2|text_align:center&#8221;][vc_column_text]Swine <span class=\"more\">...<\/span>","protected":false},"author":6,"featured_media":0,"parent":519,"menu_order":220,"comment_status":"closed","ping_status":"closed","template":"views\/template-univers.blade.php","meta":{"inline_featured_image":false},"acf":[],"yoast_head":"<!-- This site is optimized with the Yoast SEO plugin v21.3 - https:\/\/yoast.com\/wordpress\/plugins\/seo\/ -->\n<title>Solutions pour l\u2019\u00e9levage porcin | Tuffigo Rapidex<\/title>\n<meta name=\"robots\" content=\"index, follow, max-snippet:-1, max-image-preview:large, max-video-preview:-1\" \/>\n<link rel=\"canonical\" href=\"https:\/\/tuffigorapidex.com\/en\/solutions-per-livestock-species\/swine\/\" \/>\n<meta property=\"og:locale\" content=\"en_US\" \/>\n<meta property=\"og:type\" content=\"article\" \/>\n<meta property=\"og:title\" content=\"Solutions pour l\u2019\u00e9levage porcin | Tuffigo Rapidex\" \/>\n<meta property=\"og:description\" content=\"[vc_row][vc_column][vc_custom_heading text=&#8221;A ##complete range## for pig farming&#8221; font_container=&#8221;tag:h2|text_align:center&#8221;][vc_column_text]Swine farming is based on particular attention being paid to each physiological stage\" \/>\n<meta property=\"og:url\" content=\"https:\/\/tuffigorapidex.com\/en\/solutions-per-livestock-species\/swine\/\" \/>\n<meta property=\"og:site_name\" content=\"Tuffigo Rapidex\" \/>\n<meta property=\"article:publisher\" content=\"https:\/\/www.facebook.com\/tuffigorapidexsas\/\" \/>\n<meta property=\"article:modified_time\" content=\"2025-09-18T14:15:02+00:00\" \/>\n<meta property=\"og:image\" content=\"https:\/\/tuffigorapidex.com\/app\/uploads\/2023\/12\/TUFFIGO-logo.png\" \/>\n\t<meta property=\"og:image:width\" content=\"188\" \/>\n\t<meta property=\"og:image:height\" content=\"184\" \/>\n\t<meta property=\"og:image:type\" content=\"image\/png\" \/>\n<meta name=\"twitter:card\" content=\"summary_large_image\" \/>\n<meta name=\"twitter:label1\" content=\"Est. reading time\" \/>\n\t<meta name=\"twitter:data1\" content=\"2 minutes\" \/>\n<script type=\"application\/ld+json\" class=\"yoast-schema-graph\">{\"@context\":\"https:\/\/schema.org\",\"@graph\":[{\"@type\":\"WebPage\",\"@id\":\"https:\/\/tuffigorapidex.com\/en\/solutions-per-livestock-species\/swine\/\",\"url\":\"https:\/\/tuffigorapidex.com\/en\/solutions-per-livestock-species\/swine\/\",\"name\":\"Solutions pour l\u2019\u00e9levage porcin | Tuffigo Rapidex\",\"isPartOf\":{\"@id\":\"https:\/\/tuffigorapidex.com\/en\/#website\"},\"datePublished\":\"2021-04-07T07:16:58+00:00\",\"dateModified\":\"2025-09-18T14:15:02+00:00\",\"breadcrumb\":{\"@id\":\"https:\/\/tuffigorapidex.com\/en\/solutions-per-livestock-species\/swine\/#breadcrumb\"},\"inLanguage\":\"en-US\",\"potentialAction\":[{\"@type\":\"ReadAction\",\"target\":[\"https:\/\/tuffigorapidex.com\/en\/solutions-per-livestock-species\/swine\/\"]}]},{\"@type\":\"BreadcrumbList\",\"@id\":\"https:\/\/tuffigorapidex.com\/en\/solutions-per-livestock-species\/swine\/#breadcrumb\",\"itemListElement\":[{\"@type\":\"ListItem\",\"position\":1,\"name\":\"Accueil\",\"item\":\"https:\/\/tuffigorapidex.com\/en\/\"},{\"@type\":\"ListItem\",\"position\":2,\"name\":\"Solutions per livestock species\",\"item\":\"https:\/\/tuffigorapidex.com\/en\/solutions-per-livestock-species\/\"},{\"@type\":\"ListItem\",\"position\":3,\"name\":\"Swine\"}]},{\"@type\":\"WebSite\",\"@id\":\"https:\/\/tuffigorapidex.com\/en\/#website\",\"url\":\"https:\/\/tuffigorapidex.com\/en\/\",\"name\":\"TUFFIGO RAPIDEX\",\"description\":\"Leader fran\u00e7ais des \u00e9quipements d&#039;\u00e9levage hors sol\",\"publisher\":{\"@id\":\"https:\/\/tuffigorapidex.com\/en\/#organization\"},\"potentialAction\":[{\"@type\":\"SearchAction\",\"target\":{\"@type\":\"EntryPoint\",\"urlTemplate\":\"https:\/\/tuffigorapidex.com\/en\/?s={search_term_string}\"},\"query-input\":\"required name=search_term_string\"}],\"inLanguage\":\"en-US\"},{\"@type\":\"Organization\",\"@id\":\"https:\/\/tuffigorapidex.com\/en\/#organization\",\"name\":\"Tuffigo Rapidex\",\"url\":\"https:\/\/tuffigorapidex.com\/en\/\",\"logo\":{\"@type\":\"ImageObject\",\"inLanguage\":\"en-US\",\"@id\":\"https:\/\/tuffigorapidex.com\/en\/#\/schema\/logo\/image\/\",\"url\":\"https:\/\/tuffigorapidex.com\/app\/uploads\/2023\/12\/TUFFIGO-logo.png\",\"contentUrl\":\"https:\/\/tuffigorapidex.com\/app\/uploads\/2023\/12\/TUFFIGO-logo.png\",\"width\":188,\"height\":184,\"caption\":\"Tuffigo Rapidex\"},\"image\":{\"@id\":\"https:\/\/tuffigorapidex.com\/en\/#\/schema\/logo\/image\/\"},\"sameAs\":[\"https:\/\/www.facebook.com\/tuffigorapidexsas\/\"]}]}<\/script>\n<!-- \/ Yoast SEO plugin. -->","yoast_head_json":{"title":"Solutions pour l\u2019\u00e9levage porcin | Tuffigo Rapidex","robots":{"index":"index","follow":"follow","max-snippet":"max-snippet:-1","max-image-preview":"max-image-preview:large","max-video-preview":"max-video-preview:-1"},"canonical":"https:\/\/tuffigorapidex.com\/en\/solutions-per-livestock-species\/swine\/","og_locale":"en_US","og_type":"article","og_title":"Solutions pour l\u2019\u00e9levage porcin | Tuffigo Rapidex","og_description":"[vc_row][vc_column][vc_custom_heading text=&#8221;A ##complete range## for pig farming&#8221; font_container=&#8221;tag:h2|text_align:center&#8221;][vc_column_text]Swine farming is based on particular attention being paid to each physiological stage","og_url":"https:\/\/tuffigorapidex.com\/en\/solutions-per-livestock-species\/swine\/","og_site_name":"Tuffigo Rapidex","article_publisher":"https:\/\/www.facebook.com\/tuffigorapidexsas\/","article_modified_time":"2025-09-18T14:15:02+00:00","og_image":[{"width":188,"height":184,"url":"https:\/\/tuffigorapidex.com\/app\/uploads\/2023\/12\/TUFFIGO-logo.png","type":"image\/png"}],"twitter_card":"summary_large_image","twitter_misc":{"Est. reading time":"2 minutes"},"schema":{"@context":"https:\/\/schema.org","@graph":[{"@type":"WebPage","@id":"https:\/\/tuffigorapidex.com\/en\/solutions-per-livestock-species\/swine\/","url":"https:\/\/tuffigorapidex.com\/en\/solutions-per-livestock-species\/swine\/","name":"Solutions pour l\u2019\u00e9levage porcin | Tuffigo Rapidex","isPartOf":{"@id":"https:\/\/tuffigorapidex.com\/en\/#website"},"datePublished":"2021-04-07T07:16:58+00:00","dateModified":"2025-09-18T14:15:02+00:00","breadcrumb":{"@id":"https:\/\/tuffigorapidex.com\/en\/solutions-per-livestock-species\/swine\/#breadcrumb"},"inLanguage":"en-US","potentialAction":[{"@type":"ReadAction","target":["https:\/\/tuffigorapidex.com\/en\/solutions-per-livestock-species\/swine\/"]}]},{"@type":"BreadcrumbList","@id":"https:\/\/tuffigorapidex.com\/en\/solutions-per-livestock-species\/swine\/#breadcrumb","itemListElement":[{"@type":"ListItem","position":1,"name":"Accueil","item":"https:\/\/tuffigorapidex.com\/en\/"},{"@type":"ListItem","position":2,"name":"Solutions per livestock species","item":"https:\/\/tuffigorapidex.com\/en\/solutions-per-livestock-species\/"},{"@type":"ListItem","position":3,"name":"Swine"}]},{"@type":"WebSite","@id":"https:\/\/tuffigorapidex.com\/en\/#website","url":"https:\/\/tuffigorapidex.com\/en\/","name":"TUFFIGO RAPIDEX","description":"Leader fran\u00e7ais des \u00e9quipements d&#039;\u00e9levage hors sol","publisher":{"@id":"https:\/\/tuffigorapidex.com\/en\/#organization"},"potentialAction":[{"@type":"SearchAction","target":{"@type":"EntryPoint","urlTemplate":"https:\/\/tuffigorapidex.com\/en\/?s={search_term_string}"},"query-input":"required name=search_term_string"}],"inLanguage":"en-US"},{"@type":"Organization","@id":"https:\/\/tuffigorapidex.com\/en\/#organization","name":"Tuffigo Rapidex","url":"https:\/\/tuffigorapidex.com\/en\/","logo":{"@type":"ImageObject","inLanguage":"en-US","@id":"https:\/\/tuffigorapidex.com\/en\/#\/schema\/logo\/image\/","url":"https:\/\/tuffigorapidex.com\/app\/uploads\/2023\/12\/TUFFIGO-logo.png","contentUrl":"https:\/\/tuffigorapidex.com\/app\/uploads\/2023\/12\/TUFFIGO-logo.png","width":188,"height":184,"caption":"Tuffigo Rapidex"},"image":{"@id":"https:\/\/tuffigorapidex.com\/en\/#\/schema\/logo\/image\/"},"sameAs":["https:\/\/www.facebook.com\/tuffigorapidexsas\/"]}]}},"_links":{"self":[{"href":"https:\/\/tuffigorapidex.com\/en\/wp-json\/wp\/v2\/pages\/7207"}],"collection":[{"href":"https:\/\/tuffigorapidex.com\/en\/wp-json\/wp\/v2\/pages"}],"about":[{"href":"https:\/\/tuffigorapidex.com\/en\/wp-json\/wp\/v2\/types\/page"}],"author":[{"embeddable":true,"href":"https:\/\/tuffigorapidex.com\/en\/wp-json\/wp\/v2\/users\/6"}],"replies":[{"embeddable":true,"href":"https:\/\/tuffigorapidex.com\/en\/wp-json\/wp\/v2\/comments?post=7207"}],"version-history":[{"count":26,"href":"https:\/\/tuffigorapidex.com\/en\/wp-json\/wp\/v2\/pages\/7207\/revisions"}],"predecessor-version":[{"id":7661,"href":"https:\/\/tuffigorapidex.com\/en\/wp-json\/wp\/v2\/pages\/7207\/revisions\/7661"}],"up":[{"embeddable":true,"href":"https:\/\/tuffigorapidex.com\/en\/wp-json\/wp\/v2\/pages\/519"}],"wp:attachment":[{"href":"https:\/\/tuffigorapidex.com\/en\/wp-json\/wp\/v2\/media?parent=7207"}],"curies":[{"name":"wp","href":"https:\/\/api.w.org\/{rel}","templated":true}]}}