{"id":7537,"date":"2022-07-21T15:53:41","date_gmt":"2022-07-21T15:53:41","guid":{"rendered":"https:\/\/tuffigorapidex.com\/solutions-per-livestock-species\/poultry\/label\/"},"modified":"2025-09-18T12:04:13","modified_gmt":"2025-09-18T12:04:13","slug":"label-poultry","status":"publish","type":"page","link":"https:\/\/tuffigorapidex.com\/en\/solutions-per-livestock-species\/poultry\/label-poultry\/","title":{"rendered":"Label poultry"},"content":{"rendered":"<p>[vc_row][vc_column width=&#8221;1\/6&#8243;][\/vc_column][vc_column width=&#8221;2\/3&#8243;][vc_column_text]<\/p><h2 style=\"text-align: center;\">\u201cMeet the specifications of the French SIQO (Official Signs of Quality and Origin)\u201d.<br \/>We offer a complete range of products that comply with all the official guarantees and conditions for label poultry production in France.<\/h2><p style=\"text-align: center;\"><!--more-->Testimonial from a broiler poultry farm in Pordic<br \/>Report on breeding poultry<br \/>Organic laying hens at St Berthevin-la-tanni\u00e8re<\/p><p>[\/vc_column_text][\/vc_column][vc_column width=&#8221;1\/6&#8243;][\/vc_column][\/vc_row][vc_row][vc_column width=&#8221;1\/3&#8243;]<div class=\"menu-gamme entry gestion\" onclick=\"window.location='https:\/\/tuffigorapidex.com\/en\/solutions-per-livestock-species\/poultry\/label-poultry\/livestock-management\/'\">\n<i class=\"icon icon-gestion\"><\/i>\n<h3 class=\"entry-title\">\n  Livestock management<\/h3>\n<div class=\"entry-description\">\n  <div class=\"page\" title=\"Page 13\">\n<div class=\"section\">\n<div class=\"layoutArea\">\n<div class=\"column\">\n<p style=\"text-align: center;\"><span>Building management and optimising farm performance<\/span><\/p>\n<\/div>\n<\/div>\n<\/div>\n<\/div>\n<\/div>\n<\/div>\n[\/vc_column][vc_column width=&#8221;1\/3&#8243;]<div class=\"menu-gamme entry ambiance\" onclick=\"window.location='https:\/\/tuffigorapidex.com\/en\/solutions-per-livestock-species\/poultry\/label-poultry\/welfare-atmosphere\/'\">\n<i class=\"icon icon-ambiance\"><\/i>\n<h3 class=\"entry-title\">\n  Welfare & atmosphere<\/h3>\n<div class=\"entry-description\">\n  <div class=\"page\" title=\"Page 13\">\n<div class=\"section\">\n<div class=\"layoutArea\">\n<div class=\"column\">\n<p style=\"text-align: center;\"><span>Improve building atmosphere and animal welfare throughout the production cycle<\/span><\/p>\n<\/div>\n<\/div>\n<\/div>\n<\/div>\n<\/div>\n<\/div>\n[\/vc_column][vc_column width=&#8221;1\/3&#8243;]<div class=\"menu-gamme entry ventillation\" onclick=\"window.location='https:\/\/tuffigorapidex.com\/en\/solutions-per-livestock-species\/poultry\/label-poultry\/ventilation\/'\">\n<i class=\"icon icon-ventillation\"><\/i>\n<h3 class=\"entry-title\">\n  Ventilation<\/h3>\n<div class=\"entry-description\">\n  <div class=\"page\" title=\"Page 13\">\n<div class=\"section\">\n<div class=\"layoutArea\">\n<div class=\"column\">\n<div class=\"page\" title=\"Page 12\">\n<div class=\"section\">\n<div class=\"layoutArea\">\n<div class=\"column\">\n<p style=\"text-align: center;\"><span>Controlling the environment in buildings to optimise animal growth and output in relation to their rearing method<\/span><\/p>\n<\/div>\n<\/div>\n<\/div>\n<\/div>\n<\/div>\n<\/div>\n<\/div>\n<\/div>\n<\/div>\n<\/div>\n[\/vc_column][\/vc_row][vc_row][vc_column width=&#8221;1\/3&#8243;]<div class=\"menu-gamme entry alimentation\" onclick=\"window.location='https:\/\/tuffigorapidex.com\/en\/solutions-per-livestock-species\/poultry\/label-poultry\/feed-2\/'\">\n<i class=\"icon icon-alimentation\"><\/i>\n<h3 class=\"entry-title\">\n  Feed<\/h3>\n<div class=\"entry-description\">\n  <div class=\"page\" title=\"Page 13\">\n<div class=\"section\">\n<div class=\"layoutArea\">\n<div class=\"column\">\n<div class=\"page\" title=\"Page 12\">\n<div class=\"section\">\n<div class=\"layoutArea\">\n<div class=\"column\">\n<p style=\"text-align: center;\"><span>Managing animal feed and optimising production costs<\/span><\/p>\n<\/div>\n<\/div>\n<\/div>\n<\/div>\n<\/div>\n<\/div>\n<\/div>\n<\/div>\n<\/div>\n<\/div>\n[\/vc_column][vc_column width=&#8221;1\/3&#8243;]<div class=\"menu-gamme entry services\" onclick=\"window.location='https:\/\/tuffigorapidex.com\/en\/solutions-per-livestock-species\/poultry\/label-poultry\/on-line-services\/'\">\n<i class=\"icon icon-services\"><\/i>\n<h3 class=\"entry-title\">\n  On-line services<\/h3>\n<div class=\"entry-description\">\n  <div class=\"page\" title=\"Page 13\">\n<div class=\"section\">\n<div class=\"layoutArea\">\n<div class=\"column\">\n<div class=\"page\" title=\"Page 12\">\n<div class=\"section\">\n<div class=\"layoutArea\">\n<div class=\"column\">\n<p style=\"text-align: center;\"><span>Enriching the Tuffigo Rapidex product user experience with data-driven services<\/span><\/p>\n<\/div>\n<\/div>\n<\/div>\n<\/div>\n<\/div>\n<\/div>\n<\/div>\n<\/div>\n<\/div>\n<\/div>\n[\/vc_column][vc_column width=&#8221;1\/3&#8243;]<div class=\"menu-gamme entry autres\" onclick=\"window.location='https:\/\/tuffigorapidex.com\/en\/solutions-per-livestock-species\/poultry\/label-poultry\/other-services\/'\">\n<i class=\"icon icon-autres\"><\/i>\n<h3 class=\"entry-title\">\n  Other services<\/h3>\n<div class=\"entry-description\">\n  <div class=\"page\" title=\"Page 13\">\n<div class=\"section\">\n<div class=\"layoutArea\">\n<div class=\"column\">\n<div class=\"page\" title=\"Page 12\">\n<div class=\"section\">\n<div class=\"layoutArea\">\n<div class=\"column\">\n<p style=\"text-align: center;\"><span>Services offering installation, commissioning, training in use and any other services ensuring the proper functioning of equipment.<\/span><\/p>\n<\/div>\n<\/div>\n<\/div>\n<\/div>\n<\/div>\n<\/div>\n<\/div>\n<\/div>\n<\/div>\n<\/div>\n[\/vc_column][\/vc_row][vc_row][vc_column][vc_single_image image=&#8221;2746&#8243; img_size=&#8221;full&#8221; alignment=&#8221;center&#8221;][\/vc_column][\/vc_row]<\/p>","protected":false},"excerpt":{"rendered":"<p>[vc_row][vc_column width=&#8221;1\/6&#8243;][\/vc_column][vc_column width=&#8221;2\/3&#8243;][vc_column_text]\u201cMeet <span class=\"more\">...<\/span>","protected":false},"author":6,"featured_media":0,"parent":4261,"menu_order":43,"comment_status":"closed","ping_status":"closed","template":"views\/template-sous-univers.blade.php","meta":{"inline_featured_image":false},"acf":[],"yoast_head":"<!-- This site is optimized with the Yoast SEO plugin v21.3 - https:\/\/yoast.com\/wordpress\/plugins\/seo\/ -->\n<title>Label poultry | Tuffigo Rapidex<\/title>\n<meta name=\"robots\" content=\"index, follow, max-snippet:-1, max-image-preview:large, max-video-preview:-1\" \/>\n<link rel=\"canonical\" href=\"https:\/\/tuffigorapidex.com\/en\/solutions-per-livestock-species\/poultry\/label-poultry\/\" \/>\n<meta property=\"og:locale\" content=\"en_US\" \/>\n<meta property=\"og:type\" content=\"article\" \/>\n<meta property=\"og:title\" content=\"Label poultry | Tuffigo Rapidex\" \/>\n<meta property=\"og:description\" content=\"[vc_row][vc_column width=&#8221;1\/6&#8243;][\/vc_column][vc_column width=&#8221;2\/3&#8243;][vc_column_text]\u201cMeet the specifications of the French SIQO (Official Signs of Quality and Origin)\u201d.We offer a complete range of\" \/>\n<meta property=\"og:url\" content=\"https:\/\/tuffigorapidex.com\/en\/solutions-per-livestock-species\/poultry\/label-poultry\/\" \/>\n<meta property=\"og:site_name\" content=\"Tuffigo Rapidex\" \/>\n<meta property=\"article:publisher\" content=\"https:\/\/www.facebook.com\/tuffigorapidexsas\/\" \/>\n<meta property=\"article:modified_time\" content=\"2025-09-18T12:04:13+00:00\" \/>\n<meta property=\"og:image\" content=\"https:\/\/tuffigorapidex.com\/app\/uploads\/2023\/12\/TUFFIGO-logo.png\" \/>\n\t<meta property=\"og:image:width\" content=\"188\" \/>\n\t<meta property=\"og:image:height\" content=\"184\" \/>\n\t<meta property=\"og:image:type\" content=\"image\/png\" \/>\n<meta name=\"twitter:card\" content=\"summary_large_image\" \/>\n<meta name=\"twitter:label1\" content=\"Est. reading time\" \/>\n\t<meta name=\"twitter:data1\" content=\"1 minute\" \/>\n<script type=\"application\/ld+json\" class=\"yoast-schema-graph\">{\"@context\":\"https:\/\/schema.org\",\"@graph\":[{\"@type\":\"WebPage\",\"@id\":\"https:\/\/tuffigorapidex.com\/en\/solutions-per-livestock-species\/poultry\/label-poultry\/\",\"url\":\"https:\/\/tuffigorapidex.com\/en\/solutions-per-livestock-species\/poultry\/label-poultry\/\",\"name\":\"Label poultry | Tuffigo Rapidex\",\"isPartOf\":{\"@id\":\"https:\/\/tuffigorapidex.com\/en\/#website\"},\"datePublished\":\"2022-07-21T15:53:41+00:00\",\"dateModified\":\"2025-09-18T12:04:13+00:00\",\"breadcrumb\":{\"@id\":\"https:\/\/tuffigorapidex.com\/en\/solutions-per-livestock-species\/poultry\/label-poultry\/#breadcrumb\"},\"inLanguage\":\"en-US\",\"potentialAction\":[{\"@type\":\"ReadAction\",\"target\":[\"https:\/\/tuffigorapidex.com\/en\/solutions-per-livestock-species\/poultry\/label-poultry\/\"]}]},{\"@type\":\"BreadcrumbList\",\"@id\":\"https:\/\/tuffigorapidex.com\/en\/solutions-per-livestock-species\/poultry\/label-poultry\/#breadcrumb\",\"itemListElement\":[{\"@type\":\"ListItem\",\"position\":1,\"name\":\"Accueil\",\"item\":\"https:\/\/tuffigorapidex.com\/en\/\"},{\"@type\":\"ListItem\",\"position\":2,\"name\":\"Solutions per livestock species\",\"item\":\"https:\/\/tuffigorapidex.com\/en\/solutions-per-livestock-species\/\"},{\"@type\":\"ListItem\",\"position\":3,\"name\":\"Poultry\",\"item\":\"https:\/\/tuffigorapidex.com\/en\/solutions-per-livestock-species\/poultry\/\"},{\"@type\":\"ListItem\",\"position\":4,\"name\":\"Label poultry\"}]},{\"@type\":\"WebSite\",\"@id\":\"https:\/\/tuffigorapidex.com\/en\/#website\",\"url\":\"https:\/\/tuffigorapidex.com\/en\/\",\"name\":\"TUFFIGO RAPIDEX\",\"description\":\"Leader fran\u00e7ais des \u00e9quipements d&#039;\u00e9levage hors sol\",\"publisher\":{\"@id\":\"https:\/\/tuffigorapidex.com\/en\/#organization\"},\"potentialAction\":[{\"@type\":\"SearchAction\",\"target\":{\"@type\":\"EntryPoint\",\"urlTemplate\":\"https:\/\/tuffigorapidex.com\/en\/?s={search_term_string}\"},\"query-input\":\"required name=search_term_string\"}],\"inLanguage\":\"en-US\"},{\"@type\":\"Organization\",\"@id\":\"https:\/\/tuffigorapidex.com\/en\/#organization\",\"name\":\"Tuffigo Rapidex\",\"url\":\"https:\/\/tuffigorapidex.com\/en\/\",\"logo\":{\"@type\":\"ImageObject\",\"inLanguage\":\"en-US\",\"@id\":\"https:\/\/tuffigorapidex.com\/en\/#\/schema\/logo\/image\/\",\"url\":\"https:\/\/tuffigorapidex.com\/app\/uploads\/2023\/12\/TUFFIGO-logo.png\",\"contentUrl\":\"https:\/\/tuffigorapidex.com\/app\/uploads\/2023\/12\/TUFFIGO-logo.png\",\"width\":188,\"height\":184,\"caption\":\"Tuffigo Rapidex\"},\"image\":{\"@id\":\"https:\/\/tuffigorapidex.com\/en\/#\/schema\/logo\/image\/\"},\"sameAs\":[\"https:\/\/www.facebook.com\/tuffigorapidexsas\/\"]}]}<\/script>\n<!-- \/ Yoast SEO plugin. -->","yoast_head_json":{"title":"Label poultry | Tuffigo Rapidex","robots":{"index":"index","follow":"follow","max-snippet":"max-snippet:-1","max-image-preview":"max-image-preview:large","max-video-preview":"max-video-preview:-1"},"canonical":"https:\/\/tuffigorapidex.com\/en\/solutions-per-livestock-species\/poultry\/label-poultry\/","og_locale":"en_US","og_type":"article","og_title":"Label poultry | Tuffigo Rapidex","og_description":"[vc_row][vc_column width=&#8221;1\/6&#8243;][\/vc_column][vc_column width=&#8221;2\/3&#8243;][vc_column_text]\u201cMeet the specifications of the French SIQO (Official Signs of Quality and Origin)\u201d.We offer a complete range of","og_url":"https:\/\/tuffigorapidex.com\/en\/solutions-per-livestock-species\/poultry\/label-poultry\/","og_site_name":"Tuffigo Rapidex","article_publisher":"https:\/\/www.facebook.com\/tuffigorapidexsas\/","article_modified_time":"2025-09-18T12:04:13+00:00","og_image":[{"width":188,"height":184,"url":"https:\/\/tuffigorapidex.com\/app\/uploads\/2023\/12\/TUFFIGO-logo.png","type":"image\/png"}],"twitter_card":"summary_large_image","twitter_misc":{"Est. reading time":"1 minute"},"schema":{"@context":"https:\/\/schema.org","@graph":[{"@type":"WebPage","@id":"https:\/\/tuffigorapidex.com\/en\/solutions-per-livestock-species\/poultry\/label-poultry\/","url":"https:\/\/tuffigorapidex.com\/en\/solutions-per-livestock-species\/poultry\/label-poultry\/","name":"Label poultry | Tuffigo Rapidex","isPartOf":{"@id":"https:\/\/tuffigorapidex.com\/en\/#website"},"datePublished":"2022-07-21T15:53:41+00:00","dateModified":"2025-09-18T12:04:13+00:00","breadcrumb":{"@id":"https:\/\/tuffigorapidex.com\/en\/solutions-per-livestock-species\/poultry\/label-poultry\/#breadcrumb"},"inLanguage":"en-US","potentialAction":[{"@type":"ReadAction","target":["https:\/\/tuffigorapidex.com\/en\/solutions-per-livestock-species\/poultry\/label-poultry\/"]}]},{"@type":"BreadcrumbList","@id":"https:\/\/tuffigorapidex.com\/en\/solutions-per-livestock-species\/poultry\/label-poultry\/#breadcrumb","itemListElement":[{"@type":"ListItem","position":1,"name":"Accueil","item":"https:\/\/tuffigorapidex.com\/en\/"},{"@type":"ListItem","position":2,"name":"Solutions per livestock species","item":"https:\/\/tuffigorapidex.com\/en\/solutions-per-livestock-species\/"},{"@type":"ListItem","position":3,"name":"Poultry","item":"https:\/\/tuffigorapidex.com\/en\/solutions-per-livestock-species\/poultry\/"},{"@type":"ListItem","position":4,"name":"Label poultry"}]},{"@type":"WebSite","@id":"https:\/\/tuffigorapidex.com\/en\/#website","url":"https:\/\/tuffigorapidex.com\/en\/","name":"TUFFIGO RAPIDEX","description":"Leader fran\u00e7ais des \u00e9quipements d&#039;\u00e9levage hors sol","publisher":{"@id":"https:\/\/tuffigorapidex.com\/en\/#organization"},"potentialAction":[{"@type":"SearchAction","target":{"@type":"EntryPoint","urlTemplate":"https:\/\/tuffigorapidex.com\/en\/?s={search_term_string}"},"query-input":"required name=search_term_string"}],"inLanguage":"en-US"},{"@type":"Organization","@id":"https:\/\/tuffigorapidex.com\/en\/#organization","name":"Tuffigo Rapidex","url":"https:\/\/tuffigorapidex.com\/en\/","logo":{"@type":"ImageObject","inLanguage":"en-US","@id":"https:\/\/tuffigorapidex.com\/en\/#\/schema\/logo\/image\/","url":"https:\/\/tuffigorapidex.com\/app\/uploads\/2023\/12\/TUFFIGO-logo.png","contentUrl":"https:\/\/tuffigorapidex.com\/app\/uploads\/2023\/12\/TUFFIGO-logo.png","width":188,"height":184,"caption":"Tuffigo Rapidex"},"image":{"@id":"https:\/\/tuffigorapidex.com\/en\/#\/schema\/logo\/image\/"},"sameAs":["https:\/\/www.facebook.com\/tuffigorapidexsas\/"]}]}},"_links":{"self":[{"href":"https:\/\/tuffigorapidex.com\/en\/wp-json\/wp\/v2\/pages\/7537"}],"collection":[{"href":"https:\/\/tuffigorapidex.com\/en\/wp-json\/wp\/v2\/pages"}],"about":[{"href":"https:\/\/tuffigorapidex.com\/en\/wp-json\/wp\/v2\/types\/page"}],"author":[{"embeddable":true,"href":"https:\/\/tuffigorapidex.com\/en\/wp-json\/wp\/v2\/users\/6"}],"replies":[{"embeddable":true,"href":"https:\/\/tuffigorapidex.com\/en\/wp-json\/wp\/v2\/comments?post=7537"}],"version-history":[{"count":5,"href":"https:\/\/tuffigorapidex.com\/en\/wp-json\/wp\/v2\/pages\/7537\/revisions"}],"predecessor-version":[{"id":7586,"href":"https:\/\/tuffigorapidex.com\/en\/wp-json\/wp\/v2\/pages\/7537\/revisions\/7586"}],"up":[{"embeddable":true,"href":"https:\/\/tuffigorapidex.com\/en\/wp-json\/wp\/v2\/pages\/4261"}],"wp:attachment":[{"href":"https:\/\/tuffigorapidex.com\/en\/wp-json\/wp\/v2\/media?parent=7537"}],"curies":[{"name":"wp","href":"https:\/\/api.w.org\/{rel}","templated":true}]}}