{"id":7701,"date":"2021-02-15T13:47:49","date_gmt":"2021-02-15T13:47:49","guid":{"rendered":"https:\/\/tuffigorapidex.com\/accueil\/"},"modified":"2025-11-25T11:04:55","modified_gmt":"2025-11-25T11:04:55","slug":"accueil","status":"publish","type":"page","link":"https:\/\/tuffigorapidex.com\/es\/","title":{"rendered":"inicio"},"content":{"rendered":"<p>[vc_row][vc_column][vc_custom_heading text=&#8221;##Ventilaci\u00f3n## o ##alimentaci\u00f3n##<br \/>de soluciones eficientes para cada especie&#8221; font_container=&#8221;tag:h2|text_align:center&#8221;][vc_column_text el_class=&#8221;soustitre&#8221;]<\/p><p style=\"text-align: center;\">Tuffigo Rapidex, dise\u00f1ador de soluciones innovadoras e intuitivas, que ahorran tiempo y energ\u00eda a los criadores.<br \/>En el campo de la ventilaci\u00f3n o alimentaci\u00f3n, as\u00ed como la conectividad y la recopilaci\u00f3n de datos, los equipos de Tuffigo Rapidex desarrollan y dise\u00f1an productos automatizados innovadores dise\u00f1ados con y para los criadores para facilitar su gesti\u00f3n zoot\u00e9cnica diaria<\/p><p>[\/vc_column_text][\/vc_column][\/vc_row][vc_row][vc_column][vc_row_inner gap=&#8221;35&#8243; el_class=&#8221;especes&#8221;][vc_column_inner width=&#8221;1\/4&#8243;][vc_raw_html]JTNDYSUyMGNsYXNzJTNEJTIyZXNwZWNlcy1saW5rJTIwdm9sYWlsbGUlMjIlMjBocmVmJTNEJTIyaHR0cHMlM0ElMkYlMkZ0dWZmaWdvcmFwaWRleC5jb20lMkZlcyUyRnNvbHVjaW9uZXMtcG9yLWVzcGVjaWVzJTJGYXZlcyUyRiUyMiUyMGFyaWEtbGFiZWwlM0QlMjJWb2xhaWxsZSUyMiUzRSUwQSUzQ3NwYW4lMjBjbGFzcyUzRCUyMmltYWdlJTIyJTNFJTNDaW1nJTIwd2lkdGglM0QlMjI0ODAlMjIlMjBoZWlnaHQlM0QlMjI0ODAlMjIlMjBzcmMlM0QlMjJodHRwcyUzQSUyRiUyRnR1ZmZpZ29yYXBpZGV4LmNvbSUyRmFwcCUyRnVwbG9hZHMlMkYyMDIyJTJGMDYlMkZ2b2xhaWxsZS5qcGclMjIlMjBjbGFzcyUzRCUyMmF0dGFjaG1lbnQtc21hbGxkZXZpY2UlMjBzaXplLXNtYWxsZGV2aWNlJTIyJTIwYWx0JTNEJTIyJTIyJTIwZGVjb2RpbmclM0QlMjJhc3luYyUyMiUyMGxvYWRpbmclM0QlMjJsYXp5JTIyJTIwc3Jjc2V0JTNEJTIyaHR0cHMlM0ElMkYlMkZ0dWZmaWdvcmFwaWRleC5jb20lMkZhcHAlMkZ1cGxvYWRzJTJGMjAyMiUyRjA2JTJGdm9sYWlsbGUuanBnJTIwNDgwdyUyQyUyMGh0dHBzJTNBJTJGJTJGdHVmZmlnb3JhcGlkZXguY29tJTJGYXBwJTJGdXBsb2FkcyUyRjIwMjIlMkYwNiUyRnZvbGFpbGxlLTE1MHgxNTAuanBnJTIwMTUwdyUyQyUyMGh0dHBzJTNBJTJGJTJGdHVmZmlnb3JhcGlkZXguY29tJTJGYXBwJTJGdXBsb2FkcyUyRjIwMjIlMkYwNiUyRnZvbGFpbGxlLTMwMHgzMDAuanBnJTIwMzAwdyUyQyUyMGh0dHBzJTNBJTJGJTJGdHVmZmlnb3JhcGlkZXguY29tJTJGYXBwJTJGdXBsb2FkcyUyRjIwMjIlMkYwNiUyRnZvbGFpbGxlLTMyMHgzMjAuanBnJTIwMzIwdyUyQyUyMGh0dHBzJTNBJTJGJTJGdHVmZmlnb3JhcGlkZXguY29tJTJGYXBwJTJGdXBsb2FkcyUyRjIwMjIlMkYwNiUyRnZvbGFpbGxlLTc1eDc1LmpwZyUyMDc1dyUyMiUyMHNpemVzJTNEJTIyJTI4bWF4LXdpZHRoJTNBJTIwNDgwcHglMjklMjAxMDB2dyUyQyUyMDQ4MHB4JTIyJTNFJTNDJTJGc3BhbiUzRSUwQSUzQ2gzJTIwY2xhc3MlM0QlMjJ0aXRsZSUyMiUzRUF2ZXMlM0MlMkZoMyUzRSUwQSUzQyUyRmElM0U=[\/vc_raw_html][\/vc_column_inner][vc_column_inner width=&#8221;1\/4&#8243;][vc_raw_html]JTNDYSUyMGNsYXNzJTNEJTIyZXNwZWNlcy1saW5rJTIwcG9yYyUyMiUyMGhyZWYlM0QlMjJodHRwcyUzQSUyRiUyRnR1ZmZpZ29yYXBpZGV4LmNvbSUyRmVzJTJGc29sdWNpb25lcy1wb3ItZXNwZWNpZXMlMkZjZXJkbyUyRiUyMiUyMGFyaWEtbGFiZWwlM0QlMjJQb3JjJTIyJTNFJTBBJTNDc3BhbiUyMGNsYXNzJTNEJTIyaW1hZ2UlMjIlM0UlM0NpbWclMjB3aWR0aCUzRCUyMjQ4MCUyMiUyMGhlaWdodCUzRCUyMjQ4MCUyMiUyMHNyYyUzRCUyMmh0dHBzJTNBJTJGJTJGdHVmZmlnb3JhcGlkZXguY29tJTJGYXBwJTJGdXBsb2FkcyUyRjIwMjIlMkYwNiUyRnBvcmMuanBnJTIyJTIwY2xhc3MlM0QlMjJhdHRhY2htZW50LXNtYWxsZGV2aWNlJTIwc2l6ZS1zbWFsbGRldmljZSUyMiUyMGFsdCUzRCUyMiUyMiUyMGRlY29kaW5nJTNEJTIyYXN5bmMlMjIlMjBsb2FkaW5nJTNEJTIybGF6eSUyMiUyMHNyY3NldCUzRCUyMmh0dHBzJTNBJTJGJTJGdHVmZmlnb3JhcGlkZXguY29tJTJGYXBwJTJGdXBsb2FkcyUyRjIwMjIlMkYwNiUyRnBvcmMuanBnJTIwNDgwdyUyQyUyMGh0dHBzJTNBJTJGJTJGdHVmZmlnb3JhcGlkZXguY29tJTJGYXBwJTJGdXBsb2FkcyUyRjIwMjIlMkYwNiUyRnBvcmMtMTUweDE1MC5qcGclMjAxNTB3JTJDJTIwaHR0cHMlM0ElMkYlMkZ0dWZmaWdvcmFwaWRleC5jb20lMkZhcHAlMkZ1cGxvYWRzJTJGMjAyMiUyRjA2JTJGcG9yYy0zMDB4MzAwLmpwZyUyMDMwMHclMkMlMjBodHRwcyUzQSUyRiUyRnR1ZmZpZ29yYXBpZGV4LmNvbSUyRmFwcCUyRnVwbG9hZHMlMkYyMDIyJTJGMDYlMkZwb3JjLTMyMHgzMjAuanBnJTIwMzIwdyUyQyUyMGh0dHBzJTNBJTJGJTJGdHVmZmlnb3JhcGlkZXguY29tJTJGYXBwJTJGdXBsb2FkcyUyRjIwMjIlMkYwNiUyRnBvcmMtNzV4NzUuanBnJTIwNzV3JTIyJTIwc2l6ZXMlM0QlMjIlMjhtYXgtd2lkdGglM0ElMjA0ODBweCUyOSUyMDEwMHZ3JTJDJTIwNDgwcHglMjIlM0UlM0MlMkZzcGFuJTNFJTBBJTNDaDMlMjBjbGFzcyUzRCUyMnRpdGxlJTIyJTNFQ2VyZG8lM0MlMkZoMyUzRSUwQSUzQyUyRmElM0U=[\/vc_raw_html][\/vc_column_inner][vc_column_inner width=&#8221;1\/4&#8243;][vc_raw_html]JTNDYSUyMGNsYXNzJTNEJTIyZXNwZWNlcy1saW5rJTIwYm92aW4lMjIlMjBocmVmJTNEJTIyaHR0cHMlM0ElMkYlMkZ0dWZmaWdvcmFwaWRleC5jb20lMkZlcyUyRnNvbHVjaW9uZXMtcG9yLWVzcGVjaWVzJTJGcnVtaWFudGVzJTJGJTIyJTIwYXJpYS1sYWJlbCUzRCUyMlJ1bWluYW50JTIyJTNFJTBBJTNDc3BhbiUyMGNsYXNzJTNEJTIyaW1hZ2UlMjIlM0UlM0NpbWclMjB3aWR0aCUzRCUyMjQ4MCUyMiUyMGhlaWdodCUzRCUyMjQ4MCUyMiUyMHNyYyUzRCUyMmh0dHBzJTNBJTJGJTJGdHVmZmlnb3JhcGlkZXguY29tJTJGYXBwJTJGdXBsb2FkcyUyRjIwMjIlMkYwNiUyRnJ1bWluYW50LmpwZyUyMiUyMGNsYXNzJTNEJTIyYXR0YWNobWVudC1zbWFsbGRldmljZSUyMHNpemUtc21hbGxkZXZpY2UlMjIlMjBhbHQlM0QlMjIlMjIlMjBkZWNvZGluZyUzRCUyMmFzeW5jJTIyJTIwbG9hZGluZyUzRCUyMmxhenklMjIlMjBzcmNzZXQlM0QlMjJodHRwcyUzQSUyRiUyRnR1ZmZpZ29yYXBpZGV4LmNvbSUyRmFwcCUyRnVwbG9hZHMlMkYyMDIyJTJGMDYlMkZydW1pbmFudC5qcGclMjA0ODB3JTJDJTIwaHR0cHMlM0ElMkYlMkZ0dWZmaWdvcmFwaWRleC5jb20lMkZhcHAlMkZ1cGxvYWRzJTJGMjAyMiUyRjA2JTJGcnVtaW5hbnQtMTUweDE1MC5qcGclMjAxNTB3JTJDJTIwaHR0cHMlM0ElMkYlMkZ0dWZmaWdvcmFwaWRleC5jb20lMkZhcHAlMkZ1cGxvYWRzJTJGMjAyMiUyRjA2JTJGcnVtaW5hbnQtMzAweDMwMC5qcGclMjAzMDB3JTJDJTIwaHR0cHMlM0ElMkYlMkZ0dWZmaWdvcmFwaWRleC5jb20lMkZhcHAlMkZ1cGxvYWRzJTJGMjAyMiUyRjA2JTJGcnVtaW5hbnQtMzIweDMyMC5qcGclMjAzMjB3JTJDJTIwaHR0cHMlM0ElMkYlMkZ0dWZmaWdvcmFwaWRleC5jb20lMkZhcHAlMkZ1cGxvYWRzJTJGMjAyMiUyRjA2JTJGcnVtaW5hbnQtNzV4NzUuanBnJTIwNzV3JTIyJTIwc2l6ZXMlM0QlMjIlMjhtYXgtd2lkdGglM0ElMjA0ODBweCUyOSUyMDEwMHZ3JTJDJTIwNDgwcHglMjIlM0UlM0MlMkZzcGFuJTNFJTBBJTNDaDMlMjBjbGFzcyUzRCUyMnRpdGxlJTIyJTNFUnVtaWFudGVzJTNDJTJGaDMlM0UlMEElM0MlMkZhJTNF[\/vc_raw_html][\/vc_column_inner][vc_column_inner width=&#8221;1\/4&#8243;][vc_raw_html]JTNDYSUyMGNsYXNzJTNEJTIyZXNwZWNlcy1saW5rJTIwYXV0cmUlMjIlMjBocmVmJTNEJTIyaHR0cHMlM0ElMkYlMkZ0dWZmaWdvcmFwaWRleC5jb20lMkZlcyUyRnNvbHVjaW9uZXMtcG9yLWVzcGVjaWVzJTJGb3RyYXMtZXNwZWNpZXMlMkYlMjIlMjBhcmlhLWxhYmVsJTNEJTIyQXV0cmVzJTIwRXNwJUMzJUE4Y2VzJTIyJTNFJTBBJTNDc3BhbiUyMGNsYXNzJTNEJTIyaW1hZ2UlMjIlM0UlM0NpbWclMjB3aWR0aCUzRCUyMjQ4MCUyMiUyMGhlaWdodCUzRCUyMjQ4MCUyMiUyMHNyYyUzRCUyMmh0dHBzJTNBJTJGJTJGdHVmZmlnb3JhcGlkZXguY29tJTJGYXBwJTJGdXBsb2FkcyUyRjIwMjIlMkYwNiUyRmF1dHJlLmpwZyUyMiUyMGNsYXNzJTNEJTIyYXR0YWNobWVudC1zbWFsbGRldmljZSUyMHNpemUtc21hbGxkZXZpY2UlMjIlMjBhbHQlM0QlMjIlMjIlMjBkZWNvZGluZyUzRCUyMmFzeW5jJTIyJTIwbG9hZGluZyUzRCUyMmxhenklMjIlMjBzcmNzZXQlM0QlMjJodHRwcyUzQSUyRiUyRnR1ZmZpZ29yYXBpZGV4LmNvbSUyRmFwcCUyRnVwbG9hZHMlMkYyMDIyJTJGMDYlMkZhdXRyZS5qcGclMjA0ODB3JTJDJTIwaHR0cHMlM0ElMkYlMkZ0dWZmaWdvcmFwaWRleC5jb20lMkZhcHAlMkZ1cGxvYWRzJTJGMjAyMiUyRjA2JTJGYXV0cmUtMTUweDE1MC5qcGclMjAxNTB3JTJDJTIwaHR0cHMlM0ElMkYlMkZ0dWZmaWdvcmFwaWRleC5jb20lMkZhcHAlMkZ1cGxvYWRzJTJGMjAyMiUyRjA2JTJGYXV0cmUtMzAweDMwMC5qcGclMjAzMDB3JTJDJTIwaHR0cHMlM0ElMkYlMkZ0dWZmaWdvcmFwaWRleC5jb20lMkZhcHAlMkZ1cGxvYWRzJTJGMjAyMiUyRjA2JTJGYXV0cmUtMzIweDMyMC5qcGclMjAzMjB3JTJDJTIwaHR0cHMlM0ElMkYlMkZ0dWZmaWdvcmFwaWRleC5jb20lMkZhcHAlMkZ1cGxvYWRzJTJGMjAyMiUyRjA2JTJGYXV0cmUtNzV4NzUuanBnJTIwNzV3JTIyJTIwc2l6ZXMlM0QlMjIlMjhtYXgtd2lkdGglM0ElMjA0ODBweCUyOSUyMDEwMHZ3JTJDJTIwNDgwcHglMjIlM0UlM0MlMkZzcGFuJTNFJTBBJTNDaDMlMjBjbGFzcyUzRCUyMnRpdGxlJTIyJTNFT3RybyUzQyUyRmgzJTNFJTBBJTNDJTJGYSUzRQ==[\/vc_raw_html][\/vc_column_inner][\/vc_row_inner][\/vc_column][\/vc_row][vc_row equal_height=&#8221;yes&#8221; content_placement=&#8221;middle&#8221; css_animation=&#8221;fadeIn&#8221; el_class=&#8221;homeblock left&#8221;][vc_column][vc_row_inner equal_height=&#8221;yes&#8221; content_placement=&#8221;middle&#8221;][vc_column_inner el_class=&#8221;col-img&#8221; width=&#8221;1\/2&#8243;][vc_video link=&#8221;https:\/\/youtu.be\/q-SKQYBwtSA&#8221;][\/vc_column_inner][vc_column_inner el_class=&#8221;col-text first&#8221; width=&#8221;1\/2&#8243;][vc_custom_heading text=&#8221;Tuffigo Rapidex dise\u00f1a ##soluciones## para ##las crianzas##<br \/>de hoy y de ma\u00f1ana&#8221;][vc_column_text]<\/p><p>Su proyecto de cr\u00eda ser\u00e1 pilotado y dise\u00f1ado por nuestras capacidades internas, que constituyen nuestro punto fuerte.<br \/>Nuestros equipos trabajan d\u00eda a d\u00eda para dise\u00f1ar, probar, desarrollar, mejorar y modificar los productos y programas inform\u00e1ticos de toda nuestra gama. La I+D garantiza la fase de dise\u00f1o a partir de un pliego de condiciones surgido de una idea del terreno, de una nueva norma o de la necesidad espec\u00edfica de un cliente.<\/p><p>[\/vc_column_text][vc_btn title=&#8221;M\u00e1s informaci\u00f3n&#8221; link=&#8221;url:https%3A%2F%2Ftuffigorapidex.com%2Fes%2Fsoluciones-por-especies%2F|title:Proc%C3%A9d%C3%A9s%20de%20fabrication&#8221;][\/vc_column_inner][\/vc_row_inner][\/vc_column][\/vc_row][vc_row equal_height=&#8221;yes&#8221; content_placement=&#8221;middle&#8221; css_animation=&#8221;fadeIn&#8221; el_class=&#8221;homeblock right&#8221;][vc_column][vc_row_inner equal_height=&#8221;yes&#8221; content_placement=&#8221;middle&#8221;][vc_column_inner el_class=&#8221;col-text second&#8221; width=&#8221;1\/2&#8243;][vc_custom_heading text=&#8221;Disfrute de todos los ##servicios de Tuffigo##&#8221;][vc_column_text]<\/p><p><span data-sheets-root=\"1\">Tuffigo Rapidex es una empresa familiar que dise\u00f1a y fabrica sus equipos. Nuestra filosof\u00eda es apoyar a cada uno de nuestros clientes y desarrollar con ellos nuestros valores: confianza, escucha, capacidad de respuesta, proximidad y previsi\u00f3n de sus necesidades. Por eso nos comprometemos a garantizar una soluci\u00f3n que se ajuste perfectamente a sus objetivos.<\/span><\/p><p>[\/vc_column_text][vc_btn title=&#8221;M\u00e1s informaci\u00f3n&#8221; link=&#8221;url:https%3A%2F%2Ftuffigorapidex.com%2Fes%2Fcentro-de-servicios%2F|title:service&#8221;][\/vc_column_inner][vc_column_inner el_class=&#8221;col-img&#8221; width=&#8221;1\/2&#8243;][vc_single_image image=&#8221;2288&#8243; img_size=&#8221;full&#8221;][\/vc_column_inner][\/vc_row_inner][\/vc_column][\/vc_row][vc_row equal_height=&#8221;yes&#8221; content_placement=&#8221;middle&#8221; css_animation=&#8221;fadeIn&#8221; el_class=&#8221;homeblock left&#8221; el_id=&#8221;ROW3&#8243;][vc_column][vc_row_inner equal_height=&#8221;yes&#8221; content_placement=&#8221;middle&#8221;][vc_column_inner el_class=&#8221;col-img&#8221; width=&#8221;1\/2&#8243;][vc_single_image image=&#8221;616&#8243; img_size=&#8221;full&#8221;][\/vc_column_inner][vc_column_inner el_class=&#8221;col-text last&#8221; width=&#8221;1\/2&#8243;][vc_custom_heading text=&#8221;Une gamme compl\u00e8te de ##silos##&#8221;][vc_column_text]I am text block. Click edit button to change this text. Lorem ipsum dolor sit amet, consectetur adipiscing elit. Ut elit tellus, luctus nec ullamcorper mattis, pulvinar dapibus leo.[\/vc_column_text][vc_btn link=&#8221;url:https%3A%2F%2Ftuffigorapidex.com%2Ffr%2Fles-silos%2F|title:Proc%C3%A9d%C3%A9s%20de%20fabrication&#8221;][\/vc_column_inner][\/vc_row_inner][\/vc_column][\/vc_row][vc_row el_class=&#8221;no-margin&#8221; css=&#8221;.vc_custom_1656329770625{background-color: #faf6eb !important;}&#8221;][vc_column css=&#8221;.vc_custom_1624455629590{margin-top: 0px !important;margin-bottom: 0px !important;border-top-width: 0px !important;border-bottom-width: 0px !important;padding-top: 0px !important;padding-bottom: 0px !important;}&#8221;][vc_row_inner equal_height=&#8221;yes&#8221; content_placement=&#8221;middle&#8221;][vc_column_inner width=&#8221;1\/2&#8243; css=&#8221;.vc_custom_1656342544333{background-position: center !important;background-repeat: no-repeat !important;background-size: cover !important;}&#8221;][vc_single_image image=&#8221;599&#8243; img_size=&#8221;full&#8221; alignment=&#8221;center&#8221; el_class=&#8221;img-world&#8221;][\/vc_column_inner][vc_column_inner width=&#8221;1\/2&#8243; css=&#8221;.vc_custom_1656411212070{background-position: center !important;background-repeat: no-repeat !important;background-size: cover !important;}&#8221;][vc_empty_space][vc_custom_heading text=&#8221;Adaptarse a todas las ##condiciones clim\u00e1ticas##&#8221;][vc_column_text]<\/p><p><span data-sheets-root=\"1\">Tuffigo Rapidex imagina, dise\u00f1a, fabrica y gestiona soluciones de alimentaci\u00f3n y ventilaci\u00f3n para todo tipo de ganado, en Francia y en todo el mundo. Estas soluciones se adaptan a todas las condiciones clim\u00e1ticas, independientemente del pa\u00eds y los requisitos. Hoy en d\u00eda, estamos presentes en muchos pa\u00edses y somos distribuidos por m\u00e1s de 50 instaladores.<\/span><\/p><p>[\/vc_column_text][vc_empty_space][\/vc_column_inner][\/vc_row_inner][\/vc_column][\/vc_row][vc_row content_placement=&#8221;middle&#8221; el_class=&#8221;pastille&#8221; el_id=&#8221;ACTU&#8221;][vc_column css_animation=&#8221;fadeInUp&#8221; el_class=&#8221;actu-home&#8221;][vc_custom_heading text=&#8221;Actualit\u00e9 produits ##&amp; projets##&#8221; font_container=&#8221;tag:h2|text_align:center&#8221;][vc_btn title=&#8221;Toutes les actualit\u00e9s&#8221; align=&#8221;center&#8221; link=&#8221;url:https%3A%2F%2Ftuffigorapidex.com%2Ffr%2Factualites%2F|title:Actualit%C3%A9s&#8221; css=&#8221;.vc_custom_1687328513863{margin-top: 30px !important;margin-bottom: 30px !important;}&#8221;][\/vc_column][\/vc_row]<\/p>","protected":false},"excerpt":{"rendered":"<p>[vc_row][vc_column][vc_custom_heading text=&#8221;##Ventilaci\u00f3n## o ##alimentaci\u00f3n##de soluciones <span class=\"more\">...<\/span>","protected":false},"author":6,"featured_media":0,"parent":0,"menu_order":1,"comment_status":"closed","ping_status":"closed","template":"","meta":{"inline_featured_image":false},"acf":[],"yoast_head":"<!-- This site is optimized with the Yoast SEO plugin v21.3 - https:\/\/yoast.com\/wordpress\/plugins\/seo\/ -->\n<title>TUFFIGO RAPIDEX : Leader des \u00e9quipements d&#039;\u00e9levage hors sol<\/title>\n<meta name=\"robots\" content=\"index, follow, max-snippet:-1, max-image-preview:large, max-video-preview:-1\" \/>\n<link rel=\"canonical\" href=\"https:\/\/tuffigorapidex.com\/es\/\" \/>\n<meta property=\"og:locale\" content=\"es_ES\" \/>\n<meta property=\"og:type\" content=\"article\" \/>\n<meta property=\"og:title\" content=\"TUFFIGO RAPIDEX : Leader des \u00e9quipements d&#039;\u00e9levage hors sol\" \/>\n<meta property=\"og:description\" content=\"[vc_row][vc_column][vc_custom_heading text=&#8221;##Ventilaci\u00f3n## o ##alimentaci\u00f3n##de soluciones eficientes para cada especie&#8221; font_container=&#8221;tag:h2|text_align:center&#8221;][vc_column_text el_class=&#8221;soustitre&#8221;]Tuffigo Rapidex, dise\u00f1ador de soluciones innovadoras e intuitivas, que ahorran\" \/>\n<meta property=\"og:url\" content=\"https:\/\/tuffigorapidex.com\/es\/\" \/>\n<meta property=\"og:site_name\" content=\"Tuffigo Rapidex\" \/>\n<meta property=\"article:publisher\" content=\"https:\/\/www.facebook.com\/tuffigorapidexsas\/\" \/>\n<meta property=\"article:modified_time\" content=\"2025-11-25T11:04:55+00:00\" \/>\n<meta property=\"og:image\" content=\"https:\/\/tuffigorapidex.com\/app\/uploads\/2023\/12\/TUFFIGO-logo.png\" \/>\n\t<meta property=\"og:image:width\" content=\"188\" \/>\n\t<meta property=\"og:image:height\" content=\"184\" \/>\n\t<meta property=\"og:image:type\" content=\"image\/png\" \/>\n<meta name=\"twitter:card\" content=\"summary_large_image\" \/>\n<meta name=\"twitter:label1\" content=\"Est. reading time\" \/>\n\t<meta name=\"twitter:data1\" content=\"3 minutes\" \/>\n<script type=\"application\/ld+json\" class=\"yoast-schema-graph\">{\"@context\":\"https:\/\/schema.org\",\"@graph\":[{\"@type\":\"WebPage\",\"@id\":\"https:\/\/tuffigorapidex.com\/es\/\",\"url\":\"https:\/\/tuffigorapidex.com\/es\/\",\"name\":\"TUFFIGO RAPIDEX : Leader des \u00e9quipements d'\u00e9levage hors sol\",\"isPartOf\":{\"@id\":\"https:\/\/tuffigorapidex.com\/es\/#website\"},\"datePublished\":\"2021-02-15T13:47:49+00:00\",\"dateModified\":\"2025-11-25T11:04:55+00:00\",\"breadcrumb\":{\"@id\":\"https:\/\/tuffigorapidex.com\/es\/#breadcrumb\"},\"inLanguage\":\"es-ES\",\"potentialAction\":[{\"@type\":\"ReadAction\",\"target\":[\"https:\/\/tuffigorapidex.com\/es\/\"]}]},{\"@type\":\"BreadcrumbList\",\"@id\":\"https:\/\/tuffigorapidex.com\/es\/#breadcrumb\",\"itemListElement\":[{\"@type\":\"ListItem\",\"position\":1,\"name\":\"Accueil\",\"item\":\"https:\/\/tuffigorapidex.com\/es\/\"},{\"@type\":\"ListItem\",\"position\":2,\"name\":\"inicio\"}]},{\"@type\":\"WebSite\",\"@id\":\"https:\/\/tuffigorapidex.com\/es\/#website\",\"url\":\"https:\/\/tuffigorapidex.com\/es\/\",\"name\":\"TUFFIGO RAPIDEX\",\"description\":\"Leader fran\u00e7ais des \u00e9quipements d&#039;\u00e9levage hors sol\",\"publisher\":{\"@id\":\"https:\/\/tuffigorapidex.com\/es\/#organization\"},\"potentialAction\":[{\"@type\":\"SearchAction\",\"target\":{\"@type\":\"EntryPoint\",\"urlTemplate\":\"https:\/\/tuffigorapidex.com\/es\/?s={search_term_string}\"},\"query-input\":\"required name=search_term_string\"}],\"inLanguage\":\"es-ES\"},{\"@type\":\"Organization\",\"@id\":\"https:\/\/tuffigorapidex.com\/es\/#organization\",\"name\":\"Tuffigo Rapidex\",\"url\":\"https:\/\/tuffigorapidex.com\/es\/\",\"logo\":{\"@type\":\"ImageObject\",\"inLanguage\":\"es-ES\",\"@id\":\"https:\/\/tuffigorapidex.com\/es\/#\/schema\/logo\/image\/\",\"url\":\"https:\/\/tuffigorapidex.com\/app\/uploads\/2023\/12\/TUFFIGO-logo.png\",\"contentUrl\":\"https:\/\/tuffigorapidex.com\/app\/uploads\/2023\/12\/TUFFIGO-logo.png\",\"width\":188,\"height\":184,\"caption\":\"Tuffigo Rapidex\"},\"image\":{\"@id\":\"https:\/\/tuffigorapidex.com\/es\/#\/schema\/logo\/image\/\"},\"sameAs\":[\"https:\/\/www.facebook.com\/tuffigorapidexsas\/\"]}]}<\/script>\n<!-- \/ Yoast SEO plugin. -->","yoast_head_json":{"title":"TUFFIGO RAPIDEX : Leader des \u00e9quipements d'\u00e9levage hors sol","robots":{"index":"index","follow":"follow","max-snippet":"max-snippet:-1","max-image-preview":"max-image-preview:large","max-video-preview":"max-video-preview:-1"},"canonical":"https:\/\/tuffigorapidex.com\/es\/","og_locale":"es_ES","og_type":"article","og_title":"TUFFIGO RAPIDEX : Leader des \u00e9quipements d'\u00e9levage hors sol","og_description":"[vc_row][vc_column][vc_custom_heading text=&#8221;##Ventilaci\u00f3n## o ##alimentaci\u00f3n##de soluciones eficientes para cada especie&#8221; font_container=&#8221;tag:h2|text_align:center&#8221;][vc_column_text el_class=&#8221;soustitre&#8221;]Tuffigo Rapidex, dise\u00f1ador de soluciones innovadoras e intuitivas, que ahorran","og_url":"https:\/\/tuffigorapidex.com\/es\/","og_site_name":"Tuffigo Rapidex","article_publisher":"https:\/\/www.facebook.com\/tuffigorapidexsas\/","article_modified_time":"2025-11-25T11:04:55+00:00","og_image":[{"width":188,"height":184,"url":"https:\/\/tuffigorapidex.com\/app\/uploads\/2023\/12\/TUFFIGO-logo.png","type":"image\/png"}],"twitter_card":"summary_large_image","twitter_misc":{"Est. reading time":"3 minutes"},"schema":{"@context":"https:\/\/schema.org","@graph":[{"@type":"WebPage","@id":"https:\/\/tuffigorapidex.com\/es\/","url":"https:\/\/tuffigorapidex.com\/es\/","name":"TUFFIGO RAPIDEX : Leader des \u00e9quipements d'\u00e9levage hors sol","isPartOf":{"@id":"https:\/\/tuffigorapidex.com\/es\/#website"},"datePublished":"2021-02-15T13:47:49+00:00","dateModified":"2025-11-25T11:04:55+00:00","breadcrumb":{"@id":"https:\/\/tuffigorapidex.com\/es\/#breadcrumb"},"inLanguage":"es-ES","potentialAction":[{"@type":"ReadAction","target":["https:\/\/tuffigorapidex.com\/es\/"]}]},{"@type":"BreadcrumbList","@id":"https:\/\/tuffigorapidex.com\/es\/#breadcrumb","itemListElement":[{"@type":"ListItem","position":1,"name":"Accueil","item":"https:\/\/tuffigorapidex.com\/es\/"},{"@type":"ListItem","position":2,"name":"inicio"}]},{"@type":"WebSite","@id":"https:\/\/tuffigorapidex.com\/es\/#website","url":"https:\/\/tuffigorapidex.com\/es\/","name":"TUFFIGO RAPIDEX","description":"Leader fran\u00e7ais des \u00e9quipements d&#039;\u00e9levage hors sol","publisher":{"@id":"https:\/\/tuffigorapidex.com\/es\/#organization"},"potentialAction":[{"@type":"SearchAction","target":{"@type":"EntryPoint","urlTemplate":"https:\/\/tuffigorapidex.com\/es\/?s={search_term_string}"},"query-input":"required name=search_term_string"}],"inLanguage":"es-ES"},{"@type":"Organization","@id":"https:\/\/tuffigorapidex.com\/es\/#organization","name":"Tuffigo Rapidex","url":"https:\/\/tuffigorapidex.com\/es\/","logo":{"@type":"ImageObject","inLanguage":"es-ES","@id":"https:\/\/tuffigorapidex.com\/es\/#\/schema\/logo\/image\/","url":"https:\/\/tuffigorapidex.com\/app\/uploads\/2023\/12\/TUFFIGO-logo.png","contentUrl":"https:\/\/tuffigorapidex.com\/app\/uploads\/2023\/12\/TUFFIGO-logo.png","width":188,"height":184,"caption":"Tuffigo Rapidex"},"image":{"@id":"https:\/\/tuffigorapidex.com\/es\/#\/schema\/logo\/image\/"},"sameAs":["https:\/\/www.facebook.com\/tuffigorapidexsas\/"]}]}},"_links":{"self":[{"href":"https:\/\/tuffigorapidex.com\/es\/wp-json\/wp\/v2\/pages\/7701"}],"collection":[{"href":"https:\/\/tuffigorapidex.com\/es\/wp-json\/wp\/v2\/pages"}],"about":[{"href":"https:\/\/tuffigorapidex.com\/es\/wp-json\/wp\/v2\/types\/page"}],"author":[{"embeddable":true,"href":"https:\/\/tuffigorapidex.com\/es\/wp-json\/wp\/v2\/users\/6"}],"replies":[{"embeddable":true,"href":"https:\/\/tuffigorapidex.com\/es\/wp-json\/wp\/v2\/comments?post=7701"}],"version-history":[{"count":16,"href":"https:\/\/tuffigorapidex.com\/es\/wp-json\/wp\/v2\/pages\/7701\/revisions"}],"predecessor-version":[{"id":8496,"href":"https:\/\/tuffigorapidex.com\/es\/wp-json\/wp\/v2\/pages\/7701\/revisions\/8496"}],"wp:attachment":[{"href":"https:\/\/tuffigorapidex.com\/es\/wp-json\/wp\/v2\/media?parent=7701"}],"curies":[{"name":"wp","href":"https:\/\/api.w.org\/{rel}","templated":true}]}}