{"id":7711,"date":"2023-05-23T15:02:52","date_gmt":"2023-05-23T15:02:52","guid":{"rendered":"https:\/\/tuffigorapidex.com\/nos-valeurs-nos-ambitions-notre-vision\/"},"modified":"2025-09-22T09:13:21","modified_gmt":"2025-09-22T09:13:21","slug":"nuestros-valores-ambiciones-vision","status":"publish","type":"page","link":"https:\/\/tuffigorapidex.com\/es\/nuestros-valores-ambiciones-vision\/","title":{"rendered":"Nuestros valores \/ ambiciones \/ visi\u00f3n"},"content":{"rendered":"<p>[vc_row][vc_column width=&#8221;1\/2&#8243;][vc_custom_heading text=&#8221;Nuestra\u00a0##visi\u00f3n##&#8221;][vc_column_text]<\/p><p><span data-sheets-root=\"1\">Nuestra ambici\u00f3n es acompa\u00f1ar a los criadores de todo el mundo para que superen sus desaf\u00edos: satisfacer las necesidades alimentarias de ocho mil millones de seres humanos, respetando el bienestar animal y el medio ambiente y garantizando al mismo tiempo una producci\u00f3n de calidad y un rendimiento econ\u00f3mico optimizado.<\/span><\/p><p>[\/vc_column_text][\/vc_column][vc_column width=&#8221;1\/2&#8243;][vc_single_image image=&#8221;3468&#8243; img_size=&#8221;400&#215;300&#8243; alignment=&#8221;center&#8221; style=&#8221;vc_box_rounded&#8221;][\/vc_column][\/vc_row][vc_row el_class=&#8221;swap-on-mobile&#8221;][vc_column width=&#8221;1\/2&#8243;][vc_single_image image=&#8221;3459&#8243; img_size=&#8221;400&#215;300&#8243; alignment=&#8221;center&#8221; style=&#8221;vc_box_rounded&#8221;][\/vc_column][vc_column width=&#8221;1\/2&#8243;][vc_custom_heading text=&#8221;Una\u00a0##misi\u00f3n##&#8221;][vc_column_text]<\/p><p>La misi\u00f3n de Tuffigo Rapidex es imaginar, dise\u00f1ar y producir soluciones sostenibles de energ\u00eda y ventilaci\u00f3n que cumplan con los requisitos de cada mercado.<\/p><p>Nuestros desarrollos de productos y conceptos le proporcionan todos los medios necesarios para tomar decisiones r\u00e1pidas y mejorar el rendimiento de sus instalaciones y el bienestar animal.<\/p><p>Nuestros retos:<br \/>\u2013 Darle los medios para lograr sus objetivos.<\/p><p>\u2013 Aportar serenidad en su vida diaria como criador.<\/p><p>\u2013 Mejorar el rendimiento econ\u00f3mico y cualitativo de su cr\u00eda.<\/p><p>[\/vc_column_text][\/vc_column][\/vc_row][vc_row][vc_column width=&#8221;1\/2&#8243;][vc_custom_heading text=&#8221;Nuestro\u00a0##saber hacer##&#8221;][vc_column_text]<\/p><p><span data-sheets-root=\"1\">Basada en la innovaci\u00f3n constante, su estrategia y desarrollo se basan en la fuerte complementariedad de las especialidades de sus filiales, que re\u00fanen la experiencia en electr\u00f3nica, electricidad, fabricaci\u00f3n de calderas, materiales compuestos y pl\u00e1sticos.<\/span><\/p><p>[\/vc_column_text][vc_column_text]<\/p><p><span data-sheets-root=\"1\">Esta policompetencia le permite ser un pionero y experto en equipos con tecnolog\u00edas innovadoras, accesibles y eficientes. Como punto de contacto \u00fanico, Tuffigo Rapidex desarrolla productos con una fiabilidad reconocida difundidos a trav\u00e9s de sus equipos de ventas en Francia e internacionalmente.<\/span><\/p><p>[\/vc_column_text][\/vc_column][vc_column width=&#8221;1\/2&#8243;][vc_single_image image=&#8221;3463&#8243; img_size=&#8221;400&#215;300&#8243; alignment=&#8221;center&#8221; style=&#8221;vc_box_rounded&#8221;][\/vc_column][\/vc_row]<\/p>","protected":false},"excerpt":{"rendered":"<p>[vc_row][vc_column width=&#8221;1\/2&#8243;][vc_custom_heading text=&#8221;Nuestra\u00a0##visi\u00f3n##&#8221;][vc_column_text]Nuestra <span class=\"more\">...<\/span>","protected":false},"author":6,"featured_media":0,"parent":0,"menu_order":110,"comment_status":"closed","ping_status":"closed","template":"","meta":{"inline_featured_image":false},"acf":[],"yoast_head":"<!-- This site is optimized with the Yoast SEO plugin v21.3 - https:\/\/yoast.com\/wordpress\/plugins\/seo\/ -->\n<title>Nuestros valores \/ ambiciones \/ visi\u00f3n | Tuffigo Rapidex<\/title>\n<meta name=\"robots\" content=\"index, follow, max-snippet:-1, max-image-preview:large, max-video-preview:-1\" \/>\n<link rel=\"canonical\" href=\"https:\/\/tuffigorapidex.com\/es\/nuestros-valores-ambiciones-vision\/\" \/>\n<meta property=\"og:locale\" content=\"es_ES\" \/>\n<meta property=\"og:type\" content=\"article\" \/>\n<meta property=\"og:title\" content=\"Nuestros valores \/ ambiciones \/ visi\u00f3n | Tuffigo Rapidex\" \/>\n<meta property=\"og:description\" content=\"[vc_row][vc_column width=&#8221;1\/2&#8243;][vc_custom_heading text=&#8221;Nuestra\u00a0##visi\u00f3n##&#8221;][vc_column_text]Nuestra ambici\u00f3n es acompa\u00f1ar a los criadores de todo el mundo para que superen sus desaf\u00edos: satisfacer las\" \/>\n<meta property=\"og:url\" content=\"https:\/\/tuffigorapidex.com\/es\/nuestros-valores-ambiciones-vision\/\" \/>\n<meta property=\"og:site_name\" content=\"Tuffigo Rapidex\" \/>\n<meta property=\"article:publisher\" content=\"https:\/\/www.facebook.com\/tuffigorapidexsas\/\" \/>\n<meta property=\"article:modified_time\" content=\"2025-09-22T09:13:21+00:00\" \/>\n<meta property=\"og:image\" content=\"https:\/\/tuffigorapidex.com\/app\/uploads\/2023\/12\/TUFFIGO-logo.png\" \/>\n\t<meta property=\"og:image:width\" content=\"188\" \/>\n\t<meta property=\"og:image:height\" content=\"184\" \/>\n\t<meta property=\"og:image:type\" content=\"image\/png\" \/>\n<meta name=\"twitter:card\" content=\"summary_large_image\" \/>\n<meta name=\"twitter:label1\" content=\"Est. reading time\" \/>\n\t<meta name=\"twitter:data1\" content=\"2 minutes\" \/>\n<script type=\"application\/ld+json\" class=\"yoast-schema-graph\">{\"@context\":\"https:\/\/schema.org\",\"@graph\":[{\"@type\":\"WebPage\",\"@id\":\"https:\/\/tuffigorapidex.com\/es\/nuestros-valores-ambiciones-vision\/\",\"url\":\"https:\/\/tuffigorapidex.com\/es\/nuestros-valores-ambiciones-vision\/\",\"name\":\"Nuestros valores \/ ambiciones \/ visi\u00f3n | Tuffigo Rapidex\",\"isPartOf\":{\"@id\":\"https:\/\/tuffigorapidex.com\/es\/#website\"},\"datePublished\":\"2023-05-23T15:02:52+00:00\",\"dateModified\":\"2025-09-22T09:13:21+00:00\",\"breadcrumb\":{\"@id\":\"https:\/\/tuffigorapidex.com\/es\/nuestros-valores-ambiciones-vision\/#breadcrumb\"},\"inLanguage\":\"es-ES\",\"potentialAction\":[{\"@type\":\"ReadAction\",\"target\":[\"https:\/\/tuffigorapidex.com\/es\/nuestros-valores-ambiciones-vision\/\"]}]},{\"@type\":\"BreadcrumbList\",\"@id\":\"https:\/\/tuffigorapidex.com\/es\/nuestros-valores-ambiciones-vision\/#breadcrumb\",\"itemListElement\":[{\"@type\":\"ListItem\",\"position\":1,\"name\":\"Accueil\",\"item\":\"https:\/\/tuffigorapidex.com\/es\/\"},{\"@type\":\"ListItem\",\"position\":2,\"name\":\"Nuestros valores \/ ambiciones \/ visi\u00f3n\"}]},{\"@type\":\"WebSite\",\"@id\":\"https:\/\/tuffigorapidex.com\/es\/#website\",\"url\":\"https:\/\/tuffigorapidex.com\/es\/\",\"name\":\"TUFFIGO RAPIDEX\",\"description\":\"Leader fran\u00e7ais des \u00e9quipements d&#039;\u00e9levage hors sol\",\"publisher\":{\"@id\":\"https:\/\/tuffigorapidex.com\/es\/#organization\"},\"potentialAction\":[{\"@type\":\"SearchAction\",\"target\":{\"@type\":\"EntryPoint\",\"urlTemplate\":\"https:\/\/tuffigorapidex.com\/es\/?s={search_term_string}\"},\"query-input\":\"required name=search_term_string\"}],\"inLanguage\":\"es-ES\"},{\"@type\":\"Organization\",\"@id\":\"https:\/\/tuffigorapidex.com\/es\/#organization\",\"name\":\"Tuffigo Rapidex\",\"url\":\"https:\/\/tuffigorapidex.com\/es\/\",\"logo\":{\"@type\":\"ImageObject\",\"inLanguage\":\"es-ES\",\"@id\":\"https:\/\/tuffigorapidex.com\/es\/#\/schema\/logo\/image\/\",\"url\":\"https:\/\/tuffigorapidex.com\/app\/uploads\/2023\/12\/TUFFIGO-logo.png\",\"contentUrl\":\"https:\/\/tuffigorapidex.com\/app\/uploads\/2023\/12\/TUFFIGO-logo.png\",\"width\":188,\"height\":184,\"caption\":\"Tuffigo Rapidex\"},\"image\":{\"@id\":\"https:\/\/tuffigorapidex.com\/es\/#\/schema\/logo\/image\/\"},\"sameAs\":[\"https:\/\/www.facebook.com\/tuffigorapidexsas\/\"]}]}<\/script>\n<!-- \/ Yoast SEO plugin. -->","yoast_head_json":{"title":"Nuestros valores \/ ambiciones \/ visi\u00f3n | Tuffigo Rapidex","robots":{"index":"index","follow":"follow","max-snippet":"max-snippet:-1","max-image-preview":"max-image-preview:large","max-video-preview":"max-video-preview:-1"},"canonical":"https:\/\/tuffigorapidex.com\/es\/nuestros-valores-ambiciones-vision\/","og_locale":"es_ES","og_type":"article","og_title":"Nuestros valores \/ ambiciones \/ visi\u00f3n | Tuffigo Rapidex","og_description":"[vc_row][vc_column width=&#8221;1\/2&#8243;][vc_custom_heading text=&#8221;Nuestra\u00a0##visi\u00f3n##&#8221;][vc_column_text]Nuestra ambici\u00f3n es acompa\u00f1ar a los criadores de todo el mundo para que superen sus desaf\u00edos: satisfacer las","og_url":"https:\/\/tuffigorapidex.com\/es\/nuestros-valores-ambiciones-vision\/","og_site_name":"Tuffigo Rapidex","article_publisher":"https:\/\/www.facebook.com\/tuffigorapidexsas\/","article_modified_time":"2025-09-22T09:13:21+00:00","og_image":[{"width":188,"height":184,"url":"https:\/\/tuffigorapidex.com\/app\/uploads\/2023\/12\/TUFFIGO-logo.png","type":"image\/png"}],"twitter_card":"summary_large_image","twitter_misc":{"Est. reading time":"2 minutes"},"schema":{"@context":"https:\/\/schema.org","@graph":[{"@type":"WebPage","@id":"https:\/\/tuffigorapidex.com\/es\/nuestros-valores-ambiciones-vision\/","url":"https:\/\/tuffigorapidex.com\/es\/nuestros-valores-ambiciones-vision\/","name":"Nuestros valores \/ ambiciones \/ visi\u00f3n | Tuffigo Rapidex","isPartOf":{"@id":"https:\/\/tuffigorapidex.com\/es\/#website"},"datePublished":"2023-05-23T15:02:52+00:00","dateModified":"2025-09-22T09:13:21+00:00","breadcrumb":{"@id":"https:\/\/tuffigorapidex.com\/es\/nuestros-valores-ambiciones-vision\/#breadcrumb"},"inLanguage":"es-ES","potentialAction":[{"@type":"ReadAction","target":["https:\/\/tuffigorapidex.com\/es\/nuestros-valores-ambiciones-vision\/"]}]},{"@type":"BreadcrumbList","@id":"https:\/\/tuffigorapidex.com\/es\/nuestros-valores-ambiciones-vision\/#breadcrumb","itemListElement":[{"@type":"ListItem","position":1,"name":"Accueil","item":"https:\/\/tuffigorapidex.com\/es\/"},{"@type":"ListItem","position":2,"name":"Nuestros valores \/ ambiciones \/ visi\u00f3n"}]},{"@type":"WebSite","@id":"https:\/\/tuffigorapidex.com\/es\/#website","url":"https:\/\/tuffigorapidex.com\/es\/","name":"TUFFIGO RAPIDEX","description":"Leader fran\u00e7ais des \u00e9quipements d&#039;\u00e9levage hors sol","publisher":{"@id":"https:\/\/tuffigorapidex.com\/es\/#organization"},"potentialAction":[{"@type":"SearchAction","target":{"@type":"EntryPoint","urlTemplate":"https:\/\/tuffigorapidex.com\/es\/?s={search_term_string}"},"query-input":"required name=search_term_string"}],"inLanguage":"es-ES"},{"@type":"Organization","@id":"https:\/\/tuffigorapidex.com\/es\/#organization","name":"Tuffigo Rapidex","url":"https:\/\/tuffigorapidex.com\/es\/","logo":{"@type":"ImageObject","inLanguage":"es-ES","@id":"https:\/\/tuffigorapidex.com\/es\/#\/schema\/logo\/image\/","url":"https:\/\/tuffigorapidex.com\/app\/uploads\/2023\/12\/TUFFIGO-logo.png","contentUrl":"https:\/\/tuffigorapidex.com\/app\/uploads\/2023\/12\/TUFFIGO-logo.png","width":188,"height":184,"caption":"Tuffigo Rapidex"},"image":{"@id":"https:\/\/tuffigorapidex.com\/es\/#\/schema\/logo\/image\/"},"sameAs":["https:\/\/www.facebook.com\/tuffigorapidexsas\/"]}]}},"_links":{"self":[{"href":"https:\/\/tuffigorapidex.com\/es\/wp-json\/wp\/v2\/pages\/7711"}],"collection":[{"href":"https:\/\/tuffigorapidex.com\/es\/wp-json\/wp\/v2\/pages"}],"about":[{"href":"https:\/\/tuffigorapidex.com\/es\/wp-json\/wp\/v2\/types\/page"}],"author":[{"embeddable":true,"href":"https:\/\/tuffigorapidex.com\/es\/wp-json\/wp\/v2\/users\/6"}],"replies":[{"embeddable":true,"href":"https:\/\/tuffigorapidex.com\/es\/wp-json\/wp\/v2\/comments?post=7711"}],"version-history":[{"count":3,"href":"https:\/\/tuffigorapidex.com\/es\/wp-json\/wp\/v2\/pages\/7711\/revisions"}],"predecessor-version":[{"id":7714,"href":"https:\/\/tuffigorapidex.com\/es\/wp-json\/wp\/v2\/pages\/7711\/revisions\/7714"}],"wp:attachment":[{"href":"https:\/\/tuffigorapidex.com\/es\/wp-json\/wp\/v2\/media?parent=7711"}],"curies":[{"name":"wp","href":"https:\/\/api.w.org\/{rel}","templated":true}]}}