{"id":7747,"date":"2021-04-07T07:16:58","date_gmt":"2021-04-07T07:16:58","guid":{"rendered":"https:\/\/tuffigorapidex.com\/soluciones-por-especies\/porc\/"},"modified":"2025-09-25T09:49:09","modified_gmt":"2025-09-25T09:49:09","slug":"cerdo","status":"publish","type":"page","link":"https:\/\/tuffigorapidex.com\/es\/soluciones-por-especies\/cerdo\/","title":{"rendered":"Cerdo"},"content":{"rendered":"<p>[vc_row][vc_column][vc_custom_heading text=&#8221;Una gama ##completa## para la ganader\u00eda &#8230;..&#8221; font_container=&#8221;tag:h2|text_align:center&#8221;][vc_column_text]<\/p><p style=\"text-align: center;\"><span data-sheets-root=\"1\">La cr\u00eda de cerdos se basa en prestar especial atenci\u00f3n a cada una de las fases fisiol\u00f3gicas del animal. <\/span><\/p><p style=\"text-align: center;\"><span data-sheets-root=\"1\">Nuestra gama de sistemas de alimentaci\u00f3n y ventilaci\u00f3n le permitir\u00e1 gestionar y regular sus edificios en tiempo real gracias a los indicadores y lecturas diarios.<\/span><\/p><p>[\/vc_column_text][\/vc_column][\/vc_row][vc_row][vc_column][vc_custom_heading text=&#8221;Un concepto de ##Alimentaci\u00f3n## adaptado a sus necesidades<br \/>y a su entorno&#8221; font_container=&#8221;tag:h2|text_align:center&#8221;][\/vc_column][\/vc_row][vc_row][vc_column width=&#8221;1\/4&#8243;]<div class=\"ult-new-ib ult-ib-effect-style2  ult-ib-resp  \" data-min-width=\"768\" data-max-width=\"900\" style=\"\" data-opacity=\"0.7\" data-hover-opacity=\"0.4\" ><img class=\"ult-new-ib-img\" style=\"opacity:0.7;\" alt=\"null\" src=\"https:\/\/tuffigorapidex.com\/app\/uploads\/2022\/12\/TuffigoRapidex_Concept_Alimentation_Soupe_Tandem.jpg\"   \/><div id=\"interactive-banner-wrap-3231\" class=\"ult-new-ib-desc\" style=\"\"><h3 class=\"ult-new-ib-title ult-responsive\"  data-ultimate-target='#interactive-banner-wrap-3231 .ult-new-ib-title'  data-responsive-json-new='{\"font-size\":\"\",\"line-height\":\"\"}'  style=\"font-weight:normal;\">Alimentaci\u00f3n l\u00edquida: Sopa Tandem<\/h3><\/div><a class=\"ult-new-ib-link\" href=\"https:\/\/tuffigorapidex.com\/fr\/concepts\/concept-alimentation-liquide-soupe-tandem\/\" title=\"soupe tandem\"  ><\/a><\/div>[\/vc_column][vc_column width=&#8221;1\/4&#8243;]<div class=\"ult-new-ib ult-ib-effect-style2  ult-ib-resp  \" data-min-width=\"768\" data-max-width=\"900\" style=\"\" data-opacity=\"0.7\" data-hover-opacity=\"0.4\" ><img class=\"ult-new-ib-img\" style=\"opacity:0.7;\" alt=\"null\" src=\"https:\/\/tuffigorapidex.com\/app\/uploads\/2022\/12\/TuffigoRapidex_Concept_Alimentation_Liquide_Separation_Menu.jpg\"   \/><div id=\"interactive-banner-wrap-7739\" class=\"ult-new-ib-desc\" style=\"\"><h3 class=\"ult-new-ib-title ult-responsive\"  data-ultimate-target='#interactive-banner-wrap-7739 .ult-new-ib-title'  data-responsive-json-new='{\"font-size\":\"\",\"line-height\":\"\"}'  style=\"font-weight:normal;\">SEPARACI\u00d3N DE MEN\u00daS SIN RESIDUOS<\/h3><\/div><a class=\"ult-new-ib-link\" href=\"https:\/\/tuffigorapidex.com\/fr\/concepts\/concept-alimentation-liquide-separation-de-menu-sans-residu\/\" title=\"s\u00e9paration de menu sans r\u00e9sidu\"  ><\/a><\/div>[\/vc_column][vc_column width=&#8221;1\/4&#8243;]<div class=\"ult-new-ib ult-ib-effect-style2  ult-ib-resp  \" data-min-width=\"768\" data-max-width=\"900\" style=\"\" data-opacity=\"0.7\" data-hover-opacity=\"0.4\" ><img class=\"ult-new-ib-img\" style=\"opacity:0.7;\" alt=\"null\" src=\"https:\/\/tuffigorapidex.com\/app\/uploads\/2022\/12\/TuffigoRapidex_Concept_Alimentation_Liquide_Circuit_Plein.jpg\"   \/><div id=\"interactive-banner-wrap-3431\" class=\"ult-new-ib-desc\" style=\"\"><h3 class=\"ult-new-ib-title ult-responsive\"  data-ultimate-target='#interactive-banner-wrap-3431 .ult-new-ib-title'  data-responsive-json-new='{\"font-size\":\"\",\"line-height\":\"\"}'  style=\"font-weight:normal;\">CIRCUITO COMPLETO<\/h3><\/div><a class=\"ult-new-ib-link\" href=\"https:\/\/tuffigorapidex.com\/fr\/concepts\/concept-alimentation-liquide-circuit-plein\/\" title=\"circuit plein\"  ><\/a><\/div>[\/vc_column][vc_column width=&#8221;1\/4&#8243;]<div class=\"ult-new-ib ult-ib-effect-style2  ult-ib-resp  \" data-min-width=\"768\" data-max-width=\"900\" style=\"\" data-opacity=\"0.7\" data-hover-opacity=\"0.4\" ><img class=\"ult-new-ib-img\" style=\"opacity:0.7;\" alt=\"null\" src=\"https:\/\/tuffigorapidex.com\/app\/uploads\/2022\/12\/TuffigoRapidex_Concept_Alimentation_Liquide_Presoupe.jpg\"   \/><div id=\"interactive-banner-wrap-1698\" class=\"ult-new-ib-desc\" style=\"\"><h3 class=\"ult-new-ib-title ult-responsive\"  data-ultimate-target='#interactive-banner-wrap-1698 .ult-new-ib-title'  data-responsive-json-new='{\"font-size\":\"\",\"line-height\":\"\"}'  style=\"font-weight:normal;\">PRESOPA<\/h3><\/div><a class=\"ult-new-ib-link\" href=\"https:\/\/tuffigorapidex.com\/fr\/concepts\/concept-alimentation-liquide-presoupe\/\" title=\"Pr\u00e9soupe\"  ><\/a><\/div>[\/vc_column][\/vc_row][vc_row][vc_column width=&#8221;1\/4&#8243;]<div class=\"ult-new-ib ult-ib-effect-style2  ult-ib-resp  \" data-min-width=\"768\" data-max-width=\"900\" style=\"\" data-opacity=\"0.7\" data-hover-opacity=\"0.4\" ><img class=\"ult-new-ib-img\" style=\"opacity:0.7;\" alt=\"null\" src=\"https:\/\/tuffigorapidex.com\/app\/uploads\/2022\/12\/TuffigoRapidex_Concept_Alimentation_Porc_Croissance.jpg\"   \/><div id=\"interactive-banner-wrap-2133\" class=\"ult-new-ib-desc\" style=\"\"><h3 class=\"ult-new-ib-title ult-responsive\"  data-ultimate-target='#interactive-banner-wrap-2133 .ult-new-ib-title'  data-responsive-json-new='{\"font-size\":\"\",\"line-height\":\"\"}'  style=\"font-weight:normal;\">Alimentaci\u00f3n de cerdos de cr\u00eda<\/h3><\/div><a class=\"ult-new-ib-link\" href=\"https:\/\/tuffigorapidex.com\/fr\/concepts\/concept-alimentation-des-porcs-en-croissance\/\" title=\"Alimentation des Porcs en croissance\"  ><\/a><\/div>[\/vc_column][vc_column width=&#8221;1\/4&#8243;]<div class=\"ult-new-ib ult-ib-effect-style2  ult-ib-resp  \" data-min-width=\"768\" data-max-width=\"900\" style=\"\" data-opacity=\"0.7\" data-hover-opacity=\"0.4\" ><img class=\"ult-new-ib-img\" style=\"opacity:0.7;\" alt=\"null\" src=\"https:\/\/tuffigorapidex.com\/app\/uploads\/2022\/12\/TuffigoRapidex_Concept_Alimentation_Maternite.jpg\"   \/><div id=\"interactive-banner-wrap-8713\" class=\"ult-new-ib-desc\" style=\"\"><h3 class=\"ult-new-ib-title ult-responsive\"  data-ultimate-target='#interactive-banner-wrap-8713 .ult-new-ib-title'  data-responsive-json-new='{\"font-size\":\"\",\"line-height\":\"\"}'  style=\"font-weight:normal;\">Alimentaci\u00f3n de las cerdas en la maternidad<\/h3><\/div><a class=\"ult-new-ib-link\" href=\"https:\/\/tuffigorapidex.com\/fr\/concepts\/concept-alimentation-des-truies-en-maternite\/\" title=\"Alimentation des truies en maternit\u00e9\"  ><\/a><\/div>[\/vc_column][vc_column width=&#8221;1\/4&#8243;]<div class=\"ult-new-ib ult-ib-effect-style2  ult-ib-resp  \" data-min-width=\"768\" data-max-width=\"900\" style=\"\" data-opacity=\"0.7\" data-hover-opacity=\"0.4\" ><img class=\"ult-new-ib-img\" style=\"opacity:0.7;\" alt=\"null\" src=\"https:\/\/tuffigorapidex.com\/app\/uploads\/2022\/12\/TuffigoRapidex_Concept_Alimentation_Gestante.jpg\"   \/><div id=\"interactive-banner-wrap-3660\" class=\"ult-new-ib-desc\" style=\"\"><h3 class=\"ult-new-ib-title ult-responsive\"  data-ultimate-target='#interactive-banner-wrap-3660 .ult-new-ib-title'  data-responsive-json-new='{\"font-size\":\"\",\"line-height\":\"\"}'  style=\"font-weight:normal;\">Alimentaci\u00f3n de cerdas gestantes<\/h3><\/div><a class=\"ult-new-ib-link\" href=\"https:\/\/tuffigorapidex.com\/fr\/concepts\/concept-alimentation-des-truies-gestantes-dac\/\" title=\"Alimentation des truies gestantes\"  ><\/a><\/div>[\/vc_column][vc_column width=&#8221;1\/4&#8243;][\/vc_column][\/vc_row][vc_row][vc_column][vc_empty_space height=&#8221;10px&#8221;][\/vc_column][\/vc_row][vc_row parallax=&#8221;content-moving&#8221; parallax_image=&#8221;1568&#8243; el_class=&#8221;categorie-univers&#8221;][vc_column][vc_custom_heading text=&#8221;UNA SOLUCI\u00d3N PARA CADA CATEGOR\u00cdA DE CR\u00cdA&#8221; font_container=&#8221;tag:h3|text_align:center|color:%23ffffff&#8221;][vc_btn title=&#8221;Nuestra gama de productos&#8221; align=&#8221;center&#8221; link=&#8221;url:https%3A%2F%2Ftuffigorapidex.com%2Fes%2Fsoluciones-por-especies%2Fcerdo%2Fnuestra-gama-de-productos%2F|title:Nos%20gamme%20de%20produits%20porc&#8221; el_class=&#8221;porc&#8221;][\/vc_column][\/vc_row][vc_row][vc_column][vc_empty_space height=&#8221;30px&#8221;][vc_custom_heading text=&#8221;Un concepto de ##ventilaci\u00f3n## adaptado a sus necesidades<br \/>y a su entorno&#8221; font_container=&#8221;tag:h2|text_align:center&#8221;][\/vc_column][\/vc_row][vc_row][vc_column width=&#8221;1\/5&#8243;]<div class=\"ult-new-ib ult-ib-effect-style2  ult-ib-resp  \" data-min-width=\"768\" data-max-width=\"900\" style=\"\" data-opacity=\"0.7\" data-hover-opacity=\"0.4\" ><img class=\"ult-new-ib-img\" style=\"opacity:0.7;\" alt=\"null\" src=\"https:\/\/tuffigorapidex.com\/app\/uploads\/2022\/12\/TuffigoRapidex_Concept_Ventilation_Statique.jpg\"   \/><div id=\"interactive-banner-wrap-2129\" class=\"ult-new-ib-desc\" style=\"\"><h3 class=\"ult-new-ib-title ult-responsive\"  data-ultimate-target='#interactive-banner-wrap-2129 .ult-new-ib-title'  data-responsive-json-new='{\"font-size\":\"\",\"line-height\":\"\"}'  style=\"font-weight:normal;\">EST\u00c1TICA (BAJO CONSUMO DE ENERG\u00cdA)<\/h3><\/div><a class=\"ult-new-ib-link\" href=\"https:\/\/tuffigorapidex.com\/fr\/concepts\/concept-ventilation-statique-faible-conso-energie\/\" title=\"Concept Ventilation Statique (Faible consommation \u00e9nergie)\"  ><\/a><\/div>[\/vc_column][vc_column width=&#8221;1\/5&#8243;]<div class=\"ult-new-ib ult-ib-effect-style2  ult-ib-resp  \" data-min-width=\"768\" data-max-width=\"900\" style=\"\" data-opacity=\"0.7\" data-hover-opacity=\"0.4\" ><img class=\"ult-new-ib-img\" style=\"opacity:0.7;\" alt=\"null\" src=\"https:\/\/tuffigorapidex.com\/app\/uploads\/2022\/12\/TuffigoRapidex_Concept_Ventilation_GaineCentralisee.jpg\"   \/><div id=\"interactive-banner-wrap-2738\" class=\"ult-new-ib-desc\" style=\"\"><h3 class=\"ult-new-ib-title ult-responsive\"  data-ultimate-target='#interactive-banner-wrap-2738 .ult-new-ib-title'  data-responsive-json-new='{\"font-size\":\"\",\"line-height\":\"\"}'  style=\"font-weight:normal;\">Conducto de aire centralizado con lavado de aire<\/h3><\/div><a class=\"ult-new-ib-link\" href=\"https:\/\/tuffigorapidex.com\/fr\/concepts\/concept-ventilation-gaine-centralisee-avec-lavage-dair\/\" title=\"Concept Ventilation Gaine Centralis\u00e9e avec Lavage d\u2019air\"  ><\/a><\/div>[\/vc_column][vc_column width=&#8221;1\/5&#8243;]<div class=\"ult-new-ib ult-ib-effect-style2  ult-ib-resp  \" data-min-width=\"768\" data-max-width=\"900\" style=\"\" data-opacity=\"0.7\" data-hover-opacity=\"0.4\" ><img class=\"ult-new-ib-img\" style=\"opacity:0.7;\" alt=\"null\" src=\"https:\/\/tuffigorapidex.com\/app\/uploads\/2022\/12\/TuffigoRapidex_Concept_Ventilation_Trappe_KanDiff.jpg\"   \/><div id=\"interactive-banner-wrap-8004\" class=\"ult-new-ib-desc\" style=\"\"><h3 class=\"ult-new-ib-title ult-responsive\"  data-ultimate-target='#interactive-banner-wrap-8004 .ult-new-ib-title'  data-responsive-json-new='{\"font-size\":\"\",\"line-height\":\"\"}'  style=\"font-weight:normal;\">ESCOTILLA KANDIFF<\/h3><\/div><a class=\"ult-new-ib-link\" href=\"https:\/\/tuffigorapidex.com\/fr\/concepts\/concept-ventilation-trappe-kandiff\/\" title=\"Concept Ventilation Trappe KanDiff\"  ><\/a><\/div>[\/vc_column][vc_column width=&#8221;1\/5&#8243;]<div class=\"ult-new-ib ult-ib-effect-style2  ult-ib-resp  \" data-min-width=\"768\" data-max-width=\"900\" style=\"\" data-opacity=\"0.7\" data-hover-opacity=\"0.4\" ><img class=\"ult-new-ib-img\" style=\"opacity:0.7;\" alt=\"null\" src=\"https:\/\/tuffigorapidex.com\/app\/uploads\/2022\/12\/TuffigoRapidex_Concept_Ventilation_Trappe_KanAir.jpg\"   \/><div id=\"interactive-banner-wrap-6647\" class=\"ult-new-ib-desc\" style=\"\"><h3 class=\"ult-new-ib-title ult-responsive\"  data-ultimate-target='#interactive-banner-wrap-6647 .ult-new-ib-title'  data-responsive-json-new='{\"font-size\":\"\",\"line-height\":\"\"}'  style=\"font-weight:normal;\">ESCOTILLA KANAIR<\/h3><\/div><a class=\"ult-new-ib-link\" href=\"https:\/\/tuffigorapidex.com\/fr\/concepts\/concept-ventilation-trappe-kanair\/\" title=\"Concept Ventilation Trappe KanAir\"  ><\/a><\/div>[\/vc_column][vc_column width=&#8221;1\/5&#8243;]<div class=\"ult-new-ib ult-ib-effect-style2  ult-ib-resp  \" data-min-width=\"768\" data-max-width=\"900\" style=\"\" data-opacity=\"0.7\" data-hover-opacity=\"0.4\" ><img class=\"ult-new-ib-img\" style=\"opacity:0.7;\" alt=\"null\" src=\"https:\/\/tuffigorapidex.com\/app\/uploads\/2022\/12\/TuffigoRapidex_Concept_Ventilation_PlafondDiff.jpg\"   \/><div id=\"interactive-banner-wrap-6560\" class=\"ult-new-ib-desc\" style=\"\"><h3 class=\"ult-new-ib-title ult-responsive\"  data-ultimate-target='#interactive-banner-wrap-6560 .ult-new-ib-title'  data-responsive-json-new='{\"font-size\":\"\",\"line-height\":\"\"}'  style=\"font-weight:normal;\">TECHO DIFUSOR<\/h3><\/div><a class=\"ult-new-ib-link\" href=\"https:\/\/tuffigorapidex.com\/fr\/concepts\/concept-ventilation-plafond-diffuseur\/\" title=\"Concept Ventilation Plafond diffuseur\"  ><\/a><\/div>[\/vc_column][\/vc_row][vc_row][vc_column][vc_empty_space height=&#8221;30px&#8221;][\/vc_column][\/vc_row]<\/p>","protected":false},"excerpt":{"rendered":"<p>[vc_row][vc_column][vc_custom_heading text=&#8221;Una gama ##completa## para la ganader\u00eda &#8230;..&#8221; <span class=\"more\">...<\/span>","protected":false},"author":6,"featured_media":0,"parent":7744,"menu_order":220,"comment_status":"closed","ping_status":"closed","template":"views\/template-univers.blade.php","meta":{"inline_featured_image":false},"acf":[],"yoast_head":"<!-- This site is optimized with the Yoast SEO plugin v21.3 - https:\/\/yoast.com\/wordpress\/plugins\/seo\/ -->\n<title>Solutions pour l\u2019\u00e9levage porcin | Tuffigo Rapidex<\/title>\n<meta name=\"robots\" content=\"index, follow, max-snippet:-1, max-image-preview:large, max-video-preview:-1\" \/>\n<link rel=\"canonical\" href=\"https:\/\/tuffigorapidex.com\/es\/soluciones-por-especies\/cerdo\/\" \/>\n<meta property=\"og:locale\" content=\"es_ES\" \/>\n<meta property=\"og:type\" content=\"article\" \/>\n<meta property=\"og:title\" content=\"Solutions pour l\u2019\u00e9levage porcin | Tuffigo Rapidex\" \/>\n<meta property=\"og:description\" content=\"[vc_row][vc_column][vc_custom_heading text=&#8221;Una gama ##completa## para la ganader\u00eda &#8230;..&#8221; font_container=&#8221;tag:h2|text_align:center&#8221;][vc_column_text]La cr\u00eda de cerdos se basa en prestar especial atenci\u00f3n a cada\" \/>\n<meta property=\"og:url\" content=\"https:\/\/tuffigorapidex.com\/es\/soluciones-por-especies\/cerdo\/\" \/>\n<meta property=\"og:site_name\" content=\"Tuffigo Rapidex\" \/>\n<meta property=\"article:publisher\" content=\"https:\/\/www.facebook.com\/tuffigorapidexsas\/\" \/>\n<meta property=\"article:modified_time\" content=\"2025-09-25T09:49:09+00:00\" \/>\n<meta property=\"og:image\" content=\"https:\/\/tuffigorapidex.com\/app\/uploads\/2023\/12\/TUFFIGO-logo.png\" \/>\n\t<meta property=\"og:image:width\" content=\"188\" \/>\n\t<meta property=\"og:image:height\" content=\"184\" \/>\n\t<meta property=\"og:image:type\" content=\"image\/png\" \/>\n<meta name=\"twitter:card\" content=\"summary_large_image\" \/>\n<meta name=\"twitter:label1\" content=\"Est. reading time\" \/>\n\t<meta name=\"twitter:data1\" content=\"2 minutes\" \/>\n<script type=\"application\/ld+json\" class=\"yoast-schema-graph\">{\"@context\":\"https:\/\/schema.org\",\"@graph\":[{\"@type\":\"WebPage\",\"@id\":\"https:\/\/tuffigorapidex.com\/es\/soluciones-por-especies\/cerdo\/\",\"url\":\"https:\/\/tuffigorapidex.com\/es\/soluciones-por-especies\/cerdo\/\",\"name\":\"Solutions pour l\u2019\u00e9levage porcin | Tuffigo Rapidex\",\"isPartOf\":{\"@id\":\"https:\/\/tuffigorapidex.com\/es\/#website\"},\"datePublished\":\"2021-04-07T07:16:58+00:00\",\"dateModified\":\"2025-09-25T09:49:09+00:00\",\"breadcrumb\":{\"@id\":\"https:\/\/tuffigorapidex.com\/es\/soluciones-por-especies\/cerdo\/#breadcrumb\"},\"inLanguage\":\"es-ES\",\"potentialAction\":[{\"@type\":\"ReadAction\",\"target\":[\"https:\/\/tuffigorapidex.com\/es\/soluciones-por-especies\/cerdo\/\"]}]},{\"@type\":\"BreadcrumbList\",\"@id\":\"https:\/\/tuffigorapidex.com\/es\/soluciones-por-especies\/cerdo\/#breadcrumb\",\"itemListElement\":[{\"@type\":\"ListItem\",\"position\":1,\"name\":\"Accueil\",\"item\":\"https:\/\/tuffigorapidex.com\/es\/\"},{\"@type\":\"ListItem\",\"position\":2,\"name\":\"Soluciones por especies\",\"item\":\"https:\/\/tuffigorapidex.com\/es\/soluciones-por-especies\/\"},{\"@type\":\"ListItem\",\"position\":3,\"name\":\"Cerdo\"}]},{\"@type\":\"WebSite\",\"@id\":\"https:\/\/tuffigorapidex.com\/es\/#website\",\"url\":\"https:\/\/tuffigorapidex.com\/es\/\",\"name\":\"TUFFIGO RAPIDEX\",\"description\":\"Leader fran\u00e7ais des \u00e9quipements d&#039;\u00e9levage hors sol\",\"publisher\":{\"@id\":\"https:\/\/tuffigorapidex.com\/es\/#organization\"},\"potentialAction\":[{\"@type\":\"SearchAction\",\"target\":{\"@type\":\"EntryPoint\",\"urlTemplate\":\"https:\/\/tuffigorapidex.com\/es\/?s={search_term_string}\"},\"query-input\":\"required name=search_term_string\"}],\"inLanguage\":\"es-ES\"},{\"@type\":\"Organization\",\"@id\":\"https:\/\/tuffigorapidex.com\/es\/#organization\",\"name\":\"Tuffigo Rapidex\",\"url\":\"https:\/\/tuffigorapidex.com\/es\/\",\"logo\":{\"@type\":\"ImageObject\",\"inLanguage\":\"es-ES\",\"@id\":\"https:\/\/tuffigorapidex.com\/es\/#\/schema\/logo\/image\/\",\"url\":\"https:\/\/tuffigorapidex.com\/app\/uploads\/2023\/12\/TUFFIGO-logo.png\",\"contentUrl\":\"https:\/\/tuffigorapidex.com\/app\/uploads\/2023\/12\/TUFFIGO-logo.png\",\"width\":188,\"height\":184,\"caption\":\"Tuffigo Rapidex\"},\"image\":{\"@id\":\"https:\/\/tuffigorapidex.com\/es\/#\/schema\/logo\/image\/\"},\"sameAs\":[\"https:\/\/www.facebook.com\/tuffigorapidexsas\/\"]}]}<\/script>\n<!-- \/ Yoast SEO plugin. -->","yoast_head_json":{"title":"Solutions pour l\u2019\u00e9levage porcin | Tuffigo Rapidex","robots":{"index":"index","follow":"follow","max-snippet":"max-snippet:-1","max-image-preview":"max-image-preview:large","max-video-preview":"max-video-preview:-1"},"canonical":"https:\/\/tuffigorapidex.com\/es\/soluciones-por-especies\/cerdo\/","og_locale":"es_ES","og_type":"article","og_title":"Solutions pour l\u2019\u00e9levage porcin | Tuffigo Rapidex","og_description":"[vc_row][vc_column][vc_custom_heading text=&#8221;Una gama ##completa## para la ganader\u00eda &#8230;..&#8221; font_container=&#8221;tag:h2|text_align:center&#8221;][vc_column_text]La cr\u00eda de cerdos se basa en prestar especial atenci\u00f3n a cada","og_url":"https:\/\/tuffigorapidex.com\/es\/soluciones-por-especies\/cerdo\/","og_site_name":"Tuffigo Rapidex","article_publisher":"https:\/\/www.facebook.com\/tuffigorapidexsas\/","article_modified_time":"2025-09-25T09:49:09+00:00","og_image":[{"width":188,"height":184,"url":"https:\/\/tuffigorapidex.com\/app\/uploads\/2023\/12\/TUFFIGO-logo.png","type":"image\/png"}],"twitter_card":"summary_large_image","twitter_misc":{"Est. reading time":"2 minutes"},"schema":{"@context":"https:\/\/schema.org","@graph":[{"@type":"WebPage","@id":"https:\/\/tuffigorapidex.com\/es\/soluciones-por-especies\/cerdo\/","url":"https:\/\/tuffigorapidex.com\/es\/soluciones-por-especies\/cerdo\/","name":"Solutions pour l\u2019\u00e9levage porcin | Tuffigo Rapidex","isPartOf":{"@id":"https:\/\/tuffigorapidex.com\/es\/#website"},"datePublished":"2021-04-07T07:16:58+00:00","dateModified":"2025-09-25T09:49:09+00:00","breadcrumb":{"@id":"https:\/\/tuffigorapidex.com\/es\/soluciones-por-especies\/cerdo\/#breadcrumb"},"inLanguage":"es-ES","potentialAction":[{"@type":"ReadAction","target":["https:\/\/tuffigorapidex.com\/es\/soluciones-por-especies\/cerdo\/"]}]},{"@type":"BreadcrumbList","@id":"https:\/\/tuffigorapidex.com\/es\/soluciones-por-especies\/cerdo\/#breadcrumb","itemListElement":[{"@type":"ListItem","position":1,"name":"Accueil","item":"https:\/\/tuffigorapidex.com\/es\/"},{"@type":"ListItem","position":2,"name":"Soluciones por especies","item":"https:\/\/tuffigorapidex.com\/es\/soluciones-por-especies\/"},{"@type":"ListItem","position":3,"name":"Cerdo"}]},{"@type":"WebSite","@id":"https:\/\/tuffigorapidex.com\/es\/#website","url":"https:\/\/tuffigorapidex.com\/es\/","name":"TUFFIGO RAPIDEX","description":"Leader fran\u00e7ais des \u00e9quipements d&#039;\u00e9levage hors sol","publisher":{"@id":"https:\/\/tuffigorapidex.com\/es\/#organization"},"potentialAction":[{"@type":"SearchAction","target":{"@type":"EntryPoint","urlTemplate":"https:\/\/tuffigorapidex.com\/es\/?s={search_term_string}"},"query-input":"required name=search_term_string"}],"inLanguage":"es-ES"},{"@type":"Organization","@id":"https:\/\/tuffigorapidex.com\/es\/#organization","name":"Tuffigo Rapidex","url":"https:\/\/tuffigorapidex.com\/es\/","logo":{"@type":"ImageObject","inLanguage":"es-ES","@id":"https:\/\/tuffigorapidex.com\/es\/#\/schema\/logo\/image\/","url":"https:\/\/tuffigorapidex.com\/app\/uploads\/2023\/12\/TUFFIGO-logo.png","contentUrl":"https:\/\/tuffigorapidex.com\/app\/uploads\/2023\/12\/TUFFIGO-logo.png","width":188,"height":184,"caption":"Tuffigo Rapidex"},"image":{"@id":"https:\/\/tuffigorapidex.com\/es\/#\/schema\/logo\/image\/"},"sameAs":["https:\/\/www.facebook.com\/tuffigorapidexsas\/"]}]}},"_links":{"self":[{"href":"https:\/\/tuffigorapidex.com\/es\/wp-json\/wp\/v2\/pages\/7747"}],"collection":[{"href":"https:\/\/tuffigorapidex.com\/es\/wp-json\/wp\/v2\/pages"}],"about":[{"href":"https:\/\/tuffigorapidex.com\/es\/wp-json\/wp\/v2\/types\/page"}],"author":[{"embeddable":true,"href":"https:\/\/tuffigorapidex.com\/es\/wp-json\/wp\/v2\/users\/6"}],"replies":[{"embeddable":true,"href":"https:\/\/tuffigorapidex.com\/es\/wp-json\/wp\/v2\/comments?post=7747"}],"version-history":[{"count":8,"href":"https:\/\/tuffigorapidex.com\/es\/wp-json\/wp\/v2\/pages\/7747\/revisions"}],"predecessor-version":[{"id":7777,"href":"https:\/\/tuffigorapidex.com\/es\/wp-json\/wp\/v2\/pages\/7747\/revisions\/7777"}],"up":[{"embeddable":true,"href":"https:\/\/tuffigorapidex.com\/es\/wp-json\/wp\/v2\/pages\/7744"}],"wp:attachment":[{"href":"https:\/\/tuffigorapidex.com\/es\/wp-json\/wp\/v2\/media?parent=7747"}],"curies":[{"name":"wp","href":"https:\/\/api.w.org\/{rel}","templated":true}]}}