{"id":7749,"date":"2021-04-07T07:15:39","date_gmt":"2021-04-07T07:15:39","guid":{"rendered":"https:\/\/tuffigorapidex.com\/soluciones-por-especies\/autres-especes\/"},"modified":"2025-09-22T13:11:27","modified_gmt":"2025-09-22T13:11:27","slug":"otras-especies","status":"publish","type":"page","link":"https:\/\/tuffigorapidex.com\/es\/soluciones-por-especies\/otras-especies\/","title":{"rendered":"Otras especies"},"content":{"rendered":"<p>[vc_row][vc_column][vc_custom_heading text=&#8221;Proyectos ##a medida##&#8221; font_container=&#8221;tag:h2|text_align:center&#8221;][vc_column_text]<\/p><p style=\"text-align: center;\"><span data-sheets-root=\"1\">Estudiamos todas sus peticiones de producciones diversas: insectos, gambas, &#8230;<\/span><\/p><p>[\/vc_column_text][vc_row_inner][vc_column_inner width=&#8221;1\/2&#8243;][vc_hoverbox image=&#8221;3168&#8243; primary_title=&#8221;&#8221; hover_title=&#8221;Piscicultura&#8221;][\/vc_hoverbox][\/vc_column_inner][vc_column_inner width=&#8221;1\/2&#8243;][vc_hoverbox image=&#8221;3164&#8243; primary_title=&#8221;&#8221; hover_title=&#8221;Cetrer\u00eda de Puy du Fou&#8221;][\/vc_hoverbox][\/vc_column_inner][\/vc_row_inner][\/vc_column][\/vc_row]<\/p>","protected":false},"excerpt":{"rendered":"<p>[vc_row][vc_column][vc_custom_heading text=&#8221;Proyectos ##a medida##&#8221; font_container=&#8221;tag:h2|text_align:center&#8221;][vc_column_text]Estudiamos <span class=\"more\">...<\/span>","protected":false},"author":6,"featured_media":0,"parent":7744,"menu_order":240,"comment_status":"closed","ping_status":"closed","template":"views\/template-univers.blade.php","meta":{"inline_featured_image":false},"acf":[],"yoast_head":"<!-- This site is optimized with the Yoast SEO plugin v21.3 - https:\/\/yoast.com\/wordpress\/plugins\/seo\/ -->\n<title>Solutions pour l&#039;\u00e9levage des esp\u00e8ces animales | Tuffigo Rapidex<\/title>\n<meta name=\"robots\" content=\"index, follow, max-snippet:-1, max-image-preview:large, max-video-preview:-1\" \/>\n<link rel=\"canonical\" href=\"https:\/\/tuffigorapidex.com\/es\/soluciones-por-especies\/otras-especies\/\" \/>\n<meta property=\"og:locale\" content=\"es_ES\" \/>\n<meta property=\"og:type\" content=\"article\" \/>\n<meta property=\"og:title\" content=\"Solutions pour l&#039;\u00e9levage des esp\u00e8ces animales | Tuffigo Rapidex\" \/>\n<meta property=\"og:description\" content=\"[vc_row][vc_column][vc_custom_heading text=&#8221;Proyectos ##a medida##&#8221; font_container=&#8221;tag:h2|text_align:center&#8221;][vc_column_text]Estudiamos todas sus peticiones de producciones diversas: insectos, gambas, &#8230;[\/vc_column_text][vc_row_inner][vc_column_inner width=&#8221;1\/2&#8243;][vc_hoverbox image=&#8221;3168&#8243; primary_title=&#8221;&#8221; hover_title=&#8221;Piscicultura&#8221;][\/vc_hoverbox][\/vc_column_inner][vc_column_inner width=&#8221;1\/2&#8243;][vc_hoverbox image=&#8221;3164&#8243;\" \/>\n<meta property=\"og:url\" content=\"https:\/\/tuffigorapidex.com\/es\/soluciones-por-especies\/otras-especies\/\" \/>\n<meta property=\"og:site_name\" content=\"Tuffigo Rapidex\" \/>\n<meta property=\"article:publisher\" content=\"https:\/\/www.facebook.com\/tuffigorapidexsas\/\" \/>\n<meta property=\"article:modified_time\" content=\"2025-09-22T13:11:27+00:00\" \/>\n<meta property=\"og:image\" content=\"https:\/\/tuffigorapidex.com\/app\/uploads\/2023\/12\/TUFFIGO-logo.png\" \/>\n\t<meta property=\"og:image:width\" content=\"188\" \/>\n\t<meta property=\"og:image:height\" content=\"184\" \/>\n\t<meta property=\"og:image:type\" content=\"image\/png\" \/>\n<meta name=\"twitter:card\" content=\"summary_large_image\" \/>\n<meta name=\"twitter:label1\" content=\"Est. reading time\" \/>\n\t<meta name=\"twitter:data1\" content=\"1 minute\" \/>\n<script type=\"application\/ld+json\" class=\"yoast-schema-graph\">{\"@context\":\"https:\/\/schema.org\",\"@graph\":[{\"@type\":\"WebPage\",\"@id\":\"https:\/\/tuffigorapidex.com\/es\/soluciones-por-especies\/otras-especies\/\",\"url\":\"https:\/\/tuffigorapidex.com\/es\/soluciones-por-especies\/otras-especies\/\",\"name\":\"Solutions pour l'\u00e9levage des esp\u00e8ces animales | Tuffigo Rapidex\",\"isPartOf\":{\"@id\":\"https:\/\/tuffigorapidex.com\/es\/#website\"},\"datePublished\":\"2021-04-07T07:15:39+00:00\",\"dateModified\":\"2025-09-22T13:11:27+00:00\",\"breadcrumb\":{\"@id\":\"https:\/\/tuffigorapidex.com\/es\/soluciones-por-especies\/otras-especies\/#breadcrumb\"},\"inLanguage\":\"es-ES\",\"potentialAction\":[{\"@type\":\"ReadAction\",\"target\":[\"https:\/\/tuffigorapidex.com\/es\/soluciones-por-especies\/otras-especies\/\"]}]},{\"@type\":\"BreadcrumbList\",\"@id\":\"https:\/\/tuffigorapidex.com\/es\/soluciones-por-especies\/otras-especies\/#breadcrumb\",\"itemListElement\":[{\"@type\":\"ListItem\",\"position\":1,\"name\":\"Accueil\",\"item\":\"https:\/\/tuffigorapidex.com\/es\/\"},{\"@type\":\"ListItem\",\"position\":2,\"name\":\"Soluciones por especies\",\"item\":\"https:\/\/tuffigorapidex.com\/es\/soluciones-por-especies\/\"},{\"@type\":\"ListItem\",\"position\":3,\"name\":\"Otras especies\"}]},{\"@type\":\"WebSite\",\"@id\":\"https:\/\/tuffigorapidex.com\/es\/#website\",\"url\":\"https:\/\/tuffigorapidex.com\/es\/\",\"name\":\"TUFFIGO RAPIDEX\",\"description\":\"Leader fran\u00e7ais des \u00e9quipements d&#039;\u00e9levage hors sol\",\"publisher\":{\"@id\":\"https:\/\/tuffigorapidex.com\/es\/#organization\"},\"potentialAction\":[{\"@type\":\"SearchAction\",\"target\":{\"@type\":\"EntryPoint\",\"urlTemplate\":\"https:\/\/tuffigorapidex.com\/es\/?s={search_term_string}\"},\"query-input\":\"required name=search_term_string\"}],\"inLanguage\":\"es-ES\"},{\"@type\":\"Organization\",\"@id\":\"https:\/\/tuffigorapidex.com\/es\/#organization\",\"name\":\"Tuffigo Rapidex\",\"url\":\"https:\/\/tuffigorapidex.com\/es\/\",\"logo\":{\"@type\":\"ImageObject\",\"inLanguage\":\"es-ES\",\"@id\":\"https:\/\/tuffigorapidex.com\/es\/#\/schema\/logo\/image\/\",\"url\":\"https:\/\/tuffigorapidex.com\/app\/uploads\/2023\/12\/TUFFIGO-logo.png\",\"contentUrl\":\"https:\/\/tuffigorapidex.com\/app\/uploads\/2023\/12\/TUFFIGO-logo.png\",\"width\":188,\"height\":184,\"caption\":\"Tuffigo Rapidex\"},\"image\":{\"@id\":\"https:\/\/tuffigorapidex.com\/es\/#\/schema\/logo\/image\/\"},\"sameAs\":[\"https:\/\/www.facebook.com\/tuffigorapidexsas\/\"]}]}<\/script>\n<!-- \/ Yoast SEO plugin. -->","yoast_head_json":{"title":"Solutions pour l'\u00e9levage des esp\u00e8ces animales | Tuffigo Rapidex","robots":{"index":"index","follow":"follow","max-snippet":"max-snippet:-1","max-image-preview":"max-image-preview:large","max-video-preview":"max-video-preview:-1"},"canonical":"https:\/\/tuffigorapidex.com\/es\/soluciones-por-especies\/otras-especies\/","og_locale":"es_ES","og_type":"article","og_title":"Solutions pour l'\u00e9levage des esp\u00e8ces animales | Tuffigo Rapidex","og_description":"[vc_row][vc_column][vc_custom_heading text=&#8221;Proyectos ##a medida##&#8221; font_container=&#8221;tag:h2|text_align:center&#8221;][vc_column_text]Estudiamos todas sus peticiones de producciones diversas: insectos, gambas, &#8230;[\/vc_column_text][vc_row_inner][vc_column_inner width=&#8221;1\/2&#8243;][vc_hoverbox image=&#8221;3168&#8243; primary_title=&#8221;&#8221; hover_title=&#8221;Piscicultura&#8221;][\/vc_hoverbox][\/vc_column_inner][vc_column_inner width=&#8221;1\/2&#8243;][vc_hoverbox image=&#8221;3164&#8243;","og_url":"https:\/\/tuffigorapidex.com\/es\/soluciones-por-especies\/otras-especies\/","og_site_name":"Tuffigo Rapidex","article_publisher":"https:\/\/www.facebook.com\/tuffigorapidexsas\/","article_modified_time":"2025-09-22T13:11:27+00:00","og_image":[{"width":188,"height":184,"url":"https:\/\/tuffigorapidex.com\/app\/uploads\/2023\/12\/TUFFIGO-logo.png","type":"image\/png"}],"twitter_card":"summary_large_image","twitter_misc":{"Est. reading time":"1 minute"},"schema":{"@context":"https:\/\/schema.org","@graph":[{"@type":"WebPage","@id":"https:\/\/tuffigorapidex.com\/es\/soluciones-por-especies\/otras-especies\/","url":"https:\/\/tuffigorapidex.com\/es\/soluciones-por-especies\/otras-especies\/","name":"Solutions pour l'\u00e9levage des esp\u00e8ces animales | Tuffigo Rapidex","isPartOf":{"@id":"https:\/\/tuffigorapidex.com\/es\/#website"},"datePublished":"2021-04-07T07:15:39+00:00","dateModified":"2025-09-22T13:11:27+00:00","breadcrumb":{"@id":"https:\/\/tuffigorapidex.com\/es\/soluciones-por-especies\/otras-especies\/#breadcrumb"},"inLanguage":"es-ES","potentialAction":[{"@type":"ReadAction","target":["https:\/\/tuffigorapidex.com\/es\/soluciones-por-especies\/otras-especies\/"]}]},{"@type":"BreadcrumbList","@id":"https:\/\/tuffigorapidex.com\/es\/soluciones-por-especies\/otras-especies\/#breadcrumb","itemListElement":[{"@type":"ListItem","position":1,"name":"Accueil","item":"https:\/\/tuffigorapidex.com\/es\/"},{"@type":"ListItem","position":2,"name":"Soluciones por especies","item":"https:\/\/tuffigorapidex.com\/es\/soluciones-por-especies\/"},{"@type":"ListItem","position":3,"name":"Otras especies"}]},{"@type":"WebSite","@id":"https:\/\/tuffigorapidex.com\/es\/#website","url":"https:\/\/tuffigorapidex.com\/es\/","name":"TUFFIGO RAPIDEX","description":"Leader fran\u00e7ais des \u00e9quipements d&#039;\u00e9levage hors sol","publisher":{"@id":"https:\/\/tuffigorapidex.com\/es\/#organization"},"potentialAction":[{"@type":"SearchAction","target":{"@type":"EntryPoint","urlTemplate":"https:\/\/tuffigorapidex.com\/es\/?s={search_term_string}"},"query-input":"required name=search_term_string"}],"inLanguage":"es-ES"},{"@type":"Organization","@id":"https:\/\/tuffigorapidex.com\/es\/#organization","name":"Tuffigo Rapidex","url":"https:\/\/tuffigorapidex.com\/es\/","logo":{"@type":"ImageObject","inLanguage":"es-ES","@id":"https:\/\/tuffigorapidex.com\/es\/#\/schema\/logo\/image\/","url":"https:\/\/tuffigorapidex.com\/app\/uploads\/2023\/12\/TUFFIGO-logo.png","contentUrl":"https:\/\/tuffigorapidex.com\/app\/uploads\/2023\/12\/TUFFIGO-logo.png","width":188,"height":184,"caption":"Tuffigo Rapidex"},"image":{"@id":"https:\/\/tuffigorapidex.com\/es\/#\/schema\/logo\/image\/"},"sameAs":["https:\/\/www.facebook.com\/tuffigorapidexsas\/"]}]}},"_links":{"self":[{"href":"https:\/\/tuffigorapidex.com\/es\/wp-json\/wp\/v2\/pages\/7749"}],"collection":[{"href":"https:\/\/tuffigorapidex.com\/es\/wp-json\/wp\/v2\/pages"}],"about":[{"href":"https:\/\/tuffigorapidex.com\/es\/wp-json\/wp\/v2\/types\/page"}],"author":[{"embeddable":true,"href":"https:\/\/tuffigorapidex.com\/es\/wp-json\/wp\/v2\/users\/6"}],"replies":[{"embeddable":true,"href":"https:\/\/tuffigorapidex.com\/es\/wp-json\/wp\/v2\/comments?post=7749"}],"version-history":[{"count":2,"href":"https:\/\/tuffigorapidex.com\/es\/wp-json\/wp\/v2\/pages\/7749\/revisions"}],"predecessor-version":[{"id":7785,"href":"https:\/\/tuffigorapidex.com\/es\/wp-json\/wp\/v2\/pages\/7749\/revisions\/7785"}],"up":[{"embeddable":true,"href":"https:\/\/tuffigorapidex.com\/es\/wp-json\/wp\/v2\/pages\/7744"}],"wp:attachment":[{"href":"https:\/\/tuffigorapidex.com\/es\/wp-json\/wp\/v2\/media?parent=7749"}],"curies":[{"name":"wp","href":"https:\/\/api.w.org\/{rel}","templated":true}]}}