{"id":7786,"date":"2022-06-27T06:46:10","date_gmt":"2022-06-27T06:46:10","guid":{"rendered":"https:\/\/tuffigorapidex.com\/les-silos\/"},"modified":"2025-09-22T13:48:15","modified_gmt":"2025-09-22T13:48:15","slug":"silos","status":"publish","type":"page","link":"https:\/\/tuffigorapidex.com\/es\/silos\/","title":{"rendered":"silos"},"content":{"rendered":"<p>[vc_row][vc_column width=&#8221;1\/5&#8243;][\/vc_column][vc_column width=&#8221;1\/5&#8243;][vc_single_image image=&#8221;1296&#8243; img_size=&#8221;full&#8221; alignment=&#8221;center&#8221;][\/vc_column][vc_column width=&#8221;1\/5&#8243;][vc_single_image image=&#8221;2941&#8243; img_size=&#8221;full&#8221; alignment=&#8221;center&#8221;][\/vc_column][vc_column width=&#8221;1\/5&#8243;][vc_single_image image=&#8221;2945&#8243; img_size=&#8221;full&#8221; alignment=&#8221;center&#8221;][\/vc_column][vc_column width=&#8221;1\/5&#8243;][\/vc_column][\/vc_row][vc_row full_width=&#8221;stretch_row&#8221; css=&#8221;.vc_custom_1695740371059{background-color: rgba(221,184,142,0.26) !important;*background-color: rgb(221,184,142) !important;}&#8221;][vc_column][vc_row_inner][vc_column_inner][vc_custom_heading text=&#8221;Gama de ##Silos##&#8221; font_container=&#8221;tag:h2|text_align:center&#8221;][vc_custom_heading text=&#8221;Su soluci\u00f3n de almacenamiento para alimentos, polvos y minerales.<br \/>Una gama m\u00e1s amplia. Nuevos procesos. Tecnolog\u00edas que marcan la diferencia.&#8221; font_container=&#8221;tag:h2|text_align:center&#8221;][\/vc_column_inner][\/vc_row_inner][\/vc_column][\/vc_row][vc_row][vc_column width=&#8221;1\/6&#8243;][\/vc_column][vc_column width=&#8221;1\/3&#8243;][vc_custom_heading text=&#8221;Alta calidad de ##fabricaci\u00f3n##&#8221; font_container=&#8221;tag:h2|text_align:center|color:%23000000&#8243;][vc_column_text]<\/p><p>La construcci\u00f3n en poli\u00e9ster con fibra de vidrio de nuestros silos para ganado garantiza su durabilidad <strong>(10 a\u00f1os de garant\u00eda)<\/strong> y hace que no requieran un mantenimiento especial.<\/p><p>Son ligeros, herm\u00e9ticos y capaces de ofrecer una resistencia mec\u00e1nica muy elevada. Adem\u00e1s, su superficie lisa mejora el flujo de alimentos (m\u00e1s de diez veces mejor que el sistema normal).<\/p><p><strong>Nuestra tecnolog\u00eda RTM al vac\u00edo<\/strong> produce <strong>piezas perfectamente lisas<\/strong> y sin porosidad para una salud \u00f3ptima (no se observa crecimiento bacteriano entre dos cargas), con un espesor de pared constante.<\/p><p>[\/vc_column_text][vc_single_image image=&#8221;2917&#8243; img_size=&#8221;full&#8221;][vc_column_text]<\/p><p style=\"text-align: center;\"><strong>Tapa \u00abEclipse\u00bb, 100% retr\u00e1ctil<\/strong><\/p><p>[\/vc_column_text][\/vc_column][vc_column width=&#8221;1\/3&#8243;][vc_custom_heading text=&#8221;Cumplimiento de la ##norma NF 85010##&#8221; font_container=&#8221;tag:h2|text_align:center|color:%23000000&#8243;][vc_column_text]<\/p><p class=\"p1\">El cuerpo del silo est\u00e1 montado sobre un chasis de <strong>acero galvanizado en caliente y<\/strong> est\u00e1 equipado con una escalera de seguridad <strong>conforme a la norma NF 85010.<\/strong><\/p><p>[\/vc_column_text][vc_custom_heading text=&#8221;Silos ##multiequipados##&#8221; font_container=&#8221;tag:h2|text_align:center|color:%23000000&#8243;][vc_column_text]Nuestra gama incluye silos de 5 a 16 m3 (\u00d8 2 m) y de 16 a 36 m3 (\u00d8 2,70 m), de pared simple de resina de poli\u00e9ster alimentaria y fibra de vidrio.<\/p><p>Est\u00e1n equipados con:<\/p><ul><li>Acceso seguro al techo<\/li><li>Tapa con sistema de apertura por el suelo<\/li><li>Dos tubos de ventilaci\u00f3n<\/li><li>Banda transl\u00facida para controlar el nivel<\/li><li>Cono espec\u00edfico para un flujo suave gracias a la descompresi\u00f3n en salidas de \u00d8 370 u 800.<\/li><li>Escotilla de vaciado manual<\/li><li>Carga neum\u00e1tica o por tornillo<\/li><\/ul><p>[\/vc_column_text][\/vc_column][vc_column width=&#8221;1\/6&#8243;][\/vc_column][\/vc_row][vc_row][vc_column width=&#8221;1\/5&#8243;][\/vc_column][vc_column width=&#8221;1\/5&#8243;][vc_single_image image=&#8221;2929&#8243; img_size=&#8221;medium&#8221; alignment=&#8221;center&#8221;][vc_column_text]<\/p><p style=\"text-align: center;\"><strong>Acceso seguro al techo<\/strong><br \/><strong>Carga neum\u00e1tica<\/strong><\/p><p>[\/vc_column_text][\/vc_column][vc_column width=&#8221;1\/5&#8243;][vc_single_image image=&#8221;2913&#8243; img_size=&#8221;medium&#8221; alignment=&#8221;center&#8221;][vc_column_text]<\/p><p style=\"text-align: center;\"><strong>Chasis galvanizado en caliente<\/strong><br \/><strong>Torniller\u00eda de acero inoxidable<\/strong><br \/><strong>Banda de visualizaci\u00f3n<\/strong><\/p><p>[\/vc_column_text][\/vc_column][vc_column width=&#8221;1\/5&#8243;][vc_single_image image=&#8221;2949&#8243; img_size=&#8221;medium&#8221; alignment=&#8221;center&#8221; css=&#8221;.vc_custom_1732569482904{padding-bottom: 25px !important;}&#8221;][vc_column_text]<\/p><p style=\"text-align: center;\"><strong>Carga por tornillo<\/strong><\/p><p>[\/vc_column_text][\/vc_column][vc_column width=&#8221;1\/5&#8243;][\/vc_column][\/vc_row][vc_row full_width=&#8221;stretch_row&#8221; css=&#8221;.vc_custom_1695740401437{background-color: rgba(221,184,142,0.26) !important;*background-color: rgb(221,184,142) !important;}&#8221;][vc_column][vc_row_inner][vc_column_inner][vc_custom_heading text=&#8221;Tankes de agua&#8221; font_container=&#8221;tag:h2|text_align:center&#8221;][vc_custom_heading text=&#8221;De 10 a 50 m3, una gama completa de dep\u00f3sitos de agua de poli\u00e9ster.&#8221; font_container=&#8221;tag:h2|text_align:center&#8221;][\/vc_column_inner][\/vc_row_inner][\/vc_column][\/vc_row][vc_row][vc_column width=&#8221;1\/6&#8243;][\/vc_column][vc_column width=&#8221;1\/3&#8243;][vc_custom_heading text=&#8221;Tanques de ##fertilizante l\u00edquido de referencia##&#8221; font_container=&#8221;tag:h2|text_align:center&#8221;][vc_column_text]<\/p><p class=\"p1\">Nuestra gama de dep\u00f3sitos para fertilizantes l\u00edquidos se fabrica mediante el proceso de bobinado filamentario, lo que le confiere una gran fiabilidad por su durabilidad y robustez (m\u00e1s de 40 a\u00f1os): es el dep\u00f3sito de referencia para el almacenamiento de fertilizantes l\u00edquidos. Gracias a su acabado interior liso, el dep\u00f3sito es adecuado para todo tipo de fertilizantes l\u00edquidos y se mantiene limpio durante mucho tiempo.<\/p><p>[\/vc_column_text][\/vc_column][vc_column width=&#8221;1\/3&#8243;][vc_single_image image=&#8221;2921&#8243; img_size=&#8221;medium&#8221; alignment=&#8221;center&#8221;][\/vc_column][vc_column width=&#8221;1\/6&#8243;][\/vc_column][\/vc_row][vc_row][vc_column width=&#8221;1\/6&#8243;][\/vc_column][vc_column width=&#8221;1\/3&#8243;][vc_single_image image=&#8221;2925&#8243; img_size=&#8221;medium&#8221; alignment=&#8221;center&#8221;][\/vc_column][vc_column width=&#8221;1\/3&#8243;][vc_custom_heading text=&#8221;Tanques ##multiuso##&#8221; font_container=&#8221;tag:h2|text_align:right&#8221;][vc_column_text]Nuestra gama incluye dep\u00f3sitos de 10 a 50 m3 de pared simple fabricados en resina de poli\u00e9ster alimentaria y fibra de vidrio.<br \/>Est\u00e1n equipados con:<\/p><ul><li>un medidor graduado con flotador, cables y contrapesos de acero inoxidable;<\/li><li>una boca de acceso ovalada de acero inoxidable (460 x 340 mm) con virola;<\/li><li>una toma y una v\u00e1lvula con candado DN50 o DN80 con mariposa y cuerpo de acero inoxidable.<\/li><\/ul><p>[\/vc_column_text][\/vc_column][vc_column width=&#8221;1\/6&#8243;][\/vc_column][\/vc_row]<\/p>","protected":false},"excerpt":{"rendered":"<p>[vc_row][vc_column width=&#8221;1\/5&#8243;][\/vc_column][vc_column width=&#8221;1\/5&#8243;][vc_single_image <span class=\"more\">...<\/span>","protected":false},"author":6,"featured_media":0,"parent":0,"menu_order":400,"comment_status":"closed","ping_status":"closed","template":"","meta":{"inline_featured_image":false},"acf":[],"yoast_head":"<!-- This site is optimized with the Yoast SEO plugin v21.3 - https:\/\/yoast.com\/wordpress\/plugins\/seo\/ -->\n<title>silos | Tuffigo Rapidex<\/title>\n<meta name=\"robots\" content=\"index, follow, max-snippet:-1, max-image-preview:large, max-video-preview:-1\" \/>\n<link rel=\"canonical\" href=\"https:\/\/tuffigorapidex.com\/es\/silos\/\" \/>\n<meta property=\"og:locale\" content=\"es_ES\" \/>\n<meta property=\"og:type\" content=\"article\" \/>\n<meta property=\"og:title\" content=\"silos | Tuffigo Rapidex\" \/>\n<meta property=\"og:description\" content=\"[vc_row][vc_column width=&#8221;1\/5&#8243;][\/vc_column][vc_column width=&#8221;1\/5&#8243;][vc_single_image image=&#8221;1296&#8243; img_size=&#8221;full&#8221; alignment=&#8221;center&#8221;][\/vc_column][vc_column width=&#8221;1\/5&#8243;][vc_single_image image=&#8221;2941&#8243; img_size=&#8221;full&#8221; alignment=&#8221;center&#8221;][\/vc_column][vc_column width=&#8221;1\/5&#8243;][vc_single_image image=&#8221;2945&#8243; img_size=&#8221;full&#8221; alignment=&#8221;center&#8221;][\/vc_column][vc_column width=&#8221;1\/5&#8243;][\/vc_column][\/vc_row][vc_row full_width=&#8221;stretch_row&#8221; css=&#8221;.vc_custom_1695740371059{background-color: rgba(221,184,142,0.26) !important;*background-color: rgb(221,184,142)\" \/>\n<meta property=\"og:url\" content=\"https:\/\/tuffigorapidex.com\/es\/silos\/\" \/>\n<meta property=\"og:site_name\" content=\"Tuffigo Rapidex\" \/>\n<meta property=\"article:publisher\" content=\"https:\/\/www.facebook.com\/tuffigorapidexsas\/\" \/>\n<meta property=\"article:modified_time\" content=\"2025-09-22T13:48:15+00:00\" \/>\n<meta property=\"og:image\" content=\"https:\/\/tuffigorapidex.com\/app\/uploads\/2023\/12\/TUFFIGO-logo.png\" \/>\n\t<meta property=\"og:image:width\" content=\"188\" \/>\n\t<meta property=\"og:image:height\" content=\"184\" \/>\n\t<meta property=\"og:image:type\" content=\"image\/png\" \/>\n<meta name=\"twitter:card\" content=\"summary_large_image\" \/>\n<meta name=\"twitter:label1\" content=\"Est. reading time\" \/>\n\t<meta name=\"twitter:data1\" content=\"3 minutes\" \/>\n<script type=\"application\/ld+json\" class=\"yoast-schema-graph\">{\"@context\":\"https:\/\/schema.org\",\"@graph\":[{\"@type\":\"WebPage\",\"@id\":\"https:\/\/tuffigorapidex.com\/es\/silos\/\",\"url\":\"https:\/\/tuffigorapidex.com\/es\/silos\/\",\"name\":\"silos | Tuffigo Rapidex\",\"isPartOf\":{\"@id\":\"https:\/\/tuffigorapidex.com\/es\/#website\"},\"datePublished\":\"2022-06-27T06:46:10+00:00\",\"dateModified\":\"2025-09-22T13:48:15+00:00\",\"breadcrumb\":{\"@id\":\"https:\/\/tuffigorapidex.com\/es\/silos\/#breadcrumb\"},\"inLanguage\":\"es-ES\",\"potentialAction\":[{\"@type\":\"ReadAction\",\"target\":[\"https:\/\/tuffigorapidex.com\/es\/silos\/\"]}]},{\"@type\":\"BreadcrumbList\",\"@id\":\"https:\/\/tuffigorapidex.com\/es\/silos\/#breadcrumb\",\"itemListElement\":[{\"@type\":\"ListItem\",\"position\":1,\"name\":\"Accueil\",\"item\":\"https:\/\/tuffigorapidex.com\/es\/\"},{\"@type\":\"ListItem\",\"position\":2,\"name\":\"silos\"}]},{\"@type\":\"WebSite\",\"@id\":\"https:\/\/tuffigorapidex.com\/es\/#website\",\"url\":\"https:\/\/tuffigorapidex.com\/es\/\",\"name\":\"TUFFIGO RAPIDEX\",\"description\":\"Leader fran\u00e7ais des \u00e9quipements d&#039;\u00e9levage hors sol\",\"publisher\":{\"@id\":\"https:\/\/tuffigorapidex.com\/es\/#organization\"},\"potentialAction\":[{\"@type\":\"SearchAction\",\"target\":{\"@type\":\"EntryPoint\",\"urlTemplate\":\"https:\/\/tuffigorapidex.com\/es\/?s={search_term_string}\"},\"query-input\":\"required name=search_term_string\"}],\"inLanguage\":\"es-ES\"},{\"@type\":\"Organization\",\"@id\":\"https:\/\/tuffigorapidex.com\/es\/#organization\",\"name\":\"Tuffigo Rapidex\",\"url\":\"https:\/\/tuffigorapidex.com\/es\/\",\"logo\":{\"@type\":\"ImageObject\",\"inLanguage\":\"es-ES\",\"@id\":\"https:\/\/tuffigorapidex.com\/es\/#\/schema\/logo\/image\/\",\"url\":\"https:\/\/tuffigorapidex.com\/app\/uploads\/2023\/12\/TUFFIGO-logo.png\",\"contentUrl\":\"https:\/\/tuffigorapidex.com\/app\/uploads\/2023\/12\/TUFFIGO-logo.png\",\"width\":188,\"height\":184,\"caption\":\"Tuffigo Rapidex\"},\"image\":{\"@id\":\"https:\/\/tuffigorapidex.com\/es\/#\/schema\/logo\/image\/\"},\"sameAs\":[\"https:\/\/www.facebook.com\/tuffigorapidexsas\/\"]}]}<\/script>\n<!-- \/ Yoast SEO plugin. -->","yoast_head_json":{"title":"silos | Tuffigo Rapidex","robots":{"index":"index","follow":"follow","max-snippet":"max-snippet:-1","max-image-preview":"max-image-preview:large","max-video-preview":"max-video-preview:-1"},"canonical":"https:\/\/tuffigorapidex.com\/es\/silos\/","og_locale":"es_ES","og_type":"article","og_title":"silos | Tuffigo Rapidex","og_description":"[vc_row][vc_column width=&#8221;1\/5&#8243;][\/vc_column][vc_column width=&#8221;1\/5&#8243;][vc_single_image image=&#8221;1296&#8243; img_size=&#8221;full&#8221; alignment=&#8221;center&#8221;][\/vc_column][vc_column width=&#8221;1\/5&#8243;][vc_single_image image=&#8221;2941&#8243; img_size=&#8221;full&#8221; alignment=&#8221;center&#8221;][\/vc_column][vc_column width=&#8221;1\/5&#8243;][vc_single_image image=&#8221;2945&#8243; img_size=&#8221;full&#8221; alignment=&#8221;center&#8221;][\/vc_column][vc_column width=&#8221;1\/5&#8243;][\/vc_column][\/vc_row][vc_row full_width=&#8221;stretch_row&#8221; css=&#8221;.vc_custom_1695740371059{background-color: rgba(221,184,142,0.26) !important;*background-color: rgb(221,184,142)","og_url":"https:\/\/tuffigorapidex.com\/es\/silos\/","og_site_name":"Tuffigo Rapidex","article_publisher":"https:\/\/www.facebook.com\/tuffigorapidexsas\/","article_modified_time":"2025-09-22T13:48:15+00:00","og_image":[{"width":188,"height":184,"url":"https:\/\/tuffigorapidex.com\/app\/uploads\/2023\/12\/TUFFIGO-logo.png","type":"image\/png"}],"twitter_card":"summary_large_image","twitter_misc":{"Est. reading time":"3 minutes"},"schema":{"@context":"https:\/\/schema.org","@graph":[{"@type":"WebPage","@id":"https:\/\/tuffigorapidex.com\/es\/silos\/","url":"https:\/\/tuffigorapidex.com\/es\/silos\/","name":"silos | Tuffigo Rapidex","isPartOf":{"@id":"https:\/\/tuffigorapidex.com\/es\/#website"},"datePublished":"2022-06-27T06:46:10+00:00","dateModified":"2025-09-22T13:48:15+00:00","breadcrumb":{"@id":"https:\/\/tuffigorapidex.com\/es\/silos\/#breadcrumb"},"inLanguage":"es-ES","potentialAction":[{"@type":"ReadAction","target":["https:\/\/tuffigorapidex.com\/es\/silos\/"]}]},{"@type":"BreadcrumbList","@id":"https:\/\/tuffigorapidex.com\/es\/silos\/#breadcrumb","itemListElement":[{"@type":"ListItem","position":1,"name":"Accueil","item":"https:\/\/tuffigorapidex.com\/es\/"},{"@type":"ListItem","position":2,"name":"silos"}]},{"@type":"WebSite","@id":"https:\/\/tuffigorapidex.com\/es\/#website","url":"https:\/\/tuffigorapidex.com\/es\/","name":"TUFFIGO RAPIDEX","description":"Leader fran\u00e7ais des \u00e9quipements d&#039;\u00e9levage hors sol","publisher":{"@id":"https:\/\/tuffigorapidex.com\/es\/#organization"},"potentialAction":[{"@type":"SearchAction","target":{"@type":"EntryPoint","urlTemplate":"https:\/\/tuffigorapidex.com\/es\/?s={search_term_string}"},"query-input":"required name=search_term_string"}],"inLanguage":"es-ES"},{"@type":"Organization","@id":"https:\/\/tuffigorapidex.com\/es\/#organization","name":"Tuffigo Rapidex","url":"https:\/\/tuffigorapidex.com\/es\/","logo":{"@type":"ImageObject","inLanguage":"es-ES","@id":"https:\/\/tuffigorapidex.com\/es\/#\/schema\/logo\/image\/","url":"https:\/\/tuffigorapidex.com\/app\/uploads\/2023\/12\/TUFFIGO-logo.png","contentUrl":"https:\/\/tuffigorapidex.com\/app\/uploads\/2023\/12\/TUFFIGO-logo.png","width":188,"height":184,"caption":"Tuffigo Rapidex"},"image":{"@id":"https:\/\/tuffigorapidex.com\/es\/#\/schema\/logo\/image\/"},"sameAs":["https:\/\/www.facebook.com\/tuffigorapidexsas\/"]}]}},"_links":{"self":[{"href":"https:\/\/tuffigorapidex.com\/es\/wp-json\/wp\/v2\/pages\/7786"}],"collection":[{"href":"https:\/\/tuffigorapidex.com\/es\/wp-json\/wp\/v2\/pages"}],"about":[{"href":"https:\/\/tuffigorapidex.com\/es\/wp-json\/wp\/v2\/types\/page"}],"author":[{"embeddable":true,"href":"https:\/\/tuffigorapidex.com\/es\/wp-json\/wp\/v2\/users\/6"}],"replies":[{"embeddable":true,"href":"https:\/\/tuffigorapidex.com\/es\/wp-json\/wp\/v2\/comments?post=7786"}],"version-history":[{"count":6,"href":"https:\/\/tuffigorapidex.com\/es\/wp-json\/wp\/v2\/pages\/7786\/revisions"}],"predecessor-version":[{"id":7792,"href":"https:\/\/tuffigorapidex.com\/es\/wp-json\/wp\/v2\/pages\/7786\/revisions\/7792"}],"wp:attachment":[{"href":"https:\/\/tuffigorapidex.com\/es\/wp-json\/wp\/v2\/media?parent=7786"}],"curies":[{"name":"wp","href":"https:\/\/api.w.org\/{rel}","templated":true}]}}