{"id":7793,"date":"2023-05-26T10:02:32","date_gmt":"2023-05-26T10:02:32","guid":{"rendered":"https:\/\/tuffigorapidex.com\/centre-de-developpement\/"},"modified":"2025-09-22T13:52:57","modified_gmt":"2025-09-22T13:52:57","slug":"centro-de-desarrollo","status":"publish","type":"page","link":"https:\/\/tuffigorapidex.com\/es\/centro-de-desarrollo\/","title":{"rendered":"Centro de desarrollo"},"content":{"rendered":"<p>[vc_row][vc_column width=&#8221;1\/2&#8243;][vc_custom_heading text=&#8221;Desarrollo ##mec\u00e1nico##&#8221;][vc_column_text]<\/p><ul><li>Nous concevons des concepts de ventilation, en s\u2019appuyant sur des \u00e9tudes a\u00e9rauliques pouss\u00e9es et des tests en \u00e9levages, pour optimiser les flux d\u2019air quelle que soit la configuration des b\u00e2timents d\u2019\u00e9levage, le mode de pilotage, le type de production ainsi que leur localisation g\u00e9ographique<\/li><li>Nous effectuons la conception des pi\u00e8ces et sous ensembles m\u00e9caniques, incluant la mise en \u0153uvre de multiples mat\u00e9riaux (m\u00e9talliques, plastiques, composites,\u2026)<\/li><li>Nous nous assurons du bon respect des contraintes m\u00e9caniques et environnementales, pour garantir le fonctionnement en environnement agricole.<\/li><\/ul><p>[\/vc_column_text][\/vc_column][vc_column width=&#8221;1\/2&#8243;][\/vc_column][\/vc_row][vc_row el_class=&#8221;swap-on-mobile&#8221;][vc_column width=&#8221;1\/2&#8243;][vc_single_image image=&#8221;3215&#8243; img_size=&#8221;medium&#8221;][\/vc_column][vc_column width=&#8221;1\/2&#8243;][vc_custom_heading text=&#8221;Desarrollo ##electr\u00f3nico##&#8221;][vc_column_text]<\/p><ul><li>Desarrollamos nuestras propias placas electr\u00f3nicas, as\u00ed como la programaci\u00f3n de bajo nivel asociada, para garantizar que se adaptan perfectamente a sus necesidades y a las limitaciones del entorno.<\/li><li>A continuaci\u00f3n, gestionamos a nuestros subcontratistas para la fabricaci\u00f3n de las placas, buscando constantemente optimizar el funcionamiento y la fiabilidad<\/li><\/ul><p>[\/vc_column_text][\/vc_column][\/vc_row][vc_row][vc_column width=&#8221;1\/2&#8243;][vc_custom_heading text=&#8221;Desarrollo ##inform\u00e1tico##&#8221;][vc_column_text]<\/p><ul><li>Nuestros equipos trabajan con agricultores e instaladores para traducir sus necesidades profesionales en software y aplicaciones espec\u00edficas que integramos en los controladores.<\/li><li>Estamos comprometidos con la mejora continua y utilizamos m\u00e9todos de dise\u00f1o avanzados para garantizar que los nuevos desarrollos est\u00e9n a disposici\u00f3n de nuestros clientes de forma r\u00e1pida y fiable.<\/li><li>Tambi\u00e9n gestionamos la plataforma Cloud MyTR y el almacenamiento seguro y optimizado de sus datos, para que pueda utilizarlos siempre que lo necesite.<\/li><li>Optimizamos constantemente la interfaz de usuario para que nuestros productos sean m\u00e1s f\u00e1ciles de aprender y utilizar.<\/li><\/ul><p>[\/vc_column_text][\/vc_column][vc_column width=&#8221;1\/2&#8243;][vc_single_image image=&#8221;2997&#8243; img_size=&#8221;medium&#8221;][\/vc_column][\/vc_row][vc_row el_class=&#8221;swap-on-mobile&#8221;][vc_column width=&#8221;1\/2&#8243;][\/vc_column][vc_column width=&#8221;1\/2&#8243;][vc_custom_heading text=&#8221;##Pruebas y validaci\u00f3n## de productos y conceptos&#8221;][vc_column_text]Todos nuestros productos se someten a pruebas exhaustivas antes de ponerlos a disposici\u00f3n de los clientes:<\/p><ul><li>Mediante pruebas internas o de proveedores<\/li><li>Para algunos productos, estas pruebas se complementan con pruebas en laboratorios externos.<\/li><li>Pruebas de campo con criadores asociados para garantizar la fiabilidad en los entornos de los clientes.<\/li><\/ul><p>[\/vc_column_text][\/vc_column][\/vc_row][vc_row][vc_column width=&#8221;1\/2&#8243;][vc_custom_heading text=&#8221;Desarrollo ##el\u00e9ctrico##&#8221;][vc_column_text]<\/p><ul><li>Nuestro equipo de desarrollo dise\u00f1a armarios el\u00e9ctricos espec\u00edficos, a la medida de las necesidades de nuestros clientes.<\/li><li>Elabora todos los esquemas de cableado y optimiza el espacio necesario en los armarios el\u00e9ctricos, para garantizar un funcionamiento y un mantenimiento \u00f3ptimos.<\/li><li>Supervisa y aplica las restricciones reglamentarias<\/li><\/ul><p>[\/vc_column_text][\/vc_column][vc_column width=&#8221;1\/2&#8243;][vc_single_image image=&#8221;2989&#8243; img_size=&#8221;medium&#8221;][\/vc_column][\/vc_row][vc_row el_class=&#8221;swap-on-mobile&#8221;][vc_column width=&#8221;1\/2&#8243;][vc_single_image image=&#8221;2993&#8243; img_size=&#8221;medium&#8221;][\/vc_column][vc_column width=&#8221;1\/2&#8243;][vc_custom_heading text=&#8221;##Industrializaci\u00f3n## de productos&#8221;][vc_column_text]<\/p><ul><li>Para garantizar la perfecta fabricaci\u00f3n de los productos en la producci\u00f3n, el equipo define m\u00e9todos de montaje optimizados<\/li><li>La b\u00fasqueda permanente de la optimizaci\u00f3n de la fabricaci\u00f3n nos permite aspirar a armonizar la producci\u00f3n y lograr una calidad \u00f3ptima, garantizando al mismo tiempo la facilidad de mantenimiento tras la instalaci\u00f3n, en particular mediante la identificaci\u00f3n precisa de los componentes integrados.<\/li><li>Como siempre buscamos formas de mejorar, incorporamos regularmente mejoras basadas en los comentarios de ganaderos e instaladores<\/li><\/ul><p>[\/vc_column_text][\/vc_column][\/vc_row]<\/p>","protected":false},"excerpt":{"rendered":"<p>[vc_row][vc_column width=&#8221;1\/2&#8243;][vc_custom_heading text=&#8221;Desarrollo ##mec\u00e1nico##&#8221;][vc_column_text]Nous <span class=\"more\">...<\/span>","protected":false},"author":6,"featured_media":0,"parent":0,"menu_order":310,"comment_status":"closed","ping_status":"closed","template":"","meta":{"inline_featured_image":false},"acf":[],"yoast_head":"<!-- This site is optimized with the Yoast SEO plugin v21.3 - https:\/\/yoast.com\/wordpress\/plugins\/seo\/ -->\n<title>Centro de desarrollo | Tuffigo Rapidex<\/title>\n<meta name=\"robots\" content=\"index, follow, max-snippet:-1, max-image-preview:large, max-video-preview:-1\" \/>\n<link rel=\"canonical\" href=\"https:\/\/tuffigorapidex.com\/es\/centro-de-desarrollo\/\" \/>\n<meta property=\"og:locale\" content=\"es_ES\" \/>\n<meta property=\"og:type\" content=\"article\" \/>\n<meta property=\"og:title\" content=\"Centro de desarrollo | Tuffigo Rapidex\" \/>\n<meta property=\"og:description\" content=\"[vc_row][vc_column width=&#8221;1\/2&#8243;][vc_custom_heading text=&#8221;Desarrollo ##mec\u00e1nico##&#8221;][vc_column_text]Nous concevons des concepts de ventilation, en s\u2019appuyant sur des \u00e9tudes a\u00e9rauliques pouss\u00e9es et des tests en\" \/>\n<meta property=\"og:url\" content=\"https:\/\/tuffigorapidex.com\/es\/centro-de-desarrollo\/\" \/>\n<meta property=\"og:site_name\" content=\"Tuffigo Rapidex\" \/>\n<meta property=\"article:publisher\" content=\"https:\/\/www.facebook.com\/tuffigorapidexsas\/\" \/>\n<meta property=\"article:modified_time\" content=\"2025-09-22T13:52:57+00:00\" \/>\n<meta property=\"og:image\" content=\"https:\/\/tuffigorapidex.com\/app\/uploads\/2023\/12\/TUFFIGO-logo.png\" \/>\n\t<meta property=\"og:image:width\" content=\"188\" \/>\n\t<meta property=\"og:image:height\" content=\"184\" \/>\n\t<meta property=\"og:image:type\" content=\"image\/png\" \/>\n<meta name=\"twitter:card\" content=\"summary_large_image\" \/>\n<meta name=\"twitter:label1\" content=\"Est. reading time\" \/>\n\t<meta name=\"twitter:data1\" content=\"3 minutes\" \/>\n<script type=\"application\/ld+json\" class=\"yoast-schema-graph\">{\"@context\":\"https:\/\/schema.org\",\"@graph\":[{\"@type\":\"WebPage\",\"@id\":\"https:\/\/tuffigorapidex.com\/es\/centro-de-desarrollo\/\",\"url\":\"https:\/\/tuffigorapidex.com\/es\/centro-de-desarrollo\/\",\"name\":\"Centro de desarrollo | Tuffigo Rapidex\",\"isPartOf\":{\"@id\":\"https:\/\/tuffigorapidex.com\/es\/#website\"},\"datePublished\":\"2023-05-26T10:02:32+00:00\",\"dateModified\":\"2025-09-22T13:52:57+00:00\",\"breadcrumb\":{\"@id\":\"https:\/\/tuffigorapidex.com\/es\/centro-de-desarrollo\/#breadcrumb\"},\"inLanguage\":\"es-ES\",\"potentialAction\":[{\"@type\":\"ReadAction\",\"target\":[\"https:\/\/tuffigorapidex.com\/es\/centro-de-desarrollo\/\"]}]},{\"@type\":\"BreadcrumbList\",\"@id\":\"https:\/\/tuffigorapidex.com\/es\/centro-de-desarrollo\/#breadcrumb\",\"itemListElement\":[{\"@type\":\"ListItem\",\"position\":1,\"name\":\"Accueil\",\"item\":\"https:\/\/tuffigorapidex.com\/es\/\"},{\"@type\":\"ListItem\",\"position\":2,\"name\":\"Centro de desarrollo\"}]},{\"@type\":\"WebSite\",\"@id\":\"https:\/\/tuffigorapidex.com\/es\/#website\",\"url\":\"https:\/\/tuffigorapidex.com\/es\/\",\"name\":\"TUFFIGO RAPIDEX\",\"description\":\"Leader fran\u00e7ais des \u00e9quipements d&#039;\u00e9levage hors sol\",\"publisher\":{\"@id\":\"https:\/\/tuffigorapidex.com\/es\/#organization\"},\"potentialAction\":[{\"@type\":\"SearchAction\",\"target\":{\"@type\":\"EntryPoint\",\"urlTemplate\":\"https:\/\/tuffigorapidex.com\/es\/?s={search_term_string}\"},\"query-input\":\"required name=search_term_string\"}],\"inLanguage\":\"es-ES\"},{\"@type\":\"Organization\",\"@id\":\"https:\/\/tuffigorapidex.com\/es\/#organization\",\"name\":\"Tuffigo Rapidex\",\"url\":\"https:\/\/tuffigorapidex.com\/es\/\",\"logo\":{\"@type\":\"ImageObject\",\"inLanguage\":\"es-ES\",\"@id\":\"https:\/\/tuffigorapidex.com\/es\/#\/schema\/logo\/image\/\",\"url\":\"https:\/\/tuffigorapidex.com\/app\/uploads\/2023\/12\/TUFFIGO-logo.png\",\"contentUrl\":\"https:\/\/tuffigorapidex.com\/app\/uploads\/2023\/12\/TUFFIGO-logo.png\",\"width\":188,\"height\":184,\"caption\":\"Tuffigo Rapidex\"},\"image\":{\"@id\":\"https:\/\/tuffigorapidex.com\/es\/#\/schema\/logo\/image\/\"},\"sameAs\":[\"https:\/\/www.facebook.com\/tuffigorapidexsas\/\"]}]}<\/script>\n<!-- \/ Yoast SEO plugin. -->","yoast_head_json":{"title":"Centro de desarrollo | Tuffigo Rapidex","robots":{"index":"index","follow":"follow","max-snippet":"max-snippet:-1","max-image-preview":"max-image-preview:large","max-video-preview":"max-video-preview:-1"},"canonical":"https:\/\/tuffigorapidex.com\/es\/centro-de-desarrollo\/","og_locale":"es_ES","og_type":"article","og_title":"Centro de desarrollo | Tuffigo Rapidex","og_description":"[vc_row][vc_column width=&#8221;1\/2&#8243;][vc_custom_heading text=&#8221;Desarrollo ##mec\u00e1nico##&#8221;][vc_column_text]Nous concevons des concepts de ventilation, en s\u2019appuyant sur des \u00e9tudes a\u00e9rauliques pouss\u00e9es et des tests en","og_url":"https:\/\/tuffigorapidex.com\/es\/centro-de-desarrollo\/","og_site_name":"Tuffigo Rapidex","article_publisher":"https:\/\/www.facebook.com\/tuffigorapidexsas\/","article_modified_time":"2025-09-22T13:52:57+00:00","og_image":[{"width":188,"height":184,"url":"https:\/\/tuffigorapidex.com\/app\/uploads\/2023\/12\/TUFFIGO-logo.png","type":"image\/png"}],"twitter_card":"summary_large_image","twitter_misc":{"Est. reading time":"3 minutes"},"schema":{"@context":"https:\/\/schema.org","@graph":[{"@type":"WebPage","@id":"https:\/\/tuffigorapidex.com\/es\/centro-de-desarrollo\/","url":"https:\/\/tuffigorapidex.com\/es\/centro-de-desarrollo\/","name":"Centro de desarrollo | Tuffigo Rapidex","isPartOf":{"@id":"https:\/\/tuffigorapidex.com\/es\/#website"},"datePublished":"2023-05-26T10:02:32+00:00","dateModified":"2025-09-22T13:52:57+00:00","breadcrumb":{"@id":"https:\/\/tuffigorapidex.com\/es\/centro-de-desarrollo\/#breadcrumb"},"inLanguage":"es-ES","potentialAction":[{"@type":"ReadAction","target":["https:\/\/tuffigorapidex.com\/es\/centro-de-desarrollo\/"]}]},{"@type":"BreadcrumbList","@id":"https:\/\/tuffigorapidex.com\/es\/centro-de-desarrollo\/#breadcrumb","itemListElement":[{"@type":"ListItem","position":1,"name":"Accueil","item":"https:\/\/tuffigorapidex.com\/es\/"},{"@type":"ListItem","position":2,"name":"Centro de desarrollo"}]},{"@type":"WebSite","@id":"https:\/\/tuffigorapidex.com\/es\/#website","url":"https:\/\/tuffigorapidex.com\/es\/","name":"TUFFIGO RAPIDEX","description":"Leader fran\u00e7ais des \u00e9quipements d&#039;\u00e9levage hors sol","publisher":{"@id":"https:\/\/tuffigorapidex.com\/es\/#organization"},"potentialAction":[{"@type":"SearchAction","target":{"@type":"EntryPoint","urlTemplate":"https:\/\/tuffigorapidex.com\/es\/?s={search_term_string}"},"query-input":"required name=search_term_string"}],"inLanguage":"es-ES"},{"@type":"Organization","@id":"https:\/\/tuffigorapidex.com\/es\/#organization","name":"Tuffigo Rapidex","url":"https:\/\/tuffigorapidex.com\/es\/","logo":{"@type":"ImageObject","inLanguage":"es-ES","@id":"https:\/\/tuffigorapidex.com\/es\/#\/schema\/logo\/image\/","url":"https:\/\/tuffigorapidex.com\/app\/uploads\/2023\/12\/TUFFIGO-logo.png","contentUrl":"https:\/\/tuffigorapidex.com\/app\/uploads\/2023\/12\/TUFFIGO-logo.png","width":188,"height":184,"caption":"Tuffigo Rapidex"},"image":{"@id":"https:\/\/tuffigorapidex.com\/es\/#\/schema\/logo\/image\/"},"sameAs":["https:\/\/www.facebook.com\/tuffigorapidexsas\/"]}]}},"_links":{"self":[{"href":"https:\/\/tuffigorapidex.com\/es\/wp-json\/wp\/v2\/pages\/7793"}],"collection":[{"href":"https:\/\/tuffigorapidex.com\/es\/wp-json\/wp\/v2\/pages"}],"about":[{"href":"https:\/\/tuffigorapidex.com\/es\/wp-json\/wp\/v2\/types\/page"}],"author":[{"embeddable":true,"href":"https:\/\/tuffigorapidex.com\/es\/wp-json\/wp\/v2\/users\/6"}],"replies":[{"embeddable":true,"href":"https:\/\/tuffigorapidex.com\/es\/wp-json\/wp\/v2\/comments?post=7793"}],"version-history":[{"count":2,"href":"https:\/\/tuffigorapidex.com\/es\/wp-json\/wp\/v2\/pages\/7793\/revisions"}],"predecessor-version":[{"id":7795,"href":"https:\/\/tuffigorapidex.com\/es\/wp-json\/wp\/v2\/pages\/7793\/revisions\/7795"}],"wp:attachment":[{"href":"https:\/\/tuffigorapidex.com\/es\/wp-json\/wp\/v2\/media?parent=7793"}],"curies":[{"name":"wp","href":"https:\/\/api.w.org\/{rel}","templated":true}]}}