{"id":7796,"date":"2023-05-26T10:03:24","date_gmt":"2023-05-26T10:03:24","guid":{"rendered":"https:\/\/tuffigorapidex.com\/site-de-production\/"},"modified":"2025-09-22T14:00:13","modified_gmt":"2025-09-22T14:00:13","slug":"instalaciones-de-produccion","status":"publish","type":"page","link":"https:\/\/tuffigorapidex.com\/es\/instalaciones-de-produccion\/","title":{"rendered":"Instalaciones de producci\u00f3n"},"content":{"rendered":"<p>[vc_row][vc_column width=&#8221;1\/2&#8243;][vc_custom_heading text=&#8221;Taller de ##fabricaci\u00f3n el\u00e9ctrica##&#8221;][vc_column_text]<\/p><ul><li>En nuestros talleres, nuestros t\u00e9cnicos certificados ensamblan y cablean armarios el\u00e9ctricos seg\u00fan las especificaciones del cliente<\/li><li>Tambi\u00e9n fabricamos todos nuestros paneles de control (reguladores, alarmas, transmisores GSM, etc.).<\/li><li>Nos aseguramos de que funcionan correctamente mediante pruebas intensivas de conformidad<\/li><li>Tambi\u00e9n podemos llevar a cabo configuraciones del cliente<\/li><li>Nuestra reconocida calidad de fabricaci\u00f3n tambi\u00e9n nos permite subcontratar nuestros servicios a actores de otros sectores de actividad<\/li><\/ul><p>[\/vc_column_text][\/vc_column][vc_column width=&#8221;1\/2&#8243;][vc_single_image image=&#8221;2977&#8243; img_size=&#8221;400&#215;300&#8243; style=&#8221;vc_box_rounded&#8221;][\/vc_column][\/vc_row][vc_row el_class=&#8221;swap-on-mobile&#8221;][vc_column width=&#8221;1\/2&#8243;][vc_single_image image=&#8221;3037&#8243; img_size=&#8221;400&#215;300&#8243; style=&#8221;vc_box_rounded&#8221;][\/vc_column][vc_column width=&#8221;1\/2&#8243;][vc_custom_heading text=&#8221;Taller de ##fabricaci\u00f3n mec\u00e1nica##&#8221;][vc_column_text]<\/p><ul><li>Nuestros t\u00e9cnicos ensamblan los distintos componentes mec\u00e1nicos para enviar al cliente un producto listo para instalar, en caso necesario<\/li><li>Tambi\u00e9n nos aseguramos de que los subconjuntos y los productos acabados est\u00e9n correctamente parametrizados, para garantizar su integraci\u00f3n sin problemas en las instalaciones del cliente.<\/li><\/ul><p>[\/vc_column_text][\/vc_column][\/vc_row][vc_row][vc_column width=&#8221;1\/2&#8243;][vc_custom_heading text=&#8221;Administraci\u00f3n de ##ventas##&#8221;][vc_column_text]<\/p><ul><li>Nuestro equipo recibe los pedidos y supervisa la entrega de sus proyectos, en Francia y en el extranjero.<\/li><li>Buscamos constantemente formas de optimizar los plazos de entrega en funci\u00f3n de las limitaciones de los proyectos de nuestros instaladores<\/li><li>A escala internacional, podemos gestionar las condiciones de transporte y los problemas aduaneros<\/li><\/ul><p>[\/vc_column_text][\/vc_column][vc_column width=&#8221;1\/2&#8243;][vc_single_image image=&#8221;2981&#8243; img_size=&#8221;400&#215;300&#8243; style=&#8221;vc_box_rounded&#8221;][\/vc_column][\/vc_row][vc_row el_class=&#8221;swap-on-mobile&#8221;][vc_column width=&#8221;1\/2&#8243;][vc_single_image image=&#8221;3044&#8243; img_size=&#8221;400&#215;300&#8243; style=&#8221;vc_box_rounded&#8221;][\/vc_column][vc_column width=&#8221;1\/2&#8243;][vc_custom_heading text=&#8221;Almac\u00e9n ##log\u00edstico##&#8221;][vc_column_text]<\/p><ul><li>Para poder ofrecer nuestra amplia gama de productos, disponemos de una superficie de almacenamiento de unos 6000 m\u00b2, en la que almacenamos m\u00e1s de 5000 productos.<\/li><li>Optimizamos las referencias de existencias para adaptarnos a las previsiones de nuestros clientes.<\/li><li>Preparamos y embalamos los pedidos en funci\u00f3n de las necesidades de nuestros instaladores (Francia y Exportaci\u00f3n).<\/li><li>Identificamos el medio de transporte m\u00e1s adecuado para cada pedido, con el fin de optimizar los costes y la calidad de la entrega<\/li><\/ul><p>[\/vc_column_text][\/vc_column][\/vc_row]<\/p>","protected":false},"excerpt":{"rendered":"<p>[vc_row][vc_column width=&#8221;1\/2&#8243;][vc_custom_heading text=&#8221;Taller de ##fabricaci\u00f3n <span class=\"more\">...<\/span>","protected":false},"author":6,"featured_media":0,"parent":0,"menu_order":320,"comment_status":"closed","ping_status":"closed","template":"","meta":{"inline_featured_image":false},"acf":[],"yoast_head":"<!-- This site is optimized with the Yoast SEO plugin v21.3 - https:\/\/yoast.com\/wordpress\/plugins\/seo\/ -->\n<title>Instalaciones de producci\u00f3n | Tuffigo Rapidex<\/title>\n<meta name=\"robots\" content=\"index, follow, max-snippet:-1, max-image-preview:large, max-video-preview:-1\" \/>\n<link rel=\"canonical\" href=\"https:\/\/tuffigorapidex.com\/es\/instalaciones-de-produccion\/\" \/>\n<meta property=\"og:locale\" content=\"es_ES\" \/>\n<meta property=\"og:type\" content=\"article\" \/>\n<meta property=\"og:title\" content=\"Instalaciones de producci\u00f3n | Tuffigo Rapidex\" \/>\n<meta property=\"og:description\" content=\"[vc_row][vc_column width=&#8221;1\/2&#8243;][vc_custom_heading text=&#8221;Taller de ##fabricaci\u00f3n el\u00e9ctrica##&#8221;][vc_column_text]En nuestros talleres, nuestros t\u00e9cnicos certificados ensamblan y cablean armarios el\u00e9ctricos seg\u00fan las especificaciones del\" \/>\n<meta property=\"og:url\" content=\"https:\/\/tuffigorapidex.com\/es\/instalaciones-de-produccion\/\" \/>\n<meta property=\"og:site_name\" content=\"Tuffigo Rapidex\" \/>\n<meta property=\"article:publisher\" content=\"https:\/\/www.facebook.com\/tuffigorapidexsas\/\" \/>\n<meta property=\"article:modified_time\" content=\"2025-09-22T14:00:13+00:00\" \/>\n<meta property=\"og:image\" content=\"https:\/\/tuffigorapidex.com\/app\/uploads\/2023\/12\/TUFFIGO-logo.png\" \/>\n\t<meta property=\"og:image:width\" content=\"188\" \/>\n\t<meta property=\"og:image:height\" content=\"184\" \/>\n\t<meta property=\"og:image:type\" content=\"image\/png\" \/>\n<meta name=\"twitter:card\" content=\"summary_large_image\" \/>\n<meta name=\"twitter:label1\" content=\"Est. reading time\" \/>\n\t<meta name=\"twitter:data1\" content=\"2 minutes\" \/>\n<script type=\"application\/ld+json\" class=\"yoast-schema-graph\">{\"@context\":\"https:\/\/schema.org\",\"@graph\":[{\"@type\":\"WebPage\",\"@id\":\"https:\/\/tuffigorapidex.com\/es\/instalaciones-de-produccion\/\",\"url\":\"https:\/\/tuffigorapidex.com\/es\/instalaciones-de-produccion\/\",\"name\":\"Instalaciones de producci\u00f3n | Tuffigo Rapidex\",\"isPartOf\":{\"@id\":\"https:\/\/tuffigorapidex.com\/es\/#website\"},\"datePublished\":\"2023-05-26T10:03:24+00:00\",\"dateModified\":\"2025-09-22T14:00:13+00:00\",\"breadcrumb\":{\"@id\":\"https:\/\/tuffigorapidex.com\/es\/instalaciones-de-produccion\/#breadcrumb\"},\"inLanguage\":\"es-ES\",\"potentialAction\":[{\"@type\":\"ReadAction\",\"target\":[\"https:\/\/tuffigorapidex.com\/es\/instalaciones-de-produccion\/\"]}]},{\"@type\":\"BreadcrumbList\",\"@id\":\"https:\/\/tuffigorapidex.com\/es\/instalaciones-de-produccion\/#breadcrumb\",\"itemListElement\":[{\"@type\":\"ListItem\",\"position\":1,\"name\":\"Accueil\",\"item\":\"https:\/\/tuffigorapidex.com\/es\/\"},{\"@type\":\"ListItem\",\"position\":2,\"name\":\"Instalaciones de producci\u00f3n\"}]},{\"@type\":\"WebSite\",\"@id\":\"https:\/\/tuffigorapidex.com\/es\/#website\",\"url\":\"https:\/\/tuffigorapidex.com\/es\/\",\"name\":\"TUFFIGO RAPIDEX\",\"description\":\"Leader fran\u00e7ais des \u00e9quipements d&#039;\u00e9levage hors sol\",\"publisher\":{\"@id\":\"https:\/\/tuffigorapidex.com\/es\/#organization\"},\"potentialAction\":[{\"@type\":\"SearchAction\",\"target\":{\"@type\":\"EntryPoint\",\"urlTemplate\":\"https:\/\/tuffigorapidex.com\/es\/?s={search_term_string}\"},\"query-input\":\"required name=search_term_string\"}],\"inLanguage\":\"es-ES\"},{\"@type\":\"Organization\",\"@id\":\"https:\/\/tuffigorapidex.com\/es\/#organization\",\"name\":\"Tuffigo Rapidex\",\"url\":\"https:\/\/tuffigorapidex.com\/es\/\",\"logo\":{\"@type\":\"ImageObject\",\"inLanguage\":\"es-ES\",\"@id\":\"https:\/\/tuffigorapidex.com\/es\/#\/schema\/logo\/image\/\",\"url\":\"https:\/\/tuffigorapidex.com\/app\/uploads\/2023\/12\/TUFFIGO-logo.png\",\"contentUrl\":\"https:\/\/tuffigorapidex.com\/app\/uploads\/2023\/12\/TUFFIGO-logo.png\",\"width\":188,\"height\":184,\"caption\":\"Tuffigo Rapidex\"},\"image\":{\"@id\":\"https:\/\/tuffigorapidex.com\/es\/#\/schema\/logo\/image\/\"},\"sameAs\":[\"https:\/\/www.facebook.com\/tuffigorapidexsas\/\"]}]}<\/script>\n<!-- \/ Yoast SEO plugin. -->","yoast_head_json":{"title":"Instalaciones de producci\u00f3n | Tuffigo Rapidex","robots":{"index":"index","follow":"follow","max-snippet":"max-snippet:-1","max-image-preview":"max-image-preview:large","max-video-preview":"max-video-preview:-1"},"canonical":"https:\/\/tuffigorapidex.com\/es\/instalaciones-de-produccion\/","og_locale":"es_ES","og_type":"article","og_title":"Instalaciones de producci\u00f3n | Tuffigo Rapidex","og_description":"[vc_row][vc_column width=&#8221;1\/2&#8243;][vc_custom_heading text=&#8221;Taller de ##fabricaci\u00f3n el\u00e9ctrica##&#8221;][vc_column_text]En nuestros talleres, nuestros t\u00e9cnicos certificados ensamblan y cablean armarios el\u00e9ctricos seg\u00fan las especificaciones del","og_url":"https:\/\/tuffigorapidex.com\/es\/instalaciones-de-produccion\/","og_site_name":"Tuffigo Rapidex","article_publisher":"https:\/\/www.facebook.com\/tuffigorapidexsas\/","article_modified_time":"2025-09-22T14:00:13+00:00","og_image":[{"width":188,"height":184,"url":"https:\/\/tuffigorapidex.com\/app\/uploads\/2023\/12\/TUFFIGO-logo.png","type":"image\/png"}],"twitter_card":"summary_large_image","twitter_misc":{"Est. reading time":"2 minutes"},"schema":{"@context":"https:\/\/schema.org","@graph":[{"@type":"WebPage","@id":"https:\/\/tuffigorapidex.com\/es\/instalaciones-de-produccion\/","url":"https:\/\/tuffigorapidex.com\/es\/instalaciones-de-produccion\/","name":"Instalaciones de producci\u00f3n | Tuffigo Rapidex","isPartOf":{"@id":"https:\/\/tuffigorapidex.com\/es\/#website"},"datePublished":"2023-05-26T10:03:24+00:00","dateModified":"2025-09-22T14:00:13+00:00","breadcrumb":{"@id":"https:\/\/tuffigorapidex.com\/es\/instalaciones-de-produccion\/#breadcrumb"},"inLanguage":"es-ES","potentialAction":[{"@type":"ReadAction","target":["https:\/\/tuffigorapidex.com\/es\/instalaciones-de-produccion\/"]}]},{"@type":"BreadcrumbList","@id":"https:\/\/tuffigorapidex.com\/es\/instalaciones-de-produccion\/#breadcrumb","itemListElement":[{"@type":"ListItem","position":1,"name":"Accueil","item":"https:\/\/tuffigorapidex.com\/es\/"},{"@type":"ListItem","position":2,"name":"Instalaciones de producci\u00f3n"}]},{"@type":"WebSite","@id":"https:\/\/tuffigorapidex.com\/es\/#website","url":"https:\/\/tuffigorapidex.com\/es\/","name":"TUFFIGO RAPIDEX","description":"Leader fran\u00e7ais des \u00e9quipements d&#039;\u00e9levage hors sol","publisher":{"@id":"https:\/\/tuffigorapidex.com\/es\/#organization"},"potentialAction":[{"@type":"SearchAction","target":{"@type":"EntryPoint","urlTemplate":"https:\/\/tuffigorapidex.com\/es\/?s={search_term_string}"},"query-input":"required name=search_term_string"}],"inLanguage":"es-ES"},{"@type":"Organization","@id":"https:\/\/tuffigorapidex.com\/es\/#organization","name":"Tuffigo Rapidex","url":"https:\/\/tuffigorapidex.com\/es\/","logo":{"@type":"ImageObject","inLanguage":"es-ES","@id":"https:\/\/tuffigorapidex.com\/es\/#\/schema\/logo\/image\/","url":"https:\/\/tuffigorapidex.com\/app\/uploads\/2023\/12\/TUFFIGO-logo.png","contentUrl":"https:\/\/tuffigorapidex.com\/app\/uploads\/2023\/12\/TUFFIGO-logo.png","width":188,"height":184,"caption":"Tuffigo Rapidex"},"image":{"@id":"https:\/\/tuffigorapidex.com\/es\/#\/schema\/logo\/image\/"},"sameAs":["https:\/\/www.facebook.com\/tuffigorapidexsas\/"]}]}},"_links":{"self":[{"href":"https:\/\/tuffigorapidex.com\/es\/wp-json\/wp\/v2\/pages\/7796"}],"collection":[{"href":"https:\/\/tuffigorapidex.com\/es\/wp-json\/wp\/v2\/pages"}],"about":[{"href":"https:\/\/tuffigorapidex.com\/es\/wp-json\/wp\/v2\/types\/page"}],"author":[{"embeddable":true,"href":"https:\/\/tuffigorapidex.com\/es\/wp-json\/wp\/v2\/users\/6"}],"replies":[{"embeddable":true,"href":"https:\/\/tuffigorapidex.com\/es\/wp-json\/wp\/v2\/comments?post=7796"}],"version-history":[{"count":2,"href":"https:\/\/tuffigorapidex.com\/es\/wp-json\/wp\/v2\/pages\/7796\/revisions"}],"predecessor-version":[{"id":7798,"href":"https:\/\/tuffigorapidex.com\/es\/wp-json\/wp\/v2\/pages\/7796\/revisions\/7798"}],"wp:attachment":[{"href":"https:\/\/tuffigorapidex.com\/es\/wp-json\/wp\/v2\/media?parent=7796"}],"curies":[{"name":"wp","href":"https:\/\/api.w.org\/{rel}","templated":true}]}}