{"id":7799,"date":"2023-05-26T10:04:03","date_gmt":"2023-05-26T10:04:03","guid":{"rendered":"https:\/\/tuffigorapidex.com\/centre-de-services\/"},"modified":"2025-09-22T14:03:56","modified_gmt":"2025-09-22T14:03:56","slug":"centro-de-servicios","status":"publish","type":"page","link":"https:\/\/tuffigorapidex.com\/es\/centro-de-servicios\/","title":{"rendered":"Centro de servicios"},"content":{"rendered":"<p>[vc_row][vc_column width=&#8221;1\/2&#8243;][vc_custom_heading text=&#8221;Gesti\u00f3n ##empresarial##&#8221;][vc_column_text]<\/p><p>Experta en ventilaci\u00f3n y alimentaci\u00f3n, nuestra Divisi\u00f3n de Gesti\u00f3n Empresarial se dedica a asesorar a nuestra red de colaboradores y ganaderos sobre c\u00f3mo optimizar su inversi\u00f3n.<\/p><p>Cualesquiera que sean las caracter\u00edsticas del proyecto y su ubicaci\u00f3n, es capaz de proponer soluciones personalizadas a trav\u00e9s de la elaboraci\u00f3n de su presupuesto, lo que le permite satisfacer sus expectativas en t\u00e9rminos de rendimiento de su edificio con una preocupaci\u00f3n por el bienestar animal y la calidad.<\/p><p>[\/vc_column_text][\/vc_column][vc_column width=&#8221;1\/2&#8243;][vc_single_image image=&#8221;2985&#8243; img_size=&#8221;400&#215;300&#8243;][\/vc_column][\/vc_row][vc_row el_class=&#8221;swap-on-mobile&#8221;][vc_column width=&#8221;1\/2&#8243;][vc_single_image image=&#8221;3190&#8243; img_size=&#8221;400&#215;300&#8243;][\/vc_column][vc_column width=&#8221;1\/2&#8243;][vc_custom_heading text=&#8221;Comercio&#8221;][vc_column_text]<\/p><p>Nuestra experiencia de m\u00e1s de 60 a\u00f1os nos ha permitido acumular conocimientos y competencias sobre el terreno y apoyar a varias generaciones de criadores.<\/p><p>Sobre la base de este patrimonio, nuestro equipo comercial le acompa\u00f1ar\u00e1 desde la fase de planificaci\u00f3n hasta la realizaci\u00f3n de sus proyectos. Para ello, se apoya en nuestra red de instaladores, que son nuestros socios locales.<\/p><p>Nuestro apoyo se extiende al seguimiento personalizado de sus instalaciones\/equipos.<\/p><p>Nuestra capacidad de adaptaci\u00f3n nos ha permitido llevar a cabo proyectos en distintos pa\u00edses, teniendo en cuenta sus caracter\u00edsticas espec\u00edficas.<\/p><p>[\/vc_column_text][\/vc_column][\/vc_row][vc_row content_placement=&#8221;middle&#8221;][vc_column width=&#8221;1\/2&#8243;][vc_custom_heading text=&#8221;##Departamento de Atenci\u00f3n al Cliente:## Apoyo a los instaladores asociados&#8221;][vc_column_text]<\/p><p>Nuestro objetivo es ayudarle a controlar su edificio, para que pueda estar seguro de que su explotaci\u00f3n funciona con una eficiencia \u00f3ptima.<br \/>Ponemos nuestro servicio de l\u00ednea directa a disposici\u00f3n de los instaladores de nuestros distribuidores, as\u00ed como de nuestros t\u00e9cnicos m\u00f3viles, que est\u00e1n presentes en las regiones para ayudar a diagnosticar aver\u00edas o asesorar sobre ajustes y soluciones.<br \/>Todos nuestros distribuidores de instalaciones tienen acceso a nuestras aplicaciones MyTuffigoRapidex dedicadas a la gesti\u00f3n de su explotaci\u00f3n, y pueden tomar el control a distancia de su regulador para realizar los diagn\u00f3sticos iniciales y asesorarle sobre los ajustes y la elecci\u00f3n de soluciones.<br \/>Tambi\u00e9n ofrecemos un servicio de formaci\u00f3n para sus equipos t\u00e9cnicos sobre nuestros productos o, de forma m\u00e1s general, sobre conceptos de ventilaci\u00f3n.<br \/>Tambi\u00e9n reparamos placas electr\u00f3nicas y conjuntos mec\u00e1nicos como parte de nuestro servicio posventa, y podemos ofrecer reparaciones fuera de garant\u00eda previa solicitud.<br \/>Adem\u00e1s, como la puesta en marcha de un nuevo edificio es una etapa decisiva, podemos ofrecerle paquetes espec\u00edficos para ayudarle a familiarizarse con los nuevos edificios o productos,<br \/>Por ejemplo, ofrecemos las siguientes opciones:<br \/>\u2013 Visita de inspecci\u00f3n t\u00e9cnica<br \/>\u2013 Asistencia para la puesta en marcha de un gallinero<br \/>\u2013 Formaci\u00f3n y apoyo a la gesti\u00f3n<\/p><p>[\/vc_column_text][\/vc_column][vc_column width=&#8221;1\/2&#8243;][vc_single_image image=&#8221;2973&#8243; img_size=&#8221;400&#215;300&#8243; alignment=&#8221;center&#8221;][\/vc_column][\/vc_row]<\/p>","protected":false},"excerpt":{"rendered":"<p>[vc_row][vc_column width=&#8221;1\/2&#8243;][vc_custom_heading text=&#8221;Gesti\u00f3n ##empresarial##&#8221;][vc_column_text]Experta <span class=\"more\">...<\/span>","protected":false},"author":6,"featured_media":0,"parent":0,"menu_order":330,"comment_status":"closed","ping_status":"closed","template":"","meta":{"inline_featured_image":false},"acf":[],"yoast_head":"<!-- This site is optimized with the Yoast SEO plugin v21.3 - https:\/\/yoast.com\/wordpress\/plugins\/seo\/ -->\n<title>Centro de servicios | Tuffigo Rapidex<\/title>\n<meta name=\"robots\" content=\"index, follow, max-snippet:-1, max-image-preview:large, max-video-preview:-1\" \/>\n<link rel=\"canonical\" href=\"https:\/\/tuffigorapidex.com\/es\/centro-de-servicios\/\" \/>\n<meta property=\"og:locale\" content=\"es_ES\" \/>\n<meta property=\"og:type\" content=\"article\" \/>\n<meta property=\"og:title\" content=\"Centro de servicios | Tuffigo Rapidex\" \/>\n<meta property=\"og:description\" content=\"[vc_row][vc_column width=&#8221;1\/2&#8243;][vc_custom_heading text=&#8221;Gesti\u00f3n ##empresarial##&#8221;][vc_column_text]Experta en ventilaci\u00f3n y alimentaci\u00f3n, nuestra Divisi\u00f3n de Gesti\u00f3n Empresarial se dedica a asesorar a nuestra red\" \/>\n<meta property=\"og:url\" content=\"https:\/\/tuffigorapidex.com\/es\/centro-de-servicios\/\" \/>\n<meta property=\"og:site_name\" content=\"Tuffigo Rapidex\" \/>\n<meta property=\"article:publisher\" content=\"https:\/\/www.facebook.com\/tuffigorapidexsas\/\" \/>\n<meta property=\"article:modified_time\" content=\"2025-09-22T14:03:56+00:00\" \/>\n<meta property=\"og:image\" content=\"https:\/\/tuffigorapidex.com\/app\/uploads\/2023\/12\/TUFFIGO-logo.png\" \/>\n\t<meta property=\"og:image:width\" content=\"188\" \/>\n\t<meta property=\"og:image:height\" content=\"184\" \/>\n\t<meta property=\"og:image:type\" content=\"image\/png\" \/>\n<meta name=\"twitter:card\" content=\"summary_large_image\" \/>\n<meta name=\"twitter:label1\" content=\"Est. reading time\" \/>\n\t<meta name=\"twitter:data1\" content=\"3 minutes\" \/>\n<script type=\"application\/ld+json\" class=\"yoast-schema-graph\">{\"@context\":\"https:\/\/schema.org\",\"@graph\":[{\"@type\":\"WebPage\",\"@id\":\"https:\/\/tuffigorapidex.com\/es\/centro-de-servicios\/\",\"url\":\"https:\/\/tuffigorapidex.com\/es\/centro-de-servicios\/\",\"name\":\"Centro de servicios | Tuffigo Rapidex\",\"isPartOf\":{\"@id\":\"https:\/\/tuffigorapidex.com\/es\/#website\"},\"datePublished\":\"2023-05-26T10:04:03+00:00\",\"dateModified\":\"2025-09-22T14:03:56+00:00\",\"breadcrumb\":{\"@id\":\"https:\/\/tuffigorapidex.com\/es\/centro-de-servicios\/#breadcrumb\"},\"inLanguage\":\"es-ES\",\"potentialAction\":[{\"@type\":\"ReadAction\",\"target\":[\"https:\/\/tuffigorapidex.com\/es\/centro-de-servicios\/\"]}]},{\"@type\":\"BreadcrumbList\",\"@id\":\"https:\/\/tuffigorapidex.com\/es\/centro-de-servicios\/#breadcrumb\",\"itemListElement\":[{\"@type\":\"ListItem\",\"position\":1,\"name\":\"Accueil\",\"item\":\"https:\/\/tuffigorapidex.com\/es\/\"},{\"@type\":\"ListItem\",\"position\":2,\"name\":\"Centro de servicios\"}]},{\"@type\":\"WebSite\",\"@id\":\"https:\/\/tuffigorapidex.com\/es\/#website\",\"url\":\"https:\/\/tuffigorapidex.com\/es\/\",\"name\":\"TUFFIGO RAPIDEX\",\"description\":\"Leader fran\u00e7ais des \u00e9quipements d&#039;\u00e9levage hors sol\",\"publisher\":{\"@id\":\"https:\/\/tuffigorapidex.com\/es\/#organization\"},\"potentialAction\":[{\"@type\":\"SearchAction\",\"target\":{\"@type\":\"EntryPoint\",\"urlTemplate\":\"https:\/\/tuffigorapidex.com\/es\/?s={search_term_string}\"},\"query-input\":\"required name=search_term_string\"}],\"inLanguage\":\"es-ES\"},{\"@type\":\"Organization\",\"@id\":\"https:\/\/tuffigorapidex.com\/es\/#organization\",\"name\":\"Tuffigo Rapidex\",\"url\":\"https:\/\/tuffigorapidex.com\/es\/\",\"logo\":{\"@type\":\"ImageObject\",\"inLanguage\":\"es-ES\",\"@id\":\"https:\/\/tuffigorapidex.com\/es\/#\/schema\/logo\/image\/\",\"url\":\"https:\/\/tuffigorapidex.com\/app\/uploads\/2023\/12\/TUFFIGO-logo.png\",\"contentUrl\":\"https:\/\/tuffigorapidex.com\/app\/uploads\/2023\/12\/TUFFIGO-logo.png\",\"width\":188,\"height\":184,\"caption\":\"Tuffigo Rapidex\"},\"image\":{\"@id\":\"https:\/\/tuffigorapidex.com\/es\/#\/schema\/logo\/image\/\"},\"sameAs\":[\"https:\/\/www.facebook.com\/tuffigorapidexsas\/\"]}]}<\/script>\n<!-- \/ Yoast SEO plugin. -->","yoast_head_json":{"title":"Centro de servicios | Tuffigo Rapidex","robots":{"index":"index","follow":"follow","max-snippet":"max-snippet:-1","max-image-preview":"max-image-preview:large","max-video-preview":"max-video-preview:-1"},"canonical":"https:\/\/tuffigorapidex.com\/es\/centro-de-servicios\/","og_locale":"es_ES","og_type":"article","og_title":"Centro de servicios | Tuffigo Rapidex","og_description":"[vc_row][vc_column width=&#8221;1\/2&#8243;][vc_custom_heading text=&#8221;Gesti\u00f3n ##empresarial##&#8221;][vc_column_text]Experta en ventilaci\u00f3n y alimentaci\u00f3n, nuestra Divisi\u00f3n de Gesti\u00f3n Empresarial se dedica a asesorar a nuestra red","og_url":"https:\/\/tuffigorapidex.com\/es\/centro-de-servicios\/","og_site_name":"Tuffigo Rapidex","article_publisher":"https:\/\/www.facebook.com\/tuffigorapidexsas\/","article_modified_time":"2025-09-22T14:03:56+00:00","og_image":[{"width":188,"height":184,"url":"https:\/\/tuffigorapidex.com\/app\/uploads\/2023\/12\/TUFFIGO-logo.png","type":"image\/png"}],"twitter_card":"summary_large_image","twitter_misc":{"Est. reading time":"3 minutes"},"schema":{"@context":"https:\/\/schema.org","@graph":[{"@type":"WebPage","@id":"https:\/\/tuffigorapidex.com\/es\/centro-de-servicios\/","url":"https:\/\/tuffigorapidex.com\/es\/centro-de-servicios\/","name":"Centro de servicios | Tuffigo Rapidex","isPartOf":{"@id":"https:\/\/tuffigorapidex.com\/es\/#website"},"datePublished":"2023-05-26T10:04:03+00:00","dateModified":"2025-09-22T14:03:56+00:00","breadcrumb":{"@id":"https:\/\/tuffigorapidex.com\/es\/centro-de-servicios\/#breadcrumb"},"inLanguage":"es-ES","potentialAction":[{"@type":"ReadAction","target":["https:\/\/tuffigorapidex.com\/es\/centro-de-servicios\/"]}]},{"@type":"BreadcrumbList","@id":"https:\/\/tuffigorapidex.com\/es\/centro-de-servicios\/#breadcrumb","itemListElement":[{"@type":"ListItem","position":1,"name":"Accueil","item":"https:\/\/tuffigorapidex.com\/es\/"},{"@type":"ListItem","position":2,"name":"Centro de servicios"}]},{"@type":"WebSite","@id":"https:\/\/tuffigorapidex.com\/es\/#website","url":"https:\/\/tuffigorapidex.com\/es\/","name":"TUFFIGO RAPIDEX","description":"Leader fran\u00e7ais des \u00e9quipements d&#039;\u00e9levage hors sol","publisher":{"@id":"https:\/\/tuffigorapidex.com\/es\/#organization"},"potentialAction":[{"@type":"SearchAction","target":{"@type":"EntryPoint","urlTemplate":"https:\/\/tuffigorapidex.com\/es\/?s={search_term_string}"},"query-input":"required name=search_term_string"}],"inLanguage":"es-ES"},{"@type":"Organization","@id":"https:\/\/tuffigorapidex.com\/es\/#organization","name":"Tuffigo Rapidex","url":"https:\/\/tuffigorapidex.com\/es\/","logo":{"@type":"ImageObject","inLanguage":"es-ES","@id":"https:\/\/tuffigorapidex.com\/es\/#\/schema\/logo\/image\/","url":"https:\/\/tuffigorapidex.com\/app\/uploads\/2023\/12\/TUFFIGO-logo.png","contentUrl":"https:\/\/tuffigorapidex.com\/app\/uploads\/2023\/12\/TUFFIGO-logo.png","width":188,"height":184,"caption":"Tuffigo Rapidex"},"image":{"@id":"https:\/\/tuffigorapidex.com\/es\/#\/schema\/logo\/image\/"},"sameAs":["https:\/\/www.facebook.com\/tuffigorapidexsas\/"]}]}},"_links":{"self":[{"href":"https:\/\/tuffigorapidex.com\/es\/wp-json\/wp\/v2\/pages\/7799"}],"collection":[{"href":"https:\/\/tuffigorapidex.com\/es\/wp-json\/wp\/v2\/pages"}],"about":[{"href":"https:\/\/tuffigorapidex.com\/es\/wp-json\/wp\/v2\/types\/page"}],"author":[{"embeddable":true,"href":"https:\/\/tuffigorapidex.com\/es\/wp-json\/wp\/v2\/users\/6"}],"replies":[{"embeddable":true,"href":"https:\/\/tuffigorapidex.com\/es\/wp-json\/wp\/v2\/comments?post=7799"}],"version-history":[{"count":3,"href":"https:\/\/tuffigorapidex.com\/es\/wp-json\/wp\/v2\/pages\/7799\/revisions"}],"predecessor-version":[{"id":7802,"href":"https:\/\/tuffigorapidex.com\/es\/wp-json\/wp\/v2\/pages\/7799\/revisions\/7802"}],"wp:attachment":[{"href":"https:\/\/tuffigorapidex.com\/es\/wp-json\/wp\/v2\/media?parent=7799"}],"curies":[{"name":"wp","href":"https:\/\/api.w.org\/{rel}","templated":true}]}}