{"id":7808,"date":"2023-03-22T13:49:22","date_gmt":"2023-03-22T13:49:22","guid":{"rendered":"https:\/\/tuffigorapidex.com\/notre-reseau-de-revendeurs\/"},"modified":"2026-03-10T13:30:10","modified_gmt":"2026-03-10T13:30:10","slug":"nuestra-red-de-distribuidores","status":"publish","type":"page","link":"https:\/\/tuffigorapidex.com\/es\/nuestra-red-de-distribuidores\/","title":{"rendered":"Nuestra red de distribuidores"},"content":{"rendered":"<p>[vc_row][vc_column width=&#8221;1\/2&#8243;][vc_column_text]<\/p><p><span data-sheets-root=\"1\">A lo largo de los a\u00f1os, Tuffigo Rapidex ha creado una<strong> red de distribuidores e instaladores<\/strong> en Francia y en el extranjero. Nuestro punto fuerte com\u00fan es nuestra <strong>gran relaci\u00f3n<\/strong> en zonas ganaderas con m\u00e1s de 50 empresas profesionales. Nuestros distribuidores-instaladores <strong>son socios comerciales y t\u00e9cnicos<\/strong> con los que colaboramos para garantizar la satisfacci\u00f3n de nuestros ganaderos durante el desarrollo de sus proyectos y, posteriormente, durante la instalaci\u00f3n y puesta en servicio de las instalaciones.<\/span><\/p><p>[\/vc_column_text][vc_column_text]<\/p><p>Los ganaderos, con sus necesidades y expectativas, son el punto de partida de la relaci\u00f3n cotidiana con nuestra red, que les ofrece <span style=\"color: #c5071b;\"><strong>un servicio posventa 24 horas al d\u00eda, 7 d\u00edas a la semana<\/strong><\/span>, para ayudarles a alcanzar su objetivo com\u00fan de rendimiento y capacidad de reacci\u00f3n, respetando al mismo tiempo el confort y <strong>el bienestar de sus animales<\/strong>. En un mundo competitivo, el \u00e9xito de nuestras empresas depende de la creaci\u00f3n de asociaciones pr\u00f3speras.<\/p><p>[\/vc_column_text][vc_column_text]<\/p><p>Tuffigo Rapidex proporciona a nuestros socios instaladores formaci\u00f3n continua te\u00f3rica y pr\u00e1ctica, lo que les permite ofrecer <strong>soluciones tecnol\u00f3gicas innovadoras en los \u00e1mbitos de la ventilaci\u00f3n, el suministro el\u00e9ctrico y la conectividad<\/strong>. Nuestros equipos del ##<strong>Centro de Atenci\u00f3n al Cliente<\/strong>##, con cuatro empleados regionales y cinco en las oficinas, trabajan junto a nuestros distribuidores\/instaladores <strong>para ofrecer servicios de puesta en servicio, formaci\u00f3n, auditor\u00eda y consultor\u00eda en el marco del programa \u00abTR Care\u00bb<\/strong><\/p><p>[\/vc_column_text][\/vc_column][vc_column width=&#8221;1\/2&#8243;][vc_single_image image=&#8221;2425&#8243; img_size=&#8221;large&#8221; style=&#8221;vc_box_rounded&#8221;][\/vc_column][\/vc_row][vc_row][vc_column][vc_custom_heading text=&#8221;Mapa de los minoristas \u00abGenerales\u00bb y \u00abL\u00e1cteos\u00bb&#8221; font_container=&#8221;tag:h2|text_align:center&#8221;][vc_row_inner][vc_column_inner width=&#8221;1\/6&#8243;][\/vc_column_inner][vc_column_inner width=&#8221;1\/6&#8243;][\/vc_column_inner][vc_column_inner width=&#8221;1\/6&#8243;][vc_single_image image=&#8221;523&#8243; img_size=&#8221;medium&#8221; alignment=&#8221;center&#8221;][vc_column_text]<\/p><p style=\"text-align: center;\"><strong>Distribuidor general<\/strong><\/p><p>[\/vc_column_text][\/vc_column_inner][vc_column_inner width=&#8221;1\/6&#8243;][vc_single_image image=&#8221;2448&#8243; img_size=&#8221;medium&#8221; alignment=&#8221;center&#8221;][vc_column_text]<\/p><p style=\"text-align: center;\"><strong>Distribuidor de productos lecheros<\/strong><\/p><p>[\/vc_column_text][\/vc_column_inner][vc_column_inner width=&#8221;1\/6&#8243;][\/vc_column_inner][vc_column_inner width=&#8221;1\/6&#8243;][\/vc_column_inner][\/vc_row_inner][\/vc_column][\/vc_row][vc_row][vc_column][vc_column_text]<\/p><style type=\"text\/css\">\n  .asl-cont .sl-direction,.asl-cont .s-direction, .asl-buttons .directions {display: none !important;}.asl-p-cont .asl-print-btn,.asl-cont .asl-print-btn {display: none !important;}  #asl-storelocator.asl-cont .sl-main-cont .asl-panel.pol-lg-12 {order: 0;}\n  #asl-storelocator.asl-cont .sl-main-cont .asl-panel.pol-lg-12 .asl-panel-inner{ position: relative;height: 450px;}\n  .asl-cont .onoffswitch .onoffswitch-label .onoffswitch-switch:before {content: \"ABIERTO\" !important;}\n  .asl-cont .onoffswitch .onoffswitch-label .onoffswitch-switch:after {content: \"TODOS\" !important;}\n  @media (max-width: 767px) {\n    #asl-storelocator.asl-cont .asl-panel {order: 0;}\n  }\n  .asl-cont.sl-search-only .Filter_section + .sl-row {display: none;}\n  .asl-cont .sl-hide-branches,\n  .asl-cont .sl-hide-branches:hover {color: #FFF !important; text-decoration: none !important;cursor: pointer;}\n<\/style>\n<div id=\"asl-storelocator\" class=\"storelocator-main asl-cont asl-template-0 asl-layout-0 asl-bg-0 full-width no-asl-filters  asl-text-1\">\n  <div class=\"asl-wrapper\">\n    <div class=\"sl-container-fluid\">\n                  <div class=\"sl-row\">\n        <div class=\"pol-12\">\n            <div class=\"sl-main-cont\">\n                <div class=\"sl-row no-gutters sl-main-row\">\n                    <div id=\"asl-panel\" class=\"asl-panel pol-md-5 pol-lg-4 asl_locator-panel\">\n                        <div class=\"asl-overlay\" id=\"map-loading\">\n                            <div class=\"white\"><\/div>\n                            <div class=\"sl-loading\">\n                              <i class=\"animate-sl-spin icon-spin3\"><\/i>\n                              Cargando                            <\/div>\n                        <\/div>\n                                                <div class=\"inside search_filter\">\n                          <label for=\"auto-complete-search\" class=\"mb-2\">Chercher localisation<\/label>\n                          <div class=\"asl-store-search\">\n                            <input type=\"text\" value=\"\" id=\"auto-complete-search\" class=\"asl-search-address form-control\" placeholder=\"Saisir code postal, d\u00e9partement, r\u00e9gion ou pays\">\n                            <button type=\"button\" class=\"span-geo\"><i class=\"asl-geo icon-search\" title=\"ubicaci\u00f3n de b\u00fasqueda\"><\/i><\/button>\n                          <\/div>\n                        <\/div>\n                                                <!-- list -->\n                        <div class=\"asl-panel-inner\">\n                            <div class=\"top-title Num_of_store\">\n                              <span><span class=\"sl-head-title\">Nombre de revendeur<\/span>: <span class=\"count-result\">0<\/span><\/span>\n                                                          <\/div>\n                            <div class=\"sl-main-cont-box\">\n                              <div id=\"asl-list\" class=\"sl-list-wrapper\">\n                                <ul id=\"p-statelist\" class=\"sl-list\">\n                                <\/ul>\n                              <\/div>\n                            <\/div>\n                        <\/div>\n\n                        <div class=\"directions-cont hide\">\n                            <div class=\"agile-modal-header\">\n                                <button type=\"button\" class=\"close\"><span aria-hidden=\"true\">\u00d7<\/span><\/button>\n                                <h4>Direcci\u00f3n de la tienda<\/h4>\n                            <\/div>\n                            <div class=\"rendered-directions\" id=\"asl-rendered-dir\" style=\"direction: ltr;\"><\/div>\n                        <\/div>\n                    <\/div>\n                    <div class=\"pol-md-7 pol-lg-8 asl-map\">\n                        <div class=\"map-image\">\n                            <div id=\"asl-map-canv\" class=\"asl-map-canv\"><\/div>\n                            <div id=\"agile-modal-direction\" class=\"agile-modal fade\">\n    <div class=\"agile-modal-backdrop-in\"><\/div>\n    <div class=\"agile-modal-dialog in\">\n        <div class=\"agile-modal-content\">\n            <div class=\"sl-form-group d-flex justify-content-between\">\n                <h4 >Como llegar<\/h4>\n                <button type=\"button\" class=\"close-directions sl-close\" data-dismiss=\"agile-modal\" aria-label=\"Close\">&times;<\/button>\n            <\/div>\n            <div class=\"sl-form-group\">\n                <label for=\"frm-lbl\">Desde:<\/label>\n                <input type=\"text\" class=\"form-control frm-place\" id=\"frm-lbl\" placeholder=\"Saisir code postal, d\u00e9partement, r\u00e9gion ou pays\">\n            <\/div>\n            <div class=\"sl-form-group\">\n                <label for=\"to-lbl\">A:<\/label>\n                <input readonly=\"true\" type=\"text\"  class=\"directions-to form-control\" id=\"to-lbl\" placeholder=\"Direcci\u00f3n de destino rellenada previamente\">\n            <\/div>\n            <div class=\"sl-form-group mb-0\">\n                <label for=\"rbtn-km\" class=\"checkbox-inline\">\n                    <input type=\"radio\" name=\"dist-type\"  id=\"rbtn-km\" value=\"0\"> Km                <\/label>\n                <label for=\"rbtn-mile\" class=\"checkbox-inline\">\n                    <input type=\"radio\" name=\"dist-type\" checked id=\"rbtn-mile\" value=\"1\"> Millas                <\/label>\n            <\/div>\n            <div class=\"sl-form-group mb-0\">\n                <button type=\"submit\" class=\"btn btn-default btn-submit\">Como llegar<\/button>\n            <\/div>\n        <\/div>\n    <\/div>\n<\/div>\n\n<div id=\"asl-geolocation-agile-modal\" class=\"agile-modal fade\">\n  <div class=\"agile-modal-backdrop-in\"><\/div>\n  <div class=\"agile-modal-dialog in\">\n    <div class=\"agile-modal-content\">\n            <div class=\"sl-form-group d-flex justify-content-between\">\n        <h5>Usar mi ubicaci\u00f3n para encontrar el proveedor de servicios m\u00e1s cercano cerca de m\u00ed<\/h5>\n        <button type=\"button\" class=\"close-directions sl-close\" data-dismiss=\"agile-modal\" aria-label=\"Close\">&times;<\/button>\n      <\/div>\n      <div class=\"sl-form-group text-center mb-0\">\n        <button type=\"button\" id=\"asl-btn-geolocation\" class=\"btn btn-block btn-default\">uso Localizaci\u00f3n<\/button>\n      <\/div>\n          <\/div>\n  <\/div>\n<\/div>\n\n<div id=\"asl-desc-agile-modal\" class=\"agile-modal fade\">\n  <div class=\"agile-modal-backdrop-in\"><\/div>\n  <div class=\"agile-modal-dialog in\">\n    <div class=\"agile-modal-content\">\n      <div class=\"sl-row\">\n        <div class=\"pol-md-12\">\n          <div class=\"sl-form-group d-flex justify-content-between\">\n            <h4 class=\"sl-title\">Description<\/h4>\n            <button type=\"button\" class=\"close-directions sl-close\" data-dismiss=\"agile-modal\" aria-label=\"Close\">&times;<\/button>\n          <\/div>\n          <div class=\"sl-desc\"><\/div>\n        <\/div>\n      <\/div>\n    <\/div>\n  <\/div>\n<\/div>                        <\/div>\n                    <\/div>\n                <\/div>\n            <\/div>\n        <\/div>\n      <\/div>\n    <\/div>\n      <\/div>\n<\/div>\n<!-- This plugin is developed by \"Agile Store Locator for WordPress\" https:\/\/agilestorelocator.com --><p>[\/vc_column_text][\/vc_column][\/vc_row]<\/p>","protected":false},"excerpt":{"rendered":"<p>[vc_row][vc_column width=&#8221;1\/2&#8243;][vc_column_text]A lo largo de los a\u00f1os, Tuffigo Rapidex <span class=\"more\">...<\/span>","protected":false},"author":6,"featured_media":0,"parent":0,"menu_order":500,"comment_status":"closed","ping_status":"closed","template":"views\/template-dealerlocator.blade.php","meta":{"inline_featured_image":false},"acf":[],"yoast_head":"<!-- This site is optimized with the Yoast SEO plugin v21.3 - https:\/\/yoast.com\/wordpress\/plugins\/seo\/ -->\n<title>Nuestra red de distribuidores | Tuffigo Rapidex<\/title>\n<meta name=\"robots\" content=\"index, follow, max-snippet:-1, max-image-preview:large, max-video-preview:-1\" \/>\n<link rel=\"canonical\" href=\"https:\/\/tuffigorapidex.com\/es\/nuestra-red-de-distribuidores\/\" \/>\n<meta property=\"og:locale\" content=\"es_ES\" \/>\n<meta property=\"og:type\" content=\"article\" \/>\n<meta property=\"og:title\" content=\"Nuestra red de distribuidores | Tuffigo Rapidex\" \/>\n<meta property=\"og:description\" content=\"[vc_row][vc_column width=&#8221;1\/2&#8243;][vc_column_text]A lo largo de los a\u00f1os, Tuffigo Rapidex ha creado una red de distribuidores e instaladores en Francia y\" \/>\n<meta property=\"og:url\" content=\"https:\/\/tuffigorapidex.com\/es\/nuestra-red-de-distribuidores\/\" \/>\n<meta property=\"og:site_name\" content=\"Tuffigo Rapidex\" \/>\n<meta property=\"article:publisher\" content=\"https:\/\/www.facebook.com\/tuffigorapidexsas\/\" \/>\n<meta property=\"article:modified_time\" content=\"2026-03-10T13:30:10+00:00\" \/>\n<meta property=\"og:image\" content=\"https:\/\/tuffigorapidex.com\/app\/uploads\/2023\/12\/TUFFIGO-logo.png\" \/>\n\t<meta property=\"og:image:width\" content=\"188\" \/>\n\t<meta property=\"og:image:height\" content=\"184\" \/>\n\t<meta property=\"og:image:type\" content=\"image\/png\" \/>\n<meta name=\"twitter:card\" content=\"summary_large_image\" \/>\n<meta name=\"twitter:label1\" content=\"Est. reading time\" \/>\n\t<meta name=\"twitter:data1\" content=\"2 minutes\" \/>\n<script type=\"application\/ld+json\" class=\"yoast-schema-graph\">{\"@context\":\"https:\/\/schema.org\",\"@graph\":[{\"@type\":\"WebPage\",\"@id\":\"https:\/\/tuffigorapidex.com\/es\/nuestra-red-de-distribuidores\/\",\"url\":\"https:\/\/tuffigorapidex.com\/es\/nuestra-red-de-distribuidores\/\",\"name\":\"Nuestra red de distribuidores | Tuffigo Rapidex\",\"isPartOf\":{\"@id\":\"https:\/\/tuffigorapidex.com\/es\/#website\"},\"datePublished\":\"2023-03-22T13:49:22+00:00\",\"dateModified\":\"2026-03-10T13:30:10+00:00\",\"breadcrumb\":{\"@id\":\"https:\/\/tuffigorapidex.com\/es\/nuestra-red-de-distribuidores\/#breadcrumb\"},\"inLanguage\":\"es-ES\",\"potentialAction\":[{\"@type\":\"ReadAction\",\"target\":[\"https:\/\/tuffigorapidex.com\/es\/nuestra-red-de-distribuidores\/\"]}]},{\"@type\":\"BreadcrumbList\",\"@id\":\"https:\/\/tuffigorapidex.com\/es\/nuestra-red-de-distribuidores\/#breadcrumb\",\"itemListElement\":[{\"@type\":\"ListItem\",\"position\":1,\"name\":\"Accueil\",\"item\":\"https:\/\/tuffigorapidex.com\/es\/\"},{\"@type\":\"ListItem\",\"position\":2,\"name\":\"Nuestra red de distribuidores\"}]},{\"@type\":\"WebSite\",\"@id\":\"https:\/\/tuffigorapidex.com\/es\/#website\",\"url\":\"https:\/\/tuffigorapidex.com\/es\/\",\"name\":\"TUFFIGO RAPIDEX\",\"description\":\"Leader fran\u00e7ais des \u00e9quipements d&#039;\u00e9levage hors sol\",\"publisher\":{\"@id\":\"https:\/\/tuffigorapidex.com\/es\/#organization\"},\"potentialAction\":[{\"@type\":\"SearchAction\",\"target\":{\"@type\":\"EntryPoint\",\"urlTemplate\":\"https:\/\/tuffigorapidex.com\/es\/?s={search_term_string}\"},\"query-input\":\"required name=search_term_string\"}],\"inLanguage\":\"es-ES\"},{\"@type\":\"Organization\",\"@id\":\"https:\/\/tuffigorapidex.com\/es\/#organization\",\"name\":\"Tuffigo Rapidex\",\"url\":\"https:\/\/tuffigorapidex.com\/es\/\",\"logo\":{\"@type\":\"ImageObject\",\"inLanguage\":\"es-ES\",\"@id\":\"https:\/\/tuffigorapidex.com\/es\/#\/schema\/logo\/image\/\",\"url\":\"https:\/\/tuffigorapidex.com\/app\/uploads\/2023\/12\/TUFFIGO-logo.png\",\"contentUrl\":\"https:\/\/tuffigorapidex.com\/app\/uploads\/2023\/12\/TUFFIGO-logo.png\",\"width\":188,\"height\":184,\"caption\":\"Tuffigo Rapidex\"},\"image\":{\"@id\":\"https:\/\/tuffigorapidex.com\/es\/#\/schema\/logo\/image\/\"},\"sameAs\":[\"https:\/\/www.facebook.com\/tuffigorapidexsas\/\"]}]}<\/script>\n<!-- \/ Yoast SEO plugin. -->","yoast_head_json":{"title":"Nuestra red de distribuidores | Tuffigo Rapidex","robots":{"index":"index","follow":"follow","max-snippet":"max-snippet:-1","max-image-preview":"max-image-preview:large","max-video-preview":"max-video-preview:-1"},"canonical":"https:\/\/tuffigorapidex.com\/es\/nuestra-red-de-distribuidores\/","og_locale":"es_ES","og_type":"article","og_title":"Nuestra red de distribuidores | Tuffigo Rapidex","og_description":"[vc_row][vc_column width=&#8221;1\/2&#8243;][vc_column_text]A lo largo de los a\u00f1os, Tuffigo Rapidex ha creado una red de distribuidores e instaladores en Francia y","og_url":"https:\/\/tuffigorapidex.com\/es\/nuestra-red-de-distribuidores\/","og_site_name":"Tuffigo Rapidex","article_publisher":"https:\/\/www.facebook.com\/tuffigorapidexsas\/","article_modified_time":"2026-03-10T13:30:10+00:00","og_image":[{"width":188,"height":184,"url":"https:\/\/tuffigorapidex.com\/app\/uploads\/2023\/12\/TUFFIGO-logo.png","type":"image\/png"}],"twitter_card":"summary_large_image","twitter_misc":{"Est. reading time":"2 minutes"},"schema":{"@context":"https:\/\/schema.org","@graph":[{"@type":"WebPage","@id":"https:\/\/tuffigorapidex.com\/es\/nuestra-red-de-distribuidores\/","url":"https:\/\/tuffigorapidex.com\/es\/nuestra-red-de-distribuidores\/","name":"Nuestra red de distribuidores | Tuffigo Rapidex","isPartOf":{"@id":"https:\/\/tuffigorapidex.com\/es\/#website"},"datePublished":"2023-03-22T13:49:22+00:00","dateModified":"2026-03-10T13:30:10+00:00","breadcrumb":{"@id":"https:\/\/tuffigorapidex.com\/es\/nuestra-red-de-distribuidores\/#breadcrumb"},"inLanguage":"es-ES","potentialAction":[{"@type":"ReadAction","target":["https:\/\/tuffigorapidex.com\/es\/nuestra-red-de-distribuidores\/"]}]},{"@type":"BreadcrumbList","@id":"https:\/\/tuffigorapidex.com\/es\/nuestra-red-de-distribuidores\/#breadcrumb","itemListElement":[{"@type":"ListItem","position":1,"name":"Accueil","item":"https:\/\/tuffigorapidex.com\/es\/"},{"@type":"ListItem","position":2,"name":"Nuestra red de distribuidores"}]},{"@type":"WebSite","@id":"https:\/\/tuffigorapidex.com\/es\/#website","url":"https:\/\/tuffigorapidex.com\/es\/","name":"TUFFIGO RAPIDEX","description":"Leader fran\u00e7ais des \u00e9quipements d&#039;\u00e9levage hors sol","publisher":{"@id":"https:\/\/tuffigorapidex.com\/es\/#organization"},"potentialAction":[{"@type":"SearchAction","target":{"@type":"EntryPoint","urlTemplate":"https:\/\/tuffigorapidex.com\/es\/?s={search_term_string}"},"query-input":"required name=search_term_string"}],"inLanguage":"es-ES"},{"@type":"Organization","@id":"https:\/\/tuffigorapidex.com\/es\/#organization","name":"Tuffigo Rapidex","url":"https:\/\/tuffigorapidex.com\/es\/","logo":{"@type":"ImageObject","inLanguage":"es-ES","@id":"https:\/\/tuffigorapidex.com\/es\/#\/schema\/logo\/image\/","url":"https:\/\/tuffigorapidex.com\/app\/uploads\/2023\/12\/TUFFIGO-logo.png","contentUrl":"https:\/\/tuffigorapidex.com\/app\/uploads\/2023\/12\/TUFFIGO-logo.png","width":188,"height":184,"caption":"Tuffigo Rapidex"},"image":{"@id":"https:\/\/tuffigorapidex.com\/es\/#\/schema\/logo\/image\/"},"sameAs":["https:\/\/www.facebook.com\/tuffigorapidexsas\/"]}]}},"_links":{"self":[{"href":"https:\/\/tuffigorapidex.com\/es\/wp-json\/wp\/v2\/pages\/7808"}],"collection":[{"href":"https:\/\/tuffigorapidex.com\/es\/wp-json\/wp\/v2\/pages"}],"about":[{"href":"https:\/\/tuffigorapidex.com\/es\/wp-json\/wp\/v2\/types\/page"}],"author":[{"embeddable":true,"href":"https:\/\/tuffigorapidex.com\/es\/wp-json\/wp\/v2\/users\/6"}],"replies":[{"embeddable":true,"href":"https:\/\/tuffigorapidex.com\/es\/wp-json\/wp\/v2\/comments?post=7808"}],"version-history":[{"count":7,"href":"https:\/\/tuffigorapidex.com\/es\/wp-json\/wp\/v2\/pages\/7808\/revisions"}],"predecessor-version":[{"id":9110,"href":"https:\/\/tuffigorapidex.com\/es\/wp-json\/wp\/v2\/pages\/7808\/revisions\/9110"}],"wp:attachment":[{"href":"https:\/\/tuffigorapidex.com\/es\/wp-json\/wp\/v2\/media?parent=7808"}],"curies":[{"name":"wp","href":"https:\/\/api.w.org\/{rel}","templated":true}]}}