{"id":7816,"date":"2022-07-12T06:27:21","date_gmt":"2022-07-12T06:27:21","guid":{"rendered":"https:\/\/tuffigorapidex.com\/nos-metiers\/"},"modified":"2025-09-22T14:18:58","modified_gmt":"2025-09-22T14:18:58","slug":"nuestras-profesiones","status":"publish","type":"page","link":"https:\/\/tuffigorapidex.com\/es\/nuestras-profesiones\/","title":{"rendered":"Nuestras profesiones"},"content":{"rendered":"<p>[vc_row content_placement=&#8221;middle&#8221;][vc_column width=&#8221;1\/2&#8243;][vc_custom_heading text=&#8221;Ingeniero en ##inform\u00e1tica industrial##&#8221;][vc_column_text]<\/p><p>Nuestros ingenieros en inform\u00e1tica industrial dise\u00f1an sistemas electr\u00f3nicos integrados que permiten gestionar con precisi\u00f3n las explotaciones de nuestros clientes. Desde el pliego de condiciones hasta el banco de pruebas, pasando por la elecci\u00f3n de las tecnolog\u00edas, realizan un seguimiento completo de sus proyectos, cada vez m\u00e1s innovadores. Su capacidad para adaptarse a necesidades muy diversas, a nuevos lenguajes de programaci\u00f3n y su disposici\u00f3n a desplazarse al terreno les permiten estar lo m\u00e1s cerca posible de los agricultores. De Lima (Per\u00fa) a Qingdao (China), pasando por Toumodi (Costa de Marfil), las normas internacionales y las especificidades locales forman parte integrante de sus conocimientos.<\/p><p>[\/vc_column_text][\/vc_column][vc_column width=&#8221;1\/2&#8243;][vc_single_image image=&#8221;2361&#8243; img_size=&#8221;large&#8221; alignment=&#8221;center&#8221;][\/vc_column][\/vc_row][vc_row content_placement=&#8221;middle&#8221; el_class=&#8221;swap-on-mobile&#8221;][vc_column width=&#8221;1\/2&#8243;][vc_single_image image=&#8221;2357&#8243; img_size=&#8221;large&#8221; alignment=&#8221;center&#8221;][\/vc_column][vc_column width=&#8221;1\/2&#8243;][vc_custom_heading text=&#8221;T\u00e9cnico de ##asistencia t\u00e9cnica##&#8221;][vc_column_text]<\/p><p>La satisfacci\u00f3n del cliente es el lema de nuestros t\u00e9cnicos de asistencia t\u00e9cnica, ya sea en l\u00ednea o sobre el terreno (Francia y el extranjero). Garantizan el buen funcionamiento y la optimizaci\u00f3n de nuestros productos. El equipo ofrece a nuestros clientes soluciones a medida en una amplia gama de \u00e1mbitos t\u00e9cnicos: electromec\u00e1nico, electr\u00f3nico, inform\u00e1tico, etc. En todos estos \u00e1mbitos, nuestros t\u00e9cnicos velan por que el personal de nuestros distribuidores desarrolle sus competencias impartiendo cursos de formaci\u00f3n.<\/p><p>[\/vc_column_text][\/vc_column][\/vc_row][vc_row content_placement=&#8221;middle&#8221;][vc_column width=&#8221;1\/2&#8243;][vc_custom_heading text=&#8221;Electricista ##cableador##&#8221;][vc_column_text]<\/p><p>De lo est\u00e1ndar a lo no est\u00e1ndar, nuestro equipo de electricistas y especialistas en cables monta armarios y cajas complejos con un alto nivel de fiabilidad, garantizando a los criadores equipos en los que pueden confiar. Sus competencias y su polivalencia les permiten crear productos a medida, de la A a la Z, que responden a las normas francesas e internacionales.<\/p><p>[\/vc_column_text][\/vc_column][vc_column width=&#8221;1\/2&#8243;][vc_single_image image=&#8221;2341&#8243; img_size=&#8221;large&#8221; alignment=&#8221;center&#8221;][\/vc_column][\/vc_row]<\/p>","protected":false},"excerpt":{"rendered":"<p>[vc_row content_placement=&#8221;middle&#8221;][vc_column width=&#8221;1\/2&#8243;][vc_custom_heading <span class=\"more\">...<\/span>","protected":false},"author":6,"featured_media":0,"parent":0,"menu_order":610,"comment_status":"closed","ping_status":"closed","template":"","meta":{"inline_featured_image":false},"acf":[],"yoast_head":"<!-- This site is optimized with the Yoast SEO plugin v21.3 - https:\/\/yoast.com\/wordpress\/plugins\/seo\/ -->\n<title>Nuestras profesiones | Tuffigo Rapidex<\/title>\n<meta name=\"robots\" content=\"index, follow, max-snippet:-1, max-image-preview:large, max-video-preview:-1\" \/>\n<link rel=\"canonical\" href=\"https:\/\/tuffigorapidex.com\/es\/nuestras-profesiones\/\" \/>\n<meta property=\"og:locale\" content=\"es_ES\" \/>\n<meta property=\"og:type\" content=\"article\" \/>\n<meta property=\"og:title\" content=\"Nuestras profesiones | Tuffigo Rapidex\" \/>\n<meta property=\"og:description\" content=\"[vc_row content_placement=&#8221;middle&#8221;][vc_column width=&#8221;1\/2&#8243;][vc_custom_heading text=&#8221;Ingeniero en ##inform\u00e1tica industrial##&#8221;][vc_column_text]Nuestros ingenieros en inform\u00e1tica industrial dise\u00f1an sistemas electr\u00f3nicos integrados que permiten gestionar con precisi\u00f3n\" \/>\n<meta property=\"og:url\" content=\"https:\/\/tuffigorapidex.com\/es\/nuestras-profesiones\/\" \/>\n<meta property=\"og:site_name\" content=\"Tuffigo Rapidex\" \/>\n<meta property=\"article:publisher\" content=\"https:\/\/www.facebook.com\/tuffigorapidexsas\/\" \/>\n<meta property=\"article:modified_time\" content=\"2025-09-22T14:18:58+00:00\" \/>\n<meta property=\"og:image\" content=\"https:\/\/tuffigorapidex.com\/app\/uploads\/2023\/12\/TUFFIGO-logo.png\" \/>\n\t<meta property=\"og:image:width\" content=\"188\" \/>\n\t<meta property=\"og:image:height\" content=\"184\" \/>\n\t<meta property=\"og:image:type\" content=\"image\/png\" \/>\n<meta name=\"twitter:card\" content=\"summary_large_image\" \/>\n<meta name=\"twitter:label1\" content=\"Est. reading time\" \/>\n\t<meta name=\"twitter:data1\" content=\"2 minutes\" \/>\n<script type=\"application\/ld+json\" class=\"yoast-schema-graph\">{\"@context\":\"https:\/\/schema.org\",\"@graph\":[{\"@type\":\"WebPage\",\"@id\":\"https:\/\/tuffigorapidex.com\/es\/nuestras-profesiones\/\",\"url\":\"https:\/\/tuffigorapidex.com\/es\/nuestras-profesiones\/\",\"name\":\"Nuestras profesiones | Tuffigo Rapidex\",\"isPartOf\":{\"@id\":\"https:\/\/tuffigorapidex.com\/es\/#website\"},\"datePublished\":\"2022-07-12T06:27:21+00:00\",\"dateModified\":\"2025-09-22T14:18:58+00:00\",\"breadcrumb\":{\"@id\":\"https:\/\/tuffigorapidex.com\/es\/nuestras-profesiones\/#breadcrumb\"},\"inLanguage\":\"es-ES\",\"potentialAction\":[{\"@type\":\"ReadAction\",\"target\":[\"https:\/\/tuffigorapidex.com\/es\/nuestras-profesiones\/\"]}]},{\"@type\":\"BreadcrumbList\",\"@id\":\"https:\/\/tuffigorapidex.com\/es\/nuestras-profesiones\/#breadcrumb\",\"itemListElement\":[{\"@type\":\"ListItem\",\"position\":1,\"name\":\"Accueil\",\"item\":\"https:\/\/tuffigorapidex.com\/es\/\"},{\"@type\":\"ListItem\",\"position\":2,\"name\":\"Nuestras profesiones\"}]},{\"@type\":\"WebSite\",\"@id\":\"https:\/\/tuffigorapidex.com\/es\/#website\",\"url\":\"https:\/\/tuffigorapidex.com\/es\/\",\"name\":\"TUFFIGO RAPIDEX\",\"description\":\"Leader fran\u00e7ais des \u00e9quipements d&#039;\u00e9levage hors sol\",\"publisher\":{\"@id\":\"https:\/\/tuffigorapidex.com\/es\/#organization\"},\"potentialAction\":[{\"@type\":\"SearchAction\",\"target\":{\"@type\":\"EntryPoint\",\"urlTemplate\":\"https:\/\/tuffigorapidex.com\/es\/?s={search_term_string}\"},\"query-input\":\"required name=search_term_string\"}],\"inLanguage\":\"es-ES\"},{\"@type\":\"Organization\",\"@id\":\"https:\/\/tuffigorapidex.com\/es\/#organization\",\"name\":\"Tuffigo Rapidex\",\"url\":\"https:\/\/tuffigorapidex.com\/es\/\",\"logo\":{\"@type\":\"ImageObject\",\"inLanguage\":\"es-ES\",\"@id\":\"https:\/\/tuffigorapidex.com\/es\/#\/schema\/logo\/image\/\",\"url\":\"https:\/\/tuffigorapidex.com\/app\/uploads\/2023\/12\/TUFFIGO-logo.png\",\"contentUrl\":\"https:\/\/tuffigorapidex.com\/app\/uploads\/2023\/12\/TUFFIGO-logo.png\",\"width\":188,\"height\":184,\"caption\":\"Tuffigo Rapidex\"},\"image\":{\"@id\":\"https:\/\/tuffigorapidex.com\/es\/#\/schema\/logo\/image\/\"},\"sameAs\":[\"https:\/\/www.facebook.com\/tuffigorapidexsas\/\"]}]}<\/script>\n<!-- \/ Yoast SEO plugin. -->","yoast_head_json":{"title":"Nuestras profesiones | Tuffigo Rapidex","robots":{"index":"index","follow":"follow","max-snippet":"max-snippet:-1","max-image-preview":"max-image-preview:large","max-video-preview":"max-video-preview:-1"},"canonical":"https:\/\/tuffigorapidex.com\/es\/nuestras-profesiones\/","og_locale":"es_ES","og_type":"article","og_title":"Nuestras profesiones | Tuffigo Rapidex","og_description":"[vc_row content_placement=&#8221;middle&#8221;][vc_column width=&#8221;1\/2&#8243;][vc_custom_heading text=&#8221;Ingeniero en ##inform\u00e1tica industrial##&#8221;][vc_column_text]Nuestros ingenieros en inform\u00e1tica industrial dise\u00f1an sistemas electr\u00f3nicos integrados que permiten gestionar con precisi\u00f3n","og_url":"https:\/\/tuffigorapidex.com\/es\/nuestras-profesiones\/","og_site_name":"Tuffigo Rapidex","article_publisher":"https:\/\/www.facebook.com\/tuffigorapidexsas\/","article_modified_time":"2025-09-22T14:18:58+00:00","og_image":[{"width":188,"height":184,"url":"https:\/\/tuffigorapidex.com\/app\/uploads\/2023\/12\/TUFFIGO-logo.png","type":"image\/png"}],"twitter_card":"summary_large_image","twitter_misc":{"Est. reading time":"2 minutes"},"schema":{"@context":"https:\/\/schema.org","@graph":[{"@type":"WebPage","@id":"https:\/\/tuffigorapidex.com\/es\/nuestras-profesiones\/","url":"https:\/\/tuffigorapidex.com\/es\/nuestras-profesiones\/","name":"Nuestras profesiones | Tuffigo Rapidex","isPartOf":{"@id":"https:\/\/tuffigorapidex.com\/es\/#website"},"datePublished":"2022-07-12T06:27:21+00:00","dateModified":"2025-09-22T14:18:58+00:00","breadcrumb":{"@id":"https:\/\/tuffigorapidex.com\/es\/nuestras-profesiones\/#breadcrumb"},"inLanguage":"es-ES","potentialAction":[{"@type":"ReadAction","target":["https:\/\/tuffigorapidex.com\/es\/nuestras-profesiones\/"]}]},{"@type":"BreadcrumbList","@id":"https:\/\/tuffigorapidex.com\/es\/nuestras-profesiones\/#breadcrumb","itemListElement":[{"@type":"ListItem","position":1,"name":"Accueil","item":"https:\/\/tuffigorapidex.com\/es\/"},{"@type":"ListItem","position":2,"name":"Nuestras profesiones"}]},{"@type":"WebSite","@id":"https:\/\/tuffigorapidex.com\/es\/#website","url":"https:\/\/tuffigorapidex.com\/es\/","name":"TUFFIGO RAPIDEX","description":"Leader fran\u00e7ais des \u00e9quipements d&#039;\u00e9levage hors sol","publisher":{"@id":"https:\/\/tuffigorapidex.com\/es\/#organization"},"potentialAction":[{"@type":"SearchAction","target":{"@type":"EntryPoint","urlTemplate":"https:\/\/tuffigorapidex.com\/es\/?s={search_term_string}"},"query-input":"required name=search_term_string"}],"inLanguage":"es-ES"},{"@type":"Organization","@id":"https:\/\/tuffigorapidex.com\/es\/#organization","name":"Tuffigo Rapidex","url":"https:\/\/tuffigorapidex.com\/es\/","logo":{"@type":"ImageObject","inLanguage":"es-ES","@id":"https:\/\/tuffigorapidex.com\/es\/#\/schema\/logo\/image\/","url":"https:\/\/tuffigorapidex.com\/app\/uploads\/2023\/12\/TUFFIGO-logo.png","contentUrl":"https:\/\/tuffigorapidex.com\/app\/uploads\/2023\/12\/TUFFIGO-logo.png","width":188,"height":184,"caption":"Tuffigo Rapidex"},"image":{"@id":"https:\/\/tuffigorapidex.com\/es\/#\/schema\/logo\/image\/"},"sameAs":["https:\/\/www.facebook.com\/tuffigorapidexsas\/"]}]}},"_links":{"self":[{"href":"https:\/\/tuffigorapidex.com\/es\/wp-json\/wp\/v2\/pages\/7816"}],"collection":[{"href":"https:\/\/tuffigorapidex.com\/es\/wp-json\/wp\/v2\/pages"}],"about":[{"href":"https:\/\/tuffigorapidex.com\/es\/wp-json\/wp\/v2\/types\/page"}],"author":[{"embeddable":true,"href":"https:\/\/tuffigorapidex.com\/es\/wp-json\/wp\/v2\/users\/6"}],"replies":[{"embeddable":true,"href":"https:\/\/tuffigorapidex.com\/es\/wp-json\/wp\/v2\/comments?post=7816"}],"version-history":[{"count":2,"href":"https:\/\/tuffigorapidex.com\/es\/wp-json\/wp\/v2\/pages\/7816\/revisions"}],"predecessor-version":[{"id":7818,"href":"https:\/\/tuffigorapidex.com\/es\/wp-json\/wp\/v2\/pages\/7816\/revisions\/7818"}],"wp:attachment":[{"href":"https:\/\/tuffigorapidex.com\/es\/wp-json\/wp\/v2\/media?parent=7816"}],"curies":[{"name":"wp","href":"https:\/\/api.w.org\/{rel}","templated":true}]}}