{"id":7981,"date":"2022-07-21T13:20:34","date_gmt":"2022-07-21T13:20:34","guid":{"rendered":"https:\/\/tuffigorapidex.com\/ventilation\/"},"modified":"2025-09-25T08:07:29","modified_gmt":"2025-09-25T08:07:29","slug":"ventilacion","status":"publish","type":"page","link":"https:\/\/tuffigorapidex.com\/es\/soluciones-por-especies\/aves\/aves-ponedoras\/ventilacion\/","title":{"rendered":"VENTILACI\u00d3N"},"content":{"rendered":"<p>[vc_row][vc_column width=&#8221;1\/4&#8243;][\/vc_column][vc_column width=&#8221;1\/2&#8243;][vc_column_text]<\/p><p><strong>Controlling the environment in buildings to optimise animal growth and output in relation to their rearing method<\/strong><br \/><!--more--><\/p><ul><li>Managing performance 24\/7<\/li><li>Renew the air in buildings according to the animals\u2019 needs<\/li><li>Extract any heavy gases NH3 and CO2<\/li><li>Limit air layers to ensure a uniform atmosphere<\/li><li>Manage building humidity and litter quality<\/li><li>Manage the temperature to suit the animals and their needs and according to the weather outside<\/li><\/ul><p>[\/vc_column_text][\/vc_column][vc_column width=&#8221;1\/4&#8243;][\/vc_column][\/vc_row][vc_row][vc_column][vc_column_text]<\/p><p style=\"text-align: center;\"><span style=\"color: #ffffff; font-size: 0.1em;\">trappe KanAir 2L, Chemin\u00e9e d\u2019entr\u00e9e d\u2019air AirIn\/AirInMix, Treuil Mono tour, Turbines TR \/ TNR, turbine EM50, Ventilateurs EC Blue, Activ\u2019AIR<\/span><\/p><p>[\/vc_column_text][\/vc_column][\/vc_row]<\/p>","protected":false},"excerpt":{"rendered":"<p>[vc_row][vc_column width=&#8221;1\/4&#8243;][\/vc_column][vc_column width=&#8221;1\/2&#8243;][vc_column_text]Controlling <span class=\"more\">...<\/span>","protected":false},"author":6,"featured_media":0,"parent":7986,"menu_order":23,"comment_status":"closed","ping_status":"closed","template":"views\/template-produit.blade.php","meta":{"inline_featured_image":false},"acf":[],"yoast_head":"<!-- This site is optimized with the Yoast SEO plugin v21.3 - https:\/\/yoast.com\/wordpress\/plugins\/seo\/ -->\n<title>VENTILACI\u00d3N | Tuffigo Rapidex<\/title>\n<meta name=\"robots\" content=\"index, follow, max-snippet:-1, max-image-preview:large, max-video-preview:-1\" \/>\n<link rel=\"canonical\" href=\"https:\/\/tuffigorapidex.com\/es\/soluciones-por-especies\/aves\/aves-ponedoras\/ventilacion\/\" \/>\n<meta property=\"og:locale\" content=\"es_ES\" \/>\n<meta property=\"og:type\" content=\"article\" \/>\n<meta property=\"og:title\" content=\"VENTILACI\u00d3N | Tuffigo Rapidex\" \/>\n<meta property=\"og:description\" content=\"[vc_row][vc_column width=&#8221;1\/4&#8243;][\/vc_column][vc_column width=&#8221;1\/2&#8243;][vc_column_text]Controlling the environment in buildings to optimise animal growth and output in relation to their rearing method\" \/>\n<meta property=\"og:url\" content=\"https:\/\/tuffigorapidex.com\/es\/soluciones-por-especies\/aves\/aves-ponedoras\/ventilacion\/\" \/>\n<meta property=\"og:site_name\" content=\"Tuffigo Rapidex\" \/>\n<meta property=\"article:publisher\" content=\"https:\/\/www.facebook.com\/tuffigorapidexsas\/\" \/>\n<meta property=\"article:modified_time\" content=\"2025-09-25T08:07:29+00:00\" \/>\n<meta property=\"og:image\" content=\"https:\/\/tuffigorapidex.com\/app\/uploads\/2023\/12\/TUFFIGO-logo.png\" \/>\n\t<meta property=\"og:image:width\" content=\"188\" \/>\n\t<meta property=\"og:image:height\" content=\"184\" \/>\n\t<meta property=\"og:image:type\" content=\"image\/png\" \/>\n<meta name=\"twitter:card\" content=\"summary_large_image\" \/>\n<meta name=\"twitter:label1\" content=\"Est. reading time\" \/>\n\t<meta name=\"twitter:data1\" content=\"1 minute\" \/>\n<script type=\"application\/ld+json\" class=\"yoast-schema-graph\">{\"@context\":\"https:\/\/schema.org\",\"@graph\":[{\"@type\":\"WebPage\",\"@id\":\"https:\/\/tuffigorapidex.com\/es\/soluciones-por-especies\/aves\/aves-ponedoras\/ventilacion\/\",\"url\":\"https:\/\/tuffigorapidex.com\/es\/soluciones-por-especies\/aves\/aves-ponedoras\/ventilacion\/\",\"name\":\"VENTILACI\u00d3N | Tuffigo Rapidex\",\"isPartOf\":{\"@id\":\"https:\/\/tuffigorapidex.com\/es\/#website\"},\"datePublished\":\"2022-07-21T13:20:34+00:00\",\"dateModified\":\"2025-09-25T08:07:29+00:00\",\"breadcrumb\":{\"@id\":\"https:\/\/tuffigorapidex.com\/es\/soluciones-por-especies\/aves\/aves-ponedoras\/ventilacion\/#breadcrumb\"},\"inLanguage\":\"es-ES\",\"potentialAction\":[{\"@type\":\"ReadAction\",\"target\":[\"https:\/\/tuffigorapidex.com\/es\/soluciones-por-especies\/aves\/aves-ponedoras\/ventilacion\/\"]}]},{\"@type\":\"BreadcrumbList\",\"@id\":\"https:\/\/tuffigorapidex.com\/es\/soluciones-por-especies\/aves\/aves-ponedoras\/ventilacion\/#breadcrumb\",\"itemListElement\":[{\"@type\":\"ListItem\",\"position\":1,\"name\":\"Accueil\",\"item\":\"https:\/\/tuffigorapidex.com\/es\/\"},{\"@type\":\"ListItem\",\"position\":2,\"name\":\"Soluciones por especies\",\"item\":\"https:\/\/tuffigorapidex.com\/es\/soluciones-por-especies\/\"},{\"@type\":\"ListItem\",\"position\":3,\"name\":\"Aves\",\"item\":\"https:\/\/tuffigorapidex.com\/es\/soluciones-por-especies\/aves\/\"},{\"@type\":\"ListItem\",\"position\":4,\"name\":\"Aves ponedoras\",\"item\":\"https:\/\/tuffigorapidex.com\/es\/soluciones-por-especies\/aves\/aves-ponedoras\/\"},{\"@type\":\"ListItem\",\"position\":5,\"name\":\"VENTILACI\u00d3N\"}]},{\"@type\":\"WebSite\",\"@id\":\"https:\/\/tuffigorapidex.com\/es\/#website\",\"url\":\"https:\/\/tuffigorapidex.com\/es\/\",\"name\":\"TUFFIGO RAPIDEX\",\"description\":\"Leader fran\u00e7ais des \u00e9quipements d&#039;\u00e9levage hors sol\",\"publisher\":{\"@id\":\"https:\/\/tuffigorapidex.com\/es\/#organization\"},\"potentialAction\":[{\"@type\":\"SearchAction\",\"target\":{\"@type\":\"EntryPoint\",\"urlTemplate\":\"https:\/\/tuffigorapidex.com\/es\/?s={search_term_string}\"},\"query-input\":\"required name=search_term_string\"}],\"inLanguage\":\"es-ES\"},{\"@type\":\"Organization\",\"@id\":\"https:\/\/tuffigorapidex.com\/es\/#organization\",\"name\":\"Tuffigo Rapidex\",\"url\":\"https:\/\/tuffigorapidex.com\/es\/\",\"logo\":{\"@type\":\"ImageObject\",\"inLanguage\":\"es-ES\",\"@id\":\"https:\/\/tuffigorapidex.com\/es\/#\/schema\/logo\/image\/\",\"url\":\"https:\/\/tuffigorapidex.com\/app\/uploads\/2023\/12\/TUFFIGO-logo.png\",\"contentUrl\":\"https:\/\/tuffigorapidex.com\/app\/uploads\/2023\/12\/TUFFIGO-logo.png\",\"width\":188,\"height\":184,\"caption\":\"Tuffigo Rapidex\"},\"image\":{\"@id\":\"https:\/\/tuffigorapidex.com\/es\/#\/schema\/logo\/image\/\"},\"sameAs\":[\"https:\/\/www.facebook.com\/tuffigorapidexsas\/\"]}]}<\/script>\n<!-- \/ Yoast SEO plugin. -->","yoast_head_json":{"title":"VENTILACI\u00d3N | Tuffigo Rapidex","robots":{"index":"index","follow":"follow","max-snippet":"max-snippet:-1","max-image-preview":"max-image-preview:large","max-video-preview":"max-video-preview:-1"},"canonical":"https:\/\/tuffigorapidex.com\/es\/soluciones-por-especies\/aves\/aves-ponedoras\/ventilacion\/","og_locale":"es_ES","og_type":"article","og_title":"VENTILACI\u00d3N | Tuffigo Rapidex","og_description":"[vc_row][vc_column width=&#8221;1\/4&#8243;][\/vc_column][vc_column width=&#8221;1\/2&#8243;][vc_column_text]Controlling the environment in buildings to optimise animal growth and output in relation to their rearing method","og_url":"https:\/\/tuffigorapidex.com\/es\/soluciones-por-especies\/aves\/aves-ponedoras\/ventilacion\/","og_site_name":"Tuffigo Rapidex","article_publisher":"https:\/\/www.facebook.com\/tuffigorapidexsas\/","article_modified_time":"2025-09-25T08:07:29+00:00","og_image":[{"width":188,"height":184,"url":"https:\/\/tuffigorapidex.com\/app\/uploads\/2023\/12\/TUFFIGO-logo.png","type":"image\/png"}],"twitter_card":"summary_large_image","twitter_misc":{"Est. reading time":"1 minute"},"schema":{"@context":"https:\/\/schema.org","@graph":[{"@type":"WebPage","@id":"https:\/\/tuffigorapidex.com\/es\/soluciones-por-especies\/aves\/aves-ponedoras\/ventilacion\/","url":"https:\/\/tuffigorapidex.com\/es\/soluciones-por-especies\/aves\/aves-ponedoras\/ventilacion\/","name":"VENTILACI\u00d3N | Tuffigo Rapidex","isPartOf":{"@id":"https:\/\/tuffigorapidex.com\/es\/#website"},"datePublished":"2022-07-21T13:20:34+00:00","dateModified":"2025-09-25T08:07:29+00:00","breadcrumb":{"@id":"https:\/\/tuffigorapidex.com\/es\/soluciones-por-especies\/aves\/aves-ponedoras\/ventilacion\/#breadcrumb"},"inLanguage":"es-ES","potentialAction":[{"@type":"ReadAction","target":["https:\/\/tuffigorapidex.com\/es\/soluciones-por-especies\/aves\/aves-ponedoras\/ventilacion\/"]}]},{"@type":"BreadcrumbList","@id":"https:\/\/tuffigorapidex.com\/es\/soluciones-por-especies\/aves\/aves-ponedoras\/ventilacion\/#breadcrumb","itemListElement":[{"@type":"ListItem","position":1,"name":"Accueil","item":"https:\/\/tuffigorapidex.com\/es\/"},{"@type":"ListItem","position":2,"name":"Soluciones por especies","item":"https:\/\/tuffigorapidex.com\/es\/soluciones-por-especies\/"},{"@type":"ListItem","position":3,"name":"Aves","item":"https:\/\/tuffigorapidex.com\/es\/soluciones-por-especies\/aves\/"},{"@type":"ListItem","position":4,"name":"Aves ponedoras","item":"https:\/\/tuffigorapidex.com\/es\/soluciones-por-especies\/aves\/aves-ponedoras\/"},{"@type":"ListItem","position":5,"name":"VENTILACI\u00d3N"}]},{"@type":"WebSite","@id":"https:\/\/tuffigorapidex.com\/es\/#website","url":"https:\/\/tuffigorapidex.com\/es\/","name":"TUFFIGO RAPIDEX","description":"Leader fran\u00e7ais des \u00e9quipements d&#039;\u00e9levage hors sol","publisher":{"@id":"https:\/\/tuffigorapidex.com\/es\/#organization"},"potentialAction":[{"@type":"SearchAction","target":{"@type":"EntryPoint","urlTemplate":"https:\/\/tuffigorapidex.com\/es\/?s={search_term_string}"},"query-input":"required name=search_term_string"}],"inLanguage":"es-ES"},{"@type":"Organization","@id":"https:\/\/tuffigorapidex.com\/es\/#organization","name":"Tuffigo Rapidex","url":"https:\/\/tuffigorapidex.com\/es\/","logo":{"@type":"ImageObject","inLanguage":"es-ES","@id":"https:\/\/tuffigorapidex.com\/es\/#\/schema\/logo\/image\/","url":"https:\/\/tuffigorapidex.com\/app\/uploads\/2023\/12\/TUFFIGO-logo.png","contentUrl":"https:\/\/tuffigorapidex.com\/app\/uploads\/2023\/12\/TUFFIGO-logo.png","width":188,"height":184,"caption":"Tuffigo Rapidex"},"image":{"@id":"https:\/\/tuffigorapidex.com\/es\/#\/schema\/logo\/image\/"},"sameAs":["https:\/\/www.facebook.com\/tuffigorapidexsas\/"]}]}},"_links":{"self":[{"href":"https:\/\/tuffigorapidex.com\/es\/wp-json\/wp\/v2\/pages\/7981"}],"collection":[{"href":"https:\/\/tuffigorapidex.com\/es\/wp-json\/wp\/v2\/pages"}],"about":[{"href":"https:\/\/tuffigorapidex.com\/es\/wp-json\/wp\/v2\/types\/page"}],"author":[{"embeddable":true,"href":"https:\/\/tuffigorapidex.com\/es\/wp-json\/wp\/v2\/users\/6"}],"replies":[{"embeddable":true,"href":"https:\/\/tuffigorapidex.com\/es\/wp-json\/wp\/v2\/comments?post=7981"}],"version-history":[{"count":1,"href":"https:\/\/tuffigorapidex.com\/es\/wp-json\/wp\/v2\/pages\/7981\/revisions"}],"predecessor-version":[{"id":7989,"href":"https:\/\/tuffigorapidex.com\/es\/wp-json\/wp\/v2\/pages\/7981\/revisions\/7989"}],"up":[{"embeddable":true,"href":"https:\/\/tuffigorapidex.com\/es\/wp-json\/wp\/v2\/pages\/7986"}],"wp:attachment":[{"href":"https:\/\/tuffigorapidex.com\/es\/wp-json\/wp\/v2\/media?parent=7981"}],"curies":[{"name":"wp","href":"https:\/\/api.w.org\/{rel}","templated":true}]}}