{"id":8034,"date":"2022-07-21T14:47:11","date_gmt":"2022-07-21T14:47:11","guid":{"rendered":"https:\/\/tuffigorapidex.com\/soluciones-por-especies\/aves\/breeding-poultry\/"},"modified":"2025-09-25T13:16:43","modified_gmt":"2025-09-25T13:16:43","slug":"aves-reproductoras","status":"publish","type":"page","link":"https:\/\/tuffigorapidex.com\/es\/soluciones-por-especies\/aves\/aves-reproductoras\/","title":{"rendered":"Aves reproductoras"},"content":{"rendered":"<p>[vc_row][vc_column width=&#8221;1\/6&#8243;][\/vc_column][vc_column width=&#8221;2\/3&#8243;][vc_column_text]<\/p><h2 style=\"text-align: center;\">\u00abControl y seguimiento del peso, la homogeneidad del lote y la distribuci\u00f3n del alimento<br \/>= los pilares de la fase de cr\u00eda de pollitos reproductores\u00bb<\/h2><p style=\"text-align: center;\">&#8230;.. son esenciales para una buena producci\u00f3n de huevos para incubar.<\/p><p>[\/vc_column_text][\/vc_column][vc_column width=&#8221;1\/6&#8243;][\/vc_column][\/vc_row][vc_row][vc_column width=&#8221;1\/3&#8243;]<div class=\"menu-gamme entry gestion\" onclick=\"window.location='https:\/\/tuffigorapidex.com\/es\/soluciones-por-especies\/aves\/aves-reproductoras\/gestion-de-la-crianza\/'\">\n<i class=\"icon icon-gestion\"><\/i>\n<h3 class=\"entry-title\">\n  GESTI\u00d3N DE LA CRIANZA<\/h3>\n<div class=\"entry-description\">\n  <div class=\"page\" title=\"Page 12\">\n<div class=\"section\">\n<div class=\"layoutArea\">\n<div class=\"column\">\n<p style=\"text-align: center;\"><span data-sheets-root=\"1\">Gesti\u00f3n del edificio y optimizaci\u00f3n del rendimiento de la crianza<\/span><\/p>\n<\/div>\n<\/div>\n<\/div>\n<\/div>\n<\/div>\n<\/div>\n[\/vc_column][vc_column width=&#8221;1\/3&#8243;]<div class=\"menu-gamme entry ambiance\" onclick=\"window.location='https:\/\/tuffigorapidex.com\/es\/soluciones-por-especies\/aves\/aves-reproductoras\/bienestar-y-buen-ambiente\/'\">\n<i class=\"icon icon-ambiance\"><\/i>\n<h3 class=\"entry-title\">\n  Bienestar y buen ambiente<\/h3>\n<div class=\"entry-description\">\n  <div class=\"page\" title=\"Page 12\">\n<div class=\"section\">\n<div class=\"layoutArea\">\n<div class=\"column\">\n<p style=\"text-align: center;\"><span data-sheets-root=\"1\">Mejorar el ambiente en el edificio y el bienestar de los animales durante todo el ciclo de producci\u00f3n.<\/span><\/p>\n<\/div>\n<\/div>\n<\/div>\n<\/div>\n<\/div>\n<\/div>\n[\/vc_column][vc_column width=&#8221;1\/3&#8243;]<div class=\"menu-gamme entry ventillation\" onclick=\"window.location='https:\/\/tuffigorapidex.com\/es\/soluciones-por-especies\/aves\/aves-reproductoras\/ventilacion\/'\">\n<i class=\"icon icon-ventillation\"><\/i>\n<h3 class=\"entry-title\">\n  VENTILACI\u00d3N<\/h3>\n<div class=\"entry-description\">\n  <div class=\"page\" title=\"Page 12\">\n<div class=\"section\">\n<div class=\"layoutArea\">\n<div class=\"column\">\n<p style=\"text-align: center;\"><span data-sheets-root=\"1\">Controlar el entorno de los edificios para optimizar el crecimiento y el rendimiento de los animales en funci\u00f3n del m\u00e9todo de cr\u00eda utilizado.<\/span><\/p>\n<\/div>\n<\/div>\n<\/div>\n<\/div>\n<\/div>\n<\/div>\n[\/vc_column][\/vc_row][vc_row][vc_column width=&#8221;1\/3&#8243;]<div class=\"menu-gamme entry alimentation\" onclick=\"window.location='https:\/\/tuffigorapidex.com\/es\/soluciones-por-especies\/aves\/aves-reproductoras\/alimentacion\/'\">\n<i class=\"icon icon-alimentation\"><\/i>\n<h3 class=\"entry-title\">\n  ALIMENTACI\u00d3N<\/h3>\n<div class=\"entry-description\">\n  <div class=\"page\" title=\"Page 12\">\n<div class=\"section\">\n<div class=\"layoutArea\">\n<div class=\"column\">\n<p style=\"text-align: center;\"><span data-sheets-root=\"1\">Gesti\u00f3n de la alimentaci\u00f3n animal y optimizaci\u00f3n de los costes de producci\u00f3n<\/span><\/p>\n<\/div>\n<\/div>\n<\/div>\n<\/div>\n<\/div>\n<\/div>\n[\/vc_column][vc_column width=&#8221;1\/3&#8243;]<div class=\"menu-gamme entry services\" onclick=\"window.location='https:\/\/tuffigorapidex.com\/es\/soluciones-por-especies\/aves\/aves-reproductoras\/servicios-conectados\/'\">\n<i class=\"icon icon-services\"><\/i>\n<h3 class=\"entry-title\">\n  SERVICIOS CONECTADOS<\/h3>\n<div class=\"entry-description\">\n  <div class=\"page\" title=\"Page 12\">\n<div class=\"section\">\n<div class=\"layoutArea\">\n<div class=\"column\">\n<p style=\"text-align: center;\"><span data-sheets-root=\"1\">Enriquecimiento de la experiencia de usuario de los productos Tuffigo Rapidex con servicios basados en datos<\/span><\/p>\n<\/div>\n<\/div>\n<\/div>\n<\/div>\n<\/div>\n<\/div>\n[\/vc_column][vc_column width=&#8221;1\/3&#8243;]<div class=\"menu-gamme entry autres\" onclick=\"window.location='https:\/\/tuffigorapidex.com\/es\/soluciones-por-especies\/aves\/aves-reproductoras\/otros-servicios\/'\">\n<i class=\"icon icon-autres\"><\/i>\n<h3 class=\"entry-title\">\n  OTROS SERVICIOS<\/h3>\n<div class=\"entry-description\">\n  <div class=\"page\" title=\"Page 12\">\n<div class=\"section\">\n<div class=\"layoutArea\">\n<div class=\"column\">\n<p style=\"text-align: center;\"><span data-sheets-root=\"1\">Oferta de servicios que permiten la instalaci\u00f3n, la puesta en marcha, la formaci\u00f3n en el uso y cualquier otra prestaci\u00f3n que garantice el buen funcionamiento de los equipos.<\/span><\/p>\n<\/div>\n<\/div>\n<\/div>\n<\/div>\n<\/div>\n<\/div>\n[\/vc_column][\/vc_row][vc_row][vc_column][vc_single_image image=&#8221;2759&#8243; img_size=&#8221;large&#8221; alignment=&#8221;center&#8221;][\/vc_column][\/vc_row]<\/p>","protected":false},"excerpt":{"rendered":"<p>[vc_row][vc_column width=&#8221;1\/6&#8243;][\/vc_column][vc_column width=&#8221;2\/3&#8243;][vc_column_text]\u00abControl <span class=\"more\">...<\/span>","protected":false},"author":6,"featured_media":0,"parent":7746,"menu_order":41,"comment_status":"closed","ping_status":"closed","template":"views\/template-sous-univers.blade.php","meta":{"inline_featured_image":false},"acf":[],"yoast_head":"<!-- This site is optimized with the Yoast SEO plugin v21.3 - https:\/\/yoast.com\/wordpress\/plugins\/seo\/ -->\n<title>Aves reproductoras | Tuffigo Rapidex<\/title>\n<meta name=\"robots\" content=\"index, follow, max-snippet:-1, max-image-preview:large, max-video-preview:-1\" \/>\n<link rel=\"canonical\" href=\"https:\/\/tuffigorapidex.com\/es\/soluciones-por-especies\/aves\/aves-reproductoras\/\" \/>\n<meta property=\"og:locale\" content=\"es_ES\" \/>\n<meta property=\"og:type\" content=\"article\" \/>\n<meta property=\"og:title\" content=\"Aves reproductoras | Tuffigo Rapidex\" \/>\n<meta property=\"og:description\" content=\"[vc_row][vc_column width=&#8221;1\/6&#8243;][\/vc_column][vc_column width=&#8221;2\/3&#8243;][vc_column_text]\u00abControl y seguimiento del peso, la homogeneidad del lote y la distribuci\u00f3n del alimento= los pilares de la\" \/>\n<meta property=\"og:url\" content=\"https:\/\/tuffigorapidex.com\/es\/soluciones-por-especies\/aves\/aves-reproductoras\/\" \/>\n<meta property=\"og:site_name\" content=\"Tuffigo Rapidex\" \/>\n<meta property=\"article:publisher\" content=\"https:\/\/www.facebook.com\/tuffigorapidexsas\/\" \/>\n<meta property=\"article:modified_time\" content=\"2025-09-25T13:16:43+00:00\" \/>\n<meta property=\"og:image\" content=\"https:\/\/tuffigorapidex.com\/app\/uploads\/2023\/12\/TUFFIGO-logo.png\" \/>\n\t<meta property=\"og:image:width\" content=\"188\" \/>\n\t<meta property=\"og:image:height\" content=\"184\" \/>\n\t<meta property=\"og:image:type\" content=\"image\/png\" \/>\n<meta name=\"twitter:card\" content=\"summary_large_image\" \/>\n<meta name=\"twitter:label1\" content=\"Est. reading time\" \/>\n\t<meta name=\"twitter:data1\" content=\"1 minute\" \/>\n<script type=\"application\/ld+json\" class=\"yoast-schema-graph\">{\"@context\":\"https:\/\/schema.org\",\"@graph\":[{\"@type\":\"WebPage\",\"@id\":\"https:\/\/tuffigorapidex.com\/es\/soluciones-por-especies\/aves\/aves-reproductoras\/\",\"url\":\"https:\/\/tuffigorapidex.com\/es\/soluciones-por-especies\/aves\/aves-reproductoras\/\",\"name\":\"Aves reproductoras | Tuffigo Rapidex\",\"isPartOf\":{\"@id\":\"https:\/\/tuffigorapidex.com\/es\/#website\"},\"datePublished\":\"2022-07-21T14:47:11+00:00\",\"dateModified\":\"2025-09-25T13:16:43+00:00\",\"breadcrumb\":{\"@id\":\"https:\/\/tuffigorapidex.com\/es\/soluciones-por-especies\/aves\/aves-reproductoras\/#breadcrumb\"},\"inLanguage\":\"es-ES\",\"potentialAction\":[{\"@type\":\"ReadAction\",\"target\":[\"https:\/\/tuffigorapidex.com\/es\/soluciones-por-especies\/aves\/aves-reproductoras\/\"]}]},{\"@type\":\"BreadcrumbList\",\"@id\":\"https:\/\/tuffigorapidex.com\/es\/soluciones-por-especies\/aves\/aves-reproductoras\/#breadcrumb\",\"itemListElement\":[{\"@type\":\"ListItem\",\"position\":1,\"name\":\"Accueil\",\"item\":\"https:\/\/tuffigorapidex.com\/es\/\"},{\"@type\":\"ListItem\",\"position\":2,\"name\":\"Soluciones por especies\",\"item\":\"https:\/\/tuffigorapidex.com\/es\/soluciones-por-especies\/\"},{\"@type\":\"ListItem\",\"position\":3,\"name\":\"Aves\",\"item\":\"https:\/\/tuffigorapidex.com\/es\/soluciones-por-especies\/aves\/\"},{\"@type\":\"ListItem\",\"position\":4,\"name\":\"Aves reproductoras\"}]},{\"@type\":\"WebSite\",\"@id\":\"https:\/\/tuffigorapidex.com\/es\/#website\",\"url\":\"https:\/\/tuffigorapidex.com\/es\/\",\"name\":\"TUFFIGO RAPIDEX\",\"description\":\"Leader fran\u00e7ais des \u00e9quipements d&#039;\u00e9levage hors sol\",\"publisher\":{\"@id\":\"https:\/\/tuffigorapidex.com\/es\/#organization\"},\"potentialAction\":[{\"@type\":\"SearchAction\",\"target\":{\"@type\":\"EntryPoint\",\"urlTemplate\":\"https:\/\/tuffigorapidex.com\/es\/?s={search_term_string}\"},\"query-input\":\"required name=search_term_string\"}],\"inLanguage\":\"es-ES\"},{\"@type\":\"Organization\",\"@id\":\"https:\/\/tuffigorapidex.com\/es\/#organization\",\"name\":\"Tuffigo Rapidex\",\"url\":\"https:\/\/tuffigorapidex.com\/es\/\",\"logo\":{\"@type\":\"ImageObject\",\"inLanguage\":\"es-ES\",\"@id\":\"https:\/\/tuffigorapidex.com\/es\/#\/schema\/logo\/image\/\",\"url\":\"https:\/\/tuffigorapidex.com\/app\/uploads\/2023\/12\/TUFFIGO-logo.png\",\"contentUrl\":\"https:\/\/tuffigorapidex.com\/app\/uploads\/2023\/12\/TUFFIGO-logo.png\",\"width\":188,\"height\":184,\"caption\":\"Tuffigo Rapidex\"},\"image\":{\"@id\":\"https:\/\/tuffigorapidex.com\/es\/#\/schema\/logo\/image\/\"},\"sameAs\":[\"https:\/\/www.facebook.com\/tuffigorapidexsas\/\"]}]}<\/script>\n<!-- \/ Yoast SEO plugin. -->","yoast_head_json":{"title":"Aves reproductoras | Tuffigo Rapidex","robots":{"index":"index","follow":"follow","max-snippet":"max-snippet:-1","max-image-preview":"max-image-preview:large","max-video-preview":"max-video-preview:-1"},"canonical":"https:\/\/tuffigorapidex.com\/es\/soluciones-por-especies\/aves\/aves-reproductoras\/","og_locale":"es_ES","og_type":"article","og_title":"Aves reproductoras | Tuffigo Rapidex","og_description":"[vc_row][vc_column width=&#8221;1\/6&#8243;][\/vc_column][vc_column width=&#8221;2\/3&#8243;][vc_column_text]\u00abControl y seguimiento del peso, la homogeneidad del lote y la distribuci\u00f3n del alimento= los pilares de la","og_url":"https:\/\/tuffigorapidex.com\/es\/soluciones-por-especies\/aves\/aves-reproductoras\/","og_site_name":"Tuffigo Rapidex","article_publisher":"https:\/\/www.facebook.com\/tuffigorapidexsas\/","article_modified_time":"2025-09-25T13:16:43+00:00","og_image":[{"width":188,"height":184,"url":"https:\/\/tuffigorapidex.com\/app\/uploads\/2023\/12\/TUFFIGO-logo.png","type":"image\/png"}],"twitter_card":"summary_large_image","twitter_misc":{"Est. reading time":"1 minute"},"schema":{"@context":"https:\/\/schema.org","@graph":[{"@type":"WebPage","@id":"https:\/\/tuffigorapidex.com\/es\/soluciones-por-especies\/aves\/aves-reproductoras\/","url":"https:\/\/tuffigorapidex.com\/es\/soluciones-por-especies\/aves\/aves-reproductoras\/","name":"Aves reproductoras | Tuffigo Rapidex","isPartOf":{"@id":"https:\/\/tuffigorapidex.com\/es\/#website"},"datePublished":"2022-07-21T14:47:11+00:00","dateModified":"2025-09-25T13:16:43+00:00","breadcrumb":{"@id":"https:\/\/tuffigorapidex.com\/es\/soluciones-por-especies\/aves\/aves-reproductoras\/#breadcrumb"},"inLanguage":"es-ES","potentialAction":[{"@type":"ReadAction","target":["https:\/\/tuffigorapidex.com\/es\/soluciones-por-especies\/aves\/aves-reproductoras\/"]}]},{"@type":"BreadcrumbList","@id":"https:\/\/tuffigorapidex.com\/es\/soluciones-por-especies\/aves\/aves-reproductoras\/#breadcrumb","itemListElement":[{"@type":"ListItem","position":1,"name":"Accueil","item":"https:\/\/tuffigorapidex.com\/es\/"},{"@type":"ListItem","position":2,"name":"Soluciones por especies","item":"https:\/\/tuffigorapidex.com\/es\/soluciones-por-especies\/"},{"@type":"ListItem","position":3,"name":"Aves","item":"https:\/\/tuffigorapidex.com\/es\/soluciones-por-especies\/aves\/"},{"@type":"ListItem","position":4,"name":"Aves reproductoras"}]},{"@type":"WebSite","@id":"https:\/\/tuffigorapidex.com\/es\/#website","url":"https:\/\/tuffigorapidex.com\/es\/","name":"TUFFIGO RAPIDEX","description":"Leader fran\u00e7ais des \u00e9quipements d&#039;\u00e9levage hors sol","publisher":{"@id":"https:\/\/tuffigorapidex.com\/es\/#organization"},"potentialAction":[{"@type":"SearchAction","target":{"@type":"EntryPoint","urlTemplate":"https:\/\/tuffigorapidex.com\/es\/?s={search_term_string}"},"query-input":"required name=search_term_string"}],"inLanguage":"es-ES"},{"@type":"Organization","@id":"https:\/\/tuffigorapidex.com\/es\/#organization","name":"Tuffigo Rapidex","url":"https:\/\/tuffigorapidex.com\/es\/","logo":{"@type":"ImageObject","inLanguage":"es-ES","@id":"https:\/\/tuffigorapidex.com\/es\/#\/schema\/logo\/image\/","url":"https:\/\/tuffigorapidex.com\/app\/uploads\/2023\/12\/TUFFIGO-logo.png","contentUrl":"https:\/\/tuffigorapidex.com\/app\/uploads\/2023\/12\/TUFFIGO-logo.png","width":188,"height":184,"caption":"Tuffigo Rapidex"},"image":{"@id":"https:\/\/tuffigorapidex.com\/es\/#\/schema\/logo\/image\/"},"sameAs":["https:\/\/www.facebook.com\/tuffigorapidexsas\/"]}]}},"_links":{"self":[{"href":"https:\/\/tuffigorapidex.com\/es\/wp-json\/wp\/v2\/pages\/8034"}],"collection":[{"href":"https:\/\/tuffigorapidex.com\/es\/wp-json\/wp\/v2\/pages"}],"about":[{"href":"https:\/\/tuffigorapidex.com\/es\/wp-json\/wp\/v2\/types\/page"}],"author":[{"embeddable":true,"href":"https:\/\/tuffigorapidex.com\/es\/wp-json\/wp\/v2\/users\/6"}],"replies":[{"embeddable":true,"href":"https:\/\/tuffigorapidex.com\/es\/wp-json\/wp\/v2\/comments?post=8034"}],"version-history":[{"count":4,"href":"https:\/\/tuffigorapidex.com\/es\/wp-json\/wp\/v2\/pages\/8034\/revisions"}],"predecessor-version":[{"id":8084,"href":"https:\/\/tuffigorapidex.com\/es\/wp-json\/wp\/v2\/pages\/8034\/revisions\/8084"}],"up":[{"embeddable":true,"href":"https:\/\/tuffigorapidex.com\/es\/wp-json\/wp\/v2\/pages\/7746"}],"wp:attachment":[{"href":"https:\/\/tuffigorapidex.com\/es\/wp-json\/wp\/v2\/media?parent=8034"}],"curies":[{"name":"wp","href":"https:\/\/api.w.org\/{rel}","templated":true}]}}