{"id":1822,"date":"2022-12-13T10:32:09","date_gmt":"2022-12-13T10:32:09","guid":{"rendered":"http:\/\/tuffigorapidex.orinoko.fr\/?page_id=1822"},"modified":"2025-09-18T12:08:30","modified_gmt":"2025-09-18T12:08:30","slug":"nos-gammes-de-produits","status":"publish","type":"page","link":"https:\/\/tuffigorapidex.com\/fr\/solutions-par-especes\/porc\/nos-gammes-de-produits\/","title":{"rendered":"Nos gammes de produits porc"},"content":{"rendered":"<p>[vc_row][vc_column][\/vc_column][\/vc_row][vc_row equal_height=\u00a0\u00bbyes\u00a0\u00bb content_placement=\u00a0\u00bbtop\u00a0\u00bb][vc_column width=\u00a0\u00bb1\/3&Prime; css=\u00a0\u00bb.vc_custom_1676972977127{margin-bottom: 0px !important;}\u00a0\u00bb]<div class=\"menu-gamme entry gestion\" onclick=\"window.location='https:\/\/tuffigorapidex.com\/fr\/solutions-par-especes\/porc\/gestion-de-lelevage\/'\">\n<i class=\"icon icon-gestion\"><\/i>\n<h3 class=\"entry-title\">\n  Gestion de l'\u00e9levage<\/h3>\n<div class=\"entry-description\">\n  <p style=\"text-align: center;\"><span>Piloter le ba\u0302timent et optimiser les performances de l\u2019e\u0301levage<\/span><\/p>\n<\/div>\n<\/div>\n[\/vc_column][vc_column width=\u00a0\u00bb1\/3&Prime;]<div class=\"menu-gamme entry ambiance\" onclick=\"window.location='https:\/\/tuffigorapidex.com\/fr\/solutions-par-especes\/porc\/bien-etre-ambiance\/'\">\n<i class=\"icon icon-ambiance\"><\/i>\n<h3 class=\"entry-title\">\n  Bien \u00eatre & ambiance<\/h3>\n<div class=\"entry-description\">\n  <p style=\"text-align: center;\"><span>Ame\u0301liorer l\u2019ambiance du ba\u0302timent et le bien e\u0302tre des animaux tout au long du cycle de production<\/span><\/p>\n<\/div>\n<\/div>\n[\/vc_column][vc_column width=\u00a0\u00bb1\/3&Prime;]<div class=\"menu-gamme entry ventillation\" onclick=\"window.location='https:\/\/tuffigorapidex.com\/fr\/solutions-par-especes\/porc\/ventilation\/'\">\n<i class=\"icon icon-ventillation\"><\/i>\n<h3 class=\"entry-title\">\n  Ventilation<\/h3>\n<div class=\"entry-description\">\n  <div class=\"page\" title=\"Page 12\">\n<div class=\"section\">\n<div class=\"layoutArea\">\n<div class=\"column\">\n<p style=\"text-align: center;\"><span>Mai\u0302triser l\u2019ambiance des ba\u0302timents pour optimiser la croissance et le rendement des animaux en fonction de leur mode d\u2019e\u0301levage<\/span><\/p>\n<\/div>\n<\/div>\n<\/div>\n<\/div>\n<\/div>\n<\/div>\n[\/vc_column][\/vc_row][vc_row equal_height=\u00a0\u00bbyes\u00a0\u00bb content_placement=\u00a0\u00bbtop\u00a0\u00bb][vc_column width=\u00a0\u00bb1\/3&Prime;]<div class=\"menu-gamme entry alimentation\" onclick=\"window.location='https:\/\/tuffigorapidex.com\/fr\/solutions-par-especes\/porc\/alimentation\/'\">\n<i class=\"icon icon-alimentation\"><\/i>\n<h3 class=\"entry-title\">\n  Alimentation<\/h3>\n<div class=\"entry-description\">\n  <div class=\"page\" title=\"Page 12\">\n<div class=\"section\">\n<div class=\"layoutArea\">\n<div class=\"column\">\n<p style=\"text-align: center;\"><span>Piloter l\u2019alimentation des animaux et optimiser son cou\u0302t de production<\/span><\/p>\n<\/div>\n<\/div>\n<\/div>\n<\/div>\n<\/div>\n<\/div>\n[\/vc_column][vc_column width=\u00a0\u00bb1\/3&Prime;]<div class=\"menu-gamme entry services\" onclick=\"window.location='https:\/\/tuffigorapidex.com\/fr\/solutions-par-especes\/porc\/services-connectes\/'\">\n<i class=\"icon icon-services\"><\/i>\n<h3 class=\"entry-title\">\n  Services connect\u00e9s<\/h3>\n<div class=\"entry-description\">\n  <div class=\"page\" title=\"Page 12\">\n<div class=\"section\">\n<div class=\"layoutArea\">\n<div class=\"column\">\n<p style=\"text-align: center;\"><span>Enrichir l\u2019expe\u0301rience des utilisateurs des produits Tuffigo Rapidex par des services lie\u0301s a\u0300 la data<\/span><\/p>\n<\/div>\n<\/div>\n<\/div>\n<\/div>\n<\/div>\n<\/div>\n[\/vc_column][vc_column width=\u00a0\u00bb1\/3&Prime;]<div class=\"menu-gamme entry autres\" onclick=\"window.location='https:\/\/tuffigorapidex.com\/fr\/solutions-par-especes\/porc\/autres-services\/'\">\n<i class=\"icon icon-autres\"><\/i>\n<h3 class=\"entry-title\">\n  autres services<\/h3>\n<div class=\"entry-description\">\n  <div class=\"page\" title=\"Page 12\">\n<div class=\"section\">\n<div class=\"layoutArea\">\n<div class=\"column\">\n<p style=\"text-align: center;\"><span>Offre de services permettant l\u2019installation, la mise en service, la formation a\u0300 l\u2019utilisation et tout autres prestations garantissant le bon fonctionnement des e\u0301quipements<\/span><\/p>\n<\/div>\n<\/div>\n<\/div>\n<\/div>\n<\/div>\n<\/div>\n[\/vc_column][\/vc_row][vc_row][vc_column][vc_single_image image=\u00a0\u00bb1827&Prime; img_size=\u00a0\u00bblarge\u00a0\u00bb alignment=\u00a0\u00bbcenter\u00a0\u00bb][\/vc_column][\/vc_row][vc_row][vc_column]<\/p><div class=\"gallery-footer  container\">\n<div class=\"swiper-container pageGallery\">\n<div class=\"swiper-wrapper grid\"><div class=\"swiper-slide grid-item \">\n\n\n  <div class=\"item\">\n\n\n    <div class=\"item-content\">\n      <div class=\"item-img\"\n           data-sub-html=\"\n<h3 class=\\'LGtitle\\'>T\u00e9moignage Elevage en Maternit\u00e9<\/h3>\n<p class=\\'LGtext\\'><\/p>\"\n           data-thumb=\"https:\/\/tuffigorapidex.com\/app\/uploads\/2023\/10\/TuffigoRapidex-Elevage-Porcin-Maternite-320x320.jpg\"\n           data-src=\"https:\/\/tuffigorapidex.com\/app\/uploads\/2023\/10\/TuffigoRapidex-Elevage-Porcin-Maternite-640x480.jpg\"\n           data-responsive=\"\n          https:\/\/tuffigorapidex.com\/app\/uploads\/2023\/10\/TuffigoRapidex-Elevage-Porcin-Maternite-320x320.jpg 320,\n          https:\/\/tuffigorapidex.com\/app\/uploads\/2023\/10\/TuffigoRapidex-Elevage-Porcin-Maternite-480x480.jpg 480,\n          https:\/\/tuffigorapidex.com\/app\/uploads\/2023\/10\/TuffigoRapidex-Elevage-Porcin-Maternite-768x768.jpg 768,\n          https:\/\/tuffigorapidex.com\/app\/uploads\/2023\/10\/TuffigoRapidex-Elevage-Porcin-Maternite.jpg 960,'\n          https:\/\/tuffigorapidex.com\/app\/uploads\/2023\/10\/TuffigoRapidex-Elevage-Porcin-Maternite.jpg 1200w,'\n          https:\/\/tuffigorapidex.com\/app\/uploads\/2023\/10\/TuffigoRapidex-Elevage-Porcin-Maternite.jpg 1900w\"\n           data-srcset=\"\n          https:\/\/tuffigorapidex.com\/app\/uploads\/2023\/10\/TuffigoRapidex-Elevage-Porcin-Maternite-320x320.jpg 320w,\n          https:\/\/tuffigorapidex.com\/app\/uploads\/2023\/10\/TuffigoRapidex-Elevage-Porcin-Maternite-480x480.jpg 480w,\n          https:\/\/tuffigorapidex.com\/app\/uploads\/2023\/10\/TuffigoRapidex-Elevage-Porcin-Maternite-768x768.jpg 768w,\n          https:\/\/tuffigorapidex.com\/app\/uploads\/2023\/10\/TuffigoRapidex-Elevage-Porcin-Maternite.jpg 960w,\n          https:\/\/tuffigorapidex.com\/app\/uploads\/2023\/10\/TuffigoRapidex-Elevage-Porcin-Maternite.jpg 1200w,\n          https:\/\/tuffigorapidex.com\/app\/uploads\/2023\/10\/TuffigoRapidex-Elevage-Porcin-Maternite.jpg 1900w\"\n           data-sizes=\"auto\">\n        <div class=\"is_loading\" data-responsive-background-image><img width=\"1\" height=\"1\" class=\"img\" alt=\"\"   title=\"TuffigoRapidex-Elevage-Porcin-Maternite\" src=\"https:\/\/tuffigorapidex.com\/app\/uploads\/2023\/10\/TuffigoRapidex-Elevage-Porcin-Maternite-320x320.jpg\" srcset=\"https:\/\/tuffigorapidex.com\/app\/uploads\/2023\/10\/TuffigoRapidex-Elevage-Porcin-Maternite-320x320.jpg 480w,https:\/\/tuffigorapidex.com\/app\/uploads\/2023\/10\/TuffigoRapidex-Elevage-Porcin-Maternite-480x480.jpg 768w,https:\/\/tuffigorapidex.com\/app\/uploads\/2023\/10\/TuffigoRapidex-Elevage-Porcin-Maternite-768x768.jpg 924w,https:\/\/tuffigorapidex.com\/app\/uploads\/2023\/10\/TuffigoRapidex-Elevage-Porcin-Maternite.jpg 1920w\" size=\"100vw\"\/><\/div>\n      <\/div>\n              <h3 class=\"item-title\">\n          T\u00e9moignage Elevage en Maternit\u00e9\n\n        <\/h3>\n      \n      \n        <div class=\"item-link vc_btn3-container vc_btn3-center\">\n          <a class=\"vc_general vc_btn3 vc_btn3-size-md vc_btn3-shape-square vc_btn3-style-classic vc_btn3-color-primary\"\n             target=\"_blank\"\n             href=\"https:\/\/youtu.be\/IVrRfR8tdk8\" title=\"  T\u00e9moignage Elevage en Maternit\u00e9\">En savoir plus<\/a>\n        <\/div>\n          <\/div>\n  <\/div>\n<\/div>\n\n\n<div class=\"swiper-slide grid-item \">\n\n\n  <div class=\"item\">\n\n\n    <div class=\"item-content\">\n      <div class=\"item-img\"\n           data-sub-html=\"\n<h3 class=\\'LGtitle\\'>T\u00e9moignage St\u00e9phane FOUERE<\/h3>\n<p class=\\'LGtext\\'><\/p>\"\n           data-thumb=\"https:\/\/tuffigorapidex.com\/app\/uploads\/2023\/10\/TuffigoRapidex-Elevage-Porcin-StephaneFOUERE-320x320.jpg\"\n           data-src=\"https:\/\/tuffigorapidex.com\/app\/uploads\/2023\/10\/TuffigoRapidex-Elevage-Porcin-StephaneFOUERE-640x480.jpg\"\n           data-responsive=\"\n          https:\/\/tuffigorapidex.com\/app\/uploads\/2023\/10\/TuffigoRapidex-Elevage-Porcin-StephaneFOUERE-320x320.jpg 320,\n          https:\/\/tuffigorapidex.com\/app\/uploads\/2023\/10\/TuffigoRapidex-Elevage-Porcin-StephaneFOUERE-480x480.jpg 480,\n          https:\/\/tuffigorapidex.com\/app\/uploads\/2023\/10\/TuffigoRapidex-Elevage-Porcin-StephaneFOUERE-768x768.jpg 768,\n          https:\/\/tuffigorapidex.com\/app\/uploads\/2023\/10\/TuffigoRapidex-Elevage-Porcin-StephaneFOUERE.jpg 960,'\n          https:\/\/tuffigorapidex.com\/app\/uploads\/2023\/10\/TuffigoRapidex-Elevage-Porcin-StephaneFOUERE.jpg 1200w,'\n          https:\/\/tuffigorapidex.com\/app\/uploads\/2023\/10\/TuffigoRapidex-Elevage-Porcin-StephaneFOUERE.jpg 1900w\"\n           data-srcset=\"\n          https:\/\/tuffigorapidex.com\/app\/uploads\/2023\/10\/TuffigoRapidex-Elevage-Porcin-StephaneFOUERE-320x320.jpg 320w,\n          https:\/\/tuffigorapidex.com\/app\/uploads\/2023\/10\/TuffigoRapidex-Elevage-Porcin-StephaneFOUERE-480x480.jpg 480w,\n          https:\/\/tuffigorapidex.com\/app\/uploads\/2023\/10\/TuffigoRapidex-Elevage-Porcin-StephaneFOUERE-768x768.jpg 768w,\n          https:\/\/tuffigorapidex.com\/app\/uploads\/2023\/10\/TuffigoRapidex-Elevage-Porcin-StephaneFOUERE.jpg 960w,\n          https:\/\/tuffigorapidex.com\/app\/uploads\/2023\/10\/TuffigoRapidex-Elevage-Porcin-StephaneFOUERE.jpg 1200w,\n          https:\/\/tuffigorapidex.com\/app\/uploads\/2023\/10\/TuffigoRapidex-Elevage-Porcin-StephaneFOUERE.jpg 1900w\"\n           data-sizes=\"auto\">\n        <div class=\"is_loading\" data-responsive-background-image><img width=\"1\" height=\"1\" class=\"img\" alt=\"\"   title=\"TuffigoRapidex-Elevage-Porcin-St\u00e9phaneFOUERE\" src=\"https:\/\/tuffigorapidex.com\/app\/uploads\/2023\/10\/TuffigoRapidex-Elevage-Porcin-StephaneFOUERE-320x320.jpg\" srcset=\"https:\/\/tuffigorapidex.com\/app\/uploads\/2023\/10\/TuffigoRapidex-Elevage-Porcin-StephaneFOUERE-320x320.jpg 480w,https:\/\/tuffigorapidex.com\/app\/uploads\/2023\/10\/TuffigoRapidex-Elevage-Porcin-StephaneFOUERE-480x480.jpg 768w,https:\/\/tuffigorapidex.com\/app\/uploads\/2023\/10\/TuffigoRapidex-Elevage-Porcin-StephaneFOUERE-768x768.jpg 924w,https:\/\/tuffigorapidex.com\/app\/uploads\/2023\/10\/TuffigoRapidex-Elevage-Porcin-StephaneFOUERE.jpg 1920w\" size=\"100vw\"\/><\/div>\n      <\/div>\n              <h3 class=\"item-title\">\n          T\u00e9moignage St\u00e9phane FOUERE\n\n        <\/h3>\n      \n      \n        <div class=\"item-link vc_btn3-container vc_btn3-center\">\n          <a class=\"vc_general vc_btn3 vc_btn3-size-md vc_btn3-shape-square vc_btn3-style-classic vc_btn3-color-primary\"\n             target=\"_blank\"\n             href=\"https:\/\/youtu.be\/kceiwnv8VIA\" title=\"  T\u00e9moignage St\u00e9phane FOUERE\">En savoir plus<\/a>\n        <\/div>\n          <\/div>\n  <\/div>\n<\/div>\n\n\n\n<\/div>\n<\/div>\n<div class=\"swiper-button-prev\"><i class=\"icon-circle-carret-left\"><\/i><\/div>\n<div class=\"swiper-button-next\"><i class=\"icon-circle-carret-right\"><\/i><\/div><\/div><p>[\/vc_column][\/vc_row]<\/p>","protected":false},"excerpt":{"rendered":"<p>[vc_row][vc_column][\/vc_column][\/vc_row][vc_row equal_height=\u00a0\u00bbyes\u00a0\u00bb content_placement=\u00a0\u00bbtop\u00a0\u00bb][vc_column <span class=\"more\">...<\/span>","protected":false},"author":6,"featured_media":0,"parent":36,"menu_order":0,"comment_status":"closed","ping_status":"closed","template":"views\/template-sous-univers.blade.php","meta":{"inline_featured_image":false},"acf":[],"yoast_head":"<!-- This site is optimized with the Yoast SEO plugin v21.3 - https:\/\/yoast.com\/wordpress\/plugins\/seo\/ -->\n<title>Nos gammes de produits porc | Tuffigo Rapidex<\/title>\n<meta name=\"robots\" content=\"index, follow, max-snippet:-1, max-image-preview:large, max-video-preview:-1\" \/>\n<link rel=\"canonical\" href=\"https:\/\/tuffigorapidex.com\/fr\/solutions-par-especes\/porc\/nos-gammes-de-produits\/\" \/>\n<meta property=\"og:locale\" content=\"fr_FR\" \/>\n<meta property=\"og:type\" content=\"article\" \/>\n<meta property=\"og:title\" content=\"Nos gammes de produits porc | Tuffigo Rapidex\" \/>\n<meta property=\"og:description\" content=\"[vc_row][vc_column][\/vc_column][\/vc_row][vc_row equal_height=\u00a0\u00bbyes\u00a0\u00bb content_placement=\u00a0\u00bbtop\u00a0\u00bb][vc_column width=\u00a0\u00bb1\/3&Prime; css=\u00a0\u00bb.vc_custom_1676972977127{margin-bottom: 0px !important;}\u00a0\u00bb][\/vc_column][vc_column width=\u00a0\u00bb1\/3&Prime;][\/vc_column][vc_column width=\u00a0\u00bb1\/3&Prime;][\/vc_column][\/vc_row][vc_row equal_height=\u00a0\u00bbyes\u00a0\u00bb content_placement=\u00a0\u00bbtop\u00a0\u00bb][vc_column width=\u00a0\u00bb1\/3&Prime;][\/vc_column][vc_column width=\u00a0\u00bb1\/3&Prime;][\/vc_column][vc_column width=\u00a0\u00bb1\/3&Prime;][\/vc_column][\/vc_row][vc_row][vc_column][vc_single_image image=\u00a0\u00bb1827&Prime; img_size=\u00a0\u00bblarge\u00a0\u00bb alignment=\u00a0\u00bbcenter\u00a0\u00bb][\/vc_column][\/vc_row][vc_row][vc_column][\/vc_column][\/vc_row]\" \/>\n<meta property=\"og:url\" content=\"https:\/\/tuffigorapidex.com\/fr\/solutions-par-especes\/porc\/nos-gammes-de-produits\/\" \/>\n<meta property=\"og:site_name\" content=\"Tuffigo Rapidex\" \/>\n<meta property=\"article:publisher\" content=\"https:\/\/www.facebook.com\/tuffigorapidexsas\/\" \/>\n<meta property=\"article:modified_time\" content=\"2025-09-18T12:08:30+00:00\" \/>\n<meta property=\"og:image\" content=\"https:\/\/tuffigorapidex.com\/app\/uploads\/2023\/12\/TUFFIGO-logo.png\" \/>\n\t<meta property=\"og:image:width\" content=\"188\" \/>\n\t<meta property=\"og:image:height\" content=\"184\" \/>\n\t<meta property=\"og:image:type\" content=\"image\/png\" \/>\n<meta name=\"twitter:card\" content=\"summary_large_image\" \/>\n<meta name=\"twitter:label1\" content=\"Dur\u00e9e de lecture estim\u00e9e\" \/>\n\t<meta name=\"twitter:data1\" content=\"1 minute\" \/>\n<script type=\"application\/ld+json\" class=\"yoast-schema-graph\">{\"@context\":\"https:\/\/schema.org\",\"@graph\":[{\"@type\":\"WebPage\",\"@id\":\"https:\/\/tuffigorapidex.com\/fr\/solutions-par-especes\/porc\/nos-gammes-de-produits\/\",\"url\":\"https:\/\/tuffigorapidex.com\/fr\/solutions-par-especes\/porc\/nos-gammes-de-produits\/\",\"name\":\"Nos gammes de produits porc | Tuffigo Rapidex\",\"isPartOf\":{\"@id\":\"https:\/\/tuffigorapidex.com\/fr\/#website\"},\"datePublished\":\"2022-12-13T10:32:09+00:00\",\"dateModified\":\"2025-09-18T12:08:30+00:00\",\"breadcrumb\":{\"@id\":\"https:\/\/tuffigorapidex.com\/fr\/solutions-par-especes\/porc\/nos-gammes-de-produits\/#breadcrumb\"},\"inLanguage\":\"fr-FR\",\"potentialAction\":[{\"@type\":\"ReadAction\",\"target\":[\"https:\/\/tuffigorapidex.com\/fr\/solutions-par-especes\/porc\/nos-gammes-de-produits\/\"]}]},{\"@type\":\"BreadcrumbList\",\"@id\":\"https:\/\/tuffigorapidex.com\/fr\/solutions-par-especes\/porc\/nos-gammes-de-produits\/#breadcrumb\",\"itemListElement\":[{\"@type\":\"ListItem\",\"position\":1,\"name\":\"Accueil\",\"item\":\"https:\/\/tuffigorapidex.com\/fr\/\"},{\"@type\":\"ListItem\",\"position\":2,\"name\":\"Solutions par esp\u00e8ce\",\"item\":\"https:\/\/tuffigorapidex.com\/fr\/solutions-par-especes\/\"},{\"@type\":\"ListItem\",\"position\":3,\"name\":\"Porc\",\"item\":\"https:\/\/tuffigorapidex.com\/fr\/solutions-par-especes\/porc\/\"},{\"@type\":\"ListItem\",\"position\":4,\"name\":\"Nos gammes de produits porc\"}]},{\"@type\":\"WebSite\",\"@id\":\"https:\/\/tuffigorapidex.com\/fr\/#website\",\"url\":\"https:\/\/tuffigorapidex.com\/fr\/\",\"name\":\"TUFFIGO RAPIDEX\",\"description\":\"Leader fran\u00e7ais des \u00e9quipements d&#039;\u00e9levage hors sol\",\"publisher\":{\"@id\":\"https:\/\/tuffigorapidex.com\/fr\/#organization\"},\"potentialAction\":[{\"@type\":\"SearchAction\",\"target\":{\"@type\":\"EntryPoint\",\"urlTemplate\":\"https:\/\/tuffigorapidex.com\/fr\/?s={search_term_string}\"},\"query-input\":\"required name=search_term_string\"}],\"inLanguage\":\"fr-FR\"},{\"@type\":\"Organization\",\"@id\":\"https:\/\/tuffigorapidex.com\/fr\/#organization\",\"name\":\"Tuffigo Rapidex\",\"url\":\"https:\/\/tuffigorapidex.com\/fr\/\",\"logo\":{\"@type\":\"ImageObject\",\"inLanguage\":\"fr-FR\",\"@id\":\"https:\/\/tuffigorapidex.com\/fr\/#\/schema\/logo\/image\/\",\"url\":\"https:\/\/tuffigorapidex.com\/app\/uploads\/2023\/12\/TUFFIGO-logo.png\",\"contentUrl\":\"https:\/\/tuffigorapidex.com\/app\/uploads\/2023\/12\/TUFFIGO-logo.png\",\"width\":188,\"height\":184,\"caption\":\"Tuffigo Rapidex\"},\"image\":{\"@id\":\"https:\/\/tuffigorapidex.com\/fr\/#\/schema\/logo\/image\/\"},\"sameAs\":[\"https:\/\/www.facebook.com\/tuffigorapidexsas\/\"]}]}<\/script>\n<!-- \/ Yoast SEO plugin. -->","yoast_head_json":{"title":"Nos gammes de produits porc | Tuffigo Rapidex","robots":{"index":"index","follow":"follow","max-snippet":"max-snippet:-1","max-image-preview":"max-image-preview:large","max-video-preview":"max-video-preview:-1"},"canonical":"https:\/\/tuffigorapidex.com\/fr\/solutions-par-especes\/porc\/nos-gammes-de-produits\/","og_locale":"fr_FR","og_type":"article","og_title":"Nos gammes de produits porc | Tuffigo Rapidex","og_description":"[vc_row][vc_column][\/vc_column][\/vc_row][vc_row equal_height=\u00a0\u00bbyes\u00a0\u00bb content_placement=\u00a0\u00bbtop\u00a0\u00bb][vc_column width=\u00a0\u00bb1\/3&Prime; css=\u00a0\u00bb.vc_custom_1676972977127{margin-bottom: 0px !important;}\u00a0\u00bb][\/vc_column][vc_column width=\u00a0\u00bb1\/3&Prime;][\/vc_column][vc_column width=\u00a0\u00bb1\/3&Prime;][\/vc_column][\/vc_row][vc_row equal_height=\u00a0\u00bbyes\u00a0\u00bb content_placement=\u00a0\u00bbtop\u00a0\u00bb][vc_column width=\u00a0\u00bb1\/3&Prime;][\/vc_column][vc_column width=\u00a0\u00bb1\/3&Prime;][\/vc_column][vc_column width=\u00a0\u00bb1\/3&Prime;][\/vc_column][\/vc_row][vc_row][vc_column][vc_single_image image=\u00a0\u00bb1827&Prime; img_size=\u00a0\u00bblarge\u00a0\u00bb alignment=\u00a0\u00bbcenter\u00a0\u00bb][\/vc_column][\/vc_row][vc_row][vc_column][\/vc_column][\/vc_row]","og_url":"https:\/\/tuffigorapidex.com\/fr\/solutions-par-especes\/porc\/nos-gammes-de-produits\/","og_site_name":"Tuffigo Rapidex","article_publisher":"https:\/\/www.facebook.com\/tuffigorapidexsas\/","article_modified_time":"2025-09-18T12:08:30+00:00","og_image":[{"width":188,"height":184,"url":"https:\/\/tuffigorapidex.com\/app\/uploads\/2023\/12\/TUFFIGO-logo.png","type":"image\/png"}],"twitter_card":"summary_large_image","twitter_misc":{"Dur\u00e9e de lecture estim\u00e9e":"1 minute"},"schema":{"@context":"https:\/\/schema.org","@graph":[{"@type":"WebPage","@id":"https:\/\/tuffigorapidex.com\/fr\/solutions-par-especes\/porc\/nos-gammes-de-produits\/","url":"https:\/\/tuffigorapidex.com\/fr\/solutions-par-especes\/porc\/nos-gammes-de-produits\/","name":"Nos gammes de produits porc | Tuffigo Rapidex","isPartOf":{"@id":"https:\/\/tuffigorapidex.com\/fr\/#website"},"datePublished":"2022-12-13T10:32:09+00:00","dateModified":"2025-09-18T12:08:30+00:00","breadcrumb":{"@id":"https:\/\/tuffigorapidex.com\/fr\/solutions-par-especes\/porc\/nos-gammes-de-produits\/#breadcrumb"},"inLanguage":"fr-FR","potentialAction":[{"@type":"ReadAction","target":["https:\/\/tuffigorapidex.com\/fr\/solutions-par-especes\/porc\/nos-gammes-de-produits\/"]}]},{"@type":"BreadcrumbList","@id":"https:\/\/tuffigorapidex.com\/fr\/solutions-par-especes\/porc\/nos-gammes-de-produits\/#breadcrumb","itemListElement":[{"@type":"ListItem","position":1,"name":"Accueil","item":"https:\/\/tuffigorapidex.com\/fr\/"},{"@type":"ListItem","position":2,"name":"Solutions par esp\u00e8ce","item":"https:\/\/tuffigorapidex.com\/fr\/solutions-par-especes\/"},{"@type":"ListItem","position":3,"name":"Porc","item":"https:\/\/tuffigorapidex.com\/fr\/solutions-par-especes\/porc\/"},{"@type":"ListItem","position":4,"name":"Nos gammes de produits porc"}]},{"@type":"WebSite","@id":"https:\/\/tuffigorapidex.com\/fr\/#website","url":"https:\/\/tuffigorapidex.com\/fr\/","name":"TUFFIGO RAPIDEX","description":"Leader fran\u00e7ais des \u00e9quipements d&#039;\u00e9levage hors sol","publisher":{"@id":"https:\/\/tuffigorapidex.com\/fr\/#organization"},"potentialAction":[{"@type":"SearchAction","target":{"@type":"EntryPoint","urlTemplate":"https:\/\/tuffigorapidex.com\/fr\/?s={search_term_string}"},"query-input":"required name=search_term_string"}],"inLanguage":"fr-FR"},{"@type":"Organization","@id":"https:\/\/tuffigorapidex.com\/fr\/#organization","name":"Tuffigo Rapidex","url":"https:\/\/tuffigorapidex.com\/fr\/","logo":{"@type":"ImageObject","inLanguage":"fr-FR","@id":"https:\/\/tuffigorapidex.com\/fr\/#\/schema\/logo\/image\/","url":"https:\/\/tuffigorapidex.com\/app\/uploads\/2023\/12\/TUFFIGO-logo.png","contentUrl":"https:\/\/tuffigorapidex.com\/app\/uploads\/2023\/12\/TUFFIGO-logo.png","width":188,"height":184,"caption":"Tuffigo Rapidex"},"image":{"@id":"https:\/\/tuffigorapidex.com\/fr\/#\/schema\/logo\/image\/"},"sameAs":["https:\/\/www.facebook.com\/tuffigorapidexsas\/"]}]}},"_links":{"self":[{"href":"https:\/\/tuffigorapidex.com\/fr\/wp-json\/wp\/v2\/pages\/1822"}],"collection":[{"href":"https:\/\/tuffigorapidex.com\/fr\/wp-json\/wp\/v2\/pages"}],"about":[{"href":"https:\/\/tuffigorapidex.com\/fr\/wp-json\/wp\/v2\/types\/page"}],"author":[{"embeddable":true,"href":"https:\/\/tuffigorapidex.com\/fr\/wp-json\/wp\/v2\/users\/6"}],"replies":[{"embeddable":true,"href":"https:\/\/tuffigorapidex.com\/fr\/wp-json\/wp\/v2\/comments?post=1822"}],"version-history":[{"count":28,"href":"https:\/\/tuffigorapidex.com\/fr\/wp-json\/wp\/v2\/pages\/1822\/revisions"}],"predecessor-version":[{"id":7588,"href":"https:\/\/tuffigorapidex.com\/fr\/wp-json\/wp\/v2\/pages\/1822\/revisions\/7588"}],"up":[{"embeddable":true,"href":"https:\/\/tuffigorapidex.com\/fr\/wp-json\/wp\/v2\/pages\/36"}],"wp:attachment":[{"href":"https:\/\/tuffigorapidex.com\/fr\/wp-json\/wp\/v2\/media?parent=1822"}],"curies":[{"name":"wp","href":"https:\/\/api.w.org\/{rel}","templated":true}]}}