{"id":2455,"date":"2023-05-23T15:02:52","date_gmt":"2023-05-23T15:02:52","guid":{"rendered":"http:\/\/tuffigorapidex.orinoko.fr\/?page_id=2455"},"modified":"2024-11-25T21:03:39","modified_gmt":"2024-11-25T21:03:39","slug":"nos-valeurs-nos-ambitions-notre-vision","status":"publish","type":"page","link":"https:\/\/tuffigorapidex.com\/fr\/nos-valeurs-nos-ambitions-notre-vision\/","title":{"rendered":"Nos valeurs \/ Ambitions \/ Vision"},"content":{"rendered":"<p>[vc_row][vc_column width=\u00a0\u00bb1\/2&Prime;][vc_custom_heading text=\u00a0\u00bbNotre ##vision##\u00a0\u00bb][vc_column_text]<\/p><p>Notre ambition est d\u2019accompagner les \u00e9leveurs du monde entier \u00e0 relever leurs d\u00e9fis : r\u00e9pondre aux besoins alimentaires <!--more-->de 8 milliards d\u2019\u00eatres humains en respectant le bien-\u00eatre animal et l\u2019environnement tout en assurant une production de qualit\u00e9 et des performances \u00e9conomiques optimis\u00e9es.<\/p><p>&nbsp;<\/p><p>[\/vc_column_text][\/vc_column][vc_column width=\u00a0\u00bb1\/2&Prime;][vc_single_image image=\u00a0\u00bb3468&Prime; img_size=\u00a0\u00bb400&#215;300&Prime; alignment=\u00a0\u00bbcenter\u00a0\u00bb style=\u00a0\u00bbvc_box_rounded\u00a0\u00bb][\/vc_column][\/vc_row][vc_row el_class=\u00a0\u00bbswap-on-mobile\u00a0\u00bb][vc_column width=\u00a0\u00bb1\/2&Prime;][vc_single_image image=\u00a0\u00bb3459&Prime; img_size=\u00a0\u00bb400&#215;300&Prime; alignment=\u00a0\u00bbcenter\u00a0\u00bb style=\u00a0\u00bbvc_box_rounded\u00a0\u00bb][\/vc_column][vc_column width=\u00a0\u00bb1\/2&Prime;][vc_custom_heading text=\u00a0\u00bbUne ##mission##\u00a0\u00bb][vc_column_text]<\/p><p>Tuffigo Rapidex s\u2019est donn\u00e9 pour mission d\u2019imaginer, de concevoir et de produire des solutions durables d\u2019alimentation et de ventilation qui r\u00e9pondent aux exigences de chaque march\u00e9.<\/p><p>Nos d\u00e9veloppements de produits et de concepts vous fournissent tous les moyens n\u00e9cessaires \u00e0 la prise de d\u00e9cision rapide et \u00e0 l\u2019am\u00e9lioration des performances de votre installation et du bien-\u00eatre des animaux.<\/p><p>Nos enjeux :<br \/>&#8211; Vous donner les moyens d\u2019atteindre vos objectifs.<\/p><p>&#8211; Vous apporter de la s\u00e9r\u00e9nit\u00e9 dans votre quotidien d\u2019\u00e9leveur.<\/p><p>&#8211; Am\u00e9liorer les performances \u00e9conomiques et qualitatives de votre \u00e9levage.<\/p><p>[\/vc_column_text][\/vc_column][\/vc_row][vc_row][vc_column width=\u00a0\u00bb1\/2&Prime;][vc_custom_heading text=\u00a0\u00bbNotre ##savoir faire##\u00a0\u00bb][vc_column_text]<\/p><p>Bas\u00e9s sur l\u2019innovation constante, sa strat\u00e9gie et son d\u00e9veloppement s\u2019appuient sur la forte compl\u00e9mentarit\u00e9 des m\u00e9tiers de ses filiales rassemblant des expertises dans l\u2019\u00e9lectronique, l\u2019\u00e9lectricit\u00e9, la chaudronnerie, les mat\u00e9riaux composites et la plasturgie.<\/p><p>[\/vc_column_text][vc_column_text]<\/p><p>Cette polycomp\u00e9tence lui permet aujourd\u2019hui d\u2019\u00eatre pionnier et expert en \u00e9quipements aux technologies novatrices, accessibles et performantes. Interlocuteur unique, la soci\u00e9t\u00e9 Tuffigo Rapidex d\u00e9veloppe au travers de son bureau d\u2019\u00e9tudes des produits \u00e0 la fiabilit\u00e9 reconnue diffus\u00e9s via ses \u00e9quipes commerciales en France et \u00e0 l\u2019international.<\/p><p>[\/vc_column_text][\/vc_column][vc_column width=\u00a0\u00bb1\/2&Prime;][vc_single_image image=\u00a0\u00bb3463&Prime; img_size=\u00a0\u00bb400&#215;300&Prime; alignment=\u00a0\u00bbcenter\u00a0\u00bb style=\u00a0\u00bbvc_box_rounded\u00a0\u00bb][\/vc_column][\/vc_row]<\/p>","protected":false},"excerpt":{"rendered":"<p>[vc_row][vc_column width=\u00a0\u00bb1\/2&Prime;][vc_custom_heading text=\u00a0\u00bbNotre ##vision##\u00a0\u00bb][vc_column_text]Notre <span class=\"more\">...<\/span>","protected":false},"author":6,"featured_media":0,"parent":0,"menu_order":110,"comment_status":"closed","ping_status":"closed","template":"","meta":{"inline_featured_image":false},"acf":[],"yoast_head":"<!-- This site is optimized with the Yoast SEO plugin v21.3 - https:\/\/yoast.com\/wordpress\/plugins\/seo\/ -->\n<title>Nos valeurs \/ Ambitions \/ Vision | Tuffigo Rapidex<\/title>\n<meta name=\"robots\" content=\"index, follow, max-snippet:-1, max-image-preview:large, max-video-preview:-1\" \/>\n<link rel=\"canonical\" href=\"https:\/\/tuffigorapidex.com\/fr\/nos-valeurs-nos-ambitions-notre-vision\/\" \/>\n<meta property=\"og:locale\" content=\"fr_FR\" \/>\n<meta property=\"og:type\" content=\"article\" \/>\n<meta property=\"og:title\" content=\"Nos valeurs \/ Ambitions \/ Vision | Tuffigo Rapidex\" \/>\n<meta property=\"og:description\" content=\"[vc_row][vc_column width=\u00a0\u00bb1\/2&Prime;][vc_custom_heading text=\u00a0\u00bbNotre ##vision##\u00a0\u00bb][vc_column_text]Notre ambition est d\u2019accompagner les \u00e9leveurs du monde entier \u00e0 relever leurs d\u00e9fis : r\u00e9pondre aux besoins\" \/>\n<meta property=\"og:url\" content=\"https:\/\/tuffigorapidex.com\/fr\/nos-valeurs-nos-ambitions-notre-vision\/\" \/>\n<meta property=\"og:site_name\" content=\"Tuffigo Rapidex\" \/>\n<meta property=\"article:publisher\" content=\"https:\/\/www.facebook.com\/tuffigorapidexsas\/\" \/>\n<meta property=\"article:modified_time\" content=\"2024-11-25T21:03:39+00:00\" \/>\n<meta property=\"og:image\" content=\"https:\/\/tuffigorapidex.com\/app\/uploads\/2023\/12\/TUFFIGO-logo.png\" \/>\n\t<meta property=\"og:image:width\" content=\"188\" \/>\n\t<meta property=\"og:image:height\" content=\"184\" \/>\n\t<meta property=\"og:image:type\" content=\"image\/png\" \/>\n<meta name=\"twitter:card\" content=\"summary_large_image\" \/>\n<meta name=\"twitter:label1\" content=\"Dur\u00e9e de lecture estim\u00e9e\" \/>\n\t<meta name=\"twitter:data1\" content=\"2 minutes\" \/>\n<script type=\"application\/ld+json\" class=\"yoast-schema-graph\">{\"@context\":\"https:\/\/schema.org\",\"@graph\":[{\"@type\":\"WebPage\",\"@id\":\"https:\/\/tuffigorapidex.com\/fr\/nos-valeurs-nos-ambitions-notre-vision\/\",\"url\":\"https:\/\/tuffigorapidex.com\/fr\/nos-valeurs-nos-ambitions-notre-vision\/\",\"name\":\"Nos valeurs \/ Ambitions \/ Vision | Tuffigo Rapidex\",\"isPartOf\":{\"@id\":\"https:\/\/tuffigorapidex.com\/fr\/#website\"},\"datePublished\":\"2023-05-23T15:02:52+00:00\",\"dateModified\":\"2024-11-25T21:03:39+00:00\",\"breadcrumb\":{\"@id\":\"https:\/\/tuffigorapidex.com\/fr\/nos-valeurs-nos-ambitions-notre-vision\/#breadcrumb\"},\"inLanguage\":\"fr-FR\",\"potentialAction\":[{\"@type\":\"ReadAction\",\"target\":[\"https:\/\/tuffigorapidex.com\/fr\/nos-valeurs-nos-ambitions-notre-vision\/\"]}]},{\"@type\":\"BreadcrumbList\",\"@id\":\"https:\/\/tuffigorapidex.com\/fr\/nos-valeurs-nos-ambitions-notre-vision\/#breadcrumb\",\"itemListElement\":[{\"@type\":\"ListItem\",\"position\":1,\"name\":\"Accueil\",\"item\":\"https:\/\/tuffigorapidex.com\/fr\/\"},{\"@type\":\"ListItem\",\"position\":2,\"name\":\"Nos valeurs \/ Ambitions \/ Vision\"}]},{\"@type\":\"WebSite\",\"@id\":\"https:\/\/tuffigorapidex.com\/fr\/#website\",\"url\":\"https:\/\/tuffigorapidex.com\/fr\/\",\"name\":\"TUFFIGO RAPIDEX\",\"description\":\"Leader fran\u00e7ais des \u00e9quipements d&#039;\u00e9levage hors sol\",\"publisher\":{\"@id\":\"https:\/\/tuffigorapidex.com\/fr\/#organization\"},\"potentialAction\":[{\"@type\":\"SearchAction\",\"target\":{\"@type\":\"EntryPoint\",\"urlTemplate\":\"https:\/\/tuffigorapidex.com\/fr\/?s={search_term_string}\"},\"query-input\":\"required name=search_term_string\"}],\"inLanguage\":\"fr-FR\"},{\"@type\":\"Organization\",\"@id\":\"https:\/\/tuffigorapidex.com\/fr\/#organization\",\"name\":\"Tuffigo Rapidex\",\"url\":\"https:\/\/tuffigorapidex.com\/fr\/\",\"logo\":{\"@type\":\"ImageObject\",\"inLanguage\":\"fr-FR\",\"@id\":\"https:\/\/tuffigorapidex.com\/fr\/#\/schema\/logo\/image\/\",\"url\":\"https:\/\/tuffigorapidex.com\/app\/uploads\/2023\/12\/TUFFIGO-logo.png\",\"contentUrl\":\"https:\/\/tuffigorapidex.com\/app\/uploads\/2023\/12\/TUFFIGO-logo.png\",\"width\":188,\"height\":184,\"caption\":\"Tuffigo Rapidex\"},\"image\":{\"@id\":\"https:\/\/tuffigorapidex.com\/fr\/#\/schema\/logo\/image\/\"},\"sameAs\":[\"https:\/\/www.facebook.com\/tuffigorapidexsas\/\"]}]}<\/script>\n<!-- \/ Yoast SEO plugin. -->","yoast_head_json":{"title":"Nos valeurs \/ Ambitions \/ Vision | Tuffigo Rapidex","robots":{"index":"index","follow":"follow","max-snippet":"max-snippet:-1","max-image-preview":"max-image-preview:large","max-video-preview":"max-video-preview:-1"},"canonical":"https:\/\/tuffigorapidex.com\/fr\/nos-valeurs-nos-ambitions-notre-vision\/","og_locale":"fr_FR","og_type":"article","og_title":"Nos valeurs \/ Ambitions \/ Vision | Tuffigo Rapidex","og_description":"[vc_row][vc_column width=\u00a0\u00bb1\/2&Prime;][vc_custom_heading text=\u00a0\u00bbNotre ##vision##\u00a0\u00bb][vc_column_text]Notre ambition est d\u2019accompagner les \u00e9leveurs du monde entier \u00e0 relever leurs d\u00e9fis : r\u00e9pondre aux besoins","og_url":"https:\/\/tuffigorapidex.com\/fr\/nos-valeurs-nos-ambitions-notre-vision\/","og_site_name":"Tuffigo Rapidex","article_publisher":"https:\/\/www.facebook.com\/tuffigorapidexsas\/","article_modified_time":"2024-11-25T21:03:39+00:00","og_image":[{"width":188,"height":184,"url":"https:\/\/tuffigorapidex.com\/app\/uploads\/2023\/12\/TUFFIGO-logo.png","type":"image\/png"}],"twitter_card":"summary_large_image","twitter_misc":{"Dur\u00e9e de lecture estim\u00e9e":"2 minutes"},"schema":{"@context":"https:\/\/schema.org","@graph":[{"@type":"WebPage","@id":"https:\/\/tuffigorapidex.com\/fr\/nos-valeurs-nos-ambitions-notre-vision\/","url":"https:\/\/tuffigorapidex.com\/fr\/nos-valeurs-nos-ambitions-notre-vision\/","name":"Nos valeurs \/ Ambitions \/ Vision | Tuffigo Rapidex","isPartOf":{"@id":"https:\/\/tuffigorapidex.com\/fr\/#website"},"datePublished":"2023-05-23T15:02:52+00:00","dateModified":"2024-11-25T21:03:39+00:00","breadcrumb":{"@id":"https:\/\/tuffigorapidex.com\/fr\/nos-valeurs-nos-ambitions-notre-vision\/#breadcrumb"},"inLanguage":"fr-FR","potentialAction":[{"@type":"ReadAction","target":["https:\/\/tuffigorapidex.com\/fr\/nos-valeurs-nos-ambitions-notre-vision\/"]}]},{"@type":"BreadcrumbList","@id":"https:\/\/tuffigorapidex.com\/fr\/nos-valeurs-nos-ambitions-notre-vision\/#breadcrumb","itemListElement":[{"@type":"ListItem","position":1,"name":"Accueil","item":"https:\/\/tuffigorapidex.com\/fr\/"},{"@type":"ListItem","position":2,"name":"Nos valeurs \/ Ambitions \/ Vision"}]},{"@type":"WebSite","@id":"https:\/\/tuffigorapidex.com\/fr\/#website","url":"https:\/\/tuffigorapidex.com\/fr\/","name":"TUFFIGO RAPIDEX","description":"Leader fran\u00e7ais des \u00e9quipements d&#039;\u00e9levage hors sol","publisher":{"@id":"https:\/\/tuffigorapidex.com\/fr\/#organization"},"potentialAction":[{"@type":"SearchAction","target":{"@type":"EntryPoint","urlTemplate":"https:\/\/tuffigorapidex.com\/fr\/?s={search_term_string}"},"query-input":"required name=search_term_string"}],"inLanguage":"fr-FR"},{"@type":"Organization","@id":"https:\/\/tuffigorapidex.com\/fr\/#organization","name":"Tuffigo Rapidex","url":"https:\/\/tuffigorapidex.com\/fr\/","logo":{"@type":"ImageObject","inLanguage":"fr-FR","@id":"https:\/\/tuffigorapidex.com\/fr\/#\/schema\/logo\/image\/","url":"https:\/\/tuffigorapidex.com\/app\/uploads\/2023\/12\/TUFFIGO-logo.png","contentUrl":"https:\/\/tuffigorapidex.com\/app\/uploads\/2023\/12\/TUFFIGO-logo.png","width":188,"height":184,"caption":"Tuffigo Rapidex"},"image":{"@id":"https:\/\/tuffigorapidex.com\/fr\/#\/schema\/logo\/image\/"},"sameAs":["https:\/\/www.facebook.com\/tuffigorapidexsas\/"]}]}},"_links":{"self":[{"href":"https:\/\/tuffigorapidex.com\/fr\/wp-json\/wp\/v2\/pages\/2455"}],"collection":[{"href":"https:\/\/tuffigorapidex.com\/fr\/wp-json\/wp\/v2\/pages"}],"about":[{"href":"https:\/\/tuffigorapidex.com\/fr\/wp-json\/wp\/v2\/types\/page"}],"author":[{"embeddable":true,"href":"https:\/\/tuffigorapidex.com\/fr\/wp-json\/wp\/v2\/users\/6"}],"replies":[{"embeddable":true,"href":"https:\/\/tuffigorapidex.com\/fr\/wp-json\/wp\/v2\/comments?post=2455"}],"version-history":[{"count":14,"href":"https:\/\/tuffigorapidex.com\/fr\/wp-json\/wp\/v2\/pages\/2455\/revisions"}],"predecessor-version":[{"id":4610,"href":"https:\/\/tuffigorapidex.com\/fr\/wp-json\/wp\/v2\/pages\/2455\/revisions\/4610"}],"wp:attachment":[{"href":"https:\/\/tuffigorapidex.com\/fr\/wp-json\/wp\/v2\/media?parent=2455"}],"curies":[{"name":"wp","href":"https:\/\/api.w.org\/{rel}","templated":true}]}}