{"id":2463,"date":"2023-05-23T15:08:16","date_gmt":"2023-05-23T15:08:16","guid":{"rendered":"http:\/\/tuffigorapidex.orinoko.fr\/?page_id=2463"},"modified":"2024-11-04T22:54:59","modified_gmt":"2024-11-04T22:54:59","slug":"le-groupe-christien-defi","status":"publish","type":"page","link":"https:\/\/tuffigorapidex.com\/fr\/le-groupe-christien-defi\/","title":{"rendered":"Le groupe Christien D\u00e9fi"},"content":{"rendered":"<p>[vc_row][vc_column][vc_custom_heading text=\u00a0\u00bbUne histoire et une exp\u00e9rience ##\u00e0 votre service##\u00a0\u00bb font_container=\u00a0\u00bbtag:h2|text_align:center\u00a0\u00bb][vc_row_inner][vc_column_inner width=\u00a0\u00bb1\/4&Prime;][\/vc_column_inner][vc_column_inner width=\u00a0\u00bb1\/4&Prime;][\/vc_column_inner][vc_column_inner width=\u00a0\u00bb1\/4&Prime;][\/vc_column_inner][vc_column_inner width=\u00a0\u00bb1\/4&Prime;][\/vc_column_inner][\/vc_row_inner][vc_row_inner][vc_column_inner width=\u00a0\u00bb1\/6&Prime;][\/vc_column_inner][vc_column_inner width=\u00a0\u00bb4\/6&Prime;][vc_column_text]<\/p><p><strong>Tuffigo Rapidex fait partie du groupe industriel Christien D\u00e9fi, compos\u00e9 de cinq autres soci\u00e9t\u00e9s : Cidex Chaudronnerie, Cidex Composite, Plastigraf, Stibel CST et Sabel (Tunisie).<\/strong><\/p><p>[\/vc_column_text][vc_column_text]<\/p><p>Le groupe exerce depuis ses origines son savoir-faire et ses comp\u00e9tences dans des m\u00e9tiers\u00a0compl\u00e9mentaires comme les mat\u00e9riaux composites, la plasturgie, la chaudronnerie, l\u2019\u00e9lectronique ou les solutions pour \u00e9levages. Il a su faire preuve tout au long de son histoire d\u2019une parfaite adaptabilit\u00e9 aux \u00e9volutions des march\u00e9s et a toujours eu \u00e0 c\u0153ur de r\u00e9pondre aux besoins de chacun de ses clients, en France et \u00e0 l\u2019international. Tout en respectant des valeurs humaines et de proximit\u00e9 qui font la force de ce groupe familial.<\/p><p>[\/vc_column_text][\/vc_column_inner][vc_column_inner width=\u00a0\u00bb1\/6&Prime;][\/vc_column_inner][\/vc_row_inner][\/vc_column][\/vc_row]<\/p>","protected":false},"excerpt":{"rendered":"<p>[vc_row][vc_column][vc_custom_heading text=\u00a0\u00bbUne histoire et une exp\u00e9rience ##\u00e0 votre service##\u00a0\u00bb <span class=\"more\">...<\/span>","protected":false},"author":6,"featured_media":0,"parent":0,"menu_order":140,"comment_status":"closed","ping_status":"closed","template":"views\/template-history.blade.php","meta":{"inline_featured_image":false},"acf":[],"yoast_head":"<!-- This site is optimized with the Yoast SEO plugin v21.3 - https:\/\/yoast.com\/wordpress\/plugins\/seo\/ -->\n<title>Le groupe Christien D\u00e9fi | Tuffigo Rapidex<\/title>\n<meta name=\"robots\" content=\"index, follow, max-snippet:-1, max-image-preview:large, max-video-preview:-1\" \/>\n<link rel=\"canonical\" href=\"https:\/\/tuffigorapidex.com\/fr\/le-groupe-christien-defi\/\" \/>\n<meta property=\"og:locale\" content=\"fr_FR\" \/>\n<meta property=\"og:type\" content=\"article\" \/>\n<meta property=\"og:title\" content=\"Le groupe Christien D\u00e9fi | Tuffigo Rapidex\" \/>\n<meta property=\"og:description\" content=\"[vc_row][vc_column][vc_custom_heading text=\u00a0\u00bbUne histoire et une exp\u00e9rience ##\u00e0 votre service##\u00a0\u00bb font_container=\u00a0\u00bbtag:h2|text_align:center\u00a0\u00bb][vc_row_inner][vc_column_inner width=\u00a0\u00bb1\/4&Prime;][\/vc_column_inner][vc_column_inner width=\u00a0\u00bb1\/4&Prime;][\/vc_column_inner][vc_column_inner width=\u00a0\u00bb1\/4&Prime;][\/vc_column_inner][vc_column_inner width=\u00a0\u00bb1\/4&Prime;][\/vc_column_inner][\/vc_row_inner][vc_row_inner][vc_column_inner width=\u00a0\u00bb1\/6&Prime;][\/vc_column_inner][vc_column_inner width=\u00a0\u00bb4\/6&Prime;][vc_column_text]Tuffigo Rapidex fait partie du\" \/>\n<meta property=\"og:url\" content=\"https:\/\/tuffigorapidex.com\/fr\/le-groupe-christien-defi\/\" \/>\n<meta property=\"og:site_name\" content=\"Tuffigo Rapidex\" \/>\n<meta property=\"article:publisher\" content=\"https:\/\/www.facebook.com\/tuffigorapidexsas\/\" \/>\n<meta property=\"article:modified_time\" content=\"2024-11-04T22:54:59+00:00\" \/>\n<meta property=\"og:image\" content=\"https:\/\/tuffigorapidex.com\/app\/uploads\/2023\/12\/TUFFIGO-logo.png\" \/>\n\t<meta property=\"og:image:width\" content=\"188\" \/>\n\t<meta property=\"og:image:height\" content=\"184\" \/>\n\t<meta property=\"og:image:type\" content=\"image\/png\" \/>\n<meta name=\"twitter:card\" content=\"summary_large_image\" \/>\n<meta name=\"twitter:label1\" content=\"Dur\u00e9e de lecture estim\u00e9e\" \/>\n\t<meta name=\"twitter:data1\" content=\"1 minute\" \/>\n<script type=\"application\/ld+json\" class=\"yoast-schema-graph\">{\"@context\":\"https:\/\/schema.org\",\"@graph\":[{\"@type\":\"WebPage\",\"@id\":\"https:\/\/tuffigorapidex.com\/fr\/le-groupe-christien-defi\/\",\"url\":\"https:\/\/tuffigorapidex.com\/fr\/le-groupe-christien-defi\/\",\"name\":\"Le groupe Christien D\u00e9fi | Tuffigo Rapidex\",\"isPartOf\":{\"@id\":\"https:\/\/tuffigorapidex.com\/fr\/#website\"},\"datePublished\":\"2023-05-23T15:08:16+00:00\",\"dateModified\":\"2024-11-04T22:54:59+00:00\",\"breadcrumb\":{\"@id\":\"https:\/\/tuffigorapidex.com\/fr\/le-groupe-christien-defi\/#breadcrumb\"},\"inLanguage\":\"fr-FR\",\"potentialAction\":[{\"@type\":\"ReadAction\",\"target\":[\"https:\/\/tuffigorapidex.com\/fr\/le-groupe-christien-defi\/\"]}]},{\"@type\":\"BreadcrumbList\",\"@id\":\"https:\/\/tuffigorapidex.com\/fr\/le-groupe-christien-defi\/#breadcrumb\",\"itemListElement\":[{\"@type\":\"ListItem\",\"position\":1,\"name\":\"Accueil\",\"item\":\"https:\/\/tuffigorapidex.com\/fr\/\"},{\"@type\":\"ListItem\",\"position\":2,\"name\":\"Le groupe Christien D\u00e9fi\"}]},{\"@type\":\"WebSite\",\"@id\":\"https:\/\/tuffigorapidex.com\/fr\/#website\",\"url\":\"https:\/\/tuffigorapidex.com\/fr\/\",\"name\":\"TUFFIGO RAPIDEX\",\"description\":\"Leader fran\u00e7ais des \u00e9quipements d&#039;\u00e9levage hors sol\",\"publisher\":{\"@id\":\"https:\/\/tuffigorapidex.com\/fr\/#organization\"},\"potentialAction\":[{\"@type\":\"SearchAction\",\"target\":{\"@type\":\"EntryPoint\",\"urlTemplate\":\"https:\/\/tuffigorapidex.com\/fr\/?s={search_term_string}\"},\"query-input\":\"required name=search_term_string\"}],\"inLanguage\":\"fr-FR\"},{\"@type\":\"Organization\",\"@id\":\"https:\/\/tuffigorapidex.com\/fr\/#organization\",\"name\":\"Tuffigo Rapidex\",\"url\":\"https:\/\/tuffigorapidex.com\/fr\/\",\"logo\":{\"@type\":\"ImageObject\",\"inLanguage\":\"fr-FR\",\"@id\":\"https:\/\/tuffigorapidex.com\/fr\/#\/schema\/logo\/image\/\",\"url\":\"https:\/\/tuffigorapidex.com\/app\/uploads\/2023\/12\/TUFFIGO-logo.png\",\"contentUrl\":\"https:\/\/tuffigorapidex.com\/app\/uploads\/2023\/12\/TUFFIGO-logo.png\",\"width\":188,\"height\":184,\"caption\":\"Tuffigo Rapidex\"},\"image\":{\"@id\":\"https:\/\/tuffigorapidex.com\/fr\/#\/schema\/logo\/image\/\"},\"sameAs\":[\"https:\/\/www.facebook.com\/tuffigorapidexsas\/\"]}]}<\/script>\n<!-- \/ Yoast SEO plugin. -->","yoast_head_json":{"title":"Le groupe Christien D\u00e9fi | Tuffigo Rapidex","robots":{"index":"index","follow":"follow","max-snippet":"max-snippet:-1","max-image-preview":"max-image-preview:large","max-video-preview":"max-video-preview:-1"},"canonical":"https:\/\/tuffigorapidex.com\/fr\/le-groupe-christien-defi\/","og_locale":"fr_FR","og_type":"article","og_title":"Le groupe Christien D\u00e9fi | Tuffigo Rapidex","og_description":"[vc_row][vc_column][vc_custom_heading text=\u00a0\u00bbUne histoire et une exp\u00e9rience ##\u00e0 votre service##\u00a0\u00bb font_container=\u00a0\u00bbtag:h2|text_align:center\u00a0\u00bb][vc_row_inner][vc_column_inner width=\u00a0\u00bb1\/4&Prime;][\/vc_column_inner][vc_column_inner width=\u00a0\u00bb1\/4&Prime;][\/vc_column_inner][vc_column_inner width=\u00a0\u00bb1\/4&Prime;][\/vc_column_inner][vc_column_inner width=\u00a0\u00bb1\/4&Prime;][\/vc_column_inner][\/vc_row_inner][vc_row_inner][vc_column_inner width=\u00a0\u00bb1\/6&Prime;][\/vc_column_inner][vc_column_inner width=\u00a0\u00bb4\/6&Prime;][vc_column_text]Tuffigo Rapidex fait partie du","og_url":"https:\/\/tuffigorapidex.com\/fr\/le-groupe-christien-defi\/","og_site_name":"Tuffigo Rapidex","article_publisher":"https:\/\/www.facebook.com\/tuffigorapidexsas\/","article_modified_time":"2024-11-04T22:54:59+00:00","og_image":[{"width":188,"height":184,"url":"https:\/\/tuffigorapidex.com\/app\/uploads\/2023\/12\/TUFFIGO-logo.png","type":"image\/png"}],"twitter_card":"summary_large_image","twitter_misc":{"Dur\u00e9e de lecture estim\u00e9e":"1 minute"},"schema":{"@context":"https:\/\/schema.org","@graph":[{"@type":"WebPage","@id":"https:\/\/tuffigorapidex.com\/fr\/le-groupe-christien-defi\/","url":"https:\/\/tuffigorapidex.com\/fr\/le-groupe-christien-defi\/","name":"Le groupe Christien D\u00e9fi | Tuffigo Rapidex","isPartOf":{"@id":"https:\/\/tuffigorapidex.com\/fr\/#website"},"datePublished":"2023-05-23T15:08:16+00:00","dateModified":"2024-11-04T22:54:59+00:00","breadcrumb":{"@id":"https:\/\/tuffigorapidex.com\/fr\/le-groupe-christien-defi\/#breadcrumb"},"inLanguage":"fr-FR","potentialAction":[{"@type":"ReadAction","target":["https:\/\/tuffigorapidex.com\/fr\/le-groupe-christien-defi\/"]}]},{"@type":"BreadcrumbList","@id":"https:\/\/tuffigorapidex.com\/fr\/le-groupe-christien-defi\/#breadcrumb","itemListElement":[{"@type":"ListItem","position":1,"name":"Accueil","item":"https:\/\/tuffigorapidex.com\/fr\/"},{"@type":"ListItem","position":2,"name":"Le groupe Christien D\u00e9fi"}]},{"@type":"WebSite","@id":"https:\/\/tuffigorapidex.com\/fr\/#website","url":"https:\/\/tuffigorapidex.com\/fr\/","name":"TUFFIGO RAPIDEX","description":"Leader fran\u00e7ais des \u00e9quipements d&#039;\u00e9levage hors sol","publisher":{"@id":"https:\/\/tuffigorapidex.com\/fr\/#organization"},"potentialAction":[{"@type":"SearchAction","target":{"@type":"EntryPoint","urlTemplate":"https:\/\/tuffigorapidex.com\/fr\/?s={search_term_string}"},"query-input":"required name=search_term_string"}],"inLanguage":"fr-FR"},{"@type":"Organization","@id":"https:\/\/tuffigorapidex.com\/fr\/#organization","name":"Tuffigo Rapidex","url":"https:\/\/tuffigorapidex.com\/fr\/","logo":{"@type":"ImageObject","inLanguage":"fr-FR","@id":"https:\/\/tuffigorapidex.com\/fr\/#\/schema\/logo\/image\/","url":"https:\/\/tuffigorapidex.com\/app\/uploads\/2023\/12\/TUFFIGO-logo.png","contentUrl":"https:\/\/tuffigorapidex.com\/app\/uploads\/2023\/12\/TUFFIGO-logo.png","width":188,"height":184,"caption":"Tuffigo Rapidex"},"image":{"@id":"https:\/\/tuffigorapidex.com\/fr\/#\/schema\/logo\/image\/"},"sameAs":["https:\/\/www.facebook.com\/tuffigorapidexsas\/"]}]}},"_links":{"self":[{"href":"https:\/\/tuffigorapidex.com\/fr\/wp-json\/wp\/v2\/pages\/2463"}],"collection":[{"href":"https:\/\/tuffigorapidex.com\/fr\/wp-json\/wp\/v2\/pages"}],"about":[{"href":"https:\/\/tuffigorapidex.com\/fr\/wp-json\/wp\/v2\/types\/page"}],"author":[{"embeddable":true,"href":"https:\/\/tuffigorapidex.com\/fr\/wp-json\/wp\/v2\/users\/6"}],"replies":[{"embeddable":true,"href":"https:\/\/tuffigorapidex.com\/fr\/wp-json\/wp\/v2\/comments?post=2463"}],"version-history":[{"count":12,"href":"https:\/\/tuffigorapidex.com\/fr\/wp-json\/wp\/v2\/pages\/2463\/revisions"}],"predecessor-version":[{"id":3283,"href":"https:\/\/tuffigorapidex.com\/fr\/wp-json\/wp\/v2\/pages\/2463\/revisions\/3283"}],"wp:attachment":[{"href":"https:\/\/tuffigorapidex.com\/fr\/wp-json\/wp\/v2\/media?parent=2463"}],"curies":[{"name":"wp","href":"https:\/\/api.w.org\/{rel}","templated":true}]}}