{"id":2605,"date":"2023-05-26T10:02:32","date_gmt":"2023-05-26T10:02:32","guid":{"rendered":"http:\/\/tuffigorapidex.orinoko.fr\/?page_id=2605"},"modified":"2024-12-12T21:40:01","modified_gmt":"2024-12-12T21:40:01","slug":"centre-de-developpement","status":"publish","type":"page","link":"https:\/\/tuffigorapidex.com\/fr\/centre-de-developpement\/","title":{"rendered":"Centre de d\u00e9veloppement"},"content":{"rendered":"<p>[vc_row][vc_column width=\u00a0\u00bb1\/2&Prime;][vc_custom_heading text=\u00a0\u00bbD\u00e9veloppement ##m\u00e9canique##\u00a0\u00bb][vc_column_text]<\/p><ul><li>Nous concevons des concepts de ventilation, en s\u2019appuyant sur des \u00e9tudes a\u00e9rauliques pouss\u00e9es et des tests en \u00e9levages, pour optimiser les flux d\u2019air quelle que soit la configuration des b\u00e2timents d\u2019\u00e9levage, le mode de pilotage, le type de production ainsi que leur localisation g\u00e9ographique<\/li><li>Nous effectuons la conception des pi\u00e8ces et sous ensembles m\u00e9caniques, incluant la mise en \u0153uvre de multiples mat\u00e9riaux (m\u00e9talliques, plastiques, composites,\u2026)<\/li><li>Nous nous assurons du bon respect des contraintes m\u00e9caniques et environnementales, pour garantir le fonctionnement en environnement agricole.<\/li><\/ul><p>[\/vc_column_text][\/vc_column][vc_column width=\u00a0\u00bb1\/2&Prime;][\/vc_column][\/vc_row][vc_row el_class=\u00a0\u00bbswap-on-mobile\u00a0\u00bb][vc_column width=\u00a0\u00bb1\/2&Prime;][vc_single_image image=\u00a0\u00bb3215&Prime; img_size=\u00a0\u00bbmedium\u00a0\u00bb][\/vc_column][vc_column width=\u00a0\u00bb1\/2&Prime;][vc_custom_heading text=\u00a0\u00bbD\u00e9veloppement ##\u00e9lectronique##\u00a0\u00bb][vc_column_text]<\/p><ul><li>Nous d\u00e9veloppons nos propres cartes \u00e9lectroniques, ainsi que la programmation bas niveau associ\u00e9e, pour s\u2019assurer de la bonne ad\u00e9quation par rapport aux besoins et contraintes environnementales<\/li><li>Ensuite nous pilotons nos sous traitants pour la fabrication des cartes, avec recherche constante d\u2019optimisation de fonctionnement et de fiabilit\u00e9<\/li><\/ul><p>[\/vc_column_text][\/vc_column][\/vc_row][vc_row][vc_column width=\u00a0\u00bb1\/2&Prime;][vc_custom_heading text=\u00a0\u00bbD\u00e9veloppement ##informatique##\u00a0\u00bb][vc_column_text]<\/p><ul><li>Nos \u00e9quipes travaillent avec des \u00e9leveurs et des installateurs pour traduire leurs attentes m\u00e9tier en logiciels et applications sp\u00e9cifiques que nous embarquons dans les r\u00e9gulateurs.<\/li><li>Nous sommes engag\u00e9s dans une d\u00e9marche d\u2019am\u00e9lioration continue et utilisons des m\u00e9thodes de conception avanc\u00e9es pour garantir une mise \u00e0 disposition rapide et fiable des nouvelles \u00e9volutions \u00e0 nos clients<\/li><li>Nous assurons \u00e9galement la gestion de la plateforme Cloud MyTR et du stockage s\u00e9curis\u00e9 et optimis\u00e9 de vos donn\u00e9es, de fa\u00e7on \u00e0 pouvoir les exploiter en cas de besoin.<\/li><li>Nous optimisons en permanence l\u2019interface utilisateur pour simplifier la prise en main et l\u2019utilisation de nos produits<\/li><\/ul><p>[\/vc_column_text][\/vc_column][vc_column width=\u00a0\u00bb1\/2&Prime;][vc_single_image image=\u00a0\u00bb2997&Prime; img_size=\u00a0\u00bbmedium\u00a0\u00bb][\/vc_column][\/vc_row][vc_row el_class=\u00a0\u00bbswap-on-mobile\u00a0\u00bb][vc_column width=\u00a0\u00bb1\/2&Prime;][\/vc_column][vc_column width=\u00a0\u00bb1\/2&Prime;][vc_custom_heading text=\u00a0\u00bb##Tests et validations## de produits \/ concepts\u00a0\u00bb][vc_column_text]<\/p><p>Avant la mise \u00e0 disposition aux clients, tous nos produits sont test\u00e9s intensivement :<\/p><ul><li>Par des tests en interne ou chez nos fournisseurs<\/li><li>Pour certains produits, ces tests sont compl\u00e9t\u00e9s par des tests en laboratoires externes<\/li><li>Tests terrain avec des \u00e9leveurs partenaires, pour s\u2019assurer de la fiabilit\u00e9 dans les environnements clients<\/li><\/ul><p>[\/vc_column_text][\/vc_column][\/vc_row][vc_row][vc_column width=\u00a0\u00bb1\/2&Prime;][vc_custom_heading text=\u00a0\u00bbD\u00e9veloppement ##\u00e9lectrique##\u00a0\u00bb][vc_column_text]<\/p><ul><li>Notre \u00e9quipe de d\u00e9veloppement assure la conception des armoires \u00e9lectriques sp\u00e9cifiques, personnalis\u00e9es selon la demande de nos clients<\/li><li>Elle r\u00e9alise tous les plans de c\u00e2blages et optimise l\u2019encombrement dans les armoires \u00e9lectriques, pour garantir un fonctionnement et une maintenance optimis\u00e9e<\/li><li>Elle assure le suivi et mise en \u0153uvre des contraintes r\u00e9glementaires<\/li><\/ul><p>[\/vc_column_text][\/vc_column][vc_column width=\u00a0\u00bb1\/2&Prime;][vc_single_image image=\u00a0\u00bb2989&Prime; img_size=\u00a0\u00bbmedium\u00a0\u00bb][\/vc_column][\/vc_row][vc_row el_class=\u00a0\u00bbswap-on-mobile\u00a0\u00bb][vc_column width=\u00a0\u00bb1\/2&Prime;][vc_single_image image=\u00a0\u00bb2993&Prime; img_size=\u00a0\u00bbmedium\u00a0\u00bb][\/vc_column][vc_column width=\u00a0\u00bb1\/2&Prime;][vc_custom_heading text=\u00a0\u00bb##Industrialisation## des produits\u00a0\u00bb][vc_column_text]<\/p><ul><li>Afin d\u2019assurer une parfaite r\u00e9alisation des produits en production, l\u2019\u00e9quipe d\u00e9finit des m\u00e9thodes de montage optimis\u00e9es<\/li><li>La recherche permanente d\u2019optimisation de la Fabrication permet de viser une harmonisation des fabrications, et un niveau de qualit\u00e9 optimal, tout en s\u2019assurant d\u2019une facilit\u00e9 de maintenance apr\u00e8s installation, notamment par le biais d\u2019une identification pr\u00e9cise des composants int\u00e9gr\u00e9s.<\/li><li>Etant toujours en recherche d\u2019am\u00e9lioration, nous\u00a0 int\u00e9grons r\u00e9guli\u00e8rement des optimisations suite aux retours terrain des \u00e9leveurs et installateurs<\/li><\/ul><p>[\/vc_column_text][\/vc_column][\/vc_row]<\/p>","protected":false},"excerpt":{"rendered":"<p>[vc_row][vc_column width=\u00a0\u00bb1\/2&Prime;][vc_custom_heading text=\u00a0\u00bbD\u00e9veloppement ##m\u00e9canique##\u00a0\u00bb][vc_column_text]Nous <span class=\"more\">...<\/span>","protected":false},"author":6,"featured_media":0,"parent":0,"menu_order":310,"comment_status":"closed","ping_status":"closed","template":"","meta":{"inline_featured_image":false},"acf":[],"yoast_head":"<!-- This site is optimized with the Yoast SEO plugin v21.3 - https:\/\/yoast.com\/wordpress\/plugins\/seo\/ -->\n<title>Centre de d\u00e9veloppement | Tuffigo Rapidex<\/title>\n<meta name=\"robots\" content=\"index, follow, max-snippet:-1, max-image-preview:large, max-video-preview:-1\" \/>\n<link rel=\"canonical\" href=\"https:\/\/tuffigorapidex.com\/fr\/centre-de-developpement\/\" \/>\n<meta property=\"og:locale\" content=\"fr_FR\" \/>\n<meta property=\"og:type\" content=\"article\" \/>\n<meta property=\"og:title\" content=\"Centre de d\u00e9veloppement | Tuffigo Rapidex\" \/>\n<meta property=\"og:description\" content=\"[vc_row][vc_column width=\u00a0\u00bb1\/2&Prime;][vc_custom_heading text=\u00a0\u00bbD\u00e9veloppement ##m\u00e9canique##\u00a0\u00bb][vc_column_text]Nous concevons des concepts de ventilation, en s\u2019appuyant sur des \u00e9tudes a\u00e9rauliques pouss\u00e9es et des tests en\" \/>\n<meta property=\"og:url\" content=\"https:\/\/tuffigorapidex.com\/fr\/centre-de-developpement\/\" \/>\n<meta property=\"og:site_name\" content=\"Tuffigo Rapidex\" \/>\n<meta property=\"article:publisher\" content=\"https:\/\/www.facebook.com\/tuffigorapidexsas\/\" \/>\n<meta property=\"article:modified_time\" content=\"2024-12-12T21:40:01+00:00\" \/>\n<meta property=\"og:image\" content=\"https:\/\/tuffigorapidex.com\/app\/uploads\/2023\/12\/TUFFIGO-logo.png\" \/>\n\t<meta property=\"og:image:width\" content=\"188\" \/>\n\t<meta property=\"og:image:height\" content=\"184\" \/>\n\t<meta property=\"og:image:type\" content=\"image\/png\" \/>\n<meta name=\"twitter:card\" content=\"summary_large_image\" \/>\n<meta name=\"twitter:label1\" content=\"Dur\u00e9e de lecture estim\u00e9e\" \/>\n\t<meta name=\"twitter:data1\" content=\"3 minutes\" \/>\n<script type=\"application\/ld+json\" class=\"yoast-schema-graph\">{\"@context\":\"https:\/\/schema.org\",\"@graph\":[{\"@type\":\"WebPage\",\"@id\":\"https:\/\/tuffigorapidex.com\/fr\/centre-de-developpement\/\",\"url\":\"https:\/\/tuffigorapidex.com\/fr\/centre-de-developpement\/\",\"name\":\"Centre de d\u00e9veloppement | Tuffigo Rapidex\",\"isPartOf\":{\"@id\":\"https:\/\/tuffigorapidex.com\/fr\/#website\"},\"datePublished\":\"2023-05-26T10:02:32+00:00\",\"dateModified\":\"2024-12-12T21:40:01+00:00\",\"breadcrumb\":{\"@id\":\"https:\/\/tuffigorapidex.com\/fr\/centre-de-developpement\/#breadcrumb\"},\"inLanguage\":\"fr-FR\",\"potentialAction\":[{\"@type\":\"ReadAction\",\"target\":[\"https:\/\/tuffigorapidex.com\/fr\/centre-de-developpement\/\"]}]},{\"@type\":\"BreadcrumbList\",\"@id\":\"https:\/\/tuffigorapidex.com\/fr\/centre-de-developpement\/#breadcrumb\",\"itemListElement\":[{\"@type\":\"ListItem\",\"position\":1,\"name\":\"Accueil\",\"item\":\"https:\/\/tuffigorapidex.com\/fr\/\"},{\"@type\":\"ListItem\",\"position\":2,\"name\":\"Centre de d\u00e9veloppement\"}]},{\"@type\":\"WebSite\",\"@id\":\"https:\/\/tuffigorapidex.com\/fr\/#website\",\"url\":\"https:\/\/tuffigorapidex.com\/fr\/\",\"name\":\"TUFFIGO RAPIDEX\",\"description\":\"Leader fran\u00e7ais des \u00e9quipements d&#039;\u00e9levage hors sol\",\"publisher\":{\"@id\":\"https:\/\/tuffigorapidex.com\/fr\/#organization\"},\"potentialAction\":[{\"@type\":\"SearchAction\",\"target\":{\"@type\":\"EntryPoint\",\"urlTemplate\":\"https:\/\/tuffigorapidex.com\/fr\/?s={search_term_string}\"},\"query-input\":\"required name=search_term_string\"}],\"inLanguage\":\"fr-FR\"},{\"@type\":\"Organization\",\"@id\":\"https:\/\/tuffigorapidex.com\/fr\/#organization\",\"name\":\"Tuffigo Rapidex\",\"url\":\"https:\/\/tuffigorapidex.com\/fr\/\",\"logo\":{\"@type\":\"ImageObject\",\"inLanguage\":\"fr-FR\",\"@id\":\"https:\/\/tuffigorapidex.com\/fr\/#\/schema\/logo\/image\/\",\"url\":\"https:\/\/tuffigorapidex.com\/app\/uploads\/2023\/12\/TUFFIGO-logo.png\",\"contentUrl\":\"https:\/\/tuffigorapidex.com\/app\/uploads\/2023\/12\/TUFFIGO-logo.png\",\"width\":188,\"height\":184,\"caption\":\"Tuffigo Rapidex\"},\"image\":{\"@id\":\"https:\/\/tuffigorapidex.com\/fr\/#\/schema\/logo\/image\/\"},\"sameAs\":[\"https:\/\/www.facebook.com\/tuffigorapidexsas\/\"]}]}<\/script>\n<!-- \/ Yoast SEO plugin. -->","yoast_head_json":{"title":"Centre de d\u00e9veloppement | Tuffigo Rapidex","robots":{"index":"index","follow":"follow","max-snippet":"max-snippet:-1","max-image-preview":"max-image-preview:large","max-video-preview":"max-video-preview:-1"},"canonical":"https:\/\/tuffigorapidex.com\/fr\/centre-de-developpement\/","og_locale":"fr_FR","og_type":"article","og_title":"Centre de d\u00e9veloppement | Tuffigo Rapidex","og_description":"[vc_row][vc_column width=\u00a0\u00bb1\/2&Prime;][vc_custom_heading text=\u00a0\u00bbD\u00e9veloppement ##m\u00e9canique##\u00a0\u00bb][vc_column_text]Nous concevons des concepts de ventilation, en s\u2019appuyant sur des \u00e9tudes a\u00e9rauliques pouss\u00e9es et des tests en","og_url":"https:\/\/tuffigorapidex.com\/fr\/centre-de-developpement\/","og_site_name":"Tuffigo Rapidex","article_publisher":"https:\/\/www.facebook.com\/tuffigorapidexsas\/","article_modified_time":"2024-12-12T21:40:01+00:00","og_image":[{"width":188,"height":184,"url":"https:\/\/tuffigorapidex.com\/app\/uploads\/2023\/12\/TUFFIGO-logo.png","type":"image\/png"}],"twitter_card":"summary_large_image","twitter_misc":{"Dur\u00e9e de lecture estim\u00e9e":"3 minutes"},"schema":{"@context":"https:\/\/schema.org","@graph":[{"@type":"WebPage","@id":"https:\/\/tuffigorapidex.com\/fr\/centre-de-developpement\/","url":"https:\/\/tuffigorapidex.com\/fr\/centre-de-developpement\/","name":"Centre de d\u00e9veloppement | Tuffigo Rapidex","isPartOf":{"@id":"https:\/\/tuffigorapidex.com\/fr\/#website"},"datePublished":"2023-05-26T10:02:32+00:00","dateModified":"2024-12-12T21:40:01+00:00","breadcrumb":{"@id":"https:\/\/tuffigorapidex.com\/fr\/centre-de-developpement\/#breadcrumb"},"inLanguage":"fr-FR","potentialAction":[{"@type":"ReadAction","target":["https:\/\/tuffigorapidex.com\/fr\/centre-de-developpement\/"]}]},{"@type":"BreadcrumbList","@id":"https:\/\/tuffigorapidex.com\/fr\/centre-de-developpement\/#breadcrumb","itemListElement":[{"@type":"ListItem","position":1,"name":"Accueil","item":"https:\/\/tuffigorapidex.com\/fr\/"},{"@type":"ListItem","position":2,"name":"Centre de d\u00e9veloppement"}]},{"@type":"WebSite","@id":"https:\/\/tuffigorapidex.com\/fr\/#website","url":"https:\/\/tuffigorapidex.com\/fr\/","name":"TUFFIGO RAPIDEX","description":"Leader fran\u00e7ais des \u00e9quipements d&#039;\u00e9levage hors sol","publisher":{"@id":"https:\/\/tuffigorapidex.com\/fr\/#organization"},"potentialAction":[{"@type":"SearchAction","target":{"@type":"EntryPoint","urlTemplate":"https:\/\/tuffigorapidex.com\/fr\/?s={search_term_string}"},"query-input":"required name=search_term_string"}],"inLanguage":"fr-FR"},{"@type":"Organization","@id":"https:\/\/tuffigorapidex.com\/fr\/#organization","name":"Tuffigo Rapidex","url":"https:\/\/tuffigorapidex.com\/fr\/","logo":{"@type":"ImageObject","inLanguage":"fr-FR","@id":"https:\/\/tuffigorapidex.com\/fr\/#\/schema\/logo\/image\/","url":"https:\/\/tuffigorapidex.com\/app\/uploads\/2023\/12\/TUFFIGO-logo.png","contentUrl":"https:\/\/tuffigorapidex.com\/app\/uploads\/2023\/12\/TUFFIGO-logo.png","width":188,"height":184,"caption":"Tuffigo Rapidex"},"image":{"@id":"https:\/\/tuffigorapidex.com\/fr\/#\/schema\/logo\/image\/"},"sameAs":["https:\/\/www.facebook.com\/tuffigorapidexsas\/"]}]}},"_links":{"self":[{"href":"https:\/\/tuffigorapidex.com\/fr\/wp-json\/wp\/v2\/pages\/2605"}],"collection":[{"href":"https:\/\/tuffigorapidex.com\/fr\/wp-json\/wp\/v2\/pages"}],"about":[{"href":"https:\/\/tuffigorapidex.com\/fr\/wp-json\/wp\/v2\/types\/page"}],"author":[{"embeddable":true,"href":"https:\/\/tuffigorapidex.com\/fr\/wp-json\/wp\/v2\/users\/6"}],"replies":[{"embeddable":true,"href":"https:\/\/tuffigorapidex.com\/fr\/wp-json\/wp\/v2\/comments?post=2605"}],"version-history":[{"count":11,"href":"https:\/\/tuffigorapidex.com\/fr\/wp-json\/wp\/v2\/pages\/2605\/revisions"}],"predecessor-version":[{"id":4613,"href":"https:\/\/tuffigorapidex.com\/fr\/wp-json\/wp\/v2\/pages\/2605\/revisions\/4613"}],"wp:attachment":[{"href":"https:\/\/tuffigorapidex.com\/fr\/wp-json\/wp\/v2\/media?parent=2605"}],"curies":[{"name":"wp","href":"https:\/\/api.w.org\/{rel}","templated":true}]}}