{"id":2609,"date":"2023-05-26T10:04:03","date_gmt":"2023-05-26T10:04:03","guid":{"rendered":"http:\/\/tuffigorapidex.orinoko.fr\/?page_id=2609"},"modified":"2024-12-12T21:40:16","modified_gmt":"2024-12-12T21:40:16","slug":"centre-de-services","status":"publish","type":"page","link":"https:\/\/tuffigorapidex.com\/fr\/centre-de-services\/","title":{"rendered":"Centre de services"},"content":{"rendered":"<p>[vc_row][vc_column width=\u00a0\u00bb1\/2&Prime;][vc_custom_heading text=\u00a0\u00bbGestion des ##Affaires##\u00a0\u00bb][vc_column_text]<\/p><p>Expert en ventilation et alimentation, notre P\u00f4le Gestion des affaires est d\u00e9di\u00e9 au conseil \u00e0 notre r\u00e9seau de partenaires et aux \u00e9leveurs pour optimiser leur investissement.<\/p><p>Quel que soit les caract\u00e9ristiques du projet et sa localisation, il est en mesure de proposer des solutions personnalis\u00e9es au travers l\u2019\u00e9laboration de son devis permettant de r\u00e9pondre \u00e0 vos attentes en termes de performance de votre b\u00e2timent dans un souci de bien-\u00eatre animal et de qualit\u00e9.<\/p><p>[\/vc_column_text][\/vc_column][vc_column width=\u00a0\u00bb1\/2&Prime;][vc_single_image image=\u00a0\u00bb2985&Prime; img_size=\u00a0\u00bb400&#215;300&Prime;][\/vc_column][\/vc_row][vc_row el_class=\u00a0\u00bbswap-on-mobile\u00a0\u00bb][vc_column width=\u00a0\u00bb1\/2&Prime;][vc_single_image image=\u00a0\u00bb3190&Prime; img_size=\u00a0\u00bb400&#215;300&Prime;][\/vc_column][vc_column width=\u00a0\u00bb1\/2&Prime;][vc_custom_heading text=\u00a0\u00bbCommerce\u00a0\u00bb][vc_column_text]<\/p><p>Notre exp\u00e9rience de plus de 60 ans nous a permis de forger nos connaissances et comp\u00e9tences aupr\u00e8s du terrain et d\u2019accompagner plusieurs g\u00e9n\u00e9ration d\u2019\u00e9leveurs.<\/p><p>Forte de cette transmission, notre \u00e9quipe commerciale vous accompagne de l\u2019\u00e9tude \u00e0 la mise en \u0153uvre de vos projets. Pour ce faire, elle s\u2019appuie sur notre r\u00e9seau de revendeurs installateurs qui sont nos partenaires de proximit\u00e9.<\/p><p>Son accompagnement se prolonge par un suivi personnalis\u00e9 de vos installations\/\u00e9quipements.<\/p><p>Notre capacit\u00e9 d\u2019adaptation a permis de r\u00e9aliser des projets dans diff\u00e9rents pays en tenant compte de leur sp\u00e9cificit\u00e9.<\/p><p>[\/vc_column_text][\/vc_column][\/vc_row][vc_row content_placement=\u00a0\u00bbmiddle\u00a0\u00bb][vc_column width=\u00a0\u00bb1\/2&Prime;][vc_custom_heading text=\u00a0\u00bb##P\u00f4le Service Client## : Support pour les installateurs partenaires\u00a0\u00bb][vc_column_text]<\/p><p>Notre volont\u00e9 est d\u2019accompagner le client dans la prise en main de son b\u00e2timent, afin de lui garantir un fonctionnement optimal de son \u00e9levage.<\/p><p>Nous mettons \u00e0 disposition de nos revendeurs installateurs notre service Hotline, ainsi que nos techniciens itin\u00e9rants pr\u00e9sents en r\u00e9gion pour aider au diagnostic de pannes, ou conseiller sur les r\u00e9glages et les choix de solutions.<\/p><p>L\u2019ensemble de nos revendeurs installateurs ont acc\u00e8s \u00e0 nos applications <a href=\"https:\/\/mytuffigorapidex.com\/\" target=\"_blank\" rel=\"noopener\">MyTuffigoRapidex<\/a> d\u00e9di\u00e9es \u00e0 la gestion de votre \u00e9levage, et ont la possibilit\u00e9 de faire une prise en main \u00e0 distance de votre r\u00e9gulateur pour effectuer les premiers diagnostiques, et vous conseiller dans les r\u00e9glages et choix de solutions<\/p><p>Nous proposons \u00e9galement un service de formation de leurs \u00e9quipes techniques sur nos produits, ou plus g\u00e9n\u00e9ralement sur les concepts de ventilation.<\/p><p>Nous effectuons \u00e9galement de la r\u00e9paration de cartes \u00e9lectroniques et d\u2019ensembles m\u00e9caniques dans le cadre du SAV, et pouvons proposer des possibilit\u00e9s de r\u00e9parations hors garantie sur devis.<\/p><p>Par ailleurs, le d\u00e9marrage d\u2019un nouveau b\u00e2timent \u00e9tant une \u00e9tape d\u00e9cisive, nous pouvons vous accompagner au travers de forfaits sp\u00e9cifiques, pour faciliter la prise en main des nouveaux b\u00e2timents ou produits,<\/p><p>Par exemple, nous proposons les possibilit\u00e9s suivantes\u00a0:<\/p><p>\u2013 Visite technique de contr\u00f4le<br \/>\u2013 Assistance lors de mise en service d&rsquo;un poulailler<br \/>\u2013 Formation et accompagnement au pilotage<\/p><p>[\/vc_column_text][\/vc_column][vc_column width=\u00a0\u00bb1\/2&Prime;][vc_single_image image=\u00a0\u00bb2973&Prime; img_size=\u00a0\u00bb400&#215;300&Prime; alignment=\u00a0\u00bbcenter\u00a0\u00bb][\/vc_column][\/vc_row]<\/p>","protected":false},"excerpt":{"rendered":"<p>[vc_row][vc_column width=\u00a0\u00bb1\/2&Prime;][vc_custom_heading text=\u00a0\u00bbGestion des ##Affaires##\u00a0\u00bb][vc_column_text]Expert <span class=\"more\">...<\/span>","protected":false},"author":6,"featured_media":0,"parent":0,"menu_order":330,"comment_status":"closed","ping_status":"closed","template":"","meta":{"inline_featured_image":false},"acf":[],"yoast_head":"<!-- This site is optimized with the Yoast SEO plugin v21.3 - https:\/\/yoast.com\/wordpress\/plugins\/seo\/ -->\n<title>Centre de services | Tuffigo Rapidex<\/title>\n<meta name=\"robots\" content=\"index, follow, max-snippet:-1, max-image-preview:large, max-video-preview:-1\" \/>\n<link rel=\"canonical\" href=\"https:\/\/tuffigorapidex.com\/fr\/centre-de-services\/\" \/>\n<meta property=\"og:locale\" content=\"fr_FR\" \/>\n<meta property=\"og:type\" content=\"article\" \/>\n<meta property=\"og:title\" content=\"Centre de services | Tuffigo Rapidex\" \/>\n<meta property=\"og:description\" content=\"[vc_row][vc_column width=\u00a0\u00bb1\/2&Prime;][vc_custom_heading text=\u00a0\u00bbGestion des ##Affaires##\u00a0\u00bb][vc_column_text]Expert en ventilation et alimentation, notre P\u00f4le Gestion des affaires est d\u00e9di\u00e9 au conseil \u00e0 notre\" \/>\n<meta property=\"og:url\" content=\"https:\/\/tuffigorapidex.com\/fr\/centre-de-services\/\" \/>\n<meta property=\"og:site_name\" content=\"Tuffigo Rapidex\" \/>\n<meta property=\"article:publisher\" content=\"https:\/\/www.facebook.com\/tuffigorapidexsas\/\" \/>\n<meta property=\"article:modified_time\" content=\"2024-12-12T21:40:16+00:00\" \/>\n<meta property=\"og:image\" content=\"https:\/\/tuffigorapidex.com\/app\/uploads\/2023\/12\/TUFFIGO-logo.png\" \/>\n\t<meta property=\"og:image:width\" content=\"188\" \/>\n\t<meta property=\"og:image:height\" content=\"184\" \/>\n\t<meta property=\"og:image:type\" content=\"image\/png\" \/>\n<meta name=\"twitter:card\" content=\"summary_large_image\" \/>\n<meta name=\"twitter:label1\" content=\"Dur\u00e9e de lecture estim\u00e9e\" \/>\n\t<meta name=\"twitter:data1\" content=\"3 minutes\" \/>\n<script type=\"application\/ld+json\" class=\"yoast-schema-graph\">{\"@context\":\"https:\/\/schema.org\",\"@graph\":[{\"@type\":\"WebPage\",\"@id\":\"https:\/\/tuffigorapidex.com\/fr\/centre-de-services\/\",\"url\":\"https:\/\/tuffigorapidex.com\/fr\/centre-de-services\/\",\"name\":\"Centre de services | Tuffigo Rapidex\",\"isPartOf\":{\"@id\":\"https:\/\/tuffigorapidex.com\/fr\/#website\"},\"datePublished\":\"2023-05-26T10:04:03+00:00\",\"dateModified\":\"2024-12-12T21:40:16+00:00\",\"breadcrumb\":{\"@id\":\"https:\/\/tuffigorapidex.com\/fr\/centre-de-services\/#breadcrumb\"},\"inLanguage\":\"fr-FR\",\"potentialAction\":[{\"@type\":\"ReadAction\",\"target\":[\"https:\/\/tuffigorapidex.com\/fr\/centre-de-services\/\"]}]},{\"@type\":\"BreadcrumbList\",\"@id\":\"https:\/\/tuffigorapidex.com\/fr\/centre-de-services\/#breadcrumb\",\"itemListElement\":[{\"@type\":\"ListItem\",\"position\":1,\"name\":\"Accueil\",\"item\":\"https:\/\/tuffigorapidex.com\/fr\/\"},{\"@type\":\"ListItem\",\"position\":2,\"name\":\"Centre de services\"}]},{\"@type\":\"WebSite\",\"@id\":\"https:\/\/tuffigorapidex.com\/fr\/#website\",\"url\":\"https:\/\/tuffigorapidex.com\/fr\/\",\"name\":\"TUFFIGO RAPIDEX\",\"description\":\"Leader fran\u00e7ais des \u00e9quipements d&#039;\u00e9levage hors sol\",\"publisher\":{\"@id\":\"https:\/\/tuffigorapidex.com\/fr\/#organization\"},\"potentialAction\":[{\"@type\":\"SearchAction\",\"target\":{\"@type\":\"EntryPoint\",\"urlTemplate\":\"https:\/\/tuffigorapidex.com\/fr\/?s={search_term_string}\"},\"query-input\":\"required name=search_term_string\"}],\"inLanguage\":\"fr-FR\"},{\"@type\":\"Organization\",\"@id\":\"https:\/\/tuffigorapidex.com\/fr\/#organization\",\"name\":\"Tuffigo Rapidex\",\"url\":\"https:\/\/tuffigorapidex.com\/fr\/\",\"logo\":{\"@type\":\"ImageObject\",\"inLanguage\":\"fr-FR\",\"@id\":\"https:\/\/tuffigorapidex.com\/fr\/#\/schema\/logo\/image\/\",\"url\":\"https:\/\/tuffigorapidex.com\/app\/uploads\/2023\/12\/TUFFIGO-logo.png\",\"contentUrl\":\"https:\/\/tuffigorapidex.com\/app\/uploads\/2023\/12\/TUFFIGO-logo.png\",\"width\":188,\"height\":184,\"caption\":\"Tuffigo Rapidex\"},\"image\":{\"@id\":\"https:\/\/tuffigorapidex.com\/fr\/#\/schema\/logo\/image\/\"},\"sameAs\":[\"https:\/\/www.facebook.com\/tuffigorapidexsas\/\"]}]}<\/script>\n<!-- \/ Yoast SEO plugin. -->","yoast_head_json":{"title":"Centre de services | Tuffigo Rapidex","robots":{"index":"index","follow":"follow","max-snippet":"max-snippet:-1","max-image-preview":"max-image-preview:large","max-video-preview":"max-video-preview:-1"},"canonical":"https:\/\/tuffigorapidex.com\/fr\/centre-de-services\/","og_locale":"fr_FR","og_type":"article","og_title":"Centre de services | Tuffigo Rapidex","og_description":"[vc_row][vc_column width=\u00a0\u00bb1\/2&Prime;][vc_custom_heading text=\u00a0\u00bbGestion des ##Affaires##\u00a0\u00bb][vc_column_text]Expert en ventilation et alimentation, notre P\u00f4le Gestion des affaires est d\u00e9di\u00e9 au conseil \u00e0 notre","og_url":"https:\/\/tuffigorapidex.com\/fr\/centre-de-services\/","og_site_name":"Tuffigo Rapidex","article_publisher":"https:\/\/www.facebook.com\/tuffigorapidexsas\/","article_modified_time":"2024-12-12T21:40:16+00:00","og_image":[{"width":188,"height":184,"url":"https:\/\/tuffigorapidex.com\/app\/uploads\/2023\/12\/TUFFIGO-logo.png","type":"image\/png"}],"twitter_card":"summary_large_image","twitter_misc":{"Dur\u00e9e de lecture estim\u00e9e":"3 minutes"},"schema":{"@context":"https:\/\/schema.org","@graph":[{"@type":"WebPage","@id":"https:\/\/tuffigorapidex.com\/fr\/centre-de-services\/","url":"https:\/\/tuffigorapidex.com\/fr\/centre-de-services\/","name":"Centre de services | Tuffigo Rapidex","isPartOf":{"@id":"https:\/\/tuffigorapidex.com\/fr\/#website"},"datePublished":"2023-05-26T10:04:03+00:00","dateModified":"2024-12-12T21:40:16+00:00","breadcrumb":{"@id":"https:\/\/tuffigorapidex.com\/fr\/centre-de-services\/#breadcrumb"},"inLanguage":"fr-FR","potentialAction":[{"@type":"ReadAction","target":["https:\/\/tuffigorapidex.com\/fr\/centre-de-services\/"]}]},{"@type":"BreadcrumbList","@id":"https:\/\/tuffigorapidex.com\/fr\/centre-de-services\/#breadcrumb","itemListElement":[{"@type":"ListItem","position":1,"name":"Accueil","item":"https:\/\/tuffigorapidex.com\/fr\/"},{"@type":"ListItem","position":2,"name":"Centre de services"}]},{"@type":"WebSite","@id":"https:\/\/tuffigorapidex.com\/fr\/#website","url":"https:\/\/tuffigorapidex.com\/fr\/","name":"TUFFIGO RAPIDEX","description":"Leader fran\u00e7ais des \u00e9quipements d&#039;\u00e9levage hors sol","publisher":{"@id":"https:\/\/tuffigorapidex.com\/fr\/#organization"},"potentialAction":[{"@type":"SearchAction","target":{"@type":"EntryPoint","urlTemplate":"https:\/\/tuffigorapidex.com\/fr\/?s={search_term_string}"},"query-input":"required name=search_term_string"}],"inLanguage":"fr-FR"},{"@type":"Organization","@id":"https:\/\/tuffigorapidex.com\/fr\/#organization","name":"Tuffigo Rapidex","url":"https:\/\/tuffigorapidex.com\/fr\/","logo":{"@type":"ImageObject","inLanguage":"fr-FR","@id":"https:\/\/tuffigorapidex.com\/fr\/#\/schema\/logo\/image\/","url":"https:\/\/tuffigorapidex.com\/app\/uploads\/2023\/12\/TUFFIGO-logo.png","contentUrl":"https:\/\/tuffigorapidex.com\/app\/uploads\/2023\/12\/TUFFIGO-logo.png","width":188,"height":184,"caption":"Tuffigo Rapidex"},"image":{"@id":"https:\/\/tuffigorapidex.com\/fr\/#\/schema\/logo\/image\/"},"sameAs":["https:\/\/www.facebook.com\/tuffigorapidexsas\/"]}]}},"_links":{"self":[{"href":"https:\/\/tuffigorapidex.com\/fr\/wp-json\/wp\/v2\/pages\/2609"}],"collection":[{"href":"https:\/\/tuffigorapidex.com\/fr\/wp-json\/wp\/v2\/pages"}],"about":[{"href":"https:\/\/tuffigorapidex.com\/fr\/wp-json\/wp\/v2\/types\/page"}],"author":[{"embeddable":true,"href":"https:\/\/tuffigorapidex.com\/fr\/wp-json\/wp\/v2\/users\/6"}],"replies":[{"embeddable":true,"href":"https:\/\/tuffigorapidex.com\/fr\/wp-json\/wp\/v2\/comments?post=2609"}],"version-history":[{"count":22,"href":"https:\/\/tuffigorapidex.com\/fr\/wp-json\/wp\/v2\/pages\/2609\/revisions"}],"predecessor-version":[{"id":4614,"href":"https:\/\/tuffigorapidex.com\/fr\/wp-json\/wp\/v2\/pages\/2609\/revisions\/4614"}],"wp:attachment":[{"href":"https:\/\/tuffigorapidex.com\/fr\/wp-json\/wp\/v2\/media?parent=2609"}],"curies":[{"name":"wp","href":"https:\/\/api.w.org\/{rel}","templated":true}]}}