{"id":2854,"date":"2023-09-22T13:16:46","date_gmt":"2023-09-22T13:16:46","guid":{"rendered":"https:\/\/tuffigorapidex.com\/?page_id=2854"},"modified":"2025-12-10T09:26:48","modified_gmt":"2025-12-10T09:26:48","slug":"services-connectes","status":"publish","type":"page","link":"https:\/\/tuffigorapidex.com\/fr\/solutions-par-especes\/volaille\/volaille-pondeuse\/services-connectes\/","title":{"rendered":"Services Connect\u00e9s"},"content":{"rendered":"<p>[vc_row][vc_column width=\u00a0\u00bb1\/3&Prime;][\/vc_column][vc_column width=\u00a0\u00bb1\/3&Prime;][vc_column_text]<\/p><p><strong>Enrichir l\u2019expe\u0301rience des utilisateurs des produits Tuffigo Rapidex par des services lie\u0301s a\u0300 la data<\/strong><\/p><ul><li>Rester connecter \u00abproche\u00bb de votre \u00e9l\u00e9vage<\/li><li>Am\u00e9lioration du cadre de vie \u00abprofessionnelle\u00bb et \u00abfamiliale\u00bb<\/li><li>Confort et s\u00e9r\u00e9nit\u00e9<\/li><li>Collecter \/ Analyser \/ Mettre \u00e0 disposition les donn\u00e9es li\u00e9es \u00e0 l\u2019\u00e9levage et au fonctionnement des \u00e9quipements<\/li><li>Tracer et stocker la data pour am\u00e9liorer les services aupr\u00e8s des \u00e9leveurs<\/li><li>Partager en toute s\u00e9curit\u00e9 les donn\u00e9es de l\u2019\u00e9levage avec les partenaires de la fili\u00e8re<\/li><\/ul><p>[\/vc_column_text][\/vc_column][vc_column width=\u00a0\u00bb1\/3&Prime;][\/vc_column][\/vc_row][vc_row][vc_column][vc_column_text]<\/p><p style=\"text-align: center;\"><span style=\"color: #ffffff; font-size: 0.1em;\">MYtuffigorapidex<\/span><\/p><p>[\/vc_column_text][\/vc_column][\/vc_row]<\/p>","protected":false},"excerpt":{"rendered":"<p>[vc_row][vc_column width=\u00a0\u00bb1\/3&Prime;][\/vc_column][vc_column width=\u00a0\u00bb1\/3&Prime;][vc_column_text]Enrichir <span class=\"more\">...<\/span>","protected":false},"author":6,"featured_media":0,"parent":981,"menu_order":0,"comment_status":"closed","ping_status":"closed","template":"views\/template-produit.blade.php","meta":{"inline_featured_image":false},"acf":[],"yoast_head":"<!-- This site is optimized with the Yoast SEO plugin v21.3 - https:\/\/yoast.com\/wordpress\/plugins\/seo\/ -->\n<title>Services Connect\u00e9s | Tuffigo Rapidex<\/title>\n<meta name=\"robots\" content=\"index, follow, max-snippet:-1, max-image-preview:large, max-video-preview:-1\" \/>\n<link rel=\"canonical\" href=\"https:\/\/tuffigorapidex.com\/fr\/solutions-par-especes\/volaille\/volaille-pondeuse\/services-connectes\/\" \/>\n<meta property=\"og:locale\" content=\"fr_FR\" \/>\n<meta property=\"og:type\" content=\"article\" \/>\n<meta property=\"og:title\" content=\"Services Connect\u00e9s | Tuffigo Rapidex\" \/>\n<meta property=\"og:description\" content=\"[vc_row][vc_column width=\u00a0\u00bb1\/3&Prime;][\/vc_column][vc_column width=\u00a0\u00bb1\/3&Prime;][vc_column_text]Enrichir l\u2019expe\u0301rience des utilisateurs des produits Tuffigo Rapidex par des services lie\u0301s a\u0300 la dataRester connecter \u00abproche\u00bb de\" \/>\n<meta property=\"og:url\" content=\"https:\/\/tuffigorapidex.com\/fr\/solutions-par-especes\/volaille\/volaille-pondeuse\/services-connectes\/\" \/>\n<meta property=\"og:site_name\" content=\"Tuffigo Rapidex\" \/>\n<meta property=\"article:publisher\" content=\"https:\/\/www.facebook.com\/tuffigorapidexsas\/\" \/>\n<meta property=\"article:modified_time\" content=\"2025-12-10T09:26:48+00:00\" \/>\n<meta property=\"og:image\" content=\"https:\/\/tuffigorapidex.com\/app\/uploads\/2023\/12\/TUFFIGO-logo.png\" \/>\n\t<meta property=\"og:image:width\" content=\"188\" \/>\n\t<meta property=\"og:image:height\" content=\"184\" \/>\n\t<meta property=\"og:image:type\" content=\"image\/png\" \/>\n<meta name=\"twitter:card\" content=\"summary_large_image\" \/>\n<meta name=\"twitter:label1\" content=\"Dur\u00e9e de lecture estim\u00e9e\" \/>\n\t<meta name=\"twitter:data1\" content=\"1 minute\" \/>\n<script type=\"application\/ld+json\" class=\"yoast-schema-graph\">{\"@context\":\"https:\/\/schema.org\",\"@graph\":[{\"@type\":\"WebPage\",\"@id\":\"https:\/\/tuffigorapidex.com\/fr\/solutions-par-especes\/volaille\/volaille-pondeuse\/services-connectes\/\",\"url\":\"https:\/\/tuffigorapidex.com\/fr\/solutions-par-especes\/volaille\/volaille-pondeuse\/services-connectes\/\",\"name\":\"Services Connect\u00e9s | Tuffigo Rapidex\",\"isPartOf\":{\"@id\":\"https:\/\/tuffigorapidex.com\/fr\/#website\"},\"datePublished\":\"2023-09-22T13:16:46+00:00\",\"dateModified\":\"2025-12-10T09:26:48+00:00\",\"breadcrumb\":{\"@id\":\"https:\/\/tuffigorapidex.com\/fr\/solutions-par-especes\/volaille\/volaille-pondeuse\/services-connectes\/#breadcrumb\"},\"inLanguage\":\"fr-FR\",\"potentialAction\":[{\"@type\":\"ReadAction\",\"target\":[\"https:\/\/tuffigorapidex.com\/fr\/solutions-par-especes\/volaille\/volaille-pondeuse\/services-connectes\/\"]}]},{\"@type\":\"BreadcrumbList\",\"@id\":\"https:\/\/tuffigorapidex.com\/fr\/solutions-par-especes\/volaille\/volaille-pondeuse\/services-connectes\/#breadcrumb\",\"itemListElement\":[{\"@type\":\"ListItem\",\"position\":1,\"name\":\"Accueil\",\"item\":\"https:\/\/tuffigorapidex.com\/fr\/\"},{\"@type\":\"ListItem\",\"position\":2,\"name\":\"Solutions par esp\u00e8ce\",\"item\":\"https:\/\/tuffigorapidex.com\/fr\/solutions-par-especes\/\"},{\"@type\":\"ListItem\",\"position\":3,\"name\":\"Volaille\",\"item\":\"https:\/\/tuffigorapidex.com\/fr\/solutions-par-especes\/volaille\/\"},{\"@type\":\"ListItem\",\"position\":4,\"name\":\"Volaille pondeuse\",\"item\":\"https:\/\/tuffigorapidex.com\/fr\/solutions-par-especes\/volaille\/volaille-pondeuse\/\"},{\"@type\":\"ListItem\",\"position\":5,\"name\":\"Services Connect\u00e9s\"}]},{\"@type\":\"WebSite\",\"@id\":\"https:\/\/tuffigorapidex.com\/fr\/#website\",\"url\":\"https:\/\/tuffigorapidex.com\/fr\/\",\"name\":\"TUFFIGO RAPIDEX\",\"description\":\"Leader fran\u00e7ais des \u00e9quipements d&#039;\u00e9levage hors sol\",\"publisher\":{\"@id\":\"https:\/\/tuffigorapidex.com\/fr\/#organization\"},\"potentialAction\":[{\"@type\":\"SearchAction\",\"target\":{\"@type\":\"EntryPoint\",\"urlTemplate\":\"https:\/\/tuffigorapidex.com\/fr\/?s={search_term_string}\"},\"query-input\":\"required name=search_term_string\"}],\"inLanguage\":\"fr-FR\"},{\"@type\":\"Organization\",\"@id\":\"https:\/\/tuffigorapidex.com\/fr\/#organization\",\"name\":\"Tuffigo Rapidex\",\"url\":\"https:\/\/tuffigorapidex.com\/fr\/\",\"logo\":{\"@type\":\"ImageObject\",\"inLanguage\":\"fr-FR\",\"@id\":\"https:\/\/tuffigorapidex.com\/fr\/#\/schema\/logo\/image\/\",\"url\":\"https:\/\/tuffigorapidex.com\/app\/uploads\/2023\/12\/TUFFIGO-logo.png\",\"contentUrl\":\"https:\/\/tuffigorapidex.com\/app\/uploads\/2023\/12\/TUFFIGO-logo.png\",\"width\":188,\"height\":184,\"caption\":\"Tuffigo Rapidex\"},\"image\":{\"@id\":\"https:\/\/tuffigorapidex.com\/fr\/#\/schema\/logo\/image\/\"},\"sameAs\":[\"https:\/\/www.facebook.com\/tuffigorapidexsas\/\"]}]}<\/script>\n<!-- \/ Yoast SEO plugin. -->","yoast_head_json":{"title":"Services Connect\u00e9s | Tuffigo Rapidex","robots":{"index":"index","follow":"follow","max-snippet":"max-snippet:-1","max-image-preview":"max-image-preview:large","max-video-preview":"max-video-preview:-1"},"canonical":"https:\/\/tuffigorapidex.com\/fr\/solutions-par-especes\/volaille\/volaille-pondeuse\/services-connectes\/","og_locale":"fr_FR","og_type":"article","og_title":"Services Connect\u00e9s | Tuffigo Rapidex","og_description":"[vc_row][vc_column width=\u00a0\u00bb1\/3&Prime;][\/vc_column][vc_column width=\u00a0\u00bb1\/3&Prime;][vc_column_text]Enrichir l\u2019expe\u0301rience des utilisateurs des produits Tuffigo Rapidex par des services lie\u0301s a\u0300 la dataRester connecter \u00abproche\u00bb de","og_url":"https:\/\/tuffigorapidex.com\/fr\/solutions-par-especes\/volaille\/volaille-pondeuse\/services-connectes\/","og_site_name":"Tuffigo Rapidex","article_publisher":"https:\/\/www.facebook.com\/tuffigorapidexsas\/","article_modified_time":"2025-12-10T09:26:48+00:00","og_image":[{"width":188,"height":184,"url":"https:\/\/tuffigorapidex.com\/app\/uploads\/2023\/12\/TUFFIGO-logo.png","type":"image\/png"}],"twitter_card":"summary_large_image","twitter_misc":{"Dur\u00e9e de lecture estim\u00e9e":"1 minute"},"schema":{"@context":"https:\/\/schema.org","@graph":[{"@type":"WebPage","@id":"https:\/\/tuffigorapidex.com\/fr\/solutions-par-especes\/volaille\/volaille-pondeuse\/services-connectes\/","url":"https:\/\/tuffigorapidex.com\/fr\/solutions-par-especes\/volaille\/volaille-pondeuse\/services-connectes\/","name":"Services Connect\u00e9s | Tuffigo Rapidex","isPartOf":{"@id":"https:\/\/tuffigorapidex.com\/fr\/#website"},"datePublished":"2023-09-22T13:16:46+00:00","dateModified":"2025-12-10T09:26:48+00:00","breadcrumb":{"@id":"https:\/\/tuffigorapidex.com\/fr\/solutions-par-especes\/volaille\/volaille-pondeuse\/services-connectes\/#breadcrumb"},"inLanguage":"fr-FR","potentialAction":[{"@type":"ReadAction","target":["https:\/\/tuffigorapidex.com\/fr\/solutions-par-especes\/volaille\/volaille-pondeuse\/services-connectes\/"]}]},{"@type":"BreadcrumbList","@id":"https:\/\/tuffigorapidex.com\/fr\/solutions-par-especes\/volaille\/volaille-pondeuse\/services-connectes\/#breadcrumb","itemListElement":[{"@type":"ListItem","position":1,"name":"Accueil","item":"https:\/\/tuffigorapidex.com\/fr\/"},{"@type":"ListItem","position":2,"name":"Solutions par esp\u00e8ce","item":"https:\/\/tuffigorapidex.com\/fr\/solutions-par-especes\/"},{"@type":"ListItem","position":3,"name":"Volaille","item":"https:\/\/tuffigorapidex.com\/fr\/solutions-par-especes\/volaille\/"},{"@type":"ListItem","position":4,"name":"Volaille pondeuse","item":"https:\/\/tuffigorapidex.com\/fr\/solutions-par-especes\/volaille\/volaille-pondeuse\/"},{"@type":"ListItem","position":5,"name":"Services Connect\u00e9s"}]},{"@type":"WebSite","@id":"https:\/\/tuffigorapidex.com\/fr\/#website","url":"https:\/\/tuffigorapidex.com\/fr\/","name":"TUFFIGO RAPIDEX","description":"Leader fran\u00e7ais des \u00e9quipements d&#039;\u00e9levage hors sol","publisher":{"@id":"https:\/\/tuffigorapidex.com\/fr\/#organization"},"potentialAction":[{"@type":"SearchAction","target":{"@type":"EntryPoint","urlTemplate":"https:\/\/tuffigorapidex.com\/fr\/?s={search_term_string}"},"query-input":"required name=search_term_string"}],"inLanguage":"fr-FR"},{"@type":"Organization","@id":"https:\/\/tuffigorapidex.com\/fr\/#organization","name":"Tuffigo Rapidex","url":"https:\/\/tuffigorapidex.com\/fr\/","logo":{"@type":"ImageObject","inLanguage":"fr-FR","@id":"https:\/\/tuffigorapidex.com\/fr\/#\/schema\/logo\/image\/","url":"https:\/\/tuffigorapidex.com\/app\/uploads\/2023\/12\/TUFFIGO-logo.png","contentUrl":"https:\/\/tuffigorapidex.com\/app\/uploads\/2023\/12\/TUFFIGO-logo.png","width":188,"height":184,"caption":"Tuffigo Rapidex"},"image":{"@id":"https:\/\/tuffigorapidex.com\/fr\/#\/schema\/logo\/image\/"},"sameAs":["https:\/\/www.facebook.com\/tuffigorapidexsas\/"]}]}},"_links":{"self":[{"href":"https:\/\/tuffigorapidex.com\/fr\/wp-json\/wp\/v2\/pages\/2854"}],"collection":[{"href":"https:\/\/tuffigorapidex.com\/fr\/wp-json\/wp\/v2\/pages"}],"about":[{"href":"https:\/\/tuffigorapidex.com\/fr\/wp-json\/wp\/v2\/types\/page"}],"author":[{"embeddable":true,"href":"https:\/\/tuffigorapidex.com\/fr\/wp-json\/wp\/v2\/users\/6"}],"replies":[{"embeddable":true,"href":"https:\/\/tuffigorapidex.com\/fr\/wp-json\/wp\/v2\/comments?post=2854"}],"version-history":[{"count":4,"href":"https:\/\/tuffigorapidex.com\/fr\/wp-json\/wp\/v2\/pages\/2854\/revisions"}],"predecessor-version":[{"id":8608,"href":"https:\/\/tuffigorapidex.com\/fr\/wp-json\/wp\/v2\/pages\/2854\/revisions\/8608"}],"up":[{"embeddable":true,"href":"https:\/\/tuffigorapidex.com\/fr\/wp-json\/wp\/v2\/pages\/981"}],"wp:attachment":[{"href":"https:\/\/tuffigorapidex.com\/fr\/wp-json\/wp\/v2\/media?parent=2854"}],"curies":[{"name":"wp","href":"https:\/\/api.w.org\/{rel}","templated":true}]}}