{"id":38,"date":"2021-04-07T07:17:24","date_gmt":"2021-04-07T07:17:24","guid":{"rendered":"https:\/\/tuffigorapidex.com\/?page_id=38"},"modified":"2025-11-17T13:23:39","modified_gmt":"2025-11-17T13:23:39","slug":"volaille","status":"publish","type":"page","link":"https:\/\/tuffigorapidex.com\/fr\/solutions-par-especes\/volaille\/","title":{"rendered":"Volaille"},"content":{"rendered":"<p>[vc_row][vc_column][vc_custom_heading text=\u00a0\u00bbUne gamme ##compl\u00e8te## pour l\u2019\u00e9levage avicole\u00a0\u00bb font_container=\u00a0\u00bbtag:h2|text_align:center\u00a0\u00bb][vc_column_text el_class=\u00a0\u00bbintro\u00a0\u00bb]<\/p><p>Avec Tuffigo Rapidex, vous \u00eates s\u00fbrs de b\u00e9n\u00e9ficier de la r\u00e9ponse la mieux adapt\u00e9e pour la ventilation et l\u2019alimentation de votre \u00e9levage avicole. Chacune de nos solutions a pour vocation \u00e0 r\u00e9pondre aux enjeux multiples de chaque exploitation : maintenir les animaux en zone de confort, optimiser la temp\u00e9rature ressentie, les oxyg\u00e9ner de fa\u00e7on homog\u00e8ne et continue, les encourager \u00e0 manger et \u00e0 boire et leur permettre de rester dynamique \u00e0 tout \u00e2ge.<\/p><p>[\/vc_column_text][\/vc_column][\/vc_row][vc_row el_id=\u00a0\u00bbconcept\u00a0\u00bb][vc_column][vc_custom_heading text=\u00a0\u00bbUn concept de ##Ventilation## adapt\u00e9 \u00e0 vos besoins<br \/>et \u00e0 votre environnement\u00a0\u00bb font_container=\u00a0\u00bbtag:h2|text_align:center\u00a0\u00bb][\/vc_column][\/vc_row][vc_row][vc_column width=\u00a0\u00bb1\/4&Prime;]<div class=\"ult-new-ib ult-ib-effect-style2  ult-ib-resp  \" data-min-width=\"768\" data-max-width=\"900\" style=\"\" data-opacity=\"0.7\" data-hover-opacity=\"0.4\" ><img class=\"ult-new-ib-img\" style=\"opacity:0.7;\" alt=\"null\" src=\"https:\/\/tuffigorapidex.com\/app\/uploads\/2025\/01\/Concepts-ExtractionHaute-Tunnel.jpg\"   \/><div id=\"interactive-banner-wrap-9750\" class=\"ult-new-ib-desc\" style=\"\"><h3 class=\"ult-new-ib-title ult-responsive\"  data-ultimate-target='#interactive-banner-wrap-9750 .ult-new-ib-title'  data-responsive-json-new='{\"font-size\":\"\",\"line-height\":\"\"}'  style=\"font-weight:normal;\">Extraction Haute Tunnel<\/h3><\/div><a class=\"ult-new-ib-link\" href=\"https:\/\/tuffigorapidex.com\/fr\/concepts\/concept-extraction-haute-tunnel\/\" title=\"Extraction Haute Tunnel\"  ><\/a><\/div>[\/vc_column][vc_column width=\u00a0\u00bb1\/4&Prime;]<div class=\"ult-new-ib ult-ib-effect-style2  ult-ib-resp  \" data-min-width=\"768\" data-max-width=\"900\" style=\"\" data-opacity=\"0.7\" data-hover-opacity=\"0.4\" ><img class=\"ult-new-ib-img\" style=\"opacity:0.7;\" alt=\"null\" src=\"https:\/\/tuffigorapidex.com\/app\/uploads\/2025\/01\/Concepts-Lateral.jpg\"   \/><div id=\"interactive-banner-wrap-7825\" class=\"ult-new-ib-desc\" style=\"\"><h3 class=\"ult-new-ib-title ult-responsive\"  data-ultimate-target='#interactive-banner-wrap-7825 .ult-new-ib-title'  data-responsive-json-new='{\"font-size\":\"\",\"line-height\":\"\"}'  style=\"font-weight:normal;\">Lat\u00e9rale<\/h3><\/div><a class=\"ult-new-ib-link\" href=\"https:\/\/tuffigorapidex.com\/fr\/concepts\/laterale\/\" title=\"Lat\u00e9rale\"  ><\/a><\/div>[\/vc_column][vc_column width=\u00a0\u00bb1\/4&Prime;]<div class=\"ult-new-ib ult-ib-effect-style2  ult-ib-resp  \" data-min-width=\"768\" data-max-width=\"900\" style=\"\" data-opacity=\"0.7\" data-hover-opacity=\"0.4\" ><img class=\"ult-new-ib-img\" style=\"opacity:0.7;\" alt=\"null\" src=\"https:\/\/tuffigorapidex.com\/app\/uploads\/2025\/01\/Concepts-Tunnel.jpg\"   \/><div id=\"interactive-banner-wrap-7786\" class=\"ult-new-ib-desc\" style=\"\"><h3 class=\"ult-new-ib-title ult-responsive\"  data-ultimate-target='#interactive-banner-wrap-7786 .ult-new-ib-title'  data-responsive-json-new='{\"font-size\":\"\",\"line-height\":\"\"}'  style=\"font-weight:normal;\">100% Tunnel<\/h3><\/div><a class=\"ult-new-ib-link\" href=\"https:\/\/tuffigorapidex.com\/fr\/concepts\/100-tunnel\/\" title=\"100 tunnel\"  ><\/a><\/div>[\/vc_column][vc_column width=\u00a0\u00bb1\/4&Prime;]<div class=\"ult-new-ib ult-ib-effect-style2  ult-ib-resp  \" data-min-width=\"768\" data-max-width=\"900\" style=\"\" data-opacity=\"0.7\" data-hover-opacity=\"0.4\" ><img class=\"ult-new-ib-img\" style=\"opacity:0.7;\" alt=\"null\" src=\"https:\/\/tuffigorapidex.com\/app\/uploads\/2025\/01\/Concepts-Bilateral-Tunnel.jpg\"   \/><div id=\"interactive-banner-wrap-7630\" class=\"ult-new-ib-desc\" style=\"\"><h3 class=\"ult-new-ib-title ult-responsive\"  data-ultimate-target='#interactive-banner-wrap-7630 .ult-new-ib-title'  data-responsive-json-new='{\"font-size\":\"\",\"line-height\":\"\"}'  style=\"font-weight:normal;\">Concept Bilateral &gt;&gt; Tunnel<\/h3><\/div><a class=\"ult-new-ib-link\" href=\"https:\/\/tuffigorapidex.com\/fr\/concepts\/concept-bilateral-tunnel\/\" title=\"concept bilateral tunnel\"  ><\/a><\/div>[\/vc_column][\/vc_row][vc_row][vc_column width=\u00a0\u00bb1\/4&Prime;]<div class=\"ult-new-ib ult-ib-effect-style2  ult-ib-resp  \" data-min-width=\"768\" data-max-width=\"900\" style=\"\" data-opacity=\"0.7\" data-hover-opacity=\"0.4\" ><img class=\"ult-new-ib-img\" style=\"opacity:0.7;\" alt=\"null\" src=\"https:\/\/tuffigorapidex.com\/app\/uploads\/2025\/01\/Concepts-EntreeAir-Cheminee.jpg\"   \/><div id=\"interactive-banner-wrap-6619\" class=\"ult-new-ib-desc\" style=\"\"><h3 class=\"ult-new-ib-title ult-responsive\"  data-ultimate-target='#interactive-banner-wrap-6619 .ult-new-ib-title'  data-responsive-json-new='{\"font-size\":\"\",\"line-height\":\"\"}'  style=\"font-weight:normal;\">Entr\u00e9e d'air en chemin\u00e9e<\/h3><\/div><a class=\"ult-new-ib-link\" href=\"https:\/\/tuffigorapidex.com\/fr\/concepts\/entree-dair-en-cheminee\/\" title=\"entree air en cheminee\"  ><\/a><\/div>[\/vc_column][vc_column width=\u00a0\u00bb1\/4&Prime;]<div class=\"ult-new-ib ult-ib-effect-style2  ult-ib-resp  \" data-min-width=\"768\" data-max-width=\"900\" style=\"\" data-opacity=\"0.7\" data-hover-opacity=\"0.4\" ><img class=\"ult-new-ib-img\" style=\"opacity:0.7;\" alt=\"null\" src=\"https:\/\/tuffigorapidex.com\/app\/uploads\/2025\/01\/Concept-Lanterneau.jpg\"   \/><div id=\"interactive-banner-wrap-1167\" class=\"ult-new-ib-desc\" style=\"\"><h3 class=\"ult-new-ib-title ult-responsive\"  data-ultimate-target='#interactive-banner-wrap-1167 .ult-new-ib-title'  data-responsive-json-new='{\"font-size\":\"\",\"line-height\":\"\"}'  style=\"font-weight:normal;\">Lanterneau<\/h3><\/div><a class=\"ult-new-ib-link\" href=\"https:\/\/tuffigorapidex.com\/fr\/concepts\/lanterneau\/\" title=\"Lanterneau\"  ><\/a><\/div>[\/vc_column][vc_column width=\u00a0\u00bb1\/4&Prime;]<div class=\"ult-new-ib ult-ib-effect-style2  ult-ib-resp  \" data-min-width=\"768\" data-max-width=\"900\" style=\"\" data-opacity=\"0.7\" data-hover-opacity=\"0.4\" ><img class=\"ult-new-ib-img\" style=\"opacity:0.7;\" alt=\"null\" src=\"https:\/\/tuffigorapidex.com\/app\/uploads\/2025\/01\/Concept-Louisiane.jpg\"   \/><div id=\"interactive-banner-wrap-3876\" class=\"ult-new-ib-desc\" style=\"\"><h3 class=\"ult-new-ib-title ult-responsive\"  data-ultimate-target='#interactive-banner-wrap-3876 .ult-new-ib-title'  data-responsive-json-new='{\"font-size\":\"\",\"line-height\":\"\"}'  style=\"font-weight:normal;\">Louisiane<\/h3><\/div><a class=\"ult-new-ib-link\" href=\"https:\/\/tuffigorapidex.com\/fr\/concepts\/louisiane\/\" title=\"Louisiane\"  ><\/a><\/div>[\/vc_column][vc_column width=\u00a0\u00bb1\/4&Prime;][\/vc_column][\/vc_row][vc_row][vc_column][vc_empty_space height=\u00a0\u00bb10px\u00a0\u00bb][\/vc_column][\/vc_row][vc_row parallax=\u00a0\u00bbcontent-moving\u00a0\u00bb parallax_image=\u00a0\u00bb2684&Prime; el_class=\u00a0\u00bbcategorie-univers\u00a0\u00bb][vc_column][vc_custom_heading text=\u00a0\u00bbUne r\u00e9ponse pour chaque cat\u00e9gorie d\u2019\u00e9levage en alimentation et ventilation\u00a0\u00bb font_container=\u00a0\u00bbtag:h2|text_align:center|color:%23ffffff\u00a0\u00bb][vc_row_inner][vc_column_inner width=\u00a0\u00bb1\/4&Prime; offset=\u00a0\u00bbvc_col-xs-6&Prime;][vc_btn title=\u00a0\u00bbVolaille de Chair\u00a0\u00bb align=\u00a0\u00bbcenter\u00a0\u00bb link=\u00a0\u00bburl:https%3A%2F%2Ftuffigorapidex.com%2Ffr%2Fsolutions-par-especes%2Fvolaille%2Fvolaille-de-chair%2F|title:Volaille%20de%20chair\u00a0\u00bb el_class=\u00a0\u00bbvolaille-chair\u00a0\u00bb][\/vc_column_inner][vc_column_inner width=\u00a0\u00bb1\/4&Prime; offset=\u00a0\u00bbvc_col-xs-6&Prime;][vc_btn title=\u00a0\u00bbVolaille Pondeuse\u00a0\u00bb align=\u00a0\u00bbcenter\u00a0\u00bb link=\u00a0\u00bburl:https%3A%2F%2Ftuffigorapidex.com%2Ffr%2Fsolutions-par-especes%2Fvolaille%2Fvolaille-pondeuse%2F|title:Volaille%20de%20chair\u00a0\u00bb el_class=\u00a0\u00bbvolaille-pondeuse\u00a0\u00bb][\/vc_column_inner][vc_column_inner width=\u00a0\u00bb1\/4&Prime; offset=\u00a0\u00bbvc_col-xs-6&Prime;][vc_btn title=\u00a0\u00bbVolaille Reproduction\u00a0\u00bb align=\u00a0\u00bbcenter\u00a0\u00bb link=\u00a0\u00bburl:https%3A%2F%2Ftuffigorapidex.com%2Ffr%2Fsolutions-par-especes%2Fvolaille%2Fvolaille-reproduction%2F|title:Volaille%20de%20chair\u00a0\u00bb el_class=\u00a0\u00bbvolaille-repro\u00a0\u00bb][\/vc_column_inner][vc_column_inner width=\u00a0\u00bb1\/4&Prime; offset=\u00a0\u00bbvc_col-xs-6&Prime;][vc_btn title=\u00a0\u00bbVolaille Label\u00a0\u00bb align=\u00a0\u00bbcenter\u00a0\u00bb link=\u00a0\u00bburl:https%3A%2F%2Ftuffigorapidex.com%2Ffr%2Fsolutions-par-especes%2Fvolaille%2Flabel%2F|title:Vollaille%20de%20chair\u00a0\u00bb el_class=\u00a0\u00bbvolaille-label\u00a0\u00bb][\/vc_column_inner][\/vc_row_inner][\/vc_column][\/vc_row][vc_row][vc_column][vc_empty_space height=\u00a0\u00bb30px\u00a0\u00bb][vc_custom_heading text=\u00a0\u00bbD\u00e9couvrez nos ##t\u00e9moignages vid\u00e9os##\u00a0\u00bb font_container=\u00a0\u00bbtag:h2|text_align:center\u00a0\u00bb][\/vc_column][\/vc_row][vc_row gap=\u00a0\u00bb20&Prime;][vc_column width=\u00a0\u00bb1\/3&Prime;]\n<div id=\"interactive-banner-1-wrap-5836\" class=\"ult-banner-block ult-adjust-bottom-margin ult-bb-box ult-banner-block-custom-height banner-style11 \"   style=\"height:300px;\">\n\t<img src=\"https:\/\/tuffigorapidex.com\/app\/uploads\/2025\/11\/TuffigoRapidex_Volaille_Chair_300px.jpg\" alt=\"null\">\n\t<h3  data-ultimate-target='#interactive-banner-1-wrap-5836 .bb-top-title '  data-responsive-json-new='{\"font-size\":\"desktop:18px;\",\"line-height\":\"\"}'  class=\"title-left bb-top-title ult-responsive\" style=\"font-weight:bold;background:#c5071b;color:#ffffff;\">VOLAILLE DE CHAIR A PORDIC (22)<\/h3>\n\t<div class=\"mask opaque-background\" style=\"background:rgba(36,36,36,0.3);\">\n\t\t<div  data-ultimate-target='#interactive-banner-1-wrap-5836 .bb-description'  data-responsive-json-new='{\"font-size\":\"\",\"line-height\":\"\"}'  class=\"bb-description ult-responsive\" style=\"font-weight:normal;color:#ffffff;\"><\/div>\n\t<\/div><a class=\"bb-link\" href=\"https:\/\/www.youtube.com\/watch?v=RdFWt9ovP8M&#038;feature=youtu.be\" target=\"_blank\" rel=\"noopener\" ><\/a>\n<\/div>[\/vc_column][vc_column width=\u00a0\u00bb1\/3&Prime;]\n<div id=\"interactive-banner-1-wrap-2905\" class=\"ult-banner-block ult-adjust-bottom-margin ult-bb-box ult-banner-block-custom-height banner-style11 \"   style=\"height:300px;\">\n\t<img src=\"https:\/\/tuffigorapidex.com\/app\/uploads\/2025\/11\/TuffigoRapidex_Volaille-300px.jpg\" alt=\"null\">\n\t<h3  data-ultimate-target='#interactive-banner-1-wrap-2905 .bb-top-title '  data-responsive-json-new='{\"font-size\":\"desktop:18px;\",\"line-height\":\"\"}'  class=\"title-left bb-top-title ult-responsive\" style=\"font-weight:bold;background:#c5071b;color:#ffffff;\">VOLAILLE REPRO A BOUSSAC (56)<\/h3>\n\t<div class=\"mask opaque-background\" style=\"background:rgba(36,36,36,0.3);\">\n\t\t<div  data-ultimate-target='#interactive-banner-1-wrap-2905 .bb-description'  data-responsive-json-new='{\"font-size\":\"\",\"line-height\":\"\"}'  class=\"bb-description ult-responsive\" style=\"font-weight:normal;color:#ffffff;\"><\/div>\n\t<\/div><a class=\"bb-link\" href=\"https:\/\/www.youtube.com\/watch?v=UQ8dc7CJsdY\" target=\"_blank\" rel=\"noopener\" ><\/a>\n<\/div>[\/vc_column][vc_column width=\u00a0\u00bb1\/3&Prime;]\n<div id=\"interactive-banner-1-wrap-4532\" class=\"ult-banner-block ult-adjust-bottom-margin ult-bb-box ult-banner-block-custom-height banner-style11 \"   style=\"height:300px;\">\n\t<img src=\"https:\/\/tuffigorapidex.com\/app\/uploads\/2025\/11\/TuffigoRapidex_Volaille_Pondeuse-300px.jpg\" alt=\"null\">\n\t<h3  data-ultimate-target='#interactive-banner-1-wrap-4532 .bb-top-title '  data-responsive-json-new='{\"font-size\":\"desktop:18px;\",\"line-height\":\"\"}'  class=\"title-left bb-top-title ult-responsive\" style=\"font-weight:bold;background:#c5071b;color:#ffffff;\">POULES PONDEUSES BIO A ST BERTHEVIN (53)<\/h3>\n\t<div class=\"mask opaque-background\" style=\"background:rgba(36,36,36,0.3);\">\n\t\t<div  data-ultimate-target='#interactive-banner-1-wrap-4532 .bb-description'  data-responsive-json-new='{\"font-size\":\"\",\"line-height\":\"\"}'  class=\"bb-description ult-responsive\" style=\"font-weight:normal;color:#ffffff;\"><\/div>\n\t<\/div><a class=\"bb-link\" href=\"https:\/\/www.youtube.com\/watch?v=TPOaAnRulAc\" target=\"_blank\" rel=\"noopener\" ><\/a>\n<\/div>[\/vc_column][\/vc_row][vc_row][vc_column][vc_empty_space height=\u00a0\u00bb30px\u00a0\u00bb][\/vc_column][\/vc_row]<\/p>","protected":false},"excerpt":{"rendered":"<p>[vc_row][vc_column][vc_custom_heading text=\u00a0\u00bbUne gamme ##compl\u00e8te## pour l\u2019\u00e9levage avicole\u00a0\u00bb <span class=\"more\">...<\/span>","protected":false},"author":6,"featured_media":0,"parent":28,"menu_order":210,"comment_status":"closed","ping_status":"closed","template":"views\/template-univers.blade.php","meta":{"inline_featured_image":false},"acf":[],"yoast_head":"<!-- This site is optimized with the Yoast SEO plugin v21.3 - https:\/\/yoast.com\/wordpress\/plugins\/seo\/ -->\n<title>Solutions pour l\u2019\u00e9levage avicole | Tuffigo Rapidex<\/title>\n<meta name=\"robots\" content=\"index, follow, max-snippet:-1, max-image-preview:large, max-video-preview:-1\" \/>\n<link rel=\"canonical\" href=\"https:\/\/tuffigorapidex.com\/fr\/solutions-par-especes\/volaille\/\" \/>\n<meta property=\"og:locale\" content=\"fr_FR\" \/>\n<meta property=\"og:type\" content=\"article\" \/>\n<meta property=\"og:title\" content=\"Solutions pour l\u2019\u00e9levage avicole | Tuffigo Rapidex\" \/>\n<meta property=\"og:description\" content=\"[vc_row][vc_column][vc_custom_heading text=\u00a0\u00bbUne gamme ##compl\u00e8te## pour l\u2019\u00e9levage avicole\u00a0\u00bb font_container=\u00a0\u00bbtag:h2|text_align:center\u00a0\u00bb][vc_column_text el_class=\u00a0\u00bbintro\u00a0\u00bb]Avec Tuffigo Rapidex, vous \u00eates s\u00fbrs de b\u00e9n\u00e9ficier de la r\u00e9ponse la\" \/>\n<meta property=\"og:url\" content=\"https:\/\/tuffigorapidex.com\/fr\/solutions-par-especes\/volaille\/\" \/>\n<meta property=\"og:site_name\" content=\"Tuffigo Rapidex\" \/>\n<meta property=\"article:publisher\" content=\"https:\/\/www.facebook.com\/tuffigorapidexsas\/\" \/>\n<meta property=\"article:modified_time\" content=\"2025-11-17T13:23:39+00:00\" \/>\n<meta property=\"og:image\" content=\"https:\/\/tuffigorapidex.com\/app\/uploads\/2023\/12\/TUFFIGO-logo.png\" \/>\n\t<meta property=\"og:image:width\" content=\"188\" \/>\n\t<meta property=\"og:image:height\" content=\"184\" \/>\n\t<meta property=\"og:image:type\" content=\"image\/png\" \/>\n<meta name=\"twitter:card\" content=\"summary_large_image\" \/>\n<meta name=\"twitter:label1\" content=\"Dur\u00e9e de lecture estim\u00e9e\" \/>\n\t<meta name=\"twitter:data1\" content=\"2 minutes\" \/>\n<script type=\"application\/ld+json\" class=\"yoast-schema-graph\">{\"@context\":\"https:\/\/schema.org\",\"@graph\":[{\"@type\":\"WebPage\",\"@id\":\"https:\/\/tuffigorapidex.com\/fr\/solutions-par-especes\/volaille\/\",\"url\":\"https:\/\/tuffigorapidex.com\/fr\/solutions-par-especes\/volaille\/\",\"name\":\"Solutions pour l\u2019\u00e9levage avicole | Tuffigo Rapidex\",\"isPartOf\":{\"@id\":\"https:\/\/tuffigorapidex.com\/fr\/#website\"},\"datePublished\":\"2021-04-07T07:17:24+00:00\",\"dateModified\":\"2025-11-17T13:23:39+00:00\",\"breadcrumb\":{\"@id\":\"https:\/\/tuffigorapidex.com\/fr\/solutions-par-especes\/volaille\/#breadcrumb\"},\"inLanguage\":\"fr-FR\",\"potentialAction\":[{\"@type\":\"ReadAction\",\"target\":[\"https:\/\/tuffigorapidex.com\/fr\/solutions-par-especes\/volaille\/\"]}]},{\"@type\":\"BreadcrumbList\",\"@id\":\"https:\/\/tuffigorapidex.com\/fr\/solutions-par-especes\/volaille\/#breadcrumb\",\"itemListElement\":[{\"@type\":\"ListItem\",\"position\":1,\"name\":\"Accueil\",\"item\":\"https:\/\/tuffigorapidex.com\/fr\/\"},{\"@type\":\"ListItem\",\"position\":2,\"name\":\"Solutions par esp\u00e8ce\",\"item\":\"https:\/\/tuffigorapidex.com\/fr\/solutions-par-especes\/\"},{\"@type\":\"ListItem\",\"position\":3,\"name\":\"Volaille\"}]},{\"@type\":\"WebSite\",\"@id\":\"https:\/\/tuffigorapidex.com\/fr\/#website\",\"url\":\"https:\/\/tuffigorapidex.com\/fr\/\",\"name\":\"TUFFIGO RAPIDEX\",\"description\":\"Leader fran\u00e7ais des \u00e9quipements d&#039;\u00e9levage hors sol\",\"publisher\":{\"@id\":\"https:\/\/tuffigorapidex.com\/fr\/#organization\"},\"potentialAction\":[{\"@type\":\"SearchAction\",\"target\":{\"@type\":\"EntryPoint\",\"urlTemplate\":\"https:\/\/tuffigorapidex.com\/fr\/?s={search_term_string}\"},\"query-input\":\"required name=search_term_string\"}],\"inLanguage\":\"fr-FR\"},{\"@type\":\"Organization\",\"@id\":\"https:\/\/tuffigorapidex.com\/fr\/#organization\",\"name\":\"Tuffigo Rapidex\",\"url\":\"https:\/\/tuffigorapidex.com\/fr\/\",\"logo\":{\"@type\":\"ImageObject\",\"inLanguage\":\"fr-FR\",\"@id\":\"https:\/\/tuffigorapidex.com\/fr\/#\/schema\/logo\/image\/\",\"url\":\"https:\/\/tuffigorapidex.com\/app\/uploads\/2023\/12\/TUFFIGO-logo.png\",\"contentUrl\":\"https:\/\/tuffigorapidex.com\/app\/uploads\/2023\/12\/TUFFIGO-logo.png\",\"width\":188,\"height\":184,\"caption\":\"Tuffigo Rapidex\"},\"image\":{\"@id\":\"https:\/\/tuffigorapidex.com\/fr\/#\/schema\/logo\/image\/\"},\"sameAs\":[\"https:\/\/www.facebook.com\/tuffigorapidexsas\/\"]}]}<\/script>\n<!-- \/ Yoast SEO plugin. -->","yoast_head_json":{"title":"Solutions pour l\u2019\u00e9levage avicole | Tuffigo Rapidex","robots":{"index":"index","follow":"follow","max-snippet":"max-snippet:-1","max-image-preview":"max-image-preview:large","max-video-preview":"max-video-preview:-1"},"canonical":"https:\/\/tuffigorapidex.com\/fr\/solutions-par-especes\/volaille\/","og_locale":"fr_FR","og_type":"article","og_title":"Solutions pour l\u2019\u00e9levage avicole | Tuffigo Rapidex","og_description":"[vc_row][vc_column][vc_custom_heading text=\u00a0\u00bbUne gamme ##compl\u00e8te## pour l\u2019\u00e9levage avicole\u00a0\u00bb font_container=\u00a0\u00bbtag:h2|text_align:center\u00a0\u00bb][vc_column_text el_class=\u00a0\u00bbintro\u00a0\u00bb]Avec Tuffigo Rapidex, vous \u00eates s\u00fbrs de b\u00e9n\u00e9ficier de la r\u00e9ponse la","og_url":"https:\/\/tuffigorapidex.com\/fr\/solutions-par-especes\/volaille\/","og_site_name":"Tuffigo Rapidex","article_publisher":"https:\/\/www.facebook.com\/tuffigorapidexsas\/","article_modified_time":"2025-11-17T13:23:39+00:00","og_image":[{"width":188,"height":184,"url":"https:\/\/tuffigorapidex.com\/app\/uploads\/2023\/12\/TUFFIGO-logo.png","type":"image\/png"}],"twitter_card":"summary_large_image","twitter_misc":{"Dur\u00e9e de lecture estim\u00e9e":"2 minutes"},"schema":{"@context":"https:\/\/schema.org","@graph":[{"@type":"WebPage","@id":"https:\/\/tuffigorapidex.com\/fr\/solutions-par-especes\/volaille\/","url":"https:\/\/tuffigorapidex.com\/fr\/solutions-par-especes\/volaille\/","name":"Solutions pour l\u2019\u00e9levage avicole | Tuffigo Rapidex","isPartOf":{"@id":"https:\/\/tuffigorapidex.com\/fr\/#website"},"datePublished":"2021-04-07T07:17:24+00:00","dateModified":"2025-11-17T13:23:39+00:00","breadcrumb":{"@id":"https:\/\/tuffigorapidex.com\/fr\/solutions-par-especes\/volaille\/#breadcrumb"},"inLanguage":"fr-FR","potentialAction":[{"@type":"ReadAction","target":["https:\/\/tuffigorapidex.com\/fr\/solutions-par-especes\/volaille\/"]}]},{"@type":"BreadcrumbList","@id":"https:\/\/tuffigorapidex.com\/fr\/solutions-par-especes\/volaille\/#breadcrumb","itemListElement":[{"@type":"ListItem","position":1,"name":"Accueil","item":"https:\/\/tuffigorapidex.com\/fr\/"},{"@type":"ListItem","position":2,"name":"Solutions par esp\u00e8ce","item":"https:\/\/tuffigorapidex.com\/fr\/solutions-par-especes\/"},{"@type":"ListItem","position":3,"name":"Volaille"}]},{"@type":"WebSite","@id":"https:\/\/tuffigorapidex.com\/fr\/#website","url":"https:\/\/tuffigorapidex.com\/fr\/","name":"TUFFIGO RAPIDEX","description":"Leader fran\u00e7ais des \u00e9quipements d&#039;\u00e9levage hors sol","publisher":{"@id":"https:\/\/tuffigorapidex.com\/fr\/#organization"},"potentialAction":[{"@type":"SearchAction","target":{"@type":"EntryPoint","urlTemplate":"https:\/\/tuffigorapidex.com\/fr\/?s={search_term_string}"},"query-input":"required name=search_term_string"}],"inLanguage":"fr-FR"},{"@type":"Organization","@id":"https:\/\/tuffigorapidex.com\/fr\/#organization","name":"Tuffigo Rapidex","url":"https:\/\/tuffigorapidex.com\/fr\/","logo":{"@type":"ImageObject","inLanguage":"fr-FR","@id":"https:\/\/tuffigorapidex.com\/fr\/#\/schema\/logo\/image\/","url":"https:\/\/tuffigorapidex.com\/app\/uploads\/2023\/12\/TUFFIGO-logo.png","contentUrl":"https:\/\/tuffigorapidex.com\/app\/uploads\/2023\/12\/TUFFIGO-logo.png","width":188,"height":184,"caption":"Tuffigo Rapidex"},"image":{"@id":"https:\/\/tuffigorapidex.com\/fr\/#\/schema\/logo\/image\/"},"sameAs":["https:\/\/www.facebook.com\/tuffigorapidexsas\/"]}]}},"_links":{"self":[{"href":"https:\/\/tuffigorapidex.com\/fr\/wp-json\/wp\/v2\/pages\/38"}],"collection":[{"href":"https:\/\/tuffigorapidex.com\/fr\/wp-json\/wp\/v2\/pages"}],"about":[{"href":"https:\/\/tuffigorapidex.com\/fr\/wp-json\/wp\/v2\/types\/page"}],"author":[{"embeddable":true,"href":"https:\/\/tuffigorapidex.com\/fr\/wp-json\/wp\/v2\/users\/6"}],"replies":[{"embeddable":true,"href":"https:\/\/tuffigorapidex.com\/fr\/wp-json\/wp\/v2\/comments?post=38"}],"version-history":[{"count":109,"href":"https:\/\/tuffigorapidex.com\/fr\/wp-json\/wp\/v2\/pages\/38\/revisions"}],"predecessor-version":[{"id":8470,"href":"https:\/\/tuffigorapidex.com\/fr\/wp-json\/wp\/v2\/pages\/38\/revisions\/8470"}],"up":[{"embeddable":true,"href":"https:\/\/tuffigorapidex.com\/fr\/wp-json\/wp\/v2\/pages\/28"}],"wp:attachment":[{"href":"https:\/\/tuffigorapidex.com\/fr\/wp-json\/wp\/v2\/media?parent=38"}],"curies":[{"name":"wp","href":"https:\/\/api.w.org\/{rel}","templated":true}]}}