{"id":4396,"date":"2024-10-28T22:29:34","date_gmt":"2024-10-28T22:29:34","guid":{"rendered":"https:\/\/tuffigorapidex.com\/?page_id=4396"},"modified":"2026-02-04T10:35:16","modified_gmt":"2026-02-04T10:35:16","slug":"actualites-2","status":"publish","type":"page","link":"https:\/\/tuffigorapidex.com\/fr\/actualites-2\/","title":{"rendered":"Actualit\u00e9s"},"content":{"rendered":"<p>[vc_row gap=\u00a0\u00bb20&Prime; equal_height=\u00a0\u00bbyes\u00a0\u00bb][vc_column width=\u00a0\u00bb1\/4&Prime;]\n<div id=\"interactive-banner-1-wrap-4167\" class=\"ult-banner-block ult-adjust-bottom-margin ult-bb-box ult-banner-block-custom-height banner-style11 \"   style=\"height:300px;\">\n\t<img src=\"https:\/\/tuffigorapidex.com\/app\/uploads\/2026\/02\/Ferma2026Vignette.jpg\" alt=\"FERMA 2026\">\n\t<h2  data-ultimate-target='#interactive-banner-1-wrap-4167 .bb-top-title '  data-responsive-json-new='{\"font-size\":\"desktop:18px;\",\"line-height\":\"\"}'  class=\"title-left bb-top-title ult-responsive\" style=\"font-weight:bold;background:#c5071b;color:#ffffff;\">FERMA 2026<\/h2>\n\t<div class=\"mask opaque-background\" style=\"background:rgba(36,36,36,0.3);\">\n\t\t<div  data-ultimate-target='#interactive-banner-1-wrap-4167 .bb-description'  data-responsive-json-new='{\"font-size\":\"\",\"line-height\":\"\"}'  class=\"bb-description ult-responsive\" style=\"font-weight:normal;color:#ffffff;\"><\/div>\n\t<\/div><a class=\"bb-link\" href=\"https:\/\/tuffigorapidex.com\/fr\/ferma-2026\/\" title=\"Salon FERMA 2026\" ><\/a>\n<\/div>[\/vc_column][vc_column width=\u00a0\u00bb1\/4&Prime;]\n<div id=\"interactive-banner-1-wrap-6681\" class=\"ult-banner-block ult-adjust-bottom-margin ult-bb-box ult-banner-block-custom-height banner-style11 \"   style=\"height:300px;\">\n\t<img src=\"https:\/\/tuffigorapidex.com\/app\/uploads\/2025\/11\/TechElevage2025.jpg\" alt=\"Tech Elevage 2025\">\n\t<h2  data-ultimate-target='#interactive-banner-1-wrap-6681 .bb-top-title '  data-responsive-json-new='{\"font-size\":\"desktop:18px;\",\"line-height\":\"\"}'  class=\"title-left bb-top-title ult-responsive\" style=\"font-weight:bold;background:#c5071b;color:#ffffff;\">TECH ELEVAGE 2025<\/h2>\n\t<div class=\"mask opaque-background\" style=\"background:rgba(36,36,36,0.3);\">\n\t\t<div  data-ultimate-target='#interactive-banner-1-wrap-6681 .bb-description'  data-responsive-json-new='{\"font-size\":\"\",\"line-height\":\"\"}'  class=\"bb-description ult-responsive\" style=\"font-weight:normal;color:#ffffff;\"><\/div>\n\t<\/div><a class=\"bb-link\" href=\"https:\/\/tuffigorapidex.com\/fr\/tech-elevage-2025\/\" title=\"Portes Ouvertes\" ><\/a>\n<\/div>[\/vc_column][vc_column width=\u00a0\u00bb1\/4&Prime;]\n<div id=\"interactive-banner-1-wrap-1118\" class=\"ult-banner-block ult-adjust-bottom-margin ult-bb-box ult-banner-block-custom-height banner-style11 \"   style=\"height:300px;\">\n\t<img src=\"https:\/\/tuffigorapidex.com\/app\/uploads\/2025\/09\/SPACE2025_visuel-carre.jpg\" alt=\"null\">\n\t<h2  data-ultimate-target='#interactive-banner-1-wrap-1118 .bb-top-title '  data-responsive-json-new='{\"font-size\":\"desktop:18px;\",\"line-height\":\"\"}'  class=\"title-left bb-top-title ult-responsive\" style=\"font-weight:bold;background:#c5071b;color:#ffffff;\">SPACE 2025<\/h2>\n\t<div class=\"mask opaque-background\" style=\"background:rgba(36,36,36,0.3);\">\n\t\t<div  data-ultimate-target='#interactive-banner-1-wrap-1118 .bb-description'  data-responsive-json-new='{\"font-size\":\"\",\"line-height\":\"\"}'  class=\"bb-description ult-responsive\" style=\"font-weight:normal;color:#ffffff;\"><\/div>\n\t<\/div><a class=\"bb-link\" href=\"https:\/\/tuffigorapidex.com\/fr\/space-2025\/\" title=\"Portes Ouvertes\" ><\/a>\n<\/div>[\/vc_column][vc_column width=\u00a0\u00bb1\/4&Prime;]\n<div id=\"interactive-banner-1-wrap-9349\" class=\"ult-banner-block ult-adjust-bottom-margin ult-bb-box ult-banner-block-custom-height banner-style11 \"   style=\"height:300px;\">\n\t<img src=\"https:\/\/tuffigorapidex.com\/app\/uploads\/2025\/03\/figan-2025-cartel-web.jpg\" alt=\"Figan 2025\">\n\t<h2  data-ultimate-target='#interactive-banner-1-wrap-9349 .bb-top-title '  data-responsive-json-new='{\"font-size\":\"desktop:18px;\",\"line-height\":\"\"}'  class=\"title-left bb-top-title ult-responsive\" style=\"font-weight:bold;background:#c5071b;color:#ffffff;\">FIGAN 2025<\/h2>\n\t<div class=\"mask opaque-background\" style=\"background:rgba(36,36,36,0.3);\">\n\t\t<div  data-ultimate-target='#interactive-banner-1-wrap-9349 .bb-description'  data-responsive-json-new='{\"font-size\":\"\",\"line-height\":\"\"}'  class=\"bb-description ult-responsive\" style=\"font-weight:normal;color:#ffffff;\"><\/div>\n\t<\/div><a class=\"bb-link\" href=\"https:\/\/tuffigorapidex.com\/fr\/figan-2025\/\" title=\"Salon Figan 2025\" ><\/a>\n<\/div>[\/vc_column][\/vc_row]<\/p>","protected":false},"excerpt":{"rendered":"<p>[vc_row gap=\u00a0\u00bb20&Prime; equal_height=\u00a0\u00bbyes\u00a0\u00bb][vc_column width=\u00a0\u00bb1\/4&Prime;][\/vc_column][vc_column <span class=\"more\">...<\/span>","protected":false},"author":8,"featured_media":2753,"parent":0,"menu_order":0,"comment_status":"closed","ping_status":"closed","template":"","meta":{"inline_featured_image":false},"acf":[],"yoast_head":"<!-- This site is optimized with the Yoast SEO plugin v21.3 - https:\/\/yoast.com\/wordpress\/plugins\/seo\/ -->\n<title>Actualit\u00e9s | Tuffigo Rapidex<\/title>\n<meta name=\"robots\" content=\"index, follow, max-snippet:-1, max-image-preview:large, max-video-preview:-1\" \/>\n<link rel=\"canonical\" href=\"https:\/\/tuffigorapidex.com\/fr\/actualites-2\/\" \/>\n<meta property=\"og:locale\" content=\"fr_FR\" \/>\n<meta property=\"og:type\" content=\"article\" \/>\n<meta property=\"og:title\" content=\"Actualit\u00e9s | Tuffigo Rapidex\" \/>\n<meta property=\"og:description\" content=\"[vc_row gap=\u00a0\u00bb20&Prime; equal_height=\u00a0\u00bbyes\u00a0\u00bb][vc_column width=\u00a0\u00bb1\/4&Prime;][\/vc_column][vc_column width=\u00a0\u00bb1\/4&Prime;][\/vc_column][vc_column width=\u00a0\u00bb1\/4&Prime;][\/vc_column][vc_column width=\u00a0\u00bb1\/4&Prime;][\/vc_column][\/vc_row]\" \/>\n<meta property=\"og:url\" content=\"https:\/\/tuffigorapidex.com\/fr\/actualites-2\/\" \/>\n<meta property=\"og:site_name\" content=\"Tuffigo Rapidex\" \/>\n<meta property=\"article:publisher\" content=\"https:\/\/www.facebook.com\/tuffigorapidexsas\/\" \/>\n<meta property=\"article:modified_time\" content=\"2026-02-04T10:35:16+00:00\" \/>\n<meta property=\"og:image\" content=\"https:\/\/tuffigorapidex.com\/app\/uploads\/2022\/07\/TuffigoRapidex_Volaille_Concept_EntreeAir_Cheminee.jpg\" \/>\n\t<meta property=\"og:image:width\" content=\"1920\" \/>\n\t<meta property=\"og:image:height\" content=\"960\" \/>\n\t<meta property=\"og:image:type\" content=\"image\/jpeg\" \/>\n<meta name=\"twitter:card\" content=\"summary_large_image\" \/>\n<meta name=\"twitter:label1\" content=\"Dur\u00e9e de lecture estim\u00e9e\" \/>\n\t<meta name=\"twitter:data1\" content=\"1 minute\" \/>\n<script type=\"application\/ld+json\" class=\"yoast-schema-graph\">{\"@context\":\"https:\/\/schema.org\",\"@graph\":[{\"@type\":\"WebPage\",\"@id\":\"https:\/\/tuffigorapidex.com\/fr\/actualites-2\/\",\"url\":\"https:\/\/tuffigorapidex.com\/fr\/actualites-2\/\",\"name\":\"Actualit\u00e9s | Tuffigo Rapidex\",\"isPartOf\":{\"@id\":\"https:\/\/tuffigorapidex.com\/fr\/#website\"},\"datePublished\":\"2024-10-28T22:29:34+00:00\",\"dateModified\":\"2026-02-04T10:35:16+00:00\",\"breadcrumb\":{\"@id\":\"https:\/\/tuffigorapidex.com\/fr\/actualites-2\/#breadcrumb\"},\"inLanguage\":\"fr-FR\",\"potentialAction\":[{\"@type\":\"ReadAction\",\"target\":[\"https:\/\/tuffigorapidex.com\/fr\/actualites-2\/\"]}]},{\"@type\":\"BreadcrumbList\",\"@id\":\"https:\/\/tuffigorapidex.com\/fr\/actualites-2\/#breadcrumb\",\"itemListElement\":[{\"@type\":\"ListItem\",\"position\":1,\"name\":\"Accueil\",\"item\":\"https:\/\/tuffigorapidex.com\/fr\/\"},{\"@type\":\"ListItem\",\"position\":2,\"name\":\"Actualit\u00e9s\"}]},{\"@type\":\"WebSite\",\"@id\":\"https:\/\/tuffigorapidex.com\/fr\/#website\",\"url\":\"https:\/\/tuffigorapidex.com\/fr\/\",\"name\":\"TUFFIGO RAPIDEX\",\"description\":\"Leader fran\u00e7ais des \u00e9quipements d&#039;\u00e9levage hors sol\",\"publisher\":{\"@id\":\"https:\/\/tuffigorapidex.com\/fr\/#organization\"},\"potentialAction\":[{\"@type\":\"SearchAction\",\"target\":{\"@type\":\"EntryPoint\",\"urlTemplate\":\"https:\/\/tuffigorapidex.com\/fr\/?s={search_term_string}\"},\"query-input\":\"required name=search_term_string\"}],\"inLanguage\":\"fr-FR\"},{\"@type\":\"Organization\",\"@id\":\"https:\/\/tuffigorapidex.com\/fr\/#organization\",\"name\":\"Tuffigo Rapidex\",\"url\":\"https:\/\/tuffigorapidex.com\/fr\/\",\"logo\":{\"@type\":\"ImageObject\",\"inLanguage\":\"fr-FR\",\"@id\":\"https:\/\/tuffigorapidex.com\/fr\/#\/schema\/logo\/image\/\",\"url\":\"https:\/\/tuffigorapidex.com\/app\/uploads\/2023\/12\/TUFFIGO-logo.png\",\"contentUrl\":\"https:\/\/tuffigorapidex.com\/app\/uploads\/2023\/12\/TUFFIGO-logo.png\",\"width\":188,\"height\":184,\"caption\":\"Tuffigo Rapidex\"},\"image\":{\"@id\":\"https:\/\/tuffigorapidex.com\/fr\/#\/schema\/logo\/image\/\"},\"sameAs\":[\"https:\/\/www.facebook.com\/tuffigorapidexsas\/\"]}]}<\/script>\n<!-- \/ Yoast SEO plugin. -->","yoast_head_json":{"title":"Actualit\u00e9s | Tuffigo Rapidex","robots":{"index":"index","follow":"follow","max-snippet":"max-snippet:-1","max-image-preview":"max-image-preview:large","max-video-preview":"max-video-preview:-1"},"canonical":"https:\/\/tuffigorapidex.com\/fr\/actualites-2\/","og_locale":"fr_FR","og_type":"article","og_title":"Actualit\u00e9s | Tuffigo Rapidex","og_description":"[vc_row gap=\u00a0\u00bb20&Prime; equal_height=\u00a0\u00bbyes\u00a0\u00bb][vc_column width=\u00a0\u00bb1\/4&Prime;][\/vc_column][vc_column width=\u00a0\u00bb1\/4&Prime;][\/vc_column][vc_column width=\u00a0\u00bb1\/4&Prime;][\/vc_column][vc_column width=\u00a0\u00bb1\/4&Prime;][\/vc_column][\/vc_row]","og_url":"https:\/\/tuffigorapidex.com\/fr\/actualites-2\/","og_site_name":"Tuffigo Rapidex","article_publisher":"https:\/\/www.facebook.com\/tuffigorapidexsas\/","article_modified_time":"2026-02-04T10:35:16+00:00","og_image":[{"width":1920,"height":960,"url":"https:\/\/tuffigorapidex.com\/app\/uploads\/2022\/07\/TuffigoRapidex_Volaille_Concept_EntreeAir_Cheminee.jpg","type":"image\/jpeg"}],"twitter_card":"summary_large_image","twitter_misc":{"Dur\u00e9e de lecture estim\u00e9e":"1 minute"},"schema":{"@context":"https:\/\/schema.org","@graph":[{"@type":"WebPage","@id":"https:\/\/tuffigorapidex.com\/fr\/actualites-2\/","url":"https:\/\/tuffigorapidex.com\/fr\/actualites-2\/","name":"Actualit\u00e9s | Tuffigo Rapidex","isPartOf":{"@id":"https:\/\/tuffigorapidex.com\/fr\/#website"},"datePublished":"2024-10-28T22:29:34+00:00","dateModified":"2026-02-04T10:35:16+00:00","breadcrumb":{"@id":"https:\/\/tuffigorapidex.com\/fr\/actualites-2\/#breadcrumb"},"inLanguage":"fr-FR","potentialAction":[{"@type":"ReadAction","target":["https:\/\/tuffigorapidex.com\/fr\/actualites-2\/"]}]},{"@type":"BreadcrumbList","@id":"https:\/\/tuffigorapidex.com\/fr\/actualites-2\/#breadcrumb","itemListElement":[{"@type":"ListItem","position":1,"name":"Accueil","item":"https:\/\/tuffigorapidex.com\/fr\/"},{"@type":"ListItem","position":2,"name":"Actualit\u00e9s"}]},{"@type":"WebSite","@id":"https:\/\/tuffigorapidex.com\/fr\/#website","url":"https:\/\/tuffigorapidex.com\/fr\/","name":"TUFFIGO RAPIDEX","description":"Leader fran\u00e7ais des \u00e9quipements d&#039;\u00e9levage hors sol","publisher":{"@id":"https:\/\/tuffigorapidex.com\/fr\/#organization"},"potentialAction":[{"@type":"SearchAction","target":{"@type":"EntryPoint","urlTemplate":"https:\/\/tuffigorapidex.com\/fr\/?s={search_term_string}"},"query-input":"required name=search_term_string"}],"inLanguage":"fr-FR"},{"@type":"Organization","@id":"https:\/\/tuffigorapidex.com\/fr\/#organization","name":"Tuffigo Rapidex","url":"https:\/\/tuffigorapidex.com\/fr\/","logo":{"@type":"ImageObject","inLanguage":"fr-FR","@id":"https:\/\/tuffigorapidex.com\/fr\/#\/schema\/logo\/image\/","url":"https:\/\/tuffigorapidex.com\/app\/uploads\/2023\/12\/TUFFIGO-logo.png","contentUrl":"https:\/\/tuffigorapidex.com\/app\/uploads\/2023\/12\/TUFFIGO-logo.png","width":188,"height":184,"caption":"Tuffigo Rapidex"},"image":{"@id":"https:\/\/tuffigorapidex.com\/fr\/#\/schema\/logo\/image\/"},"sameAs":["https:\/\/www.facebook.com\/tuffigorapidexsas\/"]}]}},"_links":{"self":[{"href":"https:\/\/tuffigorapidex.com\/fr\/wp-json\/wp\/v2\/pages\/4396"}],"collection":[{"href":"https:\/\/tuffigorapidex.com\/fr\/wp-json\/wp\/v2\/pages"}],"about":[{"href":"https:\/\/tuffigorapidex.com\/fr\/wp-json\/wp\/v2\/types\/page"}],"author":[{"embeddable":true,"href":"https:\/\/tuffigorapidex.com\/fr\/wp-json\/wp\/v2\/users\/8"}],"replies":[{"embeddable":true,"href":"https:\/\/tuffigorapidex.com\/fr\/wp-json\/wp\/v2\/comments?post=4396"}],"version-history":[{"count":30,"href":"https:\/\/tuffigorapidex.com\/fr\/wp-json\/wp\/v2\/pages\/4396\/revisions"}],"predecessor-version":[{"id":8903,"href":"https:\/\/tuffigorapidex.com\/fr\/wp-json\/wp\/v2\/pages\/4396\/revisions\/8903"}],"wp:featuredmedia":[{"embeddable":true,"href":"https:\/\/tuffigorapidex.com\/fr\/wp-json\/wp\/v2\/media\/2753"}],"wp:attachment":[{"href":"https:\/\/tuffigorapidex.com\/fr\/wp-json\/wp\/v2\/media?parent=4396"}],"curies":[{"name":"wp","href":"https:\/\/api.w.org\/{rel}","templated":true}]}}