{"id":6,"date":"2021-02-15T13:47:49","date_gmt":"2021-02-15T13:47:49","guid":{"rendered":"https:\/\/tuffigorapidex.com\/?page_id=6"},"modified":"2025-11-25T11:02:04","modified_gmt":"2025-11-25T11:02:04","slug":"accueil","status":"publish","type":"page","link":"https:\/\/tuffigorapidex.com\/fr\/","title":{"rendered":"Accueil"},"content":{"rendered":"<p>[vc_row][vc_column][vc_custom_heading text=\u00a0\u00bbVentilation ou ##alimentation##<br \/>des solutions ##performantes## pour chaque esp\u00e8ce\u00a0\u00bb font_container=\u00a0\u00bbtag:h2|text_align:center\u00a0\u00bb][vc_column_text el_class=\u00a0\u00bbsoustitre\u00a0\u00bb]<\/p><p style=\"text-align: center;\">Tuffigo Rapidex, concepteur de solutions innovantes et intuitives, lib\u00e9ratrices de temps et d\u2019\u00e9nergie pour les \u00e9leveurs.<br \/>Dans le domaine de la ventilation ou de l\u2019alimentation ainsi que la connectivit\u00e9 et la collecte de Data, les \u00e9quipes de Tuffigo Rapidex \u00e9laborent, con\u00e7oivent des produits automatis\u00e9s innovants con\u00e7us avec et pour les \u00e9leveurs afin de leur faciliter leur conduite zootechnique au quotidien<\/p><p>[\/vc_column_text][\/vc_column][\/vc_row][vc_row][vc_column][vc_row_inner gap=\u00a0\u00bb35&Prime; el_class=\u00a0\u00bbespeces\u00a0\u00bb][vc_column_inner width=\u00a0\u00bb1\/4&Prime;][vc_raw_html]JTNDYSUyMGNsYXNzJTNEJTIyZXNwZWNlcy1saW5rJTIwdm9sYWlsbGUlMjIlMjBocmVmJTNEJTIyJTJGdm9sYWlsbGUlMkYlMjIlMjBhcmlhLWxhYmVsJTNEJTIyVm9sYWlsbGUlMjIlM0UlMEElM0NzcGFuJTIwY2xhc3MlM0QlMjJpbWFnZSUyMiUzRSUzQ2ltZyUyMHdpZHRoJTNEJTIyNDgwJTIyJTIwaGVpZ2h0JTNEJTIyNDgwJTIyJTIwc3JjJTNEJTIyaHR0cHMlM0ElMkYlMkZ0dWZmaWdvcmFwaWRleC5jb20lMkZhcHAlMkZ1cGxvYWRzJTJGMjAyMiUyRjA2JTJGdm9sYWlsbGUuanBnJTIyJTIwY2xhc3MlM0QlMjJhdHRhY2htZW50LXNtYWxsZGV2aWNlJTIwc2l6ZS1zbWFsbGRldmljZSUyMiUyMGFsdCUzRCUyMiUyMiUyMGRlY29kaW5nJTNEJTIyYXN5bmMlMjIlMjBsb2FkaW5nJTNEJTIybGF6eSUyMiUyMHNyY3NldCUzRCUyMmh0dHBzJTNBJTJGJTJGdHVmZmlnb3JhcGlkZXguY29tJTJGYXBwJTJGdXBsb2FkcyUyRjIwMjIlMkYwNiUyRnZvbGFpbGxlLmpwZyUyMDQ4MHclMkMlMjBodHRwcyUzQSUyRiUyRnR1ZmZpZ29yYXBpZGV4LmNvbSUyRmFwcCUyRnVwbG9hZHMlMkYyMDIyJTJGMDYlMkZ2b2xhaWxsZS0xNTB4MTUwLmpwZyUyMDE1MHclMkMlMjBodHRwcyUzQSUyRiUyRnR1ZmZpZ29yYXBpZGV4LmNvbSUyRmFwcCUyRnVwbG9hZHMlMkYyMDIyJTJGMDYlMkZ2b2xhaWxsZS0zMDB4MzAwLmpwZyUyMDMwMHclMkMlMjBodHRwcyUzQSUyRiUyRnR1ZmZpZ29yYXBpZGV4LmNvbSUyRmFwcCUyRnVwbG9hZHMlMkYyMDIyJTJGMDYlMkZ2b2xhaWxsZS0zMjB4MzIwLmpwZyUyMDMyMHclMkMlMjBodHRwcyUzQSUyRiUyRnR1ZmZpZ29yYXBpZGV4LmNvbSUyRmFwcCUyRnVwbG9hZHMlMkYyMDIyJTJGMDYlMkZ2b2xhaWxsZS03NXg3NS5qcGclMjA3NXclMjIlMjBzaXplcyUzRCUyMiUyOG1heC13aWR0aCUzQSUyMDQ4MHB4JTI5JTIwMTAwdnclMkMlMjA0ODBweCUyMiUzRSUzQyUyRnNwYW4lM0UlMEElM0NoMyUyMGNsYXNzJTNEJTIydGl0bGUlMjIlM0VWb2xhaWxsZSUzQyUyRmgzJTNFJTBBJTNDJTJGYSUzRQ==[\/vc_raw_html][\/vc_column_inner][vc_column_inner width=\u00a0\u00bb1\/4&Prime;][vc_raw_html]JTNDYSUyMGNsYXNzJTNEJTIyZXNwZWNlcy1saW5rJTIwcG9yYyUyMiUyMGhyZWYlM0QlMjIlMkZwb3JjJTJGJTIyJTIwYXJpYS1sYWJlbCUzRCUyMlBvcmMlMjIlM0UlMEElM0NzcGFuJTIwY2xhc3MlM0QlMjJpbWFnZSUyMiUzRSUzQ2ltZyUyMHdpZHRoJTNEJTIyNDgwJTIyJTIwaGVpZ2h0JTNEJTIyNDgwJTIyJTIwc3JjJTNEJTIyaHR0cHMlM0ElMkYlMkZ0dWZmaWdvcmFwaWRleC5jb20lMkZhcHAlMkZ1cGxvYWRzJTJGMjAyMiUyRjA2JTJGcG9yYy5qcGclMjIlMjBjbGFzcyUzRCUyMmF0dGFjaG1lbnQtc21hbGxkZXZpY2UlMjBzaXplLXNtYWxsZGV2aWNlJTIyJTIwYWx0JTNEJTIyJTIyJTIwZGVjb2RpbmclM0QlMjJhc3luYyUyMiUyMGxvYWRpbmclM0QlMjJsYXp5JTIyJTIwc3Jjc2V0JTNEJTIyaHR0cHMlM0ElMkYlMkZ0dWZmaWdvcmFwaWRleC5jb20lMkZhcHAlMkZ1cGxvYWRzJTJGMjAyMiUyRjA2JTJGcG9yYy5qcGclMjA0ODB3JTJDJTIwaHR0cHMlM0ElMkYlMkZ0dWZmaWdvcmFwaWRleC5jb20lMkZhcHAlMkZ1cGxvYWRzJTJGMjAyMiUyRjA2JTJGcG9yYy0xNTB4MTUwLmpwZyUyMDE1MHclMkMlMjBodHRwcyUzQSUyRiUyRnR1ZmZpZ29yYXBpZGV4LmNvbSUyRmFwcCUyRnVwbG9hZHMlMkYyMDIyJTJGMDYlMkZwb3JjLTMwMHgzMDAuanBnJTIwMzAwdyUyQyUyMGh0dHBzJTNBJTJGJTJGdHVmZmlnb3JhcGlkZXguY29tJTJGYXBwJTJGdXBsb2FkcyUyRjIwMjIlMkYwNiUyRnBvcmMtMzIweDMyMC5qcGclMjAzMjB3JTJDJTIwaHR0cHMlM0ElMkYlMkZ0dWZmaWdvcmFwaWRleC5jb20lMkZhcHAlMkZ1cGxvYWRzJTJGMjAyMiUyRjA2JTJGcG9yYy03NXg3NS5qcGclMjA3NXclMjIlMjBzaXplcyUzRCUyMiUyOG1heC13aWR0aCUzQSUyMDQ4MHB4JTI5JTIwMTAwdnclMkMlMjA0ODBweCUyMiUzRSUzQyUyRnNwYW4lM0UlMEElM0NoMyUyMGNsYXNzJTNEJTIydGl0bGUlMjIlM0VQb3JjJTNDJTJGaDMlM0UlMEElM0MlMkZhJTNF[\/vc_raw_html][\/vc_column_inner][vc_column_inner width=\u00a0\u00bb1\/4&Prime;][vc_raw_html]JTNDYSUyMGNsYXNzJTNEJTIyZXNwZWNlcy1saW5rJTIwYm92aW4lMjIlMjBocmVmJTNEJTIyJTJGcnVtaW5hbnQlMkYlMjIlMjBhcmlhLWxhYmVsJTNEJTIyUnVtaW5hbnQlMjIlM0UlMEElM0NzcGFuJTIwY2xhc3MlM0QlMjJpbWFnZSUyMiUzRSUzQ2ltZyUyMHdpZHRoJTNEJTIyNDgwJTIyJTIwaGVpZ2h0JTNEJTIyNDgwJTIyJTIwc3JjJTNEJTIyaHR0cHMlM0ElMkYlMkZ0dWZmaWdvcmFwaWRleC5jb20lMkZhcHAlMkZ1cGxvYWRzJTJGMjAyMiUyRjA2JTJGcnVtaW5hbnQuanBnJTIyJTIwY2xhc3MlM0QlMjJhdHRhY2htZW50LXNtYWxsZGV2aWNlJTIwc2l6ZS1zbWFsbGRldmljZSUyMiUyMGFsdCUzRCUyMiUyMiUyMGRlY29kaW5nJTNEJTIyYXN5bmMlMjIlMjBsb2FkaW5nJTNEJTIybGF6eSUyMiUyMHNyY3NldCUzRCUyMmh0dHBzJTNBJTJGJTJGdHVmZmlnb3JhcGlkZXguY29tJTJGYXBwJTJGdXBsb2FkcyUyRjIwMjIlMkYwNiUyRnJ1bWluYW50LmpwZyUyMDQ4MHclMkMlMjBodHRwcyUzQSUyRiUyRnR1ZmZpZ29yYXBpZGV4LmNvbSUyRmFwcCUyRnVwbG9hZHMlMkYyMDIyJTJGMDYlMkZydW1pbmFudC0xNTB4MTUwLmpwZyUyMDE1MHclMkMlMjBodHRwcyUzQSUyRiUyRnR1ZmZpZ29yYXBpZGV4LmNvbSUyRmFwcCUyRnVwbG9hZHMlMkYyMDIyJTJGMDYlMkZydW1pbmFudC0zMDB4MzAwLmpwZyUyMDMwMHclMkMlMjBodHRwcyUzQSUyRiUyRnR1ZmZpZ29yYXBpZGV4LmNvbSUyRmFwcCUyRnVwbG9hZHMlMkYyMDIyJTJGMDYlMkZydW1pbmFudC0zMjB4MzIwLmpwZyUyMDMyMHclMkMlMjBodHRwcyUzQSUyRiUyRnR1ZmZpZ29yYXBpZGV4LmNvbSUyRmFwcCUyRnVwbG9hZHMlMkYyMDIyJTJGMDYlMkZydW1pbmFudC03NXg3NS5qcGclMjA3NXclMjIlMjBzaXplcyUzRCUyMiUyOG1heC13aWR0aCUzQSUyMDQ4MHB4JTI5JTIwMTAwdnclMkMlMjA0ODBweCUyMiUzRSUzQyUyRnNwYW4lM0UlMEElM0NoMyUyMGNsYXNzJTNEJTIydGl0bGUlMjIlM0VSdW1pbmFudCUzQyUyRmgzJTNFJTBBJTNDJTJGYSUzRQ==[\/vc_raw_html][\/vc_column_inner][vc_column_inner width=\u00a0\u00bb1\/4&Prime;][vc_raw_html]JTNDYSUyMGNsYXNzJTNEJTIyZXNwZWNlcy1saW5rJTIwYXV0cmUlMjIlMjBocmVmJTNEJTIyJTJGYXV0cmVzLWVzcGVjZXMlMkYlMjIlMjBhcmlhLWxhYmVsJTNEJTIyQXV0cmVzJTIwRXNwJUMzJUE4Y2VzJTIyJTNFJTBBJTNDc3BhbiUyMGNsYXNzJTNEJTIyaW1hZ2UlMjIlM0UlM0NpbWclMjB3aWR0aCUzRCUyMjQ4MCUyMiUyMGhlaWdodCUzRCUyMjQ4MCUyMiUyMHNyYyUzRCUyMmh0dHBzJTNBJTJGJTJGdHVmZmlnb3JhcGlkZXguY29tJTJGYXBwJTJGdXBsb2FkcyUyRjIwMjIlMkYwNiUyRmF1dHJlLmpwZyUyMiUyMGNsYXNzJTNEJTIyYXR0YWNobWVudC1zbWFsbGRldmljZSUyMHNpemUtc21hbGxkZXZpY2UlMjIlMjBhbHQlM0QlMjIlMjIlMjBkZWNvZGluZyUzRCUyMmFzeW5jJTIyJTIwbG9hZGluZyUzRCUyMmxhenklMjIlMjBzcmNzZXQlM0QlMjJodHRwcyUzQSUyRiUyRnR1ZmZpZ29yYXBpZGV4LmNvbSUyRmFwcCUyRnVwbG9hZHMlMkYyMDIyJTJGMDYlMkZhdXRyZS5qcGclMjA0ODB3JTJDJTIwaHR0cHMlM0ElMkYlMkZ0dWZmaWdvcmFwaWRleC5jb20lMkZhcHAlMkZ1cGxvYWRzJTJGMjAyMiUyRjA2JTJGYXV0cmUtMTUweDE1MC5qcGclMjAxNTB3JTJDJTIwaHR0cHMlM0ElMkYlMkZ0dWZmaWdvcmFwaWRleC5jb20lMkZhcHAlMkZ1cGxvYWRzJTJGMjAyMiUyRjA2JTJGYXV0cmUtMzAweDMwMC5qcGclMjAzMDB3JTJDJTIwaHR0cHMlM0ElMkYlMkZ0dWZmaWdvcmFwaWRleC5jb20lMkZhcHAlMkZ1cGxvYWRzJTJGMjAyMiUyRjA2JTJGYXV0cmUtMzIweDMyMC5qcGclMjAzMjB3JTJDJTIwaHR0cHMlM0ElMkYlMkZ0dWZmaWdvcmFwaWRleC5jb20lMkZhcHAlMkZ1cGxvYWRzJTJGMjAyMiUyRjA2JTJGYXV0cmUtNzV4NzUuanBnJTIwNzV3JTIyJTIwc2l6ZXMlM0QlMjIlMjhtYXgtd2lkdGglM0ElMjA0ODBweCUyOSUyMDEwMHZ3JTJDJTIwNDgwcHglMjIlM0UlM0MlMkZzcGFuJTNFJTBBJTNDaDMlMjBjbGFzcyUzRCUyMnRpdGxlJTIyJTNFQXV0cmVzJTIwRXNwJUMzJUE4Y2VzJTNDJTJGaDMlM0UlMEElM0MlMkZhJTNF[\/vc_raw_html][\/vc_column_inner][\/vc_row_inner][\/vc_column][\/vc_row][vc_row equal_height=\u00a0\u00bbyes\u00a0\u00bb content_placement=\u00a0\u00bbmiddle\u00a0\u00bb css_animation=\u00a0\u00bbfadeIn\u00a0\u00bb el_class=\u00a0\u00bbhomeblock left\u00a0\u00bb][vc_column][vc_row_inner equal_height=\u00a0\u00bbyes\u00a0\u00bb content_placement=\u00a0\u00bbmiddle\u00a0\u00bb][vc_column_inner el_class=\u00a0\u00bbcol-img\u00a0\u00bb width=\u00a0\u00bb1\/2&Prime;][vc_video link=\u00a0\u00bbhttps:\/\/youtu.be\/eUc0nppqYNs\u00a0\u00bb][\/vc_column_inner][vc_column_inner el_class=\u00a0\u00bbcol-text first\u00a0\u00bb width=\u00a0\u00bb1\/2&Prime;][vc_custom_heading text=\u00a0\u00bbTuffigo Rapidex con\u00e7oit des ##solutions## pour les ##\u00e9levages##<br \/>d\u2019aujourd\u2019hui et pour le futur\u00a0\u00bb][vc_column_text]<\/p><p>Votre projet d\u2019\u00e9levage sera pilot\u00e9 et con\u00e7u par nos comp\u00e9tences en interne ce qui fait notre force.<br \/>Nos \u00e9quipes travaillent au quotidien pour concevoir, tester, mettre au point, am\u00e9liorer et modifier les produits et les programmes informatiques de l\u2019ensemble de notre gamme. La R&amp;D assure la phase de conception \u00e0 partir d\u2019un cahier des charges suite \u00e0 une id\u00e9e venant du terrain, une nouvelle norme ou un besoin client pr\u00e9cis.<\/p><p>[\/vc_column_text][vc_btn title=\u00a0\u00bbEn savoir plus\u00a0\u00bb link=\u00a0\u00bburl:https%3A%2F%2Ftuffigorapidex.com%2Ffr%2Fsolutions-par-especes%2F|title:Proc%C3%A9d%C3%A9s%20de%20fabrication\u00a0\u00bb][\/vc_column_inner][\/vc_row_inner][\/vc_column][\/vc_row][vc_row equal_height=\u00a0\u00bbyes\u00a0\u00bb content_placement=\u00a0\u00bbmiddle\u00a0\u00bb css_animation=\u00a0\u00bbfadeIn\u00a0\u00bb el_class=\u00a0\u00bbhomeblock right\u00a0\u00bb][vc_column][vc_row_inner equal_height=\u00a0\u00bbyes\u00a0\u00bb content_placement=\u00a0\u00bbmiddle\u00a0\u00bb][vc_column_inner el_class=\u00a0\u00bbcol-text second\u00a0\u00bb width=\u00a0\u00bb1\/2&Prime;][vc_custom_heading text=\u00a0\u00bbB\u00e9n\u00e9ficiez de tous les ##services Tuffigo##\u00a0\u00bb][vc_column_text]<\/p><p>Tuffigo Rapidex est une entreprise familiale qui con\u00e7oit et fabrique ses \u00e9quipements. Aussi, nous avons pour principe d\u2019accompagner chacun de nos clients et de d\u00e9velopper avec lui nos valeurs : la confiance, l\u2019\u00e9coute, la r\u00e9activit\u00e9, la proximit\u00e9 et l\u2019anticipation de ses besoins. C\u2019est pourquoi nous nous engageons \u00e0 ses c\u00f4t\u00e9s pour lui garantir la solution qui correspond parfaitement \u00e0 ses objectifs.<\/p><p>[\/vc_column_text][vc_btn title=\u00a0\u00bbEn savoir plus\u00a0\u00bb link=\u00a0\u00bburl:https%3A%2F%2Ftuffigorapidex.com%2Ffr%2Faccompagnement%2Fcentre-de-services%2F|title:service\u00a0\u00bb][\/vc_column_inner][vc_column_inner el_class=\u00a0\u00bbcol-img\u00a0\u00bb width=\u00a0\u00bb1\/2&Prime;][vc_single_image image=\u00a0\u00bb2288&Prime; img_size=\u00a0\u00bbfull\u00a0\u00bb][\/vc_column_inner][\/vc_row_inner][\/vc_column][\/vc_row][vc_row equal_height=\u00a0\u00bbyes\u00a0\u00bb content_placement=\u00a0\u00bbmiddle\u00a0\u00bb css_animation=\u00a0\u00bbfadeIn\u00a0\u00bb el_class=\u00a0\u00bbhomeblock left\u00a0\u00bb el_id=\u00a0\u00bbROW3&Prime;][vc_column][vc_row_inner equal_height=\u00a0\u00bbyes\u00a0\u00bb content_placement=\u00a0\u00bbmiddle\u00a0\u00bb][vc_column_inner el_class=\u00a0\u00bbcol-img\u00a0\u00bb width=\u00a0\u00bb1\/2&Prime;][vc_single_image image=\u00a0\u00bb616&Prime; img_size=\u00a0\u00bbfull\u00a0\u00bb][\/vc_column_inner][vc_column_inner el_class=\u00a0\u00bbcol-text last\u00a0\u00bb width=\u00a0\u00bb1\/2&Prime;][vc_custom_heading text=\u00a0\u00bbUne gamme compl\u00e8te de ##silos##\u00a0\u00bb][vc_column_text]I am text block. Click edit button to change this text. Lorem ipsum dolor sit amet, consectetur adipiscing elit. Ut elit tellus, luctus nec ullamcorper mattis, pulvinar dapibus leo.[\/vc_column_text][vc_btn link=\u00a0\u00bburl:https%3A%2F%2Ftuffigorapidex.com%2Ffr%2Fles-silos%2F|title:Proc%C3%A9d%C3%A9s%20de%20fabrication\u00a0\u00bb][\/vc_column_inner][\/vc_row_inner][\/vc_column][\/vc_row][vc_row el_class=\u00a0\u00bbno-margin\u00a0\u00bb css=\u00a0\u00bb.vc_custom_1656329770625{background-color: #faf6eb !important;}\u00a0\u00bb][vc_column css=\u00a0\u00bb.vc_custom_1624455629590{margin-top: 0px !important;margin-bottom: 0px !important;border-top-width: 0px !important;border-bottom-width: 0px !important;padding-top: 0px !important;padding-bottom: 0px !important;}\u00a0\u00bb][vc_row_inner equal_height=\u00a0\u00bbyes\u00a0\u00bb content_placement=\u00a0\u00bbmiddle\u00a0\u00bb][vc_column_inner width=\u00a0\u00bb1\/2&Prime; css=\u00a0\u00bb.vc_custom_1656342544333{background-position: center !important;background-repeat: no-repeat !important;background-size: cover !important;}\u00a0\u00bb][vc_single_image image=\u00a0\u00bb599&Prime; img_size=\u00a0\u00bbfull\u00a0\u00bb alignment=\u00a0\u00bbcenter\u00a0\u00bb el_class=\u00a0\u00bbimg-world\u00a0\u00bb][\/vc_column_inner][vc_column_inner width=\u00a0\u00bb1\/2&Prime; css=\u00a0\u00bb.vc_custom_1656411212070{background-position: center !important;background-repeat: no-repeat !important;background-size: cover !important;}\u00a0\u00bb][vc_empty_space][vc_custom_heading text=\u00a0\u00bbS\u2019adapter \u00e0 toutes les ##conditions climatiques##\u00a0\u00bb][vc_column_text]<\/p><p>Tuffigo Rapidex imagine, con\u00e7oit, fabrique et pilote des solutions d\u2019alimentation et de ventilation pour tous les types d\u2019\u00e9levage, en France et dans le monde. Elles s\u2019adaptent \u00e0 toutes les conditions climatiques, quel que soit le pays et les exigences. Nous sommes aujourd\u2019hui pr\u00e9sents dans de nombreux pays et sommes distribu\u00e9s par plus de 50 installateurs.<\/p><p>[\/vc_column_text][vc_empty_space][\/vc_column_inner][\/vc_row_inner][\/vc_column][\/vc_row][vc_row content_placement=\u00a0\u00bbmiddle\u00a0\u00bb el_class=\u00a0\u00bbpastille\u00a0\u00bb el_id=\u00a0\u00bbACTU\u00a0\u00bb][vc_column css_animation=\u00a0\u00bbfadeInUp\u00a0\u00bb el_class=\u00a0\u00bbactu-home\u00a0\u00bb][vc_custom_heading text=\u00a0\u00bbActualit\u00e9 produits ##&amp; projets##\u00a0\u00bb font_container=\u00a0\u00bbtag:h2|text_align:center\u00a0\u00bb][vc_btn title=\u00a0\u00bbToutes les actualit\u00e9s\u00a0\u00bb align=\u00a0\u00bbcenter\u00a0\u00bb link=\u00a0\u00bburl:https%3A%2F%2Ftuffigorapidex.com%2Ffr%2Factualites%2F|title:Actualit%C3%A9s\u00a0\u00bb css=\u00a0\u00bb.vc_custom_1687328513863{margin-top: 30px !important;margin-bottom: 30px !important;}\u00a0\u00bb][\/vc_column][\/vc_row]<\/p>","protected":false},"excerpt":{"rendered":"<p>[vc_row][vc_column][vc_custom_heading text=\u00a0\u00bbVentilation ou ##alimentation##des solutions ##performantes## <span class=\"more\">...<\/span>","protected":false},"author":6,"featured_media":0,"parent":0,"menu_order":1,"comment_status":"closed","ping_status":"closed","template":"","meta":{"inline_featured_image":false},"acf":[],"yoast_head":"<!-- This site is optimized with the Yoast SEO plugin v21.3 - https:\/\/yoast.com\/wordpress\/plugins\/seo\/ -->\n<title>TUFFIGO RAPIDEX : Leader des \u00e9quipements d&#039;\u00e9levage hors sol<\/title>\n<meta name=\"robots\" content=\"index, follow, max-snippet:-1, max-image-preview:large, max-video-preview:-1\" \/>\n<link rel=\"canonical\" href=\"https:\/\/tuffigorapidex.com\/fr\/\" \/>\n<meta property=\"og:locale\" content=\"fr_FR\" \/>\n<meta property=\"og:type\" content=\"article\" \/>\n<meta property=\"og:title\" content=\"TUFFIGO RAPIDEX : Leader des \u00e9quipements d&#039;\u00e9levage hors sol\" \/>\n<meta property=\"og:description\" content=\"[vc_row][vc_column][vc_custom_heading text=\u00a0\u00bbVentilation ou ##alimentation##des solutions ##performantes## pour chaque esp\u00e8ce\u00a0\u00bb font_container=\u00a0\u00bbtag:h2|text_align:center\u00a0\u00bb][vc_column_text el_class=\u00a0\u00bbsoustitre\u00a0\u00bb]Tuffigo Rapidex, concepteur de solutions innovantes et intuitives, lib\u00e9ratrices de\" \/>\n<meta property=\"og:url\" content=\"https:\/\/tuffigorapidex.com\/fr\/\" \/>\n<meta property=\"og:site_name\" content=\"Tuffigo Rapidex\" \/>\n<meta property=\"article:publisher\" content=\"https:\/\/www.facebook.com\/tuffigorapidexsas\/\" \/>\n<meta property=\"article:modified_time\" content=\"2025-11-25T11:02:04+00:00\" \/>\n<meta property=\"og:image\" content=\"https:\/\/tuffigorapidex.com\/app\/uploads\/2023\/12\/TUFFIGO-logo.png\" \/>\n\t<meta property=\"og:image:width\" content=\"188\" \/>\n\t<meta property=\"og:image:height\" content=\"184\" \/>\n\t<meta property=\"og:image:type\" content=\"image\/png\" \/>\n<meta name=\"twitter:card\" content=\"summary_large_image\" \/>\n<meta name=\"twitter:label1\" content=\"Dur\u00e9e de lecture estim\u00e9e\" \/>\n\t<meta name=\"twitter:data1\" content=\"3 minutes\" \/>\n<script type=\"application\/ld+json\" class=\"yoast-schema-graph\">{\"@context\":\"https:\/\/schema.org\",\"@graph\":[{\"@type\":\"WebPage\",\"@id\":\"https:\/\/tuffigorapidex.com\/fr\/\",\"url\":\"https:\/\/tuffigorapidex.com\/fr\/\",\"name\":\"TUFFIGO RAPIDEX : Leader des \u00e9quipements d'\u00e9levage hors sol\",\"isPartOf\":{\"@id\":\"https:\/\/tuffigorapidex.com\/fr\/#website\"},\"datePublished\":\"2021-02-15T13:47:49+00:00\",\"dateModified\":\"2025-11-25T11:02:04+00:00\",\"breadcrumb\":{\"@id\":\"https:\/\/tuffigorapidex.com\/fr\/#breadcrumb\"},\"inLanguage\":\"fr-FR\",\"potentialAction\":[{\"@type\":\"ReadAction\",\"target\":[\"https:\/\/tuffigorapidex.com\/fr\/\"]}]},{\"@type\":\"BreadcrumbList\",\"@id\":\"https:\/\/tuffigorapidex.com\/fr\/#breadcrumb\",\"itemListElement\":[{\"@type\":\"ListItem\",\"position\":1,\"name\":\"Accueil\",\"item\":\"https:\/\/tuffigorapidex.com\/fr\/\"},{\"@type\":\"ListItem\",\"position\":2,\"name\":\"Accueil\"}]},{\"@type\":\"WebSite\",\"@id\":\"https:\/\/tuffigorapidex.com\/fr\/#website\",\"url\":\"https:\/\/tuffigorapidex.com\/fr\/\",\"name\":\"TUFFIGO RAPIDEX\",\"description\":\"Leader fran\u00e7ais des \u00e9quipements d&#039;\u00e9levage hors sol\",\"publisher\":{\"@id\":\"https:\/\/tuffigorapidex.com\/fr\/#organization\"},\"potentialAction\":[{\"@type\":\"SearchAction\",\"target\":{\"@type\":\"EntryPoint\",\"urlTemplate\":\"https:\/\/tuffigorapidex.com\/fr\/?s={search_term_string}\"},\"query-input\":\"required name=search_term_string\"}],\"inLanguage\":\"fr-FR\"},{\"@type\":\"Organization\",\"@id\":\"https:\/\/tuffigorapidex.com\/fr\/#organization\",\"name\":\"Tuffigo Rapidex\",\"url\":\"https:\/\/tuffigorapidex.com\/fr\/\",\"logo\":{\"@type\":\"ImageObject\",\"inLanguage\":\"fr-FR\",\"@id\":\"https:\/\/tuffigorapidex.com\/fr\/#\/schema\/logo\/image\/\",\"url\":\"https:\/\/tuffigorapidex.com\/app\/uploads\/2023\/12\/TUFFIGO-logo.png\",\"contentUrl\":\"https:\/\/tuffigorapidex.com\/app\/uploads\/2023\/12\/TUFFIGO-logo.png\",\"width\":188,\"height\":184,\"caption\":\"Tuffigo Rapidex\"},\"image\":{\"@id\":\"https:\/\/tuffigorapidex.com\/fr\/#\/schema\/logo\/image\/\"},\"sameAs\":[\"https:\/\/www.facebook.com\/tuffigorapidexsas\/\"]}]}<\/script>\n<!-- \/ Yoast SEO plugin. -->","yoast_head_json":{"title":"TUFFIGO RAPIDEX : Leader des \u00e9quipements d'\u00e9levage hors sol","robots":{"index":"index","follow":"follow","max-snippet":"max-snippet:-1","max-image-preview":"max-image-preview:large","max-video-preview":"max-video-preview:-1"},"canonical":"https:\/\/tuffigorapidex.com\/fr\/","og_locale":"fr_FR","og_type":"article","og_title":"TUFFIGO RAPIDEX : Leader des \u00e9quipements d'\u00e9levage hors sol","og_description":"[vc_row][vc_column][vc_custom_heading text=\u00a0\u00bbVentilation ou ##alimentation##des solutions ##performantes## pour chaque esp\u00e8ce\u00a0\u00bb font_container=\u00a0\u00bbtag:h2|text_align:center\u00a0\u00bb][vc_column_text el_class=\u00a0\u00bbsoustitre\u00a0\u00bb]Tuffigo Rapidex, concepteur de solutions innovantes et intuitives, lib\u00e9ratrices de","og_url":"https:\/\/tuffigorapidex.com\/fr\/","og_site_name":"Tuffigo Rapidex","article_publisher":"https:\/\/www.facebook.com\/tuffigorapidexsas\/","article_modified_time":"2025-11-25T11:02:04+00:00","og_image":[{"width":188,"height":184,"url":"https:\/\/tuffigorapidex.com\/app\/uploads\/2023\/12\/TUFFIGO-logo.png","type":"image\/png"}],"twitter_card":"summary_large_image","twitter_misc":{"Dur\u00e9e de lecture estim\u00e9e":"3 minutes"},"schema":{"@context":"https:\/\/schema.org","@graph":[{"@type":"WebPage","@id":"https:\/\/tuffigorapidex.com\/fr\/","url":"https:\/\/tuffigorapidex.com\/fr\/","name":"TUFFIGO RAPIDEX : Leader des \u00e9quipements d'\u00e9levage hors sol","isPartOf":{"@id":"https:\/\/tuffigorapidex.com\/fr\/#website"},"datePublished":"2021-02-15T13:47:49+00:00","dateModified":"2025-11-25T11:02:04+00:00","breadcrumb":{"@id":"https:\/\/tuffigorapidex.com\/fr\/#breadcrumb"},"inLanguage":"fr-FR","potentialAction":[{"@type":"ReadAction","target":["https:\/\/tuffigorapidex.com\/fr\/"]}]},{"@type":"BreadcrumbList","@id":"https:\/\/tuffigorapidex.com\/fr\/#breadcrumb","itemListElement":[{"@type":"ListItem","position":1,"name":"Accueil","item":"https:\/\/tuffigorapidex.com\/fr\/"},{"@type":"ListItem","position":2,"name":"Accueil"}]},{"@type":"WebSite","@id":"https:\/\/tuffigorapidex.com\/fr\/#website","url":"https:\/\/tuffigorapidex.com\/fr\/","name":"TUFFIGO RAPIDEX","description":"Leader fran\u00e7ais des \u00e9quipements d&#039;\u00e9levage hors sol","publisher":{"@id":"https:\/\/tuffigorapidex.com\/fr\/#organization"},"potentialAction":[{"@type":"SearchAction","target":{"@type":"EntryPoint","urlTemplate":"https:\/\/tuffigorapidex.com\/fr\/?s={search_term_string}"},"query-input":"required name=search_term_string"}],"inLanguage":"fr-FR"},{"@type":"Organization","@id":"https:\/\/tuffigorapidex.com\/fr\/#organization","name":"Tuffigo Rapidex","url":"https:\/\/tuffigorapidex.com\/fr\/","logo":{"@type":"ImageObject","inLanguage":"fr-FR","@id":"https:\/\/tuffigorapidex.com\/fr\/#\/schema\/logo\/image\/","url":"https:\/\/tuffigorapidex.com\/app\/uploads\/2023\/12\/TUFFIGO-logo.png","contentUrl":"https:\/\/tuffigorapidex.com\/app\/uploads\/2023\/12\/TUFFIGO-logo.png","width":188,"height":184,"caption":"Tuffigo Rapidex"},"image":{"@id":"https:\/\/tuffigorapidex.com\/fr\/#\/schema\/logo\/image\/"},"sameAs":["https:\/\/www.facebook.com\/tuffigorapidexsas\/"]}]}},"_links":{"self":[{"href":"https:\/\/tuffigorapidex.com\/fr\/wp-json\/wp\/v2\/pages\/6"}],"collection":[{"href":"https:\/\/tuffigorapidex.com\/fr\/wp-json\/wp\/v2\/pages"}],"about":[{"href":"https:\/\/tuffigorapidex.com\/fr\/wp-json\/wp\/v2\/types\/page"}],"author":[{"embeddable":true,"href":"https:\/\/tuffigorapidex.com\/fr\/wp-json\/wp\/v2\/users\/6"}],"replies":[{"embeddable":true,"href":"https:\/\/tuffigorapidex.com\/fr\/wp-json\/wp\/v2\/comments?post=6"}],"version-history":[{"count":212,"href":"https:\/\/tuffigorapidex.com\/fr\/wp-json\/wp\/v2\/pages\/6\/revisions"}],"predecessor-version":[{"id":8492,"href":"https:\/\/tuffigorapidex.com\/fr\/wp-json\/wp\/v2\/pages\/6\/revisions\/8492"}],"wp:attachment":[{"href":"https:\/\/tuffigorapidex.com\/fr\/wp-json\/wp\/v2\/media?parent=6"}],"curies":[{"name":"wp","href":"https:\/\/api.w.org\/{rel}","templated":true}]}}