{"id":768,"date":"2022-06-29T07:58:32","date_gmt":"2022-06-29T07:58:32","guid":{"rendered":"https:\/\/tuffigorapidex.com\/?page_id=768"},"modified":"2024-12-12T19:05:42","modified_gmt":"2024-12-12T19:05:42","slug":"volaille-de-chair","status":"publish","type":"page","link":"https:\/\/tuffigorapidex.com\/fr\/solutions-par-especes\/volaille\/volaille-de-chair\/","title":{"rendered":"Volaille de chair"},"content":{"rendered":"<p>[vc_row css=\u00a0\u00bb.vc_custom_1730795862160{margin-top: 0px !important;margin-bottom: 0px !important;border-bottom-width: 0px !important;padding-top: 0px !important;}\u00a0\u00bb][vc_column width=\u00a0\u00bb1\/6&Prime;][vc_column_text][\/vc_column_text][\/vc_column][vc_column width=\u00a0\u00bb2\/3&Prime;][vc_column_text]<\/p><h2 style=\"text-align: center;\">\u00ab Maitriser la premi\u00e8re heure, le premier jour, la premi\u00e8re semaine,<br \/>une des cl\u00e9s de la r\u00e9ussite \u00bb<\/h2><p>&nbsp;<\/p><p style=\"text-align: center;\">La volaille de chair n\u00e9cessite une optimisation constante afin d\u2019obtenir les meilleurs r\u00e9sultats techniques et \u00e9conomiques tout en respectant la rapidit\u00e9 du d\u00e9veloppement du poussin vers la phase adulte.<br \/>Positionner les volailles dans le meilleur confort thermique en toute p\u00e9riode n\u00e9cessite une bonne ma\u00eetrise de l\u2019ambiance pour leur fournir\u00a0 une temp\u00e9rature, une qualit\u00e9 d\u2019air quelques soient les conditions ext\u00e9rieures.<\/p><p>[\/vc_column_text][\/vc_column][vc_column width=\u00a0\u00bb1\/6&Prime;][\/vc_column][\/vc_row][vc_row equal_height=\u00a0\u00bbyes\u00a0\u00bb content_placement=\u00a0\u00bbtop\u00a0\u00bb css=\u00a0\u00bb.vc_custom_1730795890130{margin-top: 0px !important;margin-bottom: 0px !important;padding-top: 0px !important;padding-bottom: 0px !important;}\u00a0\u00bb][vc_column width=\u00a0\u00bb1\/3&Prime;]<div class=\"menu-gamme entry gestion\" onclick=\"window.location='https:\/\/tuffigorapidex.com\/fr\/solutions-par-especes\/volaille\/volaille-de-chair\/gestion-de-lelevage\/'\">\n<i class=\"icon icon-gestion\"><\/i>\n<h3 class=\"entry-title\">\n  Gestion de l'\u00e9levage<\/h3>\n<div class=\"entry-description\">\n  <div class=\"page\" title=\"Page 10\">\n<div class=\"section\">\n<div class=\"layoutArea\">\n<div class=\"column\">\n<p style=\"text-align: center;\"><span>Piloter le ba\u0302timent et optimiser les performances de l\u2019e\u0301levage<\/span><\/p>\n<\/div>\n<\/div>\n<\/div>\n<\/div>\n<\/div>\n<\/div>\n[\/vc_column][vc_column width=\u00a0\u00bb1\/3&Prime;]<div class=\"menu-gamme entry ambiance\" onclick=\"window.location='https:\/\/tuffigorapidex.com\/fr\/solutions-par-especes\/volaille\/volaille-de-chair\/bien-etre-ambiance\/'\">\n<i class=\"icon icon-ambiance\"><\/i>\n<h3 class=\"entry-title\">\n  Bien \u00eatre & ambiance<\/h3>\n<div class=\"entry-description\">\n  <div class=\"page\" title=\"Page 10\">\n<div class=\"section\">\n<div class=\"layoutArea\">\n<div class=\"column\">\n<p style=\"text-align: center;\"><span>Ame\u0301liorer l\u2019ambiance du ba\u0302timent et le bien e\u0302tre des animaux tout au long du cycle de production<\/span><\/p>\n<\/div>\n<\/div>\n<\/div>\n<\/div>\n<\/div>\n<\/div>\n[\/vc_column][vc_column width=\u00a0\u00bb1\/3&Prime; css=\u00a0\u00bb.vc_custom_1730795905971{margin-top: 0px !important;margin-bottom: 0px !important;padding-top: 0px !important;padding-bottom: 0px !important;}\u00a0\u00bb]<div class=\"menu-gamme entry ventillation\" onclick=\"window.location='https:\/\/tuffigorapidex.com\/fr\/solutions-par-especes\/volaille\/volaille-de-chair\/ventilation\/'\">\n<i class=\"icon icon-ventillation\"><\/i>\n<h3 class=\"entry-title\">\n  Ventilation<\/h3>\n<div class=\"entry-description\">\n  <div class=\"page\" title=\"Page 10\">\n<div class=\"section\">\n<div class=\"layoutArea\">\n<div class=\"column\">\n<p style=\"text-align: center;\"><span>Mai\u0302triser l\u2019ambiance des ba\u0302timents pour optimiser la croissance et le rendement des animaux en fonction de leur mode d\u2019e\u0301levage<\/span><\/p>\n<\/div>\n<\/div>\n<\/div>\n<\/div>\n<\/div>\n<\/div>\n[\/vc_column][\/vc_row][vc_row][vc_column][vc_single_image image=\u00a0\u00bb4442&Prime; img_size=\u00a0\u00bblarge\u00a0\u00bb alignment=\u00a0\u00bbcenter\u00a0\u00bb][\/vc_column][\/vc_row][vc_row][vc_column width=\u00a0\u00bb1\/3&Prime;]<div class=\"menu-gamme entry alimentation\" onclick=\"window.location='https:\/\/tuffigorapidex.com\/fr\/solutions-par-especes\/volaille\/volaille-de-chair\/alimentation\/'\">\n<i class=\"icon icon-alimentation\"><\/i>\n<h3 class=\"entry-title\">\n  Alimentation<\/h3>\n<div class=\"entry-description\">\n  <div class=\"page\" title=\"Page 10\">\n<div class=\"section\">\n<div class=\"layoutArea\">\n<div class=\"column\">\n<p style=\"text-align: center;\"><span>Piloter l\u2019alimentation des animaux et optimiser son cou\u0302t de production<\/span><\/p>\n<\/div>\n<\/div>\n<\/div>\n<\/div>\n<\/div>\n<\/div>\n[\/vc_column][vc_column width=\u00a0\u00bb1\/3&Prime;]<div class=\"menu-gamme entry services\" onclick=\"window.location='https:\/\/tuffigorapidex.com\/fr\/solutions-par-especes\/volaille\/volaille-de-chair\/services-connectes\/'\">\n<i class=\"icon icon-services\"><\/i>\n<h3 class=\"entry-title\">\n  Services connect\u00e9s<\/h3>\n<div class=\"entry-description\">\n  <div class=\"page\" title=\"Page 10\">\n<div class=\"section\">\n<div class=\"layoutArea\">\n<div class=\"column\">\n<p style=\"text-align: center;\"><span>Enrichir l\u2019expe\u0301rience des utilisateurs des produits Tuffigo Rapidex par des services lie\u0301s a\u0300 la data<\/span><\/p>\n<\/div>\n<\/div>\n<\/div>\n<\/div>\n<\/div>\n<\/div>\n[\/vc_column][vc_column width=\u00a0\u00bb1\/3&Prime;]<div class=\"menu-gamme entry autres\" onclick=\"window.location='https:\/\/tuffigorapidex.com\/fr\/solutions-par-especes\/volaille\/volaille-de-chair\/autres-services\/'\">\n<i class=\"icon icon-autres\"><\/i>\n<h3 class=\"entry-title\">\n  autres services<\/h3>\n<div class=\"entry-description\">\n  <div class=\"page\" title=\"Page 10\">\n<div class=\"section\">\n<div class=\"layoutArea\">\n<div class=\"column\">\n<p style=\"text-align: center;\"><span>Offre de services permettant l\u2019installation, la mise en service, la formation a\u0300 l\u2019utilisation et tout autres prestations garantissant le bon fonctionnement des e\u0301quipements<\/span><\/p>\n<\/div>\n<\/div>\n<\/div>\n<\/div>\n<\/div>\n<\/div>\n[\/vc_column][\/vc_row][vc_row css=\u00a0\u00bb.vc_custom_1734030237071{margin-right: 50px !important;margin-left: 50px !important;}\u00a0\u00bb][vc_column width=\u00a0\u00bb1\/3&Prime;][vc_single_image image=\u00a0\u00bb2643&Prime; img_size=\u00a0\u00bblarge\u00a0\u00bb alignment=\u00a0\u00bbcenter\u00a0\u00bb][\/vc_column][vc_column width=\u00a0\u00bb1\/3&Prime;][vc_single_image image=\u00a0\u00bb2647&Prime; img_size=\u00a0\u00bblarge\u00a0\u00bb alignment=\u00a0\u00bbcenter\u00a0\u00bb][\/vc_column][vc_column width=\u00a0\u00bb1\/3&Prime;][vc_single_image image=\u00a0\u00bb2635&Prime; img_size=\u00a0\u00bblarge\u00a0\u00bb alignment=\u00a0\u00bbcenter\u00a0\u00bb][\/vc_column][\/vc_row]<\/p>","protected":false},"excerpt":{"rendered":"<p>[vc_row css=\u00a0\u00bb.vc_custom_1730795862160{margin-top: 0px !important;margin-bottom: 0px !important;border-bottom-width: <span class=\"more\">...<\/span>","protected":false},"author":6,"featured_media":0,"parent":38,"menu_order":37,"comment_status":"closed","ping_status":"closed","template":"views\/template-sous-univers.blade.php","meta":{"inline_featured_image":false},"acf":[],"yoast_head":"<!-- This site is optimized with the Yoast SEO plugin v21.3 - https:\/\/yoast.com\/wordpress\/plugins\/seo\/ -->\n<title>Volaille de chair | Tuffigo Rapidex<\/title>\n<meta name=\"robots\" content=\"index, follow, max-snippet:-1, max-image-preview:large, max-video-preview:-1\" \/>\n<link rel=\"canonical\" href=\"https:\/\/tuffigorapidex.com\/fr\/solutions-par-especes\/volaille\/volaille-de-chair\/\" \/>\n<meta property=\"og:locale\" content=\"fr_FR\" \/>\n<meta property=\"og:type\" content=\"article\" \/>\n<meta property=\"og:title\" content=\"Volaille de chair | Tuffigo Rapidex\" \/>\n<meta property=\"og:description\" content=\"[vc_row css=\u00a0\u00bb.vc_custom_1730795862160{margin-top: 0px !important;margin-bottom: 0px !important;border-bottom-width: 0px !important;padding-top: 0px !important;}\u00a0\u00bb][vc_column width=\u00a0\u00bb1\/6&Prime;][vc_column_text][\/vc_column_text][\/vc_column][vc_column width=\u00a0\u00bb2\/3&Prime;][vc_column_text]\u00ab Maitriser la premi\u00e8re heure, le premier jour, la\" \/>\n<meta property=\"og:url\" content=\"https:\/\/tuffigorapidex.com\/fr\/solutions-par-especes\/volaille\/volaille-de-chair\/\" \/>\n<meta property=\"og:site_name\" content=\"Tuffigo Rapidex\" \/>\n<meta property=\"article:publisher\" content=\"https:\/\/www.facebook.com\/tuffigorapidexsas\/\" \/>\n<meta property=\"article:modified_time\" content=\"2024-12-12T19:05:42+00:00\" \/>\n<meta property=\"og:image\" content=\"https:\/\/tuffigorapidex.com\/app\/uploads\/2023\/12\/TUFFIGO-logo.png\" \/>\n\t<meta property=\"og:image:width\" content=\"188\" \/>\n\t<meta property=\"og:image:height\" content=\"184\" \/>\n\t<meta property=\"og:image:type\" content=\"image\/png\" \/>\n<meta name=\"twitter:card\" content=\"summary_large_image\" \/>\n<meta name=\"twitter:label1\" content=\"Dur\u00e9e de lecture estim\u00e9e\" \/>\n\t<meta name=\"twitter:data1\" content=\"1 minute\" \/>\n<script type=\"application\/ld+json\" class=\"yoast-schema-graph\">{\"@context\":\"https:\/\/schema.org\",\"@graph\":[{\"@type\":\"WebPage\",\"@id\":\"https:\/\/tuffigorapidex.com\/fr\/solutions-par-especes\/volaille\/volaille-de-chair\/\",\"url\":\"https:\/\/tuffigorapidex.com\/fr\/solutions-par-especes\/volaille\/volaille-de-chair\/\",\"name\":\"Volaille de chair | Tuffigo Rapidex\",\"isPartOf\":{\"@id\":\"https:\/\/tuffigorapidex.com\/fr\/#website\"},\"datePublished\":\"2022-06-29T07:58:32+00:00\",\"dateModified\":\"2024-12-12T19:05:42+00:00\",\"breadcrumb\":{\"@id\":\"https:\/\/tuffigorapidex.com\/fr\/solutions-par-especes\/volaille\/volaille-de-chair\/#breadcrumb\"},\"inLanguage\":\"fr-FR\",\"potentialAction\":[{\"@type\":\"ReadAction\",\"target\":[\"https:\/\/tuffigorapidex.com\/fr\/solutions-par-especes\/volaille\/volaille-de-chair\/\"]}]},{\"@type\":\"BreadcrumbList\",\"@id\":\"https:\/\/tuffigorapidex.com\/fr\/solutions-par-especes\/volaille\/volaille-de-chair\/#breadcrumb\",\"itemListElement\":[{\"@type\":\"ListItem\",\"position\":1,\"name\":\"Accueil\",\"item\":\"https:\/\/tuffigorapidex.com\/fr\/\"},{\"@type\":\"ListItem\",\"position\":2,\"name\":\"Solutions par esp\u00e8ce\",\"item\":\"https:\/\/tuffigorapidex.com\/fr\/solutions-par-especes\/\"},{\"@type\":\"ListItem\",\"position\":3,\"name\":\"Volaille\",\"item\":\"https:\/\/tuffigorapidex.com\/fr\/solutions-par-especes\/volaille\/\"},{\"@type\":\"ListItem\",\"position\":4,\"name\":\"Volaille de chair\"}]},{\"@type\":\"WebSite\",\"@id\":\"https:\/\/tuffigorapidex.com\/fr\/#website\",\"url\":\"https:\/\/tuffigorapidex.com\/fr\/\",\"name\":\"TUFFIGO RAPIDEX\",\"description\":\"Leader fran\u00e7ais des \u00e9quipements d&#039;\u00e9levage hors sol\",\"publisher\":{\"@id\":\"https:\/\/tuffigorapidex.com\/fr\/#organization\"},\"potentialAction\":[{\"@type\":\"SearchAction\",\"target\":{\"@type\":\"EntryPoint\",\"urlTemplate\":\"https:\/\/tuffigorapidex.com\/fr\/?s={search_term_string}\"},\"query-input\":\"required name=search_term_string\"}],\"inLanguage\":\"fr-FR\"},{\"@type\":\"Organization\",\"@id\":\"https:\/\/tuffigorapidex.com\/fr\/#organization\",\"name\":\"Tuffigo Rapidex\",\"url\":\"https:\/\/tuffigorapidex.com\/fr\/\",\"logo\":{\"@type\":\"ImageObject\",\"inLanguage\":\"fr-FR\",\"@id\":\"https:\/\/tuffigorapidex.com\/fr\/#\/schema\/logo\/image\/\",\"url\":\"https:\/\/tuffigorapidex.com\/app\/uploads\/2023\/12\/TUFFIGO-logo.png\",\"contentUrl\":\"https:\/\/tuffigorapidex.com\/app\/uploads\/2023\/12\/TUFFIGO-logo.png\",\"width\":188,\"height\":184,\"caption\":\"Tuffigo Rapidex\"},\"image\":{\"@id\":\"https:\/\/tuffigorapidex.com\/fr\/#\/schema\/logo\/image\/\"},\"sameAs\":[\"https:\/\/www.facebook.com\/tuffigorapidexsas\/\"]}]}<\/script>\n<!-- \/ Yoast SEO plugin. -->","yoast_head_json":{"title":"Volaille de chair | Tuffigo Rapidex","robots":{"index":"index","follow":"follow","max-snippet":"max-snippet:-1","max-image-preview":"max-image-preview:large","max-video-preview":"max-video-preview:-1"},"canonical":"https:\/\/tuffigorapidex.com\/fr\/solutions-par-especes\/volaille\/volaille-de-chair\/","og_locale":"fr_FR","og_type":"article","og_title":"Volaille de chair | Tuffigo Rapidex","og_description":"[vc_row css=\u00a0\u00bb.vc_custom_1730795862160{margin-top: 0px !important;margin-bottom: 0px !important;border-bottom-width: 0px !important;padding-top: 0px !important;}\u00a0\u00bb][vc_column width=\u00a0\u00bb1\/6&Prime;][vc_column_text][\/vc_column_text][\/vc_column][vc_column width=\u00a0\u00bb2\/3&Prime;][vc_column_text]\u00ab Maitriser la premi\u00e8re heure, le premier jour, la","og_url":"https:\/\/tuffigorapidex.com\/fr\/solutions-par-especes\/volaille\/volaille-de-chair\/","og_site_name":"Tuffigo Rapidex","article_publisher":"https:\/\/www.facebook.com\/tuffigorapidexsas\/","article_modified_time":"2024-12-12T19:05:42+00:00","og_image":[{"width":188,"height":184,"url":"https:\/\/tuffigorapidex.com\/app\/uploads\/2023\/12\/TUFFIGO-logo.png","type":"image\/png"}],"twitter_card":"summary_large_image","twitter_misc":{"Dur\u00e9e de lecture estim\u00e9e":"1 minute"},"schema":{"@context":"https:\/\/schema.org","@graph":[{"@type":"WebPage","@id":"https:\/\/tuffigorapidex.com\/fr\/solutions-par-especes\/volaille\/volaille-de-chair\/","url":"https:\/\/tuffigorapidex.com\/fr\/solutions-par-especes\/volaille\/volaille-de-chair\/","name":"Volaille de chair | Tuffigo Rapidex","isPartOf":{"@id":"https:\/\/tuffigorapidex.com\/fr\/#website"},"datePublished":"2022-06-29T07:58:32+00:00","dateModified":"2024-12-12T19:05:42+00:00","breadcrumb":{"@id":"https:\/\/tuffigorapidex.com\/fr\/solutions-par-especes\/volaille\/volaille-de-chair\/#breadcrumb"},"inLanguage":"fr-FR","potentialAction":[{"@type":"ReadAction","target":["https:\/\/tuffigorapidex.com\/fr\/solutions-par-especes\/volaille\/volaille-de-chair\/"]}]},{"@type":"BreadcrumbList","@id":"https:\/\/tuffigorapidex.com\/fr\/solutions-par-especes\/volaille\/volaille-de-chair\/#breadcrumb","itemListElement":[{"@type":"ListItem","position":1,"name":"Accueil","item":"https:\/\/tuffigorapidex.com\/fr\/"},{"@type":"ListItem","position":2,"name":"Solutions par esp\u00e8ce","item":"https:\/\/tuffigorapidex.com\/fr\/solutions-par-especes\/"},{"@type":"ListItem","position":3,"name":"Volaille","item":"https:\/\/tuffigorapidex.com\/fr\/solutions-par-especes\/volaille\/"},{"@type":"ListItem","position":4,"name":"Volaille de chair"}]},{"@type":"WebSite","@id":"https:\/\/tuffigorapidex.com\/fr\/#website","url":"https:\/\/tuffigorapidex.com\/fr\/","name":"TUFFIGO RAPIDEX","description":"Leader fran\u00e7ais des \u00e9quipements d&#039;\u00e9levage hors sol","publisher":{"@id":"https:\/\/tuffigorapidex.com\/fr\/#organization"},"potentialAction":[{"@type":"SearchAction","target":{"@type":"EntryPoint","urlTemplate":"https:\/\/tuffigorapidex.com\/fr\/?s={search_term_string}"},"query-input":"required name=search_term_string"}],"inLanguage":"fr-FR"},{"@type":"Organization","@id":"https:\/\/tuffigorapidex.com\/fr\/#organization","name":"Tuffigo Rapidex","url":"https:\/\/tuffigorapidex.com\/fr\/","logo":{"@type":"ImageObject","inLanguage":"fr-FR","@id":"https:\/\/tuffigorapidex.com\/fr\/#\/schema\/logo\/image\/","url":"https:\/\/tuffigorapidex.com\/app\/uploads\/2023\/12\/TUFFIGO-logo.png","contentUrl":"https:\/\/tuffigorapidex.com\/app\/uploads\/2023\/12\/TUFFIGO-logo.png","width":188,"height":184,"caption":"Tuffigo Rapidex"},"image":{"@id":"https:\/\/tuffigorapidex.com\/fr\/#\/schema\/logo\/image\/"},"sameAs":["https:\/\/www.facebook.com\/tuffigorapidexsas\/"]}]}},"_links":{"self":[{"href":"https:\/\/tuffigorapidex.com\/fr\/wp-json\/wp\/v2\/pages\/768"}],"collection":[{"href":"https:\/\/tuffigorapidex.com\/fr\/wp-json\/wp\/v2\/pages"}],"about":[{"href":"https:\/\/tuffigorapidex.com\/fr\/wp-json\/wp\/v2\/types\/page"}],"author":[{"embeddable":true,"href":"https:\/\/tuffigorapidex.com\/fr\/wp-json\/wp\/v2\/users\/6"}],"replies":[{"embeddable":true,"href":"https:\/\/tuffigorapidex.com\/fr\/wp-json\/wp\/v2\/comments?post=768"}],"version-history":[{"count":68,"href":"https:\/\/tuffigorapidex.com\/fr\/wp-json\/wp\/v2\/pages\/768\/revisions"}],"predecessor-version":[{"id":4787,"href":"https:\/\/tuffigorapidex.com\/fr\/wp-json\/wp\/v2\/pages\/768\/revisions\/4787"}],"up":[{"embeddable":true,"href":"https:\/\/tuffigorapidex.com\/fr\/wp-json\/wp\/v2\/pages\/38"}],"wp:attachment":[{"href":"https:\/\/tuffigorapidex.com\/fr\/wp-json\/wp\/v2\/media?parent=768"}],"curies":[{"name":"wp","href":"https:\/\/api.w.org\/{rel}","templated":true}]}}