{"id":910,"date":"2022-07-12T06:27:59","date_gmt":"2022-07-12T06:27:59","guid":{"rendered":"http:\/\/tuffigorapidex.orinoko.fr\/?page_id=910"},"modified":"2024-12-12T21:44:39","modified_gmt":"2024-12-12T21:44:39","slug":"notre-environnement","status":"publish","type":"page","link":"https:\/\/tuffigorapidex.com\/fr\/notre-environnement\/","title":{"rendered":"Notre Environnement"},"content":{"rendered":"<p>[vc_row][vc_column width=\u00a0\u00bb1\/3&Prime;][vc_column_text]<\/p><p>Le Groupe, aux activit\u00e9s et m\u00e9tiers divers, offre des possibilit\u00e9s et perspectives d\u2019\u00e9volution (filiales &lt;-&gt; si\u00e8ge) que ce soit pour participer \u00e0 des projets dans un p\u00e9rim\u00e8tre national ou international. Facile d\u2019acc\u00e8s, nos locaux agr\u00e9ables apportent un v\u00e9ritable confort de travail. Nos 38h de travail, exclusivement en horaire de journ\u00e9e, facilitent l\u2019\u00e9quilibre vie professionnelle\/vie priv\u00e9e. L\u2019entreprise offre de nombreux avantages tels un Plan d\u2019\u00e9pargne entreprise, un dispositif de pr\u00e9voyance particuli\u00e8rement favorable, une opportunit\u00e9 d\u2019\u00eatre accompagn\u00e9 par Action logement, des avantages CSE, etc.<\/p><p>[\/vc_column_text][\/vc_column][vc_column width=\u00a0\u00bb1\/3&Prime;][vc_single_image image=\u00a0\u00bb2349&Prime; img_size=\u00a0\u00bbmedium\u00a0\u00bb alignment=\u00a0\u00bbcenter\u00a0\u00bb][\/vc_column][vc_column width=\u00a0\u00bb1\/3&Prime;][vc_single_image image=\u00a0\u00bb2345&Prime; img_size=\u00a0\u00bbmedium\u00a0\u00bb alignment=\u00a0\u00bbcenter\u00a0\u00bb][\/vc_column][\/vc_row]<\/p>","protected":false},"excerpt":{"rendered":"<p>[vc_row][vc_column width=\u00a0\u00bb1\/3&Prime;][vc_column_text]Le Groupe, aux activit\u00e9s et m\u00e9tiers divers, <span class=\"more\">...<\/span>","protected":false},"author":6,"featured_media":0,"parent":0,"menu_order":620,"comment_status":"closed","ping_status":"closed","template":"","meta":{"inline_featured_image":false},"acf":[],"yoast_head":"<!-- This site is optimized with the Yoast SEO plugin v21.3 - https:\/\/yoast.com\/wordpress\/plugins\/seo\/ -->\n<title>Notre Environnement | Tuffigo Rapidex<\/title>\n<meta name=\"robots\" content=\"index, follow, max-snippet:-1, max-image-preview:large, max-video-preview:-1\" \/>\n<link rel=\"canonical\" href=\"https:\/\/tuffigorapidex.com\/fr\/notre-environnement\/\" \/>\n<meta property=\"og:locale\" content=\"fr_FR\" \/>\n<meta property=\"og:type\" content=\"article\" \/>\n<meta property=\"og:title\" content=\"Notre Environnement | Tuffigo Rapidex\" \/>\n<meta property=\"og:description\" content=\"[vc_row][vc_column width=\u00a0\u00bb1\/3&Prime;][vc_column_text]Le Groupe, aux activit\u00e9s et m\u00e9tiers divers, offre des possibilit\u00e9s et perspectives d\u2019\u00e9volution (filiales &lt;-&gt; si\u00e8ge) que ce soit\" \/>\n<meta property=\"og:url\" content=\"https:\/\/tuffigorapidex.com\/fr\/notre-environnement\/\" \/>\n<meta property=\"og:site_name\" content=\"Tuffigo Rapidex\" \/>\n<meta property=\"article:publisher\" content=\"https:\/\/www.facebook.com\/tuffigorapidexsas\/\" \/>\n<meta property=\"article:modified_time\" content=\"2024-12-12T21:44:39+00:00\" \/>\n<meta property=\"og:image\" content=\"https:\/\/tuffigorapidex.com\/app\/uploads\/2023\/12\/TUFFIGO-logo.png\" \/>\n\t<meta property=\"og:image:width\" content=\"188\" \/>\n\t<meta property=\"og:image:height\" content=\"184\" \/>\n\t<meta property=\"og:image:type\" content=\"image\/png\" \/>\n<meta name=\"twitter:card\" content=\"summary_large_image\" \/>\n<meta name=\"twitter:label1\" content=\"Dur\u00e9e de lecture estim\u00e9e\" \/>\n\t<meta name=\"twitter:data1\" content=\"1 minute\" \/>\n<script type=\"application\/ld+json\" class=\"yoast-schema-graph\">{\"@context\":\"https:\/\/schema.org\",\"@graph\":[{\"@type\":\"WebPage\",\"@id\":\"https:\/\/tuffigorapidex.com\/fr\/notre-environnement\/\",\"url\":\"https:\/\/tuffigorapidex.com\/fr\/notre-environnement\/\",\"name\":\"Notre Environnement | Tuffigo Rapidex\",\"isPartOf\":{\"@id\":\"https:\/\/tuffigorapidex.com\/fr\/#website\"},\"datePublished\":\"2022-07-12T06:27:59+00:00\",\"dateModified\":\"2024-12-12T21:44:39+00:00\",\"breadcrumb\":{\"@id\":\"https:\/\/tuffigorapidex.com\/fr\/notre-environnement\/#breadcrumb\"},\"inLanguage\":\"fr-FR\",\"potentialAction\":[{\"@type\":\"ReadAction\",\"target\":[\"https:\/\/tuffigorapidex.com\/fr\/notre-environnement\/\"]}]},{\"@type\":\"BreadcrumbList\",\"@id\":\"https:\/\/tuffigorapidex.com\/fr\/notre-environnement\/#breadcrumb\",\"itemListElement\":[{\"@type\":\"ListItem\",\"position\":1,\"name\":\"Accueil\",\"item\":\"https:\/\/tuffigorapidex.com\/fr\/\"},{\"@type\":\"ListItem\",\"position\":2,\"name\":\"Notre Environnement\"}]},{\"@type\":\"WebSite\",\"@id\":\"https:\/\/tuffigorapidex.com\/fr\/#website\",\"url\":\"https:\/\/tuffigorapidex.com\/fr\/\",\"name\":\"TUFFIGO RAPIDEX\",\"description\":\"Leader fran\u00e7ais des \u00e9quipements d&#039;\u00e9levage hors sol\",\"publisher\":{\"@id\":\"https:\/\/tuffigorapidex.com\/fr\/#organization\"},\"potentialAction\":[{\"@type\":\"SearchAction\",\"target\":{\"@type\":\"EntryPoint\",\"urlTemplate\":\"https:\/\/tuffigorapidex.com\/fr\/?s={search_term_string}\"},\"query-input\":\"required name=search_term_string\"}],\"inLanguage\":\"fr-FR\"},{\"@type\":\"Organization\",\"@id\":\"https:\/\/tuffigorapidex.com\/fr\/#organization\",\"name\":\"Tuffigo Rapidex\",\"url\":\"https:\/\/tuffigorapidex.com\/fr\/\",\"logo\":{\"@type\":\"ImageObject\",\"inLanguage\":\"fr-FR\",\"@id\":\"https:\/\/tuffigorapidex.com\/fr\/#\/schema\/logo\/image\/\",\"url\":\"https:\/\/tuffigorapidex.com\/app\/uploads\/2023\/12\/TUFFIGO-logo.png\",\"contentUrl\":\"https:\/\/tuffigorapidex.com\/app\/uploads\/2023\/12\/TUFFIGO-logo.png\",\"width\":188,\"height\":184,\"caption\":\"Tuffigo Rapidex\"},\"image\":{\"@id\":\"https:\/\/tuffigorapidex.com\/fr\/#\/schema\/logo\/image\/\"},\"sameAs\":[\"https:\/\/www.facebook.com\/tuffigorapidexsas\/\"]}]}<\/script>\n<!-- \/ Yoast SEO plugin. -->","yoast_head_json":{"title":"Notre Environnement | Tuffigo Rapidex","robots":{"index":"index","follow":"follow","max-snippet":"max-snippet:-1","max-image-preview":"max-image-preview:large","max-video-preview":"max-video-preview:-1"},"canonical":"https:\/\/tuffigorapidex.com\/fr\/notre-environnement\/","og_locale":"fr_FR","og_type":"article","og_title":"Notre Environnement | Tuffigo Rapidex","og_description":"[vc_row][vc_column width=\u00a0\u00bb1\/3&Prime;][vc_column_text]Le Groupe, aux activit\u00e9s et m\u00e9tiers divers, offre des possibilit\u00e9s et perspectives d\u2019\u00e9volution (filiales &lt;-&gt; si\u00e8ge) que ce soit","og_url":"https:\/\/tuffigorapidex.com\/fr\/notre-environnement\/","og_site_name":"Tuffigo Rapidex","article_publisher":"https:\/\/www.facebook.com\/tuffigorapidexsas\/","article_modified_time":"2024-12-12T21:44:39+00:00","og_image":[{"width":188,"height":184,"url":"https:\/\/tuffigorapidex.com\/app\/uploads\/2023\/12\/TUFFIGO-logo.png","type":"image\/png"}],"twitter_card":"summary_large_image","twitter_misc":{"Dur\u00e9e de lecture estim\u00e9e":"1 minute"},"schema":{"@context":"https:\/\/schema.org","@graph":[{"@type":"WebPage","@id":"https:\/\/tuffigorapidex.com\/fr\/notre-environnement\/","url":"https:\/\/tuffigorapidex.com\/fr\/notre-environnement\/","name":"Notre Environnement | Tuffigo Rapidex","isPartOf":{"@id":"https:\/\/tuffigorapidex.com\/fr\/#website"},"datePublished":"2022-07-12T06:27:59+00:00","dateModified":"2024-12-12T21:44:39+00:00","breadcrumb":{"@id":"https:\/\/tuffigorapidex.com\/fr\/notre-environnement\/#breadcrumb"},"inLanguage":"fr-FR","potentialAction":[{"@type":"ReadAction","target":["https:\/\/tuffigorapidex.com\/fr\/notre-environnement\/"]}]},{"@type":"BreadcrumbList","@id":"https:\/\/tuffigorapidex.com\/fr\/notre-environnement\/#breadcrumb","itemListElement":[{"@type":"ListItem","position":1,"name":"Accueil","item":"https:\/\/tuffigorapidex.com\/fr\/"},{"@type":"ListItem","position":2,"name":"Notre Environnement"}]},{"@type":"WebSite","@id":"https:\/\/tuffigorapidex.com\/fr\/#website","url":"https:\/\/tuffigorapidex.com\/fr\/","name":"TUFFIGO RAPIDEX","description":"Leader fran\u00e7ais des \u00e9quipements d&#039;\u00e9levage hors sol","publisher":{"@id":"https:\/\/tuffigorapidex.com\/fr\/#organization"},"potentialAction":[{"@type":"SearchAction","target":{"@type":"EntryPoint","urlTemplate":"https:\/\/tuffigorapidex.com\/fr\/?s={search_term_string}"},"query-input":"required name=search_term_string"}],"inLanguage":"fr-FR"},{"@type":"Organization","@id":"https:\/\/tuffigorapidex.com\/fr\/#organization","name":"Tuffigo Rapidex","url":"https:\/\/tuffigorapidex.com\/fr\/","logo":{"@type":"ImageObject","inLanguage":"fr-FR","@id":"https:\/\/tuffigorapidex.com\/fr\/#\/schema\/logo\/image\/","url":"https:\/\/tuffigorapidex.com\/app\/uploads\/2023\/12\/TUFFIGO-logo.png","contentUrl":"https:\/\/tuffigorapidex.com\/app\/uploads\/2023\/12\/TUFFIGO-logo.png","width":188,"height":184,"caption":"Tuffigo Rapidex"},"image":{"@id":"https:\/\/tuffigorapidex.com\/fr\/#\/schema\/logo\/image\/"},"sameAs":["https:\/\/www.facebook.com\/tuffigorapidexsas\/"]}]}},"_links":{"self":[{"href":"https:\/\/tuffigorapidex.com\/fr\/wp-json\/wp\/v2\/pages\/910"}],"collection":[{"href":"https:\/\/tuffigorapidex.com\/fr\/wp-json\/wp\/v2\/pages"}],"about":[{"href":"https:\/\/tuffigorapidex.com\/fr\/wp-json\/wp\/v2\/types\/page"}],"author":[{"embeddable":true,"href":"https:\/\/tuffigorapidex.com\/fr\/wp-json\/wp\/v2\/users\/6"}],"replies":[{"embeddable":true,"href":"https:\/\/tuffigorapidex.com\/fr\/wp-json\/wp\/v2\/comments?post=910"}],"version-history":[{"count":7,"href":"https:\/\/tuffigorapidex.com\/fr\/wp-json\/wp\/v2\/pages\/910\/revisions"}],"predecessor-version":[{"id":4622,"href":"https:\/\/tuffigorapidex.com\/fr\/wp-json\/wp\/v2\/pages\/910\/revisions\/4622"}],"wp:attachment":[{"href":"https:\/\/tuffigorapidex.com\/fr\/wp-json\/wp\/v2\/media?parent=910"}],"curies":[{"name":"wp","href":"https:\/\/api.w.org\/{rel}","templated":true}]}}