{"id":5429,"date":"2023-05-23T15:05:08","date_gmt":"2023-05-23T15:05:08","guid":{"rendered":"https:\/\/tuffigorapidex.com\/notre-savoir-faire\/"},"modified":"2025-12-08T17:22:36","modified_gmt":"2025-12-08T17:22:36","slug":"nasza-wiedza","status":"publish","type":"page","link":"https:\/\/tuffigorapidex.com\/pl\/nasza-wiedza\/","title":{"rendered":"Nasze know-how"},"content":{"rendered":"<p>[vc_row][vc_column width=&#8221;1\/2&#8243;][vc_custom_heading text=&#8221;Centrum ##rozwoju i innowacji##&#8221;][vc_column_text]<\/p><p><span style=\"font-weight: 400;\">Nasz dzia\u0142 Innowacji tworzy wizj\u0119 przysz\u0142o\u015bci hodowli zwierz\u0105t uwzgl\u0119dniaj\u0105c jej konsekwencje dla rolnik\u00f3w.<\/span><\/p><p><span style=\"font-weight: 400;\">Zesp\u00f3\u0142 in\u017cynier\u00f3w i technik\u00f3w nieustannie zbiera informacje zwrotne z rynku, poszukuj\u0105c innowacyjnych rozwi\u0105za\u0144, kt\u00f3re spe\u0142ni\u0105 nowe, rosn\u0105ce wymagania skoncentrowane na:<\/span><\/p><ul><li><span style=\"font-weight: 400;\"><\/span><span style=\"font-weight: 400;\"> \u00a0 \u00a0 \u00a0 <\/span><span style=\"font-weight: 400;\">dobrostanie i identyfikowalno\u015bci zwierz\u0105t,<\/span><\/li><li><span style=\"font-weight: 400;\"><\/span><span style=\"font-weight: 400;\"> \u00a0 \u00a0 \u00a0 <\/span><span style=\"font-weight: 400;\">konkurencyjno\u015bci i poszanowaniu \u015brodowiska,<\/span><\/li><li><span style=\"font-weight: 400;\"><\/span><span style=\"font-weight: 400;\"> \u00a0 \u00a0 \u00a0 <\/span><span style=\"font-weight: 400;\">mobilno\u015bci i innych kluczowych obszarach<\/span><\/li><\/ul><p><span style=\"font-weight: 400;\">Wszystkie nasze innowacje s\u0105 testowane w terenie wsp\u00f3lnie z naszymi hodowcami partnerskimi.<\/span><\/p><p>[\/vc_column_text][vc_btn title=&#8221;Dowiedz si\u0119 wi\u0119cej&#8221; shape=&#8221;round&#8221; link=&#8221;url:https%3A%2F%2Ftuffigorapidex.com%2Fpl%2Fcentrum-rozwoju%2F|title:centrum%20rozwoju&#8221;][\/vc_column][vc_column width=&#8221;1\/2&#8243;][vc_single_image image=&#8221;2997&#8243; img_size=&#8221;400&#215;300&#8243;][\/vc_column][\/vc_row][vc_row el_class=&#8221;swap-on-mobile&#8221;][vc_column width=&#8221;1\/2&#8243;][vc_single_image image=&#8221;2977&#8243; img_size=&#8221;400&#215;300&#8243;][\/vc_column][vc_column width=&#8221;1\/2&#8243;][vc_custom_heading text=&#8221;Zak\u0142ad ##produkcyjny##<br \/>&#8220;][vc_column_text]<\/p><p><span style=\"font-weight: 400;\">Niezw\u0142ocznie po otrzymaniu zam\u00f3wienia, nasze zespo\u0142y produkcyjne i logistyczne realizuj\u0105 niezawodne dzia\u0142ania gwarantuj\u0105ce wysok\u0105 jako\u015b\u0107. Ca\u0142a firma jest zaanga\u017cowana w ci\u0105g\u0142e doskonalenie produkt\u00f3w i proces\u00f3w.<\/span><\/p><p>[\/vc_column_text][vc_btn title=&#8221;Dowiedz si\u0119 wi\u0119cej&#8221; shape=&#8221;round&#8221; link=&#8221;url:https%3A%2F%2Ftuffigorapidex.com%2Fpl%2Fzaklad-produkcyjny%2F|title:Zak%C5%82ad%20produkcyjny&#8221;][\/vc_column][\/vc_row][vc_row][vc_column width=&#8221;1\/2&#8243;][vc_custom_heading text=&#8221;Centrum ##serwisowe##&#8221;][vc_column_text]<\/p><p><span style=\"font-weight: 400;\">Nasza sie\u0107 instalator\u00f3w otrzymuje kompleksowe wsparcie (telefoniczne, regionalne i mi\u0119dzynarodowe), a tak\u017ce doradztwo oraz szkolenia produktowe.<\/span><\/p><p><span style=\"font-weight: 400;\">Centrum serwisowe oferuje pe\u0142en zakres us\u0142ug technicznych we Francji oraz za granic\u0105, w tym: uruchomienie budynku, pomoc techniczn\u0105, nadz\u00f3r na miejscu i naprawy produkt\u00f3w<\/span><\/p><p>[\/vc_column_text][vc_btn title=&#8221;Dowiedz si\u0119 wi\u0119cej&#8221; shape=&#8221;round&#8221; link=&#8221;url:https%3A%2F%2Ftuffigorapidex.com%2Fpl%2Fcentrum-serwisowe%2F|title:centrum%20serwisowe&#8221;][\/vc_column][vc_column width=&#8221;1\/2&#8243;][vc_single_image image=&#8221;3068&#8243; img_size=&#8221;400&#215;300&#8243;][\/vc_column][\/vc_row]<\/p>","protected":false},"excerpt":{"rendered":"<p>[vc_row][vc_column width=&#8221;1\/2&#8243;][vc_custom_heading text=&#8221;Centrum ##rozwoju i innowacji##&#8221;][vc_column_text]Nasz <span class=\"more\">...<\/span>","protected":false},"author":6,"featured_media":0,"parent":0,"menu_order":120,"comment_status":"closed","ping_status":"closed","template":"","meta":{"inline_featured_image":false},"acf":[],"yoast_head":"<!-- This site is optimized with the Yoast SEO plugin v21.3 - https:\/\/yoast.com\/wordpress\/plugins\/seo\/ -->\n<title>Nasze know-how | Tuffigo Rapidex<\/title>\n<meta name=\"robots\" content=\"index, follow, max-snippet:-1, max-image-preview:large, max-video-preview:-1\" \/>\n<link rel=\"canonical\" href=\"https:\/\/tuffigorapidex.com\/pl\/nasza-wiedza\/\" \/>\n<meta property=\"og:locale\" content=\"pl_PL\" \/>\n<meta property=\"og:type\" content=\"article\" \/>\n<meta property=\"og:title\" content=\"Nasze know-how | Tuffigo Rapidex\" \/>\n<meta property=\"og:description\" content=\"[vc_row][vc_column width=&#8221;1\/2&#8243;][vc_custom_heading text=&#8221;Centrum ##rozwoju i innowacji##&#8221;][vc_column_text]Nasz dzia\u0142 Innowacji tworzy wizj\u0119 przysz\u0142o\u015bci hodowli zwierz\u0105t uwzgl\u0119dniaj\u0105c jej konsekwencje dla rolnik\u00f3w.Zesp\u00f3\u0142 in\u017cynier\u00f3w i\" \/>\n<meta property=\"og:url\" content=\"https:\/\/tuffigorapidex.com\/pl\/nasza-wiedza\/\" \/>\n<meta property=\"og:site_name\" content=\"Tuffigo Rapidex\" \/>\n<meta property=\"article:publisher\" content=\"https:\/\/www.facebook.com\/tuffigorapidexsas\/\" \/>\n<meta property=\"article:modified_time\" content=\"2025-12-08T17:22:36+00:00\" \/>\n<meta property=\"og:image\" content=\"https:\/\/tuffigorapidex.com\/app\/uploads\/2023\/12\/TUFFIGO-logo.png\" \/>\n\t<meta property=\"og:image:width\" content=\"188\" \/>\n\t<meta property=\"og:image:height\" content=\"184\" \/>\n\t<meta property=\"og:image:type\" content=\"image\/png\" \/>\n<meta name=\"twitter:card\" content=\"summary_large_image\" \/>\n<meta name=\"twitter:label1\" content=\"Est. reading time\" \/>\n\t<meta name=\"twitter:data1\" content=\"1 minute\" \/>\n<script type=\"application\/ld+json\" class=\"yoast-schema-graph\">{\"@context\":\"https:\/\/schema.org\",\"@graph\":[{\"@type\":\"WebPage\",\"@id\":\"https:\/\/tuffigorapidex.com\/pl\/nasza-wiedza\/\",\"url\":\"https:\/\/tuffigorapidex.com\/pl\/nasza-wiedza\/\",\"name\":\"Nasze know-how | Tuffigo Rapidex\",\"isPartOf\":{\"@id\":\"https:\/\/tuffigorapidex.com\/pl\/#website\"},\"datePublished\":\"2023-05-23T15:05:08+00:00\",\"dateModified\":\"2025-12-08T17:22:36+00:00\",\"breadcrumb\":{\"@id\":\"https:\/\/tuffigorapidex.com\/pl\/nasza-wiedza\/#breadcrumb\"},\"inLanguage\":\"pl-PL\",\"potentialAction\":[{\"@type\":\"ReadAction\",\"target\":[\"https:\/\/tuffigorapidex.com\/pl\/nasza-wiedza\/\"]}]},{\"@type\":\"BreadcrumbList\",\"@id\":\"https:\/\/tuffigorapidex.com\/pl\/nasza-wiedza\/#breadcrumb\",\"itemListElement\":[{\"@type\":\"ListItem\",\"position\":1,\"name\":\"Accueil\",\"item\":\"https:\/\/tuffigorapidex.com\/pl\/\"},{\"@type\":\"ListItem\",\"position\":2,\"name\":\"Nasze know-how\"}]},{\"@type\":\"WebSite\",\"@id\":\"https:\/\/tuffigorapidex.com\/pl\/#website\",\"url\":\"https:\/\/tuffigorapidex.com\/pl\/\",\"name\":\"TUFFIGO RAPIDEX\",\"description\":\"Leader fran\u00e7ais des \u00e9quipements d&#039;\u00e9levage hors sol\",\"publisher\":{\"@id\":\"https:\/\/tuffigorapidex.com\/pl\/#organization\"},\"potentialAction\":[{\"@type\":\"SearchAction\",\"target\":{\"@type\":\"EntryPoint\",\"urlTemplate\":\"https:\/\/tuffigorapidex.com\/pl\/?s={search_term_string}\"},\"query-input\":\"required name=search_term_string\"}],\"inLanguage\":\"pl-PL\"},{\"@type\":\"Organization\",\"@id\":\"https:\/\/tuffigorapidex.com\/pl\/#organization\",\"name\":\"Tuffigo Rapidex\",\"url\":\"https:\/\/tuffigorapidex.com\/pl\/\",\"logo\":{\"@type\":\"ImageObject\",\"inLanguage\":\"pl-PL\",\"@id\":\"https:\/\/tuffigorapidex.com\/pl\/#\/schema\/logo\/image\/\",\"url\":\"https:\/\/tuffigorapidex.com\/app\/uploads\/2023\/12\/TUFFIGO-logo.png\",\"contentUrl\":\"https:\/\/tuffigorapidex.com\/app\/uploads\/2023\/12\/TUFFIGO-logo.png\",\"width\":188,\"height\":184,\"caption\":\"Tuffigo Rapidex\"},\"image\":{\"@id\":\"https:\/\/tuffigorapidex.com\/pl\/#\/schema\/logo\/image\/\"},\"sameAs\":[\"https:\/\/www.facebook.com\/tuffigorapidexsas\/\"]}]}<\/script>\n<!-- \/ Yoast SEO plugin. -->","yoast_head_json":{"title":"Nasze know-how | Tuffigo Rapidex","robots":{"index":"index","follow":"follow","max-snippet":"max-snippet:-1","max-image-preview":"max-image-preview:large","max-video-preview":"max-video-preview:-1"},"canonical":"https:\/\/tuffigorapidex.com\/pl\/nasza-wiedza\/","og_locale":"pl_PL","og_type":"article","og_title":"Nasze know-how | Tuffigo Rapidex","og_description":"[vc_row][vc_column width=&#8221;1\/2&#8243;][vc_custom_heading text=&#8221;Centrum ##rozwoju i innowacji##&#8221;][vc_column_text]Nasz dzia\u0142 Innowacji tworzy wizj\u0119 przysz\u0142o\u015bci hodowli zwierz\u0105t uwzgl\u0119dniaj\u0105c jej konsekwencje dla rolnik\u00f3w.Zesp\u00f3\u0142 in\u017cynier\u00f3w i","og_url":"https:\/\/tuffigorapidex.com\/pl\/nasza-wiedza\/","og_site_name":"Tuffigo Rapidex","article_publisher":"https:\/\/www.facebook.com\/tuffigorapidexsas\/","article_modified_time":"2025-12-08T17:22:36+00:00","og_image":[{"width":188,"height":184,"url":"https:\/\/tuffigorapidex.com\/app\/uploads\/2023\/12\/TUFFIGO-logo.png","type":"image\/png"}],"twitter_card":"summary_large_image","twitter_misc":{"Est. reading time":"1 minute"},"schema":{"@context":"https:\/\/schema.org","@graph":[{"@type":"WebPage","@id":"https:\/\/tuffigorapidex.com\/pl\/nasza-wiedza\/","url":"https:\/\/tuffigorapidex.com\/pl\/nasza-wiedza\/","name":"Nasze know-how | Tuffigo Rapidex","isPartOf":{"@id":"https:\/\/tuffigorapidex.com\/pl\/#website"},"datePublished":"2023-05-23T15:05:08+00:00","dateModified":"2025-12-08T17:22:36+00:00","breadcrumb":{"@id":"https:\/\/tuffigorapidex.com\/pl\/nasza-wiedza\/#breadcrumb"},"inLanguage":"pl-PL","potentialAction":[{"@type":"ReadAction","target":["https:\/\/tuffigorapidex.com\/pl\/nasza-wiedza\/"]}]},{"@type":"BreadcrumbList","@id":"https:\/\/tuffigorapidex.com\/pl\/nasza-wiedza\/#breadcrumb","itemListElement":[{"@type":"ListItem","position":1,"name":"Accueil","item":"https:\/\/tuffigorapidex.com\/pl\/"},{"@type":"ListItem","position":2,"name":"Nasze know-how"}]},{"@type":"WebSite","@id":"https:\/\/tuffigorapidex.com\/pl\/#website","url":"https:\/\/tuffigorapidex.com\/pl\/","name":"TUFFIGO RAPIDEX","description":"Leader fran\u00e7ais des \u00e9quipements d&#039;\u00e9levage hors sol","publisher":{"@id":"https:\/\/tuffigorapidex.com\/pl\/#organization"},"potentialAction":[{"@type":"SearchAction","target":{"@type":"EntryPoint","urlTemplate":"https:\/\/tuffigorapidex.com\/pl\/?s={search_term_string}"},"query-input":"required name=search_term_string"}],"inLanguage":"pl-PL"},{"@type":"Organization","@id":"https:\/\/tuffigorapidex.com\/pl\/#organization","name":"Tuffigo Rapidex","url":"https:\/\/tuffigorapidex.com\/pl\/","logo":{"@type":"ImageObject","inLanguage":"pl-PL","@id":"https:\/\/tuffigorapidex.com\/pl\/#\/schema\/logo\/image\/","url":"https:\/\/tuffigorapidex.com\/app\/uploads\/2023\/12\/TUFFIGO-logo.png","contentUrl":"https:\/\/tuffigorapidex.com\/app\/uploads\/2023\/12\/TUFFIGO-logo.png","width":188,"height":184,"caption":"Tuffigo Rapidex"},"image":{"@id":"https:\/\/tuffigorapidex.com\/pl\/#\/schema\/logo\/image\/"},"sameAs":["https:\/\/www.facebook.com\/tuffigorapidexsas\/"]}]}},"_links":{"self":[{"href":"https:\/\/tuffigorapidex.com\/pl\/wp-json\/wp\/v2\/pages\/5429"}],"collection":[{"href":"https:\/\/tuffigorapidex.com\/pl\/wp-json\/wp\/v2\/pages"}],"about":[{"href":"https:\/\/tuffigorapidex.com\/pl\/wp-json\/wp\/v2\/types\/page"}],"author":[{"embeddable":true,"href":"https:\/\/tuffigorapidex.com\/pl\/wp-json\/wp\/v2\/users\/6"}],"replies":[{"embeddable":true,"href":"https:\/\/tuffigorapidex.com\/pl\/wp-json\/wp\/v2\/comments?post=5429"}],"version-history":[{"count":21,"href":"https:\/\/tuffigorapidex.com\/pl\/wp-json\/wp\/v2\/pages\/5429\/revisions"}],"predecessor-version":[{"id":8576,"href":"https:\/\/tuffigorapidex.com\/pl\/wp-json\/wp\/v2\/pages\/5429\/revisions\/8576"}],"wp:attachment":[{"href":"https:\/\/tuffigorapidex.com\/pl\/wp-json\/wp\/v2\/media?parent=5429"}],"curies":[{"name":"wp","href":"https:\/\/api.w.org\/{rel}","templated":true}]}}