{"id":5890,"date":"2021-02-15T13:47:49","date_gmt":"2021-02-15T13:47:49","guid":{"rendered":"https:\/\/tuffigorapidex.com\/accueil\/"},"modified":"2025-12-11T16:49:56","modified_gmt":"2025-12-11T16:49:56","slug":"accueil","status":"publish","type":"page","link":"https:\/\/tuffigorapidex.com\/pl\/","title":{"rendered":"Accueil"},"content":{"rendered":"<p>[vc_row][vc_column][vc_custom_heading text=&#8221;\u201eWentylacja i ##karmienie## &#8211; ##wysokowydajne## rozwi\u0105zania dla ka\u017cdego gatunku\u201d.<br \/>&#8221; font_container=&#8221;tag:h2|text_align:center&#8221;][vc_column_text el_class=&#8221;soustitre&#8221;]<\/p><p style=\"text-align: center;\">Jako Tuffigo Rapidex projektujemy innowacyjne i intuicyjne rozwi\u0105zania, kt\u00f3re oszcz\u0119dzaj\u0105 hodowcom czas i energi\u0119.<br \/>Nasze zespo\u0142y w \u015bcis\u0142ej wsp\u00f3\u0142pracy z hodowcami opracowuj\u0105 i projektuj\u0105 zautomatyzowane i innowacyjne produkty z zakresu wentylacji, \u017cywienia, \u0142\u0105czno\u015bci i gromadzenia danych, aby u\u0142atwi\u0107 Pa\u0144stwu codzienne zarz\u0105dzanie zootechniczne.<\/p><p>[\/vc_column_text][\/vc_column][\/vc_row][vc_row][vc_column][vc_row_inner gap=&#8221;35&#8243; el_class=&#8221;especes&#8221;][vc_column_inner width=&#8221;1\/4&#8243;][vc_raw_html]JTNDYSUyMGNsYXNzJTNEJTIyZXNwZWNlcy1saW5rJTIwdm9sYWlsbGUlMjIlMjBocmVmJTNEJTIyaHR0cHMlM0ElMkYlMkZ0dWZmaWdvcmFwaWRleC5jb20lMkZwbCUyRnJvendpYXphbmllLXdlZGx1Zy1nYXR1bmt1JTJGZHJvYiUyRiUyMiUyMGFyaWEtbGFiZWwlM0QlMjJWb2xhaWxsZSUyMiUzRSUwQSUzQ3NwYW4lMjBjbGFzcyUzRCUyMmltYWdlJTIyJTNFJTNDaW1nJTIwd2lkdGglM0QlMjI0ODAlMjIlMjBoZWlnaHQlM0QlMjI0ODAlMjIlMjBzcmMlM0QlMjJodHRwcyUzQSUyRiUyRnR1ZmZpZ29yYXBpZGV4LmNvbSUyRmFwcCUyRnVwbG9hZHMlMkYyMDIyJTJGMDYlMkZ2b2xhaWxsZS5qcGclMjIlMjBjbGFzcyUzRCUyMmF0dGFjaG1lbnQtc21hbGxkZXZpY2UlMjBzaXplLXNtYWxsZGV2aWNlJTIyJTIwYWx0JTNEJTIyJTIyJTIwZGVjb2RpbmclM0QlMjJhc3luYyUyMiUyMGxvYWRpbmclM0QlMjJsYXp5JTIyJTIwc3Jjc2V0JTNEJTIyaHR0cHMlM0ElMkYlMkZ0dWZmaWdvcmFwaWRleC5jb20lMkZhcHAlMkZ1cGxvYWRzJTJGMjAyMiUyRjA2JTJGdm9sYWlsbGUuanBnJTIwNDgwdyUyQyUyMGh0dHBzJTNBJTJGJTJGdHVmZmlnb3JhcGlkZXguY29tJTJGYXBwJTJGdXBsb2FkcyUyRjIwMjIlMkYwNiUyRnZvbGFpbGxlLTE1MHgxNTAuanBnJTIwMTUwdyUyQyUyMGh0dHBzJTNBJTJGJTJGdHVmZmlnb3JhcGlkZXguY29tJTJGYXBwJTJGdXBsb2FkcyUyRjIwMjIlMkYwNiUyRnZvbGFpbGxlLTMwMHgzMDAuanBnJTIwMzAwdyUyQyUyMGh0dHBzJTNBJTJGJTJGdHVmZmlnb3JhcGlkZXguY29tJTJGYXBwJTJGdXBsb2FkcyUyRjIwMjIlMkYwNiUyRnZvbGFpbGxlLTMyMHgzMjAuanBnJTIwMzIwdyUyQyUyMGh0dHBzJTNBJTJGJTJGdHVmZmlnb3JhcGlkZXguY29tJTJGYXBwJTJGdXBsb2FkcyUyRjIwMjIlMkYwNiUyRnZvbGFpbGxlLTc1eDc1LmpwZyUyMDc1dyUyMiUyMHNpemVzJTNEJTIyJTI4bWF4LXdpZHRoJTNBJTIwNDgwcHglMjklMjAxMDB2dyUyQyUyMDQ4MHB4JTIyJTNFJTNDJTJGc3BhbiUzRSUwQSUzQ2gzJTIwY2xhc3MlM0QlMjJ0aXRsZSUyMiUzRURyJUMzJUIzYiUzQyUyRmgzJTNFJTBBJTNDJTJGYSUzRQ==[\/vc_raw_html][\/vc_column_inner][vc_column_inner width=&#8221;1\/4&#8243;][vc_raw_html]JTNDYSUyMGNsYXNzJTNEJTIyZXNwZWNlcy1saW5rJTIwcG9yYyUyMiUyMGhyZWYlM0QlMjIlMjMlMjIlMjBhcmlhLWxhYmVsJTNEJTIyUG9yYyUyMiUzRSUwQSUzQ3NwYW4lMjBjbGFzcyUzRCUyMmltYWdlJTIyJTNFJTNDaW1nJTIwd2lkdGglM0QlMjI0ODAlMjIlMjBoZWlnaHQlM0QlMjI0ODAlMjIlMjBzcmMlM0QlMjJodHRwcyUzQSUyRiUyRnR1ZmZpZ29yYXBpZGV4LmNvbSUyRmFwcCUyRnVwbG9hZHMlMkYyMDIyJTJGMDYlMkZwb3JjLmpwZyUyMiUyMGNsYXNzJTNEJTIyYXR0YWNobWVudC1zbWFsbGRldmljZSUyMHNpemUtc21hbGxkZXZpY2UlMjIlMjBhbHQlM0QlMjIlMjIlMjBkZWNvZGluZyUzRCUyMmFzeW5jJTIyJTIwbG9hZGluZyUzRCUyMmxhenklMjIlMjBzcmNzZXQlM0QlMjJodHRwcyUzQSUyRiUyRnR1ZmZpZ29yYXBpZGV4LmNvbSUyRmFwcCUyRnVwbG9hZHMlMkYyMDIyJTJGMDYlMkZwb3JjLmpwZyUyMDQ4MHclMkMlMjBodHRwcyUzQSUyRiUyRnR1ZmZpZ29yYXBpZGV4LmNvbSUyRmFwcCUyRnVwbG9hZHMlMkYyMDIyJTJGMDYlMkZwb3JjLTE1MHgxNTAuanBnJTIwMTUwdyUyQyUyMGh0dHBzJTNBJTJGJTJGdHVmZmlnb3JhcGlkZXguY29tJTJGYXBwJTJGdXBsb2FkcyUyRjIwMjIlMkYwNiUyRnBvcmMtMzAweDMwMC5qcGclMjAzMDB3JTJDJTIwaHR0cHMlM0ElMkYlMkZ0dWZmaWdvcmFwaWRleC5jb20lMkZhcHAlMkZ1cGxvYWRzJTJGMjAyMiUyRjA2JTJGcG9yYy0zMjB4MzIwLmpwZyUyMDMyMHclMkMlMjBodHRwcyUzQSUyRiUyRnR1ZmZpZ29yYXBpZGV4LmNvbSUyRmFwcCUyRnVwbG9hZHMlMkYyMDIyJTJGMDYlMkZwb3JjLTc1eDc1LmpwZyUyMDc1dyUyMiUyMHNpemVzJTNEJTIyJTI4bWF4LXdpZHRoJTNBJTIwNDgwcHglMjklMjAxMDB2dyUyQyUyMDQ4MHB4JTIyJTNFJTNDJTJGc3BhbiUzRSUwQSUzQ2gzJTIwY2xhc3MlM0QlMjJ0aXRsZSUyMiUzRVRyem9kYSUyMENobGV3bmElM0MlMkZoMyUzRSUwQSUzQyUyRmElM0U=[\/vc_raw_html][\/vc_column_inner][vc_column_inner width=&#8221;1\/4&#8243;][vc_raw_html]JTNDYSUyMGNsYXNzJTNEJTIyZXNwZWNlcy1saW5rJTIwYm92aW4lMjIlMjBocmVmJTNEJTIyJTJGJTIzJTJGJTIyJTIwYXJpYS1sYWJlbCUzRCUyMlJ1bWluYW50JTIyJTNFJTBBJTNDc3BhbiUyMGNsYXNzJTNEJTIyaW1hZ2UlMjIlM0UlM0NpbWclMjB3aWR0aCUzRCUyMjQ4MCUyMiUyMGhlaWdodCUzRCUyMjQ4MCUyMiUyMHNyYyUzRCUyMmh0dHBzJTNBJTJGJTJGdHVmZmlnb3JhcGlkZXguY29tJTJGYXBwJTJGdXBsb2FkcyUyRjIwMjIlMkYwNiUyRnJ1bWluYW50LmpwZyUyMiUyMGNsYXNzJTNEJTIyYXR0YWNobWVudC1zbWFsbGRldmljZSUyMHNpemUtc21hbGxkZXZpY2UlMjIlMjBhbHQlM0QlMjIlMjIlMjBkZWNvZGluZyUzRCUyMmFzeW5jJTIyJTIwbG9hZGluZyUzRCUyMmxhenklMjIlMjBzcmNzZXQlM0QlMjJodHRwcyUzQSUyRiUyRnR1ZmZpZ29yYXBpZGV4LmNvbSUyRmFwcCUyRnVwbG9hZHMlMkYyMDIyJTJGMDYlMkZydW1pbmFudC5qcGclMjA0ODB3JTJDJTIwaHR0cHMlM0ElMkYlMkZ0dWZmaWdvcmFwaWRleC5jb20lMkZhcHAlMkZ1cGxvYWRzJTJGMjAyMiUyRjA2JTJGcnVtaW5hbnQtMTUweDE1MC5qcGclMjAxNTB3JTJDJTIwaHR0cHMlM0ElMkYlMkZ0dWZmaWdvcmFwaWRleC5jb20lMkZhcHAlMkZ1cGxvYWRzJTJGMjAyMiUyRjA2JTJGcnVtaW5hbnQtMzAweDMwMC5qcGclMjAzMDB3JTJDJTIwaHR0cHMlM0ElMkYlMkZ0dWZmaWdvcmFwaWRleC5jb20lMkZhcHAlMkZ1cGxvYWRzJTJGMjAyMiUyRjA2JTJGcnVtaW5hbnQtMzIweDMyMC5qcGclMjAzMjB3JTJDJTIwaHR0cHMlM0ElMkYlMkZ0dWZmaWdvcmFwaWRleC5jb20lMkZhcHAlMkZ1cGxvYWRzJTJGMjAyMiUyRjA2JTJGcnVtaW5hbnQtNzV4NzUuanBnJTIwNzV3JTIyJTIwc2l6ZXMlM0QlMjIlMjhtYXgtd2lkdGglM0ElMjA0ODBweCUyOSUyMDEwMHZ3JTJDJTIwNDgwcHglMjIlM0UlM0MlMkZzcGFuJTNFJTBBJTNDaDMlMjBjbGFzcyUzRCUyMnRpdGxlJTIyJTNFUHJ6ZSVDNSVCQ3V3YWN6ZSUzQyUyRmgzJTNFJTBBJTNDJTJGYSUzRQ==[\/vc_raw_html][\/vc_column_inner][vc_column_inner width=&#8221;1\/4&#8243;][vc_raw_html]JTNDYSUyMGNsYXNzJTNEJTIyZXNwZWNlcy1saW5rJTIwYXV0cmUlMjIlMjBocmVmJTNEJTIyJTJGJTIzJTJGJTIyJTIwYXJpYS1sYWJlbCUzRCUyMkF1dHJlcyUyMEVzcCVDMyVBOGNlcyUyMiUzRSUwQSUzQ3NwYW4lMjBjbGFzcyUzRCUyMmltYWdlJTIyJTNFJTNDaW1nJTIwd2lkdGglM0QlMjI0ODAlMjIlMjBoZWlnaHQlM0QlMjI0ODAlMjIlMjBzcmMlM0QlMjJodHRwcyUzQSUyRiUyRnR1ZmZpZ29yYXBpZGV4LmNvbSUyRmFwcCUyRnVwbG9hZHMlMkYyMDIyJTJGMDYlMkZhdXRyZS5qcGclMjIlMjBjbGFzcyUzRCUyMmF0dGFjaG1lbnQtc21hbGxkZXZpY2UlMjBzaXplLXNtYWxsZGV2aWNlJTIyJTIwYWx0JTNEJTIyJTIyJTIwZGVjb2RpbmclM0QlMjJhc3luYyUyMiUyMGxvYWRpbmclM0QlMjJsYXp5JTIyJTIwc3Jjc2V0JTNEJTIyaHR0cHMlM0ElMkYlMkZ0dWZmaWdvcmFwaWRleC5jb20lMkZhcHAlMkZ1cGxvYWRzJTJGMjAyMiUyRjA2JTJGYXV0cmUuanBnJTIwNDgwdyUyQyUyMGh0dHBzJTNBJTJGJTJGdHVmZmlnb3JhcGlkZXguY29tJTJGYXBwJTJGdXBsb2FkcyUyRjIwMjIlMkYwNiUyRmF1dHJlLTE1MHgxNTAuanBnJTIwMTUwdyUyQyUyMGh0dHBzJTNBJTJGJTJGdHVmZmlnb3JhcGlkZXguY29tJTJGYXBwJTJGdXBsb2FkcyUyRjIwMjIlMkYwNiUyRmF1dHJlLTMwMHgzMDAuanBnJTIwMzAwdyUyQyUyMGh0dHBzJTNBJTJGJTJGdHVmZmlnb3JhcGlkZXguY29tJTJGYXBwJTJGdXBsb2FkcyUyRjIwMjIlMkYwNiUyRmF1dHJlLTMyMHgzMjAuanBnJTIwMzIwdyUyQyUyMGh0dHBzJTNBJTJGJTJGdHVmZmlnb3JhcGlkZXguY29tJTJGYXBwJTJGdXBsb2FkcyUyRjIwMjIlMkYwNiUyRmF1dHJlLTc1eDc1LmpwZyUyMDc1dyUyMiUyMHNpemVzJTNEJTIyJTI4bWF4LXdpZHRoJTNBJTIwNDgwcHglMjklMjAxMDB2dyUyQyUyMDQ4MHB4JTIyJTNFJTNDJTJGc3BhbiUzRSUwQSUzQ2gzJTIwY2xhc3MlM0QlMjJ0aXRsZSUyMiUzRWlubmUlMjBnYXR1bmtpJTNDJTJGaDMlM0UlMEElM0MlMkZhJTNF[\/vc_raw_html][\/vc_column_inner][\/vc_row_inner][\/vc_column][\/vc_row][vc_row equal_height=&#8221;yes&#8221; content_placement=&#8221;middle&#8221; css_animation=&#8221;fadeIn&#8221; el_class=&#8221;homeblock left&#8221;][vc_column][vc_row_inner equal_height=&#8221;yes&#8221; content_placement=&#8221;middle&#8221;][vc_column_inner el_class=&#8221;col-img&#8221; width=&#8221;1\/2&#8243;][vc_video link=&#8221;https:\/\/youtu.be\/9NCTaTrB_hA&#8221;][\/vc_column_inner][vc_column_inner el_class=&#8221;col-text first&#8221; width=&#8221;1\/2&#8243;][vc_custom_heading text=&#8221;Tuffigo Rapidex projektuje ##rozwi\u0105zania dla hodowli## zwierz\u0105t na dzi\u015b i na przysz\u0142o\u015b\u0107&#8221;][vc_column_text]<\/p><p>Do zarz\u0105dzania Pa\u0144stwa projektem hodowlanym wykorzystujemy ponad 70-letnie do\u015bwiadczenie. Nasz Dzia\u0142 Bada\u0144 i Rozwoju stale projektuje, testuje i udoskonala produkty, opieraj\u0105c faz\u0119 projektowania na specyfikacjach, standardach rynkowych oraz konkretnych potrzebach klient\u00f3w.<\/p><p>[\/vc_column_text][vc_btn title=&#8221;Dowiedz si\u0119 wi\u0119cej&#8221; link=&#8221;url:https%3A%2F%2Ftuffigorapidex.com%2Fpl%2Frozwiazanie-wedlug-gatunku%2F|title:Proc%C3%A9d%C3%A9s%20de%20fabrication&#8221;][\/vc_column_inner][\/vc_row_inner][\/vc_column][\/vc_row][vc_row equal_height=&#8221;yes&#8221; content_placement=&#8221;middle&#8221; css_animation=&#8221;fadeIn&#8221; el_class=&#8221;homeblock right&#8221;][vc_column][vc_row_inner equal_height=&#8221;yes&#8221; content_placement=&#8221;middle&#8221;][vc_column_inner el_class=&#8221;col-text second&#8221; width=&#8221;1\/2&#8243;][vc_custom_heading text=&#8221;Skorzystaj ze ##wszystkich us\u0142ug Tuffigo Rapidex##&#8221;][vc_column_text]<\/p><p>Nasz\u0105 misj\u0105 jest wspieranie ka\u017cdego z naszych klient\u00f3w, a jako firma rodzinna kierujemy si\u0119 wsp\u00f3lnymi warto\u015bciami: zaufania, s\u0142uchania, responsywno\u015bci, blisko\u015bci i przewidywania ich potrzeb. Zobowi\u0105zujemy si\u0119 zagwarantowa\u0107 rozwi\u0105zanie idealnie odpowiadaj\u0105ce Pa\u0144stwa celom.<\/p><p>[\/vc_column_text][vc_btn title=&#8221;Dowiedz si\u0119 wi\u0119cej&#8221; link=&#8221;url:https%3A%2F%2Ftuffigorapidex.com%2Fpl%2Fcentrum-serwisowe%2F|title:service&#8221;][\/vc_column_inner][vc_column_inner el_class=&#8221;col-img&#8221; width=&#8221;1\/2&#8243;][vc_single_image image=&#8221;2288&#8243; img_size=&#8221;full&#8221;][\/vc_column_inner][\/vc_row_inner][\/vc_column][\/vc_row][vc_row equal_height=&#8221;yes&#8221; content_placement=&#8221;middle&#8221; css_animation=&#8221;fadeIn&#8221; el_class=&#8221;homeblock left&#8221; el_id=&#8221;ROW3&#8243;][vc_column][vc_row_inner equal_height=&#8221;yes&#8221; content_placement=&#8221;middle&#8221;][vc_column_inner el_class=&#8221;col-img&#8221; width=&#8221;1\/2&#8243;][vc_single_image image=&#8221;616&#8243; img_size=&#8221;full&#8221;][\/vc_column_inner][vc_column_inner el_class=&#8221;col-text last&#8221; width=&#8221;1\/2&#8243;][vc_custom_heading text=&#8221;Une gamme compl\u00e8te de ##silos##&#8221;][vc_column_text]I am text block. Click edit button to change this text. Lorem ipsum dolor sit amet, consectetur adipiscing elit. Ut elit tellus, luctus nec ullamcorper mattis, pulvinar dapibus leo.[\/vc_column_text][vc_btn link=&#8221;url:https%3A%2F%2Ftuffigorapidex.com%2Ffr%2Fles-silos%2F|title:Proc%C3%A9d%C3%A9s%20de%20fabrication|&#8221;][\/vc_column_inner][\/vc_row_inner][\/vc_column][\/vc_row][vc_row el_class=&#8221;no-margin&#8221; css=&#8221;.vc_custom_1656329770625{background-color: #faf6eb !important;}&#8221;][vc_column css=&#8221;.vc_custom_1624455629590{margin-top: 0px !important;margin-bottom: 0px !important;border-top-width: 0px !important;border-bottom-width: 0px !important;padding-top: 0px !important;padding-bottom: 0px !important;}&#8221;][vc_row_inner equal_height=&#8221;yes&#8221; content_placement=&#8221;middle&#8221;][vc_column_inner width=&#8221;1\/2&#8243; css=&#8221;.vc_custom_1656342544333{background-position: center !important;background-repeat: no-repeat !important;background-size: cover !important;}&#8221;][vc_single_image image=&#8221;599&#8243; img_size=&#8221;full&#8221; alignment=&#8221;center&#8221; el_class=&#8221;img-world&#8221;][\/vc_column_inner][vc_column_inner width=&#8221;1\/2&#8243; css=&#8221;.vc_custom_1656411212070{background-position: center !important;background-repeat: no-repeat !important;background-size: cover !important;}&#8221;][vc_empty_space][vc_custom_heading text=&#8221;Dostosuj si\u0119 do wszystkich ##warunk\u00f3w klimatycznych##&#8221;][vc_column_text]<\/p><p>Zajmuje si\u0119 projektowaniem, produkcj\u0105 oraz zarz\u0105dzaniem systemami \u017cywienia i wentylacji dla wszystkich gatunk\u00f3w zwierz\u0105t hodowlanych we Francji i na ca\u0142ym \u015bwiecie.<br \/>Nasze rozwi\u0105zania dostosowuj\u0105 si\u0119 do warunk\u00f3w klimatycznych, niezale\u017cnie od kraju i wymaga\u0144.<br \/>Jeste\u015bmy obecni w wielu krajach, wspierani przez ponad 50 lokalnych instalator\u00f3w.<\/p><p>[\/vc_column_text][vc_empty_space][\/vc_column_inner][\/vc_row_inner][\/vc_column][\/vc_row][vc_row content_placement=&#8221;middle&#8221; el_class=&#8221;pastille&#8221; el_id=&#8221;ACTU&#8221;][vc_column css_animation=&#8221;fadeInUp&#8221; el_class=&#8221;actu-home&#8221;][vc_custom_heading text=&#8221;Actualit\u00e9 produits ##&amp; projets##&#8221; font_container=&#8221;tag:h2|text_align:center&#8221;][vc_btn title=&#8221;Toutes les actualit\u00e9s&#8221; align=&#8221;center&#8221; link=&#8221;url:https%3A%2F%2Ftuffigorapidex.com%2Ffr%2F%3Fpage_id%3D20|title:Actualit%C3%A9s|&#8221; css=&#8221;.vc_custom_1687328513863{margin-top: 30px !important;margin-bottom: 30px !important;}&#8221;][\/vc_column][\/vc_row]<\/p>","protected":false},"excerpt":{"rendered":"<p>[vc_row][vc_column][vc_custom_heading text=&#8221;\u201eWentylacja i ##karmienie## &#8211; ##wysokowydajne## <span class=\"more\">...<\/span>","protected":false},"author":6,"featured_media":0,"parent":0,"menu_order":1,"comment_status":"closed","ping_status":"closed","template":"","meta":{"inline_featured_image":false},"acf":[],"yoast_head":"<!-- This site is optimized with the Yoast SEO plugin v21.3 - https:\/\/yoast.com\/wordpress\/plugins\/seo\/ -->\n<title>TUFFIGO RAPIDEX : Leader des \u00e9quipements d&#039;\u00e9levage hors sol<\/title>\n<meta name=\"robots\" content=\"index, follow, max-snippet:-1, max-image-preview:large, max-video-preview:-1\" \/>\n<link rel=\"canonical\" href=\"https:\/\/tuffigorapidex.com\/pl\/\" \/>\n<meta property=\"og:locale\" content=\"pl_PL\" \/>\n<meta property=\"og:type\" content=\"article\" \/>\n<meta property=\"og:title\" content=\"TUFFIGO RAPIDEX : Leader des \u00e9quipements d&#039;\u00e9levage hors sol\" \/>\n<meta property=\"og:description\" content=\"[vc_row][vc_column][vc_custom_heading text=&#8221;\u201eWentylacja i ##karmienie## &#8211; ##wysokowydajne## rozwi\u0105zania dla ka\u017cdego gatunku\u201d.&#8221; font_container=&#8221;tag:h2|text_align:center&#8221;][vc_column_text el_class=&#8221;soustitre&#8221;]Jako Tuffigo Rapidex projektujemy innowacyjne i intuicyjne rozwi\u0105zania, kt\u00f3re\" \/>\n<meta property=\"og:url\" content=\"https:\/\/tuffigorapidex.com\/pl\/\" \/>\n<meta property=\"og:site_name\" content=\"Tuffigo Rapidex\" \/>\n<meta property=\"article:publisher\" content=\"https:\/\/www.facebook.com\/tuffigorapidexsas\/\" \/>\n<meta property=\"article:modified_time\" content=\"2025-12-11T16:49:56+00:00\" \/>\n<meta property=\"og:image\" content=\"https:\/\/tuffigorapidex.com\/app\/uploads\/2023\/12\/TUFFIGO-logo.png\" \/>\n\t<meta property=\"og:image:width\" content=\"188\" \/>\n\t<meta property=\"og:image:height\" content=\"184\" \/>\n\t<meta property=\"og:image:type\" content=\"image\/png\" \/>\n<meta name=\"twitter:card\" content=\"summary_large_image\" \/>\n<meta name=\"twitter:label1\" content=\"Est. reading time\" \/>\n\t<meta name=\"twitter:data1\" content=\"2 minutes\" \/>\n<script type=\"application\/ld+json\" class=\"yoast-schema-graph\">{\"@context\":\"https:\/\/schema.org\",\"@graph\":[{\"@type\":\"WebPage\",\"@id\":\"https:\/\/tuffigorapidex.com\/pl\/\",\"url\":\"https:\/\/tuffigorapidex.com\/pl\/\",\"name\":\"TUFFIGO RAPIDEX : Leader des \u00e9quipements d'\u00e9levage hors sol\",\"isPartOf\":{\"@id\":\"https:\/\/tuffigorapidex.com\/pl\/#website\"},\"datePublished\":\"2021-02-15T13:47:49+00:00\",\"dateModified\":\"2025-12-11T16:49:56+00:00\",\"breadcrumb\":{\"@id\":\"https:\/\/tuffigorapidex.com\/pl\/#breadcrumb\"},\"inLanguage\":\"pl-PL\",\"potentialAction\":[{\"@type\":\"ReadAction\",\"target\":[\"https:\/\/tuffigorapidex.com\/pl\/\"]}]},{\"@type\":\"BreadcrumbList\",\"@id\":\"https:\/\/tuffigorapidex.com\/pl\/#breadcrumb\",\"itemListElement\":[{\"@type\":\"ListItem\",\"position\":1,\"name\":\"Accueil\",\"item\":\"https:\/\/tuffigorapidex.com\/pl\/\"},{\"@type\":\"ListItem\",\"position\":2,\"name\":\"Accueil\"}]},{\"@type\":\"WebSite\",\"@id\":\"https:\/\/tuffigorapidex.com\/pl\/#website\",\"url\":\"https:\/\/tuffigorapidex.com\/pl\/\",\"name\":\"TUFFIGO RAPIDEX\",\"description\":\"Leader fran\u00e7ais des \u00e9quipements d&#039;\u00e9levage hors sol\",\"publisher\":{\"@id\":\"https:\/\/tuffigorapidex.com\/pl\/#organization\"},\"potentialAction\":[{\"@type\":\"SearchAction\",\"target\":{\"@type\":\"EntryPoint\",\"urlTemplate\":\"https:\/\/tuffigorapidex.com\/pl\/?s={search_term_string}\"},\"query-input\":\"required name=search_term_string\"}],\"inLanguage\":\"pl-PL\"},{\"@type\":\"Organization\",\"@id\":\"https:\/\/tuffigorapidex.com\/pl\/#organization\",\"name\":\"Tuffigo Rapidex\",\"url\":\"https:\/\/tuffigorapidex.com\/pl\/\",\"logo\":{\"@type\":\"ImageObject\",\"inLanguage\":\"pl-PL\",\"@id\":\"https:\/\/tuffigorapidex.com\/pl\/#\/schema\/logo\/image\/\",\"url\":\"https:\/\/tuffigorapidex.com\/app\/uploads\/2023\/12\/TUFFIGO-logo.png\",\"contentUrl\":\"https:\/\/tuffigorapidex.com\/app\/uploads\/2023\/12\/TUFFIGO-logo.png\",\"width\":188,\"height\":184,\"caption\":\"Tuffigo Rapidex\"},\"image\":{\"@id\":\"https:\/\/tuffigorapidex.com\/pl\/#\/schema\/logo\/image\/\"},\"sameAs\":[\"https:\/\/www.facebook.com\/tuffigorapidexsas\/\"]}]}<\/script>\n<!-- \/ Yoast SEO plugin. -->","yoast_head_json":{"title":"TUFFIGO RAPIDEX : Leader des \u00e9quipements d'\u00e9levage hors sol","robots":{"index":"index","follow":"follow","max-snippet":"max-snippet:-1","max-image-preview":"max-image-preview:large","max-video-preview":"max-video-preview:-1"},"canonical":"https:\/\/tuffigorapidex.com\/pl\/","og_locale":"pl_PL","og_type":"article","og_title":"TUFFIGO RAPIDEX : Leader des \u00e9quipements d'\u00e9levage hors sol","og_description":"[vc_row][vc_column][vc_custom_heading text=&#8221;\u201eWentylacja i ##karmienie## &#8211; ##wysokowydajne## rozwi\u0105zania dla ka\u017cdego gatunku\u201d.&#8221; font_container=&#8221;tag:h2|text_align:center&#8221;][vc_column_text el_class=&#8221;soustitre&#8221;]Jako Tuffigo Rapidex projektujemy innowacyjne i intuicyjne rozwi\u0105zania, kt\u00f3re","og_url":"https:\/\/tuffigorapidex.com\/pl\/","og_site_name":"Tuffigo Rapidex","article_publisher":"https:\/\/www.facebook.com\/tuffigorapidexsas\/","article_modified_time":"2025-12-11T16:49:56+00:00","og_image":[{"width":188,"height":184,"url":"https:\/\/tuffigorapidex.com\/app\/uploads\/2023\/12\/TUFFIGO-logo.png","type":"image\/png"}],"twitter_card":"summary_large_image","twitter_misc":{"Est. reading time":"2 minutes"},"schema":{"@context":"https:\/\/schema.org","@graph":[{"@type":"WebPage","@id":"https:\/\/tuffigorapidex.com\/pl\/","url":"https:\/\/tuffigorapidex.com\/pl\/","name":"TUFFIGO RAPIDEX : Leader des \u00e9quipements d'\u00e9levage hors sol","isPartOf":{"@id":"https:\/\/tuffigorapidex.com\/pl\/#website"},"datePublished":"2021-02-15T13:47:49+00:00","dateModified":"2025-12-11T16:49:56+00:00","breadcrumb":{"@id":"https:\/\/tuffigorapidex.com\/pl\/#breadcrumb"},"inLanguage":"pl-PL","potentialAction":[{"@type":"ReadAction","target":["https:\/\/tuffigorapidex.com\/pl\/"]}]},{"@type":"BreadcrumbList","@id":"https:\/\/tuffigorapidex.com\/pl\/#breadcrumb","itemListElement":[{"@type":"ListItem","position":1,"name":"Accueil","item":"https:\/\/tuffigorapidex.com\/pl\/"},{"@type":"ListItem","position":2,"name":"Accueil"}]},{"@type":"WebSite","@id":"https:\/\/tuffigorapidex.com\/pl\/#website","url":"https:\/\/tuffigorapidex.com\/pl\/","name":"TUFFIGO RAPIDEX","description":"Leader fran\u00e7ais des \u00e9quipements d&#039;\u00e9levage hors sol","publisher":{"@id":"https:\/\/tuffigorapidex.com\/pl\/#organization"},"potentialAction":[{"@type":"SearchAction","target":{"@type":"EntryPoint","urlTemplate":"https:\/\/tuffigorapidex.com\/pl\/?s={search_term_string}"},"query-input":"required name=search_term_string"}],"inLanguage":"pl-PL"},{"@type":"Organization","@id":"https:\/\/tuffigorapidex.com\/pl\/#organization","name":"Tuffigo Rapidex","url":"https:\/\/tuffigorapidex.com\/pl\/","logo":{"@type":"ImageObject","inLanguage":"pl-PL","@id":"https:\/\/tuffigorapidex.com\/pl\/#\/schema\/logo\/image\/","url":"https:\/\/tuffigorapidex.com\/app\/uploads\/2023\/12\/TUFFIGO-logo.png","contentUrl":"https:\/\/tuffigorapidex.com\/app\/uploads\/2023\/12\/TUFFIGO-logo.png","width":188,"height":184,"caption":"Tuffigo Rapidex"},"image":{"@id":"https:\/\/tuffigorapidex.com\/pl\/#\/schema\/logo\/image\/"},"sameAs":["https:\/\/www.facebook.com\/tuffigorapidexsas\/"]}]}},"_links":{"self":[{"href":"https:\/\/tuffigorapidex.com\/pl\/wp-json\/wp\/v2\/pages\/5890"}],"collection":[{"href":"https:\/\/tuffigorapidex.com\/pl\/wp-json\/wp\/v2\/pages"}],"about":[{"href":"https:\/\/tuffigorapidex.com\/pl\/wp-json\/wp\/v2\/types\/page"}],"author":[{"embeddable":true,"href":"https:\/\/tuffigorapidex.com\/pl\/wp-json\/wp\/v2\/users\/6"}],"replies":[{"embeddable":true,"href":"https:\/\/tuffigorapidex.com\/pl\/wp-json\/wp\/v2\/comments?post=5890"}],"version-history":[{"count":47,"href":"https:\/\/tuffigorapidex.com\/pl\/wp-json\/wp\/v2\/pages\/5890\/revisions"}],"predecessor-version":[{"id":8647,"href":"https:\/\/tuffigorapidex.com\/pl\/wp-json\/wp\/v2\/pages\/5890\/revisions\/8647"}],"wp:attachment":[{"href":"https:\/\/tuffigorapidex.com\/pl\/wp-json\/wp\/v2\/media?parent=5890"}],"curies":[{"name":"wp","href":"https:\/\/api.w.org\/{rel}","templated":true}]}}