{"id":5904,"date":"2023-05-23T15:07:05","date_gmt":"2023-05-23T15:07:05","guid":{"rendered":"https:\/\/tuffigorapidex.com\/notre-histoire\/"},"modified":"2025-12-08T17:14:52","modified_gmt":"2025-12-08T17:14:52","slug":"nasza-historia","status":"publish","type":"page","link":"https:\/\/tuffigorapidex.com\/pl\/nasza-historia\/","title":{"rendered":"Nasza historia"},"content":{"rendered":"<p>[vc_row][vc_column][vc_column_text]<\/p><p><span style=\"font-weight: 400;\">Tuffigo Rapidex jest wynikiem po\u0142\u0105czenia dw\u00f3ch uzupe\u0142niaj\u0105cych si\u0119 wzajemnie firm:<\/span><br \/>&#8211; <span style=\"font-weight: 400;\">Rapidex (za\u0142. 1954 r.), kt\u00f3rej specjalizacj\u0105 by\u0142a produkcja paszy dla trzody chlewnej<\/span><\/p><p>&#8211; <span style=\"font-weight: 400;\">Tuffigo (za\u0142. 1974 r.), kt\u00f3ra specjalizowa\u0142a si\u0119 w systemach wentylacyjnych<\/span>.<\/p><p><span style=\"font-weight: 400;\">Fuzja stworzy\u0142a grup\u0119, kt\u00f3ra oferuje szerok\u0105 gam\u0119 sprz\u0119tu do hodowli zwierz\u0105t, umo\u017cliwiaj\u0105c osi\u0105gni\u0119cie efektu synergii w obs\u0142udze klienta.<\/span><\/p><p><span style=\"font-weight: 400;\">Kluczowe etapy rozwoju:<\/span><\/p><p>[\/vc_column_text][\/vc_column][\/vc_row]<\/p>","protected":false},"excerpt":{"rendered":"<p>[vc_row][vc_column][vc_column_text]Tuffigo Rapidex jest wynikiem po\u0142\u0105czenia dw\u00f3ch uzupe\u0142niaj\u0105cych <span class=\"more\">...<\/span>","protected":false},"author":6,"featured_media":0,"parent":0,"menu_order":130,"comment_status":"closed","ping_status":"closed","template":"views\/template-history.blade.php","meta":{"inline_featured_image":false},"acf":[],"yoast_head":"<!-- This site is optimized with the Yoast SEO plugin v21.3 - https:\/\/yoast.com\/wordpress\/plugins\/seo\/ -->\n<title>Nasza historia | Tuffigo Rapidex<\/title>\n<meta name=\"robots\" content=\"index, follow, max-snippet:-1, max-image-preview:large, max-video-preview:-1\" \/>\n<link rel=\"canonical\" href=\"https:\/\/tuffigorapidex.com\/pl\/nasza-historia\/\" \/>\n<meta property=\"og:locale\" content=\"pl_PL\" \/>\n<meta property=\"og:type\" content=\"article\" \/>\n<meta property=\"og:title\" content=\"Nasza historia | Tuffigo Rapidex\" \/>\n<meta property=\"og:description\" content=\"[vc_row][vc_column][vc_column_text]Tuffigo Rapidex jest wynikiem po\u0142\u0105czenia dw\u00f3ch uzupe\u0142niaj\u0105cych si\u0119 wzajemnie firm:&#8211; Rapidex (za\u0142. 1954 r.), kt\u00f3rej specjalizacj\u0105 by\u0142a produkcja paszy dla\" \/>\n<meta property=\"og:url\" content=\"https:\/\/tuffigorapidex.com\/pl\/nasza-historia\/\" \/>\n<meta property=\"og:site_name\" content=\"Tuffigo Rapidex\" \/>\n<meta property=\"article:publisher\" content=\"https:\/\/www.facebook.com\/tuffigorapidexsas\/\" \/>\n<meta property=\"article:modified_time\" content=\"2025-12-08T17:14:52+00:00\" \/>\n<meta property=\"og:image\" content=\"https:\/\/tuffigorapidex.com\/app\/uploads\/2023\/12\/TUFFIGO-logo.png\" \/>\n\t<meta property=\"og:image:width\" content=\"188\" \/>\n\t<meta property=\"og:image:height\" content=\"184\" \/>\n\t<meta property=\"og:image:type\" content=\"image\/png\" \/>\n<meta name=\"twitter:card\" content=\"summary_large_image\" \/>\n<meta name=\"twitter:label1\" content=\"Est. reading time\" \/>\n\t<meta name=\"twitter:data1\" content=\"1 minute\" \/>\n<script type=\"application\/ld+json\" class=\"yoast-schema-graph\">{\"@context\":\"https:\/\/schema.org\",\"@graph\":[{\"@type\":\"WebPage\",\"@id\":\"https:\/\/tuffigorapidex.com\/pl\/nasza-historia\/\",\"url\":\"https:\/\/tuffigorapidex.com\/pl\/nasza-historia\/\",\"name\":\"Nasza historia | Tuffigo Rapidex\",\"isPartOf\":{\"@id\":\"https:\/\/tuffigorapidex.com\/pl\/#website\"},\"datePublished\":\"2023-05-23T15:07:05+00:00\",\"dateModified\":\"2025-12-08T17:14:52+00:00\",\"breadcrumb\":{\"@id\":\"https:\/\/tuffigorapidex.com\/pl\/nasza-historia\/#breadcrumb\"},\"inLanguage\":\"pl-PL\",\"potentialAction\":[{\"@type\":\"ReadAction\",\"target\":[\"https:\/\/tuffigorapidex.com\/pl\/nasza-historia\/\"]}]},{\"@type\":\"BreadcrumbList\",\"@id\":\"https:\/\/tuffigorapidex.com\/pl\/nasza-historia\/#breadcrumb\",\"itemListElement\":[{\"@type\":\"ListItem\",\"position\":1,\"name\":\"Accueil\",\"item\":\"https:\/\/tuffigorapidex.com\/pl\/\"},{\"@type\":\"ListItem\",\"position\":2,\"name\":\"Nasza historia\"}]},{\"@type\":\"WebSite\",\"@id\":\"https:\/\/tuffigorapidex.com\/pl\/#website\",\"url\":\"https:\/\/tuffigorapidex.com\/pl\/\",\"name\":\"TUFFIGO RAPIDEX\",\"description\":\"Leader fran\u00e7ais des \u00e9quipements d&#039;\u00e9levage hors sol\",\"publisher\":{\"@id\":\"https:\/\/tuffigorapidex.com\/pl\/#organization\"},\"potentialAction\":[{\"@type\":\"SearchAction\",\"target\":{\"@type\":\"EntryPoint\",\"urlTemplate\":\"https:\/\/tuffigorapidex.com\/pl\/?s={search_term_string}\"},\"query-input\":\"required name=search_term_string\"}],\"inLanguage\":\"pl-PL\"},{\"@type\":\"Organization\",\"@id\":\"https:\/\/tuffigorapidex.com\/pl\/#organization\",\"name\":\"Tuffigo Rapidex\",\"url\":\"https:\/\/tuffigorapidex.com\/pl\/\",\"logo\":{\"@type\":\"ImageObject\",\"inLanguage\":\"pl-PL\",\"@id\":\"https:\/\/tuffigorapidex.com\/pl\/#\/schema\/logo\/image\/\",\"url\":\"https:\/\/tuffigorapidex.com\/app\/uploads\/2023\/12\/TUFFIGO-logo.png\",\"contentUrl\":\"https:\/\/tuffigorapidex.com\/app\/uploads\/2023\/12\/TUFFIGO-logo.png\",\"width\":188,\"height\":184,\"caption\":\"Tuffigo Rapidex\"},\"image\":{\"@id\":\"https:\/\/tuffigorapidex.com\/pl\/#\/schema\/logo\/image\/\"},\"sameAs\":[\"https:\/\/www.facebook.com\/tuffigorapidexsas\/\"]}]}<\/script>\n<!-- \/ Yoast SEO plugin. -->","yoast_head_json":{"title":"Nasza historia | Tuffigo Rapidex","robots":{"index":"index","follow":"follow","max-snippet":"max-snippet:-1","max-image-preview":"max-image-preview:large","max-video-preview":"max-video-preview:-1"},"canonical":"https:\/\/tuffigorapidex.com\/pl\/nasza-historia\/","og_locale":"pl_PL","og_type":"article","og_title":"Nasza historia | Tuffigo Rapidex","og_description":"[vc_row][vc_column][vc_column_text]Tuffigo Rapidex jest wynikiem po\u0142\u0105czenia dw\u00f3ch uzupe\u0142niaj\u0105cych si\u0119 wzajemnie firm:&#8211; Rapidex (za\u0142. 1954 r.), kt\u00f3rej specjalizacj\u0105 by\u0142a produkcja paszy dla","og_url":"https:\/\/tuffigorapidex.com\/pl\/nasza-historia\/","og_site_name":"Tuffigo Rapidex","article_publisher":"https:\/\/www.facebook.com\/tuffigorapidexsas\/","article_modified_time":"2025-12-08T17:14:52+00:00","og_image":[{"width":188,"height":184,"url":"https:\/\/tuffigorapidex.com\/app\/uploads\/2023\/12\/TUFFIGO-logo.png","type":"image\/png"}],"twitter_card":"summary_large_image","twitter_misc":{"Est. reading time":"1 minute"},"schema":{"@context":"https:\/\/schema.org","@graph":[{"@type":"WebPage","@id":"https:\/\/tuffigorapidex.com\/pl\/nasza-historia\/","url":"https:\/\/tuffigorapidex.com\/pl\/nasza-historia\/","name":"Nasza historia | Tuffigo Rapidex","isPartOf":{"@id":"https:\/\/tuffigorapidex.com\/pl\/#website"},"datePublished":"2023-05-23T15:07:05+00:00","dateModified":"2025-12-08T17:14:52+00:00","breadcrumb":{"@id":"https:\/\/tuffigorapidex.com\/pl\/nasza-historia\/#breadcrumb"},"inLanguage":"pl-PL","potentialAction":[{"@type":"ReadAction","target":["https:\/\/tuffigorapidex.com\/pl\/nasza-historia\/"]}]},{"@type":"BreadcrumbList","@id":"https:\/\/tuffigorapidex.com\/pl\/nasza-historia\/#breadcrumb","itemListElement":[{"@type":"ListItem","position":1,"name":"Accueil","item":"https:\/\/tuffigorapidex.com\/pl\/"},{"@type":"ListItem","position":2,"name":"Nasza historia"}]},{"@type":"WebSite","@id":"https:\/\/tuffigorapidex.com\/pl\/#website","url":"https:\/\/tuffigorapidex.com\/pl\/","name":"TUFFIGO RAPIDEX","description":"Leader fran\u00e7ais des \u00e9quipements d&#039;\u00e9levage hors sol","publisher":{"@id":"https:\/\/tuffigorapidex.com\/pl\/#organization"},"potentialAction":[{"@type":"SearchAction","target":{"@type":"EntryPoint","urlTemplate":"https:\/\/tuffigorapidex.com\/pl\/?s={search_term_string}"},"query-input":"required name=search_term_string"}],"inLanguage":"pl-PL"},{"@type":"Organization","@id":"https:\/\/tuffigorapidex.com\/pl\/#organization","name":"Tuffigo Rapidex","url":"https:\/\/tuffigorapidex.com\/pl\/","logo":{"@type":"ImageObject","inLanguage":"pl-PL","@id":"https:\/\/tuffigorapidex.com\/pl\/#\/schema\/logo\/image\/","url":"https:\/\/tuffigorapidex.com\/app\/uploads\/2023\/12\/TUFFIGO-logo.png","contentUrl":"https:\/\/tuffigorapidex.com\/app\/uploads\/2023\/12\/TUFFIGO-logo.png","width":188,"height":184,"caption":"Tuffigo Rapidex"},"image":{"@id":"https:\/\/tuffigorapidex.com\/pl\/#\/schema\/logo\/image\/"},"sameAs":["https:\/\/www.facebook.com\/tuffigorapidexsas\/"]}]}},"_links":{"self":[{"href":"https:\/\/tuffigorapidex.com\/pl\/wp-json\/wp\/v2\/pages\/5904"}],"collection":[{"href":"https:\/\/tuffigorapidex.com\/pl\/wp-json\/wp\/v2\/pages"}],"about":[{"href":"https:\/\/tuffigorapidex.com\/pl\/wp-json\/wp\/v2\/types\/page"}],"author":[{"embeddable":true,"href":"https:\/\/tuffigorapidex.com\/pl\/wp-json\/wp\/v2\/users\/6"}],"replies":[{"embeddable":true,"href":"https:\/\/tuffigorapidex.com\/pl\/wp-json\/wp\/v2\/comments?post=5904"}],"version-history":[{"count":8,"href":"https:\/\/tuffigorapidex.com\/pl\/wp-json\/wp\/v2\/pages\/5904\/revisions"}],"predecessor-version":[{"id":8575,"href":"https:\/\/tuffigorapidex.com\/pl\/wp-json\/wp\/v2\/pages\/5904\/revisions\/8575"}],"wp:attachment":[{"href":"https:\/\/tuffigorapidex.com\/pl\/wp-json\/wp\/v2\/media?parent=5904"}],"curies":[{"name":"wp","href":"https:\/\/api.w.org\/{rel}","templated":true}]}}