{"id":5917,"date":"2023-05-26T10:03:24","date_gmt":"2023-05-26T10:03:24","guid":{"rendered":"https:\/\/tuffigorapidex.com\/site-de-production\/"},"modified":"2025-12-08T16:37:32","modified_gmt":"2025-12-08T16:37:32","slug":"zaklad-produkcyjny","status":"publish","type":"page","link":"https:\/\/tuffigorapidex.com\/pl\/zaklad-produkcyjny\/","title":{"rendered":"Zak\u0142ad produkcyjny"},"content":{"rendered":"<p>[vc_row][vc_column width=&#8221;1\/2&#8243;][vc_custom_heading text=&#8221;Warsztat ##sprz\u0119tu elektrycznego##&#8221;][vc_column_text]<\/p><p><span style=\"font-weight: 400;\">W naszych warsztatach certyfikowani technicy montuj\u0105 i okablowuj\u0105 szafy zasilaj\u0105ce zgodnie ze specyfikacjami klienta.<\/span><\/p><p><span style=\"font-weight: 400;\">Produkcja i kontrola jako\u015bci:<\/span><\/p><ul><li><span style=\"font-weight: 400;\"><\/span><span style=\"font-weight: 400;\"> \u00a0 \u00a0 \u00a0 <\/span><span style=\"font-weight: 400;\">Budujemy wszystkie nasze szafy sterownicze (sterowniki, alarmy, nadajniki GSM itp.).<\/span><\/li><li><span style=\"font-weight: 400;\"><\/span><span style=\"font-weight: 400;\"> \u00a0 \u00a0 \u00a0 <\/span><span style=\"font-weight: 400;\">Dzi\u0119ki intensywnemu testowaniu upewniamy si\u0119, \u017ce dzia\u0142aj\u0105 one prawid\u0142owo.<\/span><\/li><li><span style=\"font-weight: 400;\"><\/span><span style=\"font-weight: 400;\"> \u00a0 \u00a0 \u00a0 <\/span><span style=\"font-weight: 400;\">Mo\u017cemy r\u00f3wnie\u017c przeprowadzi\u0107 parametryzacj\u0119 bezpo\u015brednio u klienta.<\/span><\/li><\/ul><p><span style=\"font-weight: 400;\">Wysoka jako\u015b\u0107 naszej produkcji jest powszechnie uznawana, co umo\u017cliwia nam r\u00f3wnie\u017c \u015bwiadczenie us\u0142ug podwykonawstwa dla firm z innych sektor\u00f3w gospodarki.<\/span><\/p><p>[\/vc_column_text][\/vc_column][vc_column width=&#8221;1\/2&#8243;][vc_single_image image=&#8221;2977&#8243; img_size=&#8221;400&#215;300&#8243; style=&#8221;vc_box_rounded&#8221;][\/vc_column][\/vc_row][vc_row el_class=&#8221;swap-on-mobile&#8221;][vc_column width=&#8221;1\/2&#8243;][vc_single_image image=&#8221;3037&#8243; img_size=&#8221;400&#215;300&#8243; style=&#8221;vc_box_rounded&#8221;][\/vc_column][vc_column width=&#8221;1\/2&#8243;][vc_custom_heading text=&#8221;Warsztat ##produkcji mechanicznej##&#8221;][vc_column_text]<\/p><ul><li><span style=\"font-weight: 400;\">Nasi technicy montuj\u0105 rozmaite komponenty mechaniczne, aby wys\u0142a\u0107 klientowi produkt gotowy do instalacji.<\/span><\/li><li><span style=\"font-weight: 400;\">Zapewniamy r\u00f3wnie\u017c, \u017ce podzespo\u0142y i gotowe produkty s\u0105 prawid\u0142owo sparametryzowane, co gwarantuje ich prawid\u0142ow\u0105 integracj\u0119 w zak\u0142adach klienta.<\/span><\/li><\/ul><p>[\/vc_column_text][\/vc_column][\/vc_row][vc_row][vc_column width=&#8221;1\/2&#8243;][vc_custom_heading text=&#8221;Administracja ##sprzeda\u017cy##&#8221;][vc_column_text]<\/p><ul><li><span style=\"font-weight: 400;\">Nasz zesp\u00f3\u0142 rejestruje zam\u00f3wienia i monitoruje realizacj\u0119 projekt\u00f3w we Francji i za granic\u0105<\/span>.<\/li><li><span style=\"font-weight: 400;\">Aby sprosta\u0107 ograniczeniom projektowym naszych instalator\u00f3w, nieustannie d\u0105\u017cymy do optymalizacji czasu dostawy<\/span>.<\/li><li><span style=\"font-weight: 400;\">\u00a0<\/span><span style=\"font-weight: 400;\">W ramach dzia\u0142alno\u015bci mi\u0119dzynarodowej zarz\u0105dzamy r\u00f3wnie\u017c ograniczeniami transportowymi i kwestiami celnymi<\/span><\/li><\/ul><p>[\/vc_column_text][\/vc_column][vc_column width=&#8221;1\/2&#8243;][vc_single_image image=&#8221;2981&#8243; img_size=&#8221;400&#215;300&#8243; style=&#8221;vc_box_rounded&#8221;][\/vc_column][\/vc_row][vc_row el_class=&#8221;swap-on-mobile&#8221;][vc_column width=&#8221;1\/2&#8243;][vc_single_image image=&#8221;3044&#8243; img_size=&#8221;400&#215;300&#8243; style=&#8221;vc_box_rounded&#8221;][\/vc_column][vc_column width=&#8221;1\/2&#8243;][vc_custom_heading text=&#8221;Magazyn ##logistyczny##&#8221;][vc_column_text]<span style=\"font-weight: 400;\">Dysponujemy powierzchni\u0105 magazynow\u0105 wynosz\u0105c\u0105 oko\u0142o 6000 m\u00b2, na kt\u00f3rej przechowujemy ponad 5000 produkt\u00f3w, aby m\u00f3c zaoferowa\u0107 szerok\u0105 gam\u0119 rozwi\u0105za\u0144.<\/span><\/p><ul><li><span style=\"font-weight: 400;\">Optymalizujemy stany magazynowe, aby dostosowa\u0107 si\u0119 do prognoz naszych klient\u00f3w.<\/span><\/li><li><span style=\"font-weight: 400;\">\u00a0<\/span><span style=\"font-weight: 400;\">Przygotowujemy i pakujemy zam\u00f3wienia zgodnie z potrzebami naszych instalator\u00f3w (we Francji i za granic\u0105)<\/span>.<\/li><li><span style=\"font-weight: 400;\">Dla ka\u017cdego zam\u00f3wienia okre\u015blamy najodpowiedniejsze \u015brodki transportu, aby zoptymalizowa\u0107 koszty i jako\u015b\u0107 dostawy<\/span>.<\/li><\/ul><p>[\/vc_column_text][\/vc_column][\/vc_row]<\/p>","protected":false},"excerpt":{"rendered":"<p>[vc_row][vc_column width=&#8221;1\/2&#8243;][vc_custom_heading text=&#8221;Warsztat ##sprz\u0119tu elektrycznego##&#8221;][vc_column_text]W <span class=\"more\">...<\/span>","protected":false},"author":6,"featured_media":0,"parent":0,"menu_order":320,"comment_status":"closed","ping_status":"closed","template":"","meta":{"inline_featured_image":false},"acf":[],"yoast_head":"<!-- This site is optimized with the Yoast SEO plugin v21.3 - https:\/\/yoast.com\/wordpress\/plugins\/seo\/ -->\n<title>Zak\u0142ad produkcyjny | Tuffigo Rapidex<\/title>\n<meta name=\"robots\" content=\"index, follow, max-snippet:-1, max-image-preview:large, max-video-preview:-1\" \/>\n<link rel=\"canonical\" href=\"https:\/\/tuffigorapidex.com\/pl\/zaklad-produkcyjny\/\" \/>\n<meta property=\"og:locale\" content=\"pl_PL\" \/>\n<meta property=\"og:type\" content=\"article\" \/>\n<meta property=\"og:title\" content=\"Zak\u0142ad produkcyjny | Tuffigo Rapidex\" \/>\n<meta property=\"og:description\" content=\"[vc_row][vc_column width=&#8221;1\/2&#8243;][vc_custom_heading text=&#8221;Warsztat ##sprz\u0119tu elektrycznego##&#8221;][vc_column_text]W naszych warsztatach certyfikowani technicy montuj\u0105 i okablowuj\u0105 szafy zasilaj\u0105ce zgodnie ze specyfikacjami klienta.Produkcja i kontrola\" \/>\n<meta property=\"og:url\" content=\"https:\/\/tuffigorapidex.com\/pl\/zaklad-produkcyjny\/\" \/>\n<meta property=\"og:site_name\" content=\"Tuffigo Rapidex\" \/>\n<meta property=\"article:publisher\" content=\"https:\/\/www.facebook.com\/tuffigorapidexsas\/\" \/>\n<meta property=\"article:modified_time\" content=\"2025-12-08T16:37:32+00:00\" \/>\n<meta property=\"og:image\" content=\"https:\/\/tuffigorapidex.com\/app\/uploads\/2023\/12\/TUFFIGO-logo.png\" \/>\n\t<meta property=\"og:image:width\" content=\"188\" \/>\n\t<meta property=\"og:image:height\" content=\"184\" \/>\n\t<meta property=\"og:image:type\" content=\"image\/png\" \/>\n<meta name=\"twitter:card\" content=\"summary_large_image\" \/>\n<meta name=\"twitter:label1\" content=\"Est. reading time\" \/>\n\t<meta name=\"twitter:data1\" content=\"2 minutes\" \/>\n<script type=\"application\/ld+json\" class=\"yoast-schema-graph\">{\"@context\":\"https:\/\/schema.org\",\"@graph\":[{\"@type\":\"WebPage\",\"@id\":\"https:\/\/tuffigorapidex.com\/pl\/zaklad-produkcyjny\/\",\"url\":\"https:\/\/tuffigorapidex.com\/pl\/zaklad-produkcyjny\/\",\"name\":\"Zak\u0142ad produkcyjny | Tuffigo Rapidex\",\"isPartOf\":{\"@id\":\"https:\/\/tuffigorapidex.com\/pl\/#website\"},\"datePublished\":\"2023-05-26T10:03:24+00:00\",\"dateModified\":\"2025-12-08T16:37:32+00:00\",\"breadcrumb\":{\"@id\":\"https:\/\/tuffigorapidex.com\/pl\/zaklad-produkcyjny\/#breadcrumb\"},\"inLanguage\":\"pl-PL\",\"potentialAction\":[{\"@type\":\"ReadAction\",\"target\":[\"https:\/\/tuffigorapidex.com\/pl\/zaklad-produkcyjny\/\"]}]},{\"@type\":\"BreadcrumbList\",\"@id\":\"https:\/\/tuffigorapidex.com\/pl\/zaklad-produkcyjny\/#breadcrumb\",\"itemListElement\":[{\"@type\":\"ListItem\",\"position\":1,\"name\":\"Accueil\",\"item\":\"https:\/\/tuffigorapidex.com\/pl\/\"},{\"@type\":\"ListItem\",\"position\":2,\"name\":\"Zak\u0142ad produkcyjny\"}]},{\"@type\":\"WebSite\",\"@id\":\"https:\/\/tuffigorapidex.com\/pl\/#website\",\"url\":\"https:\/\/tuffigorapidex.com\/pl\/\",\"name\":\"TUFFIGO RAPIDEX\",\"description\":\"Leader fran\u00e7ais des \u00e9quipements d&#039;\u00e9levage hors sol\",\"publisher\":{\"@id\":\"https:\/\/tuffigorapidex.com\/pl\/#organization\"},\"potentialAction\":[{\"@type\":\"SearchAction\",\"target\":{\"@type\":\"EntryPoint\",\"urlTemplate\":\"https:\/\/tuffigorapidex.com\/pl\/?s={search_term_string}\"},\"query-input\":\"required name=search_term_string\"}],\"inLanguage\":\"pl-PL\"},{\"@type\":\"Organization\",\"@id\":\"https:\/\/tuffigorapidex.com\/pl\/#organization\",\"name\":\"Tuffigo Rapidex\",\"url\":\"https:\/\/tuffigorapidex.com\/pl\/\",\"logo\":{\"@type\":\"ImageObject\",\"inLanguage\":\"pl-PL\",\"@id\":\"https:\/\/tuffigorapidex.com\/pl\/#\/schema\/logo\/image\/\",\"url\":\"https:\/\/tuffigorapidex.com\/app\/uploads\/2023\/12\/TUFFIGO-logo.png\",\"contentUrl\":\"https:\/\/tuffigorapidex.com\/app\/uploads\/2023\/12\/TUFFIGO-logo.png\",\"width\":188,\"height\":184,\"caption\":\"Tuffigo Rapidex\"},\"image\":{\"@id\":\"https:\/\/tuffigorapidex.com\/pl\/#\/schema\/logo\/image\/\"},\"sameAs\":[\"https:\/\/www.facebook.com\/tuffigorapidexsas\/\"]}]}<\/script>\n<!-- \/ Yoast SEO plugin. -->","yoast_head_json":{"title":"Zak\u0142ad produkcyjny | Tuffigo Rapidex","robots":{"index":"index","follow":"follow","max-snippet":"max-snippet:-1","max-image-preview":"max-image-preview:large","max-video-preview":"max-video-preview:-1"},"canonical":"https:\/\/tuffigorapidex.com\/pl\/zaklad-produkcyjny\/","og_locale":"pl_PL","og_type":"article","og_title":"Zak\u0142ad produkcyjny | Tuffigo Rapidex","og_description":"[vc_row][vc_column width=&#8221;1\/2&#8243;][vc_custom_heading text=&#8221;Warsztat ##sprz\u0119tu elektrycznego##&#8221;][vc_column_text]W naszych warsztatach certyfikowani technicy montuj\u0105 i okablowuj\u0105 szafy zasilaj\u0105ce zgodnie ze specyfikacjami klienta.Produkcja i kontrola","og_url":"https:\/\/tuffigorapidex.com\/pl\/zaklad-produkcyjny\/","og_site_name":"Tuffigo Rapidex","article_publisher":"https:\/\/www.facebook.com\/tuffigorapidexsas\/","article_modified_time":"2025-12-08T16:37:32+00:00","og_image":[{"width":188,"height":184,"url":"https:\/\/tuffigorapidex.com\/app\/uploads\/2023\/12\/TUFFIGO-logo.png","type":"image\/png"}],"twitter_card":"summary_large_image","twitter_misc":{"Est. reading time":"2 minutes"},"schema":{"@context":"https:\/\/schema.org","@graph":[{"@type":"WebPage","@id":"https:\/\/tuffigorapidex.com\/pl\/zaklad-produkcyjny\/","url":"https:\/\/tuffigorapidex.com\/pl\/zaklad-produkcyjny\/","name":"Zak\u0142ad produkcyjny | Tuffigo Rapidex","isPartOf":{"@id":"https:\/\/tuffigorapidex.com\/pl\/#website"},"datePublished":"2023-05-26T10:03:24+00:00","dateModified":"2025-12-08T16:37:32+00:00","breadcrumb":{"@id":"https:\/\/tuffigorapidex.com\/pl\/zaklad-produkcyjny\/#breadcrumb"},"inLanguage":"pl-PL","potentialAction":[{"@type":"ReadAction","target":["https:\/\/tuffigorapidex.com\/pl\/zaklad-produkcyjny\/"]}]},{"@type":"BreadcrumbList","@id":"https:\/\/tuffigorapidex.com\/pl\/zaklad-produkcyjny\/#breadcrumb","itemListElement":[{"@type":"ListItem","position":1,"name":"Accueil","item":"https:\/\/tuffigorapidex.com\/pl\/"},{"@type":"ListItem","position":2,"name":"Zak\u0142ad produkcyjny"}]},{"@type":"WebSite","@id":"https:\/\/tuffigorapidex.com\/pl\/#website","url":"https:\/\/tuffigorapidex.com\/pl\/","name":"TUFFIGO RAPIDEX","description":"Leader fran\u00e7ais des \u00e9quipements d&#039;\u00e9levage hors sol","publisher":{"@id":"https:\/\/tuffigorapidex.com\/pl\/#organization"},"potentialAction":[{"@type":"SearchAction","target":{"@type":"EntryPoint","urlTemplate":"https:\/\/tuffigorapidex.com\/pl\/?s={search_term_string}"},"query-input":"required name=search_term_string"}],"inLanguage":"pl-PL"},{"@type":"Organization","@id":"https:\/\/tuffigorapidex.com\/pl\/#organization","name":"Tuffigo Rapidex","url":"https:\/\/tuffigorapidex.com\/pl\/","logo":{"@type":"ImageObject","inLanguage":"pl-PL","@id":"https:\/\/tuffigorapidex.com\/pl\/#\/schema\/logo\/image\/","url":"https:\/\/tuffigorapidex.com\/app\/uploads\/2023\/12\/TUFFIGO-logo.png","contentUrl":"https:\/\/tuffigorapidex.com\/app\/uploads\/2023\/12\/TUFFIGO-logo.png","width":188,"height":184,"caption":"Tuffigo Rapidex"},"image":{"@id":"https:\/\/tuffigorapidex.com\/pl\/#\/schema\/logo\/image\/"},"sameAs":["https:\/\/www.facebook.com\/tuffigorapidexsas\/"]}]}},"_links":{"self":[{"href":"https:\/\/tuffigorapidex.com\/pl\/wp-json\/wp\/v2\/pages\/5917"}],"collection":[{"href":"https:\/\/tuffigorapidex.com\/pl\/wp-json\/wp\/v2\/pages"}],"about":[{"href":"https:\/\/tuffigorapidex.com\/pl\/wp-json\/wp\/v2\/types\/page"}],"author":[{"embeddable":true,"href":"https:\/\/tuffigorapidex.com\/pl\/wp-json\/wp\/v2\/users\/6"}],"replies":[{"embeddable":true,"href":"https:\/\/tuffigorapidex.com\/pl\/wp-json\/wp\/v2\/comments?post=5917"}],"version-history":[{"count":11,"href":"https:\/\/tuffigorapidex.com\/pl\/wp-json\/wp\/v2\/pages\/5917\/revisions"}],"predecessor-version":[{"id":8569,"href":"https:\/\/tuffigorapidex.com\/pl\/wp-json\/wp\/v2\/pages\/5917\/revisions\/8569"}],"wp:attachment":[{"href":"https:\/\/tuffigorapidex.com\/pl\/wp-json\/wp\/v2\/media?parent=5917"}],"curies":[{"name":"wp","href":"https:\/\/api.w.org\/{rel}","templated":true}]}}