{"id":5928,"date":"2023-05-26T10:04:03","date_gmt":"2023-05-26T10:04:03","guid":{"rendered":"https:\/\/tuffigorapidex.com\/centre-de-services\/"},"modified":"2025-12-08T16:28:35","modified_gmt":"2025-12-08T16:28:35","slug":"centrum-serwisowe","status":"publish","type":"page","link":"https:\/\/tuffigorapidex.com\/pl\/centrum-serwisowe\/","title":{"rendered":"Centrum serwisowe"},"content":{"rendered":"<p>[vc_row][vc_column width=&#8221;1\/2&#8243;][vc_custom_heading text=&#8221;##Zarz\u0105dzanie## projektami&#8221;][vc_column_text]<\/p><p><span style=\"font-weight: 400;\">Nasze Centrum Zarz\u0105dzania Projektami, jako ekspert w dziedzinie wentylacji i \u017cywienia, zajmuje si\u0119 doradztwem dla naszej sieci partner\u00f3w i hodowc\u00f3w w zakresie optymalizacji ich inwestycji.<\/span><\/p><p><span style=\"font-weight: 400;\">Niezale\u017cnie od charakterystyki i lokalizacji projektu,Centrum proponuje niestandardowe rozwi\u0105zania oraz przygotowuje ofert\u0119 umo\u017cliwiaj\u0105c\u0105 spe\u0142nienie oczekiwa\u0144 w zakresie:<br \/><\/span>&#8211; wydajno\u015bci budynku<br \/><span>&#8211; <\/span><span>zachowania dobrostanu zwierz\u0105t<br \/><\/span><span>&#8211; <\/span><span>zapewnienia najwy\u017cszej jako\u015bci.<\/span><\/p><p>[\/vc_column_text][\/vc_column][vc_column width=&#8221;1\/2&#8243;][vc_single_image image=&#8221;2985&#8243; img_size=&#8221;400&#215;300&#8243;][\/vc_column][\/vc_row][vc_row el_class=&#8221;swap-on-mobile&#8221;][vc_column width=&#8221;1\/2&#8243;][vc_single_image image=&#8221;3190&#8243; img_size=&#8221;400&#215;300&#8243;][\/vc_column][vc_column width=&#8221;1\/2&#8243;][vc_custom_heading text=&#8221;Do\u015bwiadczenie komercyjne<br \/>&#8220;][vc_column_text]<\/p><p><span style=\"font-weight: 400;\">Nasze ponad 60-letnie do\u015bwiadczenie zbudowali\u015bmy na praktycznym wspieraniu kilku pokole\u0144 hodowc\u00f3w.<\/span><\/p><p><span style=\"font-weight: 400;\">Nasz zesp\u00f3\u0142 sprzeda\u017cy wykorzystuje wiedz\u0119, aby wspiera\u0107 klient\u00f3w od etapu planowania a\u017c po realizacj\u0119 projektu. W osi\u0105gni\u0119ciu tego celu\u00a0 pomaga nam sie\u0107 lokalnych partner\u00f3w instalator\u00f3w.<\/span><\/p><p><span style=\"font-weight: 400;\">Oferowane wsparcie obejmuje spersonalizowane monitorowanie instalacji i sprz\u0119tu.<\/span><\/p><p><span style=\"font-weight: 400;\">Nasze zdolno\u015bci adaptacyjne umo\u017cliwiaj\u0105 realizacj\u0119 projekt\u00f3w w r\u00f3\u017cnych krajach z uwzgl\u0119dnieniem ich lokalnej specyfiki.<\/span><\/p><p>[\/vc_column_text][\/vc_column][\/vc_row][vc_row content_placement=&#8221;middle&#8221;][vc_column width=&#8221;1\/2&#8243;][vc_custom_heading text=&#8221;##Centrum Obs\u0142ugi Klienta:## Wsparcie dla instalator\u00f3w partnerskich&#8221;][vc_column_text]<\/p><p><span style=\"font-weight: 400;\">Naszym celem jest wspieranie klient\u00f3w w eksploatacji budynk\u00f3w, aby zapewni\u0107 optymaln\u0105 wydajno\u015b\u0107 hodowli.<\/span><\/p><p><span style=\"font-weight: 400;\">Hotline: Naszym dealerom i mobilnym technikom udost\u0119pniamy us\u0142ug\u0119 Hotline do diagnozowania usterek oraz doradztwa w zakresie ustawie\u0144 i rozwi\u0105za\u0144.<\/span><\/p><p><span style=\"font-weight: 400;\">Aplikacja: Wszyscy nasi dealerzy-instalatorzy maj\u0105 dost\u0119p do aplikacji MyTuffigoRapidex, kt\u00f3re umo\u017cliwiaj\u0105 zarz\u0105dzanie inwentarzem i przej\u0119cie kontroli nad sterownikiem. Pozwala to na wst\u0119pn\u0105 diagnostyk\u0119 i natychmiastowe doradztwo.<\/span><\/p><p><span style=\"font-weight: 400;\">Oferujemy us\u0142ugi szkoleniowe dla zespo\u0142\u00f3w technicznych. S\u0105 to szkolenia zar\u00f3wno produktowe, jak i tematyczne w zakresie projektowania wentylacji.<\/span><\/p><p><span style=\"font-weight: 400;\">W ramach serwisu posprzeda\u017cowego naprawiamy p\u0142ytki elektroniczne i podzespo\u0142y mechaniczne. Na \u017cyczenie oferujemy r\u00f3wnie\u017c naprawy pogwarancyjne.<\/span><\/p><p><span style=\"font-weight: 400;\">Poniewa\u017c uruchomienie nowego budynku jest decyduj\u0105cym etapem, oferujemy specjalne pakiety, aby wesprze\u0107 Pa\u0144stwa na etapie przej\u0119cia nowego obiektu lub produktu,<\/span><\/p><p><span style=\"font-weight: 400;\">Pakiety te obejmuj\u0105 na przyk\u0142ad:<\/span><\/p><p>&#8211; Wizyt\u0119 inspekcji technicznej<br \/>&#8211; Pomoc w uruchomieniu kurnika<br \/>&#8211; Szkolenie i wsparcie w okresie pilota\u017cowym<\/p><p>&nbsp;<\/p><p>&nbsp;<\/p><p>[\/vc_column_text][\/vc_column][vc_column width=&#8221;1\/2&#8243;][vc_single_image image=&#8221;2973&#8243; img_size=&#8221;400&#215;300&#8243; alignment=&#8221;center&#8221;][\/vc_column][\/vc_row]<\/p>","protected":false},"excerpt":{"rendered":"<p>[vc_row][vc_column width=&#8221;1\/2&#8243;][vc_custom_heading text=&#8221;##Zarz\u0105dzanie## projektami&#8221;][vc_column_text]Nasze <span class=\"more\">...<\/span>","protected":false},"author":6,"featured_media":0,"parent":0,"menu_order":330,"comment_status":"closed","ping_status":"closed","template":"","meta":{"inline_featured_image":false},"acf":[],"yoast_head":"<!-- This site is optimized with the Yoast SEO plugin v21.3 - https:\/\/yoast.com\/wordpress\/plugins\/seo\/ -->\n<title>Centrum serwisowe | Tuffigo Rapidex<\/title>\n<meta name=\"robots\" content=\"index, follow, max-snippet:-1, max-image-preview:large, max-video-preview:-1\" \/>\n<link rel=\"canonical\" href=\"https:\/\/tuffigorapidex.com\/pl\/centrum-serwisowe\/\" \/>\n<meta property=\"og:locale\" content=\"pl_PL\" \/>\n<meta property=\"og:type\" content=\"article\" \/>\n<meta property=\"og:title\" content=\"Centrum serwisowe | Tuffigo Rapidex\" \/>\n<meta property=\"og:description\" content=\"[vc_row][vc_column width=&#8221;1\/2&#8243;][vc_custom_heading text=&#8221;##Zarz\u0105dzanie## projektami&#8221;][vc_column_text]Nasze Centrum Zarz\u0105dzania Projektami, jako ekspert w dziedzinie wentylacji i \u017cywienia, zajmuje si\u0119 doradztwem dla naszej sieci\" \/>\n<meta property=\"og:url\" content=\"https:\/\/tuffigorapidex.com\/pl\/centrum-serwisowe\/\" \/>\n<meta property=\"og:site_name\" content=\"Tuffigo Rapidex\" \/>\n<meta property=\"article:publisher\" content=\"https:\/\/www.facebook.com\/tuffigorapidexsas\/\" \/>\n<meta property=\"article:modified_time\" content=\"2025-12-08T16:28:35+00:00\" \/>\n<meta property=\"og:image\" content=\"https:\/\/tuffigorapidex.com\/app\/uploads\/2023\/12\/TUFFIGO-logo.png\" \/>\n\t<meta property=\"og:image:width\" content=\"188\" \/>\n\t<meta property=\"og:image:height\" content=\"184\" \/>\n\t<meta property=\"og:image:type\" content=\"image\/png\" \/>\n<meta name=\"twitter:card\" content=\"summary_large_image\" \/>\n<meta name=\"twitter:label1\" content=\"Est. reading time\" \/>\n\t<meta name=\"twitter:data1\" content=\"2 minutes\" \/>\n<script type=\"application\/ld+json\" class=\"yoast-schema-graph\">{\"@context\":\"https:\/\/schema.org\",\"@graph\":[{\"@type\":\"WebPage\",\"@id\":\"https:\/\/tuffigorapidex.com\/pl\/centrum-serwisowe\/\",\"url\":\"https:\/\/tuffigorapidex.com\/pl\/centrum-serwisowe\/\",\"name\":\"Centrum serwisowe | Tuffigo Rapidex\",\"isPartOf\":{\"@id\":\"https:\/\/tuffigorapidex.com\/pl\/#website\"},\"datePublished\":\"2023-05-26T10:04:03+00:00\",\"dateModified\":\"2025-12-08T16:28:35+00:00\",\"breadcrumb\":{\"@id\":\"https:\/\/tuffigorapidex.com\/pl\/centrum-serwisowe\/#breadcrumb\"},\"inLanguage\":\"pl-PL\",\"potentialAction\":[{\"@type\":\"ReadAction\",\"target\":[\"https:\/\/tuffigorapidex.com\/pl\/centrum-serwisowe\/\"]}]},{\"@type\":\"BreadcrumbList\",\"@id\":\"https:\/\/tuffigorapidex.com\/pl\/centrum-serwisowe\/#breadcrumb\",\"itemListElement\":[{\"@type\":\"ListItem\",\"position\":1,\"name\":\"Accueil\",\"item\":\"https:\/\/tuffigorapidex.com\/pl\/\"},{\"@type\":\"ListItem\",\"position\":2,\"name\":\"Centrum serwisowe\"}]},{\"@type\":\"WebSite\",\"@id\":\"https:\/\/tuffigorapidex.com\/pl\/#website\",\"url\":\"https:\/\/tuffigorapidex.com\/pl\/\",\"name\":\"TUFFIGO RAPIDEX\",\"description\":\"Leader fran\u00e7ais des \u00e9quipements d&#039;\u00e9levage hors sol\",\"publisher\":{\"@id\":\"https:\/\/tuffigorapidex.com\/pl\/#organization\"},\"potentialAction\":[{\"@type\":\"SearchAction\",\"target\":{\"@type\":\"EntryPoint\",\"urlTemplate\":\"https:\/\/tuffigorapidex.com\/pl\/?s={search_term_string}\"},\"query-input\":\"required name=search_term_string\"}],\"inLanguage\":\"pl-PL\"},{\"@type\":\"Organization\",\"@id\":\"https:\/\/tuffigorapidex.com\/pl\/#organization\",\"name\":\"Tuffigo Rapidex\",\"url\":\"https:\/\/tuffigorapidex.com\/pl\/\",\"logo\":{\"@type\":\"ImageObject\",\"inLanguage\":\"pl-PL\",\"@id\":\"https:\/\/tuffigorapidex.com\/pl\/#\/schema\/logo\/image\/\",\"url\":\"https:\/\/tuffigorapidex.com\/app\/uploads\/2023\/12\/TUFFIGO-logo.png\",\"contentUrl\":\"https:\/\/tuffigorapidex.com\/app\/uploads\/2023\/12\/TUFFIGO-logo.png\",\"width\":188,\"height\":184,\"caption\":\"Tuffigo Rapidex\"},\"image\":{\"@id\":\"https:\/\/tuffigorapidex.com\/pl\/#\/schema\/logo\/image\/\"},\"sameAs\":[\"https:\/\/www.facebook.com\/tuffigorapidexsas\/\"]}]}<\/script>\n<!-- \/ Yoast SEO plugin. -->","yoast_head_json":{"title":"Centrum serwisowe | Tuffigo Rapidex","robots":{"index":"index","follow":"follow","max-snippet":"max-snippet:-1","max-image-preview":"max-image-preview:large","max-video-preview":"max-video-preview:-1"},"canonical":"https:\/\/tuffigorapidex.com\/pl\/centrum-serwisowe\/","og_locale":"pl_PL","og_type":"article","og_title":"Centrum serwisowe | Tuffigo Rapidex","og_description":"[vc_row][vc_column width=&#8221;1\/2&#8243;][vc_custom_heading text=&#8221;##Zarz\u0105dzanie## projektami&#8221;][vc_column_text]Nasze Centrum Zarz\u0105dzania Projektami, jako ekspert w dziedzinie wentylacji i \u017cywienia, zajmuje si\u0119 doradztwem dla naszej sieci","og_url":"https:\/\/tuffigorapidex.com\/pl\/centrum-serwisowe\/","og_site_name":"Tuffigo Rapidex","article_publisher":"https:\/\/www.facebook.com\/tuffigorapidexsas\/","article_modified_time":"2025-12-08T16:28:35+00:00","og_image":[{"width":188,"height":184,"url":"https:\/\/tuffigorapidex.com\/app\/uploads\/2023\/12\/TUFFIGO-logo.png","type":"image\/png"}],"twitter_card":"summary_large_image","twitter_misc":{"Est. reading time":"2 minutes"},"schema":{"@context":"https:\/\/schema.org","@graph":[{"@type":"WebPage","@id":"https:\/\/tuffigorapidex.com\/pl\/centrum-serwisowe\/","url":"https:\/\/tuffigorapidex.com\/pl\/centrum-serwisowe\/","name":"Centrum serwisowe | Tuffigo Rapidex","isPartOf":{"@id":"https:\/\/tuffigorapidex.com\/pl\/#website"},"datePublished":"2023-05-26T10:04:03+00:00","dateModified":"2025-12-08T16:28:35+00:00","breadcrumb":{"@id":"https:\/\/tuffigorapidex.com\/pl\/centrum-serwisowe\/#breadcrumb"},"inLanguage":"pl-PL","potentialAction":[{"@type":"ReadAction","target":["https:\/\/tuffigorapidex.com\/pl\/centrum-serwisowe\/"]}]},{"@type":"BreadcrumbList","@id":"https:\/\/tuffigorapidex.com\/pl\/centrum-serwisowe\/#breadcrumb","itemListElement":[{"@type":"ListItem","position":1,"name":"Accueil","item":"https:\/\/tuffigorapidex.com\/pl\/"},{"@type":"ListItem","position":2,"name":"Centrum serwisowe"}]},{"@type":"WebSite","@id":"https:\/\/tuffigorapidex.com\/pl\/#website","url":"https:\/\/tuffigorapidex.com\/pl\/","name":"TUFFIGO RAPIDEX","description":"Leader fran\u00e7ais des \u00e9quipements d&#039;\u00e9levage hors sol","publisher":{"@id":"https:\/\/tuffigorapidex.com\/pl\/#organization"},"potentialAction":[{"@type":"SearchAction","target":{"@type":"EntryPoint","urlTemplate":"https:\/\/tuffigorapidex.com\/pl\/?s={search_term_string}"},"query-input":"required name=search_term_string"}],"inLanguage":"pl-PL"},{"@type":"Organization","@id":"https:\/\/tuffigorapidex.com\/pl\/#organization","name":"Tuffigo Rapidex","url":"https:\/\/tuffigorapidex.com\/pl\/","logo":{"@type":"ImageObject","inLanguage":"pl-PL","@id":"https:\/\/tuffigorapidex.com\/pl\/#\/schema\/logo\/image\/","url":"https:\/\/tuffigorapidex.com\/app\/uploads\/2023\/12\/TUFFIGO-logo.png","contentUrl":"https:\/\/tuffigorapidex.com\/app\/uploads\/2023\/12\/TUFFIGO-logo.png","width":188,"height":184,"caption":"Tuffigo Rapidex"},"image":{"@id":"https:\/\/tuffigorapidex.com\/pl\/#\/schema\/logo\/image\/"},"sameAs":["https:\/\/www.facebook.com\/tuffigorapidexsas\/"]}]}},"_links":{"self":[{"href":"https:\/\/tuffigorapidex.com\/pl\/wp-json\/wp\/v2\/pages\/5928"}],"collection":[{"href":"https:\/\/tuffigorapidex.com\/pl\/wp-json\/wp\/v2\/pages"}],"about":[{"href":"https:\/\/tuffigorapidex.com\/pl\/wp-json\/wp\/v2\/types\/page"}],"author":[{"embeddable":true,"href":"https:\/\/tuffigorapidex.com\/pl\/wp-json\/wp\/v2\/users\/6"}],"replies":[{"embeddable":true,"href":"https:\/\/tuffigorapidex.com\/pl\/wp-json\/wp\/v2\/comments?post=5928"}],"version-history":[{"count":9,"href":"https:\/\/tuffigorapidex.com\/pl\/wp-json\/wp\/v2\/pages\/5928\/revisions"}],"predecessor-version":[{"id":8567,"href":"https:\/\/tuffigorapidex.com\/pl\/wp-json\/wp\/v2\/pages\/5928\/revisions\/8567"}],"wp:attachment":[{"href":"https:\/\/tuffigorapidex.com\/pl\/wp-json\/wp\/v2\/media?parent=5928"}],"curies":[{"name":"wp","href":"https:\/\/api.w.org\/{rel}","templated":true}]}}