{"id":5933,"date":"2023-05-26T10:02:32","date_gmt":"2023-05-26T10:02:32","guid":{"rendered":"https:\/\/tuffigorapidex.com\/centre-de-developpement\/"},"modified":"2025-12-08T16:17:59","modified_gmt":"2025-12-08T16:17:59","slug":"centrum-rozwoju","status":"publish","type":"page","link":"https:\/\/tuffigorapidex.com\/pl\/centrum-rozwoju\/","title":{"rendered":"Centrum rozwoju"},"content":{"rendered":"<p>[vc_row][vc_column width=&#8221;1\/2&#8243;][vc_custom_heading text=&#8221;Projekt ##mechaniczny##&#8221;][vc_column_text]<\/p><ul><li><span style=\"font-weight: 400;\">Koncepcje wentylacji projektujemy na podstawie dog\u0142\u0119bnych bada\u0144 aerodynamicznych i test\u00f3w przeprowadzonych w danym gospodarstwie. W ten spos\u00f3b optymalizujemy przep\u0142yw powietrza; niezale\u017cnie od konfiguracji budynk\u00f3w inwentarskich; metody sterowania nimi; rodzaj produkcji i ich po\u0142o\u017cenie geograficzne<\/span>.<\/li><li><span style=\"font-weight: 400;\">Projektujemy cz\u0119\u015bci mechaniczne i podzespo\u0142y, w tym z wykorzystaniem szerokiej gamy materia\u0142\u00f3w (metal, plastik, kompozyt itp.).<\/span><\/li><li><span style=\"font-weight: 400;\">Bierzemy pod uwag\u0119 istniej\u0105ce ograniczenia mechaniczne i \u015brodowiskowe, aby zagwarantowa\u0107 dzia\u0142anie w okre\u015blonym \u015brodowisku rolniczym<\/span>.<\/li><\/ul><p>[\/vc_column_text][\/vc_column][vc_column width=&#8221;1\/2&#8243;][\/vc_column][\/vc_row][vc_row el_class=&#8221;swap-on-mobile&#8221;][vc_column width=&#8221;1\/2&#8243;][vc_single_image image=&#8221;3215&#8243; img_size=&#8221;medium&#8221;][\/vc_column][vc_column width=&#8221;1\/2&#8243;][vc_custom_heading text=&#8221;Projekt ##elektroniczny##&#8221;][vc_column_text]<\/p><ul><li><span style=\"font-weight: 400;\">Opracowujemy w\u0142asne p\u0142ytki elektroniczne, a tak\u017ce zwi\u0105zane z nimi programowanie niskopoziomowe. Dzi\u0119ki temu nasze projekty s\u0105 odpowiednio dopasowane do wymaga\u0144 i ogranicze\u0144 \u015brodowiskowych<\/span>.<\/li><li><span style=\"font-weight: 400;\">Nast\u0119pnie zarz\u0105dzamy podwykonawcami w zakresie wytwarzania p\u0142yt, ze szczeg\u00f3lnym uwzgl\u0119dnieniem ci\u0105g\u0142ej optymalizacji proces\u00f3w i niezawodno\u015bci<\/span>.<\/li><\/ul><p>[\/vc_column_text][\/vc_column][\/vc_row][vc_row][vc_column width=&#8221;1\/2&#8243;][vc_custom_heading text=&#8221;Projekt ##informatyczny##&#8221;][vc_column_text]<\/p><ul><li><span style=\"font-weight: 400;\">Nasze zespo\u0142y \u015bci\u015ble wsp\u00f3\u0142pracuj\u0105 z rolnikami i instalatorami, aby prze\u0142o\u017cy\u0107 ich wymagania biznesowe na konkretne rozwi\u0105zania w zakresie oprogramowania i aplikacji, stosowane w naszych sterownikach<\/span>.<\/li><li><span style=\"font-weight: 400;\">Wykorzystujemy i doskonalimy zaawansowane metody projektowania, aby zapewni\u0107 naszym klientom szybkie i niezawodne wdro\u017cenie nowych rozwi\u0105za\u0144<\/span>.<\/li><li><span style=\"font-weight: 400;\">Zarz\u0105dzamy r\u00f3wnie\u017c platform\u0105 My TR Cloud i bezpiecznym, zoptymalizowanym przechowywaniem danych, dzi\u0119ki czemu jest ono dost\u0119pne w dowolnym momencie<\/span>.<\/li><li><span style=\"font-weight: 400;\">Nieustannie optymalizujemy interfejs u\u017cytkownika, aby nasze produkty by\u0142y \u0142atwiejsze w nauce i obs\u0142udze<\/span>.<\/li><\/ul><p>[\/vc_column_text][\/vc_column][vc_column width=&#8221;1\/2&#8243;][vc_single_image image=&#8221;2997&#8243; img_size=&#8221;medium&#8221;][\/vc_column][\/vc_row][vc_row el_class=&#8221;swap-on-mobile&#8221;][vc_column width=&#8221;1\/2&#8243;][\/vc_column][vc_column width=&#8221;1\/2&#8243;][vc_custom_heading text=&#8221;##Testowanie i walidacja## produktu\/koncepcji&#8221;][vc_column_text]<span style=\"font-weight: 400;\">Przed udost\u0119pnieniem klientom, wszystkie nasze produkty s\u0105 podlegaj\u0105 rygorystycznym i kompleksowym procedurom testowym:<\/span><\/p><ul><li><span style=\"font-weight: 400;\">Wykonujemy testy wewn\u0119trzne lub zlecamy ich wykonanie naszym zweryfikowanym dostawcom<\/span><\/li><li><span style=\"font-weight: 400;\">W przypadku wybranych produkt\u00f3w testy te s\u0105 uzupe\u0142niane testami w laboratoriach zewn\u0119trznych<\/span><\/li><li><span style=\"font-weight: 400;\">Prowadzimy badania terenowe z hodowcami partnerskimi, aby potwierdzi\u0107 niezawodno\u015b\u0107 dzia\u0142ania w \u015brodowisku klienta<\/span><\/li><\/ul><p>[\/vc_column_text][\/vc_column][\/vc_row][vc_row][vc_column width=&#8221;1\/2&#8243;][vc_custom_heading text=&#8221;Projekt ##elektryczny##&#8221;][vc_column_text]<span style=\"font-weight: 400;\">Nasz zesp\u00f3\u0142 projektowy tworzy specjalne szafy elektryczne, precyzyjnie dostosowane do szczeg\u00f3lnych wymaga\u0144 naszych klient\u00f3w.<br \/>Ponadto:<\/span><\/p><ul><li><span style=\"font-weight: 400;\">Sporz\u0105dzamy dokumentacj\u0119 schemat\u00f3w okablowania.<\/span><\/li><li><span style=\"font-weight: 400;\">Optymalizujemy wymagan\u0105 przestrze\u0144 w szafach elektrycznych, co gwarantuje optymaln\u0105 obs\u0142ug\u0119 i u\u0142atwia konserwacj\u0119<\/span><\/li><li><span style=\"font-weight: 400;\">Monitorujemy i bezwzgl\u0119dnie wdra\u017camy aktualne ograniczenia regulacyjne<\/span><\/li><\/ul><p>[\/vc_column_text][\/vc_column][vc_column width=&#8221;1\/2&#8243;][vc_single_image image=&#8221;2989&#8243; img_size=&#8221;medium&#8221;][\/vc_column][\/vc_row][vc_row el_class=&#8221;swap-on-mobile&#8221;][vc_column width=&#8221;1\/2&#8243;][vc_single_image image=&#8221;2993&#8243; img_size=&#8221;medium&#8221;][\/vc_column][vc_column width=&#8221;1\/2&#8243;][vc_custom_heading text=&#8221;## Industrializacja## produktu&#8221;][vc_column_text]<\/p><ul><li><span style=\"font-weight: 400;\">Nasz zesp\u00f3\u0142 okre\u015bla zoptymalizowane metody monta\u017cu, aby zagwarantowa\u0107 perfekcyjne wykonanie ka\u017cdego produktu<\/span>.<\/li><li><span style=\"font-weight: 400;\">Ci\u0105g\u0142e d\u0105\u017cenie do optymalizacji produkcji pozwala nam na harmonizacj\u0119 proces\u00f3w i utrzymanie najwy\u017cszej jako\u015bci. Jednocze\u015bnie zapewniamy \u0142atw\u0105 konserwacj\u0119 po instalacji, m.in. dzi\u0119ki precyzyjnej identyfikacji wszystkich zastosowanych komponent\u00f3w.<\/span><\/li><li><span style=\"font-weight: 400;\">Poniewa\u017c priorytetowo traktujemy ci\u0105g\u0142y rozw\u00f3j, regularnie zbieramy informacje zwrotne bezpo\u015brednio od hodowc\u00f3w i instalator\u00f3w<\/span>.<\/li><\/ul><p>[\/vc_column_text][\/vc_column][\/vc_row]<\/p>","protected":false},"excerpt":{"rendered":"<p>[vc_row][vc_column width=&#8221;1\/2&#8243;][vc_custom_heading text=&#8221;Projekt ##mechaniczny##&#8221;][vc_column_text]Koncepcje <span class=\"more\">...<\/span>","protected":false},"author":6,"featured_media":0,"parent":0,"menu_order":310,"comment_status":"closed","ping_status":"closed","template":"","meta":{"inline_featured_image":false},"acf":[],"yoast_head":"<!-- This site is optimized with the Yoast SEO plugin v21.3 - https:\/\/yoast.com\/wordpress\/plugins\/seo\/ -->\n<title>Centrum rozwoju | Tuffigo Rapidex<\/title>\n<meta name=\"robots\" content=\"index, follow, max-snippet:-1, max-image-preview:large, max-video-preview:-1\" \/>\n<link rel=\"canonical\" href=\"https:\/\/tuffigorapidex.com\/pl\/centrum-rozwoju\/\" \/>\n<meta property=\"og:locale\" content=\"pl_PL\" \/>\n<meta property=\"og:type\" content=\"article\" \/>\n<meta property=\"og:title\" content=\"Centrum rozwoju | Tuffigo Rapidex\" \/>\n<meta property=\"og:description\" content=\"[vc_row][vc_column width=&#8221;1\/2&#8243;][vc_custom_heading text=&#8221;Projekt ##mechaniczny##&#8221;][vc_column_text]Koncepcje wentylacji projektujemy na podstawie dog\u0142\u0119bnych bada\u0144 aerodynamicznych i test\u00f3w przeprowadzonych w danym gospodarstwie. W ten spos\u00f3b\" \/>\n<meta property=\"og:url\" content=\"https:\/\/tuffigorapidex.com\/pl\/centrum-rozwoju\/\" \/>\n<meta property=\"og:site_name\" content=\"Tuffigo Rapidex\" \/>\n<meta property=\"article:publisher\" content=\"https:\/\/www.facebook.com\/tuffigorapidexsas\/\" \/>\n<meta property=\"article:modified_time\" content=\"2025-12-08T16:17:59+00:00\" \/>\n<meta property=\"og:image\" content=\"https:\/\/tuffigorapidex.com\/app\/uploads\/2023\/12\/TUFFIGO-logo.png\" \/>\n\t<meta property=\"og:image:width\" content=\"188\" \/>\n\t<meta property=\"og:image:height\" content=\"184\" \/>\n\t<meta property=\"og:image:type\" content=\"image\/png\" \/>\n<meta name=\"twitter:card\" content=\"summary_large_image\" \/>\n<meta name=\"twitter:label1\" content=\"Est. reading time\" \/>\n\t<meta name=\"twitter:data1\" content=\"2 minutes\" \/>\n<script type=\"application\/ld+json\" class=\"yoast-schema-graph\">{\"@context\":\"https:\/\/schema.org\",\"@graph\":[{\"@type\":\"WebPage\",\"@id\":\"https:\/\/tuffigorapidex.com\/pl\/centrum-rozwoju\/\",\"url\":\"https:\/\/tuffigorapidex.com\/pl\/centrum-rozwoju\/\",\"name\":\"Centrum rozwoju | Tuffigo Rapidex\",\"isPartOf\":{\"@id\":\"https:\/\/tuffigorapidex.com\/pl\/#website\"},\"datePublished\":\"2023-05-26T10:02:32+00:00\",\"dateModified\":\"2025-12-08T16:17:59+00:00\",\"breadcrumb\":{\"@id\":\"https:\/\/tuffigorapidex.com\/pl\/centrum-rozwoju\/#breadcrumb\"},\"inLanguage\":\"pl-PL\",\"potentialAction\":[{\"@type\":\"ReadAction\",\"target\":[\"https:\/\/tuffigorapidex.com\/pl\/centrum-rozwoju\/\"]}]},{\"@type\":\"BreadcrumbList\",\"@id\":\"https:\/\/tuffigorapidex.com\/pl\/centrum-rozwoju\/#breadcrumb\",\"itemListElement\":[{\"@type\":\"ListItem\",\"position\":1,\"name\":\"Accueil\",\"item\":\"https:\/\/tuffigorapidex.com\/pl\/\"},{\"@type\":\"ListItem\",\"position\":2,\"name\":\"Centrum rozwoju\"}]},{\"@type\":\"WebSite\",\"@id\":\"https:\/\/tuffigorapidex.com\/pl\/#website\",\"url\":\"https:\/\/tuffigorapidex.com\/pl\/\",\"name\":\"TUFFIGO RAPIDEX\",\"description\":\"Leader fran\u00e7ais des \u00e9quipements d&#039;\u00e9levage hors sol\",\"publisher\":{\"@id\":\"https:\/\/tuffigorapidex.com\/pl\/#organization\"},\"potentialAction\":[{\"@type\":\"SearchAction\",\"target\":{\"@type\":\"EntryPoint\",\"urlTemplate\":\"https:\/\/tuffigorapidex.com\/pl\/?s={search_term_string}\"},\"query-input\":\"required name=search_term_string\"}],\"inLanguage\":\"pl-PL\"},{\"@type\":\"Organization\",\"@id\":\"https:\/\/tuffigorapidex.com\/pl\/#organization\",\"name\":\"Tuffigo Rapidex\",\"url\":\"https:\/\/tuffigorapidex.com\/pl\/\",\"logo\":{\"@type\":\"ImageObject\",\"inLanguage\":\"pl-PL\",\"@id\":\"https:\/\/tuffigorapidex.com\/pl\/#\/schema\/logo\/image\/\",\"url\":\"https:\/\/tuffigorapidex.com\/app\/uploads\/2023\/12\/TUFFIGO-logo.png\",\"contentUrl\":\"https:\/\/tuffigorapidex.com\/app\/uploads\/2023\/12\/TUFFIGO-logo.png\",\"width\":188,\"height\":184,\"caption\":\"Tuffigo Rapidex\"},\"image\":{\"@id\":\"https:\/\/tuffigorapidex.com\/pl\/#\/schema\/logo\/image\/\"},\"sameAs\":[\"https:\/\/www.facebook.com\/tuffigorapidexsas\/\"]}]}<\/script>\n<!-- \/ Yoast SEO plugin. -->","yoast_head_json":{"title":"Centrum rozwoju | Tuffigo Rapidex","robots":{"index":"index","follow":"follow","max-snippet":"max-snippet:-1","max-image-preview":"max-image-preview:large","max-video-preview":"max-video-preview:-1"},"canonical":"https:\/\/tuffigorapidex.com\/pl\/centrum-rozwoju\/","og_locale":"pl_PL","og_type":"article","og_title":"Centrum rozwoju | Tuffigo Rapidex","og_description":"[vc_row][vc_column width=&#8221;1\/2&#8243;][vc_custom_heading text=&#8221;Projekt ##mechaniczny##&#8221;][vc_column_text]Koncepcje wentylacji projektujemy na podstawie dog\u0142\u0119bnych bada\u0144 aerodynamicznych i test\u00f3w przeprowadzonych w danym gospodarstwie. W ten spos\u00f3b","og_url":"https:\/\/tuffigorapidex.com\/pl\/centrum-rozwoju\/","og_site_name":"Tuffigo Rapidex","article_publisher":"https:\/\/www.facebook.com\/tuffigorapidexsas\/","article_modified_time":"2025-12-08T16:17:59+00:00","og_image":[{"width":188,"height":184,"url":"https:\/\/tuffigorapidex.com\/app\/uploads\/2023\/12\/TUFFIGO-logo.png","type":"image\/png"}],"twitter_card":"summary_large_image","twitter_misc":{"Est. reading time":"2 minutes"},"schema":{"@context":"https:\/\/schema.org","@graph":[{"@type":"WebPage","@id":"https:\/\/tuffigorapidex.com\/pl\/centrum-rozwoju\/","url":"https:\/\/tuffigorapidex.com\/pl\/centrum-rozwoju\/","name":"Centrum rozwoju | Tuffigo Rapidex","isPartOf":{"@id":"https:\/\/tuffigorapidex.com\/pl\/#website"},"datePublished":"2023-05-26T10:02:32+00:00","dateModified":"2025-12-08T16:17:59+00:00","breadcrumb":{"@id":"https:\/\/tuffigorapidex.com\/pl\/centrum-rozwoju\/#breadcrumb"},"inLanguage":"pl-PL","potentialAction":[{"@type":"ReadAction","target":["https:\/\/tuffigorapidex.com\/pl\/centrum-rozwoju\/"]}]},{"@type":"BreadcrumbList","@id":"https:\/\/tuffigorapidex.com\/pl\/centrum-rozwoju\/#breadcrumb","itemListElement":[{"@type":"ListItem","position":1,"name":"Accueil","item":"https:\/\/tuffigorapidex.com\/pl\/"},{"@type":"ListItem","position":2,"name":"Centrum rozwoju"}]},{"@type":"WebSite","@id":"https:\/\/tuffigorapidex.com\/pl\/#website","url":"https:\/\/tuffigorapidex.com\/pl\/","name":"TUFFIGO RAPIDEX","description":"Leader fran\u00e7ais des \u00e9quipements d&#039;\u00e9levage hors sol","publisher":{"@id":"https:\/\/tuffigorapidex.com\/pl\/#organization"},"potentialAction":[{"@type":"SearchAction","target":{"@type":"EntryPoint","urlTemplate":"https:\/\/tuffigorapidex.com\/pl\/?s={search_term_string}"},"query-input":"required name=search_term_string"}],"inLanguage":"pl-PL"},{"@type":"Organization","@id":"https:\/\/tuffigorapidex.com\/pl\/#organization","name":"Tuffigo Rapidex","url":"https:\/\/tuffigorapidex.com\/pl\/","logo":{"@type":"ImageObject","inLanguage":"pl-PL","@id":"https:\/\/tuffigorapidex.com\/pl\/#\/schema\/logo\/image\/","url":"https:\/\/tuffigorapidex.com\/app\/uploads\/2023\/12\/TUFFIGO-logo.png","contentUrl":"https:\/\/tuffigorapidex.com\/app\/uploads\/2023\/12\/TUFFIGO-logo.png","width":188,"height":184,"caption":"Tuffigo Rapidex"},"image":{"@id":"https:\/\/tuffigorapidex.com\/pl\/#\/schema\/logo\/image\/"},"sameAs":["https:\/\/www.facebook.com\/tuffigorapidexsas\/"]}]}},"_links":{"self":[{"href":"https:\/\/tuffigorapidex.com\/pl\/wp-json\/wp\/v2\/pages\/5933"}],"collection":[{"href":"https:\/\/tuffigorapidex.com\/pl\/wp-json\/wp\/v2\/pages"}],"about":[{"href":"https:\/\/tuffigorapidex.com\/pl\/wp-json\/wp\/v2\/types\/page"}],"author":[{"embeddable":true,"href":"https:\/\/tuffigorapidex.com\/pl\/wp-json\/wp\/v2\/users\/6"}],"replies":[{"embeddable":true,"href":"https:\/\/tuffigorapidex.com\/pl\/wp-json\/wp\/v2\/comments?post=5933"}],"version-history":[{"count":12,"href":"https:\/\/tuffigorapidex.com\/pl\/wp-json\/wp\/v2\/pages\/5933\/revisions"}],"predecessor-version":[{"id":8565,"href":"https:\/\/tuffigorapidex.com\/pl\/wp-json\/wp\/v2\/pages\/5933\/revisions\/8565"}],"wp:attachment":[{"href":"https:\/\/tuffigorapidex.com\/pl\/wp-json\/wp\/v2\/media?parent=5933"}],"curies":[{"name":"wp","href":"https:\/\/api.w.org\/{rel}","templated":true}]}}