{"id":5941,"date":"2023-03-22T13:49:22","date_gmt":"2023-03-22T13:49:22","guid":{"rendered":"https:\/\/tuffigorapidex.com\/notre-reseau-de-revendeurs\/"},"modified":"2026-03-10T13:29:48","modified_gmt":"2026-03-10T13:29:48","slug":"nasza-siec-dystrybutorow","status":"publish","type":"page","link":"https:\/\/tuffigorapidex.com\/pl\/nasza-siec-dystrybutorow\/","title":{"rendered":"Nasza sie\u0107 dystrybutor\u00f3w"},"content":{"rendered":"<p>[vc_row][vc_column width=&#8221;1\/2&#8243;][vc_column_text]<\/p><p><span style=\"font-weight: 400;\">Na przestrzeni lat <\/span><b>Tuffigo Rapidex zbudowa\u0142o sie\u0107 dystrybutor\u00f3w i instalator\u00f3w <\/b><span style=\"font-weight: 400;\">zar\u00f3wno we Francji, jak i za granic\u0105. Nasz\u0105 ogromn\u0105 zalet\u0105 jest rozbudowana sie\u0107 plac\u00f3wek hodowlanych skupiaj\u0105ca ponad 50 profesjonalnych firm.<\/span><\/p><p><span style=\"font-weight: 400;\">Nasi dystrybutorzy\/instalatorzy to partnerzy handlowi i techniczni. Dzi\u0119ki \u015bcis\u0142ej wsp\u00f3\u0142pracy wraz z nimi dbamy o pe\u0142n\u0105 satysfakcj\u0119 naszych hodowc\u00f3w zar\u00f3wno podczas realizacji ich projekt\u00f3w, jak i w trakcie monta\u017cu oraz uruchamiania instalacji.<\/span><\/p><p>[\/vc_column_text][vc_column_text]<\/p><p><span style=\"font-weight: 400;\">Hodowcy, ze swoimi potrzebami i oczekiwaniami, stanowi\u0105 punkt wyj\u015bcia dla naszej codziennej pracy. \u015aci\u015ble wsp\u00f3\u0142pracujemy z nasz\u0105 sieci\u0105, kt\u00f3ra zapewnia ca\u0142odobow\u0105 (serwis 24\/7) obs\u0142ug\u0119 posprzeda\u017cow\u0105, wspieraj\u0105c hodowc\u00f3w w osi\u0105ganiu wsp\u00f3lnego celu: wydajno\u015bci i szybko\u015bci reakcji, z pe\u0142nym poszanowaniem komfortu i dobrostanu zwierz\u0105t. W \u015bwiecie silnej konkurencji, sukces naszych przedsi\u0119biorstw zale\u017cy od tworzenia prosperuj\u0105cych partnerstw.<\/span><\/p><p>[\/vc_column_text][vc_column_text]<\/p><p><span style=\"font-weight: 400;\">Tuffigo Rapidex zapewnia ci\u0105g\u0142e szkolenia teoretyczne i praktyczne dla instalator\u00f3w partnerskich, aby mogli skutecznie wdra\u017ca\u0107<\/span><b> innowacyjne rozwi\u0105zania w zakresie wentylacji, zasilania i \u0142\u0105czno\u015bci<\/b><span style=\"font-weight: 400;\">. Nasze <\/span><b>Centrum Obs\u0142ugi Klienta<\/b><span style=\"font-weight: 400;\"> \u2013 zesp\u00f3\u0142 z\u0142o\u017cony z 4 specjalist\u00f3w pracuj\u0105cych w terenie i 5 pracownik\u00f3w stacjonarnych, stale wsp\u00f3\u0142pracuje z dystrybutorami\/instalatorami <\/span><b>w ramach programu \u201eTR Care\u201d<\/b><span style=\"font-weight: 400;\">, oferuj\u0105c us\u0142ugi w zakresie uruchomie\u0144, szkole\u0144, audyt\u00f3w i konsultacji.<\/span><\/p><p>[\/vc_column_text][\/vc_column][vc_column width=&#8221;1\/2&#8243;][vc_single_image image=&#8221;2425&#8243; img_size=&#8221;large&#8221; style=&#8221;vc_box_rounded&#8221;][\/vc_column][\/vc_row][vc_row][vc_column][vc_custom_heading text=&#8221;Mapa dystrybutor\u00f3w&#8221; font_container=&#8221;tag:h2|text_align:center&#8221;][vc_row_inner][vc_column_inner width=&#8221;1\/6&#8243;][\/vc_column_inner][vc_column_inner width=&#8221;1\/6&#8243;][\/vc_column_inner][vc_column_inner width=&#8221;1\/6&#8243;][vc_single_image image=&#8221;523&#8243; img_size=&#8221;medium&#8221; alignment=&#8221;center&#8221;][vc_column_text]<\/p><p style=\"text-align: center;\"><b>Dystrybutor og\u00f3lny<\/b><\/p><p>[\/vc_column_text][\/vc_column_inner][vc_column_inner width=&#8221;1\/6&#8243;][vc_single_image image=&#8221;2448&#8243; img_size=&#8221;medium&#8221; alignment=&#8221;center&#8221;][vc_column_text]<\/p><pre class=\"tw-data-text tw-text-large tw-ta\" data-placeholder=\"Traduction\" id=\"tw-target-text\" data-ved=\"2ahUKEwja-sGO76-OAxVjVaQEHc1uNdQQ3ewLegQICRAV\" dir=\"ltr\" aria-label=\"Texte traduit\u00a0: Sprzedawca produkt\u00f3w mlecznych\"><b>Dystrybutor dla\r\nprodukt\u00f3w mlecznych<\/b><\/pre><p>[\/vc_column_text][\/vc_column_inner][vc_column_inner width=&#8221;1\/6&#8243;][\/vc_column_inner][vc_column_inner width=&#8221;1\/6&#8243;][\/vc_column_inner][\/vc_row_inner][\/vc_column][\/vc_row][vc_row][vc_column][vc_column_text]<\/p><style type=\"text\/css\">\n  .asl-cont .sl-direction,.asl-cont .s-direction, .asl-buttons .directions {display: none !important;}.asl-p-cont .asl-print-btn,.asl-cont .asl-print-btn {display: none !important;}  #asl-storelocator.asl-cont .sl-main-cont .asl-panel.pol-lg-12 {order: 0;}\n  #asl-storelocator.asl-cont .sl-main-cont .asl-panel.pol-lg-12 .asl-panel-inner{ position: relative;height: 450px;}\n  .asl-cont .onoffswitch .onoffswitch-label .onoffswitch-switch:before {content: \"OPEN\" !important;}\n  .asl-cont .onoffswitch .onoffswitch-label .onoffswitch-switch:after {content: \"ALL\" !important;}\n  @media (max-width: 767px) {\n    #asl-storelocator.asl-cont .asl-panel {order: 0;}\n  }\n  .asl-cont.sl-search-only .Filter_section + .sl-row {display: none;}\n  .asl-cont .sl-hide-branches,\n  .asl-cont .sl-hide-branches:hover {color: #FFF !important; text-decoration: none !important;cursor: pointer;}\n<\/style>\n<div id=\"asl-storelocator\" class=\"storelocator-main asl-cont asl-template-0 asl-layout-0 asl-bg-0 full-width no-asl-filters  asl-text-1\">\n  <div class=\"asl-wrapper\">\n    <div class=\"sl-container-fluid\">\n                  <div class=\"sl-row\">\n        <div class=\"pol-12\">\n            <div class=\"sl-main-cont\">\n                <div class=\"sl-row no-gutters sl-main-row\">\n                    <div id=\"asl-panel\" class=\"asl-panel pol-md-5 pol-lg-4 asl_locator-panel\">\n                        <div class=\"asl-overlay\" id=\"map-loading\">\n                            <div class=\"white\"><\/div>\n                            <div class=\"sl-loading\">\n                              <i class=\"animate-sl-spin icon-spin3\"><\/i>\n                              Loading...                            <\/div>\n                        <\/div>\n                                                <div class=\"inside search_filter\">\n                          <label for=\"auto-complete-search\" class=\"mb-2\">Chercher localisation<\/label>\n                          <div class=\"asl-store-search\">\n                            <input type=\"text\" value=\"\" id=\"auto-complete-search\" class=\"asl-search-address form-control\" placeholder=\"Saisir code postal, d\u00e9partement, r\u00e9gion ou pays\">\n                            <button type=\"button\" class=\"span-geo\"><i class=\"asl-geo icon-search\" title=\"Search Location\"><\/i><\/button>\n                          <\/div>\n                        <\/div>\n                                                <!-- list -->\n                        <div class=\"asl-panel-inner\">\n                            <div class=\"top-title Num_of_store\">\n                              <span><span class=\"sl-head-title\">Nombre de revendeur<\/span>: <span class=\"count-result\">0<\/span><\/span>\n                                                          <\/div>\n                            <div class=\"sl-main-cont-box\">\n                              <div id=\"asl-list\" class=\"sl-list-wrapper\">\n                                <ul id=\"p-statelist\" class=\"sl-list\">\n                                <\/ul>\n                              <\/div>\n                            <\/div>\n                        <\/div>\n\n                        <div class=\"directions-cont hide\">\n                            <div class=\"agile-modal-header\">\n                                <button type=\"button\" class=\"close\"><span aria-hidden=\"true\">\u00d7<\/span><\/button>\n                                <h4>Store Direction<\/h4>\n                            <\/div>\n                            <div class=\"rendered-directions\" id=\"asl-rendered-dir\" style=\"direction: ltr;\"><\/div>\n                        <\/div>\n                    <\/div>\n                    <div class=\"pol-md-7 pol-lg-8 asl-map\">\n                        <div class=\"map-image\">\n                            <div id=\"asl-map-canv\" class=\"asl-map-canv\"><\/div>\n                            <div id=\"agile-modal-direction\" class=\"agile-modal fade\">\n    <div class=\"agile-modal-backdrop-in\"><\/div>\n    <div class=\"agile-modal-dialog in\">\n        <div class=\"agile-modal-content\">\n            <div class=\"sl-form-group d-flex justify-content-between\">\n                <h4 >GET DIRECTIONS<\/h4>\n                <button type=\"button\" class=\"close-directions sl-close\" data-dismiss=\"agile-modal\" aria-label=\"Close\">&times;<\/button>\n            <\/div>\n            <div class=\"sl-form-group\">\n                <label for=\"frm-lbl\">From:<\/label>\n                <input type=\"text\" class=\"form-control frm-place\" id=\"frm-lbl\" placeholder=\"Saisir code postal, d\u00e9partement, r\u00e9gion ou pays\">\n            <\/div>\n            <div class=\"sl-form-group\">\n                <label for=\"to-lbl\">To:<\/label>\n                <input readonly=\"true\" type=\"text\"  class=\"directions-to form-control\" id=\"to-lbl\" placeholder=\"Prepopulated Destination Address\">\n            <\/div>\n            <div class=\"sl-form-group mb-0\">\n                <label for=\"rbtn-km\" class=\"checkbox-inline\">\n                    <input type=\"radio\" name=\"dist-type\"  id=\"rbtn-km\" value=\"0\"> Km                <\/label>\n                <label for=\"rbtn-mile\" class=\"checkbox-inline\">\n                    <input type=\"radio\" name=\"dist-type\" checked id=\"rbtn-mile\" value=\"1\"> Miles                <\/label>\n            <\/div>\n            <div class=\"sl-form-group mb-0\">\n                <button type=\"submit\" class=\"btn btn-default btn-submit\">GET DIRECTIONS<\/button>\n            <\/div>\n        <\/div>\n    <\/div>\n<\/div>\n\n<div id=\"asl-geolocation-agile-modal\" class=\"agile-modal fade\">\n  <div class=\"agile-modal-backdrop-in\"><\/div>\n  <div class=\"agile-modal-dialog in\">\n    <div class=\"agile-modal-content\">\n            <div class=\"sl-form-group d-flex justify-content-between\">\n        <h5>Use my location to find the closest Service Provider near me<\/h5>\n        <button type=\"button\" class=\"close-directions sl-close\" data-dismiss=\"agile-modal\" aria-label=\"Close\">&times;<\/button>\n      <\/div>\n      <div class=\"sl-form-group text-center mb-0\">\n        <button type=\"button\" id=\"asl-btn-geolocation\" class=\"btn btn-block btn-default\">USE LOCATION<\/button>\n      <\/div>\n          <\/div>\n  <\/div>\n<\/div>\n\n<div id=\"asl-desc-agile-modal\" class=\"agile-modal fade\">\n  <div class=\"agile-modal-backdrop-in\"><\/div>\n  <div class=\"agile-modal-dialog in\">\n    <div class=\"agile-modal-content\">\n      <div class=\"sl-row\">\n        <div class=\"pol-md-12\">\n          <div class=\"sl-form-group d-flex justify-content-between\">\n            <h4 class=\"sl-title\">Description<\/h4>\n            <button type=\"button\" class=\"close-directions sl-close\" data-dismiss=\"agile-modal\" aria-label=\"Close\">&times;<\/button>\n          <\/div>\n          <div class=\"sl-desc\"><\/div>\n        <\/div>\n      <\/div>\n    <\/div>\n  <\/div>\n<\/div>                        <\/div>\n                    <\/div>\n                <\/div>\n            <\/div>\n        <\/div>\n      <\/div>\n    <\/div>\n      <\/div>\n<\/div>\n<!-- This plugin is developed by \"Agile Store Locator for WordPress\" https:\/\/agilestorelocator.com --><p>[\/vc_column_text][\/vc_column][\/vc_row]<\/p>","protected":false},"excerpt":{"rendered":"<p>[vc_row][vc_column width=&#8221;1\/2&#8243;][vc_column_text]Na przestrzeni lat Tuffigo Rapidex zbudowa\u0142o <span class=\"more\">...<\/span>","protected":false},"author":6,"featured_media":0,"parent":0,"menu_order":500,"comment_status":"closed","ping_status":"closed","template":"views\/template-dealerlocator.blade.php","meta":{"inline_featured_image":false},"acf":[],"yoast_head":"<!-- This site is optimized with the Yoast SEO plugin v21.3 - https:\/\/yoast.com\/wordpress\/plugins\/seo\/ -->\n<title>Nasza sie\u0107 dystrybutor\u00f3w | Tuffigo Rapidex<\/title>\n<meta name=\"robots\" content=\"index, follow, max-snippet:-1, max-image-preview:large, max-video-preview:-1\" \/>\n<link rel=\"canonical\" href=\"https:\/\/tuffigorapidex.com\/pl\/nasza-siec-dystrybutorow\/\" \/>\n<meta property=\"og:locale\" content=\"pl_PL\" \/>\n<meta property=\"og:type\" content=\"article\" \/>\n<meta property=\"og:title\" content=\"Nasza sie\u0107 dystrybutor\u00f3w | Tuffigo Rapidex\" \/>\n<meta property=\"og:description\" content=\"[vc_row][vc_column width=&#8221;1\/2&#8243;][vc_column_text]Na przestrzeni lat Tuffigo Rapidex zbudowa\u0142o sie\u0107 dystrybutor\u00f3w i instalator\u00f3w zar\u00f3wno we Francji, jak i za granic\u0105. Nasz\u0105 ogromn\u0105\" \/>\n<meta property=\"og:url\" content=\"https:\/\/tuffigorapidex.com\/pl\/nasza-siec-dystrybutorow\/\" \/>\n<meta property=\"og:site_name\" content=\"Tuffigo Rapidex\" \/>\n<meta property=\"article:publisher\" content=\"https:\/\/www.facebook.com\/tuffigorapidexsas\/\" \/>\n<meta property=\"article:modified_time\" content=\"2026-03-10T13:29:48+00:00\" \/>\n<meta property=\"og:image\" content=\"https:\/\/tuffigorapidex.com\/app\/uploads\/2023\/12\/TUFFIGO-logo.png\" \/>\n\t<meta property=\"og:image:width\" content=\"188\" \/>\n\t<meta property=\"og:image:height\" content=\"184\" \/>\n\t<meta property=\"og:image:type\" content=\"image\/png\" \/>\n<meta name=\"twitter:card\" content=\"summary_large_image\" \/>\n<meta name=\"twitter:label1\" content=\"Est. reading time\" \/>\n\t<meta name=\"twitter:data1\" content=\"2 minutes\" \/>\n<script type=\"application\/ld+json\" class=\"yoast-schema-graph\">{\"@context\":\"https:\/\/schema.org\",\"@graph\":[{\"@type\":\"WebPage\",\"@id\":\"https:\/\/tuffigorapidex.com\/pl\/nasza-siec-dystrybutorow\/\",\"url\":\"https:\/\/tuffigorapidex.com\/pl\/nasza-siec-dystrybutorow\/\",\"name\":\"Nasza sie\u0107 dystrybutor\u00f3w | Tuffigo Rapidex\",\"isPartOf\":{\"@id\":\"https:\/\/tuffigorapidex.com\/pl\/#website\"},\"datePublished\":\"2023-03-22T13:49:22+00:00\",\"dateModified\":\"2026-03-10T13:29:48+00:00\",\"breadcrumb\":{\"@id\":\"https:\/\/tuffigorapidex.com\/pl\/nasza-siec-dystrybutorow\/#breadcrumb\"},\"inLanguage\":\"pl-PL\",\"potentialAction\":[{\"@type\":\"ReadAction\",\"target\":[\"https:\/\/tuffigorapidex.com\/pl\/nasza-siec-dystrybutorow\/\"]}]},{\"@type\":\"BreadcrumbList\",\"@id\":\"https:\/\/tuffigorapidex.com\/pl\/nasza-siec-dystrybutorow\/#breadcrumb\",\"itemListElement\":[{\"@type\":\"ListItem\",\"position\":1,\"name\":\"Accueil\",\"item\":\"https:\/\/tuffigorapidex.com\/pl\/\"},{\"@type\":\"ListItem\",\"position\":2,\"name\":\"Nasza sie\u0107 dystrybutor\u00f3w\"}]},{\"@type\":\"WebSite\",\"@id\":\"https:\/\/tuffigorapidex.com\/pl\/#website\",\"url\":\"https:\/\/tuffigorapidex.com\/pl\/\",\"name\":\"TUFFIGO RAPIDEX\",\"description\":\"Leader fran\u00e7ais des \u00e9quipements d&#039;\u00e9levage hors sol\",\"publisher\":{\"@id\":\"https:\/\/tuffigorapidex.com\/pl\/#organization\"},\"potentialAction\":[{\"@type\":\"SearchAction\",\"target\":{\"@type\":\"EntryPoint\",\"urlTemplate\":\"https:\/\/tuffigorapidex.com\/pl\/?s={search_term_string}\"},\"query-input\":\"required name=search_term_string\"}],\"inLanguage\":\"pl-PL\"},{\"@type\":\"Organization\",\"@id\":\"https:\/\/tuffigorapidex.com\/pl\/#organization\",\"name\":\"Tuffigo Rapidex\",\"url\":\"https:\/\/tuffigorapidex.com\/pl\/\",\"logo\":{\"@type\":\"ImageObject\",\"inLanguage\":\"pl-PL\",\"@id\":\"https:\/\/tuffigorapidex.com\/pl\/#\/schema\/logo\/image\/\",\"url\":\"https:\/\/tuffigorapidex.com\/app\/uploads\/2023\/12\/TUFFIGO-logo.png\",\"contentUrl\":\"https:\/\/tuffigorapidex.com\/app\/uploads\/2023\/12\/TUFFIGO-logo.png\",\"width\":188,\"height\":184,\"caption\":\"Tuffigo Rapidex\"},\"image\":{\"@id\":\"https:\/\/tuffigorapidex.com\/pl\/#\/schema\/logo\/image\/\"},\"sameAs\":[\"https:\/\/www.facebook.com\/tuffigorapidexsas\/\"]}]}<\/script>\n<!-- \/ Yoast SEO plugin. -->","yoast_head_json":{"title":"Nasza sie\u0107 dystrybutor\u00f3w | Tuffigo Rapidex","robots":{"index":"index","follow":"follow","max-snippet":"max-snippet:-1","max-image-preview":"max-image-preview:large","max-video-preview":"max-video-preview:-1"},"canonical":"https:\/\/tuffigorapidex.com\/pl\/nasza-siec-dystrybutorow\/","og_locale":"pl_PL","og_type":"article","og_title":"Nasza sie\u0107 dystrybutor\u00f3w | Tuffigo Rapidex","og_description":"[vc_row][vc_column width=&#8221;1\/2&#8243;][vc_column_text]Na przestrzeni lat Tuffigo Rapidex zbudowa\u0142o sie\u0107 dystrybutor\u00f3w i instalator\u00f3w zar\u00f3wno we Francji, jak i za granic\u0105. Nasz\u0105 ogromn\u0105","og_url":"https:\/\/tuffigorapidex.com\/pl\/nasza-siec-dystrybutorow\/","og_site_name":"Tuffigo Rapidex","article_publisher":"https:\/\/www.facebook.com\/tuffigorapidexsas\/","article_modified_time":"2026-03-10T13:29:48+00:00","og_image":[{"width":188,"height":184,"url":"https:\/\/tuffigorapidex.com\/app\/uploads\/2023\/12\/TUFFIGO-logo.png","type":"image\/png"}],"twitter_card":"summary_large_image","twitter_misc":{"Est. reading time":"2 minutes"},"schema":{"@context":"https:\/\/schema.org","@graph":[{"@type":"WebPage","@id":"https:\/\/tuffigorapidex.com\/pl\/nasza-siec-dystrybutorow\/","url":"https:\/\/tuffigorapidex.com\/pl\/nasza-siec-dystrybutorow\/","name":"Nasza sie\u0107 dystrybutor\u00f3w | Tuffigo Rapidex","isPartOf":{"@id":"https:\/\/tuffigorapidex.com\/pl\/#website"},"datePublished":"2023-03-22T13:49:22+00:00","dateModified":"2026-03-10T13:29:48+00:00","breadcrumb":{"@id":"https:\/\/tuffigorapidex.com\/pl\/nasza-siec-dystrybutorow\/#breadcrumb"},"inLanguage":"pl-PL","potentialAction":[{"@type":"ReadAction","target":["https:\/\/tuffigorapidex.com\/pl\/nasza-siec-dystrybutorow\/"]}]},{"@type":"BreadcrumbList","@id":"https:\/\/tuffigorapidex.com\/pl\/nasza-siec-dystrybutorow\/#breadcrumb","itemListElement":[{"@type":"ListItem","position":1,"name":"Accueil","item":"https:\/\/tuffigorapidex.com\/pl\/"},{"@type":"ListItem","position":2,"name":"Nasza sie\u0107 dystrybutor\u00f3w"}]},{"@type":"WebSite","@id":"https:\/\/tuffigorapidex.com\/pl\/#website","url":"https:\/\/tuffigorapidex.com\/pl\/","name":"TUFFIGO RAPIDEX","description":"Leader fran\u00e7ais des \u00e9quipements d&#039;\u00e9levage hors sol","publisher":{"@id":"https:\/\/tuffigorapidex.com\/pl\/#organization"},"potentialAction":[{"@type":"SearchAction","target":{"@type":"EntryPoint","urlTemplate":"https:\/\/tuffigorapidex.com\/pl\/?s={search_term_string}"},"query-input":"required name=search_term_string"}],"inLanguage":"pl-PL"},{"@type":"Organization","@id":"https:\/\/tuffigorapidex.com\/pl\/#organization","name":"Tuffigo Rapidex","url":"https:\/\/tuffigorapidex.com\/pl\/","logo":{"@type":"ImageObject","inLanguage":"pl-PL","@id":"https:\/\/tuffigorapidex.com\/pl\/#\/schema\/logo\/image\/","url":"https:\/\/tuffigorapidex.com\/app\/uploads\/2023\/12\/TUFFIGO-logo.png","contentUrl":"https:\/\/tuffigorapidex.com\/app\/uploads\/2023\/12\/TUFFIGO-logo.png","width":188,"height":184,"caption":"Tuffigo Rapidex"},"image":{"@id":"https:\/\/tuffigorapidex.com\/pl\/#\/schema\/logo\/image\/"},"sameAs":["https:\/\/www.facebook.com\/tuffigorapidexsas\/"]}]}},"_links":{"self":[{"href":"https:\/\/tuffigorapidex.com\/pl\/wp-json\/wp\/v2\/pages\/5941"}],"collection":[{"href":"https:\/\/tuffigorapidex.com\/pl\/wp-json\/wp\/v2\/pages"}],"about":[{"href":"https:\/\/tuffigorapidex.com\/pl\/wp-json\/wp\/v2\/types\/page"}],"author":[{"embeddable":true,"href":"https:\/\/tuffigorapidex.com\/pl\/wp-json\/wp\/v2\/users\/6"}],"replies":[{"embeddable":true,"href":"https:\/\/tuffigorapidex.com\/pl\/wp-json\/wp\/v2\/comments?post=5941"}],"version-history":[{"count":9,"href":"https:\/\/tuffigorapidex.com\/pl\/wp-json\/wp\/v2\/pages\/5941\/revisions"}],"predecessor-version":[{"id":9109,"href":"https:\/\/tuffigorapidex.com\/pl\/wp-json\/wp\/v2\/pages\/5941\/revisions\/9109"}],"wp:attachment":[{"href":"https:\/\/tuffigorapidex.com\/pl\/wp-json\/wp\/v2\/media?parent=5941"}],"curies":[{"name":"wp","href":"https:\/\/api.w.org\/{rel}","templated":true}]}}