{"id":6251,"date":"2021-04-07T07:17:24","date_gmt":"2021-04-07T07:17:24","guid":{"rendered":"https:\/\/tuffigorapidex.com\/rozwiazanie-wedlug-gatunku\/volaille\/"},"modified":"2025-12-09T09:54:46","modified_gmt":"2025-12-09T09:54:46","slug":"drob","status":"publish","type":"page","link":"https:\/\/tuffigorapidex.com\/pl\/rozwiazanie-wedlug-gatunku\/drob\/","title":{"rendered":"Dr\u00f3b"},"content":{"rendered":"<p>[vc_row][vc_column][vc_custom_heading text=&#8221;##Kompletny## asortyment dla hodowli drobiu<br \/>&#8221; font_container=&#8221;tag:h2|text_align:center&#8221;][vc_column_text el_class=&#8221;intro&#8221;]<\/p><p style=\"text-align: left;\">Z Tuffigo Rapidex zyskuj\u0105 Pa\u0144stwo pewno\u015b\u0107, \u017ce otrzymaj\u0105 odpowiednie rozwi\u0105zanie w zakresie wentylacji i \u017cywienia dla swojej hodowli drobiu.\u00a0 Wszystkie nasze systemy projektujemy, by sprosta\u0107 wyzwaniom nawet najbardziej wymagaj\u0105cych budynk\u00f3w. Nasze systemy gwarantuj\u0105:<br \/>&#8211; Utrzymanie komfortowych warunk\u00f3w dla zwierz\u0105t i optymalizacj\u0119 odczuwanej przez nie temperatury.<br \/>&#8211; R\u00f3wnomierne i ci\u0105g\u0142e dotlenianie.<br \/>&#8211; Zach\u0119canie zwierz\u0105t do jedzenia, picia oraz umo\u017cliwienie im zachowania dynamiki w ka\u017cdym wieku.<\/p><p>[\/vc_column_text][\/vc_column][\/vc_row][vc_row el_id=&#8221;concept&#8221;][vc_column][vc_custom_heading text=&#8221;Koncepcja ##wentylacji## dostosowana do potrzeb i \u015brodowiska<br \/>&#8221; font_container=&#8221;tag:h2|text_align:center&#8221;][\/vc_column][\/vc_row][vc_row][vc_column width=&#8221;1\/4&#8243;]<div class=\"ult-new-ib ult-ib-effect-style2  ult-ib-resp  \" data-min-width=\"768\" data-max-width=\"900\" style=\"\" data-opacity=\"0.7\" data-hover-opacity=\"0.4\" ><img class=\"ult-new-ib-img\" style=\"opacity:0.7;\" alt=\"null\" src=\"https:\/\/tuffigorapidex.com\/app\/uploads\/2025\/01\/Concepts-ExtractionHaute-Tunnel.jpg\"   \/><div id=\"interactive-banner-wrap-5668\" class=\"ult-new-ib-desc\" style=\"\"><h3 class=\"ult-new-ib-title ult-responsive\"  data-ultimate-target='#interactive-banner-wrap-5668 .ult-new-ib-title'  data-responsive-json-new='{\"font-size\":\"\",\"line-height\":\"\"}'  style=\"font-weight:normal;\">Odci\u0105g tunelowy g\u00f3rny<\/h3><\/div><a class=\"ult-new-ib-link\" href=\"https:\/\/tuffigorapidex.com\/pl\/concepts\/wysokie-wydobycie-przez-tunel\/\" title=\"Extraction Haute Tunnel\"  ><\/a><\/div>[\/vc_column][vc_column width=&#8221;1\/4&#8243;]<div class=\"ult-new-ib ult-ib-effect-style2  ult-ib-resp  \" data-min-width=\"768\" data-max-width=\"900\" style=\"\" data-opacity=\"0.7\" data-hover-opacity=\"0.4\" ><img class=\"ult-new-ib-img\" style=\"opacity:0.7;\" alt=\"null\" src=\"https:\/\/tuffigorapidex.com\/app\/uploads\/2025\/01\/Concepts-Lateral.jpg\"   \/><div id=\"interactive-banner-wrap-7516\" class=\"ult-new-ib-desc\" style=\"\"><h3 class=\"ult-new-ib-title ult-responsive\"  data-ultimate-target='#interactive-banner-wrap-7516 .ult-new-ib-title'  data-responsive-json-new='{\"font-size\":\"\",\"line-height\":\"\"}'  style=\"font-weight:normal;\">Koncepcja wentylacji bocznej<\/h3><\/div><a class=\"ult-new-ib-link\" href=\"https:\/\/tuffigorapidex.com\/pl\/concepts\/koncepcja-wentylacji-bocznej\/\" title=\"Lat\u00e9rale\"  ><\/a><\/div>[\/vc_column][vc_column width=&#8221;1\/4&#8243;]<div class=\"ult-new-ib ult-ib-effect-style2  ult-ib-resp  \" data-min-width=\"768\" data-max-width=\"900\" style=\"\" data-opacity=\"0.7\" data-hover-opacity=\"0.4\" ><img class=\"ult-new-ib-img\" style=\"opacity:0.7;\" alt=\"null\" src=\"https:\/\/tuffigorapidex.com\/app\/uploads\/2025\/01\/Concepts-Tunnel.jpg\"   \/><div id=\"interactive-banner-wrap-2499\" class=\"ult-new-ib-desc\" style=\"\"><h3 class=\"ult-new-ib-title ult-responsive\"  data-ultimate-target='#interactive-banner-wrap-2499 .ult-new-ib-title'  data-responsive-json-new='{\"font-size\":\"\",\"line-height\":\"\"}'  style=\"font-weight:normal;\">100% tunelowy<\/h3><\/div><a class=\"ult-new-ib-link\" href=\"https:\/\/tuffigorapidex.com\/pl\/concepts\/koncepcja-wentylacji-100-tunnel\/\" title=\"100 tunnel\"  ><\/a><\/div>[\/vc_column][vc_column width=&#8221;1\/4&#8243;]<div class=\"ult-new-ib ult-ib-effect-style2  ult-ib-resp  \" data-min-width=\"768\" data-max-width=\"900\" style=\"\" data-opacity=\"0.7\" data-hover-opacity=\"0.4\" ><img class=\"ult-new-ib-img\" style=\"opacity:0.7;\" alt=\"null\" src=\"https:\/\/tuffigorapidex.com\/app\/uploads\/2025\/01\/Concepts-Bilateral-Tunnel.jpg\"   \/><div id=\"interactive-banner-wrap-3038\" class=\"ult-new-ib-desc\" style=\"\"><h3 class=\"ult-new-ib-title ult-responsive\"  data-ultimate-target='#interactive-banner-wrap-3038 .ult-new-ib-title'  data-responsive-json-new='{\"font-size\":\"\",\"line-height\":\"\"}'  style=\"font-weight:normal;\">Koncepcja boczno-tunelowa<\/h3><\/div><a class=\"ult-new-ib-link\" href=\"https:\/\/tuffigorapidex.com\/pl\/concepts\/koncepcja-wentylacji-koncepcja-dwustronna-tunel\/\" title=\"concept bilateral tunnel\"  ><\/a><\/div>[\/vc_column][\/vc_row][vc_row][vc_column width=&#8221;1\/4&#8243;]<div class=\"ult-new-ib ult-ib-effect-style2  ult-ib-resp  \" data-min-width=\"768\" data-max-width=\"900\" style=\"\" data-opacity=\"0.7\" data-hover-opacity=\"0.4\" ><img class=\"ult-new-ib-img\" style=\"opacity:0.7;\" alt=\"null\" src=\"https:\/\/tuffigorapidex.com\/app\/uploads\/2025\/01\/Concepts-EntreeAir-Cheminee.jpg\"   \/><div id=\"interactive-banner-wrap-4762\" class=\"ult-new-ib-desc\" style=\"\"><h3 class=\"ult-new-ib-title ult-responsive\"  data-ultimate-target='#interactive-banner-wrap-4762 .ult-new-ib-title'  data-responsive-json-new='{\"font-size\":\"\",\"line-height\":\"\"}'  style=\"font-weight:normal;\">Wlot powietrza z komina<\/h3><\/div><a class=\"ult-new-ib-link\" href=\"https:\/\/tuffigorapidex.com\/pl\/concepts\/wlot-powietrza-do-komina\/\" title=\"entree air en cheminee\"  ><\/a><\/div>[\/vc_column][vc_column width=&#8221;1\/4&#8243;]<div class=\"ult-new-ib ult-ib-effect-style2  ult-ib-resp  \" data-min-width=\"768\" data-max-width=\"900\" style=\"\" data-opacity=\"0.7\" data-hover-opacity=\"0.4\" ><img class=\"ult-new-ib-img\" style=\"opacity:0.7;\" alt=\"null\" src=\"https:\/\/tuffigorapidex.com\/app\/uploads\/2025\/01\/Concept-Lanterneau.jpg\"   \/><div id=\"interactive-banner-wrap-6687\" class=\"ult-new-ib-desc\" style=\"\"><h3 class=\"ult-new-ib-title ult-responsive\"  data-ultimate-target='#interactive-banner-wrap-6687 .ult-new-ib-title'  data-responsive-json-new='{\"font-size\":\"\",\"line-height\":\"\"}'  style=\"font-weight:normal;\">\u015awietlik wentylacyjny<\/h3><\/div><a class=\"ult-new-ib-link\" href=\"https:\/\/tuffigorapidex.com\/pl\/concepts\/koncepcja-wentylacji-lanterneau\/\" title=\"Lanterneau\"  ><\/a><\/div>[\/vc_column][vc_column width=&#8221;1\/4&#8243;]<div class=\"ult-new-ib ult-ib-effect-style2  ult-ib-resp  \" data-min-width=\"768\" data-max-width=\"900\" style=\"\" data-opacity=\"0.7\" data-hover-opacity=\"0.4\" ><img class=\"ult-new-ib-img\" style=\"opacity:0.7;\" alt=\"null\" src=\"https:\/\/tuffigorapidex.com\/app\/uploads\/2025\/01\/Concept-Louisiane.jpg\"   \/><div id=\"interactive-banner-wrap-5769\" class=\"ult-new-ib-desc\" style=\"\"><h3 class=\"ult-new-ib-title ult-responsive\"  data-ultimate-target='#interactive-banner-wrap-5769 .ult-new-ib-title'  data-responsive-json-new='{\"font-size\":\"\",\"line-height\":\"\"}'  style=\"font-weight:normal;\">Koncepcja statyczno-dynamiczna typu Louisiane<\/h3><\/div><a class=\"ult-new-ib-link\" href=\"https:\/\/tuffigorapidex.com\/pl\/concepts\/koncepcja-wentylacji-louisiane\/\" title=\"Louisiane\"  ><\/a><\/div>[\/vc_column][vc_column width=&#8221;1\/4&#8243;][\/vc_column][\/vc_row][vc_row][vc_column][vc_empty_space height=&#8221;10px&#8221;][\/vc_column][\/vc_row][vc_row parallax=&#8221;content-moving&#8221; parallax_image=&#8221;2684&#8243; el_class=&#8221;categorie-univers&#8221;][vc_column][vc_custom_heading text=&#8221;Zapewniamy rozwi\u0105zania w zakresie \u017cywienia i wentylacji, dostosowane do ka\u017cdej kategorii drobiu:&#8221; font_container=&#8221;tag:h2|text_align:center|color:%23ffffff&#8221;][vc_row_inner][vc_column_inner width=&#8221;1\/4&#8243; offset=&#8221;vc_col-xs-6&#8243;][vc_btn title=&#8221;Dr\u00f3b mi\u0119sny&#8221; align=&#8221;center&#8221; link=&#8221;url:https%3A%2F%2Ftuffigorapidex.com%2Fpl%2Frozwiazanie-wedlug-gatunku%2Fdrob%2Fdrob-miesny%2F|title:Volaille%20de%20chair&#8221; el_class=&#8221;volaille-chair&#8221;][\/vc_column_inner][vc_column_inner width=&#8221;1\/4&#8243; offset=&#8221;vc_col-xs-6&#8243;][vc_btn title=&#8221;Dr\u00f3b nie\u015bny&#8221; align=&#8221;center&#8221; link=&#8221;url:https%3A%2F%2Ftuffigorapidex.com%2Fpl%2Frozwiazanie-wedlug-gatunku%2Fdrob%2Fdrob-nosny%2F|title:Volaille%20de%20chair&#8221; el_class=&#8221;volaille-pondeuse&#8221;][\/vc_column_inner][vc_column_inner width=&#8221;1\/4&#8243; offset=&#8221;vc_col-xs-6&#8243;][vc_btn title=&#8221;Dr\u00f3b przeznaczony do rozrodu&#8221; align=&#8221;center&#8221; link=&#8221;url:https%3A%2F%2Ftuffigorapidex.com%2Fpl%2Frozwiazanie-wedlug-gatunku%2Fdrob%2Fvolaille-reproduction_a_traduire%2F|title:Volaille%20de%20chair&#8221; el_class=&#8221;volaille-repro&#8221;][\/vc_column_inner][vc_column_inner width=&#8221;1\/4&#8243; offset=&#8221;vc_col-xs-6&#8243;][vc_btn title=&#8221;Dr\u00f3b zgodny ze specyfikacj\u0105 Label Rouge&#8221; align=&#8221;center&#8221; link=&#8221;url:https%3A%2F%2Ftuffigorapidex.com%2Fpl%2Frozwiazanie-wedlug-gatunku%2Fdrob%2Flabel_a_traduire%2F|title:Vollaille%20de%20chair&#8221; el_class=&#8221;volaille-label&#8221;][\/vc_column_inner][\/vc_row_inner][\/vc_column][\/vc_row][vc_row][vc_column][vc_empty_space height=&#8221;30px&#8221;][vc_custom_heading text=&#8221;Zobacz nasze ##referencje##<br \/>&#8221; font_container=&#8221;tag:h2|text_align:center&#8221;][\/vc_column][\/vc_row][vc_row gap=&#8221;20&#8243;][vc_column width=&#8221;1\/3&#8243;]\n<div id=\"interactive-banner-1-wrap-3295\" class=\"ult-banner-block ult-adjust-bottom-margin ult-bb-box ult-banner-block-custom-height banner-style11 \"   style=\"height:300px;\">\n\t<img src=\"https:\/\/tuffigorapidex.com\/app\/uploads\/2025\/11\/TuffigoRapidex_Volaille_Chair_300px.jpg\" alt=\"null\">\n\t<h3  data-ultimate-target='#interactive-banner-1-wrap-3295 .bb-top-title '  data-responsive-json-new='{\"font-size\":\"desktop:18px;\",\"line-height\":\"\"}'  class=\"title-left bb-top-title ult-responsive\" style=\"font-weight:bold;background:#c5071b;color:#ffffff;\">HODOWLA NIOSEK W PORDIC (22)<\/h3>\n\t<div class=\"mask opaque-background\" style=\"background:rgba(36,36,36,0.3);\">\n\t\t<div  data-ultimate-target='#interactive-banner-1-wrap-3295 .bb-description'  data-responsive-json-new='{\"font-size\":\"\",\"line-height\":\"\"}'  class=\"bb-description ult-responsive\" style=\"font-weight:normal;color:#ffffff;\"><\/div>\n\t<\/div><a class=\"bb-link\" href=\"https:\/\/www.youtube.com\/watch?v=RdFWt9ovP8M&#038;feature=youtu.be\" target=\"_blank\" rel=\"noopener\" ><\/a>\n<\/div>[\/vc_column][vc_column width=&#8221;1\/3&#8243;]\n<div id=\"interactive-banner-1-wrap-3197\" class=\"ult-banner-block ult-adjust-bottom-margin ult-bb-box ult-banner-block-custom-height banner-style11 \"   style=\"height:300px;\">\n\t<img src=\"https:\/\/tuffigorapidex.com\/app\/uploads\/2025\/11\/TuffigoRapidex_Volaille-300px.jpg\" alt=\"null\">\n\t<h3  data-ultimate-target='#interactive-banner-1-wrap-3197 .bb-top-title '  data-responsive-json-new='{\"font-size\":\"desktop:18px;\",\"line-height\":\"\"}'  class=\"title-left bb-top-title ult-responsive\" style=\"font-weight:bold;background:#c5071b;color:#ffffff;\">HODOWLA ROZRODCZA W BOUSSAC (56)<\/h3>\n\t<div class=\"mask opaque-background\" style=\"background:rgba(36,36,36,0.3);\">\n\t\t<div  data-ultimate-target='#interactive-banner-1-wrap-3197 .bb-description'  data-responsive-json-new='{\"font-size\":\"\",\"line-height\":\"\"}'  class=\"bb-description ult-responsive\" style=\"font-weight:normal;color:#ffffff;\"><\/div>\n\t<\/div><a class=\"bb-link\" href=\"https:\/\/www.youtube.com\/watch?v=UQ8dc7CJsdY\" target=\"_blank\" rel=\"noopener\" ><\/a>\n<\/div>[\/vc_column][vc_column width=&#8221;1\/3&#8243;]\n<div id=\"interactive-banner-1-wrap-4043\" class=\"ult-banner-block ult-adjust-bottom-margin ult-bb-box ult-banner-block-custom-height banner-style11 \"   style=\"height:300px;\">\n\t<img src=\"https:\/\/tuffigorapidex.com\/app\/uploads\/2025\/11\/TuffigoRapidex_Volaille_Pondeuse-300px.jpg\" alt=\"null\">\n\t<h3  data-ultimate-target='#interactive-banner-1-wrap-4043 .bb-top-title '  data-responsive-json-new='{\"font-size\":\"desktop:18px;\",\"line-height\":\"\"}'  class=\"title-left bb-top-title ult-responsive\" style=\"font-weight:bold;background:#c5071b;color:#ffffff;\">HODOWLA KUR NIE\u015aNYCH BIO W ST BERTHEVIN (53)<\/h3>\n\t<div class=\"mask opaque-background\" style=\"background:rgba(36,36,36,0.3);\">\n\t\t<div  data-ultimate-target='#interactive-banner-1-wrap-4043 .bb-description'  data-responsive-json-new='{\"font-size\":\"\",\"line-height\":\"\"}'  class=\"bb-description ult-responsive\" style=\"font-weight:normal;color:#ffffff;\"><\/div>\n\t<\/div><a class=\"bb-link\" href=\"https:\/\/www.youtube.com\/watch?v=TPOaAnRulAc\" target=\"_blank\" rel=\"noopener\" ><\/a>\n<\/div>[\/vc_column][\/vc_row][vc_row][vc_column][vc_empty_space height=&#8221;30px&#8221;][\/vc_column][\/vc_row]<\/p>","protected":false},"excerpt":{"rendered":"<p>[vc_row][vc_column][vc_custom_heading text=&#8221;##Kompletny## asortyment dla hodowli drobiu&#8221; <span class=\"more\">...<\/span>","protected":false},"author":6,"featured_media":0,"parent":5988,"menu_order":210,"comment_status":"closed","ping_status":"closed","template":"views\/template-univers.blade.php","meta":{"inline_featured_image":false},"acf":[],"yoast_head":"<!-- This site is optimized with the Yoast SEO plugin v21.3 - https:\/\/yoast.com\/wordpress\/plugins\/seo\/ -->\n<title>Kompleksowe rozwi\u0105zania dla hodowli drobiu<\/title>\n<meta name=\"robots\" content=\"index, follow, max-snippet:-1, max-image-preview:large, max-video-preview:-1\" \/>\n<link rel=\"canonical\" href=\"https:\/\/tuffigorapidex.com\/pl\/rozwiazanie-wedlug-gatunku\/drob\/\" \/>\n<meta property=\"og:locale\" content=\"pl_PL\" \/>\n<meta property=\"og:type\" content=\"article\" \/>\n<meta property=\"og:title\" content=\"Kompleksowe rozwi\u0105zania dla hodowli drobiu\" \/>\n<meta property=\"og:description\" content=\"[vc_row][vc_column][vc_custom_heading text=&#8221;##Kompletny## asortyment dla hodowli drobiu&#8221; font_container=&#8221;tag:h2|text_align:center&#8221;][vc_column_text el_class=&#8221;intro&#8221;]Z Tuffigo Rapidex zyskuj\u0105 Pa\u0144stwo pewno\u015b\u0107, \u017ce otrzymaj\u0105 odpowiednie rozwi\u0105zanie w zakresie wentylacji\" \/>\n<meta property=\"og:url\" content=\"https:\/\/tuffigorapidex.com\/pl\/rozwiazanie-wedlug-gatunku\/drob\/\" \/>\n<meta property=\"og:site_name\" content=\"Tuffigo Rapidex\" \/>\n<meta property=\"article:publisher\" content=\"https:\/\/www.facebook.com\/tuffigorapidexsas\/\" \/>\n<meta property=\"article:modified_time\" content=\"2025-12-09T09:54:46+00:00\" \/>\n<meta property=\"og:image\" content=\"https:\/\/tuffigorapidex.com\/app\/uploads\/2023\/12\/TUFFIGO-logo.png\" \/>\n\t<meta property=\"og:image:width\" content=\"188\" \/>\n\t<meta property=\"og:image:height\" content=\"184\" \/>\n\t<meta property=\"og:image:type\" content=\"image\/png\" \/>\n<meta name=\"twitter:card\" content=\"summary_large_image\" \/>\n<meta name=\"twitter:label1\" content=\"Est. reading time\" \/>\n\t<meta name=\"twitter:data1\" content=\"2 minutes\" \/>\n<script type=\"application\/ld+json\" class=\"yoast-schema-graph\">{\"@context\":\"https:\/\/schema.org\",\"@graph\":[{\"@type\":\"WebPage\",\"@id\":\"https:\/\/tuffigorapidex.com\/pl\/rozwiazanie-wedlug-gatunku\/drob\/\",\"url\":\"https:\/\/tuffigorapidex.com\/pl\/rozwiazanie-wedlug-gatunku\/drob\/\",\"name\":\"Kompleksowe rozwi\u0105zania dla hodowli drobiu\",\"isPartOf\":{\"@id\":\"https:\/\/tuffigorapidex.com\/pl\/#website\"},\"datePublished\":\"2021-04-07T07:17:24+00:00\",\"dateModified\":\"2025-12-09T09:54:46+00:00\",\"breadcrumb\":{\"@id\":\"https:\/\/tuffigorapidex.com\/pl\/rozwiazanie-wedlug-gatunku\/drob\/#breadcrumb\"},\"inLanguage\":\"pl-PL\",\"potentialAction\":[{\"@type\":\"ReadAction\",\"target\":[\"https:\/\/tuffigorapidex.com\/pl\/rozwiazanie-wedlug-gatunku\/drob\/\"]}]},{\"@type\":\"BreadcrumbList\",\"@id\":\"https:\/\/tuffigorapidex.com\/pl\/rozwiazanie-wedlug-gatunku\/drob\/#breadcrumb\",\"itemListElement\":[{\"@type\":\"ListItem\",\"position\":1,\"name\":\"Accueil\",\"item\":\"https:\/\/tuffigorapidex.com\/pl\/\"},{\"@type\":\"ListItem\",\"position\":2,\"name\":\"Rozwi\u0105zania dla poszczeg\u00f3lnych gatunk\u00f3w\",\"item\":\"https:\/\/tuffigorapidex.com\/pl\/rozwiazanie-wedlug-gatunku\/\"},{\"@type\":\"ListItem\",\"position\":3,\"name\":\"Dr\u00f3b\"}]},{\"@type\":\"WebSite\",\"@id\":\"https:\/\/tuffigorapidex.com\/pl\/#website\",\"url\":\"https:\/\/tuffigorapidex.com\/pl\/\",\"name\":\"TUFFIGO RAPIDEX\",\"description\":\"Leader fran\u00e7ais des \u00e9quipements d&#039;\u00e9levage hors sol\",\"publisher\":{\"@id\":\"https:\/\/tuffigorapidex.com\/pl\/#organization\"},\"potentialAction\":[{\"@type\":\"SearchAction\",\"target\":{\"@type\":\"EntryPoint\",\"urlTemplate\":\"https:\/\/tuffigorapidex.com\/pl\/?s={search_term_string}\"},\"query-input\":\"required name=search_term_string\"}],\"inLanguage\":\"pl-PL\"},{\"@type\":\"Organization\",\"@id\":\"https:\/\/tuffigorapidex.com\/pl\/#organization\",\"name\":\"Tuffigo Rapidex\",\"url\":\"https:\/\/tuffigorapidex.com\/pl\/\",\"logo\":{\"@type\":\"ImageObject\",\"inLanguage\":\"pl-PL\",\"@id\":\"https:\/\/tuffigorapidex.com\/pl\/#\/schema\/logo\/image\/\",\"url\":\"https:\/\/tuffigorapidex.com\/app\/uploads\/2023\/12\/TUFFIGO-logo.png\",\"contentUrl\":\"https:\/\/tuffigorapidex.com\/app\/uploads\/2023\/12\/TUFFIGO-logo.png\",\"width\":188,\"height\":184,\"caption\":\"Tuffigo Rapidex\"},\"image\":{\"@id\":\"https:\/\/tuffigorapidex.com\/pl\/#\/schema\/logo\/image\/\"},\"sameAs\":[\"https:\/\/www.facebook.com\/tuffigorapidexsas\/\"]}]}<\/script>\n<!-- \/ Yoast SEO plugin. -->","yoast_head_json":{"title":"Kompleksowe rozwi\u0105zania dla hodowli drobiu","robots":{"index":"index","follow":"follow","max-snippet":"max-snippet:-1","max-image-preview":"max-image-preview:large","max-video-preview":"max-video-preview:-1"},"canonical":"https:\/\/tuffigorapidex.com\/pl\/rozwiazanie-wedlug-gatunku\/drob\/","og_locale":"pl_PL","og_type":"article","og_title":"Kompleksowe rozwi\u0105zania dla hodowli drobiu","og_description":"[vc_row][vc_column][vc_custom_heading text=&#8221;##Kompletny## asortyment dla hodowli drobiu&#8221; font_container=&#8221;tag:h2|text_align:center&#8221;][vc_column_text el_class=&#8221;intro&#8221;]Z Tuffigo Rapidex zyskuj\u0105 Pa\u0144stwo pewno\u015b\u0107, \u017ce otrzymaj\u0105 odpowiednie rozwi\u0105zanie w zakresie wentylacji","og_url":"https:\/\/tuffigorapidex.com\/pl\/rozwiazanie-wedlug-gatunku\/drob\/","og_site_name":"Tuffigo Rapidex","article_publisher":"https:\/\/www.facebook.com\/tuffigorapidexsas\/","article_modified_time":"2025-12-09T09:54:46+00:00","og_image":[{"width":188,"height":184,"url":"https:\/\/tuffigorapidex.com\/app\/uploads\/2023\/12\/TUFFIGO-logo.png","type":"image\/png"}],"twitter_card":"summary_large_image","twitter_misc":{"Est. reading time":"2 minutes"},"schema":{"@context":"https:\/\/schema.org","@graph":[{"@type":"WebPage","@id":"https:\/\/tuffigorapidex.com\/pl\/rozwiazanie-wedlug-gatunku\/drob\/","url":"https:\/\/tuffigorapidex.com\/pl\/rozwiazanie-wedlug-gatunku\/drob\/","name":"Kompleksowe rozwi\u0105zania dla hodowli drobiu","isPartOf":{"@id":"https:\/\/tuffigorapidex.com\/pl\/#website"},"datePublished":"2021-04-07T07:17:24+00:00","dateModified":"2025-12-09T09:54:46+00:00","breadcrumb":{"@id":"https:\/\/tuffigorapidex.com\/pl\/rozwiazanie-wedlug-gatunku\/drob\/#breadcrumb"},"inLanguage":"pl-PL","potentialAction":[{"@type":"ReadAction","target":["https:\/\/tuffigorapidex.com\/pl\/rozwiazanie-wedlug-gatunku\/drob\/"]}]},{"@type":"BreadcrumbList","@id":"https:\/\/tuffigorapidex.com\/pl\/rozwiazanie-wedlug-gatunku\/drob\/#breadcrumb","itemListElement":[{"@type":"ListItem","position":1,"name":"Accueil","item":"https:\/\/tuffigorapidex.com\/pl\/"},{"@type":"ListItem","position":2,"name":"Rozwi\u0105zania dla poszczeg\u00f3lnych gatunk\u00f3w","item":"https:\/\/tuffigorapidex.com\/pl\/rozwiazanie-wedlug-gatunku\/"},{"@type":"ListItem","position":3,"name":"Dr\u00f3b"}]},{"@type":"WebSite","@id":"https:\/\/tuffigorapidex.com\/pl\/#website","url":"https:\/\/tuffigorapidex.com\/pl\/","name":"TUFFIGO RAPIDEX","description":"Leader fran\u00e7ais des \u00e9quipements d&#039;\u00e9levage hors sol","publisher":{"@id":"https:\/\/tuffigorapidex.com\/pl\/#organization"},"potentialAction":[{"@type":"SearchAction","target":{"@type":"EntryPoint","urlTemplate":"https:\/\/tuffigorapidex.com\/pl\/?s={search_term_string}"},"query-input":"required name=search_term_string"}],"inLanguage":"pl-PL"},{"@type":"Organization","@id":"https:\/\/tuffigorapidex.com\/pl\/#organization","name":"Tuffigo Rapidex","url":"https:\/\/tuffigorapidex.com\/pl\/","logo":{"@type":"ImageObject","inLanguage":"pl-PL","@id":"https:\/\/tuffigorapidex.com\/pl\/#\/schema\/logo\/image\/","url":"https:\/\/tuffigorapidex.com\/app\/uploads\/2023\/12\/TUFFIGO-logo.png","contentUrl":"https:\/\/tuffigorapidex.com\/app\/uploads\/2023\/12\/TUFFIGO-logo.png","width":188,"height":184,"caption":"Tuffigo Rapidex"},"image":{"@id":"https:\/\/tuffigorapidex.com\/pl\/#\/schema\/logo\/image\/"},"sameAs":["https:\/\/www.facebook.com\/tuffigorapidexsas\/"]}]}},"_links":{"self":[{"href":"https:\/\/tuffigorapidex.com\/pl\/wp-json\/wp\/v2\/pages\/6251"}],"collection":[{"href":"https:\/\/tuffigorapidex.com\/pl\/wp-json\/wp\/v2\/pages"}],"about":[{"href":"https:\/\/tuffigorapidex.com\/pl\/wp-json\/wp\/v2\/types\/page"}],"author":[{"embeddable":true,"href":"https:\/\/tuffigorapidex.com\/pl\/wp-json\/wp\/v2\/users\/6"}],"replies":[{"embeddable":true,"href":"https:\/\/tuffigorapidex.com\/pl\/wp-json\/wp\/v2\/comments?post=6251"}],"version-history":[{"count":24,"href":"https:\/\/tuffigorapidex.com\/pl\/wp-json\/wp\/v2\/pages\/6251\/revisions"}],"predecessor-version":[{"id":8589,"href":"https:\/\/tuffigorapidex.com\/pl\/wp-json\/wp\/v2\/pages\/6251\/revisions\/8589"}],"up":[{"embeddable":true,"href":"https:\/\/tuffigorapidex.com\/pl\/wp-json\/wp\/v2\/pages\/5988"}],"wp:attachment":[{"href":"https:\/\/tuffigorapidex.com\/pl\/wp-json\/wp\/v2\/media?parent=6251"}],"curies":[{"name":"wp","href":"https:\/\/api.w.org\/{rel}","templated":true}]}}