{"id":6272,"date":"2021-04-07T07:16:58","date_gmt":"2021-04-07T07:16:58","guid":{"rendered":"https:\/\/tuffigorapidex.com\/rozwiazanie-wedlug-gatunku\/porc\/"},"modified":"2025-09-18T14:01:58","modified_gmt":"2025-09-18T14:01:58","slug":"trzoda-chlewna","status":"publish","type":"page","link":"https:\/\/tuffigorapidex.com\/pl\/rozwiazanie-wedlug-gatunku\/trzoda-chlewna\/","title":{"rendered":"Trzoda Chlewna"},"content":{"rendered":"<p>[vc_row][vc_column][vc_custom_heading text=&#8221;Une gamme ##compl\u00e8te## pour l\u2019\u00e9levage &#8230;..&#8221; font_container=&#8221;tag:h2|text_align:center&#8221;][vc_column_text]<\/p><p style=\"text-align: center;\">L\u2019\u00e9levage porcin est bas\u00e9 sur une attention particuli\u00e8re \u00e0 chaque stade physiologique de l\u2019animal. Notre gamme d\u2019alimentation et de ventilation vous permettra de g\u00e9rer et r\u00e9guler vos b\u00e2timents en temps r\u00e9el gr\u00e2ce aux indicateurs et relev\u00e9s quotidiens.<\/p><p>[\/vc_column_text][\/vc_column][\/vc_row][vc_row][vc_column][vc_custom_heading text=&#8221;Un concept d&#8217; ##Alimentation## adapt\u00e9 \u00e0 vos besoins<br \/>et \u00e0 votre environnement&#8221; font_container=&#8221;tag:h2|text_align:center&#8221;][\/vc_column][\/vc_row][vc_row][vc_column width=&#8221;1\/4&#8243;]<div class=\"ult-new-ib ult-ib-effect-style2  ult-ib-resp  \" data-min-width=\"768\" data-max-width=\"900\" style=\"\" data-opacity=\"0.7\" data-hover-opacity=\"0.4\" ><img class=\"ult-new-ib-img\" style=\"opacity:0.7;\" alt=\"null\" src=\"https:\/\/tuffigorapidex.com\/app\/uploads\/2022\/12\/TuffigoRapidex_Concept_Alimentation_Soupe_Tandem.jpg\"   \/><div id=\"interactive-banner-wrap-4434\" class=\"ult-new-ib-desc\" style=\"\"><h3 class=\"ult-new-ib-title ult-responsive\"  data-ultimate-target='#interactive-banner-wrap-4434 .ult-new-ib-title'  data-responsive-json-new='{\"font-size\":\"\",\"line-height\":\"\"}'  style=\"font-weight:normal;\">Alimentation liquide : Soupe Tandem<\/h3><div class=\"ult-new-ib-content ult-responsive\"  data-ultimate-target='#interactive-banner-wrap-4434 .ult-new-ib-content'  data-responsive-json-new='{\"font-size\":\"\",\"line-height\":\"\"}'  style=\"font-weight:normal;\"><p>Lorem ispum dolor sit amet<\/p><\/div><\/div><a class=\"ult-new-ib-link\" href=\"https:\/\/tuffigorapidex.com\/fr\/concepts\/concept-alimentation-liquide-soupe-tandem\/\" title=\"soupe tandem\"  ><\/a><\/div>[\/vc_column][vc_column width=&#8221;1\/4&#8243;]<div class=\"ult-new-ib ult-ib-effect-style2  ult-ib-resp  \" data-min-width=\"768\" data-max-width=\"900\" style=\"\" data-opacity=\"0.7\" data-hover-opacity=\"0.4\" ><img class=\"ult-new-ib-img\" style=\"opacity:0.7;\" alt=\"null\" src=\"https:\/\/tuffigorapidex.com\/app\/uploads\/2022\/12\/TuffigoRapidex_Concept_Alimentation_Liquide_Separation_Menu.jpg\"   \/><div id=\"interactive-banner-wrap-7990\" class=\"ult-new-ib-desc\" style=\"\"><h3 class=\"ult-new-ib-title ult-responsive\"  data-ultimate-target='#interactive-banner-wrap-7990 .ult-new-ib-title'  data-responsive-json-new='{\"font-size\":\"\",\"line-height\":\"\"}'  style=\"font-weight:normal;\">Alimentation liquide : S\u00e9paration de menu sans r\u00e9sidu<\/h3><div class=\"ult-new-ib-content ult-responsive\"  data-ultimate-target='#interactive-banner-wrap-7990 .ult-new-ib-content'  data-responsive-json-new='{\"font-size\":\"\",\"line-height\":\"\"}'  style=\"font-weight:normal;\"><p>Lorem ispum dolor sit amet<\/p><\/div><\/div><a class=\"ult-new-ib-link\" href=\"https:\/\/tuffigorapidex.com\/fr\/concepts\/concept-alimentation-liquide-separation-de-menu-sans-residu\/\" title=\"s\u00e9paration de menu sans r\u00e9sidu\"  ><\/a><\/div>[\/vc_column][vc_column width=&#8221;1\/4&#8243;]<div class=\"ult-new-ib ult-ib-effect-style2  ult-ib-resp  \" data-min-width=\"768\" data-max-width=\"900\" style=\"\" data-opacity=\"0.7\" data-hover-opacity=\"0.4\" ><img class=\"ult-new-ib-img\" style=\"opacity:0.7;\" alt=\"null\" src=\"https:\/\/tuffigorapidex.com\/app\/uploads\/2022\/12\/TuffigoRapidex_Concept_Alimentation_Liquide_Circuit_Plein.jpg\"   \/><div id=\"interactive-banner-wrap-4685\" class=\"ult-new-ib-desc\" style=\"\"><h3 class=\"ult-new-ib-title ult-responsive\"  data-ultimate-target='#interactive-banner-wrap-4685 .ult-new-ib-title'  data-responsive-json-new='{\"font-size\":\"\",\"line-height\":\"\"}'  style=\"font-weight:normal;\">Alimentation liquide : Circuit Plein<\/h3><div class=\"ult-new-ib-content ult-responsive\"  data-ultimate-target='#interactive-banner-wrap-4685 .ult-new-ib-content'  data-responsive-json-new='{\"font-size\":\"\",\"line-height\":\"\"}'  style=\"font-weight:normal;\"><p>Lorem ispum dolor sit amet<\/p><\/div><\/div><a class=\"ult-new-ib-link\" href=\"https:\/\/tuffigorapidex.com\/fr\/concepts\/concept-alimentation-liquide-circuit-plein\/\" title=\"circuit plein\"  ><\/a><\/div>[\/vc_column][vc_column width=&#8221;1\/4&#8243;]<div class=\"ult-new-ib ult-ib-effect-style2  ult-ib-resp  \" data-min-width=\"768\" data-max-width=\"900\" style=\"\" data-opacity=\"0.7\" data-hover-opacity=\"0.4\" ><img class=\"ult-new-ib-img\" style=\"opacity:0.7;\" alt=\"null\" src=\"https:\/\/tuffigorapidex.com\/app\/uploads\/2022\/12\/TuffigoRapidex_Concept_Alimentation_Liquide_Presoupe.jpg\"   \/><div id=\"interactive-banner-wrap-4987\" class=\"ult-new-ib-desc\" style=\"\"><h3 class=\"ult-new-ib-title ult-responsive\"  data-ultimate-target='#interactive-banner-wrap-4987 .ult-new-ib-title'  data-responsive-json-new='{\"font-size\":\"\",\"line-height\":\"\"}'  style=\"font-weight:normal;\">Alimentation liquide : Pr\u00e9soupe<\/h3><div class=\"ult-new-ib-content ult-responsive\"  data-ultimate-target='#interactive-banner-wrap-4987 .ult-new-ib-content'  data-responsive-json-new='{\"font-size\":\"\",\"line-height\":\"\"}'  style=\"font-weight:normal;\"><p>Lorem ispum dolor sit amet<\/p><\/div><\/div><a class=\"ult-new-ib-link\" href=\"https:\/\/tuffigorapidex.com\/fr\/concepts\/concept-alimentation-liquide-presoupe\/\" title=\"Pr\u00e9soupe\"  ><\/a><\/div>[\/vc_column][\/vc_row][vc_row][vc_column width=&#8221;1\/4&#8243;]<div class=\"ult-new-ib ult-ib-effect-style2  ult-ib-resp  \" data-min-width=\"768\" data-max-width=\"900\" style=\"\" data-opacity=\"0.7\" data-hover-opacity=\"0.4\" ><img class=\"ult-new-ib-img\" style=\"opacity:0.7;\" alt=\"null\" src=\"https:\/\/tuffigorapidex.com\/app\/uploads\/2022\/12\/TuffigoRapidex_Concept_Alimentation_Porc_Croissance.jpg\"   \/><div id=\"interactive-banner-wrap-3974\" class=\"ult-new-ib-desc\" style=\"\"><h3 class=\"ult-new-ib-title ult-responsive\"  data-ultimate-target='#interactive-banner-wrap-3974 .ult-new-ib-title'  data-responsive-json-new='{\"font-size\":\"\",\"line-height\":\"\"}'  style=\"font-weight:normal;\">Alimentation des Porcs en croissance<\/h3><div class=\"ult-new-ib-content ult-responsive\"  data-ultimate-target='#interactive-banner-wrap-3974 .ult-new-ib-content'  data-responsive-json-new='{\"font-size\":\"\",\"line-height\":\"\"}'  style=\"font-weight:normal;\"><p>Lorem ispum dolor sit amet<\/p><\/div><\/div><a class=\"ult-new-ib-link\" href=\"https:\/\/tuffigorapidex.com\/fr\/concepts\/concept-alimentation-des-porcs-en-croissance\/\" title=\"Alimentation des Porcs en croissance\"  ><\/a><\/div>[\/vc_column][vc_column width=&#8221;1\/4&#8243;]<div class=\"ult-new-ib ult-ib-effect-style2  ult-ib-resp  \" data-min-width=\"768\" data-max-width=\"900\" style=\"\" data-opacity=\"0.7\" data-hover-opacity=\"0.4\" ><img class=\"ult-new-ib-img\" style=\"opacity:0.7;\" alt=\"null\" src=\"https:\/\/tuffigorapidex.com\/app\/uploads\/2022\/12\/TuffigoRapidex_Concept_Alimentation_Maternite.jpg\"   \/><div id=\"interactive-banner-wrap-4788\" class=\"ult-new-ib-desc\" style=\"\"><h3 class=\"ult-new-ib-title ult-responsive\"  data-ultimate-target='#interactive-banner-wrap-4788 .ult-new-ib-title'  data-responsive-json-new='{\"font-size\":\"\",\"line-height\":\"\"}'  style=\"font-weight:normal;\">Alimentation des truies en maternit\u00e9<\/h3><div class=\"ult-new-ib-content ult-responsive\"  data-ultimate-target='#interactive-banner-wrap-4788 .ult-new-ib-content'  data-responsive-json-new='{\"font-size\":\"\",\"line-height\":\"\"}'  style=\"font-weight:normal;\"><p>Lorem ispum dolor sit amet<\/p><\/div><\/div><a class=\"ult-new-ib-link\" href=\"https:\/\/tuffigorapidex.com\/fr\/concepts\/concept-alimentation-des-truies-en-maternite\/\" title=\"Alimentation des truies en maternit\u00e9\"  ><\/a><\/div>[\/vc_column][vc_column width=&#8221;1\/4&#8243;]<div class=\"ult-new-ib ult-ib-effect-style2  ult-ib-resp  \" data-min-width=\"768\" data-max-width=\"900\" style=\"\" data-opacity=\"0.7\" data-hover-opacity=\"0.4\" ><img class=\"ult-new-ib-img\" style=\"opacity:0.7;\" alt=\"null\" src=\"https:\/\/tuffigorapidex.com\/app\/uploads\/2022\/12\/TuffigoRapidex_Concept_Alimentation_Gestante.jpg\"   \/><div id=\"interactive-banner-wrap-7000\" class=\"ult-new-ib-desc\" style=\"\"><h3 class=\"ult-new-ib-title ult-responsive\"  data-ultimate-target='#interactive-banner-wrap-7000 .ult-new-ib-title'  data-responsive-json-new='{\"font-size\":\"\",\"line-height\":\"\"}'  style=\"font-weight:normal;\">Alimentation des truies gestantes<\/h3><div class=\"ult-new-ib-content ult-responsive\"  data-ultimate-target='#interactive-banner-wrap-7000 .ult-new-ib-content'  data-responsive-json-new='{\"font-size\":\"\",\"line-height\":\"\"}'  style=\"font-weight:normal;\"><p>Lorem ispum dolor sit amet<\/p><\/div><\/div><a class=\"ult-new-ib-link\" href=\"https:\/\/tuffigorapidex.com\/fr\/concepts\/concept-alimentation-des-truies-gestantes-dac\/\" title=\"Alimentation des truies gestantes\"  ><\/a><\/div>[\/vc_column][vc_column width=&#8221;1\/4&#8243;][\/vc_column][\/vc_row][vc_row][vc_column][vc_empty_space height=&#8221;10px&#8221;][\/vc_column][\/vc_row][vc_row parallax=&#8221;content-moving&#8221; parallax_image=&#8221;1568&#8243; el_class=&#8221;categorie-univers&#8221;][vc_column][vc_custom_heading text=&#8221;Une r\u00e9ponse pour chaque cat\u00e9gorie d\u2019\u00e9levage&#8221; font_container=&#8221;tag:h3|text_align:center|color:%23ffffff&#8221;][vc_btn title=&#8221;Notre gamme de produits&#8221; align=&#8221;center&#8221; link=&#8221;url:https%3A%2F%2Ftuffigorapidex.com%2Ffr%2Fsolutions-par-especes%2Fporc%2Fnos-gammes-de-produits%2F|title:Nos%20gamme%20de%20produits%20porc&#8221; el_class=&#8221;porc&#8221;][\/vc_column][\/vc_row][vc_row][vc_column][vc_empty_space height=&#8221;30px&#8221;][vc_custom_heading text=&#8221;Un concept de ##Ventilation## adapt\u00e9 \u00e0 vos besoins<br \/>et \u00e0 votre environnement&#8221; font_container=&#8221;tag:h2|text_align:center&#8221;][\/vc_column][\/vc_row][vc_row][vc_column width=&#8221;1\/5&#8243;]<div class=\"ult-new-ib ult-ib-effect-style2  ult-ib-resp  \" data-min-width=\"768\" data-max-width=\"900\" style=\"\" data-opacity=\"0.7\" data-hover-opacity=\"0.4\" ><img class=\"ult-new-ib-img\" style=\"opacity:0.7;\" alt=\"null\" src=\"https:\/\/tuffigorapidex.com\/app\/uploads\/2022\/12\/TuffigoRapidex_Concept_Ventilation_Statique.jpg\"   \/><div id=\"interactive-banner-wrap-8214\" class=\"ult-new-ib-desc\" style=\"\"><h3 class=\"ult-new-ib-title ult-responsive\"  data-ultimate-target='#interactive-banner-wrap-8214 .ult-new-ib-title'  data-responsive-json-new='{\"font-size\":\"\",\"line-height\":\"\"}'  style=\"font-weight:normal;\">Concept Ventilation Statique (Faible consommation \u00e9nergie)<\/h3><div class=\"ult-new-ib-content ult-responsive\"  data-ultimate-target='#interactive-banner-wrap-8214 .ult-new-ib-content'  data-responsive-json-new='{\"font-size\":\"\",\"line-height\":\"\"}'  style=\"font-weight:normal;\"><p>Lorem ispum dolor sit amet<\/p><\/div><\/div><a class=\"ult-new-ib-link\" href=\"https:\/\/tuffigorapidex.com\/fr\/concepts\/concept-ventilation-statique-faible-conso-energie\/\" title=\"Concept Ventilation Statique (Faible consommation \u00e9nergie)\"  ><\/a><\/div>[\/vc_column][vc_column width=&#8221;1\/5&#8243;]<div class=\"ult-new-ib ult-ib-effect-style2  ult-ib-resp  \" data-min-width=\"768\" data-max-width=\"900\" style=\"\" data-opacity=\"0.7\" data-hover-opacity=\"0.4\" ><img class=\"ult-new-ib-img\" style=\"opacity:0.7;\" alt=\"null\" src=\"https:\/\/tuffigorapidex.com\/app\/uploads\/2022\/12\/TuffigoRapidex_Concept_Ventilation_GaineCentralisee.jpg\"   \/><div id=\"interactive-banner-wrap-2759\" class=\"ult-new-ib-desc\" style=\"\"><h3 class=\"ult-new-ib-title ult-responsive\"  data-ultimate-target='#interactive-banner-wrap-2759 .ult-new-ib-title'  data-responsive-json-new='{\"font-size\":\"\",\"line-height\":\"\"}'  style=\"font-weight:normal;\">Concept Ventilation Gaine Centralis\u00e9e avec Lavage d\u2019air<\/h3><div class=\"ult-new-ib-content ult-responsive\"  data-ultimate-target='#interactive-banner-wrap-2759 .ult-new-ib-content'  data-responsive-json-new='{\"font-size\":\"\",\"line-height\":\"\"}'  style=\"font-weight:normal;\"><p>Lorem ispum dolor sit amet<\/p><\/div><\/div><a class=\"ult-new-ib-link\" href=\"https:\/\/tuffigorapidex.com\/fr\/concepts\/concept-ventilation-gaine-centralisee-avec-lavage-dair\/\" title=\"Concept Ventilation Gaine Centralis\u00e9e avec Lavage d\u2019air\"  ><\/a><\/div>[\/vc_column][vc_column width=&#8221;1\/5&#8243;]<div class=\"ult-new-ib ult-ib-effect-style2  ult-ib-resp  \" data-min-width=\"768\" data-max-width=\"900\" style=\"\" data-opacity=\"0.7\" data-hover-opacity=\"0.4\" ><img class=\"ult-new-ib-img\" style=\"opacity:0.7;\" alt=\"null\" src=\"https:\/\/tuffigorapidex.com\/app\/uploads\/2022\/12\/TuffigoRapidex_Concept_Ventilation_Trappe_KanDiff.jpg\"   \/><div id=\"interactive-banner-wrap-6471\" class=\"ult-new-ib-desc\" style=\"\"><h3 class=\"ult-new-ib-title ult-responsive\"  data-ultimate-target='#interactive-banner-wrap-6471 .ult-new-ib-title'  data-responsive-json-new='{\"font-size\":\"\",\"line-height\":\"\"}'  style=\"font-weight:normal;\">Concept Ventilation Trappe KanDiff<\/h3><div class=\"ult-new-ib-content ult-responsive\"  data-ultimate-target='#interactive-banner-wrap-6471 .ult-new-ib-content'  data-responsive-json-new='{\"font-size\":\"\",\"line-height\":\"\"}'  style=\"font-weight:normal;\"><p>Lorem ispum dolor sit amet<\/p><\/div><\/div><a class=\"ult-new-ib-link\" href=\"https:\/\/tuffigorapidex.com\/fr\/concepts\/concept-ventilation-trappe-kandiff\/\" title=\"Concept Ventilation Trappe KanDiff\"  ><\/a><\/div>[\/vc_column][vc_column width=&#8221;1\/5&#8243;]<div class=\"ult-new-ib ult-ib-effect-style2  ult-ib-resp  \" data-min-width=\"768\" data-max-width=\"900\" style=\"\" data-opacity=\"0.7\" data-hover-opacity=\"0.4\" ><img class=\"ult-new-ib-img\" style=\"opacity:0.7;\" alt=\"null\" src=\"https:\/\/tuffigorapidex.com\/app\/uploads\/2022\/12\/TuffigoRapidex_Concept_Ventilation_Trappe_KanAir.jpg\"   \/><div id=\"interactive-banner-wrap-1094\" class=\"ult-new-ib-desc\" style=\"\"><h3 class=\"ult-new-ib-title ult-responsive\"  data-ultimate-target='#interactive-banner-wrap-1094 .ult-new-ib-title'  data-responsive-json-new='{\"font-size\":\"\",\"line-height\":\"\"}'  style=\"font-weight:normal;\">Concept Ventilation Trappe KanAir<\/h3><div class=\"ult-new-ib-content ult-responsive\"  data-ultimate-target='#interactive-banner-wrap-1094 .ult-new-ib-content'  data-responsive-json-new='{\"font-size\":\"\",\"line-height\":\"\"}'  style=\"font-weight:normal;\"><p>Lorem ispum dolor sit amet<\/p><\/div><\/div><a class=\"ult-new-ib-link\" href=\"https:\/\/tuffigorapidex.com\/fr\/concepts\/concept-ventilation-trappe-kanair\/\" title=\"Concept Ventilation Trappe KanAir\"  ><\/a><\/div>[\/vc_column][vc_column width=&#8221;1\/5&#8243;]<div class=\"ult-new-ib ult-ib-effect-style2  ult-ib-resp  \" data-min-width=\"768\" data-max-width=\"900\" style=\"\" data-opacity=\"0.7\" data-hover-opacity=\"0.4\" ><img class=\"ult-new-ib-img\" style=\"opacity:0.7;\" alt=\"null\" src=\"https:\/\/tuffigorapidex.com\/app\/uploads\/2022\/12\/TuffigoRapidex_Concept_Ventilation_PlafondDiff.jpg\"   \/><div id=\"interactive-banner-wrap-2616\" class=\"ult-new-ib-desc\" style=\"\"><h3 class=\"ult-new-ib-title ult-responsive\"  data-ultimate-target='#interactive-banner-wrap-2616 .ult-new-ib-title'  data-responsive-json-new='{\"font-size\":\"\",\"line-height\":\"\"}'  style=\"font-weight:normal;\">Concept Ventilation Plafond diffuseur<\/h3><div class=\"ult-new-ib-content ult-responsive\"  data-ultimate-target='#interactive-banner-wrap-2616 .ult-new-ib-content'  data-responsive-json-new='{\"font-size\":\"\",\"line-height\":\"\"}'  style=\"font-weight:normal;\"><p>Lorem ispum dolor sit amet<\/p><\/div><\/div><a class=\"ult-new-ib-link\" href=\"https:\/\/tuffigorapidex.com\/fr\/concepts\/concept-ventilation-plafond-diffuseur\/\" title=\"Concept Ventilation Plafond diffuseur\"  ><\/a><\/div>[\/vc_column][\/vc_row][vc_row][vc_column][vc_empty_space height=&#8221;30px&#8221;][\/vc_column][\/vc_row]<\/p>","protected":false},"excerpt":{"rendered":"<p>[vc_row][vc_column][vc_custom_heading text=&#8221;Une gamme ##compl\u00e8te## pour l\u2019\u00e9levage &#8230;..&#8221; <span class=\"more\">...<\/span>","protected":false},"author":6,"featured_media":0,"parent":5988,"menu_order":220,"comment_status":"closed","ping_status":"closed","template":"views\/template-univers.blade.php","meta":{"inline_featured_image":false},"acf":[],"yoast_head":"<!-- This site is optimized with the Yoast SEO plugin v21.3 - https:\/\/yoast.com\/wordpress\/plugins\/seo\/ -->\n<title>Solutions pour l\u2019\u00e9levage porcin | Tuffigo Rapidex<\/title>\n<meta name=\"robots\" content=\"index, follow, max-snippet:-1, max-image-preview:large, max-video-preview:-1\" \/>\n<link rel=\"canonical\" href=\"https:\/\/tuffigorapidex.com\/pl\/rozwiazanie-wedlug-gatunku\/trzoda-chlewna\/\" \/>\n<meta property=\"og:locale\" content=\"pl_PL\" \/>\n<meta property=\"og:type\" content=\"article\" \/>\n<meta property=\"og:title\" content=\"Solutions pour l\u2019\u00e9levage porcin | Tuffigo Rapidex\" \/>\n<meta property=\"og:description\" content=\"[vc_row][vc_column][vc_custom_heading text=&#8221;Une gamme ##compl\u00e8te## pour l\u2019\u00e9levage &#8230;..&#8221; font_container=&#8221;tag:h2|text_align:center&#8221;][vc_column_text]L\u2019\u00e9levage porcin est bas\u00e9 sur une attention particuli\u00e8re \u00e0 chaque stade physiologique de\" \/>\n<meta property=\"og:url\" content=\"https:\/\/tuffigorapidex.com\/pl\/rozwiazanie-wedlug-gatunku\/trzoda-chlewna\/\" \/>\n<meta property=\"og:site_name\" content=\"Tuffigo Rapidex\" \/>\n<meta property=\"article:publisher\" content=\"https:\/\/www.facebook.com\/tuffigorapidexsas\/\" \/>\n<meta property=\"article:modified_time\" content=\"2025-09-18T14:01:58+00:00\" \/>\n<meta property=\"og:image\" content=\"https:\/\/tuffigorapidex.com\/app\/uploads\/2023\/12\/TUFFIGO-logo.png\" \/>\n\t<meta property=\"og:image:width\" content=\"188\" \/>\n\t<meta property=\"og:image:height\" content=\"184\" \/>\n\t<meta property=\"og:image:type\" content=\"image\/png\" \/>\n<meta name=\"twitter:card\" content=\"summary_large_image\" \/>\n<meta name=\"twitter:label1\" content=\"Est. reading time\" \/>\n\t<meta name=\"twitter:data1\" content=\"2 minutes\" \/>\n<script type=\"application\/ld+json\" class=\"yoast-schema-graph\">{\"@context\":\"https:\/\/schema.org\",\"@graph\":[{\"@type\":\"WebPage\",\"@id\":\"https:\/\/tuffigorapidex.com\/pl\/rozwiazanie-wedlug-gatunku\/trzoda-chlewna\/\",\"url\":\"https:\/\/tuffigorapidex.com\/pl\/rozwiazanie-wedlug-gatunku\/trzoda-chlewna\/\",\"name\":\"Solutions pour l\u2019\u00e9levage porcin | Tuffigo Rapidex\",\"isPartOf\":{\"@id\":\"https:\/\/tuffigorapidex.com\/pl\/#website\"},\"datePublished\":\"2021-04-07T07:16:58+00:00\",\"dateModified\":\"2025-09-18T14:01:58+00:00\",\"breadcrumb\":{\"@id\":\"https:\/\/tuffigorapidex.com\/pl\/rozwiazanie-wedlug-gatunku\/trzoda-chlewna\/#breadcrumb\"},\"inLanguage\":\"pl-PL\",\"potentialAction\":[{\"@type\":\"ReadAction\",\"target\":[\"https:\/\/tuffigorapidex.com\/pl\/rozwiazanie-wedlug-gatunku\/trzoda-chlewna\/\"]}]},{\"@type\":\"BreadcrumbList\",\"@id\":\"https:\/\/tuffigorapidex.com\/pl\/rozwiazanie-wedlug-gatunku\/trzoda-chlewna\/#breadcrumb\",\"itemListElement\":[{\"@type\":\"ListItem\",\"position\":1,\"name\":\"Accueil\",\"item\":\"https:\/\/tuffigorapidex.com\/pl\/\"},{\"@type\":\"ListItem\",\"position\":2,\"name\":\"Rozwi\u0105zania dla poszczeg\u00f3lnych gatunk\u00f3w\",\"item\":\"https:\/\/tuffigorapidex.com\/pl\/rozwiazanie-wedlug-gatunku\/\"},{\"@type\":\"ListItem\",\"position\":3,\"name\":\"Trzoda Chlewna\"}]},{\"@type\":\"WebSite\",\"@id\":\"https:\/\/tuffigorapidex.com\/pl\/#website\",\"url\":\"https:\/\/tuffigorapidex.com\/pl\/\",\"name\":\"TUFFIGO RAPIDEX\",\"description\":\"Leader fran\u00e7ais des \u00e9quipements d&#039;\u00e9levage hors sol\",\"publisher\":{\"@id\":\"https:\/\/tuffigorapidex.com\/pl\/#organization\"},\"potentialAction\":[{\"@type\":\"SearchAction\",\"target\":{\"@type\":\"EntryPoint\",\"urlTemplate\":\"https:\/\/tuffigorapidex.com\/pl\/?s={search_term_string}\"},\"query-input\":\"required name=search_term_string\"}],\"inLanguage\":\"pl-PL\"},{\"@type\":\"Organization\",\"@id\":\"https:\/\/tuffigorapidex.com\/pl\/#organization\",\"name\":\"Tuffigo Rapidex\",\"url\":\"https:\/\/tuffigorapidex.com\/pl\/\",\"logo\":{\"@type\":\"ImageObject\",\"inLanguage\":\"pl-PL\",\"@id\":\"https:\/\/tuffigorapidex.com\/pl\/#\/schema\/logo\/image\/\",\"url\":\"https:\/\/tuffigorapidex.com\/app\/uploads\/2023\/12\/TUFFIGO-logo.png\",\"contentUrl\":\"https:\/\/tuffigorapidex.com\/app\/uploads\/2023\/12\/TUFFIGO-logo.png\",\"width\":188,\"height\":184,\"caption\":\"Tuffigo Rapidex\"},\"image\":{\"@id\":\"https:\/\/tuffigorapidex.com\/pl\/#\/schema\/logo\/image\/\"},\"sameAs\":[\"https:\/\/www.facebook.com\/tuffigorapidexsas\/\"]}]}<\/script>\n<!-- \/ Yoast SEO plugin. -->","yoast_head_json":{"title":"Solutions pour l\u2019\u00e9levage porcin | Tuffigo Rapidex","robots":{"index":"index","follow":"follow","max-snippet":"max-snippet:-1","max-image-preview":"max-image-preview:large","max-video-preview":"max-video-preview:-1"},"canonical":"https:\/\/tuffigorapidex.com\/pl\/rozwiazanie-wedlug-gatunku\/trzoda-chlewna\/","og_locale":"pl_PL","og_type":"article","og_title":"Solutions pour l\u2019\u00e9levage porcin | Tuffigo Rapidex","og_description":"[vc_row][vc_column][vc_custom_heading text=&#8221;Une gamme ##compl\u00e8te## pour l\u2019\u00e9levage &#8230;..&#8221; font_container=&#8221;tag:h2|text_align:center&#8221;][vc_column_text]L\u2019\u00e9levage porcin est bas\u00e9 sur une attention particuli\u00e8re \u00e0 chaque stade physiologique de","og_url":"https:\/\/tuffigorapidex.com\/pl\/rozwiazanie-wedlug-gatunku\/trzoda-chlewna\/","og_site_name":"Tuffigo Rapidex","article_publisher":"https:\/\/www.facebook.com\/tuffigorapidexsas\/","article_modified_time":"2025-09-18T14:01:58+00:00","og_image":[{"width":188,"height":184,"url":"https:\/\/tuffigorapidex.com\/app\/uploads\/2023\/12\/TUFFIGO-logo.png","type":"image\/png"}],"twitter_card":"summary_large_image","twitter_misc":{"Est. reading time":"2 minutes"},"schema":{"@context":"https:\/\/schema.org","@graph":[{"@type":"WebPage","@id":"https:\/\/tuffigorapidex.com\/pl\/rozwiazanie-wedlug-gatunku\/trzoda-chlewna\/","url":"https:\/\/tuffigorapidex.com\/pl\/rozwiazanie-wedlug-gatunku\/trzoda-chlewna\/","name":"Solutions pour l\u2019\u00e9levage porcin | Tuffigo Rapidex","isPartOf":{"@id":"https:\/\/tuffigorapidex.com\/pl\/#website"},"datePublished":"2021-04-07T07:16:58+00:00","dateModified":"2025-09-18T14:01:58+00:00","breadcrumb":{"@id":"https:\/\/tuffigorapidex.com\/pl\/rozwiazanie-wedlug-gatunku\/trzoda-chlewna\/#breadcrumb"},"inLanguage":"pl-PL","potentialAction":[{"@type":"ReadAction","target":["https:\/\/tuffigorapidex.com\/pl\/rozwiazanie-wedlug-gatunku\/trzoda-chlewna\/"]}]},{"@type":"BreadcrumbList","@id":"https:\/\/tuffigorapidex.com\/pl\/rozwiazanie-wedlug-gatunku\/trzoda-chlewna\/#breadcrumb","itemListElement":[{"@type":"ListItem","position":1,"name":"Accueil","item":"https:\/\/tuffigorapidex.com\/pl\/"},{"@type":"ListItem","position":2,"name":"Rozwi\u0105zania dla poszczeg\u00f3lnych gatunk\u00f3w","item":"https:\/\/tuffigorapidex.com\/pl\/rozwiazanie-wedlug-gatunku\/"},{"@type":"ListItem","position":3,"name":"Trzoda Chlewna"}]},{"@type":"WebSite","@id":"https:\/\/tuffigorapidex.com\/pl\/#website","url":"https:\/\/tuffigorapidex.com\/pl\/","name":"TUFFIGO RAPIDEX","description":"Leader fran\u00e7ais des \u00e9quipements d&#039;\u00e9levage hors sol","publisher":{"@id":"https:\/\/tuffigorapidex.com\/pl\/#organization"},"potentialAction":[{"@type":"SearchAction","target":{"@type":"EntryPoint","urlTemplate":"https:\/\/tuffigorapidex.com\/pl\/?s={search_term_string}"},"query-input":"required name=search_term_string"}],"inLanguage":"pl-PL"},{"@type":"Organization","@id":"https:\/\/tuffigorapidex.com\/pl\/#organization","name":"Tuffigo Rapidex","url":"https:\/\/tuffigorapidex.com\/pl\/","logo":{"@type":"ImageObject","inLanguage":"pl-PL","@id":"https:\/\/tuffigorapidex.com\/pl\/#\/schema\/logo\/image\/","url":"https:\/\/tuffigorapidex.com\/app\/uploads\/2023\/12\/TUFFIGO-logo.png","contentUrl":"https:\/\/tuffigorapidex.com\/app\/uploads\/2023\/12\/TUFFIGO-logo.png","width":188,"height":184,"caption":"Tuffigo Rapidex"},"image":{"@id":"https:\/\/tuffigorapidex.com\/pl\/#\/schema\/logo\/image\/"},"sameAs":["https:\/\/www.facebook.com\/tuffigorapidexsas\/"]}]}},"_links":{"self":[{"href":"https:\/\/tuffigorapidex.com\/pl\/wp-json\/wp\/v2\/pages\/6272"}],"collection":[{"href":"https:\/\/tuffigorapidex.com\/pl\/wp-json\/wp\/v2\/pages"}],"about":[{"href":"https:\/\/tuffigorapidex.com\/pl\/wp-json\/wp\/v2\/types\/page"}],"author":[{"embeddable":true,"href":"https:\/\/tuffigorapidex.com\/pl\/wp-json\/wp\/v2\/users\/6"}],"replies":[{"embeddable":true,"href":"https:\/\/tuffigorapidex.com\/pl\/wp-json\/wp\/v2\/comments?post=6272"}],"version-history":[{"count":5,"href":"https:\/\/tuffigorapidex.com\/pl\/wp-json\/wp\/v2\/pages\/6272\/revisions"}],"predecessor-version":[{"id":7653,"href":"https:\/\/tuffigorapidex.com\/pl\/wp-json\/wp\/v2\/pages\/6272\/revisions\/7653"}],"up":[{"embeddable":true,"href":"https:\/\/tuffigorapidex.com\/pl\/wp-json\/wp\/v2\/pages\/5988"}],"wp:attachment":[{"href":"https:\/\/tuffigorapidex.com\/pl\/wp-json\/wp\/v2\/media?parent=6272"}],"curies":[{"name":"wp","href":"https:\/\/api.w.org\/{rel}","templated":true}]}}