{"id":6337,"date":"2022-06-29T07:58:32","date_gmt":"2022-06-29T07:58:32","guid":{"rendered":"https:\/\/tuffigorapidex.com\/rozwiazanie-wedlug-gatunku\/drob\/volaille-de-chair\/"},"modified":"2025-12-09T10:50:34","modified_gmt":"2025-12-09T10:50:34","slug":"drob-miesny","status":"publish","type":"page","link":"https:\/\/tuffigorapidex.com\/pl\/rozwiazanie-wedlug-gatunku\/drob\/drob-miesny\/","title":{"rendered":"Dr\u00f3b mi\u0119sny"},"content":{"rendered":"<p>[vc_row css=&#8221;.vc_custom_1730795862160{margin-top: 0px !important;margin-bottom: 0px !important;border-bottom-width: 0px !important;padding-top: 0px !important;}&#8221;][vc_column width=&#8221;1\/6&#8243;][vc_column_text][\/vc_column_text][\/vc_column][vc_column width=&#8221;2\/3&#8243;][vc_column_text]<\/p><h2 style=\"text-align: center;\">\u201eKontrola warunk\u00f3w od pierwszej godziny, pierwszego dnia, pierwszego tygodnia, jest jednym z kluczy do sukcesu\u201d<\/h2><p>&nbsp;<\/p><p style=\"text-align: center;\"><span style=\"font-weight: 400;\">Ch\u00f3w brojler\u00f3w wymaga ci\u0105g\u0142ej optymalizacji w celu uzyskania najlepszych wynik\u00f3w technicznych i ekonomicznych, przy jednoczesnym poszanowaniu tempa rozwoju piskl\u0105t.<\/span><\/p><p style=\"text-align: center;\"><span style=\"font-weight: 400;\">Nasze systemy zapewniaj\u0105 komfort termiczny i doskona\u0142\u0105 kontrol\u0119 \u015brodowiska, dostarczaj\u0105c zwierz\u0119tom odpowiedni\u0105 temperatur\u0119 i jako\u015b\u0107 powietrza niezale\u017cnie od warunk\u00f3w zewn\u0119trznych.<\/span><\/p><p>[\/vc_column_text][\/vc_column][vc_column width=&#8221;1\/6&#8243;][\/vc_column][\/vc_row][vc_row equal_height=&#8221;yes&#8221; content_placement=&#8221;top&#8221; css=&#8221;.vc_custom_1730795890130{margin-top: 0px !important;margin-bottom: 0px !important;padding-top: 0px !important;padding-bottom: 0px !important;}&#8221;][vc_column width=&#8221;1\/3&#8243;]<div class=\"menu-gamme entry gestion\" onclick=\"window.location='https:\/\/tuffigorapidex.com\/pl\/rozwiazanie-wedlug-gatunku\/drob\/drob-miesny\/zarzadzanie-inwentarzem-zywym\/'\">\n<i class=\"icon icon-gestion\"><\/i>\n<h3 class=\"entry-title\">\n  Zarz\u0105dzanie hodowl\u0105<\/h3>\n<div class=\"entry-description\">\n  <div class=\"page\" title=\"Page 10\">\n<div class=\"section\">\n<div class=\"layoutArea\">\n<div class=\"column\">\n<p style=\"text-align: center;\">Zarz\u0105dzanie budynkiem i optymalizacja wydajno\u015bci hodowli<\/p>\n<\/div>\n<\/div>\n<\/div>\n<\/div>\n<\/div>\n<\/div>\n[\/vc_column][vc_column width=&#8221;1\/3&#8243;]<div class=\"menu-gamme entry ambiance\" onclick=\"window.location='https:\/\/tuffigorapidex.com\/pl\/rozwiazanie-wedlug-gatunku\/drob\/drob-miesny\/dobrostan-i-atmosfera\/'\">\n<i class=\"icon icon-ambiance\"><\/i>\n<h3 class=\"entry-title\">\n  Dobrostan i atmosfera<\/h3>\n<div class=\"entry-description\">\n  <div class=\"page\" title=\"Page 10\">\n<div class=\"section\">\n<div class=\"layoutArea\">\n<div class=\"column\">\n<p style=\"text-align: center;\">Poprawa \u015brodowiska w kurniku oraz dobrostanu zwierz\u0105t w ca\u0142ym cyklu produkcyjnym.<\/p>\n<\/div>\n<\/div>\n<\/div>\n<\/div>\n<\/div>\n<\/div>\n[\/vc_column][vc_column width=&#8221;1\/3&#8243; css=&#8221;.vc_custom_1730795905971{margin-top: 0px !important;margin-bottom: 0px !important;padding-top: 0px !important;padding-bottom: 0px !important;}&#8221;]<div class=\"menu-gamme entry ventillation\" onclick=\"window.location='https:\/\/tuffigorapidex.com\/pl\/rozwiazanie-wedlug-gatunku\/drob\/drob-miesny\/wentylacja\/'\">\n<i class=\"icon icon-ventillation\"><\/i>\n<h3 class=\"entry-title\">\n  Wentylacja<\/h3>\n<div class=\"entry-description\">\n  <div class=\"page\" title=\"Page 10\">\n<div class=\"section\">\n<div class=\"layoutArea\">\n<div class=\"column\">\n<p style=\"text-align: center;\">Kontrola \u015brodowiska w budynkach w celu optymalizacji wzrostu i wydajno\u015bci zwierz\u0105t dostosowana do metody ich chowu.<\/p>\n<\/div>\n<\/div>\n<\/div>\n<\/div>\n<\/div>\n<\/div>\n[\/vc_column][\/vc_row][vc_row][vc_column][vc_single_image image=&#8221;4442&#8243; img_size=&#8221;large&#8221; alignment=&#8221;center&#8221;][\/vc_column][\/vc_row][vc_row][vc_column width=&#8221;1\/3&#8243;]<div class=\"menu-gamme entry alimentation\" onclick=\"window.location='https:\/\/tuffigorapidex.com\/pl\/rozwiazanie-wedlug-gatunku\/drob\/drob-miesny\/wyzywienie\/'\">\n<i class=\"icon icon-alimentation\"><\/i>\n<h3 class=\"entry-title\">\n  Wy\u017cywienie<\/h3>\n<div class=\"entry-description\">\n  <div class=\"page\" title=\"Page 10\">\n<div class=\"section\">\n<div class=\"layoutArea\">\n<div class=\"column\">\n<p style=\"text-align: center;\">Zarz\u0105dzanie pasz\u0105 i optymalizacja koszt\u00f3w produkcji<\/p>\n<\/div>\n<\/div>\n<\/div>\n<\/div>\n<\/div>\n<\/div>\n[\/vc_column][vc_column width=&#8221;1\/3&#8243;]<div class=\"menu-gamme entry services\" onclick=\"window.location='https:\/\/tuffigorapidex.com\/pl\/rozwiazanie-wedlug-gatunku\/drob\/drob-miesny\/uslugi-polaczone\/'\">\n<i class=\"icon icon-services\"><\/i>\n<h3 class=\"entry-title\">\n  Us\u0142ugi po\u0142\u0105czone<\/h3>\n<div class=\"entry-description\">\n  <div class=\"page\" title=\"Page 10\">\n<div class=\"section\">\n<div class=\"layoutArea\">\n<div class=\"column\">\n<p style=\"text-align: center;\">Wzbogacenie do\u015bwiadczenia u\u017cytkownika produkt\u00f3w Tuffigo Rapidex dzi\u0119ki us\u0142ugom opartym na danych<\/p>\n<\/div>\n<\/div>\n<\/div>\n<\/div>\n<\/div>\n<\/div>\n[\/vc_column][vc_column width=&#8221;1\/3&#8243;]<div class=\"menu-gamme entry autres\" onclick=\"window.location='https:\/\/tuffigorapidex.com\/pl\/rozwiazanie-wedlug-gatunku\/drob\/drob-miesny\/inne-uslugi\/'\">\n<i class=\"icon icon-autres\"><\/i>\n<h3 class=\"entry-title\">\n  Inne us\u0142ugi<\/h3>\n<div class=\"entry-description\">\n  <div class=\"page\" title=\"Page 10\">\n<div class=\"section\">\n<div class=\"layoutArea\">\n<div class=\"column\">\n<p style=\"text-align: center;\">Kompleksowa oferta us\u0142ug obejmuj\u0105ca instalacj\u0119, uruchomienie, szkolenia u\u017cytkownik\u00f3w oraz wszelkie inne czynno\u015bci wymagane do zapewnienia sprawnego dzia\u0142ania zespo\u0142\u00f3w.<\/p>\n<\/div>\n<\/div>\n<\/div>\n<\/div>\n<\/div>\n<\/div>\n[\/vc_column][\/vc_row][vc_row css=&#8221;.vc_custom_1734030237071{margin-right: 50px !important;margin-left: 50px !important;}&#8221;][vc_column width=&#8221;1\/3&#8243;][vc_single_image image=&#8221;2643&#8243; img_size=&#8221;large&#8221; alignment=&#8221;center&#8221;][\/vc_column][vc_column width=&#8221;1\/3&#8243;][vc_single_image image=&#8221;2647&#8243; img_size=&#8221;large&#8221; alignment=&#8221;center&#8221;][\/vc_column][vc_column width=&#8221;1\/3&#8243;][vc_single_image image=&#8221;2635&#8243; img_size=&#8221;large&#8221; alignment=&#8221;center&#8221;][\/vc_column][\/vc_row]<\/p>","protected":false},"excerpt":{"rendered":"<p>[vc_row css=&#8221;.vc_custom_1730795862160{margin-top: 0px !important;margin-bottom: 0px !important;border-bottom-width: <span class=\"more\">...<\/span>","protected":false},"author":6,"featured_media":0,"parent":6251,"menu_order":37,"comment_status":"closed","ping_status":"closed","template":"views\/template-sous-univers.blade.php","meta":{"inline_featured_image":false},"acf":[],"yoast_head":"<!-- This site is optimized with the Yoast SEO plugin v21.3 - https:\/\/yoast.com\/wordpress\/plugins\/seo\/ -->\n<title>Dr\u00f3b mi\u0119sny | Tuffigo Rapidex<\/title>\n<meta name=\"robots\" content=\"index, follow, max-snippet:-1, max-image-preview:large, max-video-preview:-1\" \/>\n<link rel=\"canonical\" href=\"https:\/\/tuffigorapidex.com\/pl\/rozwiazanie-wedlug-gatunku\/drob\/drob-miesny\/\" \/>\n<meta property=\"og:locale\" content=\"pl_PL\" \/>\n<meta property=\"og:type\" content=\"article\" \/>\n<meta property=\"og:title\" content=\"Dr\u00f3b mi\u0119sny | Tuffigo Rapidex\" \/>\n<meta property=\"og:description\" content=\"[vc_row css=&#8221;.vc_custom_1730795862160{margin-top: 0px !important;margin-bottom: 0px !important;border-bottom-width: 0px !important;padding-top: 0px !important;}&#8221;][vc_column width=&#8221;1\/6&#8243;][vc_column_text][\/vc_column_text][\/vc_column][vc_column width=&#8221;2\/3&#8243;][vc_column_text]\u201eKontrola warunk\u00f3w od pierwszej godziny, pierwszego dnia, pierwszego tygodnia,\" \/>\n<meta property=\"og:url\" content=\"https:\/\/tuffigorapidex.com\/pl\/rozwiazanie-wedlug-gatunku\/drob\/drob-miesny\/\" \/>\n<meta property=\"og:site_name\" content=\"Tuffigo Rapidex\" \/>\n<meta property=\"article:publisher\" content=\"https:\/\/www.facebook.com\/tuffigorapidexsas\/\" \/>\n<meta property=\"article:modified_time\" content=\"2025-12-09T10:50:34+00:00\" \/>\n<meta property=\"og:image\" content=\"https:\/\/tuffigorapidex.com\/app\/uploads\/2023\/12\/TUFFIGO-logo.png\" \/>\n\t<meta property=\"og:image:width\" content=\"188\" \/>\n\t<meta property=\"og:image:height\" content=\"184\" \/>\n\t<meta property=\"og:image:type\" content=\"image\/png\" \/>\n<meta name=\"twitter:card\" content=\"summary_large_image\" \/>\n<meta name=\"twitter:label1\" content=\"Est. reading time\" \/>\n\t<meta name=\"twitter:data1\" content=\"1 minute\" \/>\n<script type=\"application\/ld+json\" class=\"yoast-schema-graph\">{\"@context\":\"https:\/\/schema.org\",\"@graph\":[{\"@type\":\"WebPage\",\"@id\":\"https:\/\/tuffigorapidex.com\/pl\/rozwiazanie-wedlug-gatunku\/drob\/drob-miesny\/\",\"url\":\"https:\/\/tuffigorapidex.com\/pl\/rozwiazanie-wedlug-gatunku\/drob\/drob-miesny\/\",\"name\":\"Dr\u00f3b mi\u0119sny | Tuffigo Rapidex\",\"isPartOf\":{\"@id\":\"https:\/\/tuffigorapidex.com\/pl\/#website\"},\"datePublished\":\"2022-06-29T07:58:32+00:00\",\"dateModified\":\"2025-12-09T10:50:34+00:00\",\"breadcrumb\":{\"@id\":\"https:\/\/tuffigorapidex.com\/pl\/rozwiazanie-wedlug-gatunku\/drob\/drob-miesny\/#breadcrumb\"},\"inLanguage\":\"pl-PL\",\"potentialAction\":[{\"@type\":\"ReadAction\",\"target\":[\"https:\/\/tuffigorapidex.com\/pl\/rozwiazanie-wedlug-gatunku\/drob\/drob-miesny\/\"]}]},{\"@type\":\"BreadcrumbList\",\"@id\":\"https:\/\/tuffigorapidex.com\/pl\/rozwiazanie-wedlug-gatunku\/drob\/drob-miesny\/#breadcrumb\",\"itemListElement\":[{\"@type\":\"ListItem\",\"position\":1,\"name\":\"Accueil\",\"item\":\"https:\/\/tuffigorapidex.com\/pl\/\"},{\"@type\":\"ListItem\",\"position\":2,\"name\":\"Rozwi\u0105zania dla poszczeg\u00f3lnych gatunk\u00f3w\",\"item\":\"https:\/\/tuffigorapidex.com\/pl\/rozwiazanie-wedlug-gatunku\/\"},{\"@type\":\"ListItem\",\"position\":3,\"name\":\"Dr\u00f3b\",\"item\":\"https:\/\/tuffigorapidex.com\/pl\/rozwiazanie-wedlug-gatunku\/drob\/\"},{\"@type\":\"ListItem\",\"position\":4,\"name\":\"Dr\u00f3b mi\u0119sny\"}]},{\"@type\":\"WebSite\",\"@id\":\"https:\/\/tuffigorapidex.com\/pl\/#website\",\"url\":\"https:\/\/tuffigorapidex.com\/pl\/\",\"name\":\"TUFFIGO RAPIDEX\",\"description\":\"Leader fran\u00e7ais des \u00e9quipements d&#039;\u00e9levage hors sol\",\"publisher\":{\"@id\":\"https:\/\/tuffigorapidex.com\/pl\/#organization\"},\"potentialAction\":[{\"@type\":\"SearchAction\",\"target\":{\"@type\":\"EntryPoint\",\"urlTemplate\":\"https:\/\/tuffigorapidex.com\/pl\/?s={search_term_string}\"},\"query-input\":\"required name=search_term_string\"}],\"inLanguage\":\"pl-PL\"},{\"@type\":\"Organization\",\"@id\":\"https:\/\/tuffigorapidex.com\/pl\/#organization\",\"name\":\"Tuffigo Rapidex\",\"url\":\"https:\/\/tuffigorapidex.com\/pl\/\",\"logo\":{\"@type\":\"ImageObject\",\"inLanguage\":\"pl-PL\",\"@id\":\"https:\/\/tuffigorapidex.com\/pl\/#\/schema\/logo\/image\/\",\"url\":\"https:\/\/tuffigorapidex.com\/app\/uploads\/2023\/12\/TUFFIGO-logo.png\",\"contentUrl\":\"https:\/\/tuffigorapidex.com\/app\/uploads\/2023\/12\/TUFFIGO-logo.png\",\"width\":188,\"height\":184,\"caption\":\"Tuffigo Rapidex\"},\"image\":{\"@id\":\"https:\/\/tuffigorapidex.com\/pl\/#\/schema\/logo\/image\/\"},\"sameAs\":[\"https:\/\/www.facebook.com\/tuffigorapidexsas\/\"]}]}<\/script>\n<!-- \/ Yoast SEO plugin. -->","yoast_head_json":{"title":"Dr\u00f3b mi\u0119sny | Tuffigo Rapidex","robots":{"index":"index","follow":"follow","max-snippet":"max-snippet:-1","max-image-preview":"max-image-preview:large","max-video-preview":"max-video-preview:-1"},"canonical":"https:\/\/tuffigorapidex.com\/pl\/rozwiazanie-wedlug-gatunku\/drob\/drob-miesny\/","og_locale":"pl_PL","og_type":"article","og_title":"Dr\u00f3b mi\u0119sny | Tuffigo Rapidex","og_description":"[vc_row css=&#8221;.vc_custom_1730795862160{margin-top: 0px !important;margin-bottom: 0px !important;border-bottom-width: 0px !important;padding-top: 0px !important;}&#8221;][vc_column width=&#8221;1\/6&#8243;][vc_column_text][\/vc_column_text][\/vc_column][vc_column width=&#8221;2\/3&#8243;][vc_column_text]\u201eKontrola warunk\u00f3w od pierwszej godziny, pierwszego dnia, pierwszego tygodnia,","og_url":"https:\/\/tuffigorapidex.com\/pl\/rozwiazanie-wedlug-gatunku\/drob\/drob-miesny\/","og_site_name":"Tuffigo Rapidex","article_publisher":"https:\/\/www.facebook.com\/tuffigorapidexsas\/","article_modified_time":"2025-12-09T10:50:34+00:00","og_image":[{"width":188,"height":184,"url":"https:\/\/tuffigorapidex.com\/app\/uploads\/2023\/12\/TUFFIGO-logo.png","type":"image\/png"}],"twitter_card":"summary_large_image","twitter_misc":{"Est. reading time":"1 minute"},"schema":{"@context":"https:\/\/schema.org","@graph":[{"@type":"WebPage","@id":"https:\/\/tuffigorapidex.com\/pl\/rozwiazanie-wedlug-gatunku\/drob\/drob-miesny\/","url":"https:\/\/tuffigorapidex.com\/pl\/rozwiazanie-wedlug-gatunku\/drob\/drob-miesny\/","name":"Dr\u00f3b mi\u0119sny | Tuffigo Rapidex","isPartOf":{"@id":"https:\/\/tuffigorapidex.com\/pl\/#website"},"datePublished":"2022-06-29T07:58:32+00:00","dateModified":"2025-12-09T10:50:34+00:00","breadcrumb":{"@id":"https:\/\/tuffigorapidex.com\/pl\/rozwiazanie-wedlug-gatunku\/drob\/drob-miesny\/#breadcrumb"},"inLanguage":"pl-PL","potentialAction":[{"@type":"ReadAction","target":["https:\/\/tuffigorapidex.com\/pl\/rozwiazanie-wedlug-gatunku\/drob\/drob-miesny\/"]}]},{"@type":"BreadcrumbList","@id":"https:\/\/tuffigorapidex.com\/pl\/rozwiazanie-wedlug-gatunku\/drob\/drob-miesny\/#breadcrumb","itemListElement":[{"@type":"ListItem","position":1,"name":"Accueil","item":"https:\/\/tuffigorapidex.com\/pl\/"},{"@type":"ListItem","position":2,"name":"Rozwi\u0105zania dla poszczeg\u00f3lnych gatunk\u00f3w","item":"https:\/\/tuffigorapidex.com\/pl\/rozwiazanie-wedlug-gatunku\/"},{"@type":"ListItem","position":3,"name":"Dr\u00f3b","item":"https:\/\/tuffigorapidex.com\/pl\/rozwiazanie-wedlug-gatunku\/drob\/"},{"@type":"ListItem","position":4,"name":"Dr\u00f3b mi\u0119sny"}]},{"@type":"WebSite","@id":"https:\/\/tuffigorapidex.com\/pl\/#website","url":"https:\/\/tuffigorapidex.com\/pl\/","name":"TUFFIGO RAPIDEX","description":"Leader fran\u00e7ais des \u00e9quipements d&#039;\u00e9levage hors sol","publisher":{"@id":"https:\/\/tuffigorapidex.com\/pl\/#organization"},"potentialAction":[{"@type":"SearchAction","target":{"@type":"EntryPoint","urlTemplate":"https:\/\/tuffigorapidex.com\/pl\/?s={search_term_string}"},"query-input":"required name=search_term_string"}],"inLanguage":"pl-PL"},{"@type":"Organization","@id":"https:\/\/tuffigorapidex.com\/pl\/#organization","name":"Tuffigo Rapidex","url":"https:\/\/tuffigorapidex.com\/pl\/","logo":{"@type":"ImageObject","inLanguage":"pl-PL","@id":"https:\/\/tuffigorapidex.com\/pl\/#\/schema\/logo\/image\/","url":"https:\/\/tuffigorapidex.com\/app\/uploads\/2023\/12\/TUFFIGO-logo.png","contentUrl":"https:\/\/tuffigorapidex.com\/app\/uploads\/2023\/12\/TUFFIGO-logo.png","width":188,"height":184,"caption":"Tuffigo Rapidex"},"image":{"@id":"https:\/\/tuffigorapidex.com\/pl\/#\/schema\/logo\/image\/"},"sameAs":["https:\/\/www.facebook.com\/tuffigorapidexsas\/"]}]}},"_links":{"self":[{"href":"https:\/\/tuffigorapidex.com\/pl\/wp-json\/wp\/v2\/pages\/6337"}],"collection":[{"href":"https:\/\/tuffigorapidex.com\/pl\/wp-json\/wp\/v2\/pages"}],"about":[{"href":"https:\/\/tuffigorapidex.com\/pl\/wp-json\/wp\/v2\/types\/page"}],"author":[{"embeddable":true,"href":"https:\/\/tuffigorapidex.com\/pl\/wp-json\/wp\/v2\/users\/6"}],"replies":[{"embeddable":true,"href":"https:\/\/tuffigorapidex.com\/pl\/wp-json\/wp\/v2\/comments?post=6337"}],"version-history":[{"count":29,"href":"https:\/\/tuffigorapidex.com\/pl\/wp-json\/wp\/v2\/pages\/6337\/revisions"}],"predecessor-version":[{"id":8594,"href":"https:\/\/tuffigorapidex.com\/pl\/wp-json\/wp\/v2\/pages\/6337\/revisions\/8594"}],"up":[{"embeddable":true,"href":"https:\/\/tuffigorapidex.com\/pl\/wp-json\/wp\/v2\/pages\/6251"}],"wp:attachment":[{"href":"https:\/\/tuffigorapidex.com\/pl\/wp-json\/wp\/v2\/media?parent=6337"}],"curies":[{"name":"wp","href":"https:\/\/api.w.org\/{rel}","templated":true}]}}