{"id":6376,"date":"2025-08-06T10:22:44","date_gmt":"2025-08-06T10:22:44","guid":{"rendered":"https:\/\/tuffigorapidex.com\/nos-valeurs-ambitions-vision\/"},"modified":"2025-12-08T16:47:05","modified_gmt":"2025-12-08T16:47:05","slug":"nasze-wartosci-ambicje-wizja","status":"publish","type":"page","link":"https:\/\/tuffigorapidex.com\/pl\/nasze-wartosci-ambicje-wizja\/","title":{"rendered":"Nasze warto\u015bci, ambitne cele i wizja"},"content":{"rendered":"<p>[vc_row][vc_column width=&#8221;1\/2&#8243;][vc_custom_heading text=&#8221;##Wizja##&#8221;][vc_column_text]<\/p><p><span style=\"font-weight: 400;\">Nasz\u0105 ambicj\u0105 jest pomoc rolnikom na ca\u0142ym \u015bwiecie w sprostaniu ich wyzwaniom: zaspokojeniu potrzeb \u017cywno\u015bciowych 8 miliard\u00f3w ludzi przy jednoczesnym poszanowaniu dobrostanu zwierz\u0105t i \u015brodowiska, zapewnieniu wysokiej jako\u015bci produkcji oraz optymalnych wynik\u00f3w ekonomicznych.<\/span><\/p><p>[\/vc_column_text][\/vc_column][vc_column width=&#8221;1\/2&#8243;][vc_single_image image=&#8221;3468&#8243; img_size=&#8221;400&#215;300&#8243; alignment=&#8221;center&#8221; style=&#8221;vc_box_rounded&#8221;][\/vc_column][\/vc_row][vc_row el_class=&#8221;swap-on-mobile&#8221;][vc_column width=&#8221;1\/2&#8243;][vc_single_image image=&#8221;3459&#8243; img_size=&#8221;400&#215;300&#8243; alignment=&#8221;center&#8221; style=&#8221;vc_box_rounded&#8221;][\/vc_column][vc_column width=&#8221;1\/2&#8243;][vc_custom_heading text=&#8221;##Misja## i wyzwania&#8221;][vc_column_text]<\/p><p><span style=\"font-weight: 400;\">Misj\u0105 Tuffigo Rapidex jest tworzenie, projektowanie i produkcja zr\u00f3wnowa\u017conych rozwi\u0105za\u0144 w zakresie \u017cywienia i wentylacji, kt\u00f3re spe\u0142niaj\u0105 wymagania ka\u017cdego rynku.<\/span><\/p><p><span style=\"font-weight: 400;\">Koncentrujemy si\u0119 na zapewnieniu:<\/span><\/p><p><span style=\"font-weight: 400;\"><\/span><span style=\"font-weight: 400;\">&#8211; <\/span><span style=\"font-weight: 400;\">\u015arodk\u00f3w do osi\u0105gni\u0119cia cel\u00f3w hodowlanych.<\/span><br \/><span style=\"font-weight: 400;\"><\/span><span style=\"font-weight: 400;\">&#8211; Spokoju ducha w codziennej pracy rolnika.<\/span><br \/><span style=\"font-weight: 400;\"><\/span><span style=\"font-weight: 400;\">&#8211; Poprawy wynik\u00f3w ekonomicznych i jako\u015bciowych gospodarstwa.<\/span><\/p><p><span style=\"font-weight: 400;\">Nasze produkty i koncepcje dostarczaj\u0105 wszystkie zasoby potrzebne do podejmowania szybkich decyzji i poprawy wydajno\u015bci zak\u0142adu oraz dobrostanu zwierz\u0105t.<\/span><\/p><p>[\/vc_column_text][\/vc_column][\/vc_row][vc_row][vc_column width=&#8221;1\/2&#8243;][vc_custom_heading text=&#8221;Nasza ##know-how##&#8221;][vc_column_text]<\/p><p><span style=\"font-weight: 400;\">Strategia i rozw\u00f3j naszego <\/span><i><span style=\"font-weight: 400;\">know-how<\/span><\/i><span style=\"font-weight: 400;\"> opieraj\u0105 si\u0119 na innowacji oraz wysoce komplementarnej dzia\u0142alno\u015bci sp\u00f3\u0142ek zale\u017cnych. Dzi\u0119ki temu podej\u015bciu \u0142\u0105czymy do\u015bwiadczenie w:<\/span><\/p><p><span style=\"font-weight: 400;\"><\/span><span style=\"font-weight: 400;\">&#8211; <\/span><span style=\"font-weight: 400;\">elektronice i elektryczno\u015bci,<\/span><br \/><span style=\"font-weight: 400;\"><\/span><span style=\"font-weight: 400;\">&#8211; obr\u00f3bce blach i przetw\u00f3rstwie tworzyw sztucznych<\/span><br \/><span style=\"font-weight: 400;\"><\/span><span style=\"font-weight: 400;\">&#8211; materia\u0142ach kompozytowych.<\/span><\/p><p><span style=\"font-weight: 400;\">To w\u0142a\u015bnie takie podej\u015bcie pozwoli\u0142o nam sta\u0107 si\u0119 pionierem i ekspertem w dziedzinie sprz\u0119tu, oferuj\u0105cym innowacyjne, dost\u0119pne i wysokowydajne technologie. Nasze biuro projektowe dzia\u0142a jako punkt kompleksowej obs\u0142ugi, opracowuj\u0105cy produkty Tuffigo Rapidex o uznanej niezawodno\u015bci, kt\u00f3re s\u0105 dystrybuowane przez zespo\u0142y sprzeda\u017cy we Francji i za granic\u0105. <\/span><\/p><p>[\/vc_column_text][\/vc_column][vc_column width=&#8221;1\/2&#8243;][vc_single_image image=&#8221;3463&#8243; img_size=&#8221;400&#215;300&#8243; alignment=&#8221;center&#8221; style=&#8221;vc_box_rounded&#8221;][\/vc_column][\/vc_row]<\/p>","protected":false},"excerpt":{"rendered":"<p>[vc_row][vc_column width=&#8221;1\/2&#8243;][vc_custom_heading text=&#8221;##Wizja##&#8221;][vc_column_text]Nasz\u0105 <span class=\"more\">...<\/span>","protected":false},"author":6,"featured_media":0,"parent":0,"menu_order":110,"comment_status":"closed","ping_status":"closed","template":"","meta":{"inline_featured_image":false},"acf":[],"yoast_head":"<!-- This site is optimized with the Yoast SEO plugin v21.3 - https:\/\/yoast.com\/wordpress\/plugins\/seo\/ -->\n<title>Nasze warto\u015bci, ambitne cele i wizja | Tuffigo Rapidex<\/title>\n<meta name=\"robots\" content=\"index, follow, max-snippet:-1, max-image-preview:large, max-video-preview:-1\" \/>\n<link rel=\"canonical\" href=\"https:\/\/tuffigorapidex.com\/pl\/nasze-wartosci-ambicje-wizja\/\" \/>\n<meta property=\"og:locale\" content=\"pl_PL\" \/>\n<meta property=\"og:type\" content=\"article\" \/>\n<meta property=\"og:title\" content=\"Nasze warto\u015bci, ambitne cele i wizja | Tuffigo Rapidex\" \/>\n<meta property=\"og:description\" content=\"[vc_row][vc_column width=&#8221;1\/2&#8243;][vc_custom_heading text=&#8221;##Wizja##&#8221;][vc_column_text]Nasz\u0105 ambicj\u0105 jest pomoc rolnikom na ca\u0142ym \u015bwiecie w sprostaniu ich wyzwaniom: zaspokojeniu potrzeb \u017cywno\u015bciowych 8 miliard\u00f3w ludzi\" \/>\n<meta property=\"og:url\" content=\"https:\/\/tuffigorapidex.com\/pl\/nasze-wartosci-ambicje-wizja\/\" \/>\n<meta property=\"og:site_name\" content=\"Tuffigo Rapidex\" \/>\n<meta property=\"article:publisher\" content=\"https:\/\/www.facebook.com\/tuffigorapidexsas\/\" \/>\n<meta property=\"article:modified_time\" content=\"2025-12-08T16:47:05+00:00\" \/>\n<meta property=\"og:image\" content=\"https:\/\/tuffigorapidex.com\/app\/uploads\/2023\/12\/TUFFIGO-logo.png\" \/>\n\t<meta property=\"og:image:width\" content=\"188\" \/>\n\t<meta property=\"og:image:height\" content=\"184\" \/>\n\t<meta property=\"og:image:type\" content=\"image\/png\" \/>\n<meta name=\"twitter:card\" content=\"summary_large_image\" \/>\n<meta name=\"twitter:label1\" content=\"Est. reading time\" \/>\n\t<meta name=\"twitter:data1\" content=\"2 minutes\" \/>\n<script type=\"application\/ld+json\" class=\"yoast-schema-graph\">{\"@context\":\"https:\/\/schema.org\",\"@graph\":[{\"@type\":\"WebPage\",\"@id\":\"https:\/\/tuffigorapidex.com\/pl\/nasze-wartosci-ambicje-wizja\/\",\"url\":\"https:\/\/tuffigorapidex.com\/pl\/nasze-wartosci-ambicje-wizja\/\",\"name\":\"Nasze warto\u015bci, ambitne cele i wizja | Tuffigo Rapidex\",\"isPartOf\":{\"@id\":\"https:\/\/tuffigorapidex.com\/pl\/#website\"},\"datePublished\":\"2025-08-06T10:22:44+00:00\",\"dateModified\":\"2025-12-08T16:47:05+00:00\",\"breadcrumb\":{\"@id\":\"https:\/\/tuffigorapidex.com\/pl\/nasze-wartosci-ambicje-wizja\/#breadcrumb\"},\"inLanguage\":\"pl-PL\",\"potentialAction\":[{\"@type\":\"ReadAction\",\"target\":[\"https:\/\/tuffigorapidex.com\/pl\/nasze-wartosci-ambicje-wizja\/\"]}]},{\"@type\":\"BreadcrumbList\",\"@id\":\"https:\/\/tuffigorapidex.com\/pl\/nasze-wartosci-ambicje-wizja\/#breadcrumb\",\"itemListElement\":[{\"@type\":\"ListItem\",\"position\":1,\"name\":\"Accueil\",\"item\":\"https:\/\/tuffigorapidex.com\/pl\/\"},{\"@type\":\"ListItem\",\"position\":2,\"name\":\"Nasze warto\u015bci, ambitne cele i wizja\"}]},{\"@type\":\"WebSite\",\"@id\":\"https:\/\/tuffigorapidex.com\/pl\/#website\",\"url\":\"https:\/\/tuffigorapidex.com\/pl\/\",\"name\":\"TUFFIGO RAPIDEX\",\"description\":\"Leader fran\u00e7ais des \u00e9quipements d&#039;\u00e9levage hors sol\",\"publisher\":{\"@id\":\"https:\/\/tuffigorapidex.com\/pl\/#organization\"},\"potentialAction\":[{\"@type\":\"SearchAction\",\"target\":{\"@type\":\"EntryPoint\",\"urlTemplate\":\"https:\/\/tuffigorapidex.com\/pl\/?s={search_term_string}\"},\"query-input\":\"required name=search_term_string\"}],\"inLanguage\":\"pl-PL\"},{\"@type\":\"Organization\",\"@id\":\"https:\/\/tuffigorapidex.com\/pl\/#organization\",\"name\":\"Tuffigo Rapidex\",\"url\":\"https:\/\/tuffigorapidex.com\/pl\/\",\"logo\":{\"@type\":\"ImageObject\",\"inLanguage\":\"pl-PL\",\"@id\":\"https:\/\/tuffigorapidex.com\/pl\/#\/schema\/logo\/image\/\",\"url\":\"https:\/\/tuffigorapidex.com\/app\/uploads\/2023\/12\/TUFFIGO-logo.png\",\"contentUrl\":\"https:\/\/tuffigorapidex.com\/app\/uploads\/2023\/12\/TUFFIGO-logo.png\",\"width\":188,\"height\":184,\"caption\":\"Tuffigo Rapidex\"},\"image\":{\"@id\":\"https:\/\/tuffigorapidex.com\/pl\/#\/schema\/logo\/image\/\"},\"sameAs\":[\"https:\/\/www.facebook.com\/tuffigorapidexsas\/\"]}]}<\/script>\n<!-- \/ Yoast SEO plugin. -->","yoast_head_json":{"title":"Nasze warto\u015bci, ambitne cele i wizja | Tuffigo Rapidex","robots":{"index":"index","follow":"follow","max-snippet":"max-snippet:-1","max-image-preview":"max-image-preview:large","max-video-preview":"max-video-preview:-1"},"canonical":"https:\/\/tuffigorapidex.com\/pl\/nasze-wartosci-ambicje-wizja\/","og_locale":"pl_PL","og_type":"article","og_title":"Nasze warto\u015bci, ambitne cele i wizja | Tuffigo Rapidex","og_description":"[vc_row][vc_column width=&#8221;1\/2&#8243;][vc_custom_heading text=&#8221;##Wizja##&#8221;][vc_column_text]Nasz\u0105 ambicj\u0105 jest pomoc rolnikom na ca\u0142ym \u015bwiecie w sprostaniu ich wyzwaniom: zaspokojeniu potrzeb \u017cywno\u015bciowych 8 miliard\u00f3w ludzi","og_url":"https:\/\/tuffigorapidex.com\/pl\/nasze-wartosci-ambicje-wizja\/","og_site_name":"Tuffigo Rapidex","article_publisher":"https:\/\/www.facebook.com\/tuffigorapidexsas\/","article_modified_time":"2025-12-08T16:47:05+00:00","og_image":[{"width":188,"height":184,"url":"https:\/\/tuffigorapidex.com\/app\/uploads\/2023\/12\/TUFFIGO-logo.png","type":"image\/png"}],"twitter_card":"summary_large_image","twitter_misc":{"Est. reading time":"2 minutes"},"schema":{"@context":"https:\/\/schema.org","@graph":[{"@type":"WebPage","@id":"https:\/\/tuffigorapidex.com\/pl\/nasze-wartosci-ambicje-wizja\/","url":"https:\/\/tuffigorapidex.com\/pl\/nasze-wartosci-ambicje-wizja\/","name":"Nasze warto\u015bci, ambitne cele i wizja | Tuffigo Rapidex","isPartOf":{"@id":"https:\/\/tuffigorapidex.com\/pl\/#website"},"datePublished":"2025-08-06T10:22:44+00:00","dateModified":"2025-12-08T16:47:05+00:00","breadcrumb":{"@id":"https:\/\/tuffigorapidex.com\/pl\/nasze-wartosci-ambicje-wizja\/#breadcrumb"},"inLanguage":"pl-PL","potentialAction":[{"@type":"ReadAction","target":["https:\/\/tuffigorapidex.com\/pl\/nasze-wartosci-ambicje-wizja\/"]}]},{"@type":"BreadcrumbList","@id":"https:\/\/tuffigorapidex.com\/pl\/nasze-wartosci-ambicje-wizja\/#breadcrumb","itemListElement":[{"@type":"ListItem","position":1,"name":"Accueil","item":"https:\/\/tuffigorapidex.com\/pl\/"},{"@type":"ListItem","position":2,"name":"Nasze warto\u015bci, ambitne cele i wizja"}]},{"@type":"WebSite","@id":"https:\/\/tuffigorapidex.com\/pl\/#website","url":"https:\/\/tuffigorapidex.com\/pl\/","name":"TUFFIGO RAPIDEX","description":"Leader fran\u00e7ais des \u00e9quipements d&#039;\u00e9levage hors sol","publisher":{"@id":"https:\/\/tuffigorapidex.com\/pl\/#organization"},"potentialAction":[{"@type":"SearchAction","target":{"@type":"EntryPoint","urlTemplate":"https:\/\/tuffigorapidex.com\/pl\/?s={search_term_string}"},"query-input":"required name=search_term_string"}],"inLanguage":"pl-PL"},{"@type":"Organization","@id":"https:\/\/tuffigorapidex.com\/pl\/#organization","name":"Tuffigo Rapidex","url":"https:\/\/tuffigorapidex.com\/pl\/","logo":{"@type":"ImageObject","inLanguage":"pl-PL","@id":"https:\/\/tuffigorapidex.com\/pl\/#\/schema\/logo\/image\/","url":"https:\/\/tuffigorapidex.com\/app\/uploads\/2023\/12\/TUFFIGO-logo.png","contentUrl":"https:\/\/tuffigorapidex.com\/app\/uploads\/2023\/12\/TUFFIGO-logo.png","width":188,"height":184,"caption":"Tuffigo Rapidex"},"image":{"@id":"https:\/\/tuffigorapidex.com\/pl\/#\/schema\/logo\/image\/"},"sameAs":["https:\/\/www.facebook.com\/tuffigorapidexsas\/"]}]}},"_links":{"self":[{"href":"https:\/\/tuffigorapidex.com\/pl\/wp-json\/wp\/v2\/pages\/6376"}],"collection":[{"href":"https:\/\/tuffigorapidex.com\/pl\/wp-json\/wp\/v2\/pages"}],"about":[{"href":"https:\/\/tuffigorapidex.com\/pl\/wp-json\/wp\/v2\/types\/page"}],"author":[{"embeddable":true,"href":"https:\/\/tuffigorapidex.com\/pl\/wp-json\/wp\/v2\/users\/6"}],"replies":[{"embeddable":true,"href":"https:\/\/tuffigorapidex.com\/pl\/wp-json\/wp\/v2\/comments?post=6376"}],"version-history":[{"count":7,"href":"https:\/\/tuffigorapidex.com\/pl\/wp-json\/wp\/v2\/pages\/6376\/revisions"}],"predecessor-version":[{"id":8571,"href":"https:\/\/tuffigorapidex.com\/pl\/wp-json\/wp\/v2\/pages\/6376\/revisions\/8571"}],"wp:attachment":[{"href":"https:\/\/tuffigorapidex.com\/pl\/wp-json\/wp\/v2\/media?parent=6376"}],"curies":[{"name":"wp","href":"https:\/\/api.w.org\/{rel}","templated":true}]}}