{"id":6829,"date":"2022-07-21T13:20:34","date_gmt":"2022-07-21T13:20:34","guid":{"rendered":"https:\/\/tuffigorapidex.com\/rozwiazanie-wedlug-gatunku\/drob\/drob-nosny\/ventilation\/"},"modified":"2025-12-11T09:58:44","modified_gmt":"2025-12-11T09:58:44","slug":"wentylacja","status":"publish","type":"page","link":"https:\/\/tuffigorapidex.com\/pl\/rozwiazanie-wedlug-gatunku\/drob\/drob-nosny\/wentylacja\/","title":{"rendered":"Wentylacja"},"content":{"rendered":"<p>[vc_row][vc_column width=&#8221;1\/4&#8243;][\/vc_column][vc_column width=&#8221;1\/2&#8243;][vc_column_text]<\/p><p style=\"text-align: left;\"><strong>Wentylacja Tuffigo Rapidex zapewnia pe\u0142n\u0105 kontrol\u0119 \u015brodowiska wewn\u0119trznego, kluczow\u0105 dla optymalizacji wzrostu i wydajno\u015bci zwierz\u0105t<\/strong><\/p><div><ul><li>Zarz\u0105dzanie wydajno\u015bci\u0105 24\/7<\/li><li>Wymiana powietrza w budynkach dostosowana do bie\u017c\u0105cych z potrzeb zwierz\u0105t<\/li><li>Odci\u0105ganie ci\u0119\u017ckich gaz\u00f3w (NH3 i CO2), ograniczenie warstwy powietrza i zapewnienie jednorodnej atmosfery<\/li><li>Kontrola wilgotno\u015bci, jako\u015bci \u015bci\u00f3\u0142ki i zarz\u0105dzanie temperatur\u0105 zgodnie z potrzebami zwierz\u0105t oraz klimatem zewn\u0119trznym<\/li><\/ul><\/div><p>[\/vc_column_text][\/vc_column][vc_column width=&#8221;1\/4&#8243;][\/vc_column][\/vc_row][vc_row][vc_column][vc_column_text]<\/p><p style=\"text-align: center;\"><span style=\"color: #ffffff; font-size: 0.1em;\">trappe KanAir 2L, Chemin\u00e9e d\u2019entr\u00e9e d\u2019air AirIn\/AirInMix, Treuil Mono tour, Turbines TR \/ TNR, turbine EM50, Ventilateurs EC Blue, Activ\u2019AIR<\/span><\/p><p>[\/vc_column_text][\/vc_column][\/vc_row]<\/p>","protected":false},"excerpt":{"rendered":"<p>[vc_row][vc_column width=&#8221;1\/4&#8243;][\/vc_column][vc_column width=&#8221;1\/2&#8243;][vc_column_text]Wentylacja <span class=\"more\">...<\/span>","protected":false},"author":6,"featured_media":0,"parent":6424,"menu_order":23,"comment_status":"closed","ping_status":"closed","template":"views\/template-produit.blade.php","meta":{"inline_featured_image":false},"acf":[],"yoast_head":"<!-- This site is optimized with the Yoast SEO plugin v21.3 - https:\/\/yoast.com\/wordpress\/plugins\/seo\/ -->\n<title>Wentylacja | Tuffigo Rapidex<\/title>\n<meta name=\"robots\" content=\"index, follow, max-snippet:-1, max-image-preview:large, max-video-preview:-1\" \/>\n<link rel=\"canonical\" href=\"https:\/\/tuffigorapidex.com\/pl\/rozwiazanie-wedlug-gatunku\/drob\/drob-nosny\/wentylacja\/\" \/>\n<meta property=\"og:locale\" content=\"pl_PL\" \/>\n<meta property=\"og:type\" content=\"article\" \/>\n<meta property=\"og:title\" content=\"Wentylacja | Tuffigo Rapidex\" \/>\n<meta property=\"og:description\" content=\"[vc_row][vc_column width=&#8221;1\/4&#8243;][\/vc_column][vc_column width=&#8221;1\/2&#8243;][vc_column_text]Wentylacja Tuffigo Rapidex zapewnia pe\u0142n\u0105 kontrol\u0119 \u015brodowiska wewn\u0119trznego, kluczow\u0105 dla optymalizacji wzrostu i wydajno\u015bci zwierz\u0105tZarz\u0105dzanie wydajno\u015bci\u0105 24\/7Wymiana powietrza\" \/>\n<meta property=\"og:url\" content=\"https:\/\/tuffigorapidex.com\/pl\/rozwiazanie-wedlug-gatunku\/drob\/drob-nosny\/wentylacja\/\" \/>\n<meta property=\"og:site_name\" content=\"Tuffigo Rapidex\" \/>\n<meta property=\"article:publisher\" content=\"https:\/\/www.facebook.com\/tuffigorapidexsas\/\" \/>\n<meta property=\"article:modified_time\" content=\"2025-12-11T09:58:44+00:00\" \/>\n<meta property=\"og:image\" content=\"https:\/\/tuffigorapidex.com\/app\/uploads\/2023\/12\/TUFFIGO-logo.png\" \/>\n\t<meta property=\"og:image:width\" content=\"188\" \/>\n\t<meta property=\"og:image:height\" content=\"184\" \/>\n\t<meta property=\"og:image:type\" content=\"image\/png\" \/>\n<meta name=\"twitter:card\" content=\"summary_large_image\" \/>\n<meta name=\"twitter:label1\" content=\"Est. reading time\" \/>\n\t<meta name=\"twitter:data1\" content=\"1 minute\" \/>\n<script type=\"application\/ld+json\" class=\"yoast-schema-graph\">{\"@context\":\"https:\/\/schema.org\",\"@graph\":[{\"@type\":\"WebPage\",\"@id\":\"https:\/\/tuffigorapidex.com\/pl\/rozwiazanie-wedlug-gatunku\/drob\/drob-nosny\/wentylacja\/\",\"url\":\"https:\/\/tuffigorapidex.com\/pl\/rozwiazanie-wedlug-gatunku\/drob\/drob-nosny\/wentylacja\/\",\"name\":\"Wentylacja | Tuffigo Rapidex\",\"isPartOf\":{\"@id\":\"https:\/\/tuffigorapidex.com\/pl\/#website\"},\"datePublished\":\"2022-07-21T13:20:34+00:00\",\"dateModified\":\"2025-12-11T09:58:44+00:00\",\"breadcrumb\":{\"@id\":\"https:\/\/tuffigorapidex.com\/pl\/rozwiazanie-wedlug-gatunku\/drob\/drob-nosny\/wentylacja\/#breadcrumb\"},\"inLanguage\":\"pl-PL\",\"potentialAction\":[{\"@type\":\"ReadAction\",\"target\":[\"https:\/\/tuffigorapidex.com\/pl\/rozwiazanie-wedlug-gatunku\/drob\/drob-nosny\/wentylacja\/\"]}]},{\"@type\":\"BreadcrumbList\",\"@id\":\"https:\/\/tuffigorapidex.com\/pl\/rozwiazanie-wedlug-gatunku\/drob\/drob-nosny\/wentylacja\/#breadcrumb\",\"itemListElement\":[{\"@type\":\"ListItem\",\"position\":1,\"name\":\"Accueil\",\"item\":\"https:\/\/tuffigorapidex.com\/pl\/\"},{\"@type\":\"ListItem\",\"position\":2,\"name\":\"Rozwi\u0105zania dla poszczeg\u00f3lnych gatunk\u00f3w\",\"item\":\"https:\/\/tuffigorapidex.com\/pl\/rozwiazanie-wedlug-gatunku\/\"},{\"@type\":\"ListItem\",\"position\":3,\"name\":\"Dr\u00f3b\",\"item\":\"https:\/\/tuffigorapidex.com\/pl\/rozwiazanie-wedlug-gatunku\/drob\/\"},{\"@type\":\"ListItem\",\"position\":4,\"name\":\"Dr\u00f3b no\u015bny\",\"item\":\"https:\/\/tuffigorapidex.com\/pl\/rozwiazanie-wedlug-gatunku\/drob\/drob-nosny\/\"},{\"@type\":\"ListItem\",\"position\":5,\"name\":\"Wentylacja\"}]},{\"@type\":\"WebSite\",\"@id\":\"https:\/\/tuffigorapidex.com\/pl\/#website\",\"url\":\"https:\/\/tuffigorapidex.com\/pl\/\",\"name\":\"TUFFIGO RAPIDEX\",\"description\":\"Leader fran\u00e7ais des \u00e9quipements d&#039;\u00e9levage hors sol\",\"publisher\":{\"@id\":\"https:\/\/tuffigorapidex.com\/pl\/#organization\"},\"potentialAction\":[{\"@type\":\"SearchAction\",\"target\":{\"@type\":\"EntryPoint\",\"urlTemplate\":\"https:\/\/tuffigorapidex.com\/pl\/?s={search_term_string}\"},\"query-input\":\"required name=search_term_string\"}],\"inLanguage\":\"pl-PL\"},{\"@type\":\"Organization\",\"@id\":\"https:\/\/tuffigorapidex.com\/pl\/#organization\",\"name\":\"Tuffigo Rapidex\",\"url\":\"https:\/\/tuffigorapidex.com\/pl\/\",\"logo\":{\"@type\":\"ImageObject\",\"inLanguage\":\"pl-PL\",\"@id\":\"https:\/\/tuffigorapidex.com\/pl\/#\/schema\/logo\/image\/\",\"url\":\"https:\/\/tuffigorapidex.com\/app\/uploads\/2023\/12\/TUFFIGO-logo.png\",\"contentUrl\":\"https:\/\/tuffigorapidex.com\/app\/uploads\/2023\/12\/TUFFIGO-logo.png\",\"width\":188,\"height\":184,\"caption\":\"Tuffigo Rapidex\"},\"image\":{\"@id\":\"https:\/\/tuffigorapidex.com\/pl\/#\/schema\/logo\/image\/\"},\"sameAs\":[\"https:\/\/www.facebook.com\/tuffigorapidexsas\/\"]}]}<\/script>\n<!-- \/ Yoast SEO plugin. -->","yoast_head_json":{"title":"Wentylacja | Tuffigo Rapidex","robots":{"index":"index","follow":"follow","max-snippet":"max-snippet:-1","max-image-preview":"max-image-preview:large","max-video-preview":"max-video-preview:-1"},"canonical":"https:\/\/tuffigorapidex.com\/pl\/rozwiazanie-wedlug-gatunku\/drob\/drob-nosny\/wentylacja\/","og_locale":"pl_PL","og_type":"article","og_title":"Wentylacja | Tuffigo Rapidex","og_description":"[vc_row][vc_column width=&#8221;1\/4&#8243;][\/vc_column][vc_column width=&#8221;1\/2&#8243;][vc_column_text]Wentylacja Tuffigo Rapidex zapewnia pe\u0142n\u0105 kontrol\u0119 \u015brodowiska wewn\u0119trznego, kluczow\u0105 dla optymalizacji wzrostu i wydajno\u015bci zwierz\u0105tZarz\u0105dzanie wydajno\u015bci\u0105 24\/7Wymiana powietrza","og_url":"https:\/\/tuffigorapidex.com\/pl\/rozwiazanie-wedlug-gatunku\/drob\/drob-nosny\/wentylacja\/","og_site_name":"Tuffigo Rapidex","article_publisher":"https:\/\/www.facebook.com\/tuffigorapidexsas\/","article_modified_time":"2025-12-11T09:58:44+00:00","og_image":[{"width":188,"height":184,"url":"https:\/\/tuffigorapidex.com\/app\/uploads\/2023\/12\/TUFFIGO-logo.png","type":"image\/png"}],"twitter_card":"summary_large_image","twitter_misc":{"Est. reading time":"1 minute"},"schema":{"@context":"https:\/\/schema.org","@graph":[{"@type":"WebPage","@id":"https:\/\/tuffigorapidex.com\/pl\/rozwiazanie-wedlug-gatunku\/drob\/drob-nosny\/wentylacja\/","url":"https:\/\/tuffigorapidex.com\/pl\/rozwiazanie-wedlug-gatunku\/drob\/drob-nosny\/wentylacja\/","name":"Wentylacja | Tuffigo Rapidex","isPartOf":{"@id":"https:\/\/tuffigorapidex.com\/pl\/#website"},"datePublished":"2022-07-21T13:20:34+00:00","dateModified":"2025-12-11T09:58:44+00:00","breadcrumb":{"@id":"https:\/\/tuffigorapidex.com\/pl\/rozwiazanie-wedlug-gatunku\/drob\/drob-nosny\/wentylacja\/#breadcrumb"},"inLanguage":"pl-PL","potentialAction":[{"@type":"ReadAction","target":["https:\/\/tuffigorapidex.com\/pl\/rozwiazanie-wedlug-gatunku\/drob\/drob-nosny\/wentylacja\/"]}]},{"@type":"BreadcrumbList","@id":"https:\/\/tuffigorapidex.com\/pl\/rozwiazanie-wedlug-gatunku\/drob\/drob-nosny\/wentylacja\/#breadcrumb","itemListElement":[{"@type":"ListItem","position":1,"name":"Accueil","item":"https:\/\/tuffigorapidex.com\/pl\/"},{"@type":"ListItem","position":2,"name":"Rozwi\u0105zania dla poszczeg\u00f3lnych gatunk\u00f3w","item":"https:\/\/tuffigorapidex.com\/pl\/rozwiazanie-wedlug-gatunku\/"},{"@type":"ListItem","position":3,"name":"Dr\u00f3b","item":"https:\/\/tuffigorapidex.com\/pl\/rozwiazanie-wedlug-gatunku\/drob\/"},{"@type":"ListItem","position":4,"name":"Dr\u00f3b no\u015bny","item":"https:\/\/tuffigorapidex.com\/pl\/rozwiazanie-wedlug-gatunku\/drob\/drob-nosny\/"},{"@type":"ListItem","position":5,"name":"Wentylacja"}]},{"@type":"WebSite","@id":"https:\/\/tuffigorapidex.com\/pl\/#website","url":"https:\/\/tuffigorapidex.com\/pl\/","name":"TUFFIGO RAPIDEX","description":"Leader fran\u00e7ais des \u00e9quipements d&#039;\u00e9levage hors sol","publisher":{"@id":"https:\/\/tuffigorapidex.com\/pl\/#organization"},"potentialAction":[{"@type":"SearchAction","target":{"@type":"EntryPoint","urlTemplate":"https:\/\/tuffigorapidex.com\/pl\/?s={search_term_string}"},"query-input":"required name=search_term_string"}],"inLanguage":"pl-PL"},{"@type":"Organization","@id":"https:\/\/tuffigorapidex.com\/pl\/#organization","name":"Tuffigo Rapidex","url":"https:\/\/tuffigorapidex.com\/pl\/","logo":{"@type":"ImageObject","inLanguage":"pl-PL","@id":"https:\/\/tuffigorapidex.com\/pl\/#\/schema\/logo\/image\/","url":"https:\/\/tuffigorapidex.com\/app\/uploads\/2023\/12\/TUFFIGO-logo.png","contentUrl":"https:\/\/tuffigorapidex.com\/app\/uploads\/2023\/12\/TUFFIGO-logo.png","width":188,"height":184,"caption":"Tuffigo Rapidex"},"image":{"@id":"https:\/\/tuffigorapidex.com\/pl\/#\/schema\/logo\/image\/"},"sameAs":["https:\/\/www.facebook.com\/tuffigorapidexsas\/"]}]}},"_links":{"self":[{"href":"https:\/\/tuffigorapidex.com\/pl\/wp-json\/wp\/v2\/pages\/6829"}],"collection":[{"href":"https:\/\/tuffigorapidex.com\/pl\/wp-json\/wp\/v2\/pages"}],"about":[{"href":"https:\/\/tuffigorapidex.com\/pl\/wp-json\/wp\/v2\/types\/page"}],"author":[{"embeddable":true,"href":"https:\/\/tuffigorapidex.com\/pl\/wp-json\/wp\/v2\/users\/6"}],"replies":[{"embeddable":true,"href":"https:\/\/tuffigorapidex.com\/pl\/wp-json\/wp\/v2\/comments?post=6829"}],"version-history":[{"count":9,"href":"https:\/\/tuffigorapidex.com\/pl\/wp-json\/wp\/v2\/pages\/6829\/revisions"}],"predecessor-version":[{"id":8636,"href":"https:\/\/tuffigorapidex.com\/pl\/wp-json\/wp\/v2\/pages\/6829\/revisions\/8636"}],"up":[{"embeddable":true,"href":"https:\/\/tuffigorapidex.com\/pl\/wp-json\/wp\/v2\/pages\/6424"}],"wp:attachment":[{"href":"https:\/\/tuffigorapidex.com\/pl\/wp-json\/wp\/v2\/media?parent=6829"}],"curies":[{"name":"wp","href":"https:\/\/api.w.org\/{rel}","templated":true}]}}