{"id":6918,"date":"2022-07-22T08:14:24","date_gmt":"2022-07-22T08:14:24","guid":{"rendered":"https:\/\/tuffigorapidex.com\/rozwiazanie-wedlug-gatunku\/drob\/label_a_traduire\/alimentation\/"},"modified":"2025-12-11T08:54:10","modified_gmt":"2025-12-11T08:54:10","slug":"wyzywienie","status":"publish","type":"page","link":"https:\/\/tuffigorapidex.com\/pl\/rozwiazanie-wedlug-gatunku\/drob\/label_a_traduire\/wyzywienie\/","title":{"rendered":"Zarz\u0105dzanie \u017cywieniem"},"content":{"rendered":"<p>[vc_row][vc_column width=&#8221;1\/3&#8243;][\/vc_column][vc_column width=&#8221;1\/3&#8243;][vc_column_text]<\/p><p><strong>Efektywne zarz\u0105dzanie pasz\u0105 dla zwierz\u0105t i optymalizacja koszt\u00f3w produkcji<\/strong><\/p><ul><li>Wprowadzanie i\/lub produkcja pasz dla inwentarza \u017cywego<\/li><li>Bezpieczne magazynowanie i dystrybucja paszy<\/li><li>Dostosowanie dystrybucji karmy do wymaga\u0144 danego gatunku<\/li><li>Minimalizacja strat niewykorzystanej paszy<\/li><\/ul><p>[\/vc_column_text][\/vc_column][vc_column width=&#8221;1\/3&#8243;][\/vc_column][\/vc_row][vc_row][vc_column][vc_column_text]<\/p><p style=\"text-align: center;\"><span style=\"color: #ffffff; font-size: 0.1em;\">Silo Polyester, Peson sous Silo, LABELplus<\/span><\/p><p>[\/vc_column_text][\/vc_column][\/vc_row]<\/p>","protected":false},"excerpt":{"rendered":"<p>[vc_row][vc_column width=&#8221;1\/3&#8243;][\/vc_column][vc_column width=&#8221;1\/3&#8243;][vc_column_text]Efektywne <span class=\"more\">...<\/span>","protected":false},"author":6,"featured_media":0,"parent":6455,"menu_order":25,"comment_status":"closed","ping_status":"closed","template":"views\/template-produit.blade.php","meta":{"inline_featured_image":false},"acf":[],"yoast_head":"<!-- This site is optimized with the Yoast SEO plugin v21.3 - https:\/\/yoast.com\/wordpress\/plugins\/seo\/ -->\n<title>Zarz\u0105dzanie \u017cywieniem | Tuffigo Rapidex<\/title>\n<meta name=\"robots\" content=\"index, follow, max-snippet:-1, max-image-preview:large, max-video-preview:-1\" \/>\n<link rel=\"canonical\" href=\"https:\/\/tuffigorapidex.com\/pl\/rozwiazanie-wedlug-gatunku\/drob\/label_a_traduire\/wyzywienie\/\" \/>\n<meta property=\"og:locale\" content=\"pl_PL\" \/>\n<meta property=\"og:type\" content=\"article\" \/>\n<meta property=\"og:title\" content=\"Zarz\u0105dzanie \u017cywieniem | Tuffigo Rapidex\" \/>\n<meta property=\"og:description\" content=\"[vc_row][vc_column width=&#8221;1\/3&#8243;][\/vc_column][vc_column width=&#8221;1\/3&#8243;][vc_column_text]Efektywne zarz\u0105dzanie pasz\u0105 dla zwierz\u0105t i optymalizacja koszt\u00f3w produkcjiWprowadzanie i\/lub produkcja pasz dla inwentarza \u017cywegoBezpieczne magazynowanie i dystrybucja\" \/>\n<meta property=\"og:url\" content=\"https:\/\/tuffigorapidex.com\/pl\/rozwiazanie-wedlug-gatunku\/drob\/label_a_traduire\/wyzywienie\/\" \/>\n<meta property=\"og:site_name\" content=\"Tuffigo Rapidex\" \/>\n<meta property=\"article:publisher\" content=\"https:\/\/www.facebook.com\/tuffigorapidexsas\/\" \/>\n<meta property=\"article:modified_time\" content=\"2025-12-11T08:54:10+00:00\" \/>\n<meta property=\"og:image\" content=\"https:\/\/tuffigorapidex.com\/app\/uploads\/2023\/12\/TUFFIGO-logo.png\" \/>\n\t<meta property=\"og:image:width\" content=\"188\" \/>\n\t<meta property=\"og:image:height\" content=\"184\" \/>\n\t<meta property=\"og:image:type\" content=\"image\/png\" \/>\n<meta name=\"twitter:card\" content=\"summary_large_image\" \/>\n<meta name=\"twitter:label1\" content=\"Est. reading time\" \/>\n\t<meta name=\"twitter:data1\" content=\"1 minute\" \/>\n<script type=\"application\/ld+json\" class=\"yoast-schema-graph\">{\"@context\":\"https:\/\/schema.org\",\"@graph\":[{\"@type\":\"WebPage\",\"@id\":\"https:\/\/tuffigorapidex.com\/pl\/rozwiazanie-wedlug-gatunku\/drob\/label_a_traduire\/wyzywienie\/\",\"url\":\"https:\/\/tuffigorapidex.com\/pl\/rozwiazanie-wedlug-gatunku\/drob\/label_a_traduire\/wyzywienie\/\",\"name\":\"Zarz\u0105dzanie \u017cywieniem | Tuffigo Rapidex\",\"isPartOf\":{\"@id\":\"https:\/\/tuffigorapidex.com\/pl\/#website\"},\"datePublished\":\"2022-07-22T08:14:24+00:00\",\"dateModified\":\"2025-12-11T08:54:10+00:00\",\"breadcrumb\":{\"@id\":\"https:\/\/tuffigorapidex.com\/pl\/rozwiazanie-wedlug-gatunku\/drob\/label_a_traduire\/wyzywienie\/#breadcrumb\"},\"inLanguage\":\"pl-PL\",\"potentialAction\":[{\"@type\":\"ReadAction\",\"target\":[\"https:\/\/tuffigorapidex.com\/pl\/rozwiazanie-wedlug-gatunku\/drob\/label_a_traduire\/wyzywienie\/\"]}]},{\"@type\":\"BreadcrumbList\",\"@id\":\"https:\/\/tuffigorapidex.com\/pl\/rozwiazanie-wedlug-gatunku\/drob\/label_a_traduire\/wyzywienie\/#breadcrumb\",\"itemListElement\":[{\"@type\":\"ListItem\",\"position\":1,\"name\":\"Accueil\",\"item\":\"https:\/\/tuffigorapidex.com\/pl\/\"},{\"@type\":\"ListItem\",\"position\":2,\"name\":\"Rozwi\u0105zania dla poszczeg\u00f3lnych gatunk\u00f3w\",\"item\":\"https:\/\/tuffigorapidex.com\/pl\/rozwiazanie-wedlug-gatunku\/\"},{\"@type\":\"ListItem\",\"position\":3,\"name\":\"Dr\u00f3b\",\"item\":\"https:\/\/tuffigorapidex.com\/pl\/rozwiazanie-wedlug-gatunku\/drob\/\"},{\"@type\":\"ListItem\",\"position\":4,\"name\":\"Label_a_traduire\",\"item\":\"https:\/\/tuffigorapidex.com\/pl\/rozwiazanie-wedlug-gatunku\/drob\/label_a_traduire\/\"},{\"@type\":\"ListItem\",\"position\":5,\"name\":\"Zarz\u0105dzanie \u017cywieniem\"}]},{\"@type\":\"WebSite\",\"@id\":\"https:\/\/tuffigorapidex.com\/pl\/#website\",\"url\":\"https:\/\/tuffigorapidex.com\/pl\/\",\"name\":\"TUFFIGO RAPIDEX\",\"description\":\"Leader fran\u00e7ais des \u00e9quipements d&#039;\u00e9levage hors sol\",\"publisher\":{\"@id\":\"https:\/\/tuffigorapidex.com\/pl\/#organization\"},\"potentialAction\":[{\"@type\":\"SearchAction\",\"target\":{\"@type\":\"EntryPoint\",\"urlTemplate\":\"https:\/\/tuffigorapidex.com\/pl\/?s={search_term_string}\"},\"query-input\":\"required name=search_term_string\"}],\"inLanguage\":\"pl-PL\"},{\"@type\":\"Organization\",\"@id\":\"https:\/\/tuffigorapidex.com\/pl\/#organization\",\"name\":\"Tuffigo Rapidex\",\"url\":\"https:\/\/tuffigorapidex.com\/pl\/\",\"logo\":{\"@type\":\"ImageObject\",\"inLanguage\":\"pl-PL\",\"@id\":\"https:\/\/tuffigorapidex.com\/pl\/#\/schema\/logo\/image\/\",\"url\":\"https:\/\/tuffigorapidex.com\/app\/uploads\/2023\/12\/TUFFIGO-logo.png\",\"contentUrl\":\"https:\/\/tuffigorapidex.com\/app\/uploads\/2023\/12\/TUFFIGO-logo.png\",\"width\":188,\"height\":184,\"caption\":\"Tuffigo Rapidex\"},\"image\":{\"@id\":\"https:\/\/tuffigorapidex.com\/pl\/#\/schema\/logo\/image\/\"},\"sameAs\":[\"https:\/\/www.facebook.com\/tuffigorapidexsas\/\"]}]}<\/script>\n<!-- \/ Yoast SEO plugin. -->","yoast_head_json":{"title":"Zarz\u0105dzanie \u017cywieniem | Tuffigo Rapidex","robots":{"index":"index","follow":"follow","max-snippet":"max-snippet:-1","max-image-preview":"max-image-preview:large","max-video-preview":"max-video-preview:-1"},"canonical":"https:\/\/tuffigorapidex.com\/pl\/rozwiazanie-wedlug-gatunku\/drob\/label_a_traduire\/wyzywienie\/","og_locale":"pl_PL","og_type":"article","og_title":"Zarz\u0105dzanie \u017cywieniem | Tuffigo Rapidex","og_description":"[vc_row][vc_column width=&#8221;1\/3&#8243;][\/vc_column][vc_column width=&#8221;1\/3&#8243;][vc_column_text]Efektywne zarz\u0105dzanie pasz\u0105 dla zwierz\u0105t i optymalizacja koszt\u00f3w produkcjiWprowadzanie i\/lub produkcja pasz dla inwentarza \u017cywegoBezpieczne magazynowanie i dystrybucja","og_url":"https:\/\/tuffigorapidex.com\/pl\/rozwiazanie-wedlug-gatunku\/drob\/label_a_traduire\/wyzywienie\/","og_site_name":"Tuffigo Rapidex","article_publisher":"https:\/\/www.facebook.com\/tuffigorapidexsas\/","article_modified_time":"2025-12-11T08:54:10+00:00","og_image":[{"width":188,"height":184,"url":"https:\/\/tuffigorapidex.com\/app\/uploads\/2023\/12\/TUFFIGO-logo.png","type":"image\/png"}],"twitter_card":"summary_large_image","twitter_misc":{"Est. reading time":"1 minute"},"schema":{"@context":"https:\/\/schema.org","@graph":[{"@type":"WebPage","@id":"https:\/\/tuffigorapidex.com\/pl\/rozwiazanie-wedlug-gatunku\/drob\/label_a_traduire\/wyzywienie\/","url":"https:\/\/tuffigorapidex.com\/pl\/rozwiazanie-wedlug-gatunku\/drob\/label_a_traduire\/wyzywienie\/","name":"Zarz\u0105dzanie \u017cywieniem | Tuffigo Rapidex","isPartOf":{"@id":"https:\/\/tuffigorapidex.com\/pl\/#website"},"datePublished":"2022-07-22T08:14:24+00:00","dateModified":"2025-12-11T08:54:10+00:00","breadcrumb":{"@id":"https:\/\/tuffigorapidex.com\/pl\/rozwiazanie-wedlug-gatunku\/drob\/label_a_traduire\/wyzywienie\/#breadcrumb"},"inLanguage":"pl-PL","potentialAction":[{"@type":"ReadAction","target":["https:\/\/tuffigorapidex.com\/pl\/rozwiazanie-wedlug-gatunku\/drob\/label_a_traduire\/wyzywienie\/"]}]},{"@type":"BreadcrumbList","@id":"https:\/\/tuffigorapidex.com\/pl\/rozwiazanie-wedlug-gatunku\/drob\/label_a_traduire\/wyzywienie\/#breadcrumb","itemListElement":[{"@type":"ListItem","position":1,"name":"Accueil","item":"https:\/\/tuffigorapidex.com\/pl\/"},{"@type":"ListItem","position":2,"name":"Rozwi\u0105zania dla poszczeg\u00f3lnych gatunk\u00f3w","item":"https:\/\/tuffigorapidex.com\/pl\/rozwiazanie-wedlug-gatunku\/"},{"@type":"ListItem","position":3,"name":"Dr\u00f3b","item":"https:\/\/tuffigorapidex.com\/pl\/rozwiazanie-wedlug-gatunku\/drob\/"},{"@type":"ListItem","position":4,"name":"Label_a_traduire","item":"https:\/\/tuffigorapidex.com\/pl\/rozwiazanie-wedlug-gatunku\/drob\/label_a_traduire\/"},{"@type":"ListItem","position":5,"name":"Zarz\u0105dzanie \u017cywieniem"}]},{"@type":"WebSite","@id":"https:\/\/tuffigorapidex.com\/pl\/#website","url":"https:\/\/tuffigorapidex.com\/pl\/","name":"TUFFIGO RAPIDEX","description":"Leader fran\u00e7ais des \u00e9quipements d&#039;\u00e9levage hors sol","publisher":{"@id":"https:\/\/tuffigorapidex.com\/pl\/#organization"},"potentialAction":[{"@type":"SearchAction","target":{"@type":"EntryPoint","urlTemplate":"https:\/\/tuffigorapidex.com\/pl\/?s={search_term_string}"},"query-input":"required name=search_term_string"}],"inLanguage":"pl-PL"},{"@type":"Organization","@id":"https:\/\/tuffigorapidex.com\/pl\/#organization","name":"Tuffigo Rapidex","url":"https:\/\/tuffigorapidex.com\/pl\/","logo":{"@type":"ImageObject","inLanguage":"pl-PL","@id":"https:\/\/tuffigorapidex.com\/pl\/#\/schema\/logo\/image\/","url":"https:\/\/tuffigorapidex.com\/app\/uploads\/2023\/12\/TUFFIGO-logo.png","contentUrl":"https:\/\/tuffigorapidex.com\/app\/uploads\/2023\/12\/TUFFIGO-logo.png","width":188,"height":184,"caption":"Tuffigo Rapidex"},"image":{"@id":"https:\/\/tuffigorapidex.com\/pl\/#\/schema\/logo\/image\/"},"sameAs":["https:\/\/www.facebook.com\/tuffigorapidexsas\/"]}]}},"_links":{"self":[{"href":"https:\/\/tuffigorapidex.com\/pl\/wp-json\/wp\/v2\/pages\/6918"}],"collection":[{"href":"https:\/\/tuffigorapidex.com\/pl\/wp-json\/wp\/v2\/pages"}],"about":[{"href":"https:\/\/tuffigorapidex.com\/pl\/wp-json\/wp\/v2\/types\/page"}],"author":[{"embeddable":true,"href":"https:\/\/tuffigorapidex.com\/pl\/wp-json\/wp\/v2\/users\/6"}],"replies":[{"embeddable":true,"href":"https:\/\/tuffigorapidex.com\/pl\/wp-json\/wp\/v2\/comments?post=6918"}],"version-history":[{"count":5,"href":"https:\/\/tuffigorapidex.com\/pl\/wp-json\/wp\/v2\/pages\/6918\/revisions"}],"predecessor-version":[{"id":8626,"href":"https:\/\/tuffigorapidex.com\/pl\/wp-json\/wp\/v2\/pages\/6918\/revisions\/8626"}],"up":[{"embeddable":true,"href":"https:\/\/tuffigorapidex.com\/pl\/wp-json\/wp\/v2\/pages\/6455"}],"wp:attachment":[{"href":"https:\/\/tuffigorapidex.com\/pl\/wp-json\/wp\/v2\/media?parent=6918"}],"curies":[{"name":"wp","href":"https:\/\/api.w.org\/{rel}","templated":true}]}}